{"id":1260059354,"date":"2022-01-14T02:05:37","date_gmt":"2022-01-14T02:05:37","guid":{"rendered":"https:\/\/myindustrial.eu\/shop-2\/maaratlemata\/kraana-juhtseade-kst31-poorlev\/"},"modified":"2023-06-16T20:02:44","modified_gmt":"2023-06-16T20:02:44","slug":"kraana-juhtseade-kst31-poorlev","status":"publish","type":"product","link":"https:\/\/myindustrial.eu\/et\/shop\/toostuskontrollerid-juhtkangid-ja-konsoolid\/kraana-juhtseadmed-seadmed\/kraana-juhtseadmed\/kraana-juhtseade-kst31-poorlev\/","title":{"rendered":"Kraana juhtseade KST31 p\u00f6\u00f6rlev"},"content":{"rendered":"<p>KST31 on ergonoomilise disainiga p\u00f6\u00f6ratav juhttool, mis pakub k\u00f5rget mugavust. Juhiistmele paigaldatud konsoolid, mis p\u00f6\u00f6rlevad koos istmega. Konsoolid saab paigutada nii, et need sobiksid ideaalselt igale inimesele pikkuse, k\u00f5rguse ja kalde reguleerimise abil. Standardversioon sisaldab:Plastkonsoolid v\u00f5ivad olla varustatud kohandatud juhtimis- ja n\u00e4idikuseadmetega.Mugav juhiiste KFS 11 on varustatud vedruga koormatud h\u00fcdraulilise vibratsiooni neeldumiss\u00fcsteemiga, sealhulgas kaalu reguleerimise, \u00f5hku l\u00e4bilaskva tekstiilkatte, k\u00e4etugede ja peatoega.Lehtterasest risttala kate koos juhiistmega on ettepoole kokkupandav. Seega on k\u00f5ik juhtmed, klemmid ja puksid kasutuselev\u00f5tu ja hoolduse ajal h\u00f5lpsasti k\u00e4ttesaadavad. P\u00f6\u00f6rdalusel on nulltolerantsi laagrid ja p\u00f6\u00f6rlemist saab lukustada 3 \u00b0 sammuga.<iframe width=\"560\" height=\"315\" src=\"https:\/\/www.youtube.com\/embed\/2zyjF_q6mxE\" frameborder=\"0\" allow=\"accelerometer; autoplay; clipboard-write; encrypted-media; gyroscope; picture-in-picture; web-share\" allowfullscreen><\/iframe> <iframe width=\"560\" height=\"315\" src=\"https:\/\/www.youtube.com\/embed\/KRS6p_rF2BY\" frameborder=\"0\" allow=\"accelerometer; autoplay; clipboard-write; encrypted-media; gyroscope; picture-in-picture; web-share\" allowfullscreen><\/iframe><\/p>\n","protected":false},"excerpt":{"rendered":"<p><a href=\"\/wp-content\/uploads\/gessmann\/KST31-GB.pdf\"><img decoding=\"async\" src=\"\/wp-content\/uploads\/2023\/02\/download-button-est.svg\" \/><\/a><\/p>\n","protected":false},"featured_media":1260057757,"template":"","meta":[],"product_brand":[],"product_cat":[1336],"product_tag":[],"class_list":{"0":"post-1260059354","1":"product","2":"type-product","3":"status-publish","4":"has-post-thumbnail","6":"product_cat-kraana-juhtseadmed","8":"first","9":"instock","10":"product-type-simple"},"yoast_head":"<!-- This site is optimized with the Yoast SEO plugin v27.1.1 - https:\/\/yoast.com\/product\/yoast-seo-wordpress\/ -->\n<title>Kraana juhtseade KST31 p\u00f6\u00f6rlev - My industrial<\/title>\n<meta name=\"robots\" content=\"index, follow, max-snippet:-1, max-image-preview:large, max-video-preview:-1\" \/>\n<link rel=\"canonical\" href=\"https:\/\/myindustrial.eu\/et\/shop\/toostuskontrollerid-juhtkangid-ja-konsoolid\/kraana-juhtseadmed-seadmed\/kraana-juhtseadmed\/kraana-juhtseade-kst31-poorlev\/\" \/>\n<meta property=\"og:locale\" content=\"et_EE\" \/>\n<meta property=\"og:type\" content=\"article\" \/>\n<meta property=\"og:title\" content=\"Kraana juhtseade KST31 p\u00f6\u00f6rlev - My industrial\" \/>\n<meta property=\"og:url\" content=\"https:\/\/myindustrial.eu\/et\/shop\/toostuskontrollerid-juhtkangid-ja-konsoolid\/kraana-juhtseadmed-seadmed\/kraana-juhtseadmed\/kraana-juhtseade-kst31-poorlev\/\" \/>\n<meta property=\"og:site_name\" content=\"My industrial\" \/>\n<meta property=\"article:modified_time\" content=\"2023-06-16T20:02:44+00:00\" \/>\n<meta property=\"og:image\" content=\"https:\/\/myindustrial.eu\/wp-content\/uploads\/2022\/01\/KST31-3.webp\" \/>\n\t<meta property=\"og:image:width\" content=\"500\" \/>\n\t<meta property=\"og:image:height\" content=\"500\" \/>\n\t<meta property=\"og:image:type\" content=\"image\/webp\" \/>\n<meta name=\"twitter:card\" content=\"summary_large_image\" \/>\n<script type=\"application\/ld+json\" class=\"yoast-schema-graph\">{\"@context\":\"https:\/\/schema.org\",\"@graph\":[{\"@type\":\"WebPage\",\"@id\":\"https:\/\/myindustrial.eu\/et\/shop\/toostuskontrollerid-juhtkangid-ja-konsoolid\/kraana-juhtseadmed-seadmed\/kraana-juhtseadmed\/kraana-juhtseade-kst31-poorlev\/\",\"url\":\"https:\/\/myindustrial.eu\/et\/shop\/toostuskontrollerid-juhtkangid-ja-konsoolid\/kraana-juhtseadmed-seadmed\/kraana-juhtseadmed\/kraana-juhtseade-kst31-poorlev\/\",\"name\":\"Kraana juhtseade KST31 p\u00f6\u00f6rlev - My industrial\",\"isPartOf\":{\"@id\":\"https:\/\/myindustrial.eu\/et\/#website\"},\"primaryImageOfPage\":{\"@id\":\"https:\/\/myindustrial.eu\/et\/shop\/toostuskontrollerid-juhtkangid-ja-konsoolid\/kraana-juhtseadmed-seadmed\/kraana-juhtseadmed\/kraana-juhtseade-kst31-poorlev\/#primaryimage\"},\"image\":{\"@id\":\"https:\/\/myindustrial.eu\/et\/shop\/toostuskontrollerid-juhtkangid-ja-konsoolid\/kraana-juhtseadmed-seadmed\/kraana-juhtseadmed\/kraana-juhtseade-kst31-poorlev\/#primaryimage\"},\"thumbnailUrl\":\"https:\/\/myindustrial.eu\/wp-content\/uploads\/2022\/01\/KST31-3.webp\",\"datePublished\":\"2022-01-14T02:05:37+00:00\",\"dateModified\":\"2023-06-16T20:02:44+00:00\",\"breadcrumb\":{\"@id\":\"https:\/\/myindustrial.eu\/et\/shop\/toostuskontrollerid-juhtkangid-ja-konsoolid\/kraana-juhtseadmed-seadmed\/kraana-juhtseadmed\/kraana-juhtseade-kst31-poorlev\/#breadcrumb\"},\"inLanguage\":\"et\",\"potentialAction\":[{\"@type\":\"ReadAction\",\"target\":[\"https:\/\/myindustrial.eu\/et\/shop\/toostuskontrollerid-juhtkangid-ja-konsoolid\/kraana-juhtseadmed-seadmed\/kraana-juhtseadmed\/kraana-juhtseade-kst31-poorlev\/\"]}]},{\"@type\":\"ImageObject\",\"inLanguage\":\"et\",\"@id\":\"https:\/\/myindustrial.eu\/et\/shop\/toostuskontrollerid-juhtkangid-ja-konsoolid\/kraana-juhtseadmed-seadmed\/kraana-juhtseadmed\/kraana-juhtseade-kst31-poorlev\/#primaryimage\",\"url\":\"https:\/\/myindustrial.eu\/wp-content\/uploads\/2022\/01\/KST31-3.webp\",\"contentUrl\":\"https:\/\/myindustrial.eu\/wp-content\/uploads\/2022\/01\/KST31-3.webp\",\"width\":500,\"height\":500},{\"@type\":\"BreadcrumbList\",\"@id\":\"https:\/\/myindustrial.eu\/et\/shop\/toostuskontrollerid-juhtkangid-ja-konsoolid\/kraana-juhtseadmed-seadmed\/kraana-juhtseadmed\/kraana-juhtseade-kst31-poorlev\/#breadcrumb\",\"itemListElement\":[{\"@type\":\"ListItem\",\"position\":1,\"name\":\"Home\",\"item\":\"https:\/\/myindustrial.eu\/et\/\"},{\"@type\":\"ListItem\",\"position\":2,\"name\":\"Products\",\"item\":\"https:\/\/myindustrial.eu\/et\/products\/\"},{\"@type\":\"ListItem\",\"position\":3,\"name\":\"Kraana juhtseade KST31 p\u00f6\u00f6rlev\"}]},{\"@type\":\"WebSite\",\"@id\":\"https:\/\/myindustrial.eu\/et\/#website\",\"url\":\"https:\/\/myindustrial.eu\/et\/\",\"name\":\"My industrial\",\"description\":\"\",\"potentialAction\":[{\"@type\":\"SearchAction\",\"target\":{\"@type\":\"EntryPoint\",\"urlTemplate\":\"https:\/\/myindustrial.eu\/et\/?s={search_term_string}\"},\"query-input\":{\"@type\":\"PropertyValueSpecification\",\"valueRequired\":true,\"valueName\":\"search_term_string\"}}],\"inLanguage\":\"et\"}]}<\/script>\n<!-- \/ Yoast SEO plugin. -->","yoast_head_json":{"title":"Kraana juhtseade KST31 p\u00f6\u00f6rlev - My industrial","robots":{"index":"index","follow":"follow","max-snippet":"max-snippet:-1","max-image-preview":"max-image-preview:large","max-video-preview":"max-video-preview:-1"},"canonical":"https:\/\/myindustrial.eu\/et\/shop\/toostuskontrollerid-juhtkangid-ja-konsoolid\/kraana-juhtseadmed-seadmed\/kraana-juhtseadmed\/kraana-juhtseade-kst31-poorlev\/","og_locale":"et_EE","og_type":"article","og_title":"Kraana juhtseade KST31 p\u00f6\u00f6rlev - My industrial","og_url":"https:\/\/myindustrial.eu\/et\/shop\/toostuskontrollerid-juhtkangid-ja-konsoolid\/kraana-juhtseadmed-seadmed\/kraana-juhtseadmed\/kraana-juhtseade-kst31-poorlev\/","og_site_name":"My industrial","article_modified_time":"2023-06-16T20:02:44+00:00","og_image":[{"width":500,"height":500,"url":"https:\/\/myindustrial.eu\/wp-content\/uploads\/2022\/01\/KST31-3.webp","type":"image\/webp"}],"twitter_card":"summary_large_image","schema":{"@context":"https:\/\/schema.org","@graph":[{"@type":"WebPage","@id":"https:\/\/myindustrial.eu\/et\/shop\/toostuskontrollerid-juhtkangid-ja-konsoolid\/kraana-juhtseadmed-seadmed\/kraana-juhtseadmed\/kraana-juhtseade-kst31-poorlev\/","url":"https:\/\/myindustrial.eu\/et\/shop\/toostuskontrollerid-juhtkangid-ja-konsoolid\/kraana-juhtseadmed-seadmed\/kraana-juhtseadmed\/kraana-juhtseade-kst31-poorlev\/","name":"Kraana juhtseade KST31 p\u00f6\u00f6rlev - My industrial","isPartOf":{"@id":"https:\/\/myindustrial.eu\/et\/#website"},"primaryImageOfPage":{"@id":"https:\/\/myindustrial.eu\/et\/shop\/toostuskontrollerid-juhtkangid-ja-konsoolid\/kraana-juhtseadmed-seadmed\/kraana-juhtseadmed\/kraana-juhtseade-kst31-poorlev\/#primaryimage"},"image":{"@id":"https:\/\/myindustrial.eu\/et\/shop\/toostuskontrollerid-juhtkangid-ja-konsoolid\/kraana-juhtseadmed-seadmed\/kraana-juhtseadmed\/kraana-juhtseade-kst31-poorlev\/#primaryimage"},"thumbnailUrl":"https:\/\/myindustrial.eu\/wp-content\/uploads\/2022\/01\/KST31-3.webp","datePublished":"2022-01-14T02:05:37+00:00","dateModified":"2023-06-16T20:02:44+00:00","breadcrumb":{"@id":"https:\/\/myindustrial.eu\/et\/shop\/toostuskontrollerid-juhtkangid-ja-konsoolid\/kraana-juhtseadmed-seadmed\/kraana-juhtseadmed\/kraana-juhtseade-kst31-poorlev\/#breadcrumb"},"inLanguage":"et","potentialAction":[{"@type":"ReadAction","target":["https:\/\/myindustrial.eu\/et\/shop\/toostuskontrollerid-juhtkangid-ja-konsoolid\/kraana-juhtseadmed-seadmed\/kraana-juhtseadmed\/kraana-juhtseade-kst31-poorlev\/"]}]},{"@type":"ImageObject","inLanguage":"et","@id":"https:\/\/myindustrial.eu\/et\/shop\/toostuskontrollerid-juhtkangid-ja-konsoolid\/kraana-juhtseadmed-seadmed\/kraana-juhtseadmed\/kraana-juhtseade-kst31-poorlev\/#primaryimage","url":"https:\/\/myindustrial.eu\/wp-content\/uploads\/2022\/01\/KST31-3.webp","contentUrl":"https:\/\/myindustrial.eu\/wp-content\/uploads\/2022\/01\/KST31-3.webp","width":500,"height":500},{"@type":"BreadcrumbList","@id":"https:\/\/myindustrial.eu\/et\/shop\/toostuskontrollerid-juhtkangid-ja-konsoolid\/kraana-juhtseadmed-seadmed\/kraana-juhtseadmed\/kraana-juhtseade-kst31-poorlev\/#breadcrumb","itemListElement":[{"@type":"ListItem","position":1,"name":"Home","item":"https:\/\/myindustrial.eu\/et\/"},{"@type":"ListItem","position":2,"name":"Products","item":"https:\/\/myindustrial.eu\/et\/products\/"},{"@type":"ListItem","position":3,"name":"Kraana juhtseade KST31 p\u00f6\u00f6rlev"}]},{"@type":"WebSite","@id":"https:\/\/myindustrial.eu\/et\/#website","url":"https:\/\/myindustrial.eu\/et\/","name":"My industrial","description":"","potentialAction":[{"@type":"SearchAction","target":{"@type":"EntryPoint","urlTemplate":"https:\/\/myindustrial.eu\/et\/?s={search_term_string}"},"query-input":{"@type":"PropertyValueSpecification","valueRequired":true,"valueName":"search_term_string"}}],"inLanguage":"et"}]}},"_links":{"self":[{"href":"https:\/\/myindustrial.eu\/et\/wp-json\/wp\/v2\/product\/1260059354","targetHints":{"allow":["GET"]}}],"collection":[{"href":"https:\/\/myindustrial.eu\/et\/wp-json\/wp\/v2\/product"}],"about":[{"href":"https:\/\/myindustrial.eu\/et\/wp-json\/wp\/v2\/types\/product"}],"version-history":[{"count":0,"href":"https:\/\/myindustrial.eu\/et\/wp-json\/wp\/v2\/product\/1260059354\/revisions"}],"wp:featuredmedia":[{"embeddable":true,"href":"https:\/\/myindustrial.eu\/et\/wp-json\/wp\/v2\/media\/1260057757"}],"wp:attachment":[{"href":"https:\/\/myindustrial.eu\/et\/wp-json\/wp\/v2\/media?parent=1260059354"}],"wp:term":[{"taxonomy":"product_brand","embeddable":true,"href":"https:\/\/myindustrial.eu\/et\/wp-json\/wp\/v2\/product_brand?post=1260059354"},{"taxonomy":"product_cat","embeddable":true,"href":"https:\/\/myindustrial.eu\/et\/wp-json\/wp\/v2\/product_cat?post=1260059354"},{"taxonomy":"product_tag","embeddable":true,"href":"https:\/\/myindustrial.eu\/et\/wp-json\/wp\/v2\/product_tag?post=1260059354"}],"curies":[{"name":"wp","href":"https:\/\/api.w.org\/{rel}","templated":true}]}}