{"id":1260059395,"date":"2022-01-14T02:05:53","date_gmt":"2022-01-14T02:05:53","guid":{"rendered":"https:\/\/myindustrial.eu\/shop-2\/maaratlemata\/kaepide-b10\/"},"modified":"2023-06-16T20:01:22","modified_gmt":"2023-06-16T20:01:22","slug":"kaepide-b10","status":"publish","type":"product","link":"https:\/\/myindustrial.eu\/et\/shop\/toostuskontrollerid-juhtkangid-ja-konsoolid\/kaepidemed-kontrolleritele-juhtkangidele\/kaepide-b10\/","title":{"rendered":"K\u00e4epide B10"},"content":{"rendered":"<p>K\u00e4epidemel B10 on erinevate seadmete jaoks palju erinevaid v\u00f5imalusi. K\u00e4epide \u00fchildub meie kahe k\u00e4epidemega kontrolleriga v\u00f5i paigaldatakse h\u00fcdraulilistele ajamitele. K\u00e4epidemel on v\u00e4ga paindlik \u00fcks traat (0,1 mm\u00b2, 450 mm pikk). Veov\u00f5lli kinnitusdetail v\u00f5ib olla varustatud 10 mm l\u00e4bim\u00f5\u00f5duga puurauguga.<iframe width=\"560\" height=\"315\" src=\"https:\/\/youtube.com\/embed\/PiVaWDy_Vto\" frameborder=\"0\" allow=\"accelerometer; autoplay; clipboard-write; encrypted-media; gyroscope; picture-in-picture; web-share\" allowfullscreen><\/iframe><\/p>\n","protected":false},"excerpt":{"rendered":"<p><a href='\/wp-content\/uploads\/gessmann\/B10-GB.pdf'><img decoding=\"async\" src=\"\/wp-content\/uploads\/2023\/02\/download-button-est.svg\" \/><\/a><\/p>\n","protected":false},"featured_media":1260058003,"template":"","meta":[],"product_brand":[],"product_cat":[1369],"product_tag":[],"class_list":{"0":"post-1260059395","1":"product","2":"type-product","3":"status-publish","4":"has-post-thumbnail","6":"product_cat-kaepidemed-kontrolleritele-juhtkangidele","8":"first","9":"instock","10":"product-type-simple"},"yoast_head":"<!-- This site is optimized with the Yoast SEO plugin v27.1.1 - https:\/\/yoast.com\/product\/yoast-seo-wordpress\/ -->\n<title>K\u00e4epide B10 - My industrial<\/title>\n<meta name=\"robots\" content=\"index, follow, max-snippet:-1, max-image-preview:large, max-video-preview:-1\" \/>\n<link rel=\"canonical\" href=\"https:\/\/myindustrial.eu\/et\/shop\/toostuskontrollerid-juhtkangid-ja-konsoolid\/kaepidemed-kontrolleritele-juhtkangidele\/kaepide-b10\/\" \/>\n<meta property=\"og:locale\" content=\"et_EE\" \/>\n<meta property=\"og:type\" content=\"article\" \/>\n<meta property=\"og:title\" content=\"K\u00e4epide B10 - My industrial\" \/>\n<meta property=\"og:url\" content=\"https:\/\/myindustrial.eu\/et\/shop\/toostuskontrollerid-juhtkangid-ja-konsoolid\/kaepidemed-kontrolleritele-juhtkangidele\/kaepide-b10\/\" \/>\n<meta property=\"og:site_name\" content=\"My industrial\" \/>\n<meta property=\"article:modified_time\" content=\"2023-06-16T20:01:22+00:00\" \/>\n<meta property=\"og:image\" content=\"https:\/\/myindustrial.eu\/wp-content\/uploads\/2022\/01\/B10.webp\" \/>\n\t<meta property=\"og:image:width\" content=\"500\" \/>\n\t<meta property=\"og:image:height\" content=\"500\" \/>\n\t<meta property=\"og:image:type\" content=\"image\/webp\" \/>\n<meta name=\"twitter:card\" content=\"summary_large_image\" \/>\n<script type=\"application\/ld+json\" class=\"yoast-schema-graph\">{\"@context\":\"https:\/\/schema.org\",\"@graph\":[{\"@type\":\"WebPage\",\"@id\":\"https:\/\/myindustrial.eu\/et\/shop\/toostuskontrollerid-juhtkangid-ja-konsoolid\/kaepidemed-kontrolleritele-juhtkangidele\/kaepide-b10\/\",\"url\":\"https:\/\/myindustrial.eu\/et\/shop\/toostuskontrollerid-juhtkangid-ja-konsoolid\/kaepidemed-kontrolleritele-juhtkangidele\/kaepide-b10\/\",\"name\":\"K\u00e4epide B10 - My industrial\",\"isPartOf\":{\"@id\":\"https:\/\/myindustrial.eu\/et\/#website\"},\"primaryImageOfPage\":{\"@id\":\"https:\/\/myindustrial.eu\/et\/shop\/toostuskontrollerid-juhtkangid-ja-konsoolid\/kaepidemed-kontrolleritele-juhtkangidele\/kaepide-b10\/#primaryimage\"},\"image\":{\"@id\":\"https:\/\/myindustrial.eu\/et\/shop\/toostuskontrollerid-juhtkangid-ja-konsoolid\/kaepidemed-kontrolleritele-juhtkangidele\/kaepide-b10\/#primaryimage\"},\"thumbnailUrl\":\"https:\/\/myindustrial.eu\/wp-content\/uploads\/2022\/01\/B10.webp\",\"datePublished\":\"2022-01-14T02:05:53+00:00\",\"dateModified\":\"2023-06-16T20:01:22+00:00\",\"breadcrumb\":{\"@id\":\"https:\/\/myindustrial.eu\/et\/shop\/toostuskontrollerid-juhtkangid-ja-konsoolid\/kaepidemed-kontrolleritele-juhtkangidele\/kaepide-b10\/#breadcrumb\"},\"inLanguage\":\"et\",\"potentialAction\":[{\"@type\":\"ReadAction\",\"target\":[\"https:\/\/myindustrial.eu\/et\/shop\/toostuskontrollerid-juhtkangid-ja-konsoolid\/kaepidemed-kontrolleritele-juhtkangidele\/kaepide-b10\/\"]}]},{\"@type\":\"ImageObject\",\"inLanguage\":\"et\",\"@id\":\"https:\/\/myindustrial.eu\/et\/shop\/toostuskontrollerid-juhtkangid-ja-konsoolid\/kaepidemed-kontrolleritele-juhtkangidele\/kaepide-b10\/#primaryimage\",\"url\":\"https:\/\/myindustrial.eu\/wp-content\/uploads\/2022\/01\/B10.webp\",\"contentUrl\":\"https:\/\/myindustrial.eu\/wp-content\/uploads\/2022\/01\/B10.webp\",\"width\":500,\"height\":500},{\"@type\":\"BreadcrumbList\",\"@id\":\"https:\/\/myindustrial.eu\/et\/shop\/toostuskontrollerid-juhtkangid-ja-konsoolid\/kaepidemed-kontrolleritele-juhtkangidele\/kaepide-b10\/#breadcrumb\",\"itemListElement\":[{\"@type\":\"ListItem\",\"position\":1,\"name\":\"Home\",\"item\":\"https:\/\/myindustrial.eu\/et\/\"},{\"@type\":\"ListItem\",\"position\":2,\"name\":\"Products\",\"item\":\"https:\/\/myindustrial.eu\/et\/products\/\"},{\"@type\":\"ListItem\",\"position\":3,\"name\":\"K\u00e4epide B10\"}]},{\"@type\":\"WebSite\",\"@id\":\"https:\/\/myindustrial.eu\/et\/#website\",\"url\":\"https:\/\/myindustrial.eu\/et\/\",\"name\":\"My industrial\",\"description\":\"\",\"potentialAction\":[{\"@type\":\"SearchAction\",\"target\":{\"@type\":\"EntryPoint\",\"urlTemplate\":\"https:\/\/myindustrial.eu\/et\/?s={search_term_string}\"},\"query-input\":{\"@type\":\"PropertyValueSpecification\",\"valueRequired\":true,\"valueName\":\"search_term_string\"}}],\"inLanguage\":\"et\"}]}<\/script>\n<!-- \/ Yoast SEO plugin. -->","yoast_head_json":{"title":"K\u00e4epide B10 - My industrial","robots":{"index":"index","follow":"follow","max-snippet":"max-snippet:-1","max-image-preview":"max-image-preview:large","max-video-preview":"max-video-preview:-1"},"canonical":"https:\/\/myindustrial.eu\/et\/shop\/toostuskontrollerid-juhtkangid-ja-konsoolid\/kaepidemed-kontrolleritele-juhtkangidele\/kaepide-b10\/","og_locale":"et_EE","og_type":"article","og_title":"K\u00e4epide B10 - My industrial","og_url":"https:\/\/myindustrial.eu\/et\/shop\/toostuskontrollerid-juhtkangid-ja-konsoolid\/kaepidemed-kontrolleritele-juhtkangidele\/kaepide-b10\/","og_site_name":"My industrial","article_modified_time":"2023-06-16T20:01:22+00:00","og_image":[{"width":500,"height":500,"url":"https:\/\/myindustrial.eu\/wp-content\/uploads\/2022\/01\/B10.webp","type":"image\/webp"}],"twitter_card":"summary_large_image","schema":{"@context":"https:\/\/schema.org","@graph":[{"@type":"WebPage","@id":"https:\/\/myindustrial.eu\/et\/shop\/toostuskontrollerid-juhtkangid-ja-konsoolid\/kaepidemed-kontrolleritele-juhtkangidele\/kaepide-b10\/","url":"https:\/\/myindustrial.eu\/et\/shop\/toostuskontrollerid-juhtkangid-ja-konsoolid\/kaepidemed-kontrolleritele-juhtkangidele\/kaepide-b10\/","name":"K\u00e4epide B10 - My industrial","isPartOf":{"@id":"https:\/\/myindustrial.eu\/et\/#website"},"primaryImageOfPage":{"@id":"https:\/\/myindustrial.eu\/et\/shop\/toostuskontrollerid-juhtkangid-ja-konsoolid\/kaepidemed-kontrolleritele-juhtkangidele\/kaepide-b10\/#primaryimage"},"image":{"@id":"https:\/\/myindustrial.eu\/et\/shop\/toostuskontrollerid-juhtkangid-ja-konsoolid\/kaepidemed-kontrolleritele-juhtkangidele\/kaepide-b10\/#primaryimage"},"thumbnailUrl":"https:\/\/myindustrial.eu\/wp-content\/uploads\/2022\/01\/B10.webp","datePublished":"2022-01-14T02:05:53+00:00","dateModified":"2023-06-16T20:01:22+00:00","breadcrumb":{"@id":"https:\/\/myindustrial.eu\/et\/shop\/toostuskontrollerid-juhtkangid-ja-konsoolid\/kaepidemed-kontrolleritele-juhtkangidele\/kaepide-b10\/#breadcrumb"},"inLanguage":"et","potentialAction":[{"@type":"ReadAction","target":["https:\/\/myindustrial.eu\/et\/shop\/toostuskontrollerid-juhtkangid-ja-konsoolid\/kaepidemed-kontrolleritele-juhtkangidele\/kaepide-b10\/"]}]},{"@type":"ImageObject","inLanguage":"et","@id":"https:\/\/myindustrial.eu\/et\/shop\/toostuskontrollerid-juhtkangid-ja-konsoolid\/kaepidemed-kontrolleritele-juhtkangidele\/kaepide-b10\/#primaryimage","url":"https:\/\/myindustrial.eu\/wp-content\/uploads\/2022\/01\/B10.webp","contentUrl":"https:\/\/myindustrial.eu\/wp-content\/uploads\/2022\/01\/B10.webp","width":500,"height":500},{"@type":"BreadcrumbList","@id":"https:\/\/myindustrial.eu\/et\/shop\/toostuskontrollerid-juhtkangid-ja-konsoolid\/kaepidemed-kontrolleritele-juhtkangidele\/kaepide-b10\/#breadcrumb","itemListElement":[{"@type":"ListItem","position":1,"name":"Home","item":"https:\/\/myindustrial.eu\/et\/"},{"@type":"ListItem","position":2,"name":"Products","item":"https:\/\/myindustrial.eu\/et\/products\/"},{"@type":"ListItem","position":3,"name":"K\u00e4epide B10"}]},{"@type":"WebSite","@id":"https:\/\/myindustrial.eu\/et\/#website","url":"https:\/\/myindustrial.eu\/et\/","name":"My industrial","description":"","potentialAction":[{"@type":"SearchAction","target":{"@type":"EntryPoint","urlTemplate":"https:\/\/myindustrial.eu\/et\/?s={search_term_string}"},"query-input":{"@type":"PropertyValueSpecification","valueRequired":true,"valueName":"search_term_string"}}],"inLanguage":"et"}]}},"_links":{"self":[{"href":"https:\/\/myindustrial.eu\/et\/wp-json\/wp\/v2\/product\/1260059395","targetHints":{"allow":["GET"]}}],"collection":[{"href":"https:\/\/myindustrial.eu\/et\/wp-json\/wp\/v2\/product"}],"about":[{"href":"https:\/\/myindustrial.eu\/et\/wp-json\/wp\/v2\/types\/product"}],"version-history":[{"count":0,"href":"https:\/\/myindustrial.eu\/et\/wp-json\/wp\/v2\/product\/1260059395\/revisions"}],"wp:featuredmedia":[{"embeddable":true,"href":"https:\/\/myindustrial.eu\/et\/wp-json\/wp\/v2\/media\/1260058003"}],"wp:attachment":[{"href":"https:\/\/myindustrial.eu\/et\/wp-json\/wp\/v2\/media?parent=1260059395"}],"wp:term":[{"taxonomy":"product_brand","embeddable":true,"href":"https:\/\/myindustrial.eu\/et\/wp-json\/wp\/v2\/product_brand?post=1260059395"},{"taxonomy":"product_cat","embeddable":true,"href":"https:\/\/myindustrial.eu\/et\/wp-json\/wp\/v2\/product_cat?post=1260059395"},{"taxonomy":"product_tag","embeddable":true,"href":"https:\/\/myindustrial.eu\/et\/wp-json\/wp\/v2\/product_tag?post=1260059395"}],"curies":[{"name":"wp","href":"https:\/\/api.w.org\/{rel}","templated":true}]}}