{"id":1260059443,"date":"2022-01-14T02:06:20","date_gmt":"2022-01-14T02:06:20","guid":{"rendered":"https:\/\/myindustrial.eu\/shop-2\/maaratlemata\/eldro-plahvatuskindel-seeria\/"},"modified":"2023-06-16T19:59:43","modified_gmt":"2023-06-16T19:59:43","slug":"eldro-plahvatuskindel-seeria","status":"publish","type":"product","link":"https:\/\/myindustrial.eu\/et\/shop\/elektro-hudraulilised-ajamite-lahendused\/elektrohudraulilised-toukurid\/eldro-plahvatuskindel-seeria\/","title":{"rendered":"ELDRO\u00ae Plahvatuskindel seeria"},"content":{"rendered":"<p><iframe width=\"560\" height=\"315\" src=\"https:\/\/youtube.com\/embed\/E9ieLcNyUUY\" frameborder=\"0\" allow=\"accelerometer; autoplay; clipboard-write; encrypted-media; gyroscope; picture-in-picture; web-share\" allowfullscreen><\/iframe><\/p>\n","protected":false},"excerpt":{"rendered":"<p>Kasutusalad<br \/>\nGaasid, aurud, aurud ja tolm tekivad v\u00f5i eralduvad p\u00f5levate ainete tootmise, t\u00f6\u00f6tlemise, transpordi ja ladustamise ajal paljudes t\u00f6\u00f6stussektorites. Koos hapnikuga v\u00f5ib tekkida plahvatusohtlik atmosf\u00e4\u00e4r. Kui see s\u00fcttib, v\u00f5ib see p\u00f5hjustada plahvatusi ning p\u00f5hjustada t\u00f5siseid kehavigastusi ja materiaalset kahju. Asjaomaste sektorite hulka kuuluvad n\u00e4iteks keemia- ja naftakeemiat\u00f6\u00f6stus, farmaatsia-, nafta- ja gaasitootmine, m\u00e4et\u00f6\u00f6stus, samuti toiduainet\u00f6\u00f6stus, biok\u00fctuste t\u00f6\u00f6stus ja reoveesektor.<\/p>\n<p>Plahvatuskaitsega ELDRO\u00ae seadmed sobivad nendes kasutusvaldkondades ideaalselt. Need vastavad kehtivatele eeskirjadele ja standarditele ning neid saab kasutada mitmel viisil.<br \/>\nOhtlik ala:<br \/>\nI M2 (kaevandamine)<br \/>\nII 2G tsoonide 1 ja 2 jaoks (maapealne)<br \/>\nII 2D tsoonidele 21 ja 22 (maapinnast)<br \/>\nVastavustunnistus:<br \/>\nATEX &#8211; BVS 05 ATEX E 074 X<br \/>\nIECEx &#8211; IECEx BVS 12.0014X<br \/>\nTP TC &#8211; RU C -DE.\u0413\u041104.\u0412.00477<\/p>\n<p><a href=\"\/wp-content\/uploads\/2022\/01\/20221115_emg_eldro-ex_en.pdf\" target=\"_blank\" rel=\"noopener\"><img decoding=\"async\" src=\"\/wp-content\/uploads\/2023\/02\/download-button-est.svg\" \/><\/a><\/p>\n","protected":false},"featured_media":1260058291,"template":"","meta":[],"product_brand":[],"product_cat":[1311],"product_tag":[],"class_list":{"0":"post-1260059443","1":"product","2":"type-product","3":"status-publish","4":"has-post-thumbnail","6":"product_cat-elektrohudraulilised-toukurid","8":"first","9":"instock","10":"product-type-simple"},"yoast_head":"<!-- This site is optimized with the Yoast SEO plugin v27.1.1 - https:\/\/yoast.com\/product\/yoast-seo-wordpress\/ -->\n<title>ELDRO\u00ae Plahvatuskindel seeria - My industrial<\/title>\n<meta name=\"robots\" content=\"index, follow, max-snippet:-1, max-image-preview:large, max-video-preview:-1\" \/>\n<link rel=\"canonical\" href=\"https:\/\/myindustrial.eu\/et\/shop\/elektro-hudraulilised-ajamite-lahendused\/elektrohudraulilised-toukurid\/eldro-plahvatuskindel-seeria\/\" \/>\n<meta property=\"og:locale\" content=\"et_EE\" \/>\n<meta property=\"og:type\" content=\"article\" \/>\n<meta property=\"og:title\" content=\"ELDRO\u00ae Plahvatuskindel seeria - My industrial\" \/>\n<meta property=\"og:description\" content=\"Kasutusalad Gaasid, aurud, aurud ja tolm tekivad v\u00f5i eralduvad p\u00f5levate ainete tootmise, t\u00f6\u00f6tlemise, transpordi ja ladustamise ajal paljudes t\u00f6\u00f6stussektorites. Koos hapnikuga v\u00f5ib tekkida plahvatusohtlik atmosf\u00e4\u00e4r. Kui see s\u00fcttib, v\u00f5ib see p\u00f5hjustada plahvatusi ning p\u00f5hjustada t\u00f5siseid kehavigastusi ja materiaalset kahju. Asjaomaste sektorite hulka kuuluvad n\u00e4iteks keemia- ja naftakeemiat\u00f6\u00f6stus, farmaatsia-, nafta- ja gaasitootmine, m\u00e4et\u00f6\u00f6stus, samuti toiduainet\u00f6\u00f6stus, biok\u00fctuste t\u00f6\u00f6stus ja reoveesektor.  Plahvatuskaitsega ELDRO\u00ae seadmed sobivad nendes kasutusvaldkondades ideaalselt. Need vastavad kehtivatele eeskirjadele ja standarditele ning neid saab kasutada mitmel viisil. Ohtlik ala: I M2 (kaevandamine) II 2G tsoonide 1 ja 2 jaoks (maapealne) II 2D tsoonidele 21 ja 22 (maapinnast) Vastavustunnistus: ATEX - BVS 05 ATEX E 074 X IECEx - IECEx BVS 12.0014X TP TC - RU C -DE.\u0413\u041104.\u0412.00477\" \/>\n<meta property=\"og:url\" content=\"https:\/\/myindustrial.eu\/et\/shop\/elektro-hudraulilised-ajamite-lahendused\/elektrohudraulilised-toukurid\/eldro-plahvatuskindel-seeria\/\" \/>\n<meta property=\"og:site_name\" content=\"My industrial\" \/>\n<meta property=\"article:modified_time\" content=\"2023-06-16T19:59:43+00:00\" \/>\n<meta property=\"og:image\" content=\"https:\/\/myindustrial.eu\/wp-content\/uploads\/2022\/01\/ELDRO-explosive-proof-300x300-3-300x300.jpg\" \/>\n\t<meta property=\"og:image:width\" content=\"300\" \/>\n\t<meta property=\"og:image:height\" content=\"300\" \/>\n\t<meta property=\"og:image:type\" content=\"image\/jpeg\" \/>\n<meta name=\"twitter:card\" content=\"summary_large_image\" \/>\n<script type=\"application\/ld+json\" class=\"yoast-schema-graph\">{\"@context\":\"https:\/\/schema.org\",\"@graph\":[{\"@type\":\"WebPage\",\"@id\":\"https:\/\/myindustrial.eu\/et\/shop\/elektro-hudraulilised-ajamite-lahendused\/elektrohudraulilised-toukurid\/eldro-plahvatuskindel-seeria\/\",\"url\":\"https:\/\/myindustrial.eu\/et\/shop\/elektro-hudraulilised-ajamite-lahendused\/elektrohudraulilised-toukurid\/eldro-plahvatuskindel-seeria\/\",\"name\":\"ELDRO\u00ae Plahvatuskindel seeria - My industrial\",\"isPartOf\":{\"@id\":\"https:\/\/myindustrial.eu\/et\/#website\"},\"primaryImageOfPage\":{\"@id\":\"https:\/\/myindustrial.eu\/et\/shop\/elektro-hudraulilised-ajamite-lahendused\/elektrohudraulilised-toukurid\/eldro-plahvatuskindel-seeria\/#primaryimage\"},\"image\":{\"@id\":\"https:\/\/myindustrial.eu\/et\/shop\/elektro-hudraulilised-ajamite-lahendused\/elektrohudraulilised-toukurid\/eldro-plahvatuskindel-seeria\/#primaryimage\"},\"thumbnailUrl\":\"https:\/\/myindustrial.eu\/wp-content\/uploads\/2022\/01\/ELDRO-explosive-proof-300x300-3-300x300.jpg\",\"datePublished\":\"2022-01-14T02:06:20+00:00\",\"dateModified\":\"2023-06-16T19:59:43+00:00\",\"breadcrumb\":{\"@id\":\"https:\/\/myindustrial.eu\/et\/shop\/elektro-hudraulilised-ajamite-lahendused\/elektrohudraulilised-toukurid\/eldro-plahvatuskindel-seeria\/#breadcrumb\"},\"inLanguage\":\"et\",\"potentialAction\":[{\"@type\":\"ReadAction\",\"target\":[\"https:\/\/myindustrial.eu\/et\/shop\/elektro-hudraulilised-ajamite-lahendused\/elektrohudraulilised-toukurid\/eldro-plahvatuskindel-seeria\/\"]}]},{\"@type\":\"ImageObject\",\"inLanguage\":\"et\",\"@id\":\"https:\/\/myindustrial.eu\/et\/shop\/elektro-hudraulilised-ajamite-lahendused\/elektrohudraulilised-toukurid\/eldro-plahvatuskindel-seeria\/#primaryimage\",\"url\":\"https:\/\/myindustrial.eu\/wp-content\/uploads\/2022\/01\/ELDRO-explosive-proof-300x300-3-300x300.jpg\",\"contentUrl\":\"https:\/\/myindustrial.eu\/wp-content\/uploads\/2022\/01\/ELDRO-explosive-proof-300x300-3-300x300.jpg\",\"width\":300,\"height\":300},{\"@type\":\"BreadcrumbList\",\"@id\":\"https:\/\/myindustrial.eu\/et\/shop\/elektro-hudraulilised-ajamite-lahendused\/elektrohudraulilised-toukurid\/eldro-plahvatuskindel-seeria\/#breadcrumb\",\"itemListElement\":[{\"@type\":\"ListItem\",\"position\":1,\"name\":\"Home\",\"item\":\"https:\/\/myindustrial.eu\/et\/\"},{\"@type\":\"ListItem\",\"position\":2,\"name\":\"Products\",\"item\":\"https:\/\/myindustrial.eu\/et\/products\/\"},{\"@type\":\"ListItem\",\"position\":3,\"name\":\"ELDRO\u00ae Plahvatuskindel seeria\"}]},{\"@type\":\"WebSite\",\"@id\":\"https:\/\/myindustrial.eu\/et\/#website\",\"url\":\"https:\/\/myindustrial.eu\/et\/\",\"name\":\"My industrial\",\"description\":\"\",\"potentialAction\":[{\"@type\":\"SearchAction\",\"target\":{\"@type\":\"EntryPoint\",\"urlTemplate\":\"https:\/\/myindustrial.eu\/et\/?s={search_term_string}\"},\"query-input\":{\"@type\":\"PropertyValueSpecification\",\"valueRequired\":true,\"valueName\":\"search_term_string\"}}],\"inLanguage\":\"et\"}]}<\/script>\n<!-- \/ Yoast SEO plugin. -->","yoast_head_json":{"title":"ELDRO\u00ae Plahvatuskindel seeria - My industrial","robots":{"index":"index","follow":"follow","max-snippet":"max-snippet:-1","max-image-preview":"max-image-preview:large","max-video-preview":"max-video-preview:-1"},"canonical":"https:\/\/myindustrial.eu\/et\/shop\/elektro-hudraulilised-ajamite-lahendused\/elektrohudraulilised-toukurid\/eldro-plahvatuskindel-seeria\/","og_locale":"et_EE","og_type":"article","og_title":"ELDRO\u00ae Plahvatuskindel seeria - My industrial","og_description":"Kasutusalad Gaasid, aurud, aurud ja tolm tekivad v\u00f5i eralduvad p\u00f5levate ainete tootmise, t\u00f6\u00f6tlemise, transpordi ja ladustamise ajal paljudes t\u00f6\u00f6stussektorites. Koos hapnikuga v\u00f5ib tekkida plahvatusohtlik atmosf\u00e4\u00e4r. Kui see s\u00fcttib, v\u00f5ib see p\u00f5hjustada plahvatusi ning p\u00f5hjustada t\u00f5siseid kehavigastusi ja materiaalset kahju. Asjaomaste sektorite hulka kuuluvad n\u00e4iteks keemia- ja naftakeemiat\u00f6\u00f6stus, farmaatsia-, nafta- ja gaasitootmine, m\u00e4et\u00f6\u00f6stus, samuti toiduainet\u00f6\u00f6stus, biok\u00fctuste t\u00f6\u00f6stus ja reoveesektor.  Plahvatuskaitsega ELDRO\u00ae seadmed sobivad nendes kasutusvaldkondades ideaalselt. Need vastavad kehtivatele eeskirjadele ja standarditele ning neid saab kasutada mitmel viisil. Ohtlik ala: I M2 (kaevandamine) II 2G tsoonide 1 ja 2 jaoks (maapealne) II 2D tsoonidele 21 ja 22 (maapinnast) Vastavustunnistus: ATEX - BVS 05 ATEX E 074 X IECEx - IECEx BVS 12.0014X TP TC - RU C -DE.\u0413\u041104.\u0412.00477","og_url":"https:\/\/myindustrial.eu\/et\/shop\/elektro-hudraulilised-ajamite-lahendused\/elektrohudraulilised-toukurid\/eldro-plahvatuskindel-seeria\/","og_site_name":"My industrial","article_modified_time":"2023-06-16T19:59:43+00:00","og_image":[{"width":300,"height":300,"url":"https:\/\/myindustrial.eu\/wp-content\/uploads\/2022\/01\/ELDRO-explosive-proof-300x300-3-300x300.jpg","type":"image\/jpeg"}],"twitter_card":"summary_large_image","schema":{"@context":"https:\/\/schema.org","@graph":[{"@type":"WebPage","@id":"https:\/\/myindustrial.eu\/et\/shop\/elektro-hudraulilised-ajamite-lahendused\/elektrohudraulilised-toukurid\/eldro-plahvatuskindel-seeria\/","url":"https:\/\/myindustrial.eu\/et\/shop\/elektro-hudraulilised-ajamite-lahendused\/elektrohudraulilised-toukurid\/eldro-plahvatuskindel-seeria\/","name":"ELDRO\u00ae Plahvatuskindel seeria - My industrial","isPartOf":{"@id":"https:\/\/myindustrial.eu\/et\/#website"},"primaryImageOfPage":{"@id":"https:\/\/myindustrial.eu\/et\/shop\/elektro-hudraulilised-ajamite-lahendused\/elektrohudraulilised-toukurid\/eldro-plahvatuskindel-seeria\/#primaryimage"},"image":{"@id":"https:\/\/myindustrial.eu\/et\/shop\/elektro-hudraulilised-ajamite-lahendused\/elektrohudraulilised-toukurid\/eldro-plahvatuskindel-seeria\/#primaryimage"},"thumbnailUrl":"https:\/\/myindustrial.eu\/wp-content\/uploads\/2022\/01\/ELDRO-explosive-proof-300x300-3-300x300.jpg","datePublished":"2022-01-14T02:06:20+00:00","dateModified":"2023-06-16T19:59:43+00:00","breadcrumb":{"@id":"https:\/\/myindustrial.eu\/et\/shop\/elektro-hudraulilised-ajamite-lahendused\/elektrohudraulilised-toukurid\/eldro-plahvatuskindel-seeria\/#breadcrumb"},"inLanguage":"et","potentialAction":[{"@type":"ReadAction","target":["https:\/\/myindustrial.eu\/et\/shop\/elektro-hudraulilised-ajamite-lahendused\/elektrohudraulilised-toukurid\/eldro-plahvatuskindel-seeria\/"]}]},{"@type":"ImageObject","inLanguage":"et","@id":"https:\/\/myindustrial.eu\/et\/shop\/elektro-hudraulilised-ajamite-lahendused\/elektrohudraulilised-toukurid\/eldro-plahvatuskindel-seeria\/#primaryimage","url":"https:\/\/myindustrial.eu\/wp-content\/uploads\/2022\/01\/ELDRO-explosive-proof-300x300-3-300x300.jpg","contentUrl":"https:\/\/myindustrial.eu\/wp-content\/uploads\/2022\/01\/ELDRO-explosive-proof-300x300-3-300x300.jpg","width":300,"height":300},{"@type":"BreadcrumbList","@id":"https:\/\/myindustrial.eu\/et\/shop\/elektro-hudraulilised-ajamite-lahendused\/elektrohudraulilised-toukurid\/eldro-plahvatuskindel-seeria\/#breadcrumb","itemListElement":[{"@type":"ListItem","position":1,"name":"Home","item":"https:\/\/myindustrial.eu\/et\/"},{"@type":"ListItem","position":2,"name":"Products","item":"https:\/\/myindustrial.eu\/et\/products\/"},{"@type":"ListItem","position":3,"name":"ELDRO\u00ae Plahvatuskindel seeria"}]},{"@type":"WebSite","@id":"https:\/\/myindustrial.eu\/et\/#website","url":"https:\/\/myindustrial.eu\/et\/","name":"My industrial","description":"","potentialAction":[{"@type":"SearchAction","target":{"@type":"EntryPoint","urlTemplate":"https:\/\/myindustrial.eu\/et\/?s={search_term_string}"},"query-input":{"@type":"PropertyValueSpecification","valueRequired":true,"valueName":"search_term_string"}}],"inLanguage":"et"}]}},"_links":{"self":[{"href":"https:\/\/myindustrial.eu\/et\/wp-json\/wp\/v2\/product\/1260059443","targetHints":{"allow":["GET"]}}],"collection":[{"href":"https:\/\/myindustrial.eu\/et\/wp-json\/wp\/v2\/product"}],"about":[{"href":"https:\/\/myindustrial.eu\/et\/wp-json\/wp\/v2\/types\/product"}],"version-history":[{"count":0,"href":"https:\/\/myindustrial.eu\/et\/wp-json\/wp\/v2\/product\/1260059443\/revisions"}],"wp:featuredmedia":[{"embeddable":true,"href":"https:\/\/myindustrial.eu\/et\/wp-json\/wp\/v2\/media\/1260058291"}],"wp:attachment":[{"href":"https:\/\/myindustrial.eu\/et\/wp-json\/wp\/v2\/media?parent=1260059443"}],"wp:term":[{"taxonomy":"product_brand","embeddable":true,"href":"https:\/\/myindustrial.eu\/et\/wp-json\/wp\/v2\/product_brand?post=1260059443"},{"taxonomy":"product_cat","embeddable":true,"href":"https:\/\/myindustrial.eu\/et\/wp-json\/wp\/v2\/product_cat?post=1260059443"},{"taxonomy":"product_tag","embeddable":true,"href":"https:\/\/myindustrial.eu\/et\/wp-json\/wp\/v2\/product_tag?post=1260059443"}],"curies":[{"name":"wp","href":"https:\/\/api.w.org\/{rel}","templated":true}]}}