{"id":1260059447,"date":"2022-01-14T01:36:47","date_gmt":"2022-01-14T02:06:20","guid":{"rendered":"https:\/\/myindustrial.eu\/shop-2\/maaratlemata\/piduri-juhtseade-brakematic\/"},"modified":"2023-12-28T20:16:52","modified_gmt":"2023-12-28T20:16:52","slug":"piduri-juhtseade-brakematic","status":"publish","type":"product","link":"https:\/\/myindustrial.eu\/et\/shop\/elektro-hudraulilised-ajamite-lahendused\/piduri-juhtseade-brakematic\/piduri-juhtseade-brakematic\/","title":{"rendered":"Piduri juhtseade &#8220;BRAKEMATIC\u00ae&#8221;"},"content":{"rendered":"<p><strong>M\u00e4rge:<\/strong>Juhtseadmed ja pidurite t\u00f5steseadmed moodustavad funktsionaalse \u00fcksuse ning on tootja poolt individuaalselt koordineeritud ja koormakasti k\u00fclge lukustatud. Kui m\u00f5ni komponent asendatakse, on vaja s\u00fcsteemi uuesti kalibreerida. Ajamimootoril ja pidurite t\u00f5steseadmetel on eraldi toitetorud. Elektriskeem ja kasutusjuhend kuuluvad tarnekomplekti.S\u00fcsteemiga BRAKEMATIC\u00ae saab rakendada j\u00e4rgmisi funktsioone:<\/p>\n<ul>\n<li><strong>Pedaali juhtimine P:<\/strong>Elektrooniline pedaalijuhtimine koos manuaalse parameetrite spetsifikatsiooniga analoogpidurdusprotseduuri genereerimiseks. S\u00fcsteem v\u00f5imaldab s\u00f5idu- ja p\u00f6\u00f6rlemisliigutuste tundlikku pidurdamist<\/li>\n<li><strong>Kaldtee funktsioon R:<\/strong>Elektrooniline juhts\u00fcsteem fikseeritud, eelprogrammeeritud pidurdusmomendi profiilide genereerimiseks, et teostada sunnitud avamis- ja sulgemisliigutusi<\/li>\n<li><strong>Eeljuhtimine:<\/strong>Elektrooniline juhtimine muutuva parameetriga spetsifikatsiooniga kontrollitud pidurdusmomendi profiilide genereerimiseks, nt. pidev pidurdusaeg keerulistes konveiers\u00fcsteemides v\u00f5i s\u00f5idukite ABS -s\u00fcsteemis<\/li>\n<\/ul>\n","protected":false},"excerpt":{"rendered":"<p>Tooted ja lahendused<br \/>\nEMG ELDRO\u00ae ja ELHY\u00ae elektroh\u00fcdraulilised t\u00f5ukurid tagavad ohutu ja &#8220;\u00f5rna&#8221; pidurdusprotsessi koos kaasaegsete trumli- ja ketaspiduritega. Lisaks tagavad need isikliku ja masinate ohutuse.<\/p>\n<p><strong>Miks EMG?<\/strong><br \/>\nMeie ELDRO\u00ae ja ELHY\u00ae turvakomponendid on 100% t\u00f5rkekindlad<br \/>\nRohkem kui 90 -aastane kogemus \u00fche \u00f5nnetuse t\u00f5ttu, mis on tingitud vigase EMG t\u00f5ukej\u00f5u t\u00f5ttu<br \/>\n2 miljonit t\u00f5ukej\u00f5udu edukalt m\u00fc\u00fcdud ja t\u00f6\u00f6korras<br \/>\nTuhanded rahulolevad kliendid kogu maailmas<br \/>\nKvaliteedi tagamise s\u00fcsteemi j\u00e4rjepidev j\u00e4rgimine vastavalt DIN EN ISO 9001 ja seaduse n\u00f5uetele<br \/>\nK\u00f5igi seadmete 100% testimine funktsionaalsus- ja vastupidavustestides<br \/>\nTHE ORIGINAL. BE SAFE.<\/p>\n<p>BRAKEMATIC\u00ae elektroh\u00fcdrauliliste piduris\u00fcsteemide juhtimine<br \/>\nElektroh\u00fcdrauliliste trummel- ja ketaspidurite BRAKEMATIC\u00ae juhtseadmed koosnevad p\u00f5him\u00f5tteliselt programmeeritavast sagedusmuundurist (FC) koos funktsionaalsete moodulitega (pedaal, sisemine v\u00f5i v\u00e4line parameetrite &#8220;interface&#8221;, protsessijuhtimismoodul koos m\u00f5\u00f5teanduriga). Sagedusmuunduri v\u00e4ljundis genereeritakse sageduse muutus. Seda kasutatakse elektroh\u00fcdraulilise t\u00f5ukej\u00f5u juhtimiseks, et muuta selle h\u00fcdraulilist j\u00f5udu. Sellest tulenev ELDRO\u00ae-seadme k\u00e4ivitav j\u00f5ud t\u00f6\u00f6tab vastu piduris\u00fcsteemi pidurdusj\u00f5ule, mis t\u00e4hendab, et selle suhte kaudu saab pidurdusprotsessi reguleerida.<\/p>\n<p>BRAKEMATIC\u00ae juhtimiss\u00fcsteemi saab kasutada mitme piduri samaaegseks kasutamiseks eeldusel, et piduris\u00fcsteemide funktsioonid ja t\u00f6\u00f6re\u017eiim on identsed ning k\u00f5igi ELDRO\u00ae seadmete voolusisendv\u00e4\u00e4rtuste summa vastab valitud Brakematic s\u00fcsteemi suurusele.<\/p>\n","protected":false},"featured_media":1260058315,"template":"","meta":[],"product_brand":[],"product_cat":[1310],"product_tag":[],"class_list":{"0":"post-1260059447","1":"product","2":"type-product","3":"status-publish","4":"has-post-thumbnail","6":"product_cat-piduri-juhtseade-brakematic","8":"first","9":"instock","10":"product-type-simple"},"yoast_head":"<!-- This site is optimized with the Yoast SEO plugin v27.1.1 - https:\/\/yoast.com\/product\/yoast-seo-wordpress\/ -->\n<title>Piduri juhtseade &quot;BRAKEMATIC\u00ae&quot; - My industrial<\/title>\n<meta name=\"robots\" content=\"index, follow, max-snippet:-1, max-image-preview:large, max-video-preview:-1\" \/>\n<link rel=\"canonical\" href=\"https:\/\/myindustrial.eu\/et\/shop\/elektro-hudraulilised-ajamite-lahendused\/piduri-juhtseade-brakematic\/piduri-juhtseade-brakematic\/\" \/>\n<meta property=\"og:locale\" content=\"et_EE\" \/>\n<meta property=\"og:type\" content=\"article\" \/>\n<meta property=\"og:title\" content=\"Piduri juhtseade &quot;BRAKEMATIC\u00ae&quot; - My industrial\" \/>\n<meta property=\"og:description\" content=\"Tooted ja lahendused EMG ELDRO\u00ae ja ELHY\u00ae elektroh\u00fcdraulilised t\u00f5ukurid tagavad ohutu ja &quot;\u00f5rna&quot; pidurdusprotsessi koos kaasaegsete trumli- ja ketaspiduritega. Lisaks tagavad need isikliku ja masinate ohutuse.  Miks EMG? Meie ELDRO\u00ae ja ELHY\u00ae turvakomponendid on 100% t\u00f5rkekindlad Rohkem kui 90 -aastane kogemus \u00fche \u00f5nnetuse t\u00f5ttu, mis on tingitud vigase EMG t\u00f5ukej\u00f5u t\u00f5ttu 2 miljonit t\u00f5ukej\u00f5udu edukalt m\u00fc\u00fcdud ja t\u00f6\u00f6korras Tuhanded rahulolevad kliendid kogu maailmas Kvaliteedi tagamise s\u00fcsteemi j\u00e4rjepidev j\u00e4rgimine vastavalt DIN EN ISO 9001 ja seaduse n\u00f5uetele K\u00f5igi seadmete 100% testimine funktsionaalsus- ja vastupidavustestides THE ORIGINAL. BE SAFE.  BRAKEMATIC\u00ae elektroh\u00fcdrauliliste piduris\u00fcsteemide juhtimine Elektroh\u00fcdrauliliste trummel- ja ketaspidurite BRAKEMATIC\u00ae juhtseadmed koosnevad p\u00f5him\u00f5tteliselt programmeeritavast sagedusmuundurist (FC) koos funktsionaalsete moodulitega (pedaal, sisemine v\u00f5i v\u00e4line parameetrite &quot;interface&quot;, protsessijuhtimismoodul koos m\u00f5\u00f5teanduriga). Sagedusmuunduri v\u00e4ljundis genereeritakse sageduse muutus. Seda kasutatakse elektroh\u00fcdraulilise t\u00f5ukej\u00f5u juhtimiseks, et muuta selle h\u00fcdraulilist j\u00f5udu. Sellest tulenev ELDRO\u00ae-seadme k\u00e4ivitav j\u00f5ud t\u00f6\u00f6tab vastu piduris\u00fcsteemi pidurdusj\u00f5ule, mis t\u00e4hendab, et selle suhte kaudu saab pidurdusprotsessi reguleerida.  BRAKEMATIC\u00ae juhtimiss\u00fcsteemi saab kasutada mitme piduri samaaegseks kasutamiseks eeldusel, et piduris\u00fcsteemide funktsioonid ja t\u00f6\u00f6re\u017eiim on identsed ning k\u00f5igi ELDRO\u00ae seadmete voolusisendv\u00e4\u00e4rtuste summa vastab valitud Brakematic s\u00fcsteemi suurusele.\" \/>\n<meta property=\"og:url\" content=\"https:\/\/myindustrial.eu\/et\/shop\/elektro-hudraulilised-ajamite-lahendused\/piduri-juhtseade-brakematic\/piduri-juhtseade-brakematic\/\" \/>\n<meta property=\"og:site_name\" content=\"My industrial\" \/>\n<meta property=\"article:modified_time\" content=\"2023-12-28T20:16:52+00:00\" \/>\n<meta property=\"og:image\" content=\"https:\/\/myindustrial.eu\/wp-content\/uploads\/2022\/01\/brakematic-300x300-4.jpg\" \/>\n\t<meta property=\"og:image:width\" content=\"300\" \/>\n\t<meta property=\"og:image:height\" content=\"300\" \/>\n\t<meta property=\"og:image:type\" content=\"image\/jpeg\" \/>\n<meta name=\"twitter:card\" content=\"summary_large_image\" \/>\n<script type=\"application\/ld+json\" class=\"yoast-schema-graph\">{\"@context\":\"https:\/\/schema.org\",\"@graph\":[{\"@type\":\"WebPage\",\"@id\":\"https:\/\/myindustrial.eu\/et\/shop\/elektro-hudraulilised-ajamite-lahendused\/piduri-juhtseade-brakematic\/piduri-juhtseade-brakematic\/\",\"url\":\"https:\/\/myindustrial.eu\/et\/shop\/elektro-hudraulilised-ajamite-lahendused\/piduri-juhtseade-brakematic\/piduri-juhtseade-brakematic\/\",\"name\":\"Piduri juhtseade \\\"BRAKEMATIC\u00ae\\\" - My industrial\",\"isPartOf\":{\"@id\":\"https:\/\/myindustrial.eu\/et\/#website\"},\"primaryImageOfPage\":{\"@id\":\"https:\/\/myindustrial.eu\/et\/shop\/elektro-hudraulilised-ajamite-lahendused\/piduri-juhtseade-brakematic\/piduri-juhtseade-brakematic\/#primaryimage\"},\"image\":{\"@id\":\"https:\/\/myindustrial.eu\/et\/shop\/elektro-hudraulilised-ajamite-lahendused\/piduri-juhtseade-brakematic\/piduri-juhtseade-brakematic\/#primaryimage\"},\"thumbnailUrl\":\"https:\/\/myindustrial.eu\/wp-content\/uploads\/2022\/01\/brakematic-300x300-4.jpg\",\"datePublished\":\"2022-01-14T02:06:20+00:00\",\"dateModified\":\"2023-12-28T20:16:52+00:00\",\"breadcrumb\":{\"@id\":\"https:\/\/myindustrial.eu\/et\/shop\/elektro-hudraulilised-ajamite-lahendused\/piduri-juhtseade-brakematic\/piduri-juhtseade-brakematic\/#breadcrumb\"},\"inLanguage\":\"et\",\"potentialAction\":[{\"@type\":\"ReadAction\",\"target\":[\"https:\/\/myindustrial.eu\/et\/shop\/elektro-hudraulilised-ajamite-lahendused\/piduri-juhtseade-brakematic\/piduri-juhtseade-brakematic\/\"]}]},{\"@type\":\"ImageObject\",\"inLanguage\":\"et\",\"@id\":\"https:\/\/myindustrial.eu\/et\/shop\/elektro-hudraulilised-ajamite-lahendused\/piduri-juhtseade-brakematic\/piduri-juhtseade-brakematic\/#primaryimage\",\"url\":\"https:\/\/myindustrial.eu\/wp-content\/uploads\/2022\/01\/brakematic-300x300-4.jpg\",\"contentUrl\":\"https:\/\/myindustrial.eu\/wp-content\/uploads\/2022\/01\/brakematic-300x300-4.jpg\",\"width\":300,\"height\":300},{\"@type\":\"BreadcrumbList\",\"@id\":\"https:\/\/myindustrial.eu\/et\/shop\/elektro-hudraulilised-ajamite-lahendused\/piduri-juhtseade-brakematic\/piduri-juhtseade-brakematic\/#breadcrumb\",\"itemListElement\":[{\"@type\":\"ListItem\",\"position\":1,\"name\":\"Home\",\"item\":\"https:\/\/myindustrial.eu\/et\/\"},{\"@type\":\"ListItem\",\"position\":2,\"name\":\"Products\",\"item\":\"https:\/\/myindustrial.eu\/et\/products\/\"},{\"@type\":\"ListItem\",\"position\":3,\"name\":\"Piduri juhtseade &#8220;BRAKEMATIC\u00ae&#8221;\"}]},{\"@type\":\"WebSite\",\"@id\":\"https:\/\/myindustrial.eu\/et\/#website\",\"url\":\"https:\/\/myindustrial.eu\/et\/\",\"name\":\"My industrial\",\"description\":\"\",\"potentialAction\":[{\"@type\":\"SearchAction\",\"target\":{\"@type\":\"EntryPoint\",\"urlTemplate\":\"https:\/\/myindustrial.eu\/et\/?s={search_term_string}\"},\"query-input\":{\"@type\":\"PropertyValueSpecification\",\"valueRequired\":true,\"valueName\":\"search_term_string\"}}],\"inLanguage\":\"et\"}]}<\/script>\n<!-- \/ Yoast SEO plugin. -->","yoast_head_json":{"title":"Piduri juhtseade \"BRAKEMATIC\u00ae\" - My industrial","robots":{"index":"index","follow":"follow","max-snippet":"max-snippet:-1","max-image-preview":"max-image-preview:large","max-video-preview":"max-video-preview:-1"},"canonical":"https:\/\/myindustrial.eu\/et\/shop\/elektro-hudraulilised-ajamite-lahendused\/piduri-juhtseade-brakematic\/piduri-juhtseade-brakematic\/","og_locale":"et_EE","og_type":"article","og_title":"Piduri juhtseade \"BRAKEMATIC\u00ae\" - My industrial","og_description":"Tooted ja lahendused EMG ELDRO\u00ae ja ELHY\u00ae elektroh\u00fcdraulilised t\u00f5ukurid tagavad ohutu ja \"\u00f5rna\" pidurdusprotsessi koos kaasaegsete trumli- ja ketaspiduritega. Lisaks tagavad need isikliku ja masinate ohutuse.  Miks EMG? Meie ELDRO\u00ae ja ELHY\u00ae turvakomponendid on 100% t\u00f5rkekindlad Rohkem kui 90 -aastane kogemus \u00fche \u00f5nnetuse t\u00f5ttu, mis on tingitud vigase EMG t\u00f5ukej\u00f5u t\u00f5ttu 2 miljonit t\u00f5ukej\u00f5udu edukalt m\u00fc\u00fcdud ja t\u00f6\u00f6korras Tuhanded rahulolevad kliendid kogu maailmas Kvaliteedi tagamise s\u00fcsteemi j\u00e4rjepidev j\u00e4rgimine vastavalt DIN EN ISO 9001 ja seaduse n\u00f5uetele K\u00f5igi seadmete 100% testimine funktsionaalsus- ja vastupidavustestides THE ORIGINAL. BE SAFE.  BRAKEMATIC\u00ae elektroh\u00fcdrauliliste piduris\u00fcsteemide juhtimine Elektroh\u00fcdrauliliste trummel- ja ketaspidurite BRAKEMATIC\u00ae juhtseadmed koosnevad p\u00f5him\u00f5tteliselt programmeeritavast sagedusmuundurist (FC) koos funktsionaalsete moodulitega (pedaal, sisemine v\u00f5i v\u00e4line parameetrite \"interface\", protsessijuhtimismoodul koos m\u00f5\u00f5teanduriga). Sagedusmuunduri v\u00e4ljundis genereeritakse sageduse muutus. Seda kasutatakse elektroh\u00fcdraulilise t\u00f5ukej\u00f5u juhtimiseks, et muuta selle h\u00fcdraulilist j\u00f5udu. Sellest tulenev ELDRO\u00ae-seadme k\u00e4ivitav j\u00f5ud t\u00f6\u00f6tab vastu piduris\u00fcsteemi pidurdusj\u00f5ule, mis t\u00e4hendab, et selle suhte kaudu saab pidurdusprotsessi reguleerida.  BRAKEMATIC\u00ae juhtimiss\u00fcsteemi saab kasutada mitme piduri samaaegseks kasutamiseks eeldusel, et piduris\u00fcsteemide funktsioonid ja t\u00f6\u00f6re\u017eiim on identsed ning k\u00f5igi ELDRO\u00ae seadmete voolusisendv\u00e4\u00e4rtuste summa vastab valitud Brakematic s\u00fcsteemi suurusele.","og_url":"https:\/\/myindustrial.eu\/et\/shop\/elektro-hudraulilised-ajamite-lahendused\/piduri-juhtseade-brakematic\/piduri-juhtseade-brakematic\/","og_site_name":"My industrial","article_modified_time":"2023-12-28T20:16:52+00:00","og_image":[{"width":300,"height":300,"url":"https:\/\/myindustrial.eu\/wp-content\/uploads\/2022\/01\/brakematic-300x300-4.jpg","type":"image\/jpeg"}],"twitter_card":"summary_large_image","schema":{"@context":"https:\/\/schema.org","@graph":[{"@type":"WebPage","@id":"https:\/\/myindustrial.eu\/et\/shop\/elektro-hudraulilised-ajamite-lahendused\/piduri-juhtseade-brakematic\/piduri-juhtseade-brakematic\/","url":"https:\/\/myindustrial.eu\/et\/shop\/elektro-hudraulilised-ajamite-lahendused\/piduri-juhtseade-brakematic\/piduri-juhtseade-brakematic\/","name":"Piduri juhtseade \"BRAKEMATIC\u00ae\" - My industrial","isPartOf":{"@id":"https:\/\/myindustrial.eu\/et\/#website"},"primaryImageOfPage":{"@id":"https:\/\/myindustrial.eu\/et\/shop\/elektro-hudraulilised-ajamite-lahendused\/piduri-juhtseade-brakematic\/piduri-juhtseade-brakematic\/#primaryimage"},"image":{"@id":"https:\/\/myindustrial.eu\/et\/shop\/elektro-hudraulilised-ajamite-lahendused\/piduri-juhtseade-brakematic\/piduri-juhtseade-brakematic\/#primaryimage"},"thumbnailUrl":"https:\/\/myindustrial.eu\/wp-content\/uploads\/2022\/01\/brakematic-300x300-4.jpg","datePublished":"2022-01-14T02:06:20+00:00","dateModified":"2023-12-28T20:16:52+00:00","breadcrumb":{"@id":"https:\/\/myindustrial.eu\/et\/shop\/elektro-hudraulilised-ajamite-lahendused\/piduri-juhtseade-brakematic\/piduri-juhtseade-brakematic\/#breadcrumb"},"inLanguage":"et","potentialAction":[{"@type":"ReadAction","target":["https:\/\/myindustrial.eu\/et\/shop\/elektro-hudraulilised-ajamite-lahendused\/piduri-juhtseade-brakematic\/piduri-juhtseade-brakematic\/"]}]},{"@type":"ImageObject","inLanguage":"et","@id":"https:\/\/myindustrial.eu\/et\/shop\/elektro-hudraulilised-ajamite-lahendused\/piduri-juhtseade-brakematic\/piduri-juhtseade-brakematic\/#primaryimage","url":"https:\/\/myindustrial.eu\/wp-content\/uploads\/2022\/01\/brakematic-300x300-4.jpg","contentUrl":"https:\/\/myindustrial.eu\/wp-content\/uploads\/2022\/01\/brakematic-300x300-4.jpg","width":300,"height":300},{"@type":"BreadcrumbList","@id":"https:\/\/myindustrial.eu\/et\/shop\/elektro-hudraulilised-ajamite-lahendused\/piduri-juhtseade-brakematic\/piduri-juhtseade-brakematic\/#breadcrumb","itemListElement":[{"@type":"ListItem","position":1,"name":"Home","item":"https:\/\/myindustrial.eu\/et\/"},{"@type":"ListItem","position":2,"name":"Products","item":"https:\/\/myindustrial.eu\/et\/products\/"},{"@type":"ListItem","position":3,"name":"Piduri juhtseade &#8220;BRAKEMATIC\u00ae&#8221;"}]},{"@type":"WebSite","@id":"https:\/\/myindustrial.eu\/et\/#website","url":"https:\/\/myindustrial.eu\/et\/","name":"My industrial","description":"","potentialAction":[{"@type":"SearchAction","target":{"@type":"EntryPoint","urlTemplate":"https:\/\/myindustrial.eu\/et\/?s={search_term_string}"},"query-input":{"@type":"PropertyValueSpecification","valueRequired":true,"valueName":"search_term_string"}}],"inLanguage":"et"}]}},"_links":{"self":[{"href":"https:\/\/myindustrial.eu\/et\/wp-json\/wp\/v2\/product\/1260059447","targetHints":{"allow":["GET"]}}],"collection":[{"href":"https:\/\/myindustrial.eu\/et\/wp-json\/wp\/v2\/product"}],"about":[{"href":"https:\/\/myindustrial.eu\/et\/wp-json\/wp\/v2\/types\/product"}],"version-history":[{"count":0,"href":"https:\/\/myindustrial.eu\/et\/wp-json\/wp\/v2\/product\/1260059447\/revisions"}],"wp:featuredmedia":[{"embeddable":true,"href":"https:\/\/myindustrial.eu\/et\/wp-json\/wp\/v2\/media\/1260058315"}],"wp:attachment":[{"href":"https:\/\/myindustrial.eu\/et\/wp-json\/wp\/v2\/media?parent=1260059447"}],"wp:term":[{"taxonomy":"product_brand","embeddable":true,"href":"https:\/\/myindustrial.eu\/et\/wp-json\/wp\/v2\/product_brand?post=1260059447"},{"taxonomy":"product_cat","embeddable":true,"href":"https:\/\/myindustrial.eu\/et\/wp-json\/wp\/v2\/product_cat?post=1260059447"},{"taxonomy":"product_tag","embeddable":true,"href":"https:\/\/myindustrial.eu\/et\/wp-json\/wp\/v2\/product_tag?post=1260059447"}],"curies":[{"name":"wp","href":"https:\/\/api.w.org\/{rel}","templated":true}]}}