{"id":1260059460,"date":"2022-01-14T01:36:47","date_gmt":"2022-01-14T02:06:20","guid":{"rendered":"https:\/\/myindustrial.eu\/shop-2\/maaratlemata\/f25\/"},"modified":"2023-12-28T19:28:24","modified_gmt":"2023-12-28T19:28:24","slug":"f25","status":"publish","type":"product","link":"https:\/\/myindustrial.eu\/et\/shop\/potentsiomeetrid-ja-andurid\/uhe-poordega-potentsiomeeter\/traatpotentsiomeeter\/f25\/","title":{"rendered":"Traatpotentsiomeeter F25"},"content":{"rendered":"<p><iframe width=\"560\" height=\"315\" src=\"https:\/\/youtube.com\/embed\/wvpDcpkYLPo\" frameborder=\"0\" allow=\"accelerometer; autoplay; clipboard-write; encrypted-media; gyroscope; picture-in-picture; web-share\" allowfullscreen><\/iframe><\/p>\n","protected":false},"excerpt":{"rendered":"<p><span style=\"font-weight: 400;\">Peenlihvimisvastuste tootesarja iseloomustab \u00e4\u00e4rmiselt madal p\u00f6\u00f6rdemoment 0,003 Ncm, mis t\u00e4hendab, et neid saab v\u00e4ga tundlikult reguleerida. Sellise p\u00f6\u00f6rdemomendi saavutamiseks hoitakse v\u00f5tme kontaktr\u00f5hk m\u00e4hisele v\u00f5imalikult madalal. P\u00f6\u00f6rlevad takistid koosnevad keritud takistustraadist ja liugurist, mis on \u00fchendatud m\u00f5\u00f5teseadme osuti v\u00f5llile \u00fchenduss\u00fcsteemi kaudu. Kraani ja m\u00e4hise jaoks kasutatakse ainult k\u00f5rge korrosioonikindlusega v\u00e4\u00e4rismetallisulameid. F25 seeria on pika kasutuseaga ja sobib eriti h\u00e4sti kasutamiseks osutusfunktsiooniga m\u00f5\u00f5teriistades. F25Z seeria on valmistatud spetsiaalselt selle kasutusala jaoks. Siduriv\u00f5llid ja sidurihoovad on saadaval peenlihvimisvastuste lisatarvikutena. Integreerida saab ka m\u00f5\u00f5teanduri, mille v\u00e4ljundsignaal on 0\/4&#8230;20 mA v\u00f5i 0&#8230;10V DC.<\/span><\/p>\n","protected":false},"featured_media":1260058383,"template":"","meta":[],"product_brand":[],"product_cat":[1540],"product_tag":[],"class_list":{"0":"post-1260059460","1":"product","2":"type-product","3":"status-publish","4":"has-post-thumbnail","6":"product_cat-traatpotentsiomeeter","8":"first","9":"instock","10":"product-type-simple"},"yoast_head":"<!-- This site is optimized with the Yoast SEO plugin v27.1.1 - https:\/\/yoast.com\/product\/yoast-seo-wordpress\/ -->\n<title>Traatpotentsiomeeter F25 - My industrial<\/title>\n<meta name=\"robots\" content=\"index, follow, max-snippet:-1, max-image-preview:large, max-video-preview:-1\" \/>\n<link rel=\"canonical\" href=\"https:\/\/myindustrial.eu\/et\/shop\/potentsiomeetrid-ja-andurid\/uhe-poordega-potentsiomeeter\/traatpotentsiomeeter\/f25\/\" \/>\n<meta property=\"og:locale\" content=\"et_EE\" \/>\n<meta property=\"og:type\" content=\"article\" \/>\n<meta property=\"og:title\" content=\"Traatpotentsiomeeter F25 - My industrial\" \/>\n<meta property=\"og:description\" content=\"Peenlihvimisvastuste tootesarja iseloomustab \u00e4\u00e4rmiselt madal p\u00f6\u00f6rdemoment 0,003 Ncm, mis t\u00e4hendab, et neid saab v\u00e4ga tundlikult reguleerida. Sellise p\u00f6\u00f6rdemomendi saavutamiseks hoitakse v\u00f5tme kontaktr\u00f5hk m\u00e4hisele v\u00f5imalikult madalal. P\u00f6\u00f6rlevad takistid koosnevad keritud takistustraadist ja liugurist, mis on \u00fchendatud m\u00f5\u00f5teseadme osuti v\u00f5llile \u00fchenduss\u00fcsteemi kaudu. Kraani ja m\u00e4hise jaoks kasutatakse ainult k\u00f5rge korrosioonikindlusega v\u00e4\u00e4rismetallisulameid. F25 seeria on pika kasutuseaga ja sobib eriti h\u00e4sti kasutamiseks osutusfunktsiooniga m\u00f5\u00f5teriistades. F25Z seeria on valmistatud spetsiaalselt selle kasutusala jaoks. Siduriv\u00f5llid ja sidurihoovad on saadaval peenlihvimisvastuste lisatarvikutena. Integreerida saab ka m\u00f5\u00f5teanduri, mille v\u00e4ljundsignaal on 0\/4...20 mA v\u00f5i 0...10V DC.\" \/>\n<meta property=\"og:url\" content=\"https:\/\/myindustrial.eu\/et\/shop\/potentsiomeetrid-ja-andurid\/uhe-poordega-potentsiomeeter\/traatpotentsiomeeter\/f25\/\" \/>\n<meta property=\"og:site_name\" content=\"My industrial\" \/>\n<meta property=\"article:modified_time\" content=\"2023-12-28T19:28:24+00:00\" \/>\n<meta property=\"og:image\" content=\"https:\/\/myindustrial.eu\/wp-content\/uploads\/2022\/01\/F25.webp\" \/>\n\t<meta property=\"og:image:width\" content=\"400\" \/>\n\t<meta property=\"og:image:height\" content=\"413\" \/>\n\t<meta property=\"og:image:type\" content=\"image\/webp\" \/>\n<meta name=\"twitter:card\" content=\"summary_large_image\" \/>\n<script type=\"application\/ld+json\" class=\"yoast-schema-graph\">{\"@context\":\"https:\/\/schema.org\",\"@graph\":[{\"@type\":\"WebPage\",\"@id\":\"https:\/\/myindustrial.eu\/et\/shop\/potentsiomeetrid-ja-andurid\/uhe-poordega-potentsiomeeter\/traatpotentsiomeeter\/f25\/\",\"url\":\"https:\/\/myindustrial.eu\/et\/shop\/potentsiomeetrid-ja-andurid\/uhe-poordega-potentsiomeeter\/traatpotentsiomeeter\/f25\/\",\"name\":\"Traatpotentsiomeeter F25 - My industrial\",\"isPartOf\":{\"@id\":\"https:\/\/myindustrial.eu\/et\/#website\"},\"primaryImageOfPage\":{\"@id\":\"https:\/\/myindustrial.eu\/et\/shop\/potentsiomeetrid-ja-andurid\/uhe-poordega-potentsiomeeter\/traatpotentsiomeeter\/f25\/#primaryimage\"},\"image\":{\"@id\":\"https:\/\/myindustrial.eu\/et\/shop\/potentsiomeetrid-ja-andurid\/uhe-poordega-potentsiomeeter\/traatpotentsiomeeter\/f25\/#primaryimage\"},\"thumbnailUrl\":\"https:\/\/myindustrial.eu\/wp-content\/uploads\/2022\/01\/F25.webp\",\"datePublished\":\"2022-01-14T02:06:20+00:00\",\"dateModified\":\"2023-12-28T19:28:24+00:00\",\"breadcrumb\":{\"@id\":\"https:\/\/myindustrial.eu\/et\/shop\/potentsiomeetrid-ja-andurid\/uhe-poordega-potentsiomeeter\/traatpotentsiomeeter\/f25\/#breadcrumb\"},\"inLanguage\":\"et\",\"potentialAction\":[{\"@type\":\"ReadAction\",\"target\":[\"https:\/\/myindustrial.eu\/et\/shop\/potentsiomeetrid-ja-andurid\/uhe-poordega-potentsiomeeter\/traatpotentsiomeeter\/f25\/\"]}]},{\"@type\":\"ImageObject\",\"inLanguage\":\"et\",\"@id\":\"https:\/\/myindustrial.eu\/et\/shop\/potentsiomeetrid-ja-andurid\/uhe-poordega-potentsiomeeter\/traatpotentsiomeeter\/f25\/#primaryimage\",\"url\":\"https:\/\/myindustrial.eu\/wp-content\/uploads\/2022\/01\/F25.webp\",\"contentUrl\":\"https:\/\/myindustrial.eu\/wp-content\/uploads\/2022\/01\/F25.webp\",\"width\":400,\"height\":413},{\"@type\":\"BreadcrumbList\",\"@id\":\"https:\/\/myindustrial.eu\/et\/shop\/potentsiomeetrid-ja-andurid\/uhe-poordega-potentsiomeeter\/traatpotentsiomeeter\/f25\/#breadcrumb\",\"itemListElement\":[{\"@type\":\"ListItem\",\"position\":1,\"name\":\"Home\",\"item\":\"https:\/\/myindustrial.eu\/et\/\"},{\"@type\":\"ListItem\",\"position\":2,\"name\":\"Products\",\"item\":\"https:\/\/myindustrial.eu\/et\/products\/\"},{\"@type\":\"ListItem\",\"position\":3,\"name\":\"Traatpotentsiomeeter F25\"}]},{\"@type\":\"WebSite\",\"@id\":\"https:\/\/myindustrial.eu\/et\/#website\",\"url\":\"https:\/\/myindustrial.eu\/et\/\",\"name\":\"My industrial\",\"description\":\"\",\"potentialAction\":[{\"@type\":\"SearchAction\",\"target\":{\"@type\":\"EntryPoint\",\"urlTemplate\":\"https:\/\/myindustrial.eu\/et\/?s={search_term_string}\"},\"query-input\":{\"@type\":\"PropertyValueSpecification\",\"valueRequired\":true,\"valueName\":\"search_term_string\"}}],\"inLanguage\":\"et\"}]}<\/script>\n<!-- \/ Yoast SEO plugin. -->","yoast_head_json":{"title":"Traatpotentsiomeeter F25 - My industrial","robots":{"index":"index","follow":"follow","max-snippet":"max-snippet:-1","max-image-preview":"max-image-preview:large","max-video-preview":"max-video-preview:-1"},"canonical":"https:\/\/myindustrial.eu\/et\/shop\/potentsiomeetrid-ja-andurid\/uhe-poordega-potentsiomeeter\/traatpotentsiomeeter\/f25\/","og_locale":"et_EE","og_type":"article","og_title":"Traatpotentsiomeeter F25 - My industrial","og_description":"Peenlihvimisvastuste tootesarja iseloomustab \u00e4\u00e4rmiselt madal p\u00f6\u00f6rdemoment 0,003 Ncm, mis t\u00e4hendab, et neid saab v\u00e4ga tundlikult reguleerida. Sellise p\u00f6\u00f6rdemomendi saavutamiseks hoitakse v\u00f5tme kontaktr\u00f5hk m\u00e4hisele v\u00f5imalikult madalal. P\u00f6\u00f6rlevad takistid koosnevad keritud takistustraadist ja liugurist, mis on \u00fchendatud m\u00f5\u00f5teseadme osuti v\u00f5llile \u00fchenduss\u00fcsteemi kaudu. Kraani ja m\u00e4hise jaoks kasutatakse ainult k\u00f5rge korrosioonikindlusega v\u00e4\u00e4rismetallisulameid. F25 seeria on pika kasutuseaga ja sobib eriti h\u00e4sti kasutamiseks osutusfunktsiooniga m\u00f5\u00f5teriistades. F25Z seeria on valmistatud spetsiaalselt selle kasutusala jaoks. Siduriv\u00f5llid ja sidurihoovad on saadaval peenlihvimisvastuste lisatarvikutena. Integreerida saab ka m\u00f5\u00f5teanduri, mille v\u00e4ljundsignaal on 0\/4...20 mA v\u00f5i 0...10V DC.","og_url":"https:\/\/myindustrial.eu\/et\/shop\/potentsiomeetrid-ja-andurid\/uhe-poordega-potentsiomeeter\/traatpotentsiomeeter\/f25\/","og_site_name":"My industrial","article_modified_time":"2023-12-28T19:28:24+00:00","og_image":[{"width":400,"height":413,"url":"https:\/\/myindustrial.eu\/wp-content\/uploads\/2022\/01\/F25.webp","type":"image\/webp"}],"twitter_card":"summary_large_image","schema":{"@context":"https:\/\/schema.org","@graph":[{"@type":"WebPage","@id":"https:\/\/myindustrial.eu\/et\/shop\/potentsiomeetrid-ja-andurid\/uhe-poordega-potentsiomeeter\/traatpotentsiomeeter\/f25\/","url":"https:\/\/myindustrial.eu\/et\/shop\/potentsiomeetrid-ja-andurid\/uhe-poordega-potentsiomeeter\/traatpotentsiomeeter\/f25\/","name":"Traatpotentsiomeeter F25 - My industrial","isPartOf":{"@id":"https:\/\/myindustrial.eu\/et\/#website"},"primaryImageOfPage":{"@id":"https:\/\/myindustrial.eu\/et\/shop\/potentsiomeetrid-ja-andurid\/uhe-poordega-potentsiomeeter\/traatpotentsiomeeter\/f25\/#primaryimage"},"image":{"@id":"https:\/\/myindustrial.eu\/et\/shop\/potentsiomeetrid-ja-andurid\/uhe-poordega-potentsiomeeter\/traatpotentsiomeeter\/f25\/#primaryimage"},"thumbnailUrl":"https:\/\/myindustrial.eu\/wp-content\/uploads\/2022\/01\/F25.webp","datePublished":"2022-01-14T02:06:20+00:00","dateModified":"2023-12-28T19:28:24+00:00","breadcrumb":{"@id":"https:\/\/myindustrial.eu\/et\/shop\/potentsiomeetrid-ja-andurid\/uhe-poordega-potentsiomeeter\/traatpotentsiomeeter\/f25\/#breadcrumb"},"inLanguage":"et","potentialAction":[{"@type":"ReadAction","target":["https:\/\/myindustrial.eu\/et\/shop\/potentsiomeetrid-ja-andurid\/uhe-poordega-potentsiomeeter\/traatpotentsiomeeter\/f25\/"]}]},{"@type":"ImageObject","inLanguage":"et","@id":"https:\/\/myindustrial.eu\/et\/shop\/potentsiomeetrid-ja-andurid\/uhe-poordega-potentsiomeeter\/traatpotentsiomeeter\/f25\/#primaryimage","url":"https:\/\/myindustrial.eu\/wp-content\/uploads\/2022\/01\/F25.webp","contentUrl":"https:\/\/myindustrial.eu\/wp-content\/uploads\/2022\/01\/F25.webp","width":400,"height":413},{"@type":"BreadcrumbList","@id":"https:\/\/myindustrial.eu\/et\/shop\/potentsiomeetrid-ja-andurid\/uhe-poordega-potentsiomeeter\/traatpotentsiomeeter\/f25\/#breadcrumb","itemListElement":[{"@type":"ListItem","position":1,"name":"Home","item":"https:\/\/myindustrial.eu\/et\/"},{"@type":"ListItem","position":2,"name":"Products","item":"https:\/\/myindustrial.eu\/et\/products\/"},{"@type":"ListItem","position":3,"name":"Traatpotentsiomeeter F25"}]},{"@type":"WebSite","@id":"https:\/\/myindustrial.eu\/et\/#website","url":"https:\/\/myindustrial.eu\/et\/","name":"My industrial","description":"","potentialAction":[{"@type":"SearchAction","target":{"@type":"EntryPoint","urlTemplate":"https:\/\/myindustrial.eu\/et\/?s={search_term_string}"},"query-input":{"@type":"PropertyValueSpecification","valueRequired":true,"valueName":"search_term_string"}}],"inLanguage":"et"}]}},"_links":{"self":[{"href":"https:\/\/myindustrial.eu\/et\/wp-json\/wp\/v2\/product\/1260059460","targetHints":{"allow":["GET"]}}],"collection":[{"href":"https:\/\/myindustrial.eu\/et\/wp-json\/wp\/v2\/product"}],"about":[{"href":"https:\/\/myindustrial.eu\/et\/wp-json\/wp\/v2\/types\/product"}],"version-history":[{"count":0,"href":"https:\/\/myindustrial.eu\/et\/wp-json\/wp\/v2\/product\/1260059460\/revisions"}],"wp:featuredmedia":[{"embeddable":true,"href":"https:\/\/myindustrial.eu\/et\/wp-json\/wp\/v2\/media\/1260058383"}],"wp:attachment":[{"href":"https:\/\/myindustrial.eu\/et\/wp-json\/wp\/v2\/media?parent=1260059460"}],"wp:term":[{"taxonomy":"product_brand","embeddable":true,"href":"https:\/\/myindustrial.eu\/et\/wp-json\/wp\/v2\/product_brand?post=1260059460"},{"taxonomy":"product_cat","embeddable":true,"href":"https:\/\/myindustrial.eu\/et\/wp-json\/wp\/v2\/product_cat?post=1260059460"},{"taxonomy":"product_tag","embeddable":true,"href":"https:\/\/myindustrial.eu\/et\/wp-json\/wp\/v2\/product_tag?post=1260059460"}],"curies":[{"name":"wp","href":"https:\/\/api.w.org\/{rel}","templated":true}]}}