{"id":1260059461,"date":"2022-01-14T02:06:20","date_gmt":"2022-01-14T02:06:20","guid":{"rendered":"https:\/\/myindustrial.eu\/shop-2\/maaratlemata\/lpt18\/"},"modified":"2023-06-16T19:59:13","modified_gmt":"2023-06-16T19:59:13","slug":"lpt18","status":"publish","type":"product","link":"https:\/\/myindustrial.eu\/et\/shop\/potentsiomeetrid-ja-andurid\/uhe-poordega-potentsiomeeter\/juhtiv-plastist-potentsiomeeter\/lpt18\/","title":{"rendered":"Juhtiv plastist potentsiomeeter LPT18"},"content":{"rendered":"<p><iframe width=\"560\" height=\"315\" src=\"https:\/\/youtube.com\/embed\/Z6an0Ckc5Zg\" frameborder=\"0\" allow=\"accelerometer; autoplay; clipboard-write; encrypted-media; gyroscope; picture-in-picture; web-share\" allowfullscreen><\/iframe><iframe width=\"560\" height=\"315\" src=\"https:\/\/youtube.com\/embed\/S341UgztNTU\" frameborder=\"0\" allow=\"accelerometer; autoplay; clipboard-write; encrypted-media; gyroscope; picture-in-picture; web-share\" allowfullscreen><\/iframe><\/p>\n","protected":false},"excerpt":{"rendered":"<p>Selle tootesarja juhtivad plastist t\u00e4ppis-traatpotentsiomeetrid sobivad kasutamiseks k\u00f5ikides t\u00f6\u00f6stusvaldkondades. Klaaskiududega tugevdatud plastist korpus tagab suure tugevuse ja kuumakindluse. Potentsiomeetri saab ka kapseldada, mis tagab kaitseklassi kuni IP67. V\u00f5ll on aksiaalsete koormuste tasakaalustamiseks paigaldatud korpusesse. Potentsiomeeter on valikus kahte t\u00fc\u00fcpi \u00fchendustega: k\u00fclgmised v\u00f5i alumised kontaktid. LPT18-seeria saab laiendada v\u00e4lise korpusega l\u00fclituspotentsiomeetriks.<\/p>\n","protected":false},"featured_media":1260061876,"template":"","meta":[],"product_brand":[],"product_cat":[1545],"product_tag":[],"class_list":{"0":"post-1260059461","1":"product","2":"type-product","3":"status-publish","4":"has-post-thumbnail","6":"product_cat-juhtiv-plastist-potentsiomeeter","8":"first","9":"instock","10":"product-type-simple"},"yoast_head":"<!-- This site is optimized with the Yoast SEO plugin v27.1.1 - https:\/\/yoast.com\/product\/yoast-seo-wordpress\/ -->\n<title>Juhtiv plastist potentsiomeeter LPT18 - My industrial<\/title>\n<meta name=\"robots\" content=\"index, follow, max-snippet:-1, max-image-preview:large, max-video-preview:-1\" \/>\n<link rel=\"canonical\" href=\"https:\/\/myindustrial.eu\/et\/shop\/potentsiomeetrid-ja-andurid\/uhe-poordega-potentsiomeeter\/juhtiv-plastist-potentsiomeeter\/lpt18\/\" \/>\n<meta property=\"og:locale\" content=\"et_EE\" \/>\n<meta property=\"og:type\" content=\"article\" \/>\n<meta property=\"og:title\" content=\"Juhtiv plastist potentsiomeeter LPT18 - My industrial\" \/>\n<meta property=\"og:description\" content=\"Selle tootesarja juhtivad plastist t\u00e4ppis-traatpotentsiomeetrid sobivad kasutamiseks k\u00f5ikides t\u00f6\u00f6stusvaldkondades. Klaaskiududega tugevdatud plastist korpus tagab suure tugevuse ja kuumakindluse. Potentsiomeetri saab ka kapseldada, mis tagab kaitseklassi kuni IP67. V\u00f5ll on aksiaalsete koormuste tasakaalustamiseks paigaldatud korpusesse. Potentsiomeeter on valikus kahte t\u00fc\u00fcpi \u00fchendustega: k\u00fclgmised v\u00f5i alumised kontaktid. LPT18-seeria saab laiendada v\u00e4lise korpusega l\u00fclituspotentsiomeetriks.\" \/>\n<meta property=\"og:url\" content=\"https:\/\/myindustrial.eu\/et\/shop\/potentsiomeetrid-ja-andurid\/uhe-poordega-potentsiomeeter\/juhtiv-plastist-potentsiomeeter\/lpt18\/\" \/>\n<meta property=\"og:site_name\" content=\"My industrial\" \/>\n<meta property=\"article:modified_time\" content=\"2023-06-16T19:59:13+00:00\" \/>\n<meta property=\"og:image\" content=\"https:\/\/myindustrial.eu\/wp-content\/uploads\/2022\/01\/lpt18_leitplastik_altmann_400x413-400x413.jpg\" \/>\n\t<meta property=\"og:image:width\" content=\"400\" \/>\n\t<meta property=\"og:image:height\" content=\"413\" \/>\n\t<meta property=\"og:image:type\" content=\"image\/jpeg\" \/>\n<meta name=\"twitter:card\" content=\"summary_large_image\" \/>\n<script type=\"application\/ld+json\" class=\"yoast-schema-graph\">{\"@context\":\"https:\/\/schema.org\",\"@graph\":[{\"@type\":\"WebPage\",\"@id\":\"https:\/\/myindustrial.eu\/et\/shop\/potentsiomeetrid-ja-andurid\/uhe-poordega-potentsiomeeter\/juhtiv-plastist-potentsiomeeter\/lpt18\/\",\"url\":\"https:\/\/myindustrial.eu\/et\/shop\/potentsiomeetrid-ja-andurid\/uhe-poordega-potentsiomeeter\/juhtiv-plastist-potentsiomeeter\/lpt18\/\",\"name\":\"Juhtiv plastist potentsiomeeter LPT18 - My industrial\",\"isPartOf\":{\"@id\":\"https:\/\/myindustrial.eu\/et\/#website\"},\"primaryImageOfPage\":{\"@id\":\"https:\/\/myindustrial.eu\/et\/shop\/potentsiomeetrid-ja-andurid\/uhe-poordega-potentsiomeeter\/juhtiv-plastist-potentsiomeeter\/lpt18\/#primaryimage\"},\"image\":{\"@id\":\"https:\/\/myindustrial.eu\/et\/shop\/potentsiomeetrid-ja-andurid\/uhe-poordega-potentsiomeeter\/juhtiv-plastist-potentsiomeeter\/lpt18\/#primaryimage\"},\"thumbnailUrl\":\"https:\/\/myindustrial.eu\/wp-content\/uploads\/2022\/01\/lpt18_leitplastik_altmann_400x413-400x413.jpg\",\"datePublished\":\"2022-01-14T02:06:20+00:00\",\"dateModified\":\"2023-06-16T19:59:13+00:00\",\"breadcrumb\":{\"@id\":\"https:\/\/myindustrial.eu\/et\/shop\/potentsiomeetrid-ja-andurid\/uhe-poordega-potentsiomeeter\/juhtiv-plastist-potentsiomeeter\/lpt18\/#breadcrumb\"},\"inLanguage\":\"et\",\"potentialAction\":[{\"@type\":\"ReadAction\",\"target\":[\"https:\/\/myindustrial.eu\/et\/shop\/potentsiomeetrid-ja-andurid\/uhe-poordega-potentsiomeeter\/juhtiv-plastist-potentsiomeeter\/lpt18\/\"]}]},{\"@type\":\"ImageObject\",\"inLanguage\":\"et\",\"@id\":\"https:\/\/myindustrial.eu\/et\/shop\/potentsiomeetrid-ja-andurid\/uhe-poordega-potentsiomeeter\/juhtiv-plastist-potentsiomeeter\/lpt18\/#primaryimage\",\"url\":\"https:\/\/myindustrial.eu\/wp-content\/uploads\/2022\/01\/lpt18_leitplastik_altmann_400x413-400x413.jpg\",\"contentUrl\":\"https:\/\/myindustrial.eu\/wp-content\/uploads\/2022\/01\/lpt18_leitplastik_altmann_400x413-400x413.jpg\",\"width\":400,\"height\":413},{\"@type\":\"BreadcrumbList\",\"@id\":\"https:\/\/myindustrial.eu\/et\/shop\/potentsiomeetrid-ja-andurid\/uhe-poordega-potentsiomeeter\/juhtiv-plastist-potentsiomeeter\/lpt18\/#breadcrumb\",\"itemListElement\":[{\"@type\":\"ListItem\",\"position\":1,\"name\":\"Home\",\"item\":\"https:\/\/myindustrial.eu\/et\/\"},{\"@type\":\"ListItem\",\"position\":2,\"name\":\"Products\",\"item\":\"https:\/\/myindustrial.eu\/et\/products\/\"},{\"@type\":\"ListItem\",\"position\":3,\"name\":\"Juhtiv plastist potentsiomeeter LPT18\"}]},{\"@type\":\"WebSite\",\"@id\":\"https:\/\/myindustrial.eu\/et\/#website\",\"url\":\"https:\/\/myindustrial.eu\/et\/\",\"name\":\"My industrial\",\"description\":\"\",\"potentialAction\":[{\"@type\":\"SearchAction\",\"target\":{\"@type\":\"EntryPoint\",\"urlTemplate\":\"https:\/\/myindustrial.eu\/et\/?s={search_term_string}\"},\"query-input\":{\"@type\":\"PropertyValueSpecification\",\"valueRequired\":true,\"valueName\":\"search_term_string\"}}],\"inLanguage\":\"et\"}]}<\/script>\n<!-- \/ Yoast SEO plugin. -->","yoast_head_json":{"title":"Juhtiv plastist potentsiomeeter LPT18 - My industrial","robots":{"index":"index","follow":"follow","max-snippet":"max-snippet:-1","max-image-preview":"max-image-preview:large","max-video-preview":"max-video-preview:-1"},"canonical":"https:\/\/myindustrial.eu\/et\/shop\/potentsiomeetrid-ja-andurid\/uhe-poordega-potentsiomeeter\/juhtiv-plastist-potentsiomeeter\/lpt18\/","og_locale":"et_EE","og_type":"article","og_title":"Juhtiv plastist potentsiomeeter LPT18 - My industrial","og_description":"Selle tootesarja juhtivad plastist t\u00e4ppis-traatpotentsiomeetrid sobivad kasutamiseks k\u00f5ikides t\u00f6\u00f6stusvaldkondades. Klaaskiududega tugevdatud plastist korpus tagab suure tugevuse ja kuumakindluse. Potentsiomeetri saab ka kapseldada, mis tagab kaitseklassi kuni IP67. V\u00f5ll on aksiaalsete koormuste tasakaalustamiseks paigaldatud korpusesse. Potentsiomeeter on valikus kahte t\u00fc\u00fcpi \u00fchendustega: k\u00fclgmised v\u00f5i alumised kontaktid. LPT18-seeria saab laiendada v\u00e4lise korpusega l\u00fclituspotentsiomeetriks.","og_url":"https:\/\/myindustrial.eu\/et\/shop\/potentsiomeetrid-ja-andurid\/uhe-poordega-potentsiomeeter\/juhtiv-plastist-potentsiomeeter\/lpt18\/","og_site_name":"My industrial","article_modified_time":"2023-06-16T19:59:13+00:00","og_image":[{"width":400,"height":413,"url":"https:\/\/myindustrial.eu\/wp-content\/uploads\/2022\/01\/lpt18_leitplastik_altmann_400x413-400x413.jpg","type":"image\/jpeg"}],"twitter_card":"summary_large_image","schema":{"@context":"https:\/\/schema.org","@graph":[{"@type":"WebPage","@id":"https:\/\/myindustrial.eu\/et\/shop\/potentsiomeetrid-ja-andurid\/uhe-poordega-potentsiomeeter\/juhtiv-plastist-potentsiomeeter\/lpt18\/","url":"https:\/\/myindustrial.eu\/et\/shop\/potentsiomeetrid-ja-andurid\/uhe-poordega-potentsiomeeter\/juhtiv-plastist-potentsiomeeter\/lpt18\/","name":"Juhtiv plastist potentsiomeeter LPT18 - My industrial","isPartOf":{"@id":"https:\/\/myindustrial.eu\/et\/#website"},"primaryImageOfPage":{"@id":"https:\/\/myindustrial.eu\/et\/shop\/potentsiomeetrid-ja-andurid\/uhe-poordega-potentsiomeeter\/juhtiv-plastist-potentsiomeeter\/lpt18\/#primaryimage"},"image":{"@id":"https:\/\/myindustrial.eu\/et\/shop\/potentsiomeetrid-ja-andurid\/uhe-poordega-potentsiomeeter\/juhtiv-plastist-potentsiomeeter\/lpt18\/#primaryimage"},"thumbnailUrl":"https:\/\/myindustrial.eu\/wp-content\/uploads\/2022\/01\/lpt18_leitplastik_altmann_400x413-400x413.jpg","datePublished":"2022-01-14T02:06:20+00:00","dateModified":"2023-06-16T19:59:13+00:00","breadcrumb":{"@id":"https:\/\/myindustrial.eu\/et\/shop\/potentsiomeetrid-ja-andurid\/uhe-poordega-potentsiomeeter\/juhtiv-plastist-potentsiomeeter\/lpt18\/#breadcrumb"},"inLanguage":"et","potentialAction":[{"@type":"ReadAction","target":["https:\/\/myindustrial.eu\/et\/shop\/potentsiomeetrid-ja-andurid\/uhe-poordega-potentsiomeeter\/juhtiv-plastist-potentsiomeeter\/lpt18\/"]}]},{"@type":"ImageObject","inLanguage":"et","@id":"https:\/\/myindustrial.eu\/et\/shop\/potentsiomeetrid-ja-andurid\/uhe-poordega-potentsiomeeter\/juhtiv-plastist-potentsiomeeter\/lpt18\/#primaryimage","url":"https:\/\/myindustrial.eu\/wp-content\/uploads\/2022\/01\/lpt18_leitplastik_altmann_400x413-400x413.jpg","contentUrl":"https:\/\/myindustrial.eu\/wp-content\/uploads\/2022\/01\/lpt18_leitplastik_altmann_400x413-400x413.jpg","width":400,"height":413},{"@type":"BreadcrumbList","@id":"https:\/\/myindustrial.eu\/et\/shop\/potentsiomeetrid-ja-andurid\/uhe-poordega-potentsiomeeter\/juhtiv-plastist-potentsiomeeter\/lpt18\/#breadcrumb","itemListElement":[{"@type":"ListItem","position":1,"name":"Home","item":"https:\/\/myindustrial.eu\/et\/"},{"@type":"ListItem","position":2,"name":"Products","item":"https:\/\/myindustrial.eu\/et\/products\/"},{"@type":"ListItem","position":3,"name":"Juhtiv plastist potentsiomeeter LPT18"}]},{"@type":"WebSite","@id":"https:\/\/myindustrial.eu\/et\/#website","url":"https:\/\/myindustrial.eu\/et\/","name":"My industrial","description":"","potentialAction":[{"@type":"SearchAction","target":{"@type":"EntryPoint","urlTemplate":"https:\/\/myindustrial.eu\/et\/?s={search_term_string}"},"query-input":{"@type":"PropertyValueSpecification","valueRequired":true,"valueName":"search_term_string"}}],"inLanguage":"et"}]}},"_links":{"self":[{"href":"https:\/\/myindustrial.eu\/et\/wp-json\/wp\/v2\/product\/1260059461","targetHints":{"allow":["GET"]}}],"collection":[{"href":"https:\/\/myindustrial.eu\/et\/wp-json\/wp\/v2\/product"}],"about":[{"href":"https:\/\/myindustrial.eu\/et\/wp-json\/wp\/v2\/types\/product"}],"version-history":[{"count":0,"href":"https:\/\/myindustrial.eu\/et\/wp-json\/wp\/v2\/product\/1260059461\/revisions"}],"wp:featuredmedia":[{"embeddable":true,"href":"https:\/\/myindustrial.eu\/et\/wp-json\/wp\/v2\/media\/1260061876"}],"wp:attachment":[{"href":"https:\/\/myindustrial.eu\/et\/wp-json\/wp\/v2\/media?parent=1260059461"}],"wp:term":[{"taxonomy":"product_brand","embeddable":true,"href":"https:\/\/myindustrial.eu\/et\/wp-json\/wp\/v2\/product_brand?post=1260059461"},{"taxonomy":"product_cat","embeddable":true,"href":"https:\/\/myindustrial.eu\/et\/wp-json\/wp\/v2\/product_cat?post=1260059461"},{"taxonomy":"product_tag","embeddable":true,"href":"https:\/\/myindustrial.eu\/et\/wp-json\/wp\/v2\/product_tag?post=1260059461"}],"curies":[{"name":"wp","href":"https:\/\/api.w.org\/{rel}","templated":true}]}}