{"id":1260059462,"date":"2022-01-14T02:06:20","date_gmt":"2022-01-14T02:06:20","guid":{"rendered":"https:\/\/myindustrial.eu\/shop-2\/maaratlemata\/lp11\/"},"modified":"2023-06-16T19:59:04","modified_gmt":"2023-06-16T19:59:04","slug":"lp11","status":"publish","type":"product","link":"https:\/\/myindustrial.eu\/et\/shop\/potentsiomeetrid-ja-andurid\/uhe-poordega-potentsiomeeter\/juhtiv-plastist-potentsiomeeter\/lp11\/","title":{"rendered":"Juhtiv plastist potentsiomeeter LP11"},"content":{"rendered":"<p><iframe width=\"560\" height=\"315\" src=\"https:\/\/youtube.com\/shorts\/IhBfmVnFzug?feature=share\" frameborder=\"0\" allow=\"accelerometer; autoplay; clipboard-write; encrypted-media; gyroscope; picture-in-picture; web-share\" allowfullscreen><\/iframe><\/p>\n","protected":false},"excerpt":{"rendered":"<p>LP11-le on iseloomulik eriti kompaktne ehitus. Integreeritud niidiga klaaskiududega tugevdatud plastkorpus on v\u00e4ga kulut\u00f5hus variant. V\u00f5lli p\u00f6\u00f6rdemomenti saab reguleerida ja see seadistatakse tehases vastavalt kliendi soovidele. Takistuselemendiks on juhtiv plastik. \u00dchendustena kasutatakse 0,5 mm2 ristl\u00f5ikega juhtmeid. Pikkusi saab ka kohandada.<\/p>\n","protected":false},"featured_media":1260061846,"template":"","meta":[],"product_brand":[],"product_cat":[1545],"product_tag":[],"class_list":{"0":"post-1260059462","1":"product","2":"type-product","3":"status-publish","4":"has-post-thumbnail","6":"product_cat-juhtiv-plastist-potentsiomeeter","8":"first","9":"instock","10":"product-type-simple"},"yoast_head":"<!-- This site is optimized with the Yoast SEO plugin v27.1.1 - https:\/\/yoast.com\/product\/yoast-seo-wordpress\/ -->\n<title>Juhtiv plastist potentsiomeeter LP11 - My industrial<\/title>\n<meta name=\"robots\" content=\"index, follow, max-snippet:-1, max-image-preview:large, max-video-preview:-1\" \/>\n<link rel=\"canonical\" href=\"https:\/\/myindustrial.eu\/et\/shop\/potentsiomeetrid-ja-andurid\/uhe-poordega-potentsiomeeter\/juhtiv-plastist-potentsiomeeter\/lp11\/\" \/>\n<meta property=\"og:locale\" content=\"et_EE\" \/>\n<meta property=\"og:type\" content=\"article\" \/>\n<meta property=\"og:title\" content=\"Juhtiv plastist potentsiomeeter LP11 - My industrial\" \/>\n<meta property=\"og:description\" content=\"LP11-le on iseloomulik eriti kompaktne ehitus. Integreeritud niidiga klaaskiududega tugevdatud plastkorpus on v\u00e4ga kulut\u00f5hus variant. V\u00f5lli p\u00f6\u00f6rdemomenti saab reguleerida ja see seadistatakse tehases vastavalt kliendi soovidele. Takistuselemendiks on juhtiv plastik. \u00dchendustena kasutatakse 0,5 mm2 ristl\u00f5ikega juhtmeid. Pikkusi saab ka kohandada.\" \/>\n<meta property=\"og:url\" content=\"https:\/\/myindustrial.eu\/et\/shop\/potentsiomeetrid-ja-andurid\/uhe-poordega-potentsiomeeter\/juhtiv-plastist-potentsiomeeter\/lp11\/\" \/>\n<meta property=\"og:site_name\" content=\"My industrial\" \/>\n<meta property=\"article:modified_time\" content=\"2023-06-16T19:59:04+00:00\" \/>\n<meta property=\"og:image\" content=\"https:\/\/myindustrial.eu\/wp-content\/uploads\/2022\/01\/lp11_leitplastik_altmann_400x413-400x413.jpg\" \/>\n\t<meta property=\"og:image:width\" content=\"400\" \/>\n\t<meta property=\"og:image:height\" content=\"413\" \/>\n\t<meta property=\"og:image:type\" content=\"image\/jpeg\" \/>\n<meta name=\"twitter:card\" content=\"summary_large_image\" \/>\n<script type=\"application\/ld+json\" class=\"yoast-schema-graph\">{\"@context\":\"https:\/\/schema.org\",\"@graph\":[{\"@type\":\"WebPage\",\"@id\":\"https:\/\/myindustrial.eu\/et\/shop\/potentsiomeetrid-ja-andurid\/uhe-poordega-potentsiomeeter\/juhtiv-plastist-potentsiomeeter\/lp11\/\",\"url\":\"https:\/\/myindustrial.eu\/et\/shop\/potentsiomeetrid-ja-andurid\/uhe-poordega-potentsiomeeter\/juhtiv-plastist-potentsiomeeter\/lp11\/\",\"name\":\"Juhtiv plastist potentsiomeeter LP11 - My industrial\",\"isPartOf\":{\"@id\":\"https:\/\/myindustrial.eu\/et\/#website\"},\"primaryImageOfPage\":{\"@id\":\"https:\/\/myindustrial.eu\/et\/shop\/potentsiomeetrid-ja-andurid\/uhe-poordega-potentsiomeeter\/juhtiv-plastist-potentsiomeeter\/lp11\/#primaryimage\"},\"image\":{\"@id\":\"https:\/\/myindustrial.eu\/et\/shop\/potentsiomeetrid-ja-andurid\/uhe-poordega-potentsiomeeter\/juhtiv-plastist-potentsiomeeter\/lp11\/#primaryimage\"},\"thumbnailUrl\":\"https:\/\/myindustrial.eu\/wp-content\/uploads\/2022\/01\/lp11_leitplastik_altmann_400x413-400x413.jpg\",\"datePublished\":\"2022-01-14T02:06:20+00:00\",\"dateModified\":\"2023-06-16T19:59:04+00:00\",\"breadcrumb\":{\"@id\":\"https:\/\/myindustrial.eu\/et\/shop\/potentsiomeetrid-ja-andurid\/uhe-poordega-potentsiomeeter\/juhtiv-plastist-potentsiomeeter\/lp11\/#breadcrumb\"},\"inLanguage\":\"et\",\"potentialAction\":[{\"@type\":\"ReadAction\",\"target\":[\"https:\/\/myindustrial.eu\/et\/shop\/potentsiomeetrid-ja-andurid\/uhe-poordega-potentsiomeeter\/juhtiv-plastist-potentsiomeeter\/lp11\/\"]}]},{\"@type\":\"ImageObject\",\"inLanguage\":\"et\",\"@id\":\"https:\/\/myindustrial.eu\/et\/shop\/potentsiomeetrid-ja-andurid\/uhe-poordega-potentsiomeeter\/juhtiv-plastist-potentsiomeeter\/lp11\/#primaryimage\",\"url\":\"https:\/\/myindustrial.eu\/wp-content\/uploads\/2022\/01\/lp11_leitplastik_altmann_400x413-400x413.jpg\",\"contentUrl\":\"https:\/\/myindustrial.eu\/wp-content\/uploads\/2022\/01\/lp11_leitplastik_altmann_400x413-400x413.jpg\",\"width\":400,\"height\":413},{\"@type\":\"BreadcrumbList\",\"@id\":\"https:\/\/myindustrial.eu\/et\/shop\/potentsiomeetrid-ja-andurid\/uhe-poordega-potentsiomeeter\/juhtiv-plastist-potentsiomeeter\/lp11\/#breadcrumb\",\"itemListElement\":[{\"@type\":\"ListItem\",\"position\":1,\"name\":\"Home\",\"item\":\"https:\/\/myindustrial.eu\/et\/\"},{\"@type\":\"ListItem\",\"position\":2,\"name\":\"Products\",\"item\":\"https:\/\/myindustrial.eu\/et\/products\/\"},{\"@type\":\"ListItem\",\"position\":3,\"name\":\"Juhtiv plastist potentsiomeeter LP11\"}]},{\"@type\":\"WebSite\",\"@id\":\"https:\/\/myindustrial.eu\/et\/#website\",\"url\":\"https:\/\/myindustrial.eu\/et\/\",\"name\":\"My industrial\",\"description\":\"\",\"potentialAction\":[{\"@type\":\"SearchAction\",\"target\":{\"@type\":\"EntryPoint\",\"urlTemplate\":\"https:\/\/myindustrial.eu\/et\/?s={search_term_string}\"},\"query-input\":{\"@type\":\"PropertyValueSpecification\",\"valueRequired\":true,\"valueName\":\"search_term_string\"}}],\"inLanguage\":\"et\"}]}<\/script>\n<!-- \/ Yoast SEO plugin. -->","yoast_head_json":{"title":"Juhtiv plastist potentsiomeeter LP11 - My industrial","robots":{"index":"index","follow":"follow","max-snippet":"max-snippet:-1","max-image-preview":"max-image-preview:large","max-video-preview":"max-video-preview:-1"},"canonical":"https:\/\/myindustrial.eu\/et\/shop\/potentsiomeetrid-ja-andurid\/uhe-poordega-potentsiomeeter\/juhtiv-plastist-potentsiomeeter\/lp11\/","og_locale":"et_EE","og_type":"article","og_title":"Juhtiv plastist potentsiomeeter LP11 - My industrial","og_description":"LP11-le on iseloomulik eriti kompaktne ehitus. Integreeritud niidiga klaaskiududega tugevdatud plastkorpus on v\u00e4ga kulut\u00f5hus variant. V\u00f5lli p\u00f6\u00f6rdemomenti saab reguleerida ja see seadistatakse tehases vastavalt kliendi soovidele. Takistuselemendiks on juhtiv plastik. \u00dchendustena kasutatakse 0,5 mm2 ristl\u00f5ikega juhtmeid. Pikkusi saab ka kohandada.","og_url":"https:\/\/myindustrial.eu\/et\/shop\/potentsiomeetrid-ja-andurid\/uhe-poordega-potentsiomeeter\/juhtiv-plastist-potentsiomeeter\/lp11\/","og_site_name":"My industrial","article_modified_time":"2023-06-16T19:59:04+00:00","og_image":[{"width":400,"height":413,"url":"https:\/\/myindustrial.eu\/wp-content\/uploads\/2022\/01\/lp11_leitplastik_altmann_400x413-400x413.jpg","type":"image\/jpeg"}],"twitter_card":"summary_large_image","schema":{"@context":"https:\/\/schema.org","@graph":[{"@type":"WebPage","@id":"https:\/\/myindustrial.eu\/et\/shop\/potentsiomeetrid-ja-andurid\/uhe-poordega-potentsiomeeter\/juhtiv-plastist-potentsiomeeter\/lp11\/","url":"https:\/\/myindustrial.eu\/et\/shop\/potentsiomeetrid-ja-andurid\/uhe-poordega-potentsiomeeter\/juhtiv-plastist-potentsiomeeter\/lp11\/","name":"Juhtiv plastist potentsiomeeter LP11 - My industrial","isPartOf":{"@id":"https:\/\/myindustrial.eu\/et\/#website"},"primaryImageOfPage":{"@id":"https:\/\/myindustrial.eu\/et\/shop\/potentsiomeetrid-ja-andurid\/uhe-poordega-potentsiomeeter\/juhtiv-plastist-potentsiomeeter\/lp11\/#primaryimage"},"image":{"@id":"https:\/\/myindustrial.eu\/et\/shop\/potentsiomeetrid-ja-andurid\/uhe-poordega-potentsiomeeter\/juhtiv-plastist-potentsiomeeter\/lp11\/#primaryimage"},"thumbnailUrl":"https:\/\/myindustrial.eu\/wp-content\/uploads\/2022\/01\/lp11_leitplastik_altmann_400x413-400x413.jpg","datePublished":"2022-01-14T02:06:20+00:00","dateModified":"2023-06-16T19:59:04+00:00","breadcrumb":{"@id":"https:\/\/myindustrial.eu\/et\/shop\/potentsiomeetrid-ja-andurid\/uhe-poordega-potentsiomeeter\/juhtiv-plastist-potentsiomeeter\/lp11\/#breadcrumb"},"inLanguage":"et","potentialAction":[{"@type":"ReadAction","target":["https:\/\/myindustrial.eu\/et\/shop\/potentsiomeetrid-ja-andurid\/uhe-poordega-potentsiomeeter\/juhtiv-plastist-potentsiomeeter\/lp11\/"]}]},{"@type":"ImageObject","inLanguage":"et","@id":"https:\/\/myindustrial.eu\/et\/shop\/potentsiomeetrid-ja-andurid\/uhe-poordega-potentsiomeeter\/juhtiv-plastist-potentsiomeeter\/lp11\/#primaryimage","url":"https:\/\/myindustrial.eu\/wp-content\/uploads\/2022\/01\/lp11_leitplastik_altmann_400x413-400x413.jpg","contentUrl":"https:\/\/myindustrial.eu\/wp-content\/uploads\/2022\/01\/lp11_leitplastik_altmann_400x413-400x413.jpg","width":400,"height":413},{"@type":"BreadcrumbList","@id":"https:\/\/myindustrial.eu\/et\/shop\/potentsiomeetrid-ja-andurid\/uhe-poordega-potentsiomeeter\/juhtiv-plastist-potentsiomeeter\/lp11\/#breadcrumb","itemListElement":[{"@type":"ListItem","position":1,"name":"Home","item":"https:\/\/myindustrial.eu\/et\/"},{"@type":"ListItem","position":2,"name":"Products","item":"https:\/\/myindustrial.eu\/et\/products\/"},{"@type":"ListItem","position":3,"name":"Juhtiv plastist potentsiomeeter LP11"}]},{"@type":"WebSite","@id":"https:\/\/myindustrial.eu\/et\/#website","url":"https:\/\/myindustrial.eu\/et\/","name":"My industrial","description":"","potentialAction":[{"@type":"SearchAction","target":{"@type":"EntryPoint","urlTemplate":"https:\/\/myindustrial.eu\/et\/?s={search_term_string}"},"query-input":{"@type":"PropertyValueSpecification","valueRequired":true,"valueName":"search_term_string"}}],"inLanguage":"et"}]}},"_links":{"self":[{"href":"https:\/\/myindustrial.eu\/et\/wp-json\/wp\/v2\/product\/1260059462","targetHints":{"allow":["GET"]}}],"collection":[{"href":"https:\/\/myindustrial.eu\/et\/wp-json\/wp\/v2\/product"}],"about":[{"href":"https:\/\/myindustrial.eu\/et\/wp-json\/wp\/v2\/types\/product"}],"version-history":[{"count":0,"href":"https:\/\/myindustrial.eu\/et\/wp-json\/wp\/v2\/product\/1260059462\/revisions"}],"wp:featuredmedia":[{"embeddable":true,"href":"https:\/\/myindustrial.eu\/et\/wp-json\/wp\/v2\/media\/1260061846"}],"wp:attachment":[{"href":"https:\/\/myindustrial.eu\/et\/wp-json\/wp\/v2\/media?parent=1260059462"}],"wp:term":[{"taxonomy":"product_brand","embeddable":true,"href":"https:\/\/myindustrial.eu\/et\/wp-json\/wp\/v2\/product_brand?post=1260059462"},{"taxonomy":"product_cat","embeddable":true,"href":"https:\/\/myindustrial.eu\/et\/wp-json\/wp\/v2\/product_cat?post=1260059462"},{"taxonomy":"product_tag","embeddable":true,"href":"https:\/\/myindustrial.eu\/et\/wp-json\/wp\/v2\/product_tag?post=1260059462"}],"curies":[{"name":"wp","href":"https:\/\/api.w.org\/{rel}","templated":true}]}}