{"id":1260059478,"date":"2022-01-14T02:06:29","date_gmt":"2022-01-14T02:06:29","guid":{"rendered":"https:\/\/myindustrial.eu\/shop-2\/maaratlemata\/tuup-texu-630-710\/"},"modified":"2023-06-16T19:58:28","modified_gmt":"2023-06-16T19:58:28","slug":"tuup-texu-630-710","status":"publish","type":"product","link":"https:\/\/myindustrial.eu\/et\/shop\/toopidurid\/tuup-texu-630-710\/","title":{"rendered":"T\u00fc\u00fcp TEXU 630-710"},"content":{"rendered":"<p><iframe width=\"560\" height=\"315\" src=\"https:\/\/www.youtube.com\/embed\/sFNXg7fwnrc\" frameborder=\"0\" allow=\"accelerometer; autoplay; clipboard-write; encrypted-media; gyroscope; picture-in-picture; web-share\" allowfullscreen><\/iframe> <iframe width=\"560\" height=\"315\" src=\"https:\/\/www.youtube.com\/embed\/htgJ3j6802M\" frameborder=\"0\" allow=\"accelerometer; autoplay; clipboard-write; encrypted-media; gyroscope; picture-in-picture; web-share\" allowfullscreen><\/iframe><iframe width=\"560\" height=\"315\" src=\"https:\/\/www.youtube.com\/embed\/65yHOAWYjXo\" frameborder=\"0\" allow=\"accelerometer; autoplay; clipboard-write; encrypted-media; gyroscope; picture-in-picture; web-share\" allowfullscreen><\/iframe><\/p>\n","protected":false},"excerpt":{"rendered":"<p>KETTAPIDURID &#8211; TEXU t\u00fc\u00fcp<br \/>\nTEXU seeria pidurid on kahekordse t\u00f6\u00f6ga ketaspidurid, mis t\u00f6\u00f6tavad tavap\u00e4rase trummelpiduri ettekirjutuse j\u00e4rgi. Pidurdusj\u00f5ud edastatakse pidurikettale kahes s\u00fcmmeetrilises punktis.<br \/>\nJ\u00e4relikult kompenseeritakse v\u00f5llile m\u00f5juvad tangentsiaalsed j\u00f5ud.<br \/>\nSelle piduri erip\u00e4raks on m\u00f5lema pidurisadula k\u00e4ivitamine kahe paralleelselt paigaldatud vedrutoruga ainult \u00fche kontsentriliselt paigaldatud elektroh\u00fcdraulilise t\u00f5ukuriga.<br \/>\nPiduri sulgemisel jaotub vedrude j\u00f5ud hoova abil \u00fchtlaselt m\u00f5lema paari pidurihoova vahel.<br \/>\nN\u00fc\u00fcd liiguvad hoovad identselt v\u00f5lli suunas ja seega on eraldiseisvad laagriga pidurisadula hoovad teostatud kiilude ja rullidega.<br \/>\nLisaks on pidur varustatud pidurihoobade p\u00f6\u00f6ramise s\u00fcnkronisaatoriga, mis garanteerib piduri avamisel s\u00fcnkroniseeritud \u00fchtlase l\u00f5tku piduriketta ja k\u00f5igi 4 piduriklotside vahel. Piduriklotside kulumist ning ketta ja h\u00f5\u00f5rdkatte vahelist suurenemist kompenseerib h\u00f5\u00f5rdkatte kulumiskompensaator.<\/p>\n","protected":false},"featured_media":1260062037,"template":"","meta":[],"product_brand":[],"product_cat":[1415],"product_tag":[],"class_list":{"0":"post-1260059478","1":"product","2":"type-product","3":"status-publish","4":"has-post-thumbnail","6":"product_cat-toopidurid","8":"first","9":"instock","10":"product-type-simple"},"yoast_head":"<!-- This site is optimized with the Yoast SEO plugin v27.1.1 - https:\/\/yoast.com\/product\/yoast-seo-wordpress\/ -->\n<title>T\u00fc\u00fcp TEXU 630-710 - My industrial<\/title>\n<meta name=\"robots\" content=\"index, follow, max-snippet:-1, max-image-preview:large, max-video-preview:-1\" \/>\n<link rel=\"canonical\" href=\"https:\/\/myindustrial.eu\/et\/shop\/toopidurid\/tuup-texu-630-710\/\" \/>\n<meta property=\"og:locale\" content=\"et_EE\" \/>\n<meta property=\"og:type\" content=\"article\" \/>\n<meta property=\"og:title\" content=\"T\u00fc\u00fcp TEXU 630-710 - My industrial\" \/>\n<meta property=\"og:description\" content=\"KETTAPIDURID - TEXU t\u00fc\u00fcp TEXU seeria pidurid on kahekordse t\u00f6\u00f6ga ketaspidurid, mis t\u00f6\u00f6tavad tavap\u00e4rase trummelpiduri ettekirjutuse j\u00e4rgi. Pidurdusj\u00f5ud edastatakse pidurikettale kahes s\u00fcmmeetrilises punktis. J\u00e4relikult kompenseeritakse v\u00f5llile m\u00f5juvad tangentsiaalsed j\u00f5ud. Selle piduri erip\u00e4raks on m\u00f5lema pidurisadula k\u00e4ivitamine kahe paralleelselt paigaldatud vedrutoruga ainult \u00fche kontsentriliselt paigaldatud elektroh\u00fcdraulilise t\u00f5ukuriga. Piduri sulgemisel jaotub vedrude j\u00f5ud hoova abil \u00fchtlaselt m\u00f5lema paari pidurihoova vahel. N\u00fc\u00fcd liiguvad hoovad identselt v\u00f5lli suunas ja seega on eraldiseisvad laagriga pidurisadula hoovad teostatud kiilude ja rullidega. Lisaks on pidur varustatud pidurihoobade p\u00f6\u00f6ramise s\u00fcnkronisaatoriga, mis garanteerib piduri avamisel s\u00fcnkroniseeritud \u00fchtlase l\u00f5tku piduriketta ja k\u00f5igi 4 piduriklotside vahel. Piduriklotside kulumist ning ketta ja h\u00f5\u00f5rdkatte vahelist suurenemist kompenseerib h\u00f5\u00f5rdkatte kulumiskompensaator.\" \/>\n<meta property=\"og:url\" content=\"https:\/\/myindustrial.eu\/et\/shop\/toopidurid\/tuup-texu-630-710\/\" \/>\n<meta property=\"og:site_name\" content=\"My industrial\" \/>\n<meta property=\"article:modified_time\" content=\"2023-06-16T19:58:28+00:00\" \/>\n<meta property=\"og:image\" content=\"https:\/\/myindustrial.eu\/wp-content\/uploads\/2022\/01\/sibre-betriebsbremsen-texu_-500x500.jpg\" \/>\n\t<meta property=\"og:image:width\" content=\"500\" \/>\n\t<meta property=\"og:image:height\" content=\"500\" \/>\n\t<meta property=\"og:image:type\" content=\"image\/jpeg\" \/>\n<meta name=\"twitter:card\" content=\"summary_large_image\" \/>\n<script type=\"application\/ld+json\" class=\"yoast-schema-graph\">{\"@context\":\"https:\/\/schema.org\",\"@graph\":[{\"@type\":\"WebPage\",\"@id\":\"https:\/\/myindustrial.eu\/et\/shop\/toopidurid\/tuup-texu-630-710\/\",\"url\":\"https:\/\/myindustrial.eu\/et\/shop\/toopidurid\/tuup-texu-630-710\/\",\"name\":\"T\u00fc\u00fcp TEXU 630-710 - My industrial\",\"isPartOf\":{\"@id\":\"https:\/\/myindustrial.eu\/et\/#website\"},\"primaryImageOfPage\":{\"@id\":\"https:\/\/myindustrial.eu\/et\/shop\/toopidurid\/tuup-texu-630-710\/#primaryimage\"},\"image\":{\"@id\":\"https:\/\/myindustrial.eu\/et\/shop\/toopidurid\/tuup-texu-630-710\/#primaryimage\"},\"thumbnailUrl\":\"https:\/\/myindustrial.eu\/wp-content\/uploads\/2022\/01\/sibre-betriebsbremsen-texu_-500x500.jpg\",\"datePublished\":\"2022-01-14T02:06:29+00:00\",\"dateModified\":\"2023-06-16T19:58:28+00:00\",\"breadcrumb\":{\"@id\":\"https:\/\/myindustrial.eu\/et\/shop\/toopidurid\/tuup-texu-630-710\/#breadcrumb\"},\"inLanguage\":\"et\",\"potentialAction\":[{\"@type\":\"ReadAction\",\"target\":[\"https:\/\/myindustrial.eu\/et\/shop\/toopidurid\/tuup-texu-630-710\/\"]}]},{\"@type\":\"ImageObject\",\"inLanguage\":\"et\",\"@id\":\"https:\/\/myindustrial.eu\/et\/shop\/toopidurid\/tuup-texu-630-710\/#primaryimage\",\"url\":\"https:\/\/myindustrial.eu\/wp-content\/uploads\/2022\/01\/sibre-betriebsbremsen-texu_-500x500.jpg\",\"contentUrl\":\"https:\/\/myindustrial.eu\/wp-content\/uploads\/2022\/01\/sibre-betriebsbremsen-texu_-500x500.jpg\",\"width\":500,\"height\":500},{\"@type\":\"BreadcrumbList\",\"@id\":\"https:\/\/myindustrial.eu\/et\/shop\/toopidurid\/tuup-texu-630-710\/#breadcrumb\",\"itemListElement\":[{\"@type\":\"ListItem\",\"position\":1,\"name\":\"Home\",\"item\":\"https:\/\/myindustrial.eu\/et\/\"},{\"@type\":\"ListItem\",\"position\":2,\"name\":\"Products\",\"item\":\"https:\/\/myindustrial.eu\/et\/products\/\"},{\"@type\":\"ListItem\",\"position\":3,\"name\":\"T\u00fc\u00fcp TEXU 630-710\"}]},{\"@type\":\"WebSite\",\"@id\":\"https:\/\/myindustrial.eu\/et\/#website\",\"url\":\"https:\/\/myindustrial.eu\/et\/\",\"name\":\"My industrial\",\"description\":\"\",\"potentialAction\":[{\"@type\":\"SearchAction\",\"target\":{\"@type\":\"EntryPoint\",\"urlTemplate\":\"https:\/\/myindustrial.eu\/et\/?s={search_term_string}\"},\"query-input\":{\"@type\":\"PropertyValueSpecification\",\"valueRequired\":true,\"valueName\":\"search_term_string\"}}],\"inLanguage\":\"et\"}]}<\/script>\n<!-- \/ Yoast SEO plugin. -->","yoast_head_json":{"title":"T\u00fc\u00fcp TEXU 630-710 - My industrial","robots":{"index":"index","follow":"follow","max-snippet":"max-snippet:-1","max-image-preview":"max-image-preview:large","max-video-preview":"max-video-preview:-1"},"canonical":"https:\/\/myindustrial.eu\/et\/shop\/toopidurid\/tuup-texu-630-710\/","og_locale":"et_EE","og_type":"article","og_title":"T\u00fc\u00fcp TEXU 630-710 - My industrial","og_description":"KETTAPIDURID - TEXU t\u00fc\u00fcp TEXU seeria pidurid on kahekordse t\u00f6\u00f6ga ketaspidurid, mis t\u00f6\u00f6tavad tavap\u00e4rase trummelpiduri ettekirjutuse j\u00e4rgi. Pidurdusj\u00f5ud edastatakse pidurikettale kahes s\u00fcmmeetrilises punktis. J\u00e4relikult kompenseeritakse v\u00f5llile m\u00f5juvad tangentsiaalsed j\u00f5ud. Selle piduri erip\u00e4raks on m\u00f5lema pidurisadula k\u00e4ivitamine kahe paralleelselt paigaldatud vedrutoruga ainult \u00fche kontsentriliselt paigaldatud elektroh\u00fcdraulilise t\u00f5ukuriga. Piduri sulgemisel jaotub vedrude j\u00f5ud hoova abil \u00fchtlaselt m\u00f5lema paari pidurihoova vahel. N\u00fc\u00fcd liiguvad hoovad identselt v\u00f5lli suunas ja seega on eraldiseisvad laagriga pidurisadula hoovad teostatud kiilude ja rullidega. Lisaks on pidur varustatud pidurihoobade p\u00f6\u00f6ramise s\u00fcnkronisaatoriga, mis garanteerib piduri avamisel s\u00fcnkroniseeritud \u00fchtlase l\u00f5tku piduriketta ja k\u00f5igi 4 piduriklotside vahel. Piduriklotside kulumist ning ketta ja h\u00f5\u00f5rdkatte vahelist suurenemist kompenseerib h\u00f5\u00f5rdkatte kulumiskompensaator.","og_url":"https:\/\/myindustrial.eu\/et\/shop\/toopidurid\/tuup-texu-630-710\/","og_site_name":"My industrial","article_modified_time":"2023-06-16T19:58:28+00:00","og_image":[{"width":500,"height":500,"url":"https:\/\/myindustrial.eu\/wp-content\/uploads\/2022\/01\/sibre-betriebsbremsen-texu_-500x500.jpg","type":"image\/jpeg"}],"twitter_card":"summary_large_image","schema":{"@context":"https:\/\/schema.org","@graph":[{"@type":"WebPage","@id":"https:\/\/myindustrial.eu\/et\/shop\/toopidurid\/tuup-texu-630-710\/","url":"https:\/\/myindustrial.eu\/et\/shop\/toopidurid\/tuup-texu-630-710\/","name":"T\u00fc\u00fcp TEXU 630-710 - My industrial","isPartOf":{"@id":"https:\/\/myindustrial.eu\/et\/#website"},"primaryImageOfPage":{"@id":"https:\/\/myindustrial.eu\/et\/shop\/toopidurid\/tuup-texu-630-710\/#primaryimage"},"image":{"@id":"https:\/\/myindustrial.eu\/et\/shop\/toopidurid\/tuup-texu-630-710\/#primaryimage"},"thumbnailUrl":"https:\/\/myindustrial.eu\/wp-content\/uploads\/2022\/01\/sibre-betriebsbremsen-texu_-500x500.jpg","datePublished":"2022-01-14T02:06:29+00:00","dateModified":"2023-06-16T19:58:28+00:00","breadcrumb":{"@id":"https:\/\/myindustrial.eu\/et\/shop\/toopidurid\/tuup-texu-630-710\/#breadcrumb"},"inLanguage":"et","potentialAction":[{"@type":"ReadAction","target":["https:\/\/myindustrial.eu\/et\/shop\/toopidurid\/tuup-texu-630-710\/"]}]},{"@type":"ImageObject","inLanguage":"et","@id":"https:\/\/myindustrial.eu\/et\/shop\/toopidurid\/tuup-texu-630-710\/#primaryimage","url":"https:\/\/myindustrial.eu\/wp-content\/uploads\/2022\/01\/sibre-betriebsbremsen-texu_-500x500.jpg","contentUrl":"https:\/\/myindustrial.eu\/wp-content\/uploads\/2022\/01\/sibre-betriebsbremsen-texu_-500x500.jpg","width":500,"height":500},{"@type":"BreadcrumbList","@id":"https:\/\/myindustrial.eu\/et\/shop\/toopidurid\/tuup-texu-630-710\/#breadcrumb","itemListElement":[{"@type":"ListItem","position":1,"name":"Home","item":"https:\/\/myindustrial.eu\/et\/"},{"@type":"ListItem","position":2,"name":"Products","item":"https:\/\/myindustrial.eu\/et\/products\/"},{"@type":"ListItem","position":3,"name":"T\u00fc\u00fcp TEXU 630-710"}]},{"@type":"WebSite","@id":"https:\/\/myindustrial.eu\/et\/#website","url":"https:\/\/myindustrial.eu\/et\/","name":"My industrial","description":"","potentialAction":[{"@type":"SearchAction","target":{"@type":"EntryPoint","urlTemplate":"https:\/\/myindustrial.eu\/et\/?s={search_term_string}"},"query-input":{"@type":"PropertyValueSpecification","valueRequired":true,"valueName":"search_term_string"}}],"inLanguage":"et"}]}},"_links":{"self":[{"href":"https:\/\/myindustrial.eu\/et\/wp-json\/wp\/v2\/product\/1260059478","targetHints":{"allow":["GET"]}}],"collection":[{"href":"https:\/\/myindustrial.eu\/et\/wp-json\/wp\/v2\/product"}],"about":[{"href":"https:\/\/myindustrial.eu\/et\/wp-json\/wp\/v2\/types\/product"}],"version-history":[{"count":0,"href":"https:\/\/myindustrial.eu\/et\/wp-json\/wp\/v2\/product\/1260059478\/revisions"}],"wp:featuredmedia":[{"embeddable":true,"href":"https:\/\/myindustrial.eu\/et\/wp-json\/wp\/v2\/media\/1260062037"}],"wp:attachment":[{"href":"https:\/\/myindustrial.eu\/et\/wp-json\/wp\/v2\/media?parent=1260059478"}],"wp:term":[{"taxonomy":"product_brand","embeddable":true,"href":"https:\/\/myindustrial.eu\/et\/wp-json\/wp\/v2\/product_brand?post=1260059478"},{"taxonomy":"product_cat","embeddable":true,"href":"https:\/\/myindustrial.eu\/et\/wp-json\/wp\/v2\/product_cat?post=1260059478"},{"taxonomy":"product_tag","embeddable":true,"href":"https:\/\/myindustrial.eu\/et\/wp-json\/wp\/v2\/product_tag?post=1260059478"}],"curies":[{"name":"wp","href":"https:\/\/api.w.org\/{rel}","templated":true}]}}