{"id":1260059480,"date":"2022-01-14T02:06:29","date_gmt":"2022-01-14T02:06:29","guid":{"rendered":"https:\/\/myindustrial.eu\/shop-2\/maaratlemata\/kompaktne-cb8-cb6-compact-cb8\/"},"modified":"2023-06-16T19:58:28","modified_gmt":"2023-06-16T19:58:28","slug":"kompaktne-cb8-cb6-compact-cb8","status":"publish","type":"product","link":"https:\/\/myindustrial.eu\/et\/shop\/toopidurid\/kompaktne-cb8-cb6-compact-cb8\/","title":{"rendered":"Kompaktne CB8 \/ CB6 Compact CB8"},"content":{"rendered":"<p><iframe width=\"560\" height=\"315\" src=\"https:\/\/youtube.com\/embed\/cE0BHXEtjFA\" frameborder=\"0\" allow=\"accelerometer; autoplay; clipboard-write; encrypted-media; gyroscope; picture-in-picture; web-share\" allowfullscreen><\/iframe><\/p>\n","protected":false},"excerpt":{"rendered":"<p>Ketaspidur CB8 on saadaval elektroh\u00fcdraulilise t\u00f5ukej\u00f5u EDC 100, solenoidi v\u00f5i h\u00fcdrosilindriga.<br \/>\nKetaspidur CB6 elektroh\u00fcdraulilise t\u00f5ukej\u00f5uga EDC 100\/30, t\u00f5rkekindel mudel, elektroh\u00fcdrauliline pidurivabastus, &#8220;sinter&#8221; h\u00f5\u00f5rdkatted standardversioonis.<\/p>\n","protected":false},"featured_media":1260062027,"template":"","meta":[],"product_brand":[],"product_cat":[1415],"product_tag":[],"class_list":{"0":"post-1260059480","1":"product","2":"type-product","3":"status-publish","4":"has-post-thumbnail","6":"product_cat-toopidurid","8":"first","9":"instock","10":"product-type-simple"},"yoast_head":"<!-- This site is optimized with the Yoast SEO plugin v27.1.1 - https:\/\/yoast.com\/product\/yoast-seo-wordpress\/ -->\n<title>Kompaktne CB8 \/ CB6 Compact CB8 - My industrial<\/title>\n<meta name=\"robots\" content=\"index, follow, max-snippet:-1, max-image-preview:large, max-video-preview:-1\" \/>\n<link rel=\"canonical\" href=\"https:\/\/myindustrial.eu\/et\/shop\/toopidurid\/kompaktne-cb8-cb6-compact-cb8\/\" \/>\n<meta property=\"og:locale\" content=\"et_EE\" \/>\n<meta property=\"og:type\" content=\"article\" \/>\n<meta property=\"og:title\" content=\"Kompaktne CB8 \/ CB6 Compact CB8 - My industrial\" \/>\n<meta property=\"og:description\" content=\"Ketaspidur CB8 on saadaval elektroh\u00fcdraulilise t\u00f5ukej\u00f5u EDC 100, solenoidi v\u00f5i h\u00fcdrosilindriga. Ketaspidur CB6 elektroh\u00fcdraulilise t\u00f5ukej\u00f5uga EDC 100\/30, t\u00f5rkekindel mudel, elektroh\u00fcdrauliline pidurivabastus, &quot;sinter&quot; h\u00f5\u00f5rdkatted standardversioonis.\" \/>\n<meta property=\"og:url\" content=\"https:\/\/myindustrial.eu\/et\/shop\/toopidurid\/kompaktne-cb8-cb6-compact-cb8\/\" \/>\n<meta property=\"og:site_name\" content=\"My industrial\" \/>\n<meta property=\"article:modified_time\" content=\"2023-06-16T19:58:28+00:00\" \/>\n<meta property=\"og:image\" content=\"https:\/\/myindustrial.eu\/wp-content\/uploads\/2022\/01\/sibre-kompakt-cb8_-500x500.jpg\" \/>\n\t<meta property=\"og:image:width\" content=\"500\" \/>\n\t<meta property=\"og:image:height\" content=\"500\" \/>\n\t<meta property=\"og:image:type\" content=\"image\/jpeg\" \/>\n<meta name=\"twitter:card\" content=\"summary_large_image\" \/>\n<script type=\"application\/ld+json\" class=\"yoast-schema-graph\">{\"@context\":\"https:\/\/schema.org\",\"@graph\":[{\"@type\":\"WebPage\",\"@id\":\"https:\/\/myindustrial.eu\/et\/shop\/toopidurid\/kompaktne-cb8-cb6-compact-cb8\/\",\"url\":\"https:\/\/myindustrial.eu\/et\/shop\/toopidurid\/kompaktne-cb8-cb6-compact-cb8\/\",\"name\":\"Kompaktne CB8 \/ CB6 Compact CB8 - My industrial\",\"isPartOf\":{\"@id\":\"https:\/\/myindustrial.eu\/et\/#website\"},\"primaryImageOfPage\":{\"@id\":\"https:\/\/myindustrial.eu\/et\/shop\/toopidurid\/kompaktne-cb8-cb6-compact-cb8\/#primaryimage\"},\"image\":{\"@id\":\"https:\/\/myindustrial.eu\/et\/shop\/toopidurid\/kompaktne-cb8-cb6-compact-cb8\/#primaryimage\"},\"thumbnailUrl\":\"https:\/\/myindustrial.eu\/wp-content\/uploads\/2022\/01\/sibre-kompakt-cb8_-500x500.jpg\",\"datePublished\":\"2022-01-14T02:06:29+00:00\",\"dateModified\":\"2023-06-16T19:58:28+00:00\",\"breadcrumb\":{\"@id\":\"https:\/\/myindustrial.eu\/et\/shop\/toopidurid\/kompaktne-cb8-cb6-compact-cb8\/#breadcrumb\"},\"inLanguage\":\"et\",\"potentialAction\":[{\"@type\":\"ReadAction\",\"target\":[\"https:\/\/myindustrial.eu\/et\/shop\/toopidurid\/kompaktne-cb8-cb6-compact-cb8\/\"]}]},{\"@type\":\"ImageObject\",\"inLanguage\":\"et\",\"@id\":\"https:\/\/myindustrial.eu\/et\/shop\/toopidurid\/kompaktne-cb8-cb6-compact-cb8\/#primaryimage\",\"url\":\"https:\/\/myindustrial.eu\/wp-content\/uploads\/2022\/01\/sibre-kompakt-cb8_-500x500.jpg\",\"contentUrl\":\"https:\/\/myindustrial.eu\/wp-content\/uploads\/2022\/01\/sibre-kompakt-cb8_-500x500.jpg\",\"width\":500,\"height\":500},{\"@type\":\"BreadcrumbList\",\"@id\":\"https:\/\/myindustrial.eu\/et\/shop\/toopidurid\/kompaktne-cb8-cb6-compact-cb8\/#breadcrumb\",\"itemListElement\":[{\"@type\":\"ListItem\",\"position\":1,\"name\":\"Home\",\"item\":\"https:\/\/myindustrial.eu\/et\/\"},{\"@type\":\"ListItem\",\"position\":2,\"name\":\"Products\",\"item\":\"https:\/\/myindustrial.eu\/et\/products\/\"},{\"@type\":\"ListItem\",\"position\":3,\"name\":\"Kompaktne CB8 \/ CB6 Compact CB8\"}]},{\"@type\":\"WebSite\",\"@id\":\"https:\/\/myindustrial.eu\/et\/#website\",\"url\":\"https:\/\/myindustrial.eu\/et\/\",\"name\":\"My industrial\",\"description\":\"\",\"potentialAction\":[{\"@type\":\"SearchAction\",\"target\":{\"@type\":\"EntryPoint\",\"urlTemplate\":\"https:\/\/myindustrial.eu\/et\/?s={search_term_string}\"},\"query-input\":{\"@type\":\"PropertyValueSpecification\",\"valueRequired\":true,\"valueName\":\"search_term_string\"}}],\"inLanguage\":\"et\"}]}<\/script>\n<!-- \/ Yoast SEO plugin. -->","yoast_head_json":{"title":"Kompaktne CB8 \/ CB6 Compact CB8 - My industrial","robots":{"index":"index","follow":"follow","max-snippet":"max-snippet:-1","max-image-preview":"max-image-preview:large","max-video-preview":"max-video-preview:-1"},"canonical":"https:\/\/myindustrial.eu\/et\/shop\/toopidurid\/kompaktne-cb8-cb6-compact-cb8\/","og_locale":"et_EE","og_type":"article","og_title":"Kompaktne CB8 \/ CB6 Compact CB8 - My industrial","og_description":"Ketaspidur CB8 on saadaval elektroh\u00fcdraulilise t\u00f5ukej\u00f5u EDC 100, solenoidi v\u00f5i h\u00fcdrosilindriga. Ketaspidur CB6 elektroh\u00fcdraulilise t\u00f5ukej\u00f5uga EDC 100\/30, t\u00f5rkekindel mudel, elektroh\u00fcdrauliline pidurivabastus, \"sinter\" h\u00f5\u00f5rdkatted standardversioonis.","og_url":"https:\/\/myindustrial.eu\/et\/shop\/toopidurid\/kompaktne-cb8-cb6-compact-cb8\/","og_site_name":"My industrial","article_modified_time":"2023-06-16T19:58:28+00:00","og_image":[{"width":500,"height":500,"url":"https:\/\/myindustrial.eu\/wp-content\/uploads\/2022\/01\/sibre-kompakt-cb8_-500x500.jpg","type":"image\/jpeg"}],"twitter_card":"summary_large_image","schema":{"@context":"https:\/\/schema.org","@graph":[{"@type":"WebPage","@id":"https:\/\/myindustrial.eu\/et\/shop\/toopidurid\/kompaktne-cb8-cb6-compact-cb8\/","url":"https:\/\/myindustrial.eu\/et\/shop\/toopidurid\/kompaktne-cb8-cb6-compact-cb8\/","name":"Kompaktne CB8 \/ CB6 Compact CB8 - My industrial","isPartOf":{"@id":"https:\/\/myindustrial.eu\/et\/#website"},"primaryImageOfPage":{"@id":"https:\/\/myindustrial.eu\/et\/shop\/toopidurid\/kompaktne-cb8-cb6-compact-cb8\/#primaryimage"},"image":{"@id":"https:\/\/myindustrial.eu\/et\/shop\/toopidurid\/kompaktne-cb8-cb6-compact-cb8\/#primaryimage"},"thumbnailUrl":"https:\/\/myindustrial.eu\/wp-content\/uploads\/2022\/01\/sibre-kompakt-cb8_-500x500.jpg","datePublished":"2022-01-14T02:06:29+00:00","dateModified":"2023-06-16T19:58:28+00:00","breadcrumb":{"@id":"https:\/\/myindustrial.eu\/et\/shop\/toopidurid\/kompaktne-cb8-cb6-compact-cb8\/#breadcrumb"},"inLanguage":"et","potentialAction":[{"@type":"ReadAction","target":["https:\/\/myindustrial.eu\/et\/shop\/toopidurid\/kompaktne-cb8-cb6-compact-cb8\/"]}]},{"@type":"ImageObject","inLanguage":"et","@id":"https:\/\/myindustrial.eu\/et\/shop\/toopidurid\/kompaktne-cb8-cb6-compact-cb8\/#primaryimage","url":"https:\/\/myindustrial.eu\/wp-content\/uploads\/2022\/01\/sibre-kompakt-cb8_-500x500.jpg","contentUrl":"https:\/\/myindustrial.eu\/wp-content\/uploads\/2022\/01\/sibre-kompakt-cb8_-500x500.jpg","width":500,"height":500},{"@type":"BreadcrumbList","@id":"https:\/\/myindustrial.eu\/et\/shop\/toopidurid\/kompaktne-cb8-cb6-compact-cb8\/#breadcrumb","itemListElement":[{"@type":"ListItem","position":1,"name":"Home","item":"https:\/\/myindustrial.eu\/et\/"},{"@type":"ListItem","position":2,"name":"Products","item":"https:\/\/myindustrial.eu\/et\/products\/"},{"@type":"ListItem","position":3,"name":"Kompaktne CB8 \/ CB6 Compact CB8"}]},{"@type":"WebSite","@id":"https:\/\/myindustrial.eu\/et\/#website","url":"https:\/\/myindustrial.eu\/et\/","name":"My industrial","description":"","potentialAction":[{"@type":"SearchAction","target":{"@type":"EntryPoint","urlTemplate":"https:\/\/myindustrial.eu\/et\/?s={search_term_string}"},"query-input":{"@type":"PropertyValueSpecification","valueRequired":true,"valueName":"search_term_string"}}],"inLanguage":"et"}]}},"_links":{"self":[{"href":"https:\/\/myindustrial.eu\/et\/wp-json\/wp\/v2\/product\/1260059480","targetHints":{"allow":["GET"]}}],"collection":[{"href":"https:\/\/myindustrial.eu\/et\/wp-json\/wp\/v2\/product"}],"about":[{"href":"https:\/\/myindustrial.eu\/et\/wp-json\/wp\/v2\/types\/product"}],"version-history":[{"count":0,"href":"https:\/\/myindustrial.eu\/et\/wp-json\/wp\/v2\/product\/1260059480\/revisions"}],"wp:featuredmedia":[{"embeddable":true,"href":"https:\/\/myindustrial.eu\/et\/wp-json\/wp\/v2\/media\/1260062027"}],"wp:attachment":[{"href":"https:\/\/myindustrial.eu\/et\/wp-json\/wp\/v2\/media?parent=1260059480"}],"wp:term":[{"taxonomy":"product_brand","embeddable":true,"href":"https:\/\/myindustrial.eu\/et\/wp-json\/wp\/v2\/product_brand?post=1260059480"},{"taxonomy":"product_cat","embeddable":true,"href":"https:\/\/myindustrial.eu\/et\/wp-json\/wp\/v2\/product_cat?post=1260059480"},{"taxonomy":"product_tag","embeddable":true,"href":"https:\/\/myindustrial.eu\/et\/wp-json\/wp\/v2\/product_tag?post=1260059480"}],"curies":[{"name":"wp","href":"https:\/\/api.w.org\/{rel}","templated":true}]}}