{"id":1260060802,"date":"2022-05-16T21:06:35","date_gmt":"2022-05-16T21:06:35","guid":{"rendered":"https:\/\/myindustrial.eu\/shop\/maaratlemata\/customized-products\/"},"modified":"2023-06-16T19:56:34","modified_gmt":"2023-06-16T19:56:34","slug":"customized-products","status":"publish","type":"product","link":"https:\/\/myindustrial.eu\/et\/shop\/potentsiomeetrid-ja-andurid\/spetsiaalne-toode-altmann\/customized-products\/","title":{"rendered":"Individuaalsed ja kohandatud lahendused"},"content":{"rendered":"<p><iframe width=\"560\" height=\"315\" src=\"https:\/\/youtube.com\/embed\/jlzS0H221Lg\" frameborder=\"0\" allow=\"accelerometer; autoplay; clipboard-write; encrypted-media; gyroscope; picture-in-picture; web-share\" allowfullscreen><\/iframe><iframe width=\"560\" height=\"315\" src=\"https:\/\/youtube.com\/embed\/hnvfaUaK14s\" frameborder=\"0\" allow=\"accelerometer; autoplay; clipboard-write; encrypted-media; gyroscope; picture-in-picture; web-share\" allowfullscreen><\/iframe><\/p>\n","protected":false},"excerpt":{"rendered":"<p><strong>Standardsest spetsiaalseteni &#8211; kohandatud t\u00e4psus ja t\u00e4pne vastavus konkreetsele tellimusele<\/strong><br \/>\nMeie k\u00f5ikeh\u00f5lmavat standardprogrammi t\u00e4iendavad kliendip\u00f5hised \u00fcksik- ja erilahendused, millega tagatakse sobiva kulut\u00f5hususega hea kvaliteet. Pakume teile t\u00e4ielikku toote- ja teenuslahendust, mis vastab teie vajadustele. L\u00f5pptooteid saab reguleerida nii elektriliselt kui ka mehaaniliselt. R\u00e4\u00e4kige meile, mida vajate, ja me koostame teile oma tooteprogrammi alusel sobiva toote.<\/p>\n<p><strong>Kohandamine vastavalt teie vajadustele<\/strong><br \/>\nTeeme teile potentsiomeetreid pakkuva spetsialistina k\u00f5igis meie toodetes teie vajadustele vastavaid muudatusi. Seeriatootmisest kuni \u00fcksikute detailide valmistamiseni, k\u00f5ik lahendused on v\u00f5imalikud. Valmistame teile potentsiomeetrid t\u00e4pselt vastavalt teie n\u00f5uetele, spetsifikatsioonidele, m\u00f5\u00f5tmetele ja tehnilistele uuendustele. Eritellimusel tooted on meie tugevus!<\/p>\n<p>Otsite individuaalseid lahendusi?<br \/>\nV\u00f5tke meiega \u00fchendust.<\/p>\n","protected":false},"featured_media":1260061518,"template":"","meta":[],"product_brand":[],"product_cat":[1283,1448],"product_tag":[],"class_list":{"0":"post-1260060802","1":"product","2":"type-product","3":"status-publish","4":"has-post-thumbnail","6":"product_cat-potentsiomeetrid-ja-andurid","7":"product_cat-spetsiaalne-toode-altmann","9":"first","10":"instock","11":"shipping-taxable","12":"product-type-simple"},"yoast_head":"<!-- This site is optimized with the Yoast SEO plugin v27.1.1 - https:\/\/yoast.com\/product\/yoast-seo-wordpress\/ -->\n<title>Individuaalsed ja kohandatud lahendused - My industrial<\/title>\n<meta name=\"robots\" content=\"index, follow, max-snippet:-1, max-image-preview:large, max-video-preview:-1\" \/>\n<link rel=\"canonical\" href=\"https:\/\/myindustrial.eu\/et\/shop\/potentsiomeetrid-ja-andurid\/spetsiaalne-toode-altmann\/customized-products\/\" \/>\n<meta property=\"og:locale\" content=\"et_EE\" \/>\n<meta property=\"og:type\" content=\"article\" \/>\n<meta property=\"og:title\" content=\"Individuaalsed ja kohandatud lahendused - My industrial\" \/>\n<meta property=\"og:description\" content=\"Standardsest spetsiaalseteni - kohandatud t\u00e4psus ja t\u00e4pne vastavus konkreetsele tellimusele Meie k\u00f5ikeh\u00f5lmavat standardprogrammi t\u00e4iendavad kliendip\u00f5hised \u00fcksik- ja erilahendused, millega tagatakse sobiva kulut\u00f5hususega hea kvaliteet. Pakume teile t\u00e4ielikku toote- ja teenuslahendust, mis vastab teie vajadustele. L\u00f5pptooteid saab reguleerida nii elektriliselt kui ka mehaaniliselt. R\u00e4\u00e4kige meile, mida vajate, ja me koostame teile oma tooteprogrammi alusel sobiva toote.  Kohandamine vastavalt teie vajadustele Teeme teile potentsiomeetreid pakkuva spetsialistina k\u00f5igis meie toodetes teie vajadustele vastavaid muudatusi. Seeriatootmisest kuni \u00fcksikute detailide valmistamiseni, k\u00f5ik lahendused on v\u00f5imalikud. Valmistame teile potentsiomeetrid t\u00e4pselt vastavalt teie n\u00f5uetele, spetsifikatsioonidele, m\u00f5\u00f5tmetele ja tehnilistele uuendustele. Eritellimusel tooted on meie tugevus!  Otsite individuaalseid lahendusi? V\u00f5tke meiega \u00fchendust.\" \/>\n<meta property=\"og:url\" content=\"https:\/\/myindustrial.eu\/et\/shop\/potentsiomeetrid-ja-andurid\/spetsiaalne-toode-altmann\/customized-products\/\" \/>\n<meta property=\"og:site_name\" content=\"My industrial\" \/>\n<meta property=\"article:modified_time\" content=\"2023-06-16T19:56:34+00:00\" \/>\n<meta property=\"og:image\" content=\"https:\/\/myindustrial.eu\/wp-content\/uploads\/2022\/05\/kundenspezifische-loesungen_altmann-gmbh_potentiometer-1-714x482.jpg\" \/>\n\t<meta property=\"og:image:width\" content=\"714\" \/>\n\t<meta property=\"og:image:height\" content=\"482\" \/>\n\t<meta property=\"og:image:type\" content=\"image\/jpeg\" \/>\n<meta name=\"twitter:card\" content=\"summary_large_image\" \/>\n<script type=\"application\/ld+json\" class=\"yoast-schema-graph\">{\"@context\":\"https:\/\/schema.org\",\"@graph\":[{\"@type\":\"WebPage\",\"@id\":\"https:\/\/myindustrial.eu\/et\/shop\/potentsiomeetrid-ja-andurid\/spetsiaalne-toode-altmann\/customized-products\/\",\"url\":\"https:\/\/myindustrial.eu\/et\/shop\/potentsiomeetrid-ja-andurid\/spetsiaalne-toode-altmann\/customized-products\/\",\"name\":\"Individuaalsed ja kohandatud lahendused - My industrial\",\"isPartOf\":{\"@id\":\"https:\/\/myindustrial.eu\/et\/#website\"},\"primaryImageOfPage\":{\"@id\":\"https:\/\/myindustrial.eu\/et\/shop\/potentsiomeetrid-ja-andurid\/spetsiaalne-toode-altmann\/customized-products\/#primaryimage\"},\"image\":{\"@id\":\"https:\/\/myindustrial.eu\/et\/shop\/potentsiomeetrid-ja-andurid\/spetsiaalne-toode-altmann\/customized-products\/#primaryimage\"},\"thumbnailUrl\":\"https:\/\/myindustrial.eu\/wp-content\/uploads\/2022\/05\/kundenspezifische-loesungen_altmann-gmbh_potentiometer-1-714x482.jpg\",\"datePublished\":\"2022-05-16T21:06:35+00:00\",\"dateModified\":\"2023-06-16T19:56:34+00:00\",\"breadcrumb\":{\"@id\":\"https:\/\/myindustrial.eu\/et\/shop\/potentsiomeetrid-ja-andurid\/spetsiaalne-toode-altmann\/customized-products\/#breadcrumb\"},\"inLanguage\":\"et\",\"potentialAction\":[{\"@type\":\"ReadAction\",\"target\":[\"https:\/\/myindustrial.eu\/et\/shop\/potentsiomeetrid-ja-andurid\/spetsiaalne-toode-altmann\/customized-products\/\"]}]},{\"@type\":\"ImageObject\",\"inLanguage\":\"et\",\"@id\":\"https:\/\/myindustrial.eu\/et\/shop\/potentsiomeetrid-ja-andurid\/spetsiaalne-toode-altmann\/customized-products\/#primaryimage\",\"url\":\"https:\/\/myindustrial.eu\/wp-content\/uploads\/2022\/05\/kundenspezifische-loesungen_altmann-gmbh_potentiometer-1-714x482.jpg\",\"contentUrl\":\"https:\/\/myindustrial.eu\/wp-content\/uploads\/2022\/05\/kundenspezifische-loesungen_altmann-gmbh_potentiometer-1-714x482.jpg\",\"width\":714,\"height\":482},{\"@type\":\"BreadcrumbList\",\"@id\":\"https:\/\/myindustrial.eu\/et\/shop\/potentsiomeetrid-ja-andurid\/spetsiaalne-toode-altmann\/customized-products\/#breadcrumb\",\"itemListElement\":[{\"@type\":\"ListItem\",\"position\":1,\"name\":\"Home\",\"item\":\"https:\/\/myindustrial.eu\/et\/\"},{\"@type\":\"ListItem\",\"position\":2,\"name\":\"Products\",\"item\":\"https:\/\/myindustrial.eu\/et\/products\/\"},{\"@type\":\"ListItem\",\"position\":3,\"name\":\"Individuaalsed ja kohandatud lahendused\"}]},{\"@type\":\"WebSite\",\"@id\":\"https:\/\/myindustrial.eu\/et\/#website\",\"url\":\"https:\/\/myindustrial.eu\/et\/\",\"name\":\"My industrial\",\"description\":\"\",\"potentialAction\":[{\"@type\":\"SearchAction\",\"target\":{\"@type\":\"EntryPoint\",\"urlTemplate\":\"https:\/\/myindustrial.eu\/et\/?s={search_term_string}\"},\"query-input\":{\"@type\":\"PropertyValueSpecification\",\"valueRequired\":true,\"valueName\":\"search_term_string\"}}],\"inLanguage\":\"et\"}]}<\/script>\n<!-- \/ Yoast SEO plugin. -->","yoast_head_json":{"title":"Individuaalsed ja kohandatud lahendused - My industrial","robots":{"index":"index","follow":"follow","max-snippet":"max-snippet:-1","max-image-preview":"max-image-preview:large","max-video-preview":"max-video-preview:-1"},"canonical":"https:\/\/myindustrial.eu\/et\/shop\/potentsiomeetrid-ja-andurid\/spetsiaalne-toode-altmann\/customized-products\/","og_locale":"et_EE","og_type":"article","og_title":"Individuaalsed ja kohandatud lahendused - My industrial","og_description":"Standardsest spetsiaalseteni - kohandatud t\u00e4psus ja t\u00e4pne vastavus konkreetsele tellimusele Meie k\u00f5ikeh\u00f5lmavat standardprogrammi t\u00e4iendavad kliendip\u00f5hised \u00fcksik- ja erilahendused, millega tagatakse sobiva kulut\u00f5hususega hea kvaliteet. Pakume teile t\u00e4ielikku toote- ja teenuslahendust, mis vastab teie vajadustele. L\u00f5pptooteid saab reguleerida nii elektriliselt kui ka mehaaniliselt. R\u00e4\u00e4kige meile, mida vajate, ja me koostame teile oma tooteprogrammi alusel sobiva toote.  Kohandamine vastavalt teie vajadustele Teeme teile potentsiomeetreid pakkuva spetsialistina k\u00f5igis meie toodetes teie vajadustele vastavaid muudatusi. Seeriatootmisest kuni \u00fcksikute detailide valmistamiseni, k\u00f5ik lahendused on v\u00f5imalikud. Valmistame teile potentsiomeetrid t\u00e4pselt vastavalt teie n\u00f5uetele, spetsifikatsioonidele, m\u00f5\u00f5tmetele ja tehnilistele uuendustele. Eritellimusel tooted on meie tugevus!  Otsite individuaalseid lahendusi? V\u00f5tke meiega \u00fchendust.","og_url":"https:\/\/myindustrial.eu\/et\/shop\/potentsiomeetrid-ja-andurid\/spetsiaalne-toode-altmann\/customized-products\/","og_site_name":"My industrial","article_modified_time":"2023-06-16T19:56:34+00:00","og_image":[{"width":714,"height":482,"url":"https:\/\/myindustrial.eu\/wp-content\/uploads\/2022\/05\/kundenspezifische-loesungen_altmann-gmbh_potentiometer-1-714x482.jpg","type":"image\/jpeg"}],"twitter_card":"summary_large_image","schema":{"@context":"https:\/\/schema.org","@graph":[{"@type":"WebPage","@id":"https:\/\/myindustrial.eu\/et\/shop\/potentsiomeetrid-ja-andurid\/spetsiaalne-toode-altmann\/customized-products\/","url":"https:\/\/myindustrial.eu\/et\/shop\/potentsiomeetrid-ja-andurid\/spetsiaalne-toode-altmann\/customized-products\/","name":"Individuaalsed ja kohandatud lahendused - My industrial","isPartOf":{"@id":"https:\/\/myindustrial.eu\/et\/#website"},"primaryImageOfPage":{"@id":"https:\/\/myindustrial.eu\/et\/shop\/potentsiomeetrid-ja-andurid\/spetsiaalne-toode-altmann\/customized-products\/#primaryimage"},"image":{"@id":"https:\/\/myindustrial.eu\/et\/shop\/potentsiomeetrid-ja-andurid\/spetsiaalne-toode-altmann\/customized-products\/#primaryimage"},"thumbnailUrl":"https:\/\/myindustrial.eu\/wp-content\/uploads\/2022\/05\/kundenspezifische-loesungen_altmann-gmbh_potentiometer-1-714x482.jpg","datePublished":"2022-05-16T21:06:35+00:00","dateModified":"2023-06-16T19:56:34+00:00","breadcrumb":{"@id":"https:\/\/myindustrial.eu\/et\/shop\/potentsiomeetrid-ja-andurid\/spetsiaalne-toode-altmann\/customized-products\/#breadcrumb"},"inLanguage":"et","potentialAction":[{"@type":"ReadAction","target":["https:\/\/myindustrial.eu\/et\/shop\/potentsiomeetrid-ja-andurid\/spetsiaalne-toode-altmann\/customized-products\/"]}]},{"@type":"ImageObject","inLanguage":"et","@id":"https:\/\/myindustrial.eu\/et\/shop\/potentsiomeetrid-ja-andurid\/spetsiaalne-toode-altmann\/customized-products\/#primaryimage","url":"https:\/\/myindustrial.eu\/wp-content\/uploads\/2022\/05\/kundenspezifische-loesungen_altmann-gmbh_potentiometer-1-714x482.jpg","contentUrl":"https:\/\/myindustrial.eu\/wp-content\/uploads\/2022\/05\/kundenspezifische-loesungen_altmann-gmbh_potentiometer-1-714x482.jpg","width":714,"height":482},{"@type":"BreadcrumbList","@id":"https:\/\/myindustrial.eu\/et\/shop\/potentsiomeetrid-ja-andurid\/spetsiaalne-toode-altmann\/customized-products\/#breadcrumb","itemListElement":[{"@type":"ListItem","position":1,"name":"Home","item":"https:\/\/myindustrial.eu\/et\/"},{"@type":"ListItem","position":2,"name":"Products","item":"https:\/\/myindustrial.eu\/et\/products\/"},{"@type":"ListItem","position":3,"name":"Individuaalsed ja kohandatud lahendused"}]},{"@type":"WebSite","@id":"https:\/\/myindustrial.eu\/et\/#website","url":"https:\/\/myindustrial.eu\/et\/","name":"My industrial","description":"","potentialAction":[{"@type":"SearchAction","target":{"@type":"EntryPoint","urlTemplate":"https:\/\/myindustrial.eu\/et\/?s={search_term_string}"},"query-input":{"@type":"PropertyValueSpecification","valueRequired":true,"valueName":"search_term_string"}}],"inLanguage":"et"}]}},"_links":{"self":[{"href":"https:\/\/myindustrial.eu\/et\/wp-json\/wp\/v2\/product\/1260060802","targetHints":{"allow":["GET"]}}],"collection":[{"href":"https:\/\/myindustrial.eu\/et\/wp-json\/wp\/v2\/product"}],"about":[{"href":"https:\/\/myindustrial.eu\/et\/wp-json\/wp\/v2\/types\/product"}],"version-history":[{"count":0,"href":"https:\/\/myindustrial.eu\/et\/wp-json\/wp\/v2\/product\/1260060802\/revisions"}],"wp:featuredmedia":[{"embeddable":true,"href":"https:\/\/myindustrial.eu\/et\/wp-json\/wp\/v2\/media\/1260061518"}],"wp:attachment":[{"href":"https:\/\/myindustrial.eu\/et\/wp-json\/wp\/v2\/media?parent=1260060802"}],"wp:term":[{"taxonomy":"product_brand","embeddable":true,"href":"https:\/\/myindustrial.eu\/et\/wp-json\/wp\/v2\/product_brand?post=1260060802"},{"taxonomy":"product_cat","embeddable":true,"href":"https:\/\/myindustrial.eu\/et\/wp-json\/wp\/v2\/product_cat?post=1260060802"},{"taxonomy":"product_tag","embeddable":true,"href":"https:\/\/myindustrial.eu\/et\/wp-json\/wp\/v2\/product_tag?post=1260060802"}],"curies":[{"name":"wp","href":"https:\/\/api.w.org\/{rel}","templated":true}]}}