{"id":1260060817,"date":"2022-05-16T21:14:37","date_gmt":"2022-05-16T21:14:37","guid":{"rendered":"https:\/\/myindustrial.eu\/shop\/maaratlemata\/special-product\/"},"modified":"2023-06-16T19:56:34","modified_gmt":"2023-06-16T19:56:34","slug":"special-product","status":"publish","type":"product","link":"https:\/\/myindustrial.eu\/et\/shop\/potentsiomeetrid-ja-andurid\/spetsiaalne-toode\/special-product\/","title":{"rendered":"Altmanni tr\u00fckitud elemendid"},"content":{"rendered":"<p><iframe width=\"560\" height=\"315\" src=\"https:\/\/youtube.com\/shorts\/NaJHxPlv8fA?feature=share\" frameborder=\"0\" allow=\"accelerometer; autoplay; clipboard-write; encrypted-media; gyroscope; picture-in-picture; web-share\" allowfullscreen><\/iframe><\/p>\n","protected":false},"excerpt":{"rendered":"<p>Alates Altmanni asutamisest 1963. aastal oleme tegelenud t\u00f6\u00f6stuslike rakenduste jaoks kauguse, nurga ja asendi tuvastamiseks m\u00f5eldud potentsiomeetrite ja andurite v\u00e4ljat\u00f6\u00f6tamise, projekteerimise ja tootmisega.<br \/>\nEnamik meie toodetes kasutatavatest komponentidest on tavaliselt ettev\u00f5ttesiseselt v\u00e4lja t\u00f6\u00f6tatud ja toodetud. Selline tugev vertikaalne integratsioon v\u00f5imaldab meil olla v\u00f5imalikult paindlik.<br \/>\nLisaks traadikerimistehnoloogiale tegeleme peamiselt paksukiletr\u00fcki tehnoloogiaga.<br \/>\nMeie pastalaboris tegeletakse juhtivate pol\u00fcmeerpastade v\u00e4ljat\u00f6\u00f6tamise ja tootmisega, mida saab kohandada t\u00e4pselt vastavalt teie vajadustele. Vastupanu kalded tr\u00fckitakse meie s\u00fcsteemis siiditr\u00fcki abil kandematerjalile (nt FR4).<\/p>\n","protected":false},"featured_media":1260061815,"template":"","meta":[],"product_brand":[],"product_cat":[1283,1455],"product_tag":[],"class_list":{"0":"post-1260060817","1":"product","2":"type-product","3":"status-publish","4":"has-post-thumbnail","6":"product_cat-potentsiomeetrid-ja-andurid","7":"product_cat-spetsiaalne-toode","9":"first","10":"instock","11":"shipping-taxable","12":"product-type-simple"},"yoast_head":"<!-- This site is optimized with the Yoast SEO plugin v27.1.1 - https:\/\/yoast.com\/product\/yoast-seo-wordpress\/ -->\n<title>Altmanni tr\u00fckitud elemendid - My industrial<\/title>\n<meta name=\"robots\" content=\"index, follow, max-snippet:-1, max-image-preview:large, max-video-preview:-1\" \/>\n<link rel=\"canonical\" href=\"https:\/\/myindustrial.eu\/et\/shop\/potentsiomeetrid-ja-andurid\/spetsiaalne-toode\/special-product\/\" \/>\n<meta property=\"og:locale\" content=\"et_EE\" \/>\n<meta property=\"og:type\" content=\"article\" \/>\n<meta property=\"og:title\" content=\"Altmanni tr\u00fckitud elemendid - My industrial\" \/>\n<meta property=\"og:description\" content=\"Alates Altmanni asutamisest 1963. aastal oleme tegelenud t\u00f6\u00f6stuslike rakenduste jaoks kauguse, nurga ja asendi tuvastamiseks m\u00f5eldud potentsiomeetrite ja andurite v\u00e4ljat\u00f6\u00f6tamise, projekteerimise ja tootmisega. Enamik meie toodetes kasutatavatest komponentidest on tavaliselt ettev\u00f5ttesiseselt v\u00e4lja t\u00f6\u00f6tatud ja toodetud. Selline tugev vertikaalne integratsioon v\u00f5imaldab meil olla v\u00f5imalikult paindlik. Lisaks traadikerimistehnoloogiale tegeleme peamiselt paksukiletr\u00fcki tehnoloogiaga. Meie pastalaboris tegeletakse juhtivate pol\u00fcmeerpastade v\u00e4ljat\u00f6\u00f6tamise ja tootmisega, mida saab kohandada t\u00e4pselt vastavalt teie vajadustele. Vastupanu kalded tr\u00fckitakse meie s\u00fcsteemis siiditr\u00fcki abil kandematerjalile (nt FR4).\" \/>\n<meta property=\"og:url\" content=\"https:\/\/myindustrial.eu\/et\/shop\/potentsiomeetrid-ja-andurid\/spetsiaalne-toode\/special-product\/\" \/>\n<meta property=\"og:site_name\" content=\"My industrial\" \/>\n<meta property=\"article:modified_time\" content=\"2023-06-16T19:56:34+00:00\" \/>\n<meta property=\"og:image\" content=\"https:\/\/myindustrial.eu\/wp-content\/uploads\/2022\/05\/biegebalken_neu_1-500x500.jpg\" \/>\n\t<meta property=\"og:image:width\" content=\"500\" \/>\n\t<meta property=\"og:image:height\" content=\"500\" \/>\n\t<meta property=\"og:image:type\" content=\"image\/jpeg\" \/>\n<meta name=\"twitter:card\" content=\"summary_large_image\" \/>\n<script type=\"application\/ld+json\" class=\"yoast-schema-graph\">{\"@context\":\"https:\/\/schema.org\",\"@graph\":[{\"@type\":\"WebPage\",\"@id\":\"https:\/\/myindustrial.eu\/et\/shop\/potentsiomeetrid-ja-andurid\/spetsiaalne-toode\/special-product\/\",\"url\":\"https:\/\/myindustrial.eu\/et\/shop\/potentsiomeetrid-ja-andurid\/spetsiaalne-toode\/special-product\/\",\"name\":\"Altmanni tr\u00fckitud elemendid - My industrial\",\"isPartOf\":{\"@id\":\"https:\/\/myindustrial.eu\/et\/#website\"},\"primaryImageOfPage\":{\"@id\":\"https:\/\/myindustrial.eu\/et\/shop\/potentsiomeetrid-ja-andurid\/spetsiaalne-toode\/special-product\/#primaryimage\"},\"image\":{\"@id\":\"https:\/\/myindustrial.eu\/et\/shop\/potentsiomeetrid-ja-andurid\/spetsiaalne-toode\/special-product\/#primaryimage\"},\"thumbnailUrl\":\"https:\/\/myindustrial.eu\/wp-content\/uploads\/2022\/05\/biegebalken_neu_1-500x500.jpg\",\"datePublished\":\"2022-05-16T21:14:37+00:00\",\"dateModified\":\"2023-06-16T19:56:34+00:00\",\"breadcrumb\":{\"@id\":\"https:\/\/myindustrial.eu\/et\/shop\/potentsiomeetrid-ja-andurid\/spetsiaalne-toode\/special-product\/#breadcrumb\"},\"inLanguage\":\"et\",\"potentialAction\":[{\"@type\":\"ReadAction\",\"target\":[\"https:\/\/myindustrial.eu\/et\/shop\/potentsiomeetrid-ja-andurid\/spetsiaalne-toode\/special-product\/\"]}]},{\"@type\":\"ImageObject\",\"inLanguage\":\"et\",\"@id\":\"https:\/\/myindustrial.eu\/et\/shop\/potentsiomeetrid-ja-andurid\/spetsiaalne-toode\/special-product\/#primaryimage\",\"url\":\"https:\/\/myindustrial.eu\/wp-content\/uploads\/2022\/05\/biegebalken_neu_1-500x500.jpg\",\"contentUrl\":\"https:\/\/myindustrial.eu\/wp-content\/uploads\/2022\/05\/biegebalken_neu_1-500x500.jpg\",\"width\":500,\"height\":500},{\"@type\":\"BreadcrumbList\",\"@id\":\"https:\/\/myindustrial.eu\/et\/shop\/potentsiomeetrid-ja-andurid\/spetsiaalne-toode\/special-product\/#breadcrumb\",\"itemListElement\":[{\"@type\":\"ListItem\",\"position\":1,\"name\":\"Home\",\"item\":\"https:\/\/myindustrial.eu\/et\/\"},{\"@type\":\"ListItem\",\"position\":2,\"name\":\"Products\",\"item\":\"https:\/\/myindustrial.eu\/et\/products\/\"},{\"@type\":\"ListItem\",\"position\":3,\"name\":\"Altmanni tr\u00fckitud elemendid\"}]},{\"@type\":\"WebSite\",\"@id\":\"https:\/\/myindustrial.eu\/et\/#website\",\"url\":\"https:\/\/myindustrial.eu\/et\/\",\"name\":\"My industrial\",\"description\":\"\",\"potentialAction\":[{\"@type\":\"SearchAction\",\"target\":{\"@type\":\"EntryPoint\",\"urlTemplate\":\"https:\/\/myindustrial.eu\/et\/?s={search_term_string}\"},\"query-input\":{\"@type\":\"PropertyValueSpecification\",\"valueRequired\":true,\"valueName\":\"search_term_string\"}}],\"inLanguage\":\"et\"}]}<\/script>\n<!-- \/ Yoast SEO plugin. -->","yoast_head_json":{"title":"Altmanni tr\u00fckitud elemendid - My industrial","robots":{"index":"index","follow":"follow","max-snippet":"max-snippet:-1","max-image-preview":"max-image-preview:large","max-video-preview":"max-video-preview:-1"},"canonical":"https:\/\/myindustrial.eu\/et\/shop\/potentsiomeetrid-ja-andurid\/spetsiaalne-toode\/special-product\/","og_locale":"et_EE","og_type":"article","og_title":"Altmanni tr\u00fckitud elemendid - My industrial","og_description":"Alates Altmanni asutamisest 1963. aastal oleme tegelenud t\u00f6\u00f6stuslike rakenduste jaoks kauguse, nurga ja asendi tuvastamiseks m\u00f5eldud potentsiomeetrite ja andurite v\u00e4ljat\u00f6\u00f6tamise, projekteerimise ja tootmisega. Enamik meie toodetes kasutatavatest komponentidest on tavaliselt ettev\u00f5ttesiseselt v\u00e4lja t\u00f6\u00f6tatud ja toodetud. Selline tugev vertikaalne integratsioon v\u00f5imaldab meil olla v\u00f5imalikult paindlik. Lisaks traadikerimistehnoloogiale tegeleme peamiselt paksukiletr\u00fcki tehnoloogiaga. Meie pastalaboris tegeletakse juhtivate pol\u00fcmeerpastade v\u00e4ljat\u00f6\u00f6tamise ja tootmisega, mida saab kohandada t\u00e4pselt vastavalt teie vajadustele. Vastupanu kalded tr\u00fckitakse meie s\u00fcsteemis siiditr\u00fcki abil kandematerjalile (nt FR4).","og_url":"https:\/\/myindustrial.eu\/et\/shop\/potentsiomeetrid-ja-andurid\/spetsiaalne-toode\/special-product\/","og_site_name":"My industrial","article_modified_time":"2023-06-16T19:56:34+00:00","og_image":[{"width":500,"height":500,"url":"https:\/\/myindustrial.eu\/wp-content\/uploads\/2022\/05\/biegebalken_neu_1-500x500.jpg","type":"image\/jpeg"}],"twitter_card":"summary_large_image","schema":{"@context":"https:\/\/schema.org","@graph":[{"@type":"WebPage","@id":"https:\/\/myindustrial.eu\/et\/shop\/potentsiomeetrid-ja-andurid\/spetsiaalne-toode\/special-product\/","url":"https:\/\/myindustrial.eu\/et\/shop\/potentsiomeetrid-ja-andurid\/spetsiaalne-toode\/special-product\/","name":"Altmanni tr\u00fckitud elemendid - My industrial","isPartOf":{"@id":"https:\/\/myindustrial.eu\/et\/#website"},"primaryImageOfPage":{"@id":"https:\/\/myindustrial.eu\/et\/shop\/potentsiomeetrid-ja-andurid\/spetsiaalne-toode\/special-product\/#primaryimage"},"image":{"@id":"https:\/\/myindustrial.eu\/et\/shop\/potentsiomeetrid-ja-andurid\/spetsiaalne-toode\/special-product\/#primaryimage"},"thumbnailUrl":"https:\/\/myindustrial.eu\/wp-content\/uploads\/2022\/05\/biegebalken_neu_1-500x500.jpg","datePublished":"2022-05-16T21:14:37+00:00","dateModified":"2023-06-16T19:56:34+00:00","breadcrumb":{"@id":"https:\/\/myindustrial.eu\/et\/shop\/potentsiomeetrid-ja-andurid\/spetsiaalne-toode\/special-product\/#breadcrumb"},"inLanguage":"et","potentialAction":[{"@type":"ReadAction","target":["https:\/\/myindustrial.eu\/et\/shop\/potentsiomeetrid-ja-andurid\/spetsiaalne-toode\/special-product\/"]}]},{"@type":"ImageObject","inLanguage":"et","@id":"https:\/\/myindustrial.eu\/et\/shop\/potentsiomeetrid-ja-andurid\/spetsiaalne-toode\/special-product\/#primaryimage","url":"https:\/\/myindustrial.eu\/wp-content\/uploads\/2022\/05\/biegebalken_neu_1-500x500.jpg","contentUrl":"https:\/\/myindustrial.eu\/wp-content\/uploads\/2022\/05\/biegebalken_neu_1-500x500.jpg","width":500,"height":500},{"@type":"BreadcrumbList","@id":"https:\/\/myindustrial.eu\/et\/shop\/potentsiomeetrid-ja-andurid\/spetsiaalne-toode\/special-product\/#breadcrumb","itemListElement":[{"@type":"ListItem","position":1,"name":"Home","item":"https:\/\/myindustrial.eu\/et\/"},{"@type":"ListItem","position":2,"name":"Products","item":"https:\/\/myindustrial.eu\/et\/products\/"},{"@type":"ListItem","position":3,"name":"Altmanni tr\u00fckitud elemendid"}]},{"@type":"WebSite","@id":"https:\/\/myindustrial.eu\/et\/#website","url":"https:\/\/myindustrial.eu\/et\/","name":"My industrial","description":"","potentialAction":[{"@type":"SearchAction","target":{"@type":"EntryPoint","urlTemplate":"https:\/\/myindustrial.eu\/et\/?s={search_term_string}"},"query-input":{"@type":"PropertyValueSpecification","valueRequired":true,"valueName":"search_term_string"}}],"inLanguage":"et"}]}},"_links":{"self":[{"href":"https:\/\/myindustrial.eu\/et\/wp-json\/wp\/v2\/product\/1260060817","targetHints":{"allow":["GET"]}}],"collection":[{"href":"https:\/\/myindustrial.eu\/et\/wp-json\/wp\/v2\/product"}],"about":[{"href":"https:\/\/myindustrial.eu\/et\/wp-json\/wp\/v2\/types\/product"}],"version-history":[{"count":0,"href":"https:\/\/myindustrial.eu\/et\/wp-json\/wp\/v2\/product\/1260060817\/revisions"}],"wp:featuredmedia":[{"embeddable":true,"href":"https:\/\/myindustrial.eu\/et\/wp-json\/wp\/v2\/media\/1260061815"}],"wp:attachment":[{"href":"https:\/\/myindustrial.eu\/et\/wp-json\/wp\/v2\/media?parent=1260060817"}],"wp:term":[{"taxonomy":"product_brand","embeddable":true,"href":"https:\/\/myindustrial.eu\/et\/wp-json\/wp\/v2\/product_brand?post=1260060817"},{"taxonomy":"product_cat","embeddable":true,"href":"https:\/\/myindustrial.eu\/et\/wp-json\/wp\/v2\/product_cat?post=1260060817"},{"taxonomy":"product_tag","embeddable":true,"href":"https:\/\/myindustrial.eu\/et\/wp-json\/wp\/v2\/product_tag?post=1260060817"}],"curies":[{"name":"wp","href":"https:\/\/api.w.org\/{rel}","templated":true}]}}