{"id":1260062169,"date":"2022-12-13T13:16:59","date_gmt":"2022-12-13T13:16:59","guid":{"rendered":"https:\/\/myindustrial.eu\/?post_type=product&#038;p=1260062169"},"modified":"2023-12-28T22:06:23","modified_gmt":"2023-12-28T22:06:23","slug":"gessmanni-peakontrollerisusteem-copy","status":"publish","type":"product","link":"https:\/\/myindustrial.eu\/et\/shop\/toostuskontrollerid-juhtkangid-ja-konsoolid\/raudteetranspordi-juhtimisseadmed-en-50155-ja-en-45545\/gessmanni-peakontrollerisusteem-copy\/","title":{"rendered":"Ketasl\u00fcliti seade"},"content":{"rendered":"","protected":false},"excerpt":{"rendered":"<p><span style=\"font-weight: 400;\">Kasutamine<\/span><br \/>\n<span style=\"font-weight: 400;\">Suunal\u00fcliti on osa eritellimusel projekteeritud veol\u00fclitist (tunnusnumber 618585), mida kasutatakse raudteeveeremi veoj\u00f5u ja pidurdamise juhtimiseks.<\/span><\/p>\n<p><span style=\"font-weight: 400;\">Suunal\u00fclitil on painduv konnektor, mille abil teostatakse mehaaniline blokeering ajami ja piduril\u00fcliti ning selle seadme suunal\u00fcliti vahel.<\/span><\/p>\n<p><span style=\"font-weight: 400;\">Tehnilised andmed<\/span><br \/>\n<span style=\"font-weight: 400;\">T\u00f6\u00f6temperatuur: -5\u00b0C kuni +40\u00b0C<\/span><br \/>\n<span style=\"font-weight: 400;\">Maksimaalne niiskus kasutamise ajal: 95%<\/span><br \/>\n<span style=\"font-weight: 400;\">Toitev\u00f5rgu pinge: 110 V ALALISVOOLU (+25% \/ -30%)<\/span><\/p>\n<p><span style=\"font-weight: 400;\">Sisaldab<\/span><br \/>\n<span style=\"font-weight: 400;\">L\u00f6\u00f6gi- ja vibratsioonikatset vastavalt: IEC 61373 n\u00f5uetele<\/span><br \/>\n<span style=\"font-weight: 400;\">EMC-katset vastavalt: EN 50 121-3-2<\/span><br \/>\n<span style=\"font-weight: 400;\">Pinge test vastavalt: vastavalt standardile EN 50155 \u00a712.2.9.2 \u2013 50 Hz, 1 kV, 1 min<\/span><\/p>\n","protected":false},"featured_media":1260062174,"template":"","meta":[],"product_brand":[],"product_cat":[1378],"product_tag":[],"class_list":{"0":"post-1260062169","1":"product","2":"type-product","3":"status-publish","4":"has-post-thumbnail","6":"product_cat-raudteetranspordi-juhtimisseadmed-en-50155-ja-en-45545","8":"first","9":"instock","10":"product-type-simple"},"yoast_head":"<!-- This site is optimized with the Yoast SEO plugin v27.1.1 - https:\/\/yoast.com\/product\/yoast-seo-wordpress\/ -->\n<title>Ketasl\u00fcliti seade - My industrial<\/title>\n<meta name=\"robots\" content=\"index, follow, max-snippet:-1, max-image-preview:large, max-video-preview:-1\" \/>\n<link rel=\"canonical\" href=\"https:\/\/myindustrial.eu\/et\/shop\/toostuskontrollerid-juhtkangid-ja-konsoolid\/raudteetranspordi-juhtimisseadmed-en-50155-ja-en-45545\/gessmanni-peakontrollerisusteem-copy\/\" \/>\n<meta property=\"og:locale\" content=\"et_EE\" \/>\n<meta property=\"og:type\" content=\"article\" \/>\n<meta property=\"og:title\" content=\"Ketasl\u00fcliti seade - My industrial\" \/>\n<meta property=\"og:description\" content=\"Kasutamine Suunal\u00fcliti on osa eritellimusel projekteeritud veol\u00fclitist (tunnusnumber 618585), mida kasutatakse raudteeveeremi veoj\u00f5u ja pidurdamise juhtimiseks.  Suunal\u00fclitil on painduv konnektor, mille abil teostatakse mehaaniline blokeering ajami ja piduril\u00fcliti ning selle seadme suunal\u00fcliti vahel.  Tehnilised andmed T\u00f6\u00f6temperatuur: -5\u00b0C kuni +40\u00b0C Maksimaalne niiskus kasutamise ajal: 95% Toitev\u00f5rgu pinge: 110 V ALALISVOOLU (+25% \/ -30%)  Sisaldab L\u00f6\u00f6gi- ja vibratsioonikatset vastavalt: IEC 61373 n\u00f5uetele EMC-katset vastavalt: EN 50 121-3-2 Pinge test vastavalt: vastavalt standardile EN 50155 \u00a712.2.9.2 \u2013 50 Hz, 1 kV, 1 min\" \/>\n<meta property=\"og:url\" content=\"https:\/\/myindustrial.eu\/et\/shop\/toostuskontrollerid-juhtkangid-ja-konsoolid\/raudteetranspordi-juhtimisseadmed-en-50155-ja-en-45545\/gessmanni-peakontrollerisusteem-copy\/\" \/>\n<meta property=\"og:site_name\" content=\"My industrial\" \/>\n<meta property=\"article:modified_time\" content=\"2023-12-28T22:06:23+00:00\" \/>\n<meta property=\"og:image\" content=\"https:\/\/myindustrial.eu\/wp-content\/uploads\/2022\/12\/preselector-switch_2-500x500.jpg\" \/>\n\t<meta property=\"og:image:width\" content=\"500\" \/>\n\t<meta property=\"og:image:height\" content=\"500\" \/>\n\t<meta property=\"og:image:type\" content=\"image\/jpeg\" \/>\n<meta name=\"twitter:card\" content=\"summary_large_image\" \/>\n<script type=\"application\/ld+json\" class=\"yoast-schema-graph\">{\"@context\":\"https:\/\/schema.org\",\"@graph\":[{\"@type\":\"WebPage\",\"@id\":\"https:\/\/myindustrial.eu\/et\/shop\/toostuskontrollerid-juhtkangid-ja-konsoolid\/raudteetranspordi-juhtimisseadmed-en-50155-ja-en-45545\/gessmanni-peakontrollerisusteem-copy\/\",\"url\":\"https:\/\/myindustrial.eu\/et\/shop\/toostuskontrollerid-juhtkangid-ja-konsoolid\/raudteetranspordi-juhtimisseadmed-en-50155-ja-en-45545\/gessmanni-peakontrollerisusteem-copy\/\",\"name\":\"Ketasl\u00fcliti seade - My industrial\",\"isPartOf\":{\"@id\":\"https:\/\/myindustrial.eu\/et\/#website\"},\"primaryImageOfPage\":{\"@id\":\"https:\/\/myindustrial.eu\/et\/shop\/toostuskontrollerid-juhtkangid-ja-konsoolid\/raudteetranspordi-juhtimisseadmed-en-50155-ja-en-45545\/gessmanni-peakontrollerisusteem-copy\/#primaryimage\"},\"image\":{\"@id\":\"https:\/\/myindustrial.eu\/et\/shop\/toostuskontrollerid-juhtkangid-ja-konsoolid\/raudteetranspordi-juhtimisseadmed-en-50155-ja-en-45545\/gessmanni-peakontrollerisusteem-copy\/#primaryimage\"},\"thumbnailUrl\":\"https:\/\/myindustrial.eu\/wp-content\/uploads\/2022\/12\/preselector-switch_2-500x500.jpg\",\"datePublished\":\"2022-12-13T13:16:59+00:00\",\"dateModified\":\"2023-12-28T22:06:23+00:00\",\"breadcrumb\":{\"@id\":\"https:\/\/myindustrial.eu\/et\/shop\/toostuskontrollerid-juhtkangid-ja-konsoolid\/raudteetranspordi-juhtimisseadmed-en-50155-ja-en-45545\/gessmanni-peakontrollerisusteem-copy\/#breadcrumb\"},\"inLanguage\":\"et\",\"potentialAction\":[{\"@type\":\"ReadAction\",\"target\":[\"https:\/\/myindustrial.eu\/et\/shop\/toostuskontrollerid-juhtkangid-ja-konsoolid\/raudteetranspordi-juhtimisseadmed-en-50155-ja-en-45545\/gessmanni-peakontrollerisusteem-copy\/\"]}]},{\"@type\":\"ImageObject\",\"inLanguage\":\"et\",\"@id\":\"https:\/\/myindustrial.eu\/et\/shop\/toostuskontrollerid-juhtkangid-ja-konsoolid\/raudteetranspordi-juhtimisseadmed-en-50155-ja-en-45545\/gessmanni-peakontrollerisusteem-copy\/#primaryimage\",\"url\":\"https:\/\/myindustrial.eu\/wp-content\/uploads\/2022\/12\/preselector-switch_2-500x500.jpg\",\"contentUrl\":\"https:\/\/myindustrial.eu\/wp-content\/uploads\/2022\/12\/preselector-switch_2-500x500.jpg\",\"width\":500,\"height\":500},{\"@type\":\"BreadcrumbList\",\"@id\":\"https:\/\/myindustrial.eu\/et\/shop\/toostuskontrollerid-juhtkangid-ja-konsoolid\/raudteetranspordi-juhtimisseadmed-en-50155-ja-en-45545\/gessmanni-peakontrollerisusteem-copy\/#breadcrumb\",\"itemListElement\":[{\"@type\":\"ListItem\",\"position\":1,\"name\":\"Home\",\"item\":\"https:\/\/myindustrial.eu\/et\/\"},{\"@type\":\"ListItem\",\"position\":2,\"name\":\"Products\",\"item\":\"https:\/\/myindustrial.eu\/et\/products\/\"},{\"@type\":\"ListItem\",\"position\":3,\"name\":\"Ketasl\u00fcliti seade\"}]},{\"@type\":\"WebSite\",\"@id\":\"https:\/\/myindustrial.eu\/et\/#website\",\"url\":\"https:\/\/myindustrial.eu\/et\/\",\"name\":\"My industrial\",\"description\":\"\",\"potentialAction\":[{\"@type\":\"SearchAction\",\"target\":{\"@type\":\"EntryPoint\",\"urlTemplate\":\"https:\/\/myindustrial.eu\/et\/?s={search_term_string}\"},\"query-input\":{\"@type\":\"PropertyValueSpecification\",\"valueRequired\":true,\"valueName\":\"search_term_string\"}}],\"inLanguage\":\"et\"}]}<\/script>\n<!-- \/ Yoast SEO plugin. -->","yoast_head_json":{"title":"Ketasl\u00fcliti seade - My industrial","robots":{"index":"index","follow":"follow","max-snippet":"max-snippet:-1","max-image-preview":"max-image-preview:large","max-video-preview":"max-video-preview:-1"},"canonical":"https:\/\/myindustrial.eu\/et\/shop\/toostuskontrollerid-juhtkangid-ja-konsoolid\/raudteetranspordi-juhtimisseadmed-en-50155-ja-en-45545\/gessmanni-peakontrollerisusteem-copy\/","og_locale":"et_EE","og_type":"article","og_title":"Ketasl\u00fcliti seade - My industrial","og_description":"Kasutamine Suunal\u00fcliti on osa eritellimusel projekteeritud veol\u00fclitist (tunnusnumber 618585), mida kasutatakse raudteeveeremi veoj\u00f5u ja pidurdamise juhtimiseks.  Suunal\u00fclitil on painduv konnektor, mille abil teostatakse mehaaniline blokeering ajami ja piduril\u00fcliti ning selle seadme suunal\u00fcliti vahel.  Tehnilised andmed T\u00f6\u00f6temperatuur: -5\u00b0C kuni +40\u00b0C Maksimaalne niiskus kasutamise ajal: 95% Toitev\u00f5rgu pinge: 110 V ALALISVOOLU (+25% \/ -30%)  Sisaldab L\u00f6\u00f6gi- ja vibratsioonikatset vastavalt: IEC 61373 n\u00f5uetele EMC-katset vastavalt: EN 50 121-3-2 Pinge test vastavalt: vastavalt standardile EN 50155 \u00a712.2.9.2 \u2013 50 Hz, 1 kV, 1 min","og_url":"https:\/\/myindustrial.eu\/et\/shop\/toostuskontrollerid-juhtkangid-ja-konsoolid\/raudteetranspordi-juhtimisseadmed-en-50155-ja-en-45545\/gessmanni-peakontrollerisusteem-copy\/","og_site_name":"My industrial","article_modified_time":"2023-12-28T22:06:23+00:00","og_image":[{"width":500,"height":500,"url":"https:\/\/myindustrial.eu\/wp-content\/uploads\/2022\/12\/preselector-switch_2-500x500.jpg","type":"image\/jpeg"}],"twitter_card":"summary_large_image","schema":{"@context":"https:\/\/schema.org","@graph":[{"@type":"WebPage","@id":"https:\/\/myindustrial.eu\/et\/shop\/toostuskontrollerid-juhtkangid-ja-konsoolid\/raudteetranspordi-juhtimisseadmed-en-50155-ja-en-45545\/gessmanni-peakontrollerisusteem-copy\/","url":"https:\/\/myindustrial.eu\/et\/shop\/toostuskontrollerid-juhtkangid-ja-konsoolid\/raudteetranspordi-juhtimisseadmed-en-50155-ja-en-45545\/gessmanni-peakontrollerisusteem-copy\/","name":"Ketasl\u00fcliti seade - My industrial","isPartOf":{"@id":"https:\/\/myindustrial.eu\/et\/#website"},"primaryImageOfPage":{"@id":"https:\/\/myindustrial.eu\/et\/shop\/toostuskontrollerid-juhtkangid-ja-konsoolid\/raudteetranspordi-juhtimisseadmed-en-50155-ja-en-45545\/gessmanni-peakontrollerisusteem-copy\/#primaryimage"},"image":{"@id":"https:\/\/myindustrial.eu\/et\/shop\/toostuskontrollerid-juhtkangid-ja-konsoolid\/raudteetranspordi-juhtimisseadmed-en-50155-ja-en-45545\/gessmanni-peakontrollerisusteem-copy\/#primaryimage"},"thumbnailUrl":"https:\/\/myindustrial.eu\/wp-content\/uploads\/2022\/12\/preselector-switch_2-500x500.jpg","datePublished":"2022-12-13T13:16:59+00:00","dateModified":"2023-12-28T22:06:23+00:00","breadcrumb":{"@id":"https:\/\/myindustrial.eu\/et\/shop\/toostuskontrollerid-juhtkangid-ja-konsoolid\/raudteetranspordi-juhtimisseadmed-en-50155-ja-en-45545\/gessmanni-peakontrollerisusteem-copy\/#breadcrumb"},"inLanguage":"et","potentialAction":[{"@type":"ReadAction","target":["https:\/\/myindustrial.eu\/et\/shop\/toostuskontrollerid-juhtkangid-ja-konsoolid\/raudteetranspordi-juhtimisseadmed-en-50155-ja-en-45545\/gessmanni-peakontrollerisusteem-copy\/"]}]},{"@type":"ImageObject","inLanguage":"et","@id":"https:\/\/myindustrial.eu\/et\/shop\/toostuskontrollerid-juhtkangid-ja-konsoolid\/raudteetranspordi-juhtimisseadmed-en-50155-ja-en-45545\/gessmanni-peakontrollerisusteem-copy\/#primaryimage","url":"https:\/\/myindustrial.eu\/wp-content\/uploads\/2022\/12\/preselector-switch_2-500x500.jpg","contentUrl":"https:\/\/myindustrial.eu\/wp-content\/uploads\/2022\/12\/preselector-switch_2-500x500.jpg","width":500,"height":500},{"@type":"BreadcrumbList","@id":"https:\/\/myindustrial.eu\/et\/shop\/toostuskontrollerid-juhtkangid-ja-konsoolid\/raudteetranspordi-juhtimisseadmed-en-50155-ja-en-45545\/gessmanni-peakontrollerisusteem-copy\/#breadcrumb","itemListElement":[{"@type":"ListItem","position":1,"name":"Home","item":"https:\/\/myindustrial.eu\/et\/"},{"@type":"ListItem","position":2,"name":"Products","item":"https:\/\/myindustrial.eu\/et\/products\/"},{"@type":"ListItem","position":3,"name":"Ketasl\u00fcliti seade"}]},{"@type":"WebSite","@id":"https:\/\/myindustrial.eu\/et\/#website","url":"https:\/\/myindustrial.eu\/et\/","name":"My industrial","description":"","potentialAction":[{"@type":"SearchAction","target":{"@type":"EntryPoint","urlTemplate":"https:\/\/myindustrial.eu\/et\/?s={search_term_string}"},"query-input":{"@type":"PropertyValueSpecification","valueRequired":true,"valueName":"search_term_string"}}],"inLanguage":"et"}]}},"_links":{"self":[{"href":"https:\/\/myindustrial.eu\/et\/wp-json\/wp\/v2\/product\/1260062169","targetHints":{"allow":["GET"]}}],"collection":[{"href":"https:\/\/myindustrial.eu\/et\/wp-json\/wp\/v2\/product"}],"about":[{"href":"https:\/\/myindustrial.eu\/et\/wp-json\/wp\/v2\/types\/product"}],"version-history":[{"count":0,"href":"https:\/\/myindustrial.eu\/et\/wp-json\/wp\/v2\/product\/1260062169\/revisions"}],"wp:featuredmedia":[{"embeddable":true,"href":"https:\/\/myindustrial.eu\/et\/wp-json\/wp\/v2\/media\/1260062174"}],"wp:attachment":[{"href":"https:\/\/myindustrial.eu\/et\/wp-json\/wp\/v2\/media?parent=1260062169"}],"wp:term":[{"taxonomy":"product_brand","embeddable":true,"href":"https:\/\/myindustrial.eu\/et\/wp-json\/wp\/v2\/product_brand?post=1260062169"},{"taxonomy":"product_cat","embeddable":true,"href":"https:\/\/myindustrial.eu\/et\/wp-json\/wp\/v2\/product_cat?post=1260062169"},{"taxonomy":"product_tag","embeddable":true,"href":"https:\/\/myindustrial.eu\/et\/wp-json\/wp\/v2\/product_tag?post=1260062169"}],"curies":[{"name":"wp","href":"https:\/\/api.w.org\/{rel}","templated":true}]}}