{"id":1260062692,"date":"2023-03-01T14:29:12","date_gmt":"2023-03-01T14:29:12","guid":{"rendered":"https:\/\/myindustrial.eu\/?post_type=product&#038;p=1260062692"},"modified":"2023-06-16T19:55:28","modified_gmt":"2023-06-16T19:55:28","slug":"kaepide-b36","status":"publish","type":"product","link":"https:\/\/myindustrial.eu\/et\/shop\/toostuskontrollerid-juhtkangid-ja-konsoolid\/kaepidemed-kontrolleritele-juhtkangidele\/kaepide-b36\/","title":{"rendered":"K\u00e4epide B36"},"content":{"rendered":"<p>Tehnilised andmedT\u00f6\u00f6temperatuur -40\u00b0C kuni +85\u00b0CJuhtelemendi kaitseaste kuni IP67Lisakontakt 1,5A 24 V DC 13 (*1 0,1A 24 V DC13)<iframe width=\"560\" height=\"315\" src=\"https:\/\/youtube.com\/shorts\/b7YO7IzGkus?feature=share\" frameborder=\"0\" allow=\"accelerometer; autoplay; clipboard-write; encrypted-media; gyroscope; picture-in-picture; web-share\" allowfullscreen><\/iframe><\/p>\n","protected":false},"excerpt":{"rendered":"<p>Peopesa haaratsil B36-l on paljudele n\u00f5uetele vastavad erinevad varustusvariandid. See \u00fchildub meie mitmeteljelise kontrolleriga v\u00f5i on paigaldatud h\u00fcdraulilistele ajamitele. Peopesa haaratsil on v\u00e4ga paindlik \u00fcksikjuhe (0,1 mm\u00b2, 450 mm pikk). Ajami varda kinnitusdetaili saab tarnida 12 mm (standard) v\u00f5i 10 mm keermestatud auguga.<\/p>\n<p><a href=\"\/wp-content\/uploads\/2023\/03\/palm-grip-b36-1.pdf\" target=\"_blank\" rel=\"noopener\"><img decoding=\"async\" src=\"\/wp-content\/uploads\/2023\/02\/download-button-est.svg\" \/><\/a><\/p>\n","protected":false},"featured_media":1260063112,"template":"","meta":[],"product_brand":[],"product_cat":[1369],"product_tag":[],"class_list":{"0":"post-1260062692","1":"product","2":"type-product","3":"status-publish","4":"has-post-thumbnail","6":"product_cat-kaepidemed-kontrolleritele-juhtkangidele","8":"first","9":"instock","10":"shipping-taxable","11":"product-type-simple"},"yoast_head":"<!-- This site is optimized with the Yoast SEO plugin v27.1.1 - https:\/\/yoast.com\/product\/yoast-seo-wordpress\/ -->\n<title>K\u00e4epide B36 - My industrial<\/title>\n<meta name=\"robots\" content=\"index, follow, max-snippet:-1, max-image-preview:large, max-video-preview:-1\" \/>\n<link rel=\"canonical\" href=\"https:\/\/myindustrial.eu\/et\/shop\/toostuskontrollerid-juhtkangid-ja-konsoolid\/kaepidemed-kontrolleritele-juhtkangidele\/kaepide-b36\/\" \/>\n<meta property=\"og:locale\" content=\"et_EE\" \/>\n<meta property=\"og:type\" content=\"article\" \/>\n<meta property=\"og:title\" content=\"K\u00e4epide B36 - My industrial\" \/>\n<meta property=\"og:description\" content=\"Peopesa haaratsil B36-l on paljudele n\u00f5uetele vastavad erinevad varustusvariandid. See \u00fchildub meie mitmeteljelise kontrolleriga v\u00f5i on paigaldatud h\u00fcdraulilistele ajamitele. Peopesa haaratsil on v\u00e4ga paindlik \u00fcksikjuhe (0,1 mm\u00b2, 450 mm pikk). Ajami varda kinnitusdetaili saab tarnida 12 mm (standard) v\u00f5i 10 mm keermestatud auguga.\" \/>\n<meta property=\"og:url\" content=\"https:\/\/myindustrial.eu\/et\/shop\/toostuskontrollerid-juhtkangid-ja-konsoolid\/kaepidemed-kontrolleritele-juhtkangidele\/kaepide-b36\/\" \/>\n<meta property=\"og:site_name\" content=\"My industrial\" \/>\n<meta property=\"article:modified_time\" content=\"2023-06-16T19:55:28+00:00\" \/>\n<meta property=\"og:image\" content=\"https:\/\/myindustrial.eu\/wp-content\/uploads\/2023\/03\/b36.webp\" \/>\n\t<meta property=\"og:image:width\" content=\"977\" \/>\n\t<meta property=\"og:image:height\" content=\"1031\" \/>\n\t<meta property=\"og:image:type\" content=\"image\/webp\" \/>\n<meta name=\"twitter:card\" content=\"summary_large_image\" \/>\n<script type=\"application\/ld+json\" class=\"yoast-schema-graph\">{\"@context\":\"https:\/\/schema.org\",\"@graph\":[{\"@type\":\"WebPage\",\"@id\":\"https:\/\/myindustrial.eu\/et\/shop\/toostuskontrollerid-juhtkangid-ja-konsoolid\/kaepidemed-kontrolleritele-juhtkangidele\/kaepide-b36\/\",\"url\":\"https:\/\/myindustrial.eu\/et\/shop\/toostuskontrollerid-juhtkangid-ja-konsoolid\/kaepidemed-kontrolleritele-juhtkangidele\/kaepide-b36\/\",\"name\":\"K\u00e4epide B36 - My industrial\",\"isPartOf\":{\"@id\":\"https:\/\/myindustrial.eu\/et\/#website\"},\"primaryImageOfPage\":{\"@id\":\"https:\/\/myindustrial.eu\/et\/shop\/toostuskontrollerid-juhtkangid-ja-konsoolid\/kaepidemed-kontrolleritele-juhtkangidele\/kaepide-b36\/#primaryimage\"},\"image\":{\"@id\":\"https:\/\/myindustrial.eu\/et\/shop\/toostuskontrollerid-juhtkangid-ja-konsoolid\/kaepidemed-kontrolleritele-juhtkangidele\/kaepide-b36\/#primaryimage\"},\"thumbnailUrl\":\"https:\/\/myindustrial.eu\/wp-content\/uploads\/2023\/03\/b36.webp\",\"datePublished\":\"2023-03-01T14:29:12+00:00\",\"dateModified\":\"2023-06-16T19:55:28+00:00\",\"breadcrumb\":{\"@id\":\"https:\/\/myindustrial.eu\/et\/shop\/toostuskontrollerid-juhtkangid-ja-konsoolid\/kaepidemed-kontrolleritele-juhtkangidele\/kaepide-b36\/#breadcrumb\"},\"inLanguage\":\"et\",\"potentialAction\":[{\"@type\":\"ReadAction\",\"target\":[\"https:\/\/myindustrial.eu\/et\/shop\/toostuskontrollerid-juhtkangid-ja-konsoolid\/kaepidemed-kontrolleritele-juhtkangidele\/kaepide-b36\/\"]}]},{\"@type\":\"ImageObject\",\"inLanguage\":\"et\",\"@id\":\"https:\/\/myindustrial.eu\/et\/shop\/toostuskontrollerid-juhtkangid-ja-konsoolid\/kaepidemed-kontrolleritele-juhtkangidele\/kaepide-b36\/#primaryimage\",\"url\":\"https:\/\/myindustrial.eu\/wp-content\/uploads\/2023\/03\/b36.webp\",\"contentUrl\":\"https:\/\/myindustrial.eu\/wp-content\/uploads\/2023\/03\/b36.webp\",\"width\":977,\"height\":1031},{\"@type\":\"BreadcrumbList\",\"@id\":\"https:\/\/myindustrial.eu\/et\/shop\/toostuskontrollerid-juhtkangid-ja-konsoolid\/kaepidemed-kontrolleritele-juhtkangidele\/kaepide-b36\/#breadcrumb\",\"itemListElement\":[{\"@type\":\"ListItem\",\"position\":1,\"name\":\"Home\",\"item\":\"https:\/\/myindustrial.eu\/et\/\"},{\"@type\":\"ListItem\",\"position\":2,\"name\":\"Products\",\"item\":\"https:\/\/myindustrial.eu\/et\/products\/\"},{\"@type\":\"ListItem\",\"position\":3,\"name\":\"K\u00e4epide B36\"}]},{\"@type\":\"WebSite\",\"@id\":\"https:\/\/myindustrial.eu\/et\/#website\",\"url\":\"https:\/\/myindustrial.eu\/et\/\",\"name\":\"My industrial\",\"description\":\"\",\"potentialAction\":[{\"@type\":\"SearchAction\",\"target\":{\"@type\":\"EntryPoint\",\"urlTemplate\":\"https:\/\/myindustrial.eu\/et\/?s={search_term_string}\"},\"query-input\":{\"@type\":\"PropertyValueSpecification\",\"valueRequired\":true,\"valueName\":\"search_term_string\"}}],\"inLanguage\":\"et\"}]}<\/script>\n<!-- \/ Yoast SEO plugin. -->","yoast_head_json":{"title":"K\u00e4epide B36 - My industrial","robots":{"index":"index","follow":"follow","max-snippet":"max-snippet:-1","max-image-preview":"max-image-preview:large","max-video-preview":"max-video-preview:-1"},"canonical":"https:\/\/myindustrial.eu\/et\/shop\/toostuskontrollerid-juhtkangid-ja-konsoolid\/kaepidemed-kontrolleritele-juhtkangidele\/kaepide-b36\/","og_locale":"et_EE","og_type":"article","og_title":"K\u00e4epide B36 - My industrial","og_description":"Peopesa haaratsil B36-l on paljudele n\u00f5uetele vastavad erinevad varustusvariandid. See \u00fchildub meie mitmeteljelise kontrolleriga v\u00f5i on paigaldatud h\u00fcdraulilistele ajamitele. Peopesa haaratsil on v\u00e4ga paindlik \u00fcksikjuhe (0,1 mm\u00b2, 450 mm pikk). Ajami varda kinnitusdetaili saab tarnida 12 mm (standard) v\u00f5i 10 mm keermestatud auguga.","og_url":"https:\/\/myindustrial.eu\/et\/shop\/toostuskontrollerid-juhtkangid-ja-konsoolid\/kaepidemed-kontrolleritele-juhtkangidele\/kaepide-b36\/","og_site_name":"My industrial","article_modified_time":"2023-06-16T19:55:28+00:00","og_image":[{"width":977,"height":1031,"url":"https:\/\/myindustrial.eu\/wp-content\/uploads\/2023\/03\/b36.webp","type":"image\/webp"}],"twitter_card":"summary_large_image","schema":{"@context":"https:\/\/schema.org","@graph":[{"@type":"WebPage","@id":"https:\/\/myindustrial.eu\/et\/shop\/toostuskontrollerid-juhtkangid-ja-konsoolid\/kaepidemed-kontrolleritele-juhtkangidele\/kaepide-b36\/","url":"https:\/\/myindustrial.eu\/et\/shop\/toostuskontrollerid-juhtkangid-ja-konsoolid\/kaepidemed-kontrolleritele-juhtkangidele\/kaepide-b36\/","name":"K\u00e4epide B36 - My industrial","isPartOf":{"@id":"https:\/\/myindustrial.eu\/et\/#website"},"primaryImageOfPage":{"@id":"https:\/\/myindustrial.eu\/et\/shop\/toostuskontrollerid-juhtkangid-ja-konsoolid\/kaepidemed-kontrolleritele-juhtkangidele\/kaepide-b36\/#primaryimage"},"image":{"@id":"https:\/\/myindustrial.eu\/et\/shop\/toostuskontrollerid-juhtkangid-ja-konsoolid\/kaepidemed-kontrolleritele-juhtkangidele\/kaepide-b36\/#primaryimage"},"thumbnailUrl":"https:\/\/myindustrial.eu\/wp-content\/uploads\/2023\/03\/b36.webp","datePublished":"2023-03-01T14:29:12+00:00","dateModified":"2023-06-16T19:55:28+00:00","breadcrumb":{"@id":"https:\/\/myindustrial.eu\/et\/shop\/toostuskontrollerid-juhtkangid-ja-konsoolid\/kaepidemed-kontrolleritele-juhtkangidele\/kaepide-b36\/#breadcrumb"},"inLanguage":"et","potentialAction":[{"@type":"ReadAction","target":["https:\/\/myindustrial.eu\/et\/shop\/toostuskontrollerid-juhtkangid-ja-konsoolid\/kaepidemed-kontrolleritele-juhtkangidele\/kaepide-b36\/"]}]},{"@type":"ImageObject","inLanguage":"et","@id":"https:\/\/myindustrial.eu\/et\/shop\/toostuskontrollerid-juhtkangid-ja-konsoolid\/kaepidemed-kontrolleritele-juhtkangidele\/kaepide-b36\/#primaryimage","url":"https:\/\/myindustrial.eu\/wp-content\/uploads\/2023\/03\/b36.webp","contentUrl":"https:\/\/myindustrial.eu\/wp-content\/uploads\/2023\/03\/b36.webp","width":977,"height":1031},{"@type":"BreadcrumbList","@id":"https:\/\/myindustrial.eu\/et\/shop\/toostuskontrollerid-juhtkangid-ja-konsoolid\/kaepidemed-kontrolleritele-juhtkangidele\/kaepide-b36\/#breadcrumb","itemListElement":[{"@type":"ListItem","position":1,"name":"Home","item":"https:\/\/myindustrial.eu\/et\/"},{"@type":"ListItem","position":2,"name":"Products","item":"https:\/\/myindustrial.eu\/et\/products\/"},{"@type":"ListItem","position":3,"name":"K\u00e4epide B36"}]},{"@type":"WebSite","@id":"https:\/\/myindustrial.eu\/et\/#website","url":"https:\/\/myindustrial.eu\/et\/","name":"My industrial","description":"","potentialAction":[{"@type":"SearchAction","target":{"@type":"EntryPoint","urlTemplate":"https:\/\/myindustrial.eu\/et\/?s={search_term_string}"},"query-input":{"@type":"PropertyValueSpecification","valueRequired":true,"valueName":"search_term_string"}}],"inLanguage":"et"}]}},"_links":{"self":[{"href":"https:\/\/myindustrial.eu\/et\/wp-json\/wp\/v2\/product\/1260062692","targetHints":{"allow":["GET"]}}],"collection":[{"href":"https:\/\/myindustrial.eu\/et\/wp-json\/wp\/v2\/product"}],"about":[{"href":"https:\/\/myindustrial.eu\/et\/wp-json\/wp\/v2\/types\/product"}],"version-history":[{"count":0,"href":"https:\/\/myindustrial.eu\/et\/wp-json\/wp\/v2\/product\/1260062692\/revisions"}],"wp:featuredmedia":[{"embeddable":true,"href":"https:\/\/myindustrial.eu\/et\/wp-json\/wp\/v2\/media\/1260063112"}],"wp:attachment":[{"href":"https:\/\/myindustrial.eu\/et\/wp-json\/wp\/v2\/media?parent=1260062692"}],"wp:term":[{"taxonomy":"product_brand","embeddable":true,"href":"https:\/\/myindustrial.eu\/et\/wp-json\/wp\/v2\/product_brand?post=1260062692"},{"taxonomy":"product_cat","embeddable":true,"href":"https:\/\/myindustrial.eu\/et\/wp-json\/wp\/v2\/product_cat?post=1260062692"},{"taxonomy":"product_tag","embeddable":true,"href":"https:\/\/myindustrial.eu\/et\/wp-json\/wp\/v2\/product_tag?post=1260062692"}],"curies":[{"name":"wp","href":"https:\/\/api.w.org\/{rel}","templated":true}]}}