{"id":1260065481,"date":"2024-12-02T09:58:22","date_gmt":"2024-12-02T09:58:22","guid":{"rendered":"https:\/\/myindustrial.eu\/shop\/maaratlemata\/buffers-for-storage-retrieval-systems-type-herkules-ii\/"},"modified":"2024-12-25T16:59:37","modified_gmt":"2024-12-25T16:59:37","slug":"buffers-for-storage-retrieval-systems-type-herkules-ii","status":"publish","type":"product","link":"https:\/\/myindustrial.eu\/et\/shop\/toostuslikud-pidurisusteemid-ja-ajami-seiskamise-komponendid\/puhver-summuti\/buffers-for-storage-retrieval-systems-type-herkules-ii\/","title":{"rendered":"Puhvrid ladustamis- ja v\u00e4ljastuss\u00fcsteemidele T\u00fc\u00fcp HERKULES II"},"content":{"rendered":"","protected":false},"excerpt":{"rendered":"<p><b>Laos\u00fcsteemide siibrid<\/b><\/p>\n<p><span style=\"font-weight: 400;\">H\u00fcdrauliline puhver h\u00e4dapidurdusrakenduste jaoks ladustamis- ja v\u00e4ljastuss\u00fcsteemides \/ automaatsetes k\u00f5rgladudes.<\/span><\/p>\n<p><b>ALGI PUHVRI ASENDUS<\/b><\/p>\n<ul>\n<li style=\"font-weight: 400;\" aria-level=\"1\"><span style=\"font-weight: 400;\">Kolvivarda suurus: \u00f8 40 mm kuni \u00f8 63 mm<\/span><\/li>\n<li style=\"font-weight: 400;\" aria-level=\"1\"><span style=\"font-weight: 400;\">T\u00f6\u00f6k\u00e4igu pikkus: 100 mm kuni 1200 mm<\/span><\/li>\n<li style=\"font-weight: 400;\" aria-level=\"1\"><span style=\"font-weight: 400;\">Energia neeldumine: kuni 130 kJ\/t\u00f6\u00f6ts\u00fckkel<\/span><\/li>\n<li style=\"font-weight: 400;\" aria-level=\"1\"><span style=\"font-weight: 400;\">Puhvrij\u00f5ud: kuni 220 kN<\/span><\/li>\n<li style=\"font-weight: 400;\" aria-level=\"1\"><span style=\"font-weight: 400;\">Flantskinnituse t\u00fc\u00fcp: esiflants EF, alumine flants FF v\u00f5i alusflants SF<\/span><\/li>\n<\/ul>\n<p><b>Tehnilised eelised<\/b><\/p>\n<ul>\n<li style=\"font-weight: 400;\" aria-level=\"1\"><span style=\"font-weight: 400;\">Komplektis membraan: membraanikaitsetoru AND (standard)<\/span><\/li>\n<li style=\"font-weight: 400;\" aria-level=\"1\"><span style=\"font-weight: 400;\">\u00d5li ja gaas on eraldatud<\/span><\/li>\n<li style=\"font-weight: 400;\" aria-level=\"1\"><span style=\"font-weight: 400;\">Puhvril\u00f6\u00f6gi korral ei segune gaas ja \u00f5li<\/span><\/li>\n<\/ul>\n<p><b>H\u00fcdro\u00f5li:<\/b><\/p>\n<ul>\n<li style=\"font-weight: 400;\" aria-level=\"1\"><span style=\"font-weight: 400;\">Castrol Hyspin HVI46<\/span><\/li>\n<li style=\"font-weight: 400;\" aria-level=\"1\"><span style=\"font-weight: 400;\">Hadol HLP 46<\/span><\/li>\n<li style=\"font-weight: 400;\" aria-level=\"1\"><span style=\"font-weight: 400;\">Brayco HV 15<\/span><\/li>\n<\/ul>\n<p><b>L\u00e4mmastik:<\/b><\/p>\n<ul>\n<li style=\"font-weight: 400;\" aria-level=\"1\"><span style=\"font-weight: 400;\">UN1066\/ L\u00e4mmastik 2.8\/ EG-Nr.: 231-783-9<\/span><\/li>\n<\/ul>\n","protected":false},"featured_media":1260064774,"template":"","meta":[],"product_brand":[],"product_cat":[1683],"product_tag":[],"class_list":{"0":"post-1260065481","1":"product","2":"type-product","3":"status-publish","4":"has-post-thumbnail","6":"product_cat-puhver-summuti","8":"first","9":"instock","10":"shipping-taxable","11":"product-type-simple"},"yoast_head":"<!-- This site is optimized with the Yoast SEO plugin v27.1.1 - https:\/\/yoast.com\/product\/yoast-seo-wordpress\/ -->\n<title>Puhvrid ladustamis- ja v\u00e4ljastuss\u00fcsteemidele T\u00fc\u00fcp HERKULES II - My industrial<\/title>\n<meta name=\"robots\" content=\"index, follow, max-snippet:-1, max-image-preview:large, max-video-preview:-1\" \/>\n<link rel=\"canonical\" href=\"https:\/\/myindustrial.eu\/et\/shop\/toostuslikud-pidurisusteemid-ja-ajami-seiskamise-komponendid\/puhver-summuti\/buffers-for-storage-retrieval-systems-type-herkules-ii\/\" \/>\n<meta property=\"og:locale\" content=\"et_EE\" \/>\n<meta property=\"og:type\" content=\"article\" \/>\n<meta property=\"og:title\" content=\"Puhvrid ladustamis- ja v\u00e4ljastuss\u00fcsteemidele T\u00fc\u00fcp HERKULES II - My industrial\" \/>\n<meta property=\"og:description\" content=\"Laos\u00fcsteemide siibrid  H\u00fcdrauliline puhver h\u00e4dapidurdusrakenduste jaoks ladustamis- ja v\u00e4ljastuss\u00fcsteemides \/ automaatsetes k\u00f5rgladudes.  ALGI PUHVRI ASENDUS   Kolvivarda suurus: \u00f8 40 mm kuni \u00f8 63 mm  T\u00f6\u00f6k\u00e4igu pikkus: 100 mm kuni 1200 mm  Energia neeldumine: kuni 130 kJ\/t\u00f6\u00f6ts\u00fckkel  Puhvrij\u00f5ud: kuni 220 kN  Flantskinnituse t\u00fc\u00fcp: esiflants EF, alumine flants FF v\u00f5i alusflants SF  Tehnilised eelised   Komplektis membraan: membraanikaitsetoru AND (standard)  \u00d5li ja gaas on eraldatud  Puhvril\u00f6\u00f6gi korral ei segune gaas ja \u00f5li  H\u00fcdro\u00f5li:   Castrol Hyspin HVI46  Hadol HLP 46  Brayco HV 15  L\u00e4mmastik:   UN1066\/ L\u00e4mmastik 2.8\/ EG-Nr.: 231-783-9\" \/>\n<meta property=\"og:url\" content=\"https:\/\/myindustrial.eu\/et\/shop\/toostuslikud-pidurisusteemid-ja-ajami-seiskamise-komponendid\/puhver-summuti\/buffers-for-storage-retrieval-systems-type-herkules-ii\/\" \/>\n<meta property=\"og:site_name\" content=\"My industrial\" \/>\n<meta property=\"article:modified_time\" content=\"2024-12-25T16:59:37+00:00\" \/>\n<meta property=\"og:image\" content=\"https:\/\/myindustrial.eu\/wp-content\/uploads\/2024\/12\/v-puffer_herkules-ii.webp\" \/>\n\t<meta property=\"og:image:width\" content=\"800\" \/>\n\t<meta property=\"og:image:height\" content=\"800\" \/>\n\t<meta property=\"og:image:type\" content=\"image\/webp\" \/>\n<meta name=\"twitter:card\" content=\"summary_large_image\" \/>\n<script type=\"application\/ld+json\" class=\"yoast-schema-graph\">{\"@context\":\"https:\/\/schema.org\",\"@graph\":[{\"@type\":\"WebPage\",\"@id\":\"https:\/\/myindustrial.eu\/et\/shop\/toostuslikud-pidurisusteemid-ja-ajami-seiskamise-komponendid\/puhver-summuti\/buffers-for-storage-retrieval-systems-type-herkules-ii\/\",\"url\":\"https:\/\/myindustrial.eu\/et\/shop\/toostuslikud-pidurisusteemid-ja-ajami-seiskamise-komponendid\/puhver-summuti\/buffers-for-storage-retrieval-systems-type-herkules-ii\/\",\"name\":\"Puhvrid ladustamis- ja v\u00e4ljastuss\u00fcsteemidele T\u00fc\u00fcp HERKULES II - My industrial\",\"isPartOf\":{\"@id\":\"https:\/\/myindustrial.eu\/et\/#website\"},\"primaryImageOfPage\":{\"@id\":\"https:\/\/myindustrial.eu\/et\/shop\/toostuslikud-pidurisusteemid-ja-ajami-seiskamise-komponendid\/puhver-summuti\/buffers-for-storage-retrieval-systems-type-herkules-ii\/#primaryimage\"},\"image\":{\"@id\":\"https:\/\/myindustrial.eu\/et\/shop\/toostuslikud-pidurisusteemid-ja-ajami-seiskamise-komponendid\/puhver-summuti\/buffers-for-storage-retrieval-systems-type-herkules-ii\/#primaryimage\"},\"thumbnailUrl\":\"https:\/\/myindustrial.eu\/wp-content\/uploads\/2024\/12\/v-puffer_herkules-ii.webp\",\"datePublished\":\"2024-12-02T09:58:22+00:00\",\"dateModified\":\"2024-12-25T16:59:37+00:00\",\"breadcrumb\":{\"@id\":\"https:\/\/myindustrial.eu\/et\/shop\/toostuslikud-pidurisusteemid-ja-ajami-seiskamise-komponendid\/puhver-summuti\/buffers-for-storage-retrieval-systems-type-herkules-ii\/#breadcrumb\"},\"inLanguage\":\"et\",\"potentialAction\":[{\"@type\":\"ReadAction\",\"target\":[\"https:\/\/myindustrial.eu\/et\/shop\/toostuslikud-pidurisusteemid-ja-ajami-seiskamise-komponendid\/puhver-summuti\/buffers-for-storage-retrieval-systems-type-herkules-ii\/\"]}]},{\"@type\":\"ImageObject\",\"inLanguage\":\"et\",\"@id\":\"https:\/\/myindustrial.eu\/et\/shop\/toostuslikud-pidurisusteemid-ja-ajami-seiskamise-komponendid\/puhver-summuti\/buffers-for-storage-retrieval-systems-type-herkules-ii\/#primaryimage\",\"url\":\"https:\/\/myindustrial.eu\/wp-content\/uploads\/2024\/12\/v-puffer_herkules-ii.webp\",\"contentUrl\":\"https:\/\/myindustrial.eu\/wp-content\/uploads\/2024\/12\/v-puffer_herkules-ii.webp\",\"width\":800,\"height\":800},{\"@type\":\"BreadcrumbList\",\"@id\":\"https:\/\/myindustrial.eu\/et\/shop\/toostuslikud-pidurisusteemid-ja-ajami-seiskamise-komponendid\/puhver-summuti\/buffers-for-storage-retrieval-systems-type-herkules-ii\/#breadcrumb\",\"itemListElement\":[{\"@type\":\"ListItem\",\"position\":1,\"name\":\"Home\",\"item\":\"https:\/\/myindustrial.eu\/et\/\"},{\"@type\":\"ListItem\",\"position\":2,\"name\":\"Products\",\"item\":\"https:\/\/myindustrial.eu\/et\/products\/\"},{\"@type\":\"ListItem\",\"position\":3,\"name\":\"Puhvrid ladustamis- ja v\u00e4ljastuss\u00fcsteemidele T\u00fc\u00fcp HERKULES II\"}]},{\"@type\":\"WebSite\",\"@id\":\"https:\/\/myindustrial.eu\/et\/#website\",\"url\":\"https:\/\/myindustrial.eu\/et\/\",\"name\":\"My industrial\",\"description\":\"\",\"potentialAction\":[{\"@type\":\"SearchAction\",\"target\":{\"@type\":\"EntryPoint\",\"urlTemplate\":\"https:\/\/myindustrial.eu\/et\/?s={search_term_string}\"},\"query-input\":{\"@type\":\"PropertyValueSpecification\",\"valueRequired\":true,\"valueName\":\"search_term_string\"}}],\"inLanguage\":\"et\"}]}<\/script>\n<!-- \/ Yoast SEO plugin. -->","yoast_head_json":{"title":"Puhvrid ladustamis- ja v\u00e4ljastuss\u00fcsteemidele T\u00fc\u00fcp HERKULES II - My industrial","robots":{"index":"index","follow":"follow","max-snippet":"max-snippet:-1","max-image-preview":"max-image-preview:large","max-video-preview":"max-video-preview:-1"},"canonical":"https:\/\/myindustrial.eu\/et\/shop\/toostuslikud-pidurisusteemid-ja-ajami-seiskamise-komponendid\/puhver-summuti\/buffers-for-storage-retrieval-systems-type-herkules-ii\/","og_locale":"et_EE","og_type":"article","og_title":"Puhvrid ladustamis- ja v\u00e4ljastuss\u00fcsteemidele T\u00fc\u00fcp HERKULES II - My industrial","og_description":"Laos\u00fcsteemide siibrid  H\u00fcdrauliline puhver h\u00e4dapidurdusrakenduste jaoks ladustamis- ja v\u00e4ljastuss\u00fcsteemides \/ automaatsetes k\u00f5rgladudes.  ALGI PUHVRI ASENDUS   Kolvivarda suurus: \u00f8 40 mm kuni \u00f8 63 mm  T\u00f6\u00f6k\u00e4igu pikkus: 100 mm kuni 1200 mm  Energia neeldumine: kuni 130 kJ\/t\u00f6\u00f6ts\u00fckkel  Puhvrij\u00f5ud: kuni 220 kN  Flantskinnituse t\u00fc\u00fcp: esiflants EF, alumine flants FF v\u00f5i alusflants SF  Tehnilised eelised   Komplektis membraan: membraanikaitsetoru AND (standard)  \u00d5li ja gaas on eraldatud  Puhvril\u00f6\u00f6gi korral ei segune gaas ja \u00f5li  H\u00fcdro\u00f5li:   Castrol Hyspin HVI46  Hadol HLP 46  Brayco HV 15  L\u00e4mmastik:   UN1066\/ L\u00e4mmastik 2.8\/ EG-Nr.: 231-783-9","og_url":"https:\/\/myindustrial.eu\/et\/shop\/toostuslikud-pidurisusteemid-ja-ajami-seiskamise-komponendid\/puhver-summuti\/buffers-for-storage-retrieval-systems-type-herkules-ii\/","og_site_name":"My industrial","article_modified_time":"2024-12-25T16:59:37+00:00","og_image":[{"width":800,"height":800,"url":"https:\/\/myindustrial.eu\/wp-content\/uploads\/2024\/12\/v-puffer_herkules-ii.webp","type":"image\/webp"}],"twitter_card":"summary_large_image","schema":{"@context":"https:\/\/schema.org","@graph":[{"@type":"WebPage","@id":"https:\/\/myindustrial.eu\/et\/shop\/toostuslikud-pidurisusteemid-ja-ajami-seiskamise-komponendid\/puhver-summuti\/buffers-for-storage-retrieval-systems-type-herkules-ii\/","url":"https:\/\/myindustrial.eu\/et\/shop\/toostuslikud-pidurisusteemid-ja-ajami-seiskamise-komponendid\/puhver-summuti\/buffers-for-storage-retrieval-systems-type-herkules-ii\/","name":"Puhvrid ladustamis- ja v\u00e4ljastuss\u00fcsteemidele T\u00fc\u00fcp HERKULES II - My industrial","isPartOf":{"@id":"https:\/\/myindustrial.eu\/et\/#website"},"primaryImageOfPage":{"@id":"https:\/\/myindustrial.eu\/et\/shop\/toostuslikud-pidurisusteemid-ja-ajami-seiskamise-komponendid\/puhver-summuti\/buffers-for-storage-retrieval-systems-type-herkules-ii\/#primaryimage"},"image":{"@id":"https:\/\/myindustrial.eu\/et\/shop\/toostuslikud-pidurisusteemid-ja-ajami-seiskamise-komponendid\/puhver-summuti\/buffers-for-storage-retrieval-systems-type-herkules-ii\/#primaryimage"},"thumbnailUrl":"https:\/\/myindustrial.eu\/wp-content\/uploads\/2024\/12\/v-puffer_herkules-ii.webp","datePublished":"2024-12-02T09:58:22+00:00","dateModified":"2024-12-25T16:59:37+00:00","breadcrumb":{"@id":"https:\/\/myindustrial.eu\/et\/shop\/toostuslikud-pidurisusteemid-ja-ajami-seiskamise-komponendid\/puhver-summuti\/buffers-for-storage-retrieval-systems-type-herkules-ii\/#breadcrumb"},"inLanguage":"et","potentialAction":[{"@type":"ReadAction","target":["https:\/\/myindustrial.eu\/et\/shop\/toostuslikud-pidurisusteemid-ja-ajami-seiskamise-komponendid\/puhver-summuti\/buffers-for-storage-retrieval-systems-type-herkules-ii\/"]}]},{"@type":"ImageObject","inLanguage":"et","@id":"https:\/\/myindustrial.eu\/et\/shop\/toostuslikud-pidurisusteemid-ja-ajami-seiskamise-komponendid\/puhver-summuti\/buffers-for-storage-retrieval-systems-type-herkules-ii\/#primaryimage","url":"https:\/\/myindustrial.eu\/wp-content\/uploads\/2024\/12\/v-puffer_herkules-ii.webp","contentUrl":"https:\/\/myindustrial.eu\/wp-content\/uploads\/2024\/12\/v-puffer_herkules-ii.webp","width":800,"height":800},{"@type":"BreadcrumbList","@id":"https:\/\/myindustrial.eu\/et\/shop\/toostuslikud-pidurisusteemid-ja-ajami-seiskamise-komponendid\/puhver-summuti\/buffers-for-storage-retrieval-systems-type-herkules-ii\/#breadcrumb","itemListElement":[{"@type":"ListItem","position":1,"name":"Home","item":"https:\/\/myindustrial.eu\/et\/"},{"@type":"ListItem","position":2,"name":"Products","item":"https:\/\/myindustrial.eu\/et\/products\/"},{"@type":"ListItem","position":3,"name":"Puhvrid ladustamis- ja v\u00e4ljastuss\u00fcsteemidele T\u00fc\u00fcp HERKULES II"}]},{"@type":"WebSite","@id":"https:\/\/myindustrial.eu\/et\/#website","url":"https:\/\/myindustrial.eu\/et\/","name":"My industrial","description":"","potentialAction":[{"@type":"SearchAction","target":{"@type":"EntryPoint","urlTemplate":"https:\/\/myindustrial.eu\/et\/?s={search_term_string}"},"query-input":{"@type":"PropertyValueSpecification","valueRequired":true,"valueName":"search_term_string"}}],"inLanguage":"et"}]}},"_links":{"self":[{"href":"https:\/\/myindustrial.eu\/et\/wp-json\/wp\/v2\/product\/1260065481","targetHints":{"allow":["GET"]}}],"collection":[{"href":"https:\/\/myindustrial.eu\/et\/wp-json\/wp\/v2\/product"}],"about":[{"href":"https:\/\/myindustrial.eu\/et\/wp-json\/wp\/v2\/types\/product"}],"version-history":[{"count":0,"href":"https:\/\/myindustrial.eu\/et\/wp-json\/wp\/v2\/product\/1260065481\/revisions"}],"wp:featuredmedia":[{"embeddable":true,"href":"https:\/\/myindustrial.eu\/et\/wp-json\/wp\/v2\/media\/1260064774"}],"wp:attachment":[{"href":"https:\/\/myindustrial.eu\/et\/wp-json\/wp\/v2\/media?parent=1260065481"}],"wp:term":[{"taxonomy":"product_brand","embeddable":true,"href":"https:\/\/myindustrial.eu\/et\/wp-json\/wp\/v2\/product_brand?post=1260065481"},{"taxonomy":"product_cat","embeddable":true,"href":"https:\/\/myindustrial.eu\/et\/wp-json\/wp\/v2\/product_cat?post=1260065481"},{"taxonomy":"product_tag","embeddable":true,"href":"https:\/\/myindustrial.eu\/et\/wp-json\/wp\/v2\/product_tag?post=1260065481"}],"curies":[{"name":"wp","href":"https:\/\/api.w.org\/{rel}","templated":true}]}}