{"id":1260065485,"date":"2024-12-02T10:03:02","date_gmt":"2024-12-02T10:03:02","guid":{"rendered":"https:\/\/myindustrial.eu\/shop\/maaratlemata\/heavy-duty-shock-absorbers-typ-pudz-iii\/"},"modified":"2025-05-09T06:08:20","modified_gmt":"2025-05-09T06:08:20","slug":"heavy-duty-shock-absorbers-typ-pudz-iii","status":"publish","type":"product","link":"https:\/\/myindustrial.eu\/et\/shop\/toostuslikud-pidurisusteemid-ja-ajami-seiskamise-komponendid\/puhver-summuti\/heavy-duty-shock-absorbers-typ-pudz-iii\/","title":{"rendered":"Raskete koormuste amortisaatorid T\u00fc\u00fcp PUDZ III"},"content":{"rendered":"<ul>\n<li style=\"font-weight: 400;\" aria-level=\"1\">\n<ul>\n<li style=\"font-weight: 400;\" aria-level=\"1\"><span style=\"font-weight: 400;\">Paindekoormused, eriti pikkade liikumiste korral, kaasatakse amortisaatori arvutusse \/ maksimaalne ohutus.<\/span><\/li>\n<li style=\"font-weight: 400;\" aria-level=\"1\"><span style=\"font-weight: 400;\">Integreeritud kolbiakumulaator l\u00e4mmastikut\u00e4itega.<\/span><\/li>\n<li style=\"font-weight: 400;\" aria-level=\"1\"><span style=\"font-weight: 400;\">Progressiivselt kasvav taastav j\u00f5ud (amortisaatori j\u00f5ud) liikumise l\u00f5pus.<\/span><\/li>\n<li style=\"font-weight: 400;\" aria-level=\"1\"><span style=\"font-weight: 400;\">Sobib kasutamiseks kuni -50\u00b0C \u2013 spetsiaalse soojenduspadjaga!<\/span><\/li>\n<li style=\"font-weight: 400;\" aria-level=\"1\"><span style=\"font-weight: 400;\">Kolvivarras topeltkroomitud \u2013 standardne merekaitse.<\/span><\/li>\n<li style=\"font-weight: 400;\" aria-level=\"1\"><span style=\"font-weight: 400;\">PUDZ III on tuntud PUDZ II t\u00e4iustatud versioon ja vastab selle tehnilistele omadustele.<\/span><\/li>\n<\/ul>\n<p><b>Omadused<\/b><\/p>\n<p><span style=\"font-weight: 400;\">Survesulguriga ventiil: v\u00f5imaldab kasutada h\u00fcdraulilist amortisaatorit aeglase liikumise re\u017eiimis (10% nimikiirusest) ILMA olulise amortisaatoril\u00f6\u00f6gita liikumise l\u00f5pus!<\/span><\/p>\n<ul>\n<li style=\"font-weight: 400;\" aria-level=\"1\"><span style=\"font-weight: 400;\">Kolvi suurus: \u00f8 63 mm \u2013 \u00f8 160 mm.<\/span><\/li>\n<li style=\"font-weight: 400;\" aria-level=\"1\"><span style=\"font-weight: 400;\">Liikumise pikkus: 50 mm kuni 1600 mm.<\/span><\/li>\n<li style=\"font-weight: 400;\" aria-level=\"1\"><span style=\"font-weight: 400;\">Energia neeldumine: kuni 582 kJ\/liikumine.<\/span><\/li>\n<li style=\"font-weight: 400;\" aria-level=\"1\"><span style=\"font-weight: 400;\">Amortisaatori j\u00f5ud: kuni 1000 kN.<\/span><\/li>\n<li style=\"font-weight: 400;\" aria-level=\"1\"><span style=\"font-weight: 400;\">Flantskinnitus: esiflant\u0161 \u201eEF\u201c, alumine flant\u0161 \u201eFF\u201c, aluse flant\u0161 \u201eSF\u201c.<\/span><\/li>\n<\/ul>\n<p><b>Tehnilised eelised<\/b><\/p>\n<ul>\n<li style=\"font-weight: 400;\" aria-level=\"1\"><span style=\"font-weight: 400;\">Suletud s\u00fcsteem, sobib paigaldamiseks igas asendis.<\/span><\/li>\n<li style=\"font-weight: 400;\" aria-level=\"1\"><span style=\"font-weight: 400;\">Paindekoormused, eriti pikkade liikumiste korral, kaasatakse amortisaatori arvutusse \/ maksimaalne ohutus!<\/span><\/li>\n<li style=\"font-weight: 400;\" aria-level=\"1\"><span style=\"font-weight: 400;\">Integreeritud kolbiakumulaator l\u00e4mmastikut\u00e4itega.<\/span><\/li>\n<li style=\"font-weight: 400;\" aria-level=\"1\"><span style=\"font-weight: 400;\">Progressiivselt kasvav taastav j\u00f5ud liikumise l\u00f5pus.<\/span><\/li>\n<li style=\"font-weight: 400;\" aria-level=\"1\"><span style=\"font-weight: 400;\">L\u00fchikesed tarneajad.<\/span><\/li>\n<\/ul>\n<p><b>H\u00fcdro\u00f5li:<\/b><\/p>\n<ul>\n<li style=\"font-weight: 400;\" aria-level=\"1\"><span style=\"font-weight: 400;\">Castrol Hyspin HVI46.<\/span><\/li>\n<li style=\"font-weight: 400;\" aria-level=\"1\"><span style=\"font-weight: 400;\">Hadol HLP 46.<\/span><\/li>\n<\/ul>\n<p><b>L\u00e4mmastik:<\/b><\/p>\n<ul>\n<li style=\"font-weight: 400;\" aria-level=\"1\"><span style=\"font-weight: 400;\">UN1066 \/ Nitrogen 2.8 \/ EG-Nr.: 231-783-9.<\/span><\/li>\n<\/ul>\n<\/li>\n<\/ul>\n","protected":false},"excerpt":{"rendered":"<p><span style=\"font-weight: 400;\">Eriti sobilik kraanas\u00fcsteemidele, rasketehnika ja materjalide k\u00e4itlemise seadmetele.<\/span><\/p>\n","protected":false},"featured_media":1260064780,"template":"","meta":[],"product_brand":[],"product_cat":[1683],"product_tag":[],"class_list":{"0":"post-1260065485","1":"product","2":"type-product","3":"status-publish","4":"has-post-thumbnail","6":"product_cat-puhver-summuti","8":"first","9":"instock","10":"shipping-taxable","11":"product-type-simple"},"yoast_head":"<!-- This site is optimized with the Yoast SEO plugin v27.1.1 - https:\/\/yoast.com\/product\/yoast-seo-wordpress\/ -->\n<title>Raskete koormuste amortisaatorid T\u00fc\u00fcp PUDZ III - My industrial<\/title>\n<meta name=\"robots\" content=\"index, follow, max-snippet:-1, max-image-preview:large, max-video-preview:-1\" \/>\n<link rel=\"canonical\" href=\"https:\/\/myindustrial.eu\/et\/shop\/toostuslikud-pidurisusteemid-ja-ajami-seiskamise-komponendid\/puhver-summuti\/heavy-duty-shock-absorbers-typ-pudz-iii\/\" \/>\n<meta property=\"og:locale\" content=\"et_EE\" \/>\n<meta property=\"og:type\" content=\"article\" \/>\n<meta property=\"og:title\" content=\"Raskete koormuste amortisaatorid T\u00fc\u00fcp PUDZ III - My industrial\" \/>\n<meta property=\"og:description\" content=\"Eriti sobilik kraanas\u00fcsteemidele, rasketehnika ja materjalide k\u00e4itlemise seadmetele.\" \/>\n<meta property=\"og:url\" content=\"https:\/\/myindustrial.eu\/et\/shop\/toostuslikud-pidurisusteemid-ja-ajami-seiskamise-komponendid\/puhver-summuti\/heavy-duty-shock-absorbers-typ-pudz-iii\/\" \/>\n<meta property=\"og:site_name\" content=\"My industrial\" \/>\n<meta property=\"article:modified_time\" content=\"2025-05-09T06:08:20+00:00\" \/>\n<meta property=\"og:image\" content=\"https:\/\/myindustrial.eu\/wp-content\/uploads\/2024\/12\/teaser_pudziii-enu.webp\" \/>\n\t<meta property=\"og:image:width\" content=\"800\" \/>\n\t<meta property=\"og:image:height\" content=\"800\" \/>\n\t<meta property=\"og:image:type\" content=\"image\/webp\" \/>\n<meta name=\"twitter:card\" content=\"summary_large_image\" \/>\n<script type=\"application\/ld+json\" class=\"yoast-schema-graph\">{\"@context\":\"https:\/\/schema.org\",\"@graph\":[{\"@type\":\"WebPage\",\"@id\":\"https:\/\/myindustrial.eu\/et\/shop\/toostuslikud-pidurisusteemid-ja-ajami-seiskamise-komponendid\/puhver-summuti\/heavy-duty-shock-absorbers-typ-pudz-iii\/\",\"url\":\"https:\/\/myindustrial.eu\/et\/shop\/toostuslikud-pidurisusteemid-ja-ajami-seiskamise-komponendid\/puhver-summuti\/heavy-duty-shock-absorbers-typ-pudz-iii\/\",\"name\":\"Raskete koormuste amortisaatorid T\u00fc\u00fcp PUDZ III - My industrial\",\"isPartOf\":{\"@id\":\"https:\/\/myindustrial.eu\/et\/#website\"},\"primaryImageOfPage\":{\"@id\":\"https:\/\/myindustrial.eu\/et\/shop\/toostuslikud-pidurisusteemid-ja-ajami-seiskamise-komponendid\/puhver-summuti\/heavy-duty-shock-absorbers-typ-pudz-iii\/#primaryimage\"},\"image\":{\"@id\":\"https:\/\/myindustrial.eu\/et\/shop\/toostuslikud-pidurisusteemid-ja-ajami-seiskamise-komponendid\/puhver-summuti\/heavy-duty-shock-absorbers-typ-pudz-iii\/#primaryimage\"},\"thumbnailUrl\":\"https:\/\/myindustrial.eu\/wp-content\/uploads\/2024\/12\/teaser_pudziii-enu.webp\",\"datePublished\":\"2024-12-02T10:03:02+00:00\",\"dateModified\":\"2025-05-09T06:08:20+00:00\",\"breadcrumb\":{\"@id\":\"https:\/\/myindustrial.eu\/et\/shop\/toostuslikud-pidurisusteemid-ja-ajami-seiskamise-komponendid\/puhver-summuti\/heavy-duty-shock-absorbers-typ-pudz-iii\/#breadcrumb\"},\"inLanguage\":\"et\",\"potentialAction\":[{\"@type\":\"ReadAction\",\"target\":[\"https:\/\/myindustrial.eu\/et\/shop\/toostuslikud-pidurisusteemid-ja-ajami-seiskamise-komponendid\/puhver-summuti\/heavy-duty-shock-absorbers-typ-pudz-iii\/\"]}]},{\"@type\":\"ImageObject\",\"inLanguage\":\"et\",\"@id\":\"https:\/\/myindustrial.eu\/et\/shop\/toostuslikud-pidurisusteemid-ja-ajami-seiskamise-komponendid\/puhver-summuti\/heavy-duty-shock-absorbers-typ-pudz-iii\/#primaryimage\",\"url\":\"https:\/\/myindustrial.eu\/wp-content\/uploads\/2024\/12\/teaser_pudziii-enu.webp\",\"contentUrl\":\"https:\/\/myindustrial.eu\/wp-content\/uploads\/2024\/12\/teaser_pudziii-enu.webp\",\"width\":800,\"height\":800},{\"@type\":\"BreadcrumbList\",\"@id\":\"https:\/\/myindustrial.eu\/et\/shop\/toostuslikud-pidurisusteemid-ja-ajami-seiskamise-komponendid\/puhver-summuti\/heavy-duty-shock-absorbers-typ-pudz-iii\/#breadcrumb\",\"itemListElement\":[{\"@type\":\"ListItem\",\"position\":1,\"name\":\"Home\",\"item\":\"https:\/\/myindustrial.eu\/et\/\"},{\"@type\":\"ListItem\",\"position\":2,\"name\":\"Products\",\"item\":\"https:\/\/myindustrial.eu\/et\/products\/\"},{\"@type\":\"ListItem\",\"position\":3,\"name\":\"Raskete koormuste amortisaatorid T\u00fc\u00fcp PUDZ III\"}]},{\"@type\":\"WebSite\",\"@id\":\"https:\/\/myindustrial.eu\/et\/#website\",\"url\":\"https:\/\/myindustrial.eu\/et\/\",\"name\":\"My industrial\",\"description\":\"\",\"potentialAction\":[{\"@type\":\"SearchAction\",\"target\":{\"@type\":\"EntryPoint\",\"urlTemplate\":\"https:\/\/myindustrial.eu\/et\/?s={search_term_string}\"},\"query-input\":{\"@type\":\"PropertyValueSpecification\",\"valueRequired\":true,\"valueName\":\"search_term_string\"}}],\"inLanguage\":\"et\"}]}<\/script>\n<!-- \/ Yoast SEO plugin. -->","yoast_head_json":{"title":"Raskete koormuste amortisaatorid T\u00fc\u00fcp PUDZ III - My industrial","robots":{"index":"index","follow":"follow","max-snippet":"max-snippet:-1","max-image-preview":"max-image-preview:large","max-video-preview":"max-video-preview:-1"},"canonical":"https:\/\/myindustrial.eu\/et\/shop\/toostuslikud-pidurisusteemid-ja-ajami-seiskamise-komponendid\/puhver-summuti\/heavy-duty-shock-absorbers-typ-pudz-iii\/","og_locale":"et_EE","og_type":"article","og_title":"Raskete koormuste amortisaatorid T\u00fc\u00fcp PUDZ III - My industrial","og_description":"Eriti sobilik kraanas\u00fcsteemidele, rasketehnika ja materjalide k\u00e4itlemise seadmetele.","og_url":"https:\/\/myindustrial.eu\/et\/shop\/toostuslikud-pidurisusteemid-ja-ajami-seiskamise-komponendid\/puhver-summuti\/heavy-duty-shock-absorbers-typ-pudz-iii\/","og_site_name":"My industrial","article_modified_time":"2025-05-09T06:08:20+00:00","og_image":[{"width":800,"height":800,"url":"https:\/\/myindustrial.eu\/wp-content\/uploads\/2024\/12\/teaser_pudziii-enu.webp","type":"image\/webp"}],"twitter_card":"summary_large_image","schema":{"@context":"https:\/\/schema.org","@graph":[{"@type":"WebPage","@id":"https:\/\/myindustrial.eu\/et\/shop\/toostuslikud-pidurisusteemid-ja-ajami-seiskamise-komponendid\/puhver-summuti\/heavy-duty-shock-absorbers-typ-pudz-iii\/","url":"https:\/\/myindustrial.eu\/et\/shop\/toostuslikud-pidurisusteemid-ja-ajami-seiskamise-komponendid\/puhver-summuti\/heavy-duty-shock-absorbers-typ-pudz-iii\/","name":"Raskete koormuste amortisaatorid T\u00fc\u00fcp PUDZ III - My industrial","isPartOf":{"@id":"https:\/\/myindustrial.eu\/et\/#website"},"primaryImageOfPage":{"@id":"https:\/\/myindustrial.eu\/et\/shop\/toostuslikud-pidurisusteemid-ja-ajami-seiskamise-komponendid\/puhver-summuti\/heavy-duty-shock-absorbers-typ-pudz-iii\/#primaryimage"},"image":{"@id":"https:\/\/myindustrial.eu\/et\/shop\/toostuslikud-pidurisusteemid-ja-ajami-seiskamise-komponendid\/puhver-summuti\/heavy-duty-shock-absorbers-typ-pudz-iii\/#primaryimage"},"thumbnailUrl":"https:\/\/myindustrial.eu\/wp-content\/uploads\/2024\/12\/teaser_pudziii-enu.webp","datePublished":"2024-12-02T10:03:02+00:00","dateModified":"2025-05-09T06:08:20+00:00","breadcrumb":{"@id":"https:\/\/myindustrial.eu\/et\/shop\/toostuslikud-pidurisusteemid-ja-ajami-seiskamise-komponendid\/puhver-summuti\/heavy-duty-shock-absorbers-typ-pudz-iii\/#breadcrumb"},"inLanguage":"et","potentialAction":[{"@type":"ReadAction","target":["https:\/\/myindustrial.eu\/et\/shop\/toostuslikud-pidurisusteemid-ja-ajami-seiskamise-komponendid\/puhver-summuti\/heavy-duty-shock-absorbers-typ-pudz-iii\/"]}]},{"@type":"ImageObject","inLanguage":"et","@id":"https:\/\/myindustrial.eu\/et\/shop\/toostuslikud-pidurisusteemid-ja-ajami-seiskamise-komponendid\/puhver-summuti\/heavy-duty-shock-absorbers-typ-pudz-iii\/#primaryimage","url":"https:\/\/myindustrial.eu\/wp-content\/uploads\/2024\/12\/teaser_pudziii-enu.webp","contentUrl":"https:\/\/myindustrial.eu\/wp-content\/uploads\/2024\/12\/teaser_pudziii-enu.webp","width":800,"height":800},{"@type":"BreadcrumbList","@id":"https:\/\/myindustrial.eu\/et\/shop\/toostuslikud-pidurisusteemid-ja-ajami-seiskamise-komponendid\/puhver-summuti\/heavy-duty-shock-absorbers-typ-pudz-iii\/#breadcrumb","itemListElement":[{"@type":"ListItem","position":1,"name":"Home","item":"https:\/\/myindustrial.eu\/et\/"},{"@type":"ListItem","position":2,"name":"Products","item":"https:\/\/myindustrial.eu\/et\/products\/"},{"@type":"ListItem","position":3,"name":"Raskete koormuste amortisaatorid T\u00fc\u00fcp PUDZ III"}]},{"@type":"WebSite","@id":"https:\/\/myindustrial.eu\/et\/#website","url":"https:\/\/myindustrial.eu\/et\/","name":"My industrial","description":"","potentialAction":[{"@type":"SearchAction","target":{"@type":"EntryPoint","urlTemplate":"https:\/\/myindustrial.eu\/et\/?s={search_term_string}"},"query-input":{"@type":"PropertyValueSpecification","valueRequired":true,"valueName":"search_term_string"}}],"inLanguage":"et"}]}},"_links":{"self":[{"href":"https:\/\/myindustrial.eu\/et\/wp-json\/wp\/v2\/product\/1260065485","targetHints":{"allow":["GET"]}}],"collection":[{"href":"https:\/\/myindustrial.eu\/et\/wp-json\/wp\/v2\/product"}],"about":[{"href":"https:\/\/myindustrial.eu\/et\/wp-json\/wp\/v2\/types\/product"}],"version-history":[{"count":2,"href":"https:\/\/myindustrial.eu\/et\/wp-json\/wp\/v2\/product\/1260065485\/revisions"}],"predecessor-version":[{"id":1260065773,"href":"https:\/\/myindustrial.eu\/et\/wp-json\/wp\/v2\/product\/1260065485\/revisions\/1260065773"}],"wp:featuredmedia":[{"embeddable":true,"href":"https:\/\/myindustrial.eu\/et\/wp-json\/wp\/v2\/media\/1260064780"}],"wp:attachment":[{"href":"https:\/\/myindustrial.eu\/et\/wp-json\/wp\/v2\/media?parent=1260065485"}],"wp:term":[{"taxonomy":"product_brand","embeddable":true,"href":"https:\/\/myindustrial.eu\/et\/wp-json\/wp\/v2\/product_brand?post=1260065485"},{"taxonomy":"product_cat","embeddable":true,"href":"https:\/\/myindustrial.eu\/et\/wp-json\/wp\/v2\/product_cat?post=1260065485"},{"taxonomy":"product_tag","embeddable":true,"href":"https:\/\/myindustrial.eu\/et\/wp-json\/wp\/v2\/product_tag?post=1260065485"}],"curies":[{"name":"wp","href":"https:\/\/api.w.org\/{rel}","templated":true}]}}