{"id":1260065521,"date":"2024-12-02T10:32:32","date_gmt":"2024-12-02T10:32:32","guid":{"rendered":"https:\/\/myindustrial.eu\/shop\/maaratlemata\/caliper-safety-disc-brake-type-scfh\/"},"modified":"2024-12-26T17:50:26","modified_gmt":"2024-12-26T17:50:26","slug":"caliper-safety-disc-brake-type-scfh","status":"publish","type":"product","link":"https:\/\/myindustrial.eu\/et\/shop\/toostuslikud-pidurisusteemid-ja-ajami-seiskamise-komponendid\/hadaolukorra-supporti-ketaspidur\/caliper-safety-disc-brake-type-scfh\/","title":{"rendered":"H\u00e4dapiduri turvakettapidur t\u00fc\u00fcp SCFH"},"content":{"rendered":"<p><b>Omadused<\/b><\/p>\n<ul>\n<li style=\"font-weight: 400;\" aria-level=\"1\"><span style=\"font-weight: 400;\">Pidurdus vedru j\u00f5ul. Vedru abil rakendatav pidurdusj\u00f5ud<\/span><\/li>\n<li style=\"font-weight: 400;\" aria-level=\"1\"><span style=\"font-weight: 400;\">T\u00f5stmine h\u00fcdrosilindri abil. H\u00fcdrauliline vabastamine<\/span><\/li>\n<li style=\"font-weight: 400;\" aria-level=\"1\"><span style=\"font-weight: 400;\">Iseseisev t\u00f6\u00f6 elektrikatkestuse korral. Fail Safe (elektri puudumisel rakendub pidur automaatselt)<\/span><\/li>\n<\/ul>\n<p><b>Tehnilised eelised<\/b><\/p>\n<ul>\n<li style=\"font-weight: 400;\" aria-level=\"1\"><span style=\"font-weight: 400;\">V\u00e4ga k\u00f5rge kvaliteedi- ja ohutustase<\/span><\/li>\n<li style=\"font-weight: 400;\" aria-level=\"1\"><span style=\"font-weight: 400;\">Otsene toimimine ilma \u00fchendusdetailideta<\/span><\/li>\n<li style=\"font-weight: 400;\" aria-level=\"1\"><span style=\"font-weight: 400;\">Fikseeritud, mitte ujuv konstruktsioon<\/span><\/li>\n<li style=\"font-weight: 400;\" aria-level=\"1\"><span style=\"font-weight: 400;\">Pikk t\u00f6\u00f6iga \/ Hoolduskulude ja j\u00e4relkulude v\u00e4henemine<\/span><\/li>\n<\/ul>\n","protected":false},"excerpt":{"rendered":"<p><span style=\"font-weight: 400;\">\u201eMadalate p\u00f6\u00f6rete\u201c pidur.<\/span><span style=\"font-weight: 400;\"><br \/>\n<\/span><span style=\"font-weight: 400;\">Kettapidur, mis toimib otse trossitrumli kettale. Pakub kaitset koorma kukkumise eest ja t\u00e4iendavat turvalisust (reageerib ka ajamiv\u00f5lli purunemise korral).<\/span><\/p>\n<ul>\n<li style=\"font-weight: 400;\" aria-level=\"1\"><span style=\"font-weight: 400;\">Otsene toimimine \/ Ilma hoova\u00fclekandeta<\/span><\/li>\n<li style=\"font-weight: 400;\" aria-level=\"1\"><span style=\"font-weight: 400;\">Klotside survej\u00f5ud kuni 400 kN \u00fche klambri kohta<\/span><\/li>\n<li style=\"font-weight: 400;\" aria-level=\"1\"><span style=\"font-weight: 400;\">Klambrite variatsioonid \u00fchel pidurikettal (nt: 4 x SCFH-4 = 1600 kN klotside survej\u00f5ud)<\/span><\/li>\n<li style=\"font-weight: 400;\" aria-level=\"1\"><span style=\"font-weight: 400;\">K\u00f5rge ja p\u00f6\u00f6rlemissuuna s\u00f5ltumatu pidurdusmoment<\/span><\/li>\n<li style=\"font-weight: 400;\" aria-level=\"1\"><span style=\"font-weight: 400;\">Kaks identset klambriosa<\/span><\/li>\n<li style=\"font-weight: 400;\" aria-level=\"1\"><span style=\"font-weight: 400;\">Piduriklotside kulumise manuaalne reguleerimine<\/span><\/li>\n<li style=\"font-weight: 400;\" aria-level=\"1\"><span style=\"font-weight: 400;\">T\u00f5stekl\u00f5psu reguleeritav vahemikus 1 mm kuni 3 mm<\/span><\/li>\n<li style=\"font-weight: 400;\" aria-level=\"1\"><span style=\"font-weight: 400;\">H\u00fcdros\u00fcsteem on t\u00e4ielikult suletud<\/span><\/li>\n<li style=\"font-weight: 400;\" aria-level=\"1\"><span style=\"font-weight: 400;\">Madala kulumisega s\u00fcnteetilised piduriklotsid standardvarustuses<\/span><\/li>\n<\/ul>\n","protected":false},"featured_media":1260064851,"template":"","meta":[],"product_brand":[],"product_cat":[1691],"product_tag":[],"class_list":{"0":"post-1260065521","1":"product","2":"type-product","3":"status-publish","4":"has-post-thumbnail","6":"product_cat-hadaolukorra-supporti-ketaspidur","8":"first","9":"instock","10":"shipping-taxable","11":"product-type-simple"},"yoast_head":"<!-- This site is optimized with the Yoast SEO plugin v27.1.1 - https:\/\/yoast.com\/product\/yoast-seo-wordpress\/ -->\n<title>H\u00e4dapiduri turvakettapidur t\u00fc\u00fcp SCFH - My industrial<\/title>\n<meta name=\"robots\" content=\"index, follow, max-snippet:-1, max-image-preview:large, max-video-preview:-1\" \/>\n<link rel=\"canonical\" href=\"https:\/\/myindustrial.eu\/et\/shop\/toostuslikud-pidurisusteemid-ja-ajami-seiskamise-komponendid\/hadaolukorra-supporti-ketaspidur\/caliper-safety-disc-brake-type-scfh\/\" \/>\n<meta property=\"og:locale\" content=\"et_EE\" \/>\n<meta property=\"og:type\" content=\"article\" \/>\n<meta property=\"og:title\" content=\"H\u00e4dapiduri turvakettapidur t\u00fc\u00fcp SCFH - My industrial\" \/>\n<meta property=\"og:description\" content=\"\u201eMadalate p\u00f6\u00f6rete\u201c pidur. Kettapidur, mis toimib otse trossitrumli kettale. Pakub kaitset koorma kukkumise eest ja t\u00e4iendavat turvalisust (reageerib ka ajamiv\u00f5lli purunemise korral).   Otsene toimimine \/ Ilma hoova\u00fclekandeta  Klotside survej\u00f5ud kuni 400 kN \u00fche klambri kohta  Klambrite variatsioonid \u00fchel pidurikettal (nt: 4 x SCFH-4 = 1600 kN klotside survej\u00f5ud)  K\u00f5rge ja p\u00f6\u00f6rlemissuuna s\u00f5ltumatu pidurdusmoment  Kaks identset klambriosa  Piduriklotside kulumise manuaalne reguleerimine  T\u00f5stekl\u00f5psu reguleeritav vahemikus 1 mm kuni 3 mm  H\u00fcdros\u00fcsteem on t\u00e4ielikult suletud  Madala kulumisega s\u00fcnteetilised piduriklotsid standardvarustuses\" \/>\n<meta property=\"og:url\" content=\"https:\/\/myindustrial.eu\/et\/shop\/toostuslikud-pidurisusteemid-ja-ajami-seiskamise-komponendid\/hadaolukorra-supporti-ketaspidur\/caliper-safety-disc-brake-type-scfh\/\" \/>\n<meta property=\"og:site_name\" content=\"My industrial\" \/>\n<meta property=\"article:modified_time\" content=\"2024-12-26T17:50:26+00:00\" \/>\n<meta property=\"og:image\" content=\"https:\/\/myindustrial.eu\/wp-content\/uploads\/2024\/12\/rft_calipersafetybrake-type-scfh.webp\" \/>\n\t<meta property=\"og:image:width\" content=\"800\" \/>\n\t<meta property=\"og:image:height\" content=\"800\" \/>\n\t<meta property=\"og:image:type\" content=\"image\/webp\" \/>\n<meta name=\"twitter:card\" content=\"summary_large_image\" \/>\n<script type=\"application\/ld+json\" class=\"yoast-schema-graph\">{\"@context\":\"https:\/\/schema.org\",\"@graph\":[{\"@type\":\"WebPage\",\"@id\":\"https:\/\/myindustrial.eu\/et\/shop\/toostuslikud-pidurisusteemid-ja-ajami-seiskamise-komponendid\/hadaolukorra-supporti-ketaspidur\/caliper-safety-disc-brake-type-scfh\/\",\"url\":\"https:\/\/myindustrial.eu\/et\/shop\/toostuslikud-pidurisusteemid-ja-ajami-seiskamise-komponendid\/hadaolukorra-supporti-ketaspidur\/caliper-safety-disc-brake-type-scfh\/\",\"name\":\"H\u00e4dapiduri turvakettapidur t\u00fc\u00fcp SCFH - My industrial\",\"isPartOf\":{\"@id\":\"https:\/\/myindustrial.eu\/et\/#website\"},\"primaryImageOfPage\":{\"@id\":\"https:\/\/myindustrial.eu\/et\/shop\/toostuslikud-pidurisusteemid-ja-ajami-seiskamise-komponendid\/hadaolukorra-supporti-ketaspidur\/caliper-safety-disc-brake-type-scfh\/#primaryimage\"},\"image\":{\"@id\":\"https:\/\/myindustrial.eu\/et\/shop\/toostuslikud-pidurisusteemid-ja-ajami-seiskamise-komponendid\/hadaolukorra-supporti-ketaspidur\/caliper-safety-disc-brake-type-scfh\/#primaryimage\"},\"thumbnailUrl\":\"https:\/\/myindustrial.eu\/wp-content\/uploads\/2024\/12\/rft_calipersafetybrake-type-scfh.webp\",\"datePublished\":\"2024-12-02T10:32:32+00:00\",\"dateModified\":\"2024-12-26T17:50:26+00:00\",\"breadcrumb\":{\"@id\":\"https:\/\/myindustrial.eu\/et\/shop\/toostuslikud-pidurisusteemid-ja-ajami-seiskamise-komponendid\/hadaolukorra-supporti-ketaspidur\/caliper-safety-disc-brake-type-scfh\/#breadcrumb\"},\"inLanguage\":\"et\",\"potentialAction\":[{\"@type\":\"ReadAction\",\"target\":[\"https:\/\/myindustrial.eu\/et\/shop\/toostuslikud-pidurisusteemid-ja-ajami-seiskamise-komponendid\/hadaolukorra-supporti-ketaspidur\/caliper-safety-disc-brake-type-scfh\/\"]}]},{\"@type\":\"ImageObject\",\"inLanguage\":\"et\",\"@id\":\"https:\/\/myindustrial.eu\/et\/shop\/toostuslikud-pidurisusteemid-ja-ajami-seiskamise-komponendid\/hadaolukorra-supporti-ketaspidur\/caliper-safety-disc-brake-type-scfh\/#primaryimage\",\"url\":\"https:\/\/myindustrial.eu\/wp-content\/uploads\/2024\/12\/rft_calipersafetybrake-type-scfh.webp\",\"contentUrl\":\"https:\/\/myindustrial.eu\/wp-content\/uploads\/2024\/12\/rft_calipersafetybrake-type-scfh.webp\",\"width\":800,\"height\":800},{\"@type\":\"BreadcrumbList\",\"@id\":\"https:\/\/myindustrial.eu\/et\/shop\/toostuslikud-pidurisusteemid-ja-ajami-seiskamise-komponendid\/hadaolukorra-supporti-ketaspidur\/caliper-safety-disc-brake-type-scfh\/#breadcrumb\",\"itemListElement\":[{\"@type\":\"ListItem\",\"position\":1,\"name\":\"Home\",\"item\":\"https:\/\/myindustrial.eu\/et\/\"},{\"@type\":\"ListItem\",\"position\":2,\"name\":\"Products\",\"item\":\"https:\/\/myindustrial.eu\/et\/products\/\"},{\"@type\":\"ListItem\",\"position\":3,\"name\":\"H\u00e4dapiduri turvakettapidur t\u00fc\u00fcp SCFH\"}]},{\"@type\":\"WebSite\",\"@id\":\"https:\/\/myindustrial.eu\/et\/#website\",\"url\":\"https:\/\/myindustrial.eu\/et\/\",\"name\":\"My industrial\",\"description\":\"\",\"potentialAction\":[{\"@type\":\"SearchAction\",\"target\":{\"@type\":\"EntryPoint\",\"urlTemplate\":\"https:\/\/myindustrial.eu\/et\/?s={search_term_string}\"},\"query-input\":{\"@type\":\"PropertyValueSpecification\",\"valueRequired\":true,\"valueName\":\"search_term_string\"}}],\"inLanguage\":\"et\"}]}<\/script>\n<!-- \/ Yoast SEO plugin. -->","yoast_head_json":{"title":"H\u00e4dapiduri turvakettapidur t\u00fc\u00fcp SCFH - My industrial","robots":{"index":"index","follow":"follow","max-snippet":"max-snippet:-1","max-image-preview":"max-image-preview:large","max-video-preview":"max-video-preview:-1"},"canonical":"https:\/\/myindustrial.eu\/et\/shop\/toostuslikud-pidurisusteemid-ja-ajami-seiskamise-komponendid\/hadaolukorra-supporti-ketaspidur\/caliper-safety-disc-brake-type-scfh\/","og_locale":"et_EE","og_type":"article","og_title":"H\u00e4dapiduri turvakettapidur t\u00fc\u00fcp SCFH - My industrial","og_description":"\u201eMadalate p\u00f6\u00f6rete\u201c pidur. Kettapidur, mis toimib otse trossitrumli kettale. Pakub kaitset koorma kukkumise eest ja t\u00e4iendavat turvalisust (reageerib ka ajamiv\u00f5lli purunemise korral).   Otsene toimimine \/ Ilma hoova\u00fclekandeta  Klotside survej\u00f5ud kuni 400 kN \u00fche klambri kohta  Klambrite variatsioonid \u00fchel pidurikettal (nt: 4 x SCFH-4 = 1600 kN klotside survej\u00f5ud)  K\u00f5rge ja p\u00f6\u00f6rlemissuuna s\u00f5ltumatu pidurdusmoment  Kaks identset klambriosa  Piduriklotside kulumise manuaalne reguleerimine  T\u00f5stekl\u00f5psu reguleeritav vahemikus 1 mm kuni 3 mm  H\u00fcdros\u00fcsteem on t\u00e4ielikult suletud  Madala kulumisega s\u00fcnteetilised piduriklotsid standardvarustuses","og_url":"https:\/\/myindustrial.eu\/et\/shop\/toostuslikud-pidurisusteemid-ja-ajami-seiskamise-komponendid\/hadaolukorra-supporti-ketaspidur\/caliper-safety-disc-brake-type-scfh\/","og_site_name":"My industrial","article_modified_time":"2024-12-26T17:50:26+00:00","og_image":[{"width":800,"height":800,"url":"https:\/\/myindustrial.eu\/wp-content\/uploads\/2024\/12\/rft_calipersafetybrake-type-scfh.webp","type":"image\/webp"}],"twitter_card":"summary_large_image","schema":{"@context":"https:\/\/schema.org","@graph":[{"@type":"WebPage","@id":"https:\/\/myindustrial.eu\/et\/shop\/toostuslikud-pidurisusteemid-ja-ajami-seiskamise-komponendid\/hadaolukorra-supporti-ketaspidur\/caliper-safety-disc-brake-type-scfh\/","url":"https:\/\/myindustrial.eu\/et\/shop\/toostuslikud-pidurisusteemid-ja-ajami-seiskamise-komponendid\/hadaolukorra-supporti-ketaspidur\/caliper-safety-disc-brake-type-scfh\/","name":"H\u00e4dapiduri turvakettapidur t\u00fc\u00fcp SCFH - My industrial","isPartOf":{"@id":"https:\/\/myindustrial.eu\/et\/#website"},"primaryImageOfPage":{"@id":"https:\/\/myindustrial.eu\/et\/shop\/toostuslikud-pidurisusteemid-ja-ajami-seiskamise-komponendid\/hadaolukorra-supporti-ketaspidur\/caliper-safety-disc-brake-type-scfh\/#primaryimage"},"image":{"@id":"https:\/\/myindustrial.eu\/et\/shop\/toostuslikud-pidurisusteemid-ja-ajami-seiskamise-komponendid\/hadaolukorra-supporti-ketaspidur\/caliper-safety-disc-brake-type-scfh\/#primaryimage"},"thumbnailUrl":"https:\/\/myindustrial.eu\/wp-content\/uploads\/2024\/12\/rft_calipersafetybrake-type-scfh.webp","datePublished":"2024-12-02T10:32:32+00:00","dateModified":"2024-12-26T17:50:26+00:00","breadcrumb":{"@id":"https:\/\/myindustrial.eu\/et\/shop\/toostuslikud-pidurisusteemid-ja-ajami-seiskamise-komponendid\/hadaolukorra-supporti-ketaspidur\/caliper-safety-disc-brake-type-scfh\/#breadcrumb"},"inLanguage":"et","potentialAction":[{"@type":"ReadAction","target":["https:\/\/myindustrial.eu\/et\/shop\/toostuslikud-pidurisusteemid-ja-ajami-seiskamise-komponendid\/hadaolukorra-supporti-ketaspidur\/caliper-safety-disc-brake-type-scfh\/"]}]},{"@type":"ImageObject","inLanguage":"et","@id":"https:\/\/myindustrial.eu\/et\/shop\/toostuslikud-pidurisusteemid-ja-ajami-seiskamise-komponendid\/hadaolukorra-supporti-ketaspidur\/caliper-safety-disc-brake-type-scfh\/#primaryimage","url":"https:\/\/myindustrial.eu\/wp-content\/uploads\/2024\/12\/rft_calipersafetybrake-type-scfh.webp","contentUrl":"https:\/\/myindustrial.eu\/wp-content\/uploads\/2024\/12\/rft_calipersafetybrake-type-scfh.webp","width":800,"height":800},{"@type":"BreadcrumbList","@id":"https:\/\/myindustrial.eu\/et\/shop\/toostuslikud-pidurisusteemid-ja-ajami-seiskamise-komponendid\/hadaolukorra-supporti-ketaspidur\/caliper-safety-disc-brake-type-scfh\/#breadcrumb","itemListElement":[{"@type":"ListItem","position":1,"name":"Home","item":"https:\/\/myindustrial.eu\/et\/"},{"@type":"ListItem","position":2,"name":"Products","item":"https:\/\/myindustrial.eu\/et\/products\/"},{"@type":"ListItem","position":3,"name":"H\u00e4dapiduri turvakettapidur t\u00fc\u00fcp SCFH"}]},{"@type":"WebSite","@id":"https:\/\/myindustrial.eu\/et\/#website","url":"https:\/\/myindustrial.eu\/et\/","name":"My industrial","description":"","potentialAction":[{"@type":"SearchAction","target":{"@type":"EntryPoint","urlTemplate":"https:\/\/myindustrial.eu\/et\/?s={search_term_string}"},"query-input":{"@type":"PropertyValueSpecification","valueRequired":true,"valueName":"search_term_string"}}],"inLanguage":"et"}]}},"_links":{"self":[{"href":"https:\/\/myindustrial.eu\/et\/wp-json\/wp\/v2\/product\/1260065521","targetHints":{"allow":["GET"]}}],"collection":[{"href":"https:\/\/myindustrial.eu\/et\/wp-json\/wp\/v2\/product"}],"about":[{"href":"https:\/\/myindustrial.eu\/et\/wp-json\/wp\/v2\/types\/product"}],"version-history":[{"count":1,"href":"https:\/\/myindustrial.eu\/et\/wp-json\/wp\/v2\/product\/1260065521\/revisions"}],"predecessor-version":[{"id":1260065522,"href":"https:\/\/myindustrial.eu\/et\/wp-json\/wp\/v2\/product\/1260065521\/revisions\/1260065522"}],"wp:featuredmedia":[{"embeddable":true,"href":"https:\/\/myindustrial.eu\/et\/wp-json\/wp\/v2\/media\/1260064851"}],"wp:attachment":[{"href":"https:\/\/myindustrial.eu\/et\/wp-json\/wp\/v2\/media?parent=1260065521"}],"wp:term":[{"taxonomy":"product_brand","embeddable":true,"href":"https:\/\/myindustrial.eu\/et\/wp-json\/wp\/v2\/product_brand?post=1260065521"},{"taxonomy":"product_cat","embeddable":true,"href":"https:\/\/myindustrial.eu\/et\/wp-json\/wp\/v2\/product_cat?post=1260065521"},{"taxonomy":"product_tag","embeddable":true,"href":"https:\/\/myindustrial.eu\/et\/wp-json\/wp\/v2\/product_tag?post=1260065521"}],"curies":[{"name":"wp","href":"https:\/\/api.w.org\/{rel}","templated":true}]}}