{"id":1260065611,"date":"2024-12-02T12:41:20","date_gmt":"2024-12-02T12:41:20","guid":{"rendered":"https:\/\/myindustrial.eu\/shop\/maaratlemata\/storm-brake-rail-clamp-operated-hydraulically\/"},"modified":"2024-12-27T22:27:24","modified_gmt":"2024-12-27T22:27:24","slug":"storm-brake-rail-clamp-operated-hydraulically","status":"publish","type":"product","link":"https:\/\/myindustrial.eu\/et\/shop\/toostuslikud-pidurisusteemid-ja-ajami-seiskamise-komponendid\/parkimis-tormi-pidurid\/storm-brake-rail-clamp-operated-hydraulically\/","title":{"rendered":"Tormipidur \/ r\u00f6\u00f6pklamber h\u00fcdraulilise juhtimisega"},"content":{"rendered":"<p><b>Omadused<\/b><\/p>\n<ul>\n<li style=\"font-weight: 400;\" aria-level=\"1\"><span style=\"font-weight: 400;\">H\u00fcdrauliline sulgemine ja avamine.<\/span><\/li>\n<li style=\"font-weight: 400;\" aria-level=\"1\"><span style=\"font-weight: 400;\">T\u00fc\u00fcp VZH on saadaval 3 versioonis:<\/span><\/li>\n<\/ul>\n<ol>\n<li style=\"font-weight: 400;\" aria-level=\"1\"><span style=\"font-weight: 400;\">K\u00e4sipumbaga, EI TOIMI automaatselt elektrikatkestuse korral.<\/span><\/li>\n<li style=\"font-weight: 400;\" aria-level=\"1\"><span style=\"font-weight: 400;\">H\u00fcdraulilise j\u00f5uallikaga, ILMA automaatse t\u00f6\u00f6ta elektrikatkestuse korral.<\/span><\/li>\n<li style=\"font-weight: 400;\" aria-level=\"1\"><span style=\"font-weight: 400;\">H\u00fcdraulilise j\u00f5uallikaga ja surveakumulaatoriga, automaatselt toimiv elektrikatkestuse korral.<\/span><\/li>\n<\/ol>\n<p><b>Tehnilised eelised<\/b><\/p>\n<ul>\n<li style=\"font-weight: 400;\" aria-level=\"1\"><span style=\"font-weight: 400;\">Tehniline paindlikkus.<\/span><\/li>\n<li style=\"font-weight: 400;\" aria-level=\"1\"><span style=\"font-weight: 400;\">K\u00f5rge kvaliteet ja ohutustase.<\/span><\/li>\n<li style=\"font-weight: 400;\" aria-level=\"1\"><span style=\"font-weight: 400;\">V\u00e4iksemad hooldus- ja jooksvad kulud.<\/span><\/li>\n<\/ul>\n","protected":false},"excerpt":{"rendered":"<p><b>T\u00fc\u00fcp VZH parkimis (tormi) pidurid<\/b><\/p>\n<p><span style=\"font-weight: 400;\">H\u00fcdrauliliselt juhitav tormipidur \/ r\u00f6\u00f6pklamber kraanas\u00fcsteemide v\u00f5i r\u00f6\u00f6bastega seotud masinate kaitsmiseks soovimatu liikumise eest, n\u00e4iteks tormi ajal.<\/span><\/p>\n<ul>\n<li style=\"font-weight: 400;\" aria-level=\"1\"><span style=\"font-weight: 400;\">H\u00fcdrauliline sulgemine ja avamine.<\/span><\/li>\n<li style=\"font-weight: 400;\" aria-level=\"1\"><span style=\"font-weight: 400;\">P\u00f5hiline tormipidur k\u00e4sipumbaga.<\/span><\/li>\n<li style=\"font-weight: 400;\" aria-level=\"1\"><span style=\"font-weight: 400;\">Hoidej\u00f5ud kuni 256 kN \u00fche klambri kohta. Valikuliselt \u2014 kuni 623 kN hoidej\u00f5ud \u00fche klambri kohta.<\/span><\/li>\n<li style=\"font-weight: 400;\" aria-level=\"1\"><span style=\"font-weight: 400;\">L\u00f5pp-l\u00fclitid klambri asendi j\u00e4lgimiseks.<\/span><\/li>\n<li style=\"font-weight: 400;\" aria-level=\"1\"><span style=\"font-weight: 400;\">H\u00fcdraulilise j\u00f5uallika kasutamine koos surveakumulaatoriga. Valikuline: sulgemine surveakumulaatori abil elektrikatkestuse korral \/ automaatne t\u00f6\u00f6 elektrikatkestuse ajal.<\/span><\/li>\n<li style=\"font-weight: 400;\" aria-level=\"1\"><span style=\"font-weight: 400;\">K\u00fclgkompensatsioon r\u00f6\u00f6pa nihketele \u00b115 mm v\u00f5i rohkem, kui on n\u00f5utud.<\/span><\/li>\n<li style=\"font-weight: 400;\" aria-level=\"1\"><span style=\"font-weight: 400;\">Horisontaalne ja vertikaalne versioon.<\/span><\/li>\n<\/ul>\n<p><b>R\u00f6\u00f6pklamber VZH<\/b><span style=\"font-weight: 400;\"> \u2014 n\u00e4idatud kui VZH-2, on s\u00fcsteemi alusvariantidele VZH-H, VZH-A, VZH-A-S ja teistele. Eestvaates on juhtrullid peidetud r\u00f6\u00f6pa puhasti taha.<\/span><\/p>\n","protected":false},"featured_media":1260065132,"template":"","meta":[],"product_brand":[],"product_cat":[1425],"product_tag":[],"class_list":{"0":"post-1260065611","1":"product","2":"type-product","3":"status-publish","4":"has-post-thumbnail","6":"product_cat-parkimis-tormi-pidurid","8":"first","9":"instock","10":"shipping-taxable","11":"product-type-simple"},"yoast_head":"<!-- This site is optimized with the Yoast SEO plugin v27.1.1 - https:\/\/yoast.com\/product\/yoast-seo-wordpress\/ -->\n<title>Tormipidur \/ r\u00f6\u00f6pklamber h\u00fcdraulilise juhtimisega - My industrial<\/title>\n<meta name=\"robots\" content=\"index, follow, max-snippet:-1, max-image-preview:large, max-video-preview:-1\" \/>\n<link rel=\"canonical\" href=\"https:\/\/myindustrial.eu\/et\/shop\/toostuslikud-pidurisusteemid-ja-ajami-seiskamise-komponendid\/parkimis-tormi-pidurid\/storm-brake-rail-clamp-operated-hydraulically\/\" \/>\n<meta property=\"og:locale\" content=\"et_EE\" \/>\n<meta property=\"og:type\" content=\"article\" \/>\n<meta property=\"og:title\" content=\"Tormipidur \/ r\u00f6\u00f6pklamber h\u00fcdraulilise juhtimisega - My industrial\" \/>\n<meta property=\"og:description\" content=\"T\u00fc\u00fcp VZH parkimis (tormi) pidurid  H\u00fcdrauliliselt juhitav tormipidur \/ r\u00f6\u00f6pklamber kraanas\u00fcsteemide v\u00f5i r\u00f6\u00f6bastega seotud masinate kaitsmiseks soovimatu liikumise eest, n\u00e4iteks tormi ajal.   H\u00fcdrauliline sulgemine ja avamine.  P\u00f5hiline tormipidur k\u00e4sipumbaga.  Hoidej\u00f5ud kuni 256 kN \u00fche klambri kohta. Valikuliselt \u2014 kuni 623 kN hoidej\u00f5ud \u00fche klambri kohta.  L\u00f5pp-l\u00fclitid klambri asendi j\u00e4lgimiseks.  H\u00fcdraulilise j\u00f5uallika kasutamine koos surveakumulaatoriga. Valikuline: sulgemine surveakumulaatori abil elektrikatkestuse korral \/ automaatne t\u00f6\u00f6 elektrikatkestuse ajal.  K\u00fclgkompensatsioon r\u00f6\u00f6pa nihketele \u00b115 mm v\u00f5i rohkem, kui on n\u00f5utud.  Horisontaalne ja vertikaalne versioon.  R\u00f6\u00f6pklamber VZH \u2014 n\u00e4idatud kui VZH-2, on s\u00fcsteemi alusvariantidele VZH-H, VZH-A, VZH-A-S ja teistele. Eestvaates on juhtrullid peidetud r\u00f6\u00f6pa puhasti taha.\" \/>\n<meta property=\"og:url\" content=\"https:\/\/myindustrial.eu\/et\/shop\/toostuslikud-pidurisusteemid-ja-ajami-seiskamise-komponendid\/parkimis-tormi-pidurid\/storm-brake-rail-clamp-operated-hydraulically\/\" \/>\n<meta property=\"og:site_name\" content=\"My industrial\" \/>\n<meta property=\"article:modified_time\" content=\"2024-12-27T22:27:24+00:00\" \/>\n<meta property=\"og:image\" content=\"https:\/\/myindustrial.eu\/wp-content\/uploads\/2024\/12\/rft_stormbrake-type-vzh.webp\" \/>\n\t<meta property=\"og:image:width\" content=\"800\" \/>\n\t<meta property=\"og:image:height\" content=\"800\" \/>\n\t<meta property=\"og:image:type\" content=\"image\/webp\" \/>\n<meta name=\"twitter:card\" content=\"summary_large_image\" \/>\n<script type=\"application\/ld+json\" class=\"yoast-schema-graph\">{\"@context\":\"https:\/\/schema.org\",\"@graph\":[{\"@type\":\"WebPage\",\"@id\":\"https:\/\/myindustrial.eu\/et\/shop\/toostuslikud-pidurisusteemid-ja-ajami-seiskamise-komponendid\/parkimis-tormi-pidurid\/storm-brake-rail-clamp-operated-hydraulically\/\",\"url\":\"https:\/\/myindustrial.eu\/et\/shop\/toostuslikud-pidurisusteemid-ja-ajami-seiskamise-komponendid\/parkimis-tormi-pidurid\/storm-brake-rail-clamp-operated-hydraulically\/\",\"name\":\"Tormipidur \/ r\u00f6\u00f6pklamber h\u00fcdraulilise juhtimisega - My industrial\",\"isPartOf\":{\"@id\":\"https:\/\/myindustrial.eu\/et\/#website\"},\"primaryImageOfPage\":{\"@id\":\"https:\/\/myindustrial.eu\/et\/shop\/toostuslikud-pidurisusteemid-ja-ajami-seiskamise-komponendid\/parkimis-tormi-pidurid\/storm-brake-rail-clamp-operated-hydraulically\/#primaryimage\"},\"image\":{\"@id\":\"https:\/\/myindustrial.eu\/et\/shop\/toostuslikud-pidurisusteemid-ja-ajami-seiskamise-komponendid\/parkimis-tormi-pidurid\/storm-brake-rail-clamp-operated-hydraulically\/#primaryimage\"},\"thumbnailUrl\":\"https:\/\/myindustrial.eu\/wp-content\/uploads\/2024\/12\/rft_stormbrake-type-vzh.webp\",\"datePublished\":\"2024-12-02T12:41:20+00:00\",\"dateModified\":\"2024-12-27T22:27:24+00:00\",\"breadcrumb\":{\"@id\":\"https:\/\/myindustrial.eu\/et\/shop\/toostuslikud-pidurisusteemid-ja-ajami-seiskamise-komponendid\/parkimis-tormi-pidurid\/storm-brake-rail-clamp-operated-hydraulically\/#breadcrumb\"},\"inLanguage\":\"et\",\"potentialAction\":[{\"@type\":\"ReadAction\",\"target\":[\"https:\/\/myindustrial.eu\/et\/shop\/toostuslikud-pidurisusteemid-ja-ajami-seiskamise-komponendid\/parkimis-tormi-pidurid\/storm-brake-rail-clamp-operated-hydraulically\/\"]}]},{\"@type\":\"ImageObject\",\"inLanguage\":\"et\",\"@id\":\"https:\/\/myindustrial.eu\/et\/shop\/toostuslikud-pidurisusteemid-ja-ajami-seiskamise-komponendid\/parkimis-tormi-pidurid\/storm-brake-rail-clamp-operated-hydraulically\/#primaryimage\",\"url\":\"https:\/\/myindustrial.eu\/wp-content\/uploads\/2024\/12\/rft_stormbrake-type-vzh.webp\",\"contentUrl\":\"https:\/\/myindustrial.eu\/wp-content\/uploads\/2024\/12\/rft_stormbrake-type-vzh.webp\",\"width\":800,\"height\":800},{\"@type\":\"BreadcrumbList\",\"@id\":\"https:\/\/myindustrial.eu\/et\/shop\/toostuslikud-pidurisusteemid-ja-ajami-seiskamise-komponendid\/parkimis-tormi-pidurid\/storm-brake-rail-clamp-operated-hydraulically\/#breadcrumb\",\"itemListElement\":[{\"@type\":\"ListItem\",\"position\":1,\"name\":\"Home\",\"item\":\"https:\/\/myindustrial.eu\/et\/\"},{\"@type\":\"ListItem\",\"position\":2,\"name\":\"Products\",\"item\":\"https:\/\/myindustrial.eu\/et\/products\/\"},{\"@type\":\"ListItem\",\"position\":3,\"name\":\"Tormipidur \/ r\u00f6\u00f6pklamber h\u00fcdraulilise juhtimisega\"}]},{\"@type\":\"WebSite\",\"@id\":\"https:\/\/myindustrial.eu\/et\/#website\",\"url\":\"https:\/\/myindustrial.eu\/et\/\",\"name\":\"My industrial\",\"description\":\"\",\"potentialAction\":[{\"@type\":\"SearchAction\",\"target\":{\"@type\":\"EntryPoint\",\"urlTemplate\":\"https:\/\/myindustrial.eu\/et\/?s={search_term_string}\"},\"query-input\":{\"@type\":\"PropertyValueSpecification\",\"valueRequired\":true,\"valueName\":\"search_term_string\"}}],\"inLanguage\":\"et\"}]}<\/script>\n<!-- \/ Yoast SEO plugin. -->","yoast_head_json":{"title":"Tormipidur \/ r\u00f6\u00f6pklamber h\u00fcdraulilise juhtimisega - My industrial","robots":{"index":"index","follow":"follow","max-snippet":"max-snippet:-1","max-image-preview":"max-image-preview:large","max-video-preview":"max-video-preview:-1"},"canonical":"https:\/\/myindustrial.eu\/et\/shop\/toostuslikud-pidurisusteemid-ja-ajami-seiskamise-komponendid\/parkimis-tormi-pidurid\/storm-brake-rail-clamp-operated-hydraulically\/","og_locale":"et_EE","og_type":"article","og_title":"Tormipidur \/ r\u00f6\u00f6pklamber h\u00fcdraulilise juhtimisega - My industrial","og_description":"T\u00fc\u00fcp VZH parkimis (tormi) pidurid  H\u00fcdrauliliselt juhitav tormipidur \/ r\u00f6\u00f6pklamber kraanas\u00fcsteemide v\u00f5i r\u00f6\u00f6bastega seotud masinate kaitsmiseks soovimatu liikumise eest, n\u00e4iteks tormi ajal.   H\u00fcdrauliline sulgemine ja avamine.  P\u00f5hiline tormipidur k\u00e4sipumbaga.  Hoidej\u00f5ud kuni 256 kN \u00fche klambri kohta. Valikuliselt \u2014 kuni 623 kN hoidej\u00f5ud \u00fche klambri kohta.  L\u00f5pp-l\u00fclitid klambri asendi j\u00e4lgimiseks.  H\u00fcdraulilise j\u00f5uallika kasutamine koos surveakumulaatoriga. Valikuline: sulgemine surveakumulaatori abil elektrikatkestuse korral \/ automaatne t\u00f6\u00f6 elektrikatkestuse ajal.  K\u00fclgkompensatsioon r\u00f6\u00f6pa nihketele \u00b115 mm v\u00f5i rohkem, kui on n\u00f5utud.  Horisontaalne ja vertikaalne versioon.  R\u00f6\u00f6pklamber VZH \u2014 n\u00e4idatud kui VZH-2, on s\u00fcsteemi alusvariantidele VZH-H, VZH-A, VZH-A-S ja teistele. Eestvaates on juhtrullid peidetud r\u00f6\u00f6pa puhasti taha.","og_url":"https:\/\/myindustrial.eu\/et\/shop\/toostuslikud-pidurisusteemid-ja-ajami-seiskamise-komponendid\/parkimis-tormi-pidurid\/storm-brake-rail-clamp-operated-hydraulically\/","og_site_name":"My industrial","article_modified_time":"2024-12-27T22:27:24+00:00","og_image":[{"width":800,"height":800,"url":"https:\/\/myindustrial.eu\/wp-content\/uploads\/2024\/12\/rft_stormbrake-type-vzh.webp","type":"image\/webp"}],"twitter_card":"summary_large_image","schema":{"@context":"https:\/\/schema.org","@graph":[{"@type":"WebPage","@id":"https:\/\/myindustrial.eu\/et\/shop\/toostuslikud-pidurisusteemid-ja-ajami-seiskamise-komponendid\/parkimis-tormi-pidurid\/storm-brake-rail-clamp-operated-hydraulically\/","url":"https:\/\/myindustrial.eu\/et\/shop\/toostuslikud-pidurisusteemid-ja-ajami-seiskamise-komponendid\/parkimis-tormi-pidurid\/storm-brake-rail-clamp-operated-hydraulically\/","name":"Tormipidur \/ r\u00f6\u00f6pklamber h\u00fcdraulilise juhtimisega - My industrial","isPartOf":{"@id":"https:\/\/myindustrial.eu\/et\/#website"},"primaryImageOfPage":{"@id":"https:\/\/myindustrial.eu\/et\/shop\/toostuslikud-pidurisusteemid-ja-ajami-seiskamise-komponendid\/parkimis-tormi-pidurid\/storm-brake-rail-clamp-operated-hydraulically\/#primaryimage"},"image":{"@id":"https:\/\/myindustrial.eu\/et\/shop\/toostuslikud-pidurisusteemid-ja-ajami-seiskamise-komponendid\/parkimis-tormi-pidurid\/storm-brake-rail-clamp-operated-hydraulically\/#primaryimage"},"thumbnailUrl":"https:\/\/myindustrial.eu\/wp-content\/uploads\/2024\/12\/rft_stormbrake-type-vzh.webp","datePublished":"2024-12-02T12:41:20+00:00","dateModified":"2024-12-27T22:27:24+00:00","breadcrumb":{"@id":"https:\/\/myindustrial.eu\/et\/shop\/toostuslikud-pidurisusteemid-ja-ajami-seiskamise-komponendid\/parkimis-tormi-pidurid\/storm-brake-rail-clamp-operated-hydraulically\/#breadcrumb"},"inLanguage":"et","potentialAction":[{"@type":"ReadAction","target":["https:\/\/myindustrial.eu\/et\/shop\/toostuslikud-pidurisusteemid-ja-ajami-seiskamise-komponendid\/parkimis-tormi-pidurid\/storm-brake-rail-clamp-operated-hydraulically\/"]}]},{"@type":"ImageObject","inLanguage":"et","@id":"https:\/\/myindustrial.eu\/et\/shop\/toostuslikud-pidurisusteemid-ja-ajami-seiskamise-komponendid\/parkimis-tormi-pidurid\/storm-brake-rail-clamp-operated-hydraulically\/#primaryimage","url":"https:\/\/myindustrial.eu\/wp-content\/uploads\/2024\/12\/rft_stormbrake-type-vzh.webp","contentUrl":"https:\/\/myindustrial.eu\/wp-content\/uploads\/2024\/12\/rft_stormbrake-type-vzh.webp","width":800,"height":800},{"@type":"BreadcrumbList","@id":"https:\/\/myindustrial.eu\/et\/shop\/toostuslikud-pidurisusteemid-ja-ajami-seiskamise-komponendid\/parkimis-tormi-pidurid\/storm-brake-rail-clamp-operated-hydraulically\/#breadcrumb","itemListElement":[{"@type":"ListItem","position":1,"name":"Home","item":"https:\/\/myindustrial.eu\/et\/"},{"@type":"ListItem","position":2,"name":"Products","item":"https:\/\/myindustrial.eu\/et\/products\/"},{"@type":"ListItem","position":3,"name":"Tormipidur \/ r\u00f6\u00f6pklamber h\u00fcdraulilise juhtimisega"}]},{"@type":"WebSite","@id":"https:\/\/myindustrial.eu\/et\/#website","url":"https:\/\/myindustrial.eu\/et\/","name":"My industrial","description":"","potentialAction":[{"@type":"SearchAction","target":{"@type":"EntryPoint","urlTemplate":"https:\/\/myindustrial.eu\/et\/?s={search_term_string}"},"query-input":{"@type":"PropertyValueSpecification","valueRequired":true,"valueName":"search_term_string"}}],"inLanguage":"et"}]}},"_links":{"self":[{"href":"https:\/\/myindustrial.eu\/et\/wp-json\/wp\/v2\/product\/1260065611","targetHints":{"allow":["GET"]}}],"collection":[{"href":"https:\/\/myindustrial.eu\/et\/wp-json\/wp\/v2\/product"}],"about":[{"href":"https:\/\/myindustrial.eu\/et\/wp-json\/wp\/v2\/types\/product"}],"version-history":[{"count":0,"href":"https:\/\/myindustrial.eu\/et\/wp-json\/wp\/v2\/product\/1260065611\/revisions"}],"wp:featuredmedia":[{"embeddable":true,"href":"https:\/\/myindustrial.eu\/et\/wp-json\/wp\/v2\/media\/1260065132"}],"wp:attachment":[{"href":"https:\/\/myindustrial.eu\/et\/wp-json\/wp\/v2\/media?parent=1260065611"}],"wp:term":[{"taxonomy":"product_brand","embeddable":true,"href":"https:\/\/myindustrial.eu\/et\/wp-json\/wp\/v2\/product_brand?post=1260065611"},{"taxonomy":"product_cat","embeddable":true,"href":"https:\/\/myindustrial.eu\/et\/wp-json\/wp\/v2\/product_cat?post=1260065611"},{"taxonomy":"product_tag","embeddable":true,"href":"https:\/\/myindustrial.eu\/et\/wp-json\/wp\/v2\/product_tag?post=1260065611"}],"curies":[{"name":"wp","href":"https:\/\/api.w.org\/{rel}","templated":true}]}}