{"id":1260065624,"date":"2024-12-02T12:46:29","date_gmt":"2024-12-02T12:46:29","guid":{"rendered":"https:\/\/myindustrial.eu\/shop\/maaratlemata\/storm-brake-rail-clamp-with-lifting-and-positioning-fun\/"},"modified":"2024-12-27T22:54:13","modified_gmt":"2024-12-27T22:54:13","slug":"storm-brake-rail-clamp-with-lifting-and-positioning-fun","status":"publish","type":"product","link":"https:\/\/myindustrial.eu\/et\/shop\/toostuslikud-pidurisusteemid-ja-ajami-seiskamise-komponendid\/parkimis-tormi-pidurid\/storm-brake-rail-clamp-with-lifting-and-positioning-fun\/","title":{"rendered":"Tormibrake \/ raudteeklamber t\u00f5stmis- ja positsioneerimisfunktsiooniga"},"content":{"rendered":"<p><b>Omadused<\/b><\/p>\n<ul>\n<li style=\"font-weight: 400;\" aria-level=\"1\"><span style=\"font-weight: 400;\">Sulgemine vedru j\u00f5u abil l\u00fclitusv\u00f5lli s\u00fcsteemiga \u2013 reguleeritav throttle abil<\/span><\/li>\n<li style=\"font-weight: 400;\" aria-level=\"1\"><span style=\"font-weight: 400;\">Avamine h\u00fcdrosilindri abil (h\u00fcdrauliline toiteplokk on integreeritud)<\/span><\/li>\n<li style=\"font-weight: 400;\" aria-level=\"1\"><span style=\"font-weight: 400;\">H\u00e4daseente pump h\u00e4daolukorra toimimiseks (standardses varustuses)<\/span><\/li>\n<li style=\"font-weight: 400;\" aria-level=\"1\"><span style=\"font-weight: 400;\">Automaatne sulgemisfunktsioon toitepuuduse korral<\/span><\/li>\n<li style=\"font-weight: 400;\" aria-level=\"1\"><span style=\"font-weight: 400;\">Ei toimu kinnitamisj\u00f5u kadu l\u00fclitusv\u00f5lli \u00fclekande t\u00f5ttu, n\u00e4iteks haakimisplaatide kulumise t\u00f5ttu (lubatud n\u00e4itaja)<\/span><\/li>\n<li style=\"font-weight: 400;\" aria-level=\"1\"><span style=\"font-weight: 400;\">Positsioonil\u00fclitusl\u00fcliti s\u00fcsteem \u201eKlamber avatud\u201d, \u201eKlamber suletud\u201d ja hoiatussignaal \u201ekulunud haakimisplaadid\u201d<\/span><\/li>\n<li style=\"font-weight: 400;\" aria-level=\"1\"><span style=\"font-weight: 400;\">Positsioonil\u00fclitusl\u00fcliti: \u201eKlamber t\u00f5stetud \/ Kraani liikumine v\u00f5imalik\u201d<\/span><\/li>\n<li style=\"font-weight: 400;\" aria-level=\"1\"><span style=\"font-weight: 400;\">Vertikaalse liikumise kompensatsioon +40 mm kuni \u201320 mm<\/span><\/li>\n<li style=\"font-weight: 400;\" aria-level=\"1\"><span style=\"font-weight: 400;\">Loodetav raudteepuuri k\u00f5rvalekaldumise kompensatsioon \u00b1 25 mm integreeritud k\u00fclgjuhtimiss\u00fcsteemi abil langetamisel<\/span><\/li>\n<li style=\"font-weight: 400;\" aria-level=\"1\"><span style=\"font-weight: 400;\">Kraani t\u00f6\u00f6 ajal asuvad k\u00f5ik klambri osad raudteepuuduse kohal \/ Seet\u00f5ttu ei esine t\u00f6\u00f6 ajal komponentide kulumist<\/span><\/li>\n<li style=\"font-weight: 400;\" aria-level=\"1\"><span style=\"font-weight: 400;\">Standardse VZFH mudeli raudteeklambriga kasutatavaid juhtimisterasid ei integreerita VZFH-HVZ t\u00fc\u00fcpi mudelis (kulumise v\u00e4henemine, madalam hooldus- ja kasutusmaksumus)<\/span><\/li>\n<\/ul>\n<p><b>Tehnilised eelised<\/b><\/p>\n<ul>\n<li style=\"font-weight: 400;\" aria-level=\"1\"><span style=\"font-weight: 400;\">Eriti sobilik kiirelt liikuva kraani s\u00fcsteemidele<\/span><\/li>\n<li style=\"font-weight: 400;\" aria-level=\"1\"><span style=\"font-weight: 400;\">Hooldus- ja kasutusmaksumuse oluliselt v\u00e4henenud<\/span><\/li>\n<li style=\"font-weight: 400;\" aria-level=\"1\"><span style=\"font-weight: 400;\">Ei ole kontakt raudtee ja kraani liikumise ajal<\/span><\/li>\n<li style=\"font-weight: 400;\" aria-level=\"1\"><span style=\"font-weight: 400;\">Ei toimu kinnitamisj\u00f5u kaotust l\u00fclitusv\u00f5lli \u00fclekande t\u00f5ttu (n\u00e4iteks kulunud haakimisplaatide t\u00f5ttu)<\/span><\/li>\n<\/ul>\n","protected":false},"excerpt":{"rendered":"<p><b>T\u00fc\u00fcp VZFH-HVZ<\/b><\/p>\n<p><b>Patenteeritud:<\/b><span style=\"font-weight: 400;\"> Tormibrake \/ raudteeklamber integreeritud t\u00f5stmis- ja positsioneerimisfunktsiooniga.<\/span><\/p>\n<ul>\n<li style=\"font-weight: 400;\" aria-level=\"1\"><span style=\"font-weight: 400;\">Ei puutu raudtee sisse kraani liikumise ajal<\/span><\/li>\n<li style=\"font-weight: 400;\" aria-level=\"1\"><span style=\"font-weight: 400;\">Ei toimu kulumist klambri haakimisplaatidel ja juhtimisteradel kraani liikumise ajal<\/span><\/li>\n<li style=\"font-weight: 400;\" aria-level=\"1\"><span style=\"font-weight: 400;\">Ei ole juhtimisterasid klambri hoidmiseks raudteel kraani liikumise ajal<\/span><\/li>\n<li style=\"font-weight: 400;\" aria-level=\"1\"><span style=\"font-weight: 400;\">Vertikaalse t\u00f5stmise funktsioon<\/span><\/li>\n<li style=\"font-weight: 400;\" aria-level=\"1\"><span style=\"font-weight: 400;\">Loodetav positsioneerimine v\u00e4hemalt \u00b1 25 mm. Loodetav positsioneerimisfunktsioon klambri s\u00fcsteemi langetamiseks (patent taotlusj\u00e4rgse s\u00fcsteemiga)<\/span><\/li>\n<li style=\"font-weight: 400;\" aria-level=\"1\"><span style=\"font-weight: 400;\">Eriti sobilik kiirelt liikuva kraani s\u00fcsteemidele<\/span><\/li>\n<li style=\"font-weight: 400;\" aria-level=\"1\"><span style=\"font-weight: 400;\">Eriti sobilik ristliikumiseks<\/span><\/li>\n<li style=\"font-weight: 400;\" aria-level=\"1\"><span style=\"font-weight: 400;\">Kuni 840 kN kinnitamisj\u00f5ud klambri kohta<\/span><\/li>\n<li style=\"font-weight: 400;\" aria-level=\"1\"><span style=\"font-weight: 400;\">Automaatne aktiveerimine toitepuuduse korral<\/span><\/li>\n<\/ul>\n","protected":false},"featured_media":1260065154,"template":"","meta":[],"product_brand":[],"product_cat":[1425],"product_tag":[],"class_list":{"0":"post-1260065624","1":"product","2":"type-product","3":"status-publish","4":"has-post-thumbnail","6":"product_cat-parkimis-tormi-pidurid","8":"first","9":"instock","10":"shipping-taxable","11":"product-type-simple"},"yoast_head":"<!-- This site is optimized with the Yoast SEO plugin v27.1.1 - https:\/\/yoast.com\/product\/yoast-seo-wordpress\/ -->\n<title>Tormibrake \/ raudteeklamber t\u00f5stmis- ja positsioneerimisfunktsiooniga - My industrial<\/title>\n<meta name=\"robots\" content=\"index, follow, max-snippet:-1, max-image-preview:large, max-video-preview:-1\" \/>\n<link rel=\"canonical\" href=\"https:\/\/myindustrial.eu\/et\/shop\/toostuslikud-pidurisusteemid-ja-ajami-seiskamise-komponendid\/parkimis-tormi-pidurid\/storm-brake-rail-clamp-with-lifting-and-positioning-fun\/\" \/>\n<meta property=\"og:locale\" content=\"et_EE\" \/>\n<meta property=\"og:type\" content=\"article\" \/>\n<meta property=\"og:title\" content=\"Tormibrake \/ raudteeklamber t\u00f5stmis- ja positsioneerimisfunktsiooniga - My industrial\" \/>\n<meta property=\"og:description\" content=\"T\u00fc\u00fcp VZFH-HVZ  Patenteeritud: Tormibrake \/ raudteeklamber integreeritud t\u00f5stmis- ja positsioneerimisfunktsiooniga.   Ei puutu raudtee sisse kraani liikumise ajal  Ei toimu kulumist klambri haakimisplaatidel ja juhtimisteradel kraani liikumise ajal  Ei ole juhtimisterasid klambri hoidmiseks raudteel kraani liikumise ajal  Vertikaalse t\u00f5stmise funktsioon  Loodetav positsioneerimine v\u00e4hemalt \u00b1 25 mm. Loodetav positsioneerimisfunktsioon klambri s\u00fcsteemi langetamiseks (patent taotlusj\u00e4rgse s\u00fcsteemiga)  Eriti sobilik kiirelt liikuva kraani s\u00fcsteemidele  Eriti sobilik ristliikumiseks  Kuni 840 kN kinnitamisj\u00f5ud klambri kohta  Automaatne aktiveerimine toitepuuduse korral\" \/>\n<meta property=\"og:url\" content=\"https:\/\/myindustrial.eu\/et\/shop\/toostuslikud-pidurisusteemid-ja-ajami-seiskamise-komponendid\/parkimis-tormi-pidurid\/storm-brake-rail-clamp-with-lifting-and-positioning-fun\/\" \/>\n<meta property=\"og:site_name\" content=\"My industrial\" \/>\n<meta property=\"article:modified_time\" content=\"2024-12-27T22:54:13+00:00\" \/>\n<meta property=\"og:image\" content=\"https:\/\/myindustrial.eu\/wp-content\/uploads\/2024\/12\/rft_stormbrake-type-vzfh_hvz.webp\" \/>\n\t<meta property=\"og:image:width\" content=\"800\" \/>\n\t<meta property=\"og:image:height\" content=\"800\" \/>\n\t<meta property=\"og:image:type\" content=\"image\/webp\" \/>\n<meta name=\"twitter:card\" content=\"summary_large_image\" \/>\n<script type=\"application\/ld+json\" class=\"yoast-schema-graph\">{\"@context\":\"https:\/\/schema.org\",\"@graph\":[{\"@type\":\"WebPage\",\"@id\":\"https:\/\/myindustrial.eu\/et\/shop\/toostuslikud-pidurisusteemid-ja-ajami-seiskamise-komponendid\/parkimis-tormi-pidurid\/storm-brake-rail-clamp-with-lifting-and-positioning-fun\/\",\"url\":\"https:\/\/myindustrial.eu\/et\/shop\/toostuslikud-pidurisusteemid-ja-ajami-seiskamise-komponendid\/parkimis-tormi-pidurid\/storm-brake-rail-clamp-with-lifting-and-positioning-fun\/\",\"name\":\"Tormibrake \/ raudteeklamber t\u00f5stmis- ja positsioneerimisfunktsiooniga - My industrial\",\"isPartOf\":{\"@id\":\"https:\/\/myindustrial.eu\/et\/#website\"},\"primaryImageOfPage\":{\"@id\":\"https:\/\/myindustrial.eu\/et\/shop\/toostuslikud-pidurisusteemid-ja-ajami-seiskamise-komponendid\/parkimis-tormi-pidurid\/storm-brake-rail-clamp-with-lifting-and-positioning-fun\/#primaryimage\"},\"image\":{\"@id\":\"https:\/\/myindustrial.eu\/et\/shop\/toostuslikud-pidurisusteemid-ja-ajami-seiskamise-komponendid\/parkimis-tormi-pidurid\/storm-brake-rail-clamp-with-lifting-and-positioning-fun\/#primaryimage\"},\"thumbnailUrl\":\"https:\/\/myindustrial.eu\/wp-content\/uploads\/2024\/12\/rft_stormbrake-type-vzfh_hvz.webp\",\"datePublished\":\"2024-12-02T12:46:29+00:00\",\"dateModified\":\"2024-12-27T22:54:13+00:00\",\"breadcrumb\":{\"@id\":\"https:\/\/myindustrial.eu\/et\/shop\/toostuslikud-pidurisusteemid-ja-ajami-seiskamise-komponendid\/parkimis-tormi-pidurid\/storm-brake-rail-clamp-with-lifting-and-positioning-fun\/#breadcrumb\"},\"inLanguage\":\"et\",\"potentialAction\":[{\"@type\":\"ReadAction\",\"target\":[\"https:\/\/myindustrial.eu\/et\/shop\/toostuslikud-pidurisusteemid-ja-ajami-seiskamise-komponendid\/parkimis-tormi-pidurid\/storm-brake-rail-clamp-with-lifting-and-positioning-fun\/\"]}]},{\"@type\":\"ImageObject\",\"inLanguage\":\"et\",\"@id\":\"https:\/\/myindustrial.eu\/et\/shop\/toostuslikud-pidurisusteemid-ja-ajami-seiskamise-komponendid\/parkimis-tormi-pidurid\/storm-brake-rail-clamp-with-lifting-and-positioning-fun\/#primaryimage\",\"url\":\"https:\/\/myindustrial.eu\/wp-content\/uploads\/2024\/12\/rft_stormbrake-type-vzfh_hvz.webp\",\"contentUrl\":\"https:\/\/myindustrial.eu\/wp-content\/uploads\/2024\/12\/rft_stormbrake-type-vzfh_hvz.webp\",\"width\":800,\"height\":800},{\"@type\":\"BreadcrumbList\",\"@id\":\"https:\/\/myindustrial.eu\/et\/shop\/toostuslikud-pidurisusteemid-ja-ajami-seiskamise-komponendid\/parkimis-tormi-pidurid\/storm-brake-rail-clamp-with-lifting-and-positioning-fun\/#breadcrumb\",\"itemListElement\":[{\"@type\":\"ListItem\",\"position\":1,\"name\":\"Home\",\"item\":\"https:\/\/myindustrial.eu\/et\/\"},{\"@type\":\"ListItem\",\"position\":2,\"name\":\"Products\",\"item\":\"https:\/\/myindustrial.eu\/et\/products\/\"},{\"@type\":\"ListItem\",\"position\":3,\"name\":\"Tormibrake \/ raudteeklamber t\u00f5stmis- ja positsioneerimisfunktsiooniga\"}]},{\"@type\":\"WebSite\",\"@id\":\"https:\/\/myindustrial.eu\/et\/#website\",\"url\":\"https:\/\/myindustrial.eu\/et\/\",\"name\":\"My industrial\",\"description\":\"\",\"potentialAction\":[{\"@type\":\"SearchAction\",\"target\":{\"@type\":\"EntryPoint\",\"urlTemplate\":\"https:\/\/myindustrial.eu\/et\/?s={search_term_string}\"},\"query-input\":{\"@type\":\"PropertyValueSpecification\",\"valueRequired\":true,\"valueName\":\"search_term_string\"}}],\"inLanguage\":\"et\"}]}<\/script>\n<!-- \/ Yoast SEO plugin. -->","yoast_head_json":{"title":"Tormibrake \/ raudteeklamber t\u00f5stmis- ja positsioneerimisfunktsiooniga - My industrial","robots":{"index":"index","follow":"follow","max-snippet":"max-snippet:-1","max-image-preview":"max-image-preview:large","max-video-preview":"max-video-preview:-1"},"canonical":"https:\/\/myindustrial.eu\/et\/shop\/toostuslikud-pidurisusteemid-ja-ajami-seiskamise-komponendid\/parkimis-tormi-pidurid\/storm-brake-rail-clamp-with-lifting-and-positioning-fun\/","og_locale":"et_EE","og_type":"article","og_title":"Tormibrake \/ raudteeklamber t\u00f5stmis- ja positsioneerimisfunktsiooniga - My industrial","og_description":"T\u00fc\u00fcp VZFH-HVZ  Patenteeritud: Tormibrake \/ raudteeklamber integreeritud t\u00f5stmis- ja positsioneerimisfunktsiooniga.   Ei puutu raudtee sisse kraani liikumise ajal  Ei toimu kulumist klambri haakimisplaatidel ja juhtimisteradel kraani liikumise ajal  Ei ole juhtimisterasid klambri hoidmiseks raudteel kraani liikumise ajal  Vertikaalse t\u00f5stmise funktsioon  Loodetav positsioneerimine v\u00e4hemalt \u00b1 25 mm. Loodetav positsioneerimisfunktsioon klambri s\u00fcsteemi langetamiseks (patent taotlusj\u00e4rgse s\u00fcsteemiga)  Eriti sobilik kiirelt liikuva kraani s\u00fcsteemidele  Eriti sobilik ristliikumiseks  Kuni 840 kN kinnitamisj\u00f5ud klambri kohta  Automaatne aktiveerimine toitepuuduse korral","og_url":"https:\/\/myindustrial.eu\/et\/shop\/toostuslikud-pidurisusteemid-ja-ajami-seiskamise-komponendid\/parkimis-tormi-pidurid\/storm-brake-rail-clamp-with-lifting-and-positioning-fun\/","og_site_name":"My industrial","article_modified_time":"2024-12-27T22:54:13+00:00","og_image":[{"width":800,"height":800,"url":"https:\/\/myindustrial.eu\/wp-content\/uploads\/2024\/12\/rft_stormbrake-type-vzfh_hvz.webp","type":"image\/webp"}],"twitter_card":"summary_large_image","schema":{"@context":"https:\/\/schema.org","@graph":[{"@type":"WebPage","@id":"https:\/\/myindustrial.eu\/et\/shop\/toostuslikud-pidurisusteemid-ja-ajami-seiskamise-komponendid\/parkimis-tormi-pidurid\/storm-brake-rail-clamp-with-lifting-and-positioning-fun\/","url":"https:\/\/myindustrial.eu\/et\/shop\/toostuslikud-pidurisusteemid-ja-ajami-seiskamise-komponendid\/parkimis-tormi-pidurid\/storm-brake-rail-clamp-with-lifting-and-positioning-fun\/","name":"Tormibrake \/ raudteeklamber t\u00f5stmis- ja positsioneerimisfunktsiooniga - My industrial","isPartOf":{"@id":"https:\/\/myindustrial.eu\/et\/#website"},"primaryImageOfPage":{"@id":"https:\/\/myindustrial.eu\/et\/shop\/toostuslikud-pidurisusteemid-ja-ajami-seiskamise-komponendid\/parkimis-tormi-pidurid\/storm-brake-rail-clamp-with-lifting-and-positioning-fun\/#primaryimage"},"image":{"@id":"https:\/\/myindustrial.eu\/et\/shop\/toostuslikud-pidurisusteemid-ja-ajami-seiskamise-komponendid\/parkimis-tormi-pidurid\/storm-brake-rail-clamp-with-lifting-and-positioning-fun\/#primaryimage"},"thumbnailUrl":"https:\/\/myindustrial.eu\/wp-content\/uploads\/2024\/12\/rft_stormbrake-type-vzfh_hvz.webp","datePublished":"2024-12-02T12:46:29+00:00","dateModified":"2024-12-27T22:54:13+00:00","breadcrumb":{"@id":"https:\/\/myindustrial.eu\/et\/shop\/toostuslikud-pidurisusteemid-ja-ajami-seiskamise-komponendid\/parkimis-tormi-pidurid\/storm-brake-rail-clamp-with-lifting-and-positioning-fun\/#breadcrumb"},"inLanguage":"et","potentialAction":[{"@type":"ReadAction","target":["https:\/\/myindustrial.eu\/et\/shop\/toostuslikud-pidurisusteemid-ja-ajami-seiskamise-komponendid\/parkimis-tormi-pidurid\/storm-brake-rail-clamp-with-lifting-and-positioning-fun\/"]}]},{"@type":"ImageObject","inLanguage":"et","@id":"https:\/\/myindustrial.eu\/et\/shop\/toostuslikud-pidurisusteemid-ja-ajami-seiskamise-komponendid\/parkimis-tormi-pidurid\/storm-brake-rail-clamp-with-lifting-and-positioning-fun\/#primaryimage","url":"https:\/\/myindustrial.eu\/wp-content\/uploads\/2024\/12\/rft_stormbrake-type-vzfh_hvz.webp","contentUrl":"https:\/\/myindustrial.eu\/wp-content\/uploads\/2024\/12\/rft_stormbrake-type-vzfh_hvz.webp","width":800,"height":800},{"@type":"BreadcrumbList","@id":"https:\/\/myindustrial.eu\/et\/shop\/toostuslikud-pidurisusteemid-ja-ajami-seiskamise-komponendid\/parkimis-tormi-pidurid\/storm-brake-rail-clamp-with-lifting-and-positioning-fun\/#breadcrumb","itemListElement":[{"@type":"ListItem","position":1,"name":"Home","item":"https:\/\/myindustrial.eu\/et\/"},{"@type":"ListItem","position":2,"name":"Products","item":"https:\/\/myindustrial.eu\/et\/products\/"},{"@type":"ListItem","position":3,"name":"Tormibrake \/ raudteeklamber t\u00f5stmis- ja positsioneerimisfunktsiooniga"}]},{"@type":"WebSite","@id":"https:\/\/myindustrial.eu\/et\/#website","url":"https:\/\/myindustrial.eu\/et\/","name":"My industrial","description":"","potentialAction":[{"@type":"SearchAction","target":{"@type":"EntryPoint","urlTemplate":"https:\/\/myindustrial.eu\/et\/?s={search_term_string}"},"query-input":{"@type":"PropertyValueSpecification","valueRequired":true,"valueName":"search_term_string"}}],"inLanguage":"et"}]}},"_links":{"self":[{"href":"https:\/\/myindustrial.eu\/et\/wp-json\/wp\/v2\/product\/1260065624","targetHints":{"allow":["GET"]}}],"collection":[{"href":"https:\/\/myindustrial.eu\/et\/wp-json\/wp\/v2\/product"}],"about":[{"href":"https:\/\/myindustrial.eu\/et\/wp-json\/wp\/v2\/types\/product"}],"version-history":[{"count":1,"href":"https:\/\/myindustrial.eu\/et\/wp-json\/wp\/v2\/product\/1260065624\/revisions"}],"predecessor-version":[{"id":1260065625,"href":"https:\/\/myindustrial.eu\/et\/wp-json\/wp\/v2\/product\/1260065624\/revisions\/1260065625"}],"wp:featuredmedia":[{"embeddable":true,"href":"https:\/\/myindustrial.eu\/et\/wp-json\/wp\/v2\/media\/1260065154"}],"wp:attachment":[{"href":"https:\/\/myindustrial.eu\/et\/wp-json\/wp\/v2\/media?parent=1260065624"}],"wp:term":[{"taxonomy":"product_brand","embeddable":true,"href":"https:\/\/myindustrial.eu\/et\/wp-json\/wp\/v2\/product_brand?post=1260065624"},{"taxonomy":"product_cat","embeddable":true,"href":"https:\/\/myindustrial.eu\/et\/wp-json\/wp\/v2\/product_cat?post=1260065624"},{"taxonomy":"product_tag","embeddable":true,"href":"https:\/\/myindustrial.eu\/et\/wp-json\/wp\/v2\/product_tag?post=1260065624"}],"curies":[{"name":"wp","href":"https:\/\/api.w.org\/{rel}","templated":true}]}}