{"id":1260060318,"date":"2022-02-09T14:16:55","date_gmt":"2022-02-09T14:16:55","guid":{"rendered":"https:\/\/myindustrial.eu\/about-us\/"},"modified":"2024-12-23T18:59:33","modified_gmt":"2024-12-23T18:59:33","slug":"about-us","status":"publish","type":"page","link":"https:\/\/myindustrial.eu\/lt\/about-us\/","title":{"rendered":"APIE MUS"},"content":{"rendered":"<p>[vc_row woodmart_bg_position=&#8221;left-top&#8221; css=&#8221;.vc_custom_1734020951699{margin-top: -10px !important;background-image: url(https:\/\/myindustrial.eu\/wp-content\/uploads\/2024\/12\/diagonal-line-1537&#215;1537.jpg?id=1260065275) !important;}&#8221; woodmart_css_id=&#8221;675b0f51775d1&#8243; responsive_spacing=&#8221;eyJwYXJhbV90eXBlIjoid29vZG1hcnRfcmVzcG9uc2l2ZV9zcGFjaW5nIiwic2VsZWN0b3JfaWQiOiI2NzViMGY1MTc3NWQxIiwic2hvcnRjb2RlIjoidmNfcm93IiwiZGF0YSI6eyJ0YWJsZXQiOnt9LCJtb2JpbGUiOnt9fX0=&#8221; mobile_bg_img_hidden=&#8221;no&#8221; tablet_bg_img_hidden=&#8221;no&#8221; woodmart_parallax=&#8221;0&#8243; woodmart_gradient_switch=&#8221;no&#8221; woodmart_box_shadow=&#8221;no&#8221; wd_z_index=&#8221;no&#8221; woodmart_disable_overflow=&#8221;0&#8243; row_reverse_mobile=&#8221;0&#8243; row_reverse_tablet=&#8221;0&#8243;][vc_column]\n\t\t<div id=\"wd-675b0e619a2f5\" class=\"title-wrapper wd-wpb set-mb-s reset-last-child  wd-rs-675b0e619a2f5 wd-title-color-default wd-title-style-default wd-width-100 text-center  wd-underline-colored\">\n\t\t\t\n\t\t\t<div class=\"liner-continer\">\n\t\t\t\t<h4 class=\"woodmart-title-container title  wd-font-weight- wd-fontsize-xxl\" >MAA<br \/>\nIntelligent engineering<\/h4>\n\t\t\t\t\t\t\t<\/div>\n\t\t\t\n\t\t\t\n\t\t\t\n\t\t<\/div>\n\t\t\n\t\t\n\t\t<div id=\"wd-6769b2b105b2e\" class=\"title-wrapper wd-wpb set-mb-s reset-last-child  wd-rs-6769b2b105b2e wd-title-color-default wd-title-style-default wd-width-100 text-center  wd-underline-colored\">\n\t\t\t\n\t\t\t<div class=\"liner-continer\">\n\t\t\t\t<h4 class=\"woodmart-title-container title  wd-font-weight- wd-fontsize-xl\" >M\u016aS\u0172 FILOSOFIJA<\/h4>\n\t\t\t\t\t\t\t<\/div>\n\t\t\t\n\t\t\t\n\t\t\t\n\t\t<\/div>\n\t\t\n\t\t[vc_row_inner woodmart_css_id=&#8221;675b0eb73d738&#8243; responsive_spacing=&#8221;eyJwYXJhbV90eXBlIjoid29vZG1hcnRfcmVzcG9uc2l2ZV9zcGFjaW5nIiwic2VsZWN0b3JfaWQiOiI2NzViMGViNzNkNzM4Iiwic2hvcnRjb2RlIjoidmNfcm93X2lubmVyIiwiZGF0YSI6eyJ0YWJsZXQiOnt9LCJtb2JpbGUiOnt9fX0=&#8221; mobile_bg_img_hidden=&#8221;no&#8221; tablet_bg_img_hidden=&#8221;no&#8221; woodmart_parallax=&#8221;0&#8243; woodmart_gradient_switch=&#8221;no&#8221; woodmart_box_shadow=&#8221;no&#8221; wd_z_index=&#8221;no&#8221; woodmart_disable_overflow=&#8221;0&#8243; row_reverse_mobile=&#8221;0&#8243; row_reverse_tablet=&#8221;0&#8243;][vc_column_inner][vc_column_text woodmart_inline=&#8221;no&#8221; text_larger=&#8221;no&#8221; css=&#8221;.vc_custom_1734980285693{margin-right: 10% !important;margin-left: 10% !important;}&#8221;]<\/p>\n<p style=\"font-size: 18px; text-align: center;\"><span style=\"font-weight: 400;\">M\u016bs\u0173 klientai yra svarbiausia \u012fmon\u0117s dalis. Tod\u0117l klient\u0173 pasitenkinimas visada yra pirmoje vietoje ir yra pagrindinis m\u016bs\u0173 veiklos ir sieki\u0173 tikslas. Kokyb\u0117, lankstumas ir orientacija \u012f klient\u0105 yra m\u016bs\u0173 s\u0117kmingos ateities rams\u010diai.<\/span><\/p>\n<p>[\/vc_column_text][\/vc_column_inner][\/vc_row_inner][\/vc_column][\/vc_row][vc_row woodmart_css_id=&#8221;6756119f3a930&#8243; responsive_spacing=&#8221;eyJwYXJhbV90eXBlIjoid29vZG1hcnRfcmVzcG9uc2l2ZV9zcGFjaW5nIiwic2VsZWN0b3JfaWQiOiI2NzU2MTE5ZjNhOTMwIiwic2hvcnRjb2RlIjoidmNfcm93IiwiZGF0YSI6eyJ0YWJsZXQiOnt9LCJtb2JpbGUiOnt9fX0=&#8221; mobile_bg_img_hidden=&#8221;no&#8221; tablet_bg_img_hidden=&#8221;no&#8221; woodmart_parallax=&#8221;0&#8243; woodmart_gradient_switch=&#8221;no&#8221; woodmart_box_shadow=&#8221;no&#8221; wd_z_index=&#8221;no&#8221; woodmart_disable_overflow=&#8221;0&#8243; row_reverse_mobile=&#8221;0&#8243; row_reverse_tablet=&#8221;0&#8243;][vc_column]\n\t\t<div id=\"wd-6769b2c0e31ae\" class=\"title-wrapper wd-wpb set-mb-s reset-last-child  wd-rs-6769b2c0e31ae wd-title-color-default wd-title-style-default wd-width-100 text-center  wd-underline-colored\">\n\t\t\t\n\t\t\t<div class=\"liner-continer\">\n\t\t\t\t<h4 class=\"woodmart-title-container title  wd-font-weight- wd-fontsize-l\" >APIE MUS<\/h4>\n\t\t\t\t\t\t\t<\/div>\n\t\t\t\n\t\t\t\n\t\t\t\n\t\t<\/div>\n\t\t\n\t\t[vc_row_inner woodmart_css_id=&#8221;6756109479e1c&#8221; responsive_spacing=&#8221;eyJwYXJhbV90eXBlIjoid29vZG1hcnRfcmVzcG9uc2l2ZV9zcGFjaW5nIiwic2VsZWN0b3JfaWQiOiI2NzU2MTA5NDc5ZTFjIiwic2hvcnRjb2RlIjoidmNfcm93X2lubmVyIiwiZGF0YSI6eyJ0YWJsZXQiOnt9LCJtb2JpbGUiOnt9fX0=&#8221; mobile_bg_img_hidden=&#8221;no&#8221; tablet_bg_img_hidden=&#8221;no&#8221; woodmart_parallax=&#8221;0&#8243; woodmart_gradient_switch=&#8221;no&#8221; woodmart_box_shadow=&#8221;no&#8221; wd_z_index=&#8221;no&#8221; woodmart_disable_overflow=&#8221;0&#8243; row_reverse_mobile=&#8221;0&#8243; row_reverse_tablet=&#8221;0&#8243;][vc_column_inner width=&#8221;1\/2&#8243;][vc_column_text woodmart_inline=&#8221;no&#8221; text_larger=&#8221;no&#8221; css=&#8221;.vc_custom_1734980301162{margin-top: 15px !important;}&#8221;]<\/p>\n<p style=\"font-size: 16px;\"><span style=\"font-weight: 400;\">MAA intelengineering \u2013 esame i\u0161mani\u0173j\u0173 in\u017einerini\u0173 projekt\u0173 vystymo \u012fmon\u0117, dirbanti sunkiojoje pramon\u0117je, projektuojanti, gaminanti ir platinanti pramoninio valdymo ir pavaros komponentus.<\/span><\/p>\n<p style=\"font-size: 16px;\"><span style=\"font-weight: 400;\">\u012ekurta 2014 m. Rygoje, Latvijoje, \u012fmon\u0117 tapo pagrindiniu pramonini\u0173 komponent\u0173 tiek\u0117ju Baltijos regione. Esame \u012fsitvirtin\u0119 Latvijoje, Estijoje ir Lietuvoje, aptarnaudami \u012fvairi\u0173 pramon\u0117s \u0161ak\u0173 poreikius visame regione. Sistemos sprendimai ir produktai kranams, elektrohidraulikai, krovinini\u0173 technologij\u0173 \u012frangai, pramoniniams \u012frenginiams, laivams, traukiniams ir statybinei technikai.<\/span><\/p>\n<p>[\/vc_column_text][\/vc_column_inner][vc_column_inner width=&#8221;1\/2&#8243;][vc_single_image image=&#8221;1260065197&#8243; img_size=&#8221;full&#8221; alignment=&#8221;right&#8221; parallax_scroll=&#8221;no&#8221; woodmart_inline=&#8221;no&#8221;][\/vc_column_inner][\/vc_row_inner][\/vc_column][\/vc_row][vc_row woodmart_css_id=&#8221;65849e43600b8&#8243; responsive_spacing=&#8221;eyJwYXJhbV90eXBlIjoid29vZG1hcnRfcmVzcG9uc2l2ZV9zcGFjaW5nIiwic2VsZWN0b3JfaWQiOiI2NTg0OWU0MzYwMGI4Iiwic2hvcnRjb2RlIjoidmNfcm93IiwiZGF0YSI6eyJ0YWJsZXQiOnt9LCJtb2JpbGUiOnt9fX0=&#8221; mobile_bg_img_hidden=&#8221;no&#8221; tablet_bg_img_hidden=&#8221;no&#8221; woodmart_parallax=&#8221;0&#8243; woodmart_gradient_switch=&#8221;no&#8221; woodmart_box_shadow=&#8221;no&#8221; wd_z_index=&#8221;no&#8221; woodmart_disable_overflow=&#8221;0&#8243; row_reverse_mobile=&#8221;0&#8243; row_reverse_tablet=&#8221;0&#8243;][vc_column][vc_empty_space woodmart_hide_large=&#8221;0&#8243; woodmart_hide_medium=&#8221;0&#8243; woodmart_hide_small=&#8221;0&#8243;]\n\t\t<div id=\"wd-6769b2d3b577e\" class=\"title-wrapper wd-wpb set-mb-s reset-last-child  wd-rs-6769b2d3b577e wd-title-color-default wd-title-style-default wd-width-100 text-center  wd-underline-colored\">\n\t\t\t\n\t\t\t<div class=\"liner-continer\">\n\t\t\t\t<h4 class=\"woodmart-title-container title  wd-font-weight- wd-fontsize-xl\" >ATSARGINI\u0172 DALI\u0172 TIEKIMAS IR KLIENT\u0172 APTARNAVIMAS<\/h4>\n\t\t\t\t\t\t\t<\/div>\n\t\t\t\n\t\t\t\n\t\t\t\n\t\t<\/div>\n\t\t\n\t\t[vc_row_inner equal_height=&#8221;yes&#8221; content_placement=&#8221;bottom&#8221; woodmart_css_id=&#8221;675b127bb2567&#8243; responsive_spacing=&#8221;eyJwYXJhbV90eXBlIjoid29vZG1hcnRfcmVzcG9uc2l2ZV9zcGFjaW5nIiwic2VsZWN0b3JfaWQiOiI2NzViMTI3YmIyNTY3Iiwic2hvcnRjb2RlIjoidmNfcm93X2lubmVyIiwiZGF0YSI6eyJ0YWJsZXQiOnt9LCJtb2JpbGUiOnt9fX0=&#8221; mobile_bg_img_hidden=&#8221;no&#8221; tablet_bg_img_hidden=&#8221;no&#8221; woodmart_parallax=&#8221;0&#8243; woodmart_gradient_switch=&#8221;no&#8221; woodmart_box_shadow=&#8221;no&#8221; wd_z_index=&#8221;no&#8221; woodmart_disable_overflow=&#8221;0&#8243; row_reverse_mobile=&#8221;0&#8243; row_reverse_tablet=&#8221;0&#8243;][vc_column_inner width=&#8221;1\/2&#8243;][vc_single_image image=&#8221;1260065213&#8243; img_size=&#8221;full&#8221; parallax_scroll=&#8221;no&#8221; woodmart_inline=&#8221;no&#8221;][\/vc_column_inner][vc_column_inner width=&#8221;1\/2&#8243;][vc_column_text woodmart_inline=&#8221;no&#8221; text_larger=&#8221;no&#8221;]<\/p>\n<h3><b>Politika<\/b><\/h3>\n<p><span style=\"font-weight: 400;\">Mes laikom\u0117s 3B politikos \u2013 klient\u0173 pasitenkinimas u\u017etikrinamas geriausiu grei\u010diu, geriausia kokybe ir geriausia kaina. Siekiame suteikti klientams pagalb\u0105, kad laiku ir saugiai pakeistume pa\u017eeistas dalis ir atliktume gamini\u0173 technin\u0119 prie\u017ei\u016br\u0105 bei remont\u0105. Tiekiame tik originalias dalis, greitai ir tiksliai per m\u016bs\u0173 pardavim\u0173 komand\u0105, agent\u0105 ar platintoj\u0105 pagal kliento pageidavimus.<\/span><\/p>\n<p><b>Veiklos sritys<\/b><\/p>\n<ul>\n<li style=\"font-weight: 400;\" aria-level=\"1\"><span style=\"font-weight: 400;\">Originali\u0173 dali\u0173 tiekimas ir garantija<\/span><\/li>\n<li style=\"font-weight: 400;\" aria-level=\"1\"><span style=\"font-weight: 400;\">Pradin\u0117s atsargin\u0117s dalys<\/span><\/li>\n<li style=\"font-weight: 400;\" aria-level=\"1\"><span style=\"font-weight: 400;\">Eksploatacijoje naudojam\u0173 atsargini\u0173 dali\u0173 tiekimas<\/span><\/li>\n<\/ul>\n<p>[\/vc_column_text][\/vc_column_inner][\/vc_row_inner][\/vc_column][\/vc_row][vc_row equal_height=&#8221;yes&#8221; content_placement=&#8221;bottom&#8221; css=&#8221;.vc_custom_1734021765762{margin-top: 30px !important;}&#8221; woodmart_css_id=&#8221;675b128108ee1&#8243; responsive_spacing=&#8221;eyJwYXJhbV90eXBlIjoid29vZG1hcnRfcmVzcG9uc2l2ZV9zcGFjaW5nIiwic2VsZWN0b3JfaWQiOiI2NzViMTI4MTA4ZWUxIiwic2hvcnRjb2RlIjoidmNfcm93IiwiZGF0YSI6eyJ0YWJsZXQiOnt9LCJtb2JpbGUiOnt9fX0=&#8221; mobile_bg_img_hidden=&#8221;no&#8221; tablet_bg_img_hidden=&#8221;no&#8221; woodmart_parallax=&#8221;0&#8243; woodmart_gradient_switch=&#8221;no&#8221; woodmart_box_shadow=&#8221;no&#8221; wd_z_index=&#8221;no&#8221; woodmart_disable_overflow=&#8221;0&#8243; row_reverse_mobile=&#8221;0&#8243; row_reverse_tablet=&#8221;0&#8243;][vc_column width=&#8221;1\/2&#8243;][vc_column_text woodmart_inline=&#8221;no&#8221; text_larger=&#8221;no&#8221;]<\/p>\n<h3><b>Klient\u0173 aptarnavimas<\/b><\/h3>\n<p><span style=\"font-weight: 400;\">Eksploatacijos ir prie\u017ei\u016bros paslaugos teikiamos bet kuriuo metu. Kvalifikuoti in\u017einieriai yra pasiruo\u0161\u0119 suteikti geriausius sprendimus netik\u0117toms problemoms spr\u0119sti. Mes u\u017etikriname klient\u0173 pasitenkinim\u0105, naudodami turting\u0105 patirt\u012f ir pa\u017eangiausius \u012fg\u016bd\u017eius bei technologijas.<\/span><\/p>\n<p><b>Veiklos sritys<\/b><\/p>\n<ul>\n<li style=\"font-weight: 400;\" aria-level=\"1\"><span style=\"font-weight: 400;\">Eksploatacijos ir prie\u017ei\u016bros b\u016bkl\u0117s diagnostika ir analiz\u0117<\/span><\/li>\n<li style=\"font-weight: 400;\" aria-level=\"1\"><span style=\"font-weight: 400;\">Informavimas apie pa\u017eangiausias technologijas<\/span><\/li>\n<li style=\"font-weight: 400;\" aria-level=\"1\"><span style=\"font-weight: 400;\">Pasaulinio aptarnavimo tinklo klientams teikimas<\/span><\/li>\n<\/ul>\n<p>[\/vc_column_text][\/vc_column][vc_column width=&#8221;1\/2&#8243;][vc_single_image image=&#8221;1260065228&#8243; img_size=&#8221;full&#8221; parallax_scroll=&#8221;no&#8221; woodmart_inline=&#8221;no&#8221;][\/vc_column][\/vc_row]<\/p>\n","protected":false},"excerpt":{"rendered":"<p>[vc_row woodmart_bg_position=&#8221;left-top&#8221; css=&#8221;.vc_custom_1734020951699{margin-top: -10px !important;background-image: url(https:\/\/myindustrial.eu\/wp-content\/uploads\/2024\/12\/diagonal-line-1537&#215;1537.jpg?id=1260065275) !important;}&#8221; woodmart_css_id=&#8221;675b0f51775d1&#8243; responsive_spacing=&#8221;eyJwYXJhbV90eXBlIjoid29vZG1hcnRfcmVzcG9uc2l2ZV9zcGFjaW5nIiwic2VsZWN0b3JfaWQiOiI2NzViMGY1MTc3NWQxIiwic2hvcnRjb2RlIjoidmNfcm93IiwiZGF0YSI6eyJ0YWJsZXQiOnt9LCJtb2JpbGUiOnt9fX0=&#8221; mobile_bg_img_hidden=&#8221;no&#8221; tablet_bg_img_hidden=&#8221;no&#8221; woodmart_parallax=&#8221;0&#8243; woodmart_gradient_switch=&#8221;no&#8221; woodmart_box_shadow=&#8221;no&#8221; wd_z_index=&#8221;no&#8221; woodmart_disable_overflow=&#8221;0&#8243; row_reverse_mobile=&#8221;0&#8243; row_reverse_tablet=&#8221;0&#8243;][vc_column][vc_row_inner woodmart_css_id=&#8221;675b0eb73d738&#8243; responsive_spacing=&#8221;eyJwYXJhbV90eXBlIjoid29vZG1hcnRfcmVzcG9uc2l2ZV9zcGFjaW5nIiwic2VsZWN0b3JfaWQiOiI2NzViMGViNzNkNzM4Iiwic2hvcnRjb2RlIjoidmNfcm93X2lubmVyIiwiZGF0YSI6eyJ0YWJsZXQiOnt9LCJtb2JpbGUiOnt9fX0=&#8221;<\/p>\n","protected":false},"author":1,"featured_media":0,"parent":0,"menu_order":0,"comment_status":"closed","ping_status":"closed","template":"","meta":{"footnotes":""},"class_list":["post-1260060318","page","type-page","status-publish","hentry"],"yoast_head":"<!-- This site is optimized with the Yoast SEO plugin v27.1.1 - https:\/\/yoast.com\/product\/yoast-seo-wordpress\/ -->\n<title>APIE MUS - My industrial<\/title>\n<meta name=\"robots\" content=\"index, follow, max-snippet:-1, max-image-preview:large, max-video-preview:-1\" \/>\n<link rel=\"canonical\" href=\"https:\/\/myindustrial.eu\/lt\/about-us\/\" \/>\n<meta property=\"og:locale\" content=\"lt_LT\" \/>\n<meta property=\"og:type\" content=\"article\" \/>\n<meta property=\"og:title\" content=\"APIE MUS - My industrial\" \/>\n<meta property=\"og:description\" content=\"[vc_row woodmart_bg_position=&#8221;left-top&#8221; css=&#8221;.vc_custom_1734020951699{margin-top: -10px !important;background-image: url(https:\/\/myindustrial.eu\/wp-content\/uploads\/2024\/12\/diagonal-line-1537&#215;1537.jpg?id=1260065275) !important;}&#8221; woodmart_css_id=&#8221;675b0f51775d1&#8243; responsive_spacing=&#8221;eyJwYXJhbV90eXBlIjoid29vZG1hcnRfcmVzcG9uc2l2ZV9zcGFjaW5nIiwic2VsZWN0b3JfaWQiOiI2NzViMGY1MTc3NWQxIiwic2hvcnRjb2RlIjoidmNfcm93IiwiZGF0YSI6eyJ0YWJsZXQiOnt9LCJtb2JpbGUiOnt9fX0=&#8221; mobile_bg_img_hidden=&#8221;no&#8221; tablet_bg_img_hidden=&#8221;no&#8221; woodmart_parallax=&#8221;0&#8243; woodmart_gradient_switch=&#8221;no&#8221; woodmart_box_shadow=&#8221;no&#8221; wd_z_index=&#8221;no&#8221; woodmart_disable_overflow=&#8221;0&#8243; row_reverse_mobile=&#8221;0&#8243; row_reverse_tablet=&#8221;0&#8243;][vc_column][vc_row_inner woodmart_css_id=&#8221;675b0eb73d738&#8243; responsive_spacing=&#8221;eyJwYXJhbV90eXBlIjoid29vZG1hcnRfcmVzcG9uc2l2ZV9zcGFjaW5nIiwic2VsZWN0b3JfaWQiOiI2NzViMGViNzNkNzM4Iiwic2hvcnRjb2RlIjoidmNfcm93X2lubmVyIiwiZGF0YSI6eyJ0YWJsZXQiOnt9LCJtb2JpbGUiOnt9fX0=&#8221;\" \/>\n<meta property=\"og:url\" content=\"https:\/\/myindustrial.eu\/lt\/about-us\/\" \/>\n<meta property=\"og:site_name\" content=\"My industrial\" \/>\n<meta property=\"article:modified_time\" content=\"2024-12-23T18:59:33+00:00\" \/>\n<meta name=\"twitter:card\" content=\"summary_large_image\" \/>\n<script type=\"application\/ld+json\" class=\"yoast-schema-graph\">{\"@context\":\"https:\/\/schema.org\",\"@graph\":[{\"@type\":\"WebPage\",\"@id\":\"https:\/\/myindustrial.eu\/lt\/about-us\/\",\"url\":\"https:\/\/myindustrial.eu\/lt\/about-us\/\",\"name\":\"APIE MUS - My industrial\",\"isPartOf\":{\"@id\":\"https:\/\/myindustrial.eu\/lt\/#website\"},\"datePublished\":\"2022-02-09T14:16:55+00:00\",\"dateModified\":\"2024-12-23T18:59:33+00:00\",\"breadcrumb\":{\"@id\":\"https:\/\/myindustrial.eu\/lt\/about-us\/#breadcrumb\"},\"inLanguage\":\"lt-LT\",\"potentialAction\":[{\"@type\":\"ReadAction\",\"target\":[\"https:\/\/myindustrial.eu\/lt\/about-us\/\"]}]},{\"@type\":\"BreadcrumbList\",\"@id\":\"https:\/\/myindustrial.eu\/lt\/about-us\/#breadcrumb\",\"itemListElement\":[{\"@type\":\"ListItem\",\"position\":1,\"name\":\"Home\",\"item\":\"https:\/\/myindustrial.eu\/lt\/\"},{\"@type\":\"ListItem\",\"position\":2,\"name\":\"APIE MUS\"}]},{\"@type\":\"WebSite\",\"@id\":\"https:\/\/myindustrial.eu\/lt\/#website\",\"url\":\"https:\/\/myindustrial.eu\/lt\/\",\"name\":\"My industrial\",\"description\":\"\",\"potentialAction\":[{\"@type\":\"SearchAction\",\"target\":{\"@type\":\"EntryPoint\",\"urlTemplate\":\"https:\/\/myindustrial.eu\/lt\/?s={search_term_string}\"},\"query-input\":{\"@type\":\"PropertyValueSpecification\",\"valueRequired\":true,\"valueName\":\"search_term_string\"}}],\"inLanguage\":\"lt-LT\"}]}<\/script>\n<!-- \/ Yoast SEO plugin. -->","yoast_head_json":{"title":"APIE MUS - My industrial","robots":{"index":"index","follow":"follow","max-snippet":"max-snippet:-1","max-image-preview":"max-image-preview:large","max-video-preview":"max-video-preview:-1"},"canonical":"https:\/\/myindustrial.eu\/lt\/about-us\/","og_locale":"lt_LT","og_type":"article","og_title":"APIE MUS - My industrial","og_description":"[vc_row woodmart_bg_position=&#8221;left-top&#8221; css=&#8221;.vc_custom_1734020951699{margin-top: -10px !important;background-image: url(https:\/\/myindustrial.eu\/wp-content\/uploads\/2024\/12\/diagonal-line-1537&#215;1537.jpg?id=1260065275) !important;}&#8221; woodmart_css_id=&#8221;675b0f51775d1&#8243; responsive_spacing=&#8221;eyJwYXJhbV90eXBlIjoid29vZG1hcnRfcmVzcG9uc2l2ZV9zcGFjaW5nIiwic2VsZWN0b3JfaWQiOiI2NzViMGY1MTc3NWQxIiwic2hvcnRjb2RlIjoidmNfcm93IiwiZGF0YSI6eyJ0YWJsZXQiOnt9LCJtb2JpbGUiOnt9fX0=&#8221; mobile_bg_img_hidden=&#8221;no&#8221; tablet_bg_img_hidden=&#8221;no&#8221; woodmart_parallax=&#8221;0&#8243; woodmart_gradient_switch=&#8221;no&#8221; woodmart_box_shadow=&#8221;no&#8221; wd_z_index=&#8221;no&#8221; woodmart_disable_overflow=&#8221;0&#8243; row_reverse_mobile=&#8221;0&#8243; row_reverse_tablet=&#8221;0&#8243;][vc_column][vc_row_inner woodmart_css_id=&#8221;675b0eb73d738&#8243; responsive_spacing=&#8221;eyJwYXJhbV90eXBlIjoid29vZG1hcnRfcmVzcG9uc2l2ZV9zcGFjaW5nIiwic2VsZWN0b3JfaWQiOiI2NzViMGViNzNkNzM4Iiwic2hvcnRjb2RlIjoidmNfcm93X2lubmVyIiwiZGF0YSI6eyJ0YWJsZXQiOnt9LCJtb2JpbGUiOnt9fX0=&#8221;","og_url":"https:\/\/myindustrial.eu\/lt\/about-us\/","og_site_name":"My industrial","article_modified_time":"2024-12-23T18:59:33+00:00","twitter_card":"summary_large_image","schema":{"@context":"https:\/\/schema.org","@graph":[{"@type":"WebPage","@id":"https:\/\/myindustrial.eu\/lt\/about-us\/","url":"https:\/\/myindustrial.eu\/lt\/about-us\/","name":"APIE MUS - My industrial","isPartOf":{"@id":"https:\/\/myindustrial.eu\/lt\/#website"},"datePublished":"2022-02-09T14:16:55+00:00","dateModified":"2024-12-23T18:59:33+00:00","breadcrumb":{"@id":"https:\/\/myindustrial.eu\/lt\/about-us\/#breadcrumb"},"inLanguage":"lt-LT","potentialAction":[{"@type":"ReadAction","target":["https:\/\/myindustrial.eu\/lt\/about-us\/"]}]},{"@type":"BreadcrumbList","@id":"https:\/\/myindustrial.eu\/lt\/about-us\/#breadcrumb","itemListElement":[{"@type":"ListItem","position":1,"name":"Home","item":"https:\/\/myindustrial.eu\/lt\/"},{"@type":"ListItem","position":2,"name":"APIE MUS"}]},{"@type":"WebSite","@id":"https:\/\/myindustrial.eu\/lt\/#website","url":"https:\/\/myindustrial.eu\/lt\/","name":"My industrial","description":"","potentialAction":[{"@type":"SearchAction","target":{"@type":"EntryPoint","urlTemplate":"https:\/\/myindustrial.eu\/lt\/?s={search_term_string}"},"query-input":{"@type":"PropertyValueSpecification","valueRequired":true,"valueName":"search_term_string"}}],"inLanguage":"lt-LT"}]}},"_links":{"self":[{"href":"https:\/\/myindustrial.eu\/lt\/wp-json\/wp\/v2\/pages\/1260060318","targetHints":{"allow":["GET"]}}],"collection":[{"href":"https:\/\/myindustrial.eu\/lt\/wp-json\/wp\/v2\/pages"}],"about":[{"href":"https:\/\/myindustrial.eu\/lt\/wp-json\/wp\/v2\/types\/page"}],"author":[{"embeddable":true,"href":"https:\/\/myindustrial.eu\/lt\/wp-json\/wp\/v2\/users\/1"}],"replies":[{"embeddable":true,"href":"https:\/\/myindustrial.eu\/lt\/wp-json\/wp\/v2\/comments?post=1260060318"}],"version-history":[{"count":10,"href":"https:\/\/myindustrial.eu\/lt\/wp-json\/wp\/v2\/pages\/1260060318\/revisions"}],"predecessor-version":[{"id":1260065416,"href":"https:\/\/myindustrial.eu\/lt\/wp-json\/wp\/v2\/pages\/1260060318\/revisions\/1260065416"}],"wp:attachment":[{"href":"https:\/\/myindustrial.eu\/lt\/wp-json\/wp\/v2\/media?parent=1260060318"}],"curies":[{"name":"wp","href":"https:\/\/api.w.org\/{rel}","templated":true}]}}