{"id":1260059168,"date":"2022-01-14T02:01:50","date_gmt":"2022-01-14T02:01:50","guid":{"rendered":"https:\/\/myindustrial.eu\/shop-2\/be-kategorijos\/krano-valdymo-blokas-kst5-pasukamas\/"},"modified":"2023-06-16T20:54:12","modified_gmt":"2023-06-16T20:54:12","slug":"krano-valdymo-blokas-kst5-pasukamas","status":"publish","type":"product","link":"https:\/\/myindustrial.eu\/lt\/shop\/pramoniniai-valdikliai-dzoistikai-ir-konsoles\/krano-valdymo-blokai-iranga\/krano-valdymo-blokai\/krano-valdymo-blokas-kst5-pasukamas\/","title":{"rendered":"Krano valdymo blokas KST5 pasukamas"},"content":{"rendered":"<p>KST5 yra ergonomi\u0161kai sukurta pasukama valdymo k\u0117d\u0117, u\u017etikrinanti auk\u0161t\u0105 komforto lyg\u012f.\u012erangos d\u0117\u017e\u0117s pagamintos i\u0161 lak\u0161tinio plieno ir standarti\u0161kai turi atlenkiam\u0105 dangtel\u012f su fiksavimo funkcija. Tai leid\u017eia lengvai patikrinti ir pri\u017ei\u016br\u0117ti. \u012erangos d\u0117\u017ei\u0173 \u0161one standarti\u0161kai sumontuota tikrinimo plok\u0161tel\u0117, kuri v\u0117l yra u\u017erakinama. Joystick, indikatoriai ir valdymo \u012ftaisai i\u0161d\u0117styti pagal kliento specifikacijas. KST5 kombinuotos pasirinktinio dyd\u017eio ir profiliuotos \u012frangos d\u0117\u017e\u0117s yra labai lankstus ir pritaikomas sprendimas.Standarti\u0161kai KST5 yra sumontuota KFS11 s\u0117dyn\u0117. Pati s\u0117dyn\u0117 turi hidraulin\u0119 vibracijos sug\u0117rimo sistem\u0105 su svorio reguliavimu, porankiais ir galvos atlo\u0161u, kad b\u016bt\u0173 u\u017etikrintas komforto lygis. Yra galimyb\u0117 s\u0117dyn\u0119 padengti dirbtine orui pralaid\u017eia oda.Plieninio lak\u0161tinio skersinio, \u012fskaitant vairuotojo s\u0117dyn\u0119, dangtis yra sulankstomas \u012f priek\u012f. Taigi visi laidai, gnybtai ir \u012fvor\u0117s yra lengvai prieinami paleidimo ir prie\u017ei\u016bros metu. Pasukamas pagrindas yra be atramos guolis ir gali b\u016bti u\u017efiksuotas fiksatoriumi (standartinis) 3 \u00b0 pakopomis arba bepakopiu trinties stabd\u017eiu.<\/p>\n","protected":false},"excerpt":{"rendered":"<p><a href=\"\/wp-content\/uploads\/gessmann\/KST5-GB.pdf\"><img decoding=\"async\" src=\"\/wp-content\/uploads\/2023\/02\/download-button-lt.svg\" \/><\/a><\/p>\n","protected":false},"featured_media":1260057789,"template":"","meta":[],"product_brand":[],"product_cat":[1335],"product_tag":[],"class_list":{"0":"post-1260059168","1":"product","2":"type-product","3":"status-publish","4":"has-post-thumbnail","6":"product_cat-krano-valdymo-blokai","8":"first","9":"instock","10":"product-type-simple"},"yoast_head":"<!-- This site is optimized with the Yoast SEO plugin v27.1.1 - https:\/\/yoast.com\/product\/yoast-seo-wordpress\/ -->\n<title>Krano valdymo blokas KST5 pasukamas - My industrial<\/title>\n<meta name=\"robots\" content=\"index, follow, max-snippet:-1, max-image-preview:large, max-video-preview:-1\" \/>\n<link rel=\"canonical\" href=\"https:\/\/myindustrial.eu\/lt\/shop\/pramoniniai-valdikliai-dzoistikai-ir-konsoles\/krano-valdymo-blokai-iranga\/krano-valdymo-blokai\/krano-valdymo-blokas-kst5-pasukamas\/\" \/>\n<meta property=\"og:locale\" content=\"lt_LT\" \/>\n<meta property=\"og:type\" content=\"article\" \/>\n<meta property=\"og:title\" content=\"Krano valdymo blokas KST5 pasukamas - My industrial\" \/>\n<meta property=\"og:url\" content=\"https:\/\/myindustrial.eu\/lt\/shop\/pramoniniai-valdikliai-dzoistikai-ir-konsoles\/krano-valdymo-blokai-iranga\/krano-valdymo-blokai\/krano-valdymo-blokas-kst5-pasukamas\/\" \/>\n<meta property=\"og:site_name\" content=\"My industrial\" \/>\n<meta property=\"article:modified_time\" content=\"2023-06-16T20:54:12+00:00\" \/>\n<meta property=\"og:image\" content=\"https:\/\/myindustrial.eu\/wp-content\/uploads\/2022\/01\/KST5.webp\" \/>\n\t<meta property=\"og:image:width\" content=\"500\" \/>\n\t<meta property=\"og:image:height\" content=\"500\" \/>\n\t<meta property=\"og:image:type\" content=\"image\/webp\" \/>\n<meta name=\"twitter:card\" content=\"summary_large_image\" \/>\n<script type=\"application\/ld+json\" class=\"yoast-schema-graph\">{\"@context\":\"https:\/\/schema.org\",\"@graph\":[{\"@type\":\"WebPage\",\"@id\":\"https:\/\/myindustrial.eu\/lt\/shop\/pramoniniai-valdikliai-dzoistikai-ir-konsoles\/krano-valdymo-blokai-iranga\/krano-valdymo-blokai\/krano-valdymo-blokas-kst5-pasukamas\/\",\"url\":\"https:\/\/myindustrial.eu\/lt\/shop\/pramoniniai-valdikliai-dzoistikai-ir-konsoles\/krano-valdymo-blokai-iranga\/krano-valdymo-blokai\/krano-valdymo-blokas-kst5-pasukamas\/\",\"name\":\"Krano valdymo blokas KST5 pasukamas - My industrial\",\"isPartOf\":{\"@id\":\"https:\/\/myindustrial.eu\/lt\/#website\"},\"primaryImageOfPage\":{\"@id\":\"https:\/\/myindustrial.eu\/lt\/shop\/pramoniniai-valdikliai-dzoistikai-ir-konsoles\/krano-valdymo-blokai-iranga\/krano-valdymo-blokai\/krano-valdymo-blokas-kst5-pasukamas\/#primaryimage\"},\"image\":{\"@id\":\"https:\/\/myindustrial.eu\/lt\/shop\/pramoniniai-valdikliai-dzoistikai-ir-konsoles\/krano-valdymo-blokai-iranga\/krano-valdymo-blokai\/krano-valdymo-blokas-kst5-pasukamas\/#primaryimage\"},\"thumbnailUrl\":\"https:\/\/myindustrial.eu\/wp-content\/uploads\/2022\/01\/KST5.webp\",\"datePublished\":\"2022-01-14T02:01:50+00:00\",\"dateModified\":\"2023-06-16T20:54:12+00:00\",\"breadcrumb\":{\"@id\":\"https:\/\/myindustrial.eu\/lt\/shop\/pramoniniai-valdikliai-dzoistikai-ir-konsoles\/krano-valdymo-blokai-iranga\/krano-valdymo-blokai\/krano-valdymo-blokas-kst5-pasukamas\/#breadcrumb\"},\"inLanguage\":\"lt-LT\",\"potentialAction\":[{\"@type\":\"ReadAction\",\"target\":[\"https:\/\/myindustrial.eu\/lt\/shop\/pramoniniai-valdikliai-dzoistikai-ir-konsoles\/krano-valdymo-blokai-iranga\/krano-valdymo-blokai\/krano-valdymo-blokas-kst5-pasukamas\/\"]}]},{\"@type\":\"ImageObject\",\"inLanguage\":\"lt-LT\",\"@id\":\"https:\/\/myindustrial.eu\/lt\/shop\/pramoniniai-valdikliai-dzoistikai-ir-konsoles\/krano-valdymo-blokai-iranga\/krano-valdymo-blokai\/krano-valdymo-blokas-kst5-pasukamas\/#primaryimage\",\"url\":\"https:\/\/myindustrial.eu\/wp-content\/uploads\/2022\/01\/KST5.webp\",\"contentUrl\":\"https:\/\/myindustrial.eu\/wp-content\/uploads\/2022\/01\/KST5.webp\",\"width\":500,\"height\":500},{\"@type\":\"BreadcrumbList\",\"@id\":\"https:\/\/myindustrial.eu\/lt\/shop\/pramoniniai-valdikliai-dzoistikai-ir-konsoles\/krano-valdymo-blokai-iranga\/krano-valdymo-blokai\/krano-valdymo-blokas-kst5-pasukamas\/#breadcrumb\",\"itemListElement\":[{\"@type\":\"ListItem\",\"position\":1,\"name\":\"Home\",\"item\":\"https:\/\/myindustrial.eu\/lt\/\"},{\"@type\":\"ListItem\",\"position\":2,\"name\":\"Products\",\"item\":\"https:\/\/myindustrial.eu\/lt\/products\/\"},{\"@type\":\"ListItem\",\"position\":3,\"name\":\"Krano valdymo blokas KST5 pasukamas\"}]},{\"@type\":\"WebSite\",\"@id\":\"https:\/\/myindustrial.eu\/lt\/#website\",\"url\":\"https:\/\/myindustrial.eu\/lt\/\",\"name\":\"My industrial\",\"description\":\"\",\"potentialAction\":[{\"@type\":\"SearchAction\",\"target\":{\"@type\":\"EntryPoint\",\"urlTemplate\":\"https:\/\/myindustrial.eu\/lt\/?s={search_term_string}\"},\"query-input\":{\"@type\":\"PropertyValueSpecification\",\"valueRequired\":true,\"valueName\":\"search_term_string\"}}],\"inLanguage\":\"lt-LT\"}]}<\/script>\n<!-- \/ Yoast SEO plugin. -->","yoast_head_json":{"title":"Krano valdymo blokas KST5 pasukamas - My industrial","robots":{"index":"index","follow":"follow","max-snippet":"max-snippet:-1","max-image-preview":"max-image-preview:large","max-video-preview":"max-video-preview:-1"},"canonical":"https:\/\/myindustrial.eu\/lt\/shop\/pramoniniai-valdikliai-dzoistikai-ir-konsoles\/krano-valdymo-blokai-iranga\/krano-valdymo-blokai\/krano-valdymo-blokas-kst5-pasukamas\/","og_locale":"lt_LT","og_type":"article","og_title":"Krano valdymo blokas KST5 pasukamas - My industrial","og_url":"https:\/\/myindustrial.eu\/lt\/shop\/pramoniniai-valdikliai-dzoistikai-ir-konsoles\/krano-valdymo-blokai-iranga\/krano-valdymo-blokai\/krano-valdymo-blokas-kst5-pasukamas\/","og_site_name":"My industrial","article_modified_time":"2023-06-16T20:54:12+00:00","og_image":[{"width":500,"height":500,"url":"https:\/\/myindustrial.eu\/wp-content\/uploads\/2022\/01\/KST5.webp","type":"image\/webp"}],"twitter_card":"summary_large_image","schema":{"@context":"https:\/\/schema.org","@graph":[{"@type":"WebPage","@id":"https:\/\/myindustrial.eu\/lt\/shop\/pramoniniai-valdikliai-dzoistikai-ir-konsoles\/krano-valdymo-blokai-iranga\/krano-valdymo-blokai\/krano-valdymo-blokas-kst5-pasukamas\/","url":"https:\/\/myindustrial.eu\/lt\/shop\/pramoniniai-valdikliai-dzoistikai-ir-konsoles\/krano-valdymo-blokai-iranga\/krano-valdymo-blokai\/krano-valdymo-blokas-kst5-pasukamas\/","name":"Krano valdymo blokas KST5 pasukamas - My industrial","isPartOf":{"@id":"https:\/\/myindustrial.eu\/lt\/#website"},"primaryImageOfPage":{"@id":"https:\/\/myindustrial.eu\/lt\/shop\/pramoniniai-valdikliai-dzoistikai-ir-konsoles\/krano-valdymo-blokai-iranga\/krano-valdymo-blokai\/krano-valdymo-blokas-kst5-pasukamas\/#primaryimage"},"image":{"@id":"https:\/\/myindustrial.eu\/lt\/shop\/pramoniniai-valdikliai-dzoistikai-ir-konsoles\/krano-valdymo-blokai-iranga\/krano-valdymo-blokai\/krano-valdymo-blokas-kst5-pasukamas\/#primaryimage"},"thumbnailUrl":"https:\/\/myindustrial.eu\/wp-content\/uploads\/2022\/01\/KST5.webp","datePublished":"2022-01-14T02:01:50+00:00","dateModified":"2023-06-16T20:54:12+00:00","breadcrumb":{"@id":"https:\/\/myindustrial.eu\/lt\/shop\/pramoniniai-valdikliai-dzoistikai-ir-konsoles\/krano-valdymo-blokai-iranga\/krano-valdymo-blokai\/krano-valdymo-blokas-kst5-pasukamas\/#breadcrumb"},"inLanguage":"lt-LT","potentialAction":[{"@type":"ReadAction","target":["https:\/\/myindustrial.eu\/lt\/shop\/pramoniniai-valdikliai-dzoistikai-ir-konsoles\/krano-valdymo-blokai-iranga\/krano-valdymo-blokai\/krano-valdymo-blokas-kst5-pasukamas\/"]}]},{"@type":"ImageObject","inLanguage":"lt-LT","@id":"https:\/\/myindustrial.eu\/lt\/shop\/pramoniniai-valdikliai-dzoistikai-ir-konsoles\/krano-valdymo-blokai-iranga\/krano-valdymo-blokai\/krano-valdymo-blokas-kst5-pasukamas\/#primaryimage","url":"https:\/\/myindustrial.eu\/wp-content\/uploads\/2022\/01\/KST5.webp","contentUrl":"https:\/\/myindustrial.eu\/wp-content\/uploads\/2022\/01\/KST5.webp","width":500,"height":500},{"@type":"BreadcrumbList","@id":"https:\/\/myindustrial.eu\/lt\/shop\/pramoniniai-valdikliai-dzoistikai-ir-konsoles\/krano-valdymo-blokai-iranga\/krano-valdymo-blokai\/krano-valdymo-blokas-kst5-pasukamas\/#breadcrumb","itemListElement":[{"@type":"ListItem","position":1,"name":"Home","item":"https:\/\/myindustrial.eu\/lt\/"},{"@type":"ListItem","position":2,"name":"Products","item":"https:\/\/myindustrial.eu\/lt\/products\/"},{"@type":"ListItem","position":3,"name":"Krano valdymo blokas KST5 pasukamas"}]},{"@type":"WebSite","@id":"https:\/\/myindustrial.eu\/lt\/#website","url":"https:\/\/myindustrial.eu\/lt\/","name":"My industrial","description":"","potentialAction":[{"@type":"SearchAction","target":{"@type":"EntryPoint","urlTemplate":"https:\/\/myindustrial.eu\/lt\/?s={search_term_string}"},"query-input":{"@type":"PropertyValueSpecification","valueRequired":true,"valueName":"search_term_string"}}],"inLanguage":"lt-LT"}]}},"_links":{"self":[{"href":"https:\/\/myindustrial.eu\/lt\/wp-json\/wp\/v2\/product\/1260059168","targetHints":{"allow":["GET"]}}],"collection":[{"href":"https:\/\/myindustrial.eu\/lt\/wp-json\/wp\/v2\/product"}],"about":[{"href":"https:\/\/myindustrial.eu\/lt\/wp-json\/wp\/v2\/types\/product"}],"version-history":[{"count":0,"href":"https:\/\/myindustrial.eu\/lt\/wp-json\/wp\/v2\/product\/1260059168\/revisions"}],"wp:featuredmedia":[{"embeddable":true,"href":"https:\/\/myindustrial.eu\/lt\/wp-json\/wp\/v2\/media\/1260057789"}],"wp:attachment":[{"href":"https:\/\/myindustrial.eu\/lt\/wp-json\/wp\/v2\/media?parent=1260059168"}],"wp:term":[{"taxonomy":"product_brand","embeddable":true,"href":"https:\/\/myindustrial.eu\/lt\/wp-json\/wp\/v2\/product_brand?post=1260059168"},{"taxonomy":"product_cat","embeddable":true,"href":"https:\/\/myindustrial.eu\/lt\/wp-json\/wp\/v2\/product_cat?post=1260059168"},{"taxonomy":"product_tag","embeddable":true,"href":"https:\/\/myindustrial.eu\/lt\/wp-json\/wp\/v2\/product_tag?post=1260059168"}],"curies":[{"name":"wp","href":"https:\/\/api.w.org\/{rel}","templated":true}]}}