{"id":1260059170,"date":"2022-01-14T02:01:50","date_gmt":"2022-01-14T02:01:50","guid":{"rendered":"https:\/\/myindustrial.eu\/shop-2\/be-kategorijos\/krano-valdymo-blokas-kst7\/"},"modified":"2023-06-16T20:54:03","modified_gmt":"2023-06-16T20:54:03","slug":"krano-valdymo-blokas-kst7","status":"publish","type":"product","link":"https:\/\/myindustrial.eu\/lt\/shop\/pramoniniai-valdikliai-dzoistikai-ir-konsoles\/krano-valdymo-blokai-iranga\/krano-valdymo-blokai\/krano-valdymo-blokas-kst7\/","title":{"rendered":"Krano valdymo blokas KST7"},"content":{"rendered":"<p>KST7 yra ergonomi\u0161kai sukurta pasukama valdymo k\u0117d\u0117, u\u017etikrinanti auk\u0161t\u0105 komforto lyg\u012f.\u012erangos d\u0117\u017e\u0117s pagamintos i\u0161 lak\u0161tinio plieno ir standarti\u0161kai turi atlenkiam\u0105 dangtel\u012f su fiksavimo funkcija. Tai leid\u017eia lengvai patikrinti ir pri\u017ei\u016br\u0117ti. \u012erangos d\u0117\u017ei\u0173 \u0161one standarti\u0161kai sumontuota tikrinimo plok\u0161tel\u0117, kuri v\u0117l yra u\u017erakinama. Joystick, indikatori\u0173 ir valdymo \u012ftais\u0173 i\u0161d\u0117stymas yra pritaikytas pagal kliento specifikacijas. \u201eKST7\u201c gali rinktis kombinuotas pasirinktinio dyd\u017eio ir profiliuotos \u012frangos d\u0117\u017ees, kurios yra labai lankstus ir pritaikomas sprendimas.S\u0117dyn\u0117 KFS4 turi hidraulin\u0119 vibracijos sug\u0117rimo sistem\u0105, \u012fskaitant svorio reguliavim\u0105. Su sulankstoma spyruokle pritvirtinta s\u0117dyne taip pat galite \u012feiti \u012f savo darbo viet\u0105 ma\u017eais kabinais.Krano valdymo blok\u0105 galima \u012fsigyti su pagrindo plok\u0161te arba be jos.<\/p>\n","protected":false},"excerpt":{"rendered":"<p><a href=\"\/wp-content\/uploads\/gessmann\/KST7-GB.pdf\"><img decoding=\"async\" src=\"\/wp-content\/uploads\/2023\/02\/download-button-lt.svg\" \/><\/a><\/p>\n","protected":false},"featured_media":1260057801,"template":"","meta":[],"product_brand":[],"product_cat":[1335],"product_tag":[],"class_list":{"0":"post-1260059170","1":"product","2":"type-product","3":"status-publish","4":"has-post-thumbnail","6":"product_cat-krano-valdymo-blokai","8":"first","9":"instock","10":"product-type-simple"},"yoast_head":"<!-- This site is optimized with the Yoast SEO plugin v27.1.1 - https:\/\/yoast.com\/product\/yoast-seo-wordpress\/ -->\n<title>Krano valdymo blokas KST7 - My industrial<\/title>\n<meta name=\"robots\" content=\"index, follow, max-snippet:-1, max-image-preview:large, max-video-preview:-1\" \/>\n<link rel=\"canonical\" href=\"https:\/\/myindustrial.eu\/lt\/shop\/pramoniniai-valdikliai-dzoistikai-ir-konsoles\/krano-valdymo-blokai-iranga\/krano-valdymo-blokai\/krano-valdymo-blokas-kst7\/\" \/>\n<meta property=\"og:locale\" content=\"lt_LT\" \/>\n<meta property=\"og:type\" content=\"article\" \/>\n<meta property=\"og:title\" content=\"Krano valdymo blokas KST7 - My industrial\" \/>\n<meta property=\"og:url\" content=\"https:\/\/myindustrial.eu\/lt\/shop\/pramoniniai-valdikliai-dzoistikai-ir-konsoles\/krano-valdymo-blokai-iranga\/krano-valdymo-blokai\/krano-valdymo-blokas-kst7\/\" \/>\n<meta property=\"og:site_name\" content=\"My industrial\" \/>\n<meta property=\"article:modified_time\" content=\"2023-06-16T20:54:03+00:00\" \/>\n<meta property=\"og:image\" content=\"https:\/\/myindustrial.eu\/wp-content\/uploads\/2022\/01\/KST7.webp\" \/>\n\t<meta property=\"og:image:width\" content=\"500\" \/>\n\t<meta property=\"og:image:height\" content=\"500\" \/>\n\t<meta property=\"og:image:type\" content=\"image\/webp\" \/>\n<meta name=\"twitter:card\" content=\"summary_large_image\" \/>\n<script type=\"application\/ld+json\" class=\"yoast-schema-graph\">{\"@context\":\"https:\/\/schema.org\",\"@graph\":[{\"@type\":\"WebPage\",\"@id\":\"https:\/\/myindustrial.eu\/lt\/shop\/pramoniniai-valdikliai-dzoistikai-ir-konsoles\/krano-valdymo-blokai-iranga\/krano-valdymo-blokai\/krano-valdymo-blokas-kst7\/\",\"url\":\"https:\/\/myindustrial.eu\/lt\/shop\/pramoniniai-valdikliai-dzoistikai-ir-konsoles\/krano-valdymo-blokai-iranga\/krano-valdymo-blokai\/krano-valdymo-blokas-kst7\/\",\"name\":\"Krano valdymo blokas KST7 - My industrial\",\"isPartOf\":{\"@id\":\"https:\/\/myindustrial.eu\/lt\/#website\"},\"primaryImageOfPage\":{\"@id\":\"https:\/\/myindustrial.eu\/lt\/shop\/pramoniniai-valdikliai-dzoistikai-ir-konsoles\/krano-valdymo-blokai-iranga\/krano-valdymo-blokai\/krano-valdymo-blokas-kst7\/#primaryimage\"},\"image\":{\"@id\":\"https:\/\/myindustrial.eu\/lt\/shop\/pramoniniai-valdikliai-dzoistikai-ir-konsoles\/krano-valdymo-blokai-iranga\/krano-valdymo-blokai\/krano-valdymo-blokas-kst7\/#primaryimage\"},\"thumbnailUrl\":\"https:\/\/myindustrial.eu\/wp-content\/uploads\/2022\/01\/KST7.webp\",\"datePublished\":\"2022-01-14T02:01:50+00:00\",\"dateModified\":\"2023-06-16T20:54:03+00:00\",\"breadcrumb\":{\"@id\":\"https:\/\/myindustrial.eu\/lt\/shop\/pramoniniai-valdikliai-dzoistikai-ir-konsoles\/krano-valdymo-blokai-iranga\/krano-valdymo-blokai\/krano-valdymo-blokas-kst7\/#breadcrumb\"},\"inLanguage\":\"lt-LT\",\"potentialAction\":[{\"@type\":\"ReadAction\",\"target\":[\"https:\/\/myindustrial.eu\/lt\/shop\/pramoniniai-valdikliai-dzoistikai-ir-konsoles\/krano-valdymo-blokai-iranga\/krano-valdymo-blokai\/krano-valdymo-blokas-kst7\/\"]}]},{\"@type\":\"ImageObject\",\"inLanguage\":\"lt-LT\",\"@id\":\"https:\/\/myindustrial.eu\/lt\/shop\/pramoniniai-valdikliai-dzoistikai-ir-konsoles\/krano-valdymo-blokai-iranga\/krano-valdymo-blokai\/krano-valdymo-blokas-kst7\/#primaryimage\",\"url\":\"https:\/\/myindustrial.eu\/wp-content\/uploads\/2022\/01\/KST7.webp\",\"contentUrl\":\"https:\/\/myindustrial.eu\/wp-content\/uploads\/2022\/01\/KST7.webp\",\"width\":500,\"height\":500},{\"@type\":\"BreadcrumbList\",\"@id\":\"https:\/\/myindustrial.eu\/lt\/shop\/pramoniniai-valdikliai-dzoistikai-ir-konsoles\/krano-valdymo-blokai-iranga\/krano-valdymo-blokai\/krano-valdymo-blokas-kst7\/#breadcrumb\",\"itemListElement\":[{\"@type\":\"ListItem\",\"position\":1,\"name\":\"Home\",\"item\":\"https:\/\/myindustrial.eu\/lt\/\"},{\"@type\":\"ListItem\",\"position\":2,\"name\":\"Products\",\"item\":\"https:\/\/myindustrial.eu\/lt\/products\/\"},{\"@type\":\"ListItem\",\"position\":3,\"name\":\"Krano valdymo blokas KST7\"}]},{\"@type\":\"WebSite\",\"@id\":\"https:\/\/myindustrial.eu\/lt\/#website\",\"url\":\"https:\/\/myindustrial.eu\/lt\/\",\"name\":\"My industrial\",\"description\":\"\",\"potentialAction\":[{\"@type\":\"SearchAction\",\"target\":{\"@type\":\"EntryPoint\",\"urlTemplate\":\"https:\/\/myindustrial.eu\/lt\/?s={search_term_string}\"},\"query-input\":{\"@type\":\"PropertyValueSpecification\",\"valueRequired\":true,\"valueName\":\"search_term_string\"}}],\"inLanguage\":\"lt-LT\"}]}<\/script>\n<!-- \/ Yoast SEO plugin. -->","yoast_head_json":{"title":"Krano valdymo blokas KST7 - My industrial","robots":{"index":"index","follow":"follow","max-snippet":"max-snippet:-1","max-image-preview":"max-image-preview:large","max-video-preview":"max-video-preview:-1"},"canonical":"https:\/\/myindustrial.eu\/lt\/shop\/pramoniniai-valdikliai-dzoistikai-ir-konsoles\/krano-valdymo-blokai-iranga\/krano-valdymo-blokai\/krano-valdymo-blokas-kst7\/","og_locale":"lt_LT","og_type":"article","og_title":"Krano valdymo blokas KST7 - My industrial","og_url":"https:\/\/myindustrial.eu\/lt\/shop\/pramoniniai-valdikliai-dzoistikai-ir-konsoles\/krano-valdymo-blokai-iranga\/krano-valdymo-blokai\/krano-valdymo-blokas-kst7\/","og_site_name":"My industrial","article_modified_time":"2023-06-16T20:54:03+00:00","og_image":[{"width":500,"height":500,"url":"https:\/\/myindustrial.eu\/wp-content\/uploads\/2022\/01\/KST7.webp","type":"image\/webp"}],"twitter_card":"summary_large_image","schema":{"@context":"https:\/\/schema.org","@graph":[{"@type":"WebPage","@id":"https:\/\/myindustrial.eu\/lt\/shop\/pramoniniai-valdikliai-dzoistikai-ir-konsoles\/krano-valdymo-blokai-iranga\/krano-valdymo-blokai\/krano-valdymo-blokas-kst7\/","url":"https:\/\/myindustrial.eu\/lt\/shop\/pramoniniai-valdikliai-dzoistikai-ir-konsoles\/krano-valdymo-blokai-iranga\/krano-valdymo-blokai\/krano-valdymo-blokas-kst7\/","name":"Krano valdymo blokas KST7 - My industrial","isPartOf":{"@id":"https:\/\/myindustrial.eu\/lt\/#website"},"primaryImageOfPage":{"@id":"https:\/\/myindustrial.eu\/lt\/shop\/pramoniniai-valdikliai-dzoistikai-ir-konsoles\/krano-valdymo-blokai-iranga\/krano-valdymo-blokai\/krano-valdymo-blokas-kst7\/#primaryimage"},"image":{"@id":"https:\/\/myindustrial.eu\/lt\/shop\/pramoniniai-valdikliai-dzoistikai-ir-konsoles\/krano-valdymo-blokai-iranga\/krano-valdymo-blokai\/krano-valdymo-blokas-kst7\/#primaryimage"},"thumbnailUrl":"https:\/\/myindustrial.eu\/wp-content\/uploads\/2022\/01\/KST7.webp","datePublished":"2022-01-14T02:01:50+00:00","dateModified":"2023-06-16T20:54:03+00:00","breadcrumb":{"@id":"https:\/\/myindustrial.eu\/lt\/shop\/pramoniniai-valdikliai-dzoistikai-ir-konsoles\/krano-valdymo-blokai-iranga\/krano-valdymo-blokai\/krano-valdymo-blokas-kst7\/#breadcrumb"},"inLanguage":"lt-LT","potentialAction":[{"@type":"ReadAction","target":["https:\/\/myindustrial.eu\/lt\/shop\/pramoniniai-valdikliai-dzoistikai-ir-konsoles\/krano-valdymo-blokai-iranga\/krano-valdymo-blokai\/krano-valdymo-blokas-kst7\/"]}]},{"@type":"ImageObject","inLanguage":"lt-LT","@id":"https:\/\/myindustrial.eu\/lt\/shop\/pramoniniai-valdikliai-dzoistikai-ir-konsoles\/krano-valdymo-blokai-iranga\/krano-valdymo-blokai\/krano-valdymo-blokas-kst7\/#primaryimage","url":"https:\/\/myindustrial.eu\/wp-content\/uploads\/2022\/01\/KST7.webp","contentUrl":"https:\/\/myindustrial.eu\/wp-content\/uploads\/2022\/01\/KST7.webp","width":500,"height":500},{"@type":"BreadcrumbList","@id":"https:\/\/myindustrial.eu\/lt\/shop\/pramoniniai-valdikliai-dzoistikai-ir-konsoles\/krano-valdymo-blokai-iranga\/krano-valdymo-blokai\/krano-valdymo-blokas-kst7\/#breadcrumb","itemListElement":[{"@type":"ListItem","position":1,"name":"Home","item":"https:\/\/myindustrial.eu\/lt\/"},{"@type":"ListItem","position":2,"name":"Products","item":"https:\/\/myindustrial.eu\/lt\/products\/"},{"@type":"ListItem","position":3,"name":"Krano valdymo blokas KST7"}]},{"@type":"WebSite","@id":"https:\/\/myindustrial.eu\/lt\/#website","url":"https:\/\/myindustrial.eu\/lt\/","name":"My industrial","description":"","potentialAction":[{"@type":"SearchAction","target":{"@type":"EntryPoint","urlTemplate":"https:\/\/myindustrial.eu\/lt\/?s={search_term_string}"},"query-input":{"@type":"PropertyValueSpecification","valueRequired":true,"valueName":"search_term_string"}}],"inLanguage":"lt-LT"}]}},"_links":{"self":[{"href":"https:\/\/myindustrial.eu\/lt\/wp-json\/wp\/v2\/product\/1260059170","targetHints":{"allow":["GET"]}}],"collection":[{"href":"https:\/\/myindustrial.eu\/lt\/wp-json\/wp\/v2\/product"}],"about":[{"href":"https:\/\/myindustrial.eu\/lt\/wp-json\/wp\/v2\/types\/product"}],"version-history":[{"count":0,"href":"https:\/\/myindustrial.eu\/lt\/wp-json\/wp\/v2\/product\/1260059170\/revisions"}],"wp:featuredmedia":[{"embeddable":true,"href":"https:\/\/myindustrial.eu\/lt\/wp-json\/wp\/v2\/media\/1260057801"}],"wp:attachment":[{"href":"https:\/\/myindustrial.eu\/lt\/wp-json\/wp\/v2\/media?parent=1260059170"}],"wp:term":[{"taxonomy":"product_brand","embeddable":true,"href":"https:\/\/myindustrial.eu\/lt\/wp-json\/wp\/v2\/product_brand?post=1260059170"},{"taxonomy":"product_cat","embeddable":true,"href":"https:\/\/myindustrial.eu\/lt\/wp-json\/wp\/v2\/product_cat?post=1260059170"},{"taxonomy":"product_tag","embeddable":true,"href":"https:\/\/myindustrial.eu\/lt\/wp-json\/wp\/v2\/product_tag?post=1260059170"}],"curies":[{"name":"wp","href":"https:\/\/api.w.org\/{rel}","templated":true}]}}