{"id":1260059185,"date":"2022-01-14T02:01:58","date_gmt":"2022-01-14T02:01:58","guid":{"rendered":"https:\/\/myindustrial.eu\/shop-2\/be-kategorijos\/juru-kruizo-valdikliai-az1\/"},"modified":"2023-06-16T20:53:39","modified_gmt":"2023-06-16T20:53:39","slug":"juru-kruizo-valdikliai-az1","status":"publish","type":"product","link":"https:\/\/myindustrial.eu\/lt\/shop\/pramoniniai-valdikliai-dzoistikai-ir-konsoles\/laivai-juru-kruizo-valdikliai-vairasvirtes\/juru-kruizo-valdikliai-az1\/","title":{"rendered":"J\u016br\u0173 kruizo valdikliai AZ1"},"content":{"rendered":"<p>J\u016br\u0173 kruizo valdiklis AZ1 yra tvirtas perjungimo \u012ftaisas. Modulin\u0117 konstrukcija leid\u017eia perjungimo \u012frengin\u012f naudoti universaliai.\u012e konstrukcij\u0105 \u012feina: mechanin\u0117 valdymo sistema, skirta variklio s\u016bkiams 0-maks. aps \/ min. perjungimo kampas 60 laipsni\u0173 su sl\u0117gio ta\u0161kais 7 laipsni\u0173 kampu ir trinties stabdymo kryptimi 0-2. Mechanin\u0117 valdymo sistema vairui \u012f kair\u0119\/\u012f de\u0161in\u0119 kryptimi 13-14, 360 laipsni\u0173 su 4&#215;90 laipsni\u0173 sl\u0117gio ta\u0161kais ir trinties stabd\u017eiu. AZ1 yra atsparus naftai, j\u016briniam klimatui, ozonui ir UV spinduliams.<iframe width=\"560\" height=\"315\" src=\"https:\/\/www.youtube.com\/embed\/PrWwG_H8n_k\" frameborder=\"0\" allow=\"accelerometer; autoplay; clipboard-write; encrypted-media; gyroscope; picture-in-picture; web-share\" allowfullscreen><\/iframe><\/p>\n","protected":false},"excerpt":{"rendered":"<p><a href='\/wp-content\/uploads\/gessmann\/AZ1-GB.pdf'><img decoding=\"async\" src=\"\/wp-content\/uploads\/2023\/02\/download-button-lt.svg\" \/><\/a><\/p>\n","protected":false},"featured_media":1260057891,"template":"","meta":[],"product_brand":[],"product_cat":[1366],"product_tag":[],"class_list":{"0":"post-1260059185","1":"product","2":"type-product","3":"status-publish","4":"has-post-thumbnail","6":"product_cat-laivai-juru-kruizo-valdikliai-vairasvirtes","8":"first","9":"instock","10":"product-type-simple"},"yoast_head":"<!-- This site is optimized with the Yoast SEO plugin v27.1.1 - https:\/\/yoast.com\/product\/yoast-seo-wordpress\/ -->\n<title>J\u016br\u0173 kruizo valdikliai AZ1 - My industrial<\/title>\n<meta name=\"robots\" content=\"index, follow, max-snippet:-1, max-image-preview:large, max-video-preview:-1\" \/>\n<link rel=\"canonical\" href=\"https:\/\/myindustrial.eu\/lt\/shop\/pramoniniai-valdikliai-dzoistikai-ir-konsoles\/laivai-juru-kruizo-valdikliai-vairasvirtes\/juru-kruizo-valdikliai-az1\/\" \/>\n<meta property=\"og:locale\" content=\"lt_LT\" \/>\n<meta property=\"og:type\" content=\"article\" \/>\n<meta property=\"og:title\" content=\"J\u016br\u0173 kruizo valdikliai AZ1 - My industrial\" \/>\n<meta property=\"og:url\" content=\"https:\/\/myindustrial.eu\/lt\/shop\/pramoniniai-valdikliai-dzoistikai-ir-konsoles\/laivai-juru-kruizo-valdikliai-vairasvirtes\/juru-kruizo-valdikliai-az1\/\" \/>\n<meta property=\"og:site_name\" content=\"My industrial\" \/>\n<meta property=\"article:modified_time\" content=\"2023-06-16T20:53:39+00:00\" \/>\n<meta property=\"og:image\" content=\"https:\/\/myindustrial.eu\/wp-content\/uploads\/2022\/01\/az1.webp\" \/>\n\t<meta property=\"og:image:width\" content=\"500\" \/>\n\t<meta property=\"og:image:height\" content=\"500\" \/>\n\t<meta property=\"og:image:type\" content=\"image\/webp\" \/>\n<meta name=\"twitter:card\" content=\"summary_large_image\" \/>\n<script type=\"application\/ld+json\" class=\"yoast-schema-graph\">{\"@context\":\"https:\/\/schema.org\",\"@graph\":[{\"@type\":\"WebPage\",\"@id\":\"https:\/\/myindustrial.eu\/lt\/shop\/pramoniniai-valdikliai-dzoistikai-ir-konsoles\/laivai-juru-kruizo-valdikliai-vairasvirtes\/juru-kruizo-valdikliai-az1\/\",\"url\":\"https:\/\/myindustrial.eu\/lt\/shop\/pramoniniai-valdikliai-dzoistikai-ir-konsoles\/laivai-juru-kruizo-valdikliai-vairasvirtes\/juru-kruizo-valdikliai-az1\/\",\"name\":\"J\u016br\u0173 kruizo valdikliai AZ1 - My industrial\",\"isPartOf\":{\"@id\":\"https:\/\/myindustrial.eu\/lt\/#website\"},\"primaryImageOfPage\":{\"@id\":\"https:\/\/myindustrial.eu\/lt\/shop\/pramoniniai-valdikliai-dzoistikai-ir-konsoles\/laivai-juru-kruizo-valdikliai-vairasvirtes\/juru-kruizo-valdikliai-az1\/#primaryimage\"},\"image\":{\"@id\":\"https:\/\/myindustrial.eu\/lt\/shop\/pramoniniai-valdikliai-dzoistikai-ir-konsoles\/laivai-juru-kruizo-valdikliai-vairasvirtes\/juru-kruizo-valdikliai-az1\/#primaryimage\"},\"thumbnailUrl\":\"https:\/\/myindustrial.eu\/wp-content\/uploads\/2022\/01\/az1.webp\",\"datePublished\":\"2022-01-14T02:01:58+00:00\",\"dateModified\":\"2023-06-16T20:53:39+00:00\",\"breadcrumb\":{\"@id\":\"https:\/\/myindustrial.eu\/lt\/shop\/pramoniniai-valdikliai-dzoistikai-ir-konsoles\/laivai-juru-kruizo-valdikliai-vairasvirtes\/juru-kruizo-valdikliai-az1\/#breadcrumb\"},\"inLanguage\":\"lt-LT\",\"potentialAction\":[{\"@type\":\"ReadAction\",\"target\":[\"https:\/\/myindustrial.eu\/lt\/shop\/pramoniniai-valdikliai-dzoistikai-ir-konsoles\/laivai-juru-kruizo-valdikliai-vairasvirtes\/juru-kruizo-valdikliai-az1\/\"]}]},{\"@type\":\"ImageObject\",\"inLanguage\":\"lt-LT\",\"@id\":\"https:\/\/myindustrial.eu\/lt\/shop\/pramoniniai-valdikliai-dzoistikai-ir-konsoles\/laivai-juru-kruizo-valdikliai-vairasvirtes\/juru-kruizo-valdikliai-az1\/#primaryimage\",\"url\":\"https:\/\/myindustrial.eu\/wp-content\/uploads\/2022\/01\/az1.webp\",\"contentUrl\":\"https:\/\/myindustrial.eu\/wp-content\/uploads\/2022\/01\/az1.webp\",\"width\":500,\"height\":500},{\"@type\":\"BreadcrumbList\",\"@id\":\"https:\/\/myindustrial.eu\/lt\/shop\/pramoniniai-valdikliai-dzoistikai-ir-konsoles\/laivai-juru-kruizo-valdikliai-vairasvirtes\/juru-kruizo-valdikliai-az1\/#breadcrumb\",\"itemListElement\":[{\"@type\":\"ListItem\",\"position\":1,\"name\":\"Home\",\"item\":\"https:\/\/myindustrial.eu\/lt\/\"},{\"@type\":\"ListItem\",\"position\":2,\"name\":\"Products\",\"item\":\"https:\/\/myindustrial.eu\/lt\/products\/\"},{\"@type\":\"ListItem\",\"position\":3,\"name\":\"J\u016br\u0173 kruizo valdikliai AZ1\"}]},{\"@type\":\"WebSite\",\"@id\":\"https:\/\/myindustrial.eu\/lt\/#website\",\"url\":\"https:\/\/myindustrial.eu\/lt\/\",\"name\":\"My industrial\",\"description\":\"\",\"potentialAction\":[{\"@type\":\"SearchAction\",\"target\":{\"@type\":\"EntryPoint\",\"urlTemplate\":\"https:\/\/myindustrial.eu\/lt\/?s={search_term_string}\"},\"query-input\":{\"@type\":\"PropertyValueSpecification\",\"valueRequired\":true,\"valueName\":\"search_term_string\"}}],\"inLanguage\":\"lt-LT\"}]}<\/script>\n<!-- \/ Yoast SEO plugin. -->","yoast_head_json":{"title":"J\u016br\u0173 kruizo valdikliai AZ1 - My industrial","robots":{"index":"index","follow":"follow","max-snippet":"max-snippet:-1","max-image-preview":"max-image-preview:large","max-video-preview":"max-video-preview:-1"},"canonical":"https:\/\/myindustrial.eu\/lt\/shop\/pramoniniai-valdikliai-dzoistikai-ir-konsoles\/laivai-juru-kruizo-valdikliai-vairasvirtes\/juru-kruizo-valdikliai-az1\/","og_locale":"lt_LT","og_type":"article","og_title":"J\u016br\u0173 kruizo valdikliai AZ1 - My industrial","og_url":"https:\/\/myindustrial.eu\/lt\/shop\/pramoniniai-valdikliai-dzoistikai-ir-konsoles\/laivai-juru-kruizo-valdikliai-vairasvirtes\/juru-kruizo-valdikliai-az1\/","og_site_name":"My industrial","article_modified_time":"2023-06-16T20:53:39+00:00","og_image":[{"width":500,"height":500,"url":"https:\/\/myindustrial.eu\/wp-content\/uploads\/2022\/01\/az1.webp","type":"image\/webp"}],"twitter_card":"summary_large_image","schema":{"@context":"https:\/\/schema.org","@graph":[{"@type":"WebPage","@id":"https:\/\/myindustrial.eu\/lt\/shop\/pramoniniai-valdikliai-dzoistikai-ir-konsoles\/laivai-juru-kruizo-valdikliai-vairasvirtes\/juru-kruizo-valdikliai-az1\/","url":"https:\/\/myindustrial.eu\/lt\/shop\/pramoniniai-valdikliai-dzoistikai-ir-konsoles\/laivai-juru-kruizo-valdikliai-vairasvirtes\/juru-kruizo-valdikliai-az1\/","name":"J\u016br\u0173 kruizo valdikliai AZ1 - My industrial","isPartOf":{"@id":"https:\/\/myindustrial.eu\/lt\/#website"},"primaryImageOfPage":{"@id":"https:\/\/myindustrial.eu\/lt\/shop\/pramoniniai-valdikliai-dzoistikai-ir-konsoles\/laivai-juru-kruizo-valdikliai-vairasvirtes\/juru-kruizo-valdikliai-az1\/#primaryimage"},"image":{"@id":"https:\/\/myindustrial.eu\/lt\/shop\/pramoniniai-valdikliai-dzoistikai-ir-konsoles\/laivai-juru-kruizo-valdikliai-vairasvirtes\/juru-kruizo-valdikliai-az1\/#primaryimage"},"thumbnailUrl":"https:\/\/myindustrial.eu\/wp-content\/uploads\/2022\/01\/az1.webp","datePublished":"2022-01-14T02:01:58+00:00","dateModified":"2023-06-16T20:53:39+00:00","breadcrumb":{"@id":"https:\/\/myindustrial.eu\/lt\/shop\/pramoniniai-valdikliai-dzoistikai-ir-konsoles\/laivai-juru-kruizo-valdikliai-vairasvirtes\/juru-kruizo-valdikliai-az1\/#breadcrumb"},"inLanguage":"lt-LT","potentialAction":[{"@type":"ReadAction","target":["https:\/\/myindustrial.eu\/lt\/shop\/pramoniniai-valdikliai-dzoistikai-ir-konsoles\/laivai-juru-kruizo-valdikliai-vairasvirtes\/juru-kruizo-valdikliai-az1\/"]}]},{"@type":"ImageObject","inLanguage":"lt-LT","@id":"https:\/\/myindustrial.eu\/lt\/shop\/pramoniniai-valdikliai-dzoistikai-ir-konsoles\/laivai-juru-kruizo-valdikliai-vairasvirtes\/juru-kruizo-valdikliai-az1\/#primaryimage","url":"https:\/\/myindustrial.eu\/wp-content\/uploads\/2022\/01\/az1.webp","contentUrl":"https:\/\/myindustrial.eu\/wp-content\/uploads\/2022\/01\/az1.webp","width":500,"height":500},{"@type":"BreadcrumbList","@id":"https:\/\/myindustrial.eu\/lt\/shop\/pramoniniai-valdikliai-dzoistikai-ir-konsoles\/laivai-juru-kruizo-valdikliai-vairasvirtes\/juru-kruizo-valdikliai-az1\/#breadcrumb","itemListElement":[{"@type":"ListItem","position":1,"name":"Home","item":"https:\/\/myindustrial.eu\/lt\/"},{"@type":"ListItem","position":2,"name":"Products","item":"https:\/\/myindustrial.eu\/lt\/products\/"},{"@type":"ListItem","position":3,"name":"J\u016br\u0173 kruizo valdikliai AZ1"}]},{"@type":"WebSite","@id":"https:\/\/myindustrial.eu\/lt\/#website","url":"https:\/\/myindustrial.eu\/lt\/","name":"My industrial","description":"","potentialAction":[{"@type":"SearchAction","target":{"@type":"EntryPoint","urlTemplate":"https:\/\/myindustrial.eu\/lt\/?s={search_term_string}"},"query-input":{"@type":"PropertyValueSpecification","valueRequired":true,"valueName":"search_term_string"}}],"inLanguage":"lt-LT"}]}},"_links":{"self":[{"href":"https:\/\/myindustrial.eu\/lt\/wp-json\/wp\/v2\/product\/1260059185","targetHints":{"allow":["GET"]}}],"collection":[{"href":"https:\/\/myindustrial.eu\/lt\/wp-json\/wp\/v2\/product"}],"about":[{"href":"https:\/\/myindustrial.eu\/lt\/wp-json\/wp\/v2\/types\/product"}],"version-history":[{"count":0,"href":"https:\/\/myindustrial.eu\/lt\/wp-json\/wp\/v2\/product\/1260059185\/revisions"}],"wp:featuredmedia":[{"embeddable":true,"href":"https:\/\/myindustrial.eu\/lt\/wp-json\/wp\/v2\/media\/1260057891"}],"wp:attachment":[{"href":"https:\/\/myindustrial.eu\/lt\/wp-json\/wp\/v2\/media?parent=1260059185"}],"wp:term":[{"taxonomy":"product_brand","embeddable":true,"href":"https:\/\/myindustrial.eu\/lt\/wp-json\/wp\/v2\/product_brand?post=1260059185"},{"taxonomy":"product_cat","embeddable":true,"href":"https:\/\/myindustrial.eu\/lt\/wp-json\/wp\/v2\/product_cat?post=1260059185"},{"taxonomy":"product_tag","embeddable":true,"href":"https:\/\/myindustrial.eu\/lt\/wp-json\/wp\/v2\/product_tag?post=1260059185"}],"curies":[{"name":"wp","href":"https:\/\/api.w.org\/{rel}","templated":true}]}}