{"id":1260059256,"date":"2022-01-14T02:02:32","date_gmt":"2022-01-14T02:02:32","guid":{"rendered":"https:\/\/myindustrial.eu\/shop-2\/be-kategorijos\/stabdziu-valdymo-blokas-brakematic\/"},"modified":"2023-06-16T20:51:13","modified_gmt":"2023-06-16T20:51:13","slug":"stabdziu-valdymo-blokas-brakematic","status":"publish","type":"product","link":"https:\/\/myindustrial.eu\/lt\/shop\/elektrohidrauliniai-pavaru-sprendimai\/stabdziu-valdymo-blokas-brakematic\/stabdziu-valdymo-blokas-brakematic\/","title":{"rendered":"Stabd\u017ei\u0173 valdymo blokas BRAKEMATIC\u00ae"},"content":{"rendered":"<p><strong>Pastaba:<\/strong>Valdymo blokai ir stabd\u017ei\u0173 k\u0117limo \u012ftaisai sudaro funkcin\u012f mazg\u0105 ir yra individualiai suderinti bei pritvirtinti prie krovini\u0173 d\u0117\u017ei\u0173 gamintojo. Jei komponentas pakei\u010diamas, reik\u0117s i\u0161 naujo sukalibruoti sistem\u0105. Pavaros variklis ir stabd\u017ei\u0173 k\u0117limo \u012frenginiai turi atskiras tiekimo linijas. \u012e komplekt\u0105 \u012feina jungimo schema ir naudojimo instrukcija.Su BRAKEMATIC\u00ae sistema gali b\u016bti \u012fgyvendintos \u0161ios funkcijos:<\/p>\n<ul>\n<li><strong>Pedalo valdymas P:<\/strong>Elektroninis pedalo valdymas su rankiniu parametr\u0173 specifikacija, skirta generuoti analogin\u0119 stabdymo proced\u016br\u0105. Sistema leid\u017eia jautriai stabdyti va\u017eiavimo operacijas ir sukamuosius judesius<\/li>\n<li><strong>Rampos funkcija R:<\/strong>Elektroninis valdymas, skirtas generuoti fiksuotus, i\u0161 anksto u\u017eprogramuotus stabdymo momento profilius, kad b\u016bt\u0173 galima atlikti priverstinius atidarymo ir u\u017edarymo judesius<\/li>\n<li><strong>I\u0161ankstin\u0117 kontrol\u0117:<\/strong>Elektroninis valdymas su kintam\u0173 parametr\u0173 specifikacija, skirtas generuoti valdomus stabdymo momento profilius, pvz. pastovus stabdymo laikas sud\u0117tingose konvejeri\u0173 sistemose arba transporto priemoni\u0173 ABS sistemoje<\/li>\n<\/ul>\n","protected":false},"excerpt":{"rendered":"<p>BRAKEMATIC\u00ae elektrohidraulini\u0173 stabd\u017ei\u0173 sistem\u0173 valdymas<br \/>\nBRAKEMATIC\u00ae elektrohidraulini\u0173 b\u016bgnini\u0173 ir diskini\u0173 stabd\u017ei\u0173 valdikliai i\u0161 esm\u0117s susideda i\u0161 programuojamo da\u017enio keitiklio (FC) su funkciniais moduliais (pedalas, vidinis arba i\u0161orinis parametr\u0173 \u201einterface\u201c, proceso valdymo modulis su matavimo jutikliu). Da\u017enio keitiklio i\u0161\u0117jime generuojamas da\u017enio pokytis. Jis naudojamas elektrohidrauliniam varikliui valdyti, kad b\u016bt\u0173 galima keisti jo hidraulin\u0119 j\u0117g\u0105. Atsiradusi ELDRO\u00ae bloko \u012fjungimo j\u0117ga neutralizuoja stabd\u017ei\u0173 sistemos stabdymo j\u0117g\u0105, o tai rei\u0161kia, kad per \u0161\u012f ry\u0161\u012f galima reguliuoti stabdymo proces\u0105.<\/p>\n<p>BRAKEMATIC\u00ae valdymo sistema gali b\u016bti naudojama keliems stabd\u017eiams vienu metu valdyti, jei stabd\u017ei\u0173 sistem\u0173 funkcijos ir veikimo re\u017eimas yra identi\u0161ki ir vis\u0173 ELDRO\u00ae blok\u0173 srov\u0117s \u012fvesties ver\u010di\u0173 suma atitinka pasirinktos Brakematic sistemos dyd\u012f.<\/p>\n","protected":false},"featured_media":1260058317,"template":"","meta":[],"product_brand":[],"product_cat":[1307],"product_tag":[],"class_list":{"0":"post-1260059256","1":"product","2":"type-product","3":"status-publish","4":"has-post-thumbnail","6":"product_cat-stabdziu-valdymo-blokas-brakematic","8":"first","9":"instock","10":"product-type-simple"},"yoast_head":"<!-- This site is optimized with the Yoast SEO plugin v27.1.1 - https:\/\/yoast.com\/product\/yoast-seo-wordpress\/ -->\n<title>Stabd\u017ei\u0173 valdymo blokas BRAKEMATIC\u00ae - My industrial<\/title>\n<meta name=\"robots\" content=\"index, follow, max-snippet:-1, max-image-preview:large, max-video-preview:-1\" \/>\n<link rel=\"canonical\" href=\"https:\/\/myindustrial.eu\/lt\/shop\/elektrohidrauliniai-pavaru-sprendimai\/stabdziu-valdymo-blokas-brakematic\/stabdziu-valdymo-blokas-brakematic\/\" \/>\n<meta property=\"og:locale\" content=\"lt_LT\" \/>\n<meta property=\"og:type\" content=\"article\" \/>\n<meta property=\"og:title\" content=\"Stabd\u017ei\u0173 valdymo blokas BRAKEMATIC\u00ae - My industrial\" \/>\n<meta property=\"og:description\" content=\"BRAKEMATIC\u00ae elektrohidraulini\u0173 stabd\u017ei\u0173 sistem\u0173 valdymas BRAKEMATIC\u00ae elektrohidraulini\u0173 b\u016bgnini\u0173 ir diskini\u0173 stabd\u017ei\u0173 valdikliai i\u0161 esm\u0117s susideda i\u0161 programuojamo da\u017enio keitiklio (FC) su funkciniais moduliais (pedalas, vidinis arba i\u0161orinis parametr\u0173 \u201einterface\u201c, proceso valdymo modulis su matavimo jutikliu). Da\u017enio keitiklio i\u0161\u0117jime generuojamas da\u017enio pokytis. Jis naudojamas elektrohidrauliniam varikliui valdyti, kad b\u016bt\u0173 galima keisti jo hidraulin\u0119 j\u0117g\u0105. Atsiradusi ELDRO\u00ae bloko \u012fjungimo j\u0117ga neutralizuoja stabd\u017ei\u0173 sistemos stabdymo j\u0117g\u0105, o tai rei\u0161kia, kad per \u0161\u012f ry\u0161\u012f galima reguliuoti stabdymo proces\u0105.  BRAKEMATIC\u00ae valdymo sistema gali b\u016bti naudojama keliems stabd\u017eiams vienu metu valdyti, jei stabd\u017ei\u0173 sistem\u0173 funkcijos ir veikimo re\u017eimas yra identi\u0161ki ir vis\u0173 ELDRO\u00ae blok\u0173 srov\u0117s \u012fvesties ver\u010di\u0173 suma atitinka pasirinktos Brakematic sistemos dyd\u012f.\" \/>\n<meta property=\"og:url\" content=\"https:\/\/myindustrial.eu\/lt\/shop\/elektrohidrauliniai-pavaru-sprendimai\/stabdziu-valdymo-blokas-brakematic\/stabdziu-valdymo-blokas-brakematic\/\" \/>\n<meta property=\"og:site_name\" content=\"My industrial\" \/>\n<meta property=\"article:modified_time\" content=\"2023-06-16T20:51:13+00:00\" \/>\n<meta property=\"og:image\" content=\"https:\/\/myindustrial.eu\/wp-content\/uploads\/2022\/01\/brakematic-300x300-4.jpg\" \/>\n\t<meta property=\"og:image:width\" content=\"300\" \/>\n\t<meta property=\"og:image:height\" content=\"300\" \/>\n\t<meta property=\"og:image:type\" content=\"image\/jpeg\" \/>\n<meta name=\"twitter:card\" content=\"summary_large_image\" \/>\n<script type=\"application\/ld+json\" class=\"yoast-schema-graph\">{\"@context\":\"https:\/\/schema.org\",\"@graph\":[{\"@type\":\"WebPage\",\"@id\":\"https:\/\/myindustrial.eu\/lt\/shop\/elektrohidrauliniai-pavaru-sprendimai\/stabdziu-valdymo-blokas-brakematic\/stabdziu-valdymo-blokas-brakematic\/\",\"url\":\"https:\/\/myindustrial.eu\/lt\/shop\/elektrohidrauliniai-pavaru-sprendimai\/stabdziu-valdymo-blokas-brakematic\/stabdziu-valdymo-blokas-brakematic\/\",\"name\":\"Stabd\u017ei\u0173 valdymo blokas BRAKEMATIC\u00ae - My industrial\",\"isPartOf\":{\"@id\":\"https:\/\/myindustrial.eu\/lt\/#website\"},\"primaryImageOfPage\":{\"@id\":\"https:\/\/myindustrial.eu\/lt\/shop\/elektrohidrauliniai-pavaru-sprendimai\/stabdziu-valdymo-blokas-brakematic\/stabdziu-valdymo-blokas-brakematic\/#primaryimage\"},\"image\":{\"@id\":\"https:\/\/myindustrial.eu\/lt\/shop\/elektrohidrauliniai-pavaru-sprendimai\/stabdziu-valdymo-blokas-brakematic\/stabdziu-valdymo-blokas-brakematic\/#primaryimage\"},\"thumbnailUrl\":\"https:\/\/myindustrial.eu\/wp-content\/uploads\/2022\/01\/brakematic-300x300-4.jpg\",\"datePublished\":\"2022-01-14T02:02:32+00:00\",\"dateModified\":\"2023-06-16T20:51:13+00:00\",\"breadcrumb\":{\"@id\":\"https:\/\/myindustrial.eu\/lt\/shop\/elektrohidrauliniai-pavaru-sprendimai\/stabdziu-valdymo-blokas-brakematic\/stabdziu-valdymo-blokas-brakematic\/#breadcrumb\"},\"inLanguage\":\"lt-LT\",\"potentialAction\":[{\"@type\":\"ReadAction\",\"target\":[\"https:\/\/myindustrial.eu\/lt\/shop\/elektrohidrauliniai-pavaru-sprendimai\/stabdziu-valdymo-blokas-brakematic\/stabdziu-valdymo-blokas-brakematic\/\"]}]},{\"@type\":\"ImageObject\",\"inLanguage\":\"lt-LT\",\"@id\":\"https:\/\/myindustrial.eu\/lt\/shop\/elektrohidrauliniai-pavaru-sprendimai\/stabdziu-valdymo-blokas-brakematic\/stabdziu-valdymo-blokas-brakematic\/#primaryimage\",\"url\":\"https:\/\/myindustrial.eu\/wp-content\/uploads\/2022\/01\/brakematic-300x300-4.jpg\",\"contentUrl\":\"https:\/\/myindustrial.eu\/wp-content\/uploads\/2022\/01\/brakematic-300x300-4.jpg\",\"width\":300,\"height\":300},{\"@type\":\"BreadcrumbList\",\"@id\":\"https:\/\/myindustrial.eu\/lt\/shop\/elektrohidrauliniai-pavaru-sprendimai\/stabdziu-valdymo-blokas-brakematic\/stabdziu-valdymo-blokas-brakematic\/#breadcrumb\",\"itemListElement\":[{\"@type\":\"ListItem\",\"position\":1,\"name\":\"Home\",\"item\":\"https:\/\/myindustrial.eu\/lt\/\"},{\"@type\":\"ListItem\",\"position\":2,\"name\":\"Products\",\"item\":\"https:\/\/myindustrial.eu\/lt\/products\/\"},{\"@type\":\"ListItem\",\"position\":3,\"name\":\"Stabd\u017ei\u0173 valdymo blokas BRAKEMATIC\u00ae\"}]},{\"@type\":\"WebSite\",\"@id\":\"https:\/\/myindustrial.eu\/lt\/#website\",\"url\":\"https:\/\/myindustrial.eu\/lt\/\",\"name\":\"My industrial\",\"description\":\"\",\"potentialAction\":[{\"@type\":\"SearchAction\",\"target\":{\"@type\":\"EntryPoint\",\"urlTemplate\":\"https:\/\/myindustrial.eu\/lt\/?s={search_term_string}\"},\"query-input\":{\"@type\":\"PropertyValueSpecification\",\"valueRequired\":true,\"valueName\":\"search_term_string\"}}],\"inLanguage\":\"lt-LT\"}]}<\/script>\n<!-- \/ Yoast SEO plugin. -->","yoast_head_json":{"title":"Stabd\u017ei\u0173 valdymo blokas BRAKEMATIC\u00ae - My industrial","robots":{"index":"index","follow":"follow","max-snippet":"max-snippet:-1","max-image-preview":"max-image-preview:large","max-video-preview":"max-video-preview:-1"},"canonical":"https:\/\/myindustrial.eu\/lt\/shop\/elektrohidrauliniai-pavaru-sprendimai\/stabdziu-valdymo-blokas-brakematic\/stabdziu-valdymo-blokas-brakematic\/","og_locale":"lt_LT","og_type":"article","og_title":"Stabd\u017ei\u0173 valdymo blokas BRAKEMATIC\u00ae - My industrial","og_description":"BRAKEMATIC\u00ae elektrohidraulini\u0173 stabd\u017ei\u0173 sistem\u0173 valdymas BRAKEMATIC\u00ae elektrohidraulini\u0173 b\u016bgnini\u0173 ir diskini\u0173 stabd\u017ei\u0173 valdikliai i\u0161 esm\u0117s susideda i\u0161 programuojamo da\u017enio keitiklio (FC) su funkciniais moduliais (pedalas, vidinis arba i\u0161orinis parametr\u0173 \u201einterface\u201c, proceso valdymo modulis su matavimo jutikliu). Da\u017enio keitiklio i\u0161\u0117jime generuojamas da\u017enio pokytis. Jis naudojamas elektrohidrauliniam varikliui valdyti, kad b\u016bt\u0173 galima keisti jo hidraulin\u0119 j\u0117g\u0105. Atsiradusi ELDRO\u00ae bloko \u012fjungimo j\u0117ga neutralizuoja stabd\u017ei\u0173 sistemos stabdymo j\u0117g\u0105, o tai rei\u0161kia, kad per \u0161\u012f ry\u0161\u012f galima reguliuoti stabdymo proces\u0105.  BRAKEMATIC\u00ae valdymo sistema gali b\u016bti naudojama keliems stabd\u017eiams vienu metu valdyti, jei stabd\u017ei\u0173 sistem\u0173 funkcijos ir veikimo re\u017eimas yra identi\u0161ki ir vis\u0173 ELDRO\u00ae blok\u0173 srov\u0117s \u012fvesties ver\u010di\u0173 suma atitinka pasirinktos Brakematic sistemos dyd\u012f.","og_url":"https:\/\/myindustrial.eu\/lt\/shop\/elektrohidrauliniai-pavaru-sprendimai\/stabdziu-valdymo-blokas-brakematic\/stabdziu-valdymo-blokas-brakematic\/","og_site_name":"My industrial","article_modified_time":"2023-06-16T20:51:13+00:00","og_image":[{"width":300,"height":300,"url":"https:\/\/myindustrial.eu\/wp-content\/uploads\/2022\/01\/brakematic-300x300-4.jpg","type":"image\/jpeg"}],"twitter_card":"summary_large_image","schema":{"@context":"https:\/\/schema.org","@graph":[{"@type":"WebPage","@id":"https:\/\/myindustrial.eu\/lt\/shop\/elektrohidrauliniai-pavaru-sprendimai\/stabdziu-valdymo-blokas-brakematic\/stabdziu-valdymo-blokas-brakematic\/","url":"https:\/\/myindustrial.eu\/lt\/shop\/elektrohidrauliniai-pavaru-sprendimai\/stabdziu-valdymo-blokas-brakematic\/stabdziu-valdymo-blokas-brakematic\/","name":"Stabd\u017ei\u0173 valdymo blokas BRAKEMATIC\u00ae - My industrial","isPartOf":{"@id":"https:\/\/myindustrial.eu\/lt\/#website"},"primaryImageOfPage":{"@id":"https:\/\/myindustrial.eu\/lt\/shop\/elektrohidrauliniai-pavaru-sprendimai\/stabdziu-valdymo-blokas-brakematic\/stabdziu-valdymo-blokas-brakematic\/#primaryimage"},"image":{"@id":"https:\/\/myindustrial.eu\/lt\/shop\/elektrohidrauliniai-pavaru-sprendimai\/stabdziu-valdymo-blokas-brakematic\/stabdziu-valdymo-blokas-brakematic\/#primaryimage"},"thumbnailUrl":"https:\/\/myindustrial.eu\/wp-content\/uploads\/2022\/01\/brakematic-300x300-4.jpg","datePublished":"2022-01-14T02:02:32+00:00","dateModified":"2023-06-16T20:51:13+00:00","breadcrumb":{"@id":"https:\/\/myindustrial.eu\/lt\/shop\/elektrohidrauliniai-pavaru-sprendimai\/stabdziu-valdymo-blokas-brakematic\/stabdziu-valdymo-blokas-brakematic\/#breadcrumb"},"inLanguage":"lt-LT","potentialAction":[{"@type":"ReadAction","target":["https:\/\/myindustrial.eu\/lt\/shop\/elektrohidrauliniai-pavaru-sprendimai\/stabdziu-valdymo-blokas-brakematic\/stabdziu-valdymo-blokas-brakematic\/"]}]},{"@type":"ImageObject","inLanguage":"lt-LT","@id":"https:\/\/myindustrial.eu\/lt\/shop\/elektrohidrauliniai-pavaru-sprendimai\/stabdziu-valdymo-blokas-brakematic\/stabdziu-valdymo-blokas-brakematic\/#primaryimage","url":"https:\/\/myindustrial.eu\/wp-content\/uploads\/2022\/01\/brakematic-300x300-4.jpg","contentUrl":"https:\/\/myindustrial.eu\/wp-content\/uploads\/2022\/01\/brakematic-300x300-4.jpg","width":300,"height":300},{"@type":"BreadcrumbList","@id":"https:\/\/myindustrial.eu\/lt\/shop\/elektrohidrauliniai-pavaru-sprendimai\/stabdziu-valdymo-blokas-brakematic\/stabdziu-valdymo-blokas-brakematic\/#breadcrumb","itemListElement":[{"@type":"ListItem","position":1,"name":"Home","item":"https:\/\/myindustrial.eu\/lt\/"},{"@type":"ListItem","position":2,"name":"Products","item":"https:\/\/myindustrial.eu\/lt\/products\/"},{"@type":"ListItem","position":3,"name":"Stabd\u017ei\u0173 valdymo blokas BRAKEMATIC\u00ae"}]},{"@type":"WebSite","@id":"https:\/\/myindustrial.eu\/lt\/#website","url":"https:\/\/myindustrial.eu\/lt\/","name":"My industrial","description":"","potentialAction":[{"@type":"SearchAction","target":{"@type":"EntryPoint","urlTemplate":"https:\/\/myindustrial.eu\/lt\/?s={search_term_string}"},"query-input":{"@type":"PropertyValueSpecification","valueRequired":true,"valueName":"search_term_string"}}],"inLanguage":"lt-LT"}]}},"_links":{"self":[{"href":"https:\/\/myindustrial.eu\/lt\/wp-json\/wp\/v2\/product\/1260059256","targetHints":{"allow":["GET"]}}],"collection":[{"href":"https:\/\/myindustrial.eu\/lt\/wp-json\/wp\/v2\/product"}],"about":[{"href":"https:\/\/myindustrial.eu\/lt\/wp-json\/wp\/v2\/types\/product"}],"version-history":[{"count":0,"href":"https:\/\/myindustrial.eu\/lt\/wp-json\/wp\/v2\/product\/1260059256\/revisions"}],"wp:featuredmedia":[{"embeddable":true,"href":"https:\/\/myindustrial.eu\/lt\/wp-json\/wp\/v2\/media\/1260058317"}],"wp:attachment":[{"href":"https:\/\/myindustrial.eu\/lt\/wp-json\/wp\/v2\/media?parent=1260059256"}],"wp:term":[{"taxonomy":"product_brand","embeddable":true,"href":"https:\/\/myindustrial.eu\/lt\/wp-json\/wp\/v2\/product_brand?post=1260059256"},{"taxonomy":"product_cat","embeddable":true,"href":"https:\/\/myindustrial.eu\/lt\/wp-json\/wp\/v2\/product_cat?post=1260059256"},{"taxonomy":"product_tag","embeddable":true,"href":"https:\/\/myindustrial.eu\/lt\/wp-json\/wp\/v2\/product_tag?post=1260059256"}],"curies":[{"name":"wp","href":"https:\/\/api.w.org\/{rel}","templated":true}]}}