{"id":1260059259,"date":"2022-01-14T02:02:32","date_gmt":"2022-01-14T02:02:32","guid":{"rendered":"https:\/\/myindustrial.eu\/shop-2\/be-kategorijos\/dmg22\/"},"modified":"2023-06-16T20:51:04","modified_gmt":"2023-06-16T20:51:04","slug":"dmg22","status":"publish","type":"product","link":"https:\/\/myindustrial.eu\/lt\/shop\/potenciometrai-ir-jutikliai\/keliu-posukiu-potenciometras\/dmg22\/","title":{"rendered":"Daugias\u016bkiai potenciometrai DMG22"},"content":{"rendered":"<p><iframe width=\"560\" height=\"315\" src=\"https:\/\/youtube.com\/embed\/iN_MvjVAoP8\" frameborder=\"0\" allow=\"accelerometer; autoplay; clipboard-write; encrypted-media; gyroscope; picture-in-picture; web-share\" allowfullscreen><\/iframe><\/p>\n","protected":false},"excerpt":{"rendered":"<p>DMG22 tipo produkto korpusas pagamintas i\u0161 stiklo pluo\u0161tu sutvirtinto plastiko ir standarti\u0161kai tiekiamas metrin\u0117s versijos. Be to, var\u017ein\u0117 viela gali b\u016bti su hibridiniu elementu, kuris u\u017etikrina ilgesn\u012f tarnavimo laik\u0105. Visi tipai gali b\u016bti su 3, 5 ir 10 pavar\u0173 versijomis. DMG22 serija pasi\u017eymi didel\u0117s skyros var\u017einiais elementais.<\/p>\n","protected":false},"featured_media":1260061404,"template":"","meta":[],"product_brand":[],"product_cat":[1298],"product_tag":[],"class_list":{"0":"post-1260059259","1":"product","2":"type-product","3":"status-publish","4":"has-post-thumbnail","6":"product_cat-keliu-posukiu-potenciometras","8":"first","9":"instock","10":"product-type-simple"},"yoast_head":"<!-- This site is optimized with the Yoast SEO plugin v27.1.1 - https:\/\/yoast.com\/product\/yoast-seo-wordpress\/ -->\n<title>Daugias\u016bkiai potenciometrai DMG22 - My industrial<\/title>\n<meta name=\"robots\" content=\"index, follow, max-snippet:-1, max-image-preview:large, max-video-preview:-1\" \/>\n<link rel=\"canonical\" href=\"https:\/\/myindustrial.eu\/lt\/shop\/potenciometrai-ir-jutikliai\/keliu-posukiu-potenciometras\/dmg22\/\" \/>\n<meta property=\"og:locale\" content=\"lt_LT\" \/>\n<meta property=\"og:type\" content=\"article\" \/>\n<meta property=\"og:title\" content=\"Daugias\u016bkiai potenciometrai DMG22 - My industrial\" \/>\n<meta property=\"og:description\" content=\"DMG22 tipo produkto korpusas pagamintas i\u0161 stiklo pluo\u0161tu sutvirtinto plastiko ir standarti\u0161kai tiekiamas metrin\u0117s versijos. Be to, var\u017ein\u0117 viela gali b\u016bti su hibridiniu elementu, kuris u\u017etikrina ilgesn\u012f tarnavimo laik\u0105. Visi tipai gali b\u016bti su 3, 5 ir 10 pavar\u0173 versijomis. DMG22 serija pasi\u017eymi didel\u0117s skyros var\u017einiais elementais.\" \/>\n<meta property=\"og:url\" content=\"https:\/\/myindustrial.eu\/lt\/shop\/potenciometrai-ir-jutikliai\/keliu-posukiu-potenciometras\/dmg22\/\" \/>\n<meta property=\"og:site_name\" content=\"My industrial\" \/>\n<meta property=\"article:modified_time\" content=\"2023-06-16T20:51:04+00:00\" \/>\n<meta property=\"og:image\" content=\"https:\/\/myindustrial.eu\/wp-content\/uploads\/2022\/06\/dmg22-new.webp\" \/>\n\t<meta property=\"og:image:width\" content=\"500\" \/>\n\t<meta property=\"og:image:height\" content=\"500\" \/>\n\t<meta property=\"og:image:type\" content=\"image\/webp\" \/>\n<meta name=\"twitter:card\" content=\"summary_large_image\" \/>\n<script type=\"application\/ld+json\" class=\"yoast-schema-graph\">{\"@context\":\"https:\/\/schema.org\",\"@graph\":[{\"@type\":\"WebPage\",\"@id\":\"https:\/\/myindustrial.eu\/lt\/shop\/potenciometrai-ir-jutikliai\/keliu-posukiu-potenciometras\/dmg22\/\",\"url\":\"https:\/\/myindustrial.eu\/lt\/shop\/potenciometrai-ir-jutikliai\/keliu-posukiu-potenciometras\/dmg22\/\",\"name\":\"Daugias\u016bkiai potenciometrai DMG22 - My industrial\",\"isPartOf\":{\"@id\":\"https:\/\/myindustrial.eu\/lt\/#website\"},\"primaryImageOfPage\":{\"@id\":\"https:\/\/myindustrial.eu\/lt\/shop\/potenciometrai-ir-jutikliai\/keliu-posukiu-potenciometras\/dmg22\/#primaryimage\"},\"image\":{\"@id\":\"https:\/\/myindustrial.eu\/lt\/shop\/potenciometrai-ir-jutikliai\/keliu-posukiu-potenciometras\/dmg22\/#primaryimage\"},\"thumbnailUrl\":\"https:\/\/myindustrial.eu\/wp-content\/uploads\/2022\/06\/dmg22-new.webp\",\"datePublished\":\"2022-01-14T02:02:32+00:00\",\"dateModified\":\"2023-06-16T20:51:04+00:00\",\"breadcrumb\":{\"@id\":\"https:\/\/myindustrial.eu\/lt\/shop\/potenciometrai-ir-jutikliai\/keliu-posukiu-potenciometras\/dmg22\/#breadcrumb\"},\"inLanguage\":\"lt-LT\",\"potentialAction\":[{\"@type\":\"ReadAction\",\"target\":[\"https:\/\/myindustrial.eu\/lt\/shop\/potenciometrai-ir-jutikliai\/keliu-posukiu-potenciometras\/dmg22\/\"]}]},{\"@type\":\"ImageObject\",\"inLanguage\":\"lt-LT\",\"@id\":\"https:\/\/myindustrial.eu\/lt\/shop\/potenciometrai-ir-jutikliai\/keliu-posukiu-potenciometras\/dmg22\/#primaryimage\",\"url\":\"https:\/\/myindustrial.eu\/wp-content\/uploads\/2022\/06\/dmg22-new.webp\",\"contentUrl\":\"https:\/\/myindustrial.eu\/wp-content\/uploads\/2022\/06\/dmg22-new.webp\",\"width\":500,\"height\":500},{\"@type\":\"BreadcrumbList\",\"@id\":\"https:\/\/myindustrial.eu\/lt\/shop\/potenciometrai-ir-jutikliai\/keliu-posukiu-potenciometras\/dmg22\/#breadcrumb\",\"itemListElement\":[{\"@type\":\"ListItem\",\"position\":1,\"name\":\"Home\",\"item\":\"https:\/\/myindustrial.eu\/lt\/\"},{\"@type\":\"ListItem\",\"position\":2,\"name\":\"Products\",\"item\":\"https:\/\/myindustrial.eu\/lt\/products\/\"},{\"@type\":\"ListItem\",\"position\":3,\"name\":\"Daugias\u016bkiai potenciometrai DMG22\"}]},{\"@type\":\"WebSite\",\"@id\":\"https:\/\/myindustrial.eu\/lt\/#website\",\"url\":\"https:\/\/myindustrial.eu\/lt\/\",\"name\":\"My industrial\",\"description\":\"\",\"potentialAction\":[{\"@type\":\"SearchAction\",\"target\":{\"@type\":\"EntryPoint\",\"urlTemplate\":\"https:\/\/myindustrial.eu\/lt\/?s={search_term_string}\"},\"query-input\":{\"@type\":\"PropertyValueSpecification\",\"valueRequired\":true,\"valueName\":\"search_term_string\"}}],\"inLanguage\":\"lt-LT\"}]}<\/script>\n<!-- \/ Yoast SEO plugin. -->","yoast_head_json":{"title":"Daugias\u016bkiai potenciometrai DMG22 - My industrial","robots":{"index":"index","follow":"follow","max-snippet":"max-snippet:-1","max-image-preview":"max-image-preview:large","max-video-preview":"max-video-preview:-1"},"canonical":"https:\/\/myindustrial.eu\/lt\/shop\/potenciometrai-ir-jutikliai\/keliu-posukiu-potenciometras\/dmg22\/","og_locale":"lt_LT","og_type":"article","og_title":"Daugias\u016bkiai potenciometrai DMG22 - My industrial","og_description":"DMG22 tipo produkto korpusas pagamintas i\u0161 stiklo pluo\u0161tu sutvirtinto plastiko ir standarti\u0161kai tiekiamas metrin\u0117s versijos. Be to, var\u017ein\u0117 viela gali b\u016bti su hibridiniu elementu, kuris u\u017etikrina ilgesn\u012f tarnavimo laik\u0105. Visi tipai gali b\u016bti su 3, 5 ir 10 pavar\u0173 versijomis. DMG22 serija pasi\u017eymi didel\u0117s skyros var\u017einiais elementais.","og_url":"https:\/\/myindustrial.eu\/lt\/shop\/potenciometrai-ir-jutikliai\/keliu-posukiu-potenciometras\/dmg22\/","og_site_name":"My industrial","article_modified_time":"2023-06-16T20:51:04+00:00","og_image":[{"width":500,"height":500,"url":"https:\/\/myindustrial.eu\/wp-content\/uploads\/2022\/06\/dmg22-new.webp","type":"image\/webp"}],"twitter_card":"summary_large_image","schema":{"@context":"https:\/\/schema.org","@graph":[{"@type":"WebPage","@id":"https:\/\/myindustrial.eu\/lt\/shop\/potenciometrai-ir-jutikliai\/keliu-posukiu-potenciometras\/dmg22\/","url":"https:\/\/myindustrial.eu\/lt\/shop\/potenciometrai-ir-jutikliai\/keliu-posukiu-potenciometras\/dmg22\/","name":"Daugias\u016bkiai potenciometrai DMG22 - My industrial","isPartOf":{"@id":"https:\/\/myindustrial.eu\/lt\/#website"},"primaryImageOfPage":{"@id":"https:\/\/myindustrial.eu\/lt\/shop\/potenciometrai-ir-jutikliai\/keliu-posukiu-potenciometras\/dmg22\/#primaryimage"},"image":{"@id":"https:\/\/myindustrial.eu\/lt\/shop\/potenciometrai-ir-jutikliai\/keliu-posukiu-potenciometras\/dmg22\/#primaryimage"},"thumbnailUrl":"https:\/\/myindustrial.eu\/wp-content\/uploads\/2022\/06\/dmg22-new.webp","datePublished":"2022-01-14T02:02:32+00:00","dateModified":"2023-06-16T20:51:04+00:00","breadcrumb":{"@id":"https:\/\/myindustrial.eu\/lt\/shop\/potenciometrai-ir-jutikliai\/keliu-posukiu-potenciometras\/dmg22\/#breadcrumb"},"inLanguage":"lt-LT","potentialAction":[{"@type":"ReadAction","target":["https:\/\/myindustrial.eu\/lt\/shop\/potenciometrai-ir-jutikliai\/keliu-posukiu-potenciometras\/dmg22\/"]}]},{"@type":"ImageObject","inLanguage":"lt-LT","@id":"https:\/\/myindustrial.eu\/lt\/shop\/potenciometrai-ir-jutikliai\/keliu-posukiu-potenciometras\/dmg22\/#primaryimage","url":"https:\/\/myindustrial.eu\/wp-content\/uploads\/2022\/06\/dmg22-new.webp","contentUrl":"https:\/\/myindustrial.eu\/wp-content\/uploads\/2022\/06\/dmg22-new.webp","width":500,"height":500},{"@type":"BreadcrumbList","@id":"https:\/\/myindustrial.eu\/lt\/shop\/potenciometrai-ir-jutikliai\/keliu-posukiu-potenciometras\/dmg22\/#breadcrumb","itemListElement":[{"@type":"ListItem","position":1,"name":"Home","item":"https:\/\/myindustrial.eu\/lt\/"},{"@type":"ListItem","position":2,"name":"Products","item":"https:\/\/myindustrial.eu\/lt\/products\/"},{"@type":"ListItem","position":3,"name":"Daugias\u016bkiai potenciometrai DMG22"}]},{"@type":"WebSite","@id":"https:\/\/myindustrial.eu\/lt\/#website","url":"https:\/\/myindustrial.eu\/lt\/","name":"My industrial","description":"","potentialAction":[{"@type":"SearchAction","target":{"@type":"EntryPoint","urlTemplate":"https:\/\/myindustrial.eu\/lt\/?s={search_term_string}"},"query-input":{"@type":"PropertyValueSpecification","valueRequired":true,"valueName":"search_term_string"}}],"inLanguage":"lt-LT"}]}},"_links":{"self":[{"href":"https:\/\/myindustrial.eu\/lt\/wp-json\/wp\/v2\/product\/1260059259","targetHints":{"allow":["GET"]}}],"collection":[{"href":"https:\/\/myindustrial.eu\/lt\/wp-json\/wp\/v2\/product"}],"about":[{"href":"https:\/\/myindustrial.eu\/lt\/wp-json\/wp\/v2\/types\/product"}],"version-history":[{"count":0,"href":"https:\/\/myindustrial.eu\/lt\/wp-json\/wp\/v2\/product\/1260059259\/revisions"}],"wp:featuredmedia":[{"embeddable":true,"href":"https:\/\/myindustrial.eu\/lt\/wp-json\/wp\/v2\/media\/1260061404"}],"wp:attachment":[{"href":"https:\/\/myindustrial.eu\/lt\/wp-json\/wp\/v2\/media?parent=1260059259"}],"wp:term":[{"taxonomy":"product_brand","embeddable":true,"href":"https:\/\/myindustrial.eu\/lt\/wp-json\/wp\/v2\/product_brand?post=1260059259"},{"taxonomy":"product_cat","embeddable":true,"href":"https:\/\/myindustrial.eu\/lt\/wp-json\/wp\/v2\/product_cat?post=1260059259"},{"taxonomy":"product_tag","embeddable":true,"href":"https:\/\/myindustrial.eu\/lt\/wp-json\/wp\/v2\/product_tag?post=1260059259"}],"curies":[{"name":"wp","href":"https:\/\/api.w.org\/{rel}","templated":true}]}}