{"id":1260059268,"date":"2022-01-14T01:36:47","date_gmt":"2022-01-14T02:02:32","guid":{"rendered":"https:\/\/myindustrial.eu\/shop-2\/be-kategorijos\/dp120\/"},"modified":"2023-12-28T19:18:40","modified_gmt":"2023-12-28T19:18:40","slug":"dp120","status":"publish","type":"product","link":"https:\/\/myindustrial.eu\/lt\/shop\/potenciometrai-ir-jutikliai\/vieno-posukio-potenciometras\/vielinis-potenciometras\/dp120\/","title":{"rendered":"Vielinis potenciometras DP120"},"content":{"rendered":"","protected":false},"excerpt":{"rendered":"<p><span style=\"font-weight: 400\" data-mce-style=\"font-weight: 400;\">\u0160ios gamini\u0173 linijos vieliniai tikslumo potenciometrai ypa\u010d tinkami naudoti kaip esamos vert\u0117s si\u0173stuvai visose pramon\u0117s srityse. D\u0117l auk\u0161tos kokyb\u0117s aliuminio korpuso jie yra itin tvirti. Standartinis rutulinis ir adatinis veleno guolis, pagamintas i\u0161 ner\u016bdijan\u010diojo plieno, lengvai sugeria radialines ir a\u0161ines j\u0117gas. Korpusas gali b\u016bti suprojektuotas iki did\u017eiausios IP67 saugos klas\u0117s.<\/span><\/p><\/p>\n","protected":false},"featured_media":1260061928,"template":"","meta":[],"product_brand":[],"product_cat":[1541],"product_tag":[],"class_list":{"0":"post-1260059268","1":"product","2":"type-product","3":"status-publish","4":"has-post-thumbnail","6":"product_cat-vielinis-potenciometras","8":"first","9":"instock","10":"product-type-simple"},"yoast_head":"<!-- This site is optimized with the Yoast SEO plugin v27.1.1 - https:\/\/yoast.com\/product\/yoast-seo-wordpress\/ -->\n<title>Vielinis potenciometras DP120 - My industrial<\/title>\n<meta name=\"robots\" content=\"index, follow, max-snippet:-1, max-image-preview:large, max-video-preview:-1\" \/>\n<link rel=\"canonical\" href=\"https:\/\/myindustrial.eu\/lt\/shop\/potenciometrai-ir-jutikliai\/vieno-posukio-potenciometras\/vielinis-potenciometras\/dp120\/\" \/>\n<meta property=\"og:locale\" content=\"lt_LT\" \/>\n<meta property=\"og:type\" content=\"article\" \/>\n<meta property=\"og:title\" content=\"Vielinis potenciometras DP120 - My industrial\" \/>\n<meta property=\"og:description\" content=\"\u0160ios gamini\u0173 linijos vieliniai tikslumo potenciometrai ypa\u010d tinkami naudoti kaip esamos vert\u0117s si\u0173stuvai visose pramon\u0117s srityse. D\u0117l auk\u0161tos kokyb\u0117s aliuminio korpuso jie yra itin tvirti. Standartinis rutulinis ir adatinis veleno guolis, pagamintas i\u0161 ner\u016bdijan\u010diojo plieno, lengvai sugeria radialines ir a\u0161ines j\u0117gas. Korpusas gali b\u016bti suprojektuotas iki did\u017eiausios IP67 saugos klas\u0117s.\" \/>\n<meta property=\"og:url\" content=\"https:\/\/myindustrial.eu\/lt\/shop\/potenciometrai-ir-jutikliai\/vieno-posukio-potenciometras\/vielinis-potenciometras\/dp120\/\" \/>\n<meta property=\"og:site_name\" content=\"My industrial\" \/>\n<meta property=\"article:modified_time\" content=\"2023-12-28T19:18:40+00:00\" \/>\n<meta property=\"og:image\" content=\"https:\/\/myindustrial.eu\/wp-content\/uploads\/2022\/01\/dp120_eingang_draht_altmann_400x413-400x413.jpg\" \/>\n\t<meta property=\"og:image:width\" content=\"400\" \/>\n\t<meta property=\"og:image:height\" content=\"413\" \/>\n\t<meta property=\"og:image:type\" content=\"image\/jpeg\" \/>\n<meta name=\"twitter:card\" content=\"summary_large_image\" \/>\n<script type=\"application\/ld+json\" class=\"yoast-schema-graph\">{\"@context\":\"https:\/\/schema.org\",\"@graph\":[{\"@type\":\"WebPage\",\"@id\":\"https:\/\/myindustrial.eu\/lt\/shop\/potenciometrai-ir-jutikliai\/vieno-posukio-potenciometras\/vielinis-potenciometras\/dp120\/\",\"url\":\"https:\/\/myindustrial.eu\/lt\/shop\/potenciometrai-ir-jutikliai\/vieno-posukio-potenciometras\/vielinis-potenciometras\/dp120\/\",\"name\":\"Vielinis potenciometras DP120 - My industrial\",\"isPartOf\":{\"@id\":\"https:\/\/myindustrial.eu\/lt\/#website\"},\"primaryImageOfPage\":{\"@id\":\"https:\/\/myindustrial.eu\/lt\/shop\/potenciometrai-ir-jutikliai\/vieno-posukio-potenciometras\/vielinis-potenciometras\/dp120\/#primaryimage\"},\"image\":{\"@id\":\"https:\/\/myindustrial.eu\/lt\/shop\/potenciometrai-ir-jutikliai\/vieno-posukio-potenciometras\/vielinis-potenciometras\/dp120\/#primaryimage\"},\"thumbnailUrl\":\"https:\/\/myindustrial.eu\/wp-content\/uploads\/2022\/01\/dp120_eingang_draht_altmann_400x413-400x413.jpg\",\"datePublished\":\"2022-01-14T02:02:32+00:00\",\"dateModified\":\"2023-12-28T19:18:40+00:00\",\"breadcrumb\":{\"@id\":\"https:\/\/myindustrial.eu\/lt\/shop\/potenciometrai-ir-jutikliai\/vieno-posukio-potenciometras\/vielinis-potenciometras\/dp120\/#breadcrumb\"},\"inLanguage\":\"lt-LT\",\"potentialAction\":[{\"@type\":\"ReadAction\",\"target\":[\"https:\/\/myindustrial.eu\/lt\/shop\/potenciometrai-ir-jutikliai\/vieno-posukio-potenciometras\/vielinis-potenciometras\/dp120\/\"]}]},{\"@type\":\"ImageObject\",\"inLanguage\":\"lt-LT\",\"@id\":\"https:\/\/myindustrial.eu\/lt\/shop\/potenciometrai-ir-jutikliai\/vieno-posukio-potenciometras\/vielinis-potenciometras\/dp120\/#primaryimage\",\"url\":\"https:\/\/myindustrial.eu\/wp-content\/uploads\/2022\/01\/dp120_eingang_draht_altmann_400x413-400x413.jpg\",\"contentUrl\":\"https:\/\/myindustrial.eu\/wp-content\/uploads\/2022\/01\/dp120_eingang_draht_altmann_400x413-400x413.jpg\",\"width\":400,\"height\":413},{\"@type\":\"BreadcrumbList\",\"@id\":\"https:\/\/myindustrial.eu\/lt\/shop\/potenciometrai-ir-jutikliai\/vieno-posukio-potenciometras\/vielinis-potenciometras\/dp120\/#breadcrumb\",\"itemListElement\":[{\"@type\":\"ListItem\",\"position\":1,\"name\":\"Home\",\"item\":\"https:\/\/myindustrial.eu\/lt\/\"},{\"@type\":\"ListItem\",\"position\":2,\"name\":\"Products\",\"item\":\"https:\/\/myindustrial.eu\/lt\/products\/\"},{\"@type\":\"ListItem\",\"position\":3,\"name\":\"Vielinis potenciometras DP120\"}]},{\"@type\":\"WebSite\",\"@id\":\"https:\/\/myindustrial.eu\/lt\/#website\",\"url\":\"https:\/\/myindustrial.eu\/lt\/\",\"name\":\"My industrial\",\"description\":\"\",\"potentialAction\":[{\"@type\":\"SearchAction\",\"target\":{\"@type\":\"EntryPoint\",\"urlTemplate\":\"https:\/\/myindustrial.eu\/lt\/?s={search_term_string}\"},\"query-input\":{\"@type\":\"PropertyValueSpecification\",\"valueRequired\":true,\"valueName\":\"search_term_string\"}}],\"inLanguage\":\"lt-LT\"}]}<\/script>\n<!-- \/ Yoast SEO plugin. -->","yoast_head_json":{"title":"Vielinis potenciometras DP120 - My industrial","robots":{"index":"index","follow":"follow","max-snippet":"max-snippet:-1","max-image-preview":"max-image-preview:large","max-video-preview":"max-video-preview:-1"},"canonical":"https:\/\/myindustrial.eu\/lt\/shop\/potenciometrai-ir-jutikliai\/vieno-posukio-potenciometras\/vielinis-potenciometras\/dp120\/","og_locale":"lt_LT","og_type":"article","og_title":"Vielinis potenciometras DP120 - My industrial","og_description":"\u0160ios gamini\u0173 linijos vieliniai tikslumo potenciometrai ypa\u010d tinkami naudoti kaip esamos vert\u0117s si\u0173stuvai visose pramon\u0117s srityse. D\u0117l auk\u0161tos kokyb\u0117s aliuminio korpuso jie yra itin tvirti. Standartinis rutulinis ir adatinis veleno guolis, pagamintas i\u0161 ner\u016bdijan\u010diojo plieno, lengvai sugeria radialines ir a\u0161ines j\u0117gas. Korpusas gali b\u016bti suprojektuotas iki did\u017eiausios IP67 saugos klas\u0117s.","og_url":"https:\/\/myindustrial.eu\/lt\/shop\/potenciometrai-ir-jutikliai\/vieno-posukio-potenciometras\/vielinis-potenciometras\/dp120\/","og_site_name":"My industrial","article_modified_time":"2023-12-28T19:18:40+00:00","og_image":[{"width":400,"height":413,"url":"https:\/\/myindustrial.eu\/wp-content\/uploads\/2022\/01\/dp120_eingang_draht_altmann_400x413-400x413.jpg","type":"image\/jpeg"}],"twitter_card":"summary_large_image","schema":{"@context":"https:\/\/schema.org","@graph":[{"@type":"WebPage","@id":"https:\/\/myindustrial.eu\/lt\/shop\/potenciometrai-ir-jutikliai\/vieno-posukio-potenciometras\/vielinis-potenciometras\/dp120\/","url":"https:\/\/myindustrial.eu\/lt\/shop\/potenciometrai-ir-jutikliai\/vieno-posukio-potenciometras\/vielinis-potenciometras\/dp120\/","name":"Vielinis potenciometras DP120 - My industrial","isPartOf":{"@id":"https:\/\/myindustrial.eu\/lt\/#website"},"primaryImageOfPage":{"@id":"https:\/\/myindustrial.eu\/lt\/shop\/potenciometrai-ir-jutikliai\/vieno-posukio-potenciometras\/vielinis-potenciometras\/dp120\/#primaryimage"},"image":{"@id":"https:\/\/myindustrial.eu\/lt\/shop\/potenciometrai-ir-jutikliai\/vieno-posukio-potenciometras\/vielinis-potenciometras\/dp120\/#primaryimage"},"thumbnailUrl":"https:\/\/myindustrial.eu\/wp-content\/uploads\/2022\/01\/dp120_eingang_draht_altmann_400x413-400x413.jpg","datePublished":"2022-01-14T02:02:32+00:00","dateModified":"2023-12-28T19:18:40+00:00","breadcrumb":{"@id":"https:\/\/myindustrial.eu\/lt\/shop\/potenciometrai-ir-jutikliai\/vieno-posukio-potenciometras\/vielinis-potenciometras\/dp120\/#breadcrumb"},"inLanguage":"lt-LT","potentialAction":[{"@type":"ReadAction","target":["https:\/\/myindustrial.eu\/lt\/shop\/potenciometrai-ir-jutikliai\/vieno-posukio-potenciometras\/vielinis-potenciometras\/dp120\/"]}]},{"@type":"ImageObject","inLanguage":"lt-LT","@id":"https:\/\/myindustrial.eu\/lt\/shop\/potenciometrai-ir-jutikliai\/vieno-posukio-potenciometras\/vielinis-potenciometras\/dp120\/#primaryimage","url":"https:\/\/myindustrial.eu\/wp-content\/uploads\/2022\/01\/dp120_eingang_draht_altmann_400x413-400x413.jpg","contentUrl":"https:\/\/myindustrial.eu\/wp-content\/uploads\/2022\/01\/dp120_eingang_draht_altmann_400x413-400x413.jpg","width":400,"height":413},{"@type":"BreadcrumbList","@id":"https:\/\/myindustrial.eu\/lt\/shop\/potenciometrai-ir-jutikliai\/vieno-posukio-potenciometras\/vielinis-potenciometras\/dp120\/#breadcrumb","itemListElement":[{"@type":"ListItem","position":1,"name":"Home","item":"https:\/\/myindustrial.eu\/lt\/"},{"@type":"ListItem","position":2,"name":"Products","item":"https:\/\/myindustrial.eu\/lt\/products\/"},{"@type":"ListItem","position":3,"name":"Vielinis potenciometras DP120"}]},{"@type":"WebSite","@id":"https:\/\/myindustrial.eu\/lt\/#website","url":"https:\/\/myindustrial.eu\/lt\/","name":"My industrial","description":"","potentialAction":[{"@type":"SearchAction","target":{"@type":"EntryPoint","urlTemplate":"https:\/\/myindustrial.eu\/lt\/?s={search_term_string}"},"query-input":{"@type":"PropertyValueSpecification","valueRequired":true,"valueName":"search_term_string"}}],"inLanguage":"lt-LT"}]}},"_links":{"self":[{"href":"https:\/\/myindustrial.eu\/lt\/wp-json\/wp\/v2\/product\/1260059268","targetHints":{"allow":["GET"]}}],"collection":[{"href":"https:\/\/myindustrial.eu\/lt\/wp-json\/wp\/v2\/product"}],"about":[{"href":"https:\/\/myindustrial.eu\/lt\/wp-json\/wp\/v2\/types\/product"}],"version-history":[{"count":0,"href":"https:\/\/myindustrial.eu\/lt\/wp-json\/wp\/v2\/product\/1260059268\/revisions"}],"wp:featuredmedia":[{"embeddable":true,"href":"https:\/\/myindustrial.eu\/lt\/wp-json\/wp\/v2\/media\/1260061928"}],"wp:attachment":[{"href":"https:\/\/myindustrial.eu\/lt\/wp-json\/wp\/v2\/media?parent=1260059268"}],"wp:term":[{"taxonomy":"product_brand","embeddable":true,"href":"https:\/\/myindustrial.eu\/lt\/wp-json\/wp\/v2\/product_brand?post=1260059268"},{"taxonomy":"product_cat","embeddable":true,"href":"https:\/\/myindustrial.eu\/lt\/wp-json\/wp\/v2\/product_cat?post=1260059268"},{"taxonomy":"product_tag","embeddable":true,"href":"https:\/\/myindustrial.eu\/lt\/wp-json\/wp\/v2\/product_tag?post=1260059268"}],"curies":[{"name":"wp","href":"https:\/\/api.w.org\/{rel}","templated":true}]}}