{"id":1260059269,"date":"2022-01-14T01:36:47","date_gmt":"2022-01-14T02:02:32","guid":{"rendered":"https:\/\/myindustrial.eu\/shop-2\/be-kategorijos\/f25\/"},"modified":"2023-12-28T19:29:02","modified_gmt":"2023-12-28T19:29:02","slug":"f25","status":"publish","type":"product","link":"https:\/\/myindustrial.eu\/lt\/shop\/potenciometrai-ir-jutikliai\/vieno-posukio-potenciometras\/vielinis-potenciometras\/f25\/","title":{"rendered":"Vielinis potenciometras F25"},"content":{"rendered":"<p><iframe width=\"560\" height=\"315\" src=\"https:\/\/youtube.com\/embed\/wvpDcpkYLPo\" frameborder=\"0\" allow=\"accelerometer; autoplay; clipboard-write; encrypted-media; gyroscope; picture-in-picture; web-share\" allowfullscreen><\/iframe><\/p>\n","protected":false},"excerpt":{"rendered":"<p><span style=\"font-weight: 400;\">Smulkaus \u0161lifavimo rezistori\u0173 produkt\u0173 linija pasi\u017eymi itin ma\u017eu 0,003 Ncm sukimo momentu, tod\u0117l juos galima reguliuoti labai tiksliai. Kad b\u016bt\u0173 pasiektas \u0161is sukimo momentas, matuoklio kontaktinis sl\u0117gis \u012f apvij\u0105 turi b\u016bti kuo ma\u017eesnis. Sukamuosius rezistorius sudaro suvyniota var\u017eos viela ir valytuvas, kuris per sujungimo sistem\u0105 yra sujungtas su matavimo prietaiso rodykl\u0117s velenu. At\u0161akai ir apvijoms naudojami tik tauri\u0173j\u0173 metal\u0173 lydiniai, pasi\u017eymintys dideliu atsparumu korozijai. F25 serijos prietaisai pasi\u017eymi ilgaam\u017ei\u0161kumu ir ypa\u010d tinka naudoti matavimo prietaisuose su rodykl\u0117s funkcija. F25Z serija gaminama specialiai \u0161iai taikymo sri\u010diai. Kaip priedus prie smulki\u0173j\u0173 \u0161lifavimo rezistori\u0173 galima \u012fsigyti sankabos \u0161akutes ir sankabos svirtis. Taip pat galima integruoti matavimo keitl\u012f su 0\/4&#8230;20 mA arba 0&#8230;10 V nuolatin\u0117s srov\u0117s i\u0161vesties signalu.<\/span><\/p>\n","protected":false},"featured_media":1260058385,"template":"","meta":[],"product_brand":[],"product_cat":[1541],"product_tag":[],"class_list":{"0":"post-1260059269","1":"product","2":"type-product","3":"status-publish","4":"has-post-thumbnail","6":"product_cat-vielinis-potenciometras","8":"first","9":"instock","10":"product-type-simple"},"yoast_head":"<!-- This site is optimized with the Yoast SEO plugin v27.1.1 - https:\/\/yoast.com\/product\/yoast-seo-wordpress\/ -->\n<title>Vielinis potenciometras F25 - My industrial<\/title>\n<meta name=\"robots\" content=\"index, follow, max-snippet:-1, max-image-preview:large, max-video-preview:-1\" \/>\n<link rel=\"canonical\" href=\"https:\/\/myindustrial.eu\/lt\/shop\/potenciometrai-ir-jutikliai\/vieno-posukio-potenciometras\/vielinis-potenciometras\/f25\/\" \/>\n<meta property=\"og:locale\" content=\"lt_LT\" \/>\n<meta property=\"og:type\" content=\"article\" \/>\n<meta property=\"og:title\" content=\"Vielinis potenciometras F25 - My industrial\" \/>\n<meta property=\"og:description\" content=\"Smulkaus \u0161lifavimo rezistori\u0173 produkt\u0173 linija pasi\u017eymi itin ma\u017eu 0,003 Ncm sukimo momentu, tod\u0117l juos galima reguliuoti labai tiksliai. Kad b\u016bt\u0173 pasiektas \u0161is sukimo momentas, matuoklio kontaktinis sl\u0117gis \u012f apvij\u0105 turi b\u016bti kuo ma\u017eesnis. Sukamuosius rezistorius sudaro suvyniota var\u017eos viela ir valytuvas, kuris per sujungimo sistem\u0105 yra sujungtas su matavimo prietaiso rodykl\u0117s velenu. At\u0161akai ir apvijoms naudojami tik tauri\u0173j\u0173 metal\u0173 lydiniai, pasi\u017eymintys dideliu atsparumu korozijai. F25 serijos prietaisai pasi\u017eymi ilgaam\u017ei\u0161kumu ir ypa\u010d tinka naudoti matavimo prietaisuose su rodykl\u0117s funkcija. F25Z serija gaminama specialiai \u0161iai taikymo sri\u010diai. Kaip priedus prie smulki\u0173j\u0173 \u0161lifavimo rezistori\u0173 galima \u012fsigyti sankabos \u0161akutes ir sankabos svirtis. Taip pat galima integruoti matavimo keitl\u012f su 0\/4...20 mA arba 0...10 V nuolatin\u0117s srov\u0117s i\u0161vesties signalu.\" \/>\n<meta property=\"og:url\" content=\"https:\/\/myindustrial.eu\/lt\/shop\/potenciometrai-ir-jutikliai\/vieno-posukio-potenciometras\/vielinis-potenciometras\/f25\/\" \/>\n<meta property=\"og:site_name\" content=\"My industrial\" \/>\n<meta property=\"article:modified_time\" content=\"2023-12-28T19:29:02+00:00\" \/>\n<meta property=\"og:image\" content=\"https:\/\/myindustrial.eu\/wp-content\/uploads\/2022\/01\/F25.webp\" \/>\n\t<meta property=\"og:image:width\" content=\"400\" \/>\n\t<meta property=\"og:image:height\" content=\"413\" \/>\n\t<meta property=\"og:image:type\" content=\"image\/webp\" \/>\n<meta name=\"twitter:card\" content=\"summary_large_image\" \/>\n<script type=\"application\/ld+json\" class=\"yoast-schema-graph\">{\"@context\":\"https:\/\/schema.org\",\"@graph\":[{\"@type\":\"WebPage\",\"@id\":\"https:\/\/myindustrial.eu\/lt\/shop\/potenciometrai-ir-jutikliai\/vieno-posukio-potenciometras\/vielinis-potenciometras\/f25\/\",\"url\":\"https:\/\/myindustrial.eu\/lt\/shop\/potenciometrai-ir-jutikliai\/vieno-posukio-potenciometras\/vielinis-potenciometras\/f25\/\",\"name\":\"Vielinis potenciometras F25 - My industrial\",\"isPartOf\":{\"@id\":\"https:\/\/myindustrial.eu\/lt\/#website\"},\"primaryImageOfPage\":{\"@id\":\"https:\/\/myindustrial.eu\/lt\/shop\/potenciometrai-ir-jutikliai\/vieno-posukio-potenciometras\/vielinis-potenciometras\/f25\/#primaryimage\"},\"image\":{\"@id\":\"https:\/\/myindustrial.eu\/lt\/shop\/potenciometrai-ir-jutikliai\/vieno-posukio-potenciometras\/vielinis-potenciometras\/f25\/#primaryimage\"},\"thumbnailUrl\":\"https:\/\/myindustrial.eu\/wp-content\/uploads\/2022\/01\/F25.webp\",\"datePublished\":\"2022-01-14T02:02:32+00:00\",\"dateModified\":\"2023-12-28T19:29:02+00:00\",\"breadcrumb\":{\"@id\":\"https:\/\/myindustrial.eu\/lt\/shop\/potenciometrai-ir-jutikliai\/vieno-posukio-potenciometras\/vielinis-potenciometras\/f25\/#breadcrumb\"},\"inLanguage\":\"lt-LT\",\"potentialAction\":[{\"@type\":\"ReadAction\",\"target\":[\"https:\/\/myindustrial.eu\/lt\/shop\/potenciometrai-ir-jutikliai\/vieno-posukio-potenciometras\/vielinis-potenciometras\/f25\/\"]}]},{\"@type\":\"ImageObject\",\"inLanguage\":\"lt-LT\",\"@id\":\"https:\/\/myindustrial.eu\/lt\/shop\/potenciometrai-ir-jutikliai\/vieno-posukio-potenciometras\/vielinis-potenciometras\/f25\/#primaryimage\",\"url\":\"https:\/\/myindustrial.eu\/wp-content\/uploads\/2022\/01\/F25.webp\",\"contentUrl\":\"https:\/\/myindustrial.eu\/wp-content\/uploads\/2022\/01\/F25.webp\",\"width\":400,\"height\":413},{\"@type\":\"BreadcrumbList\",\"@id\":\"https:\/\/myindustrial.eu\/lt\/shop\/potenciometrai-ir-jutikliai\/vieno-posukio-potenciometras\/vielinis-potenciometras\/f25\/#breadcrumb\",\"itemListElement\":[{\"@type\":\"ListItem\",\"position\":1,\"name\":\"Home\",\"item\":\"https:\/\/myindustrial.eu\/lt\/\"},{\"@type\":\"ListItem\",\"position\":2,\"name\":\"Products\",\"item\":\"https:\/\/myindustrial.eu\/lt\/products\/\"},{\"@type\":\"ListItem\",\"position\":3,\"name\":\"Vielinis potenciometras F25\"}]},{\"@type\":\"WebSite\",\"@id\":\"https:\/\/myindustrial.eu\/lt\/#website\",\"url\":\"https:\/\/myindustrial.eu\/lt\/\",\"name\":\"My industrial\",\"description\":\"\",\"potentialAction\":[{\"@type\":\"SearchAction\",\"target\":{\"@type\":\"EntryPoint\",\"urlTemplate\":\"https:\/\/myindustrial.eu\/lt\/?s={search_term_string}\"},\"query-input\":{\"@type\":\"PropertyValueSpecification\",\"valueRequired\":true,\"valueName\":\"search_term_string\"}}],\"inLanguage\":\"lt-LT\"}]}<\/script>\n<!-- \/ Yoast SEO plugin. -->","yoast_head_json":{"title":"Vielinis potenciometras F25 - My industrial","robots":{"index":"index","follow":"follow","max-snippet":"max-snippet:-1","max-image-preview":"max-image-preview:large","max-video-preview":"max-video-preview:-1"},"canonical":"https:\/\/myindustrial.eu\/lt\/shop\/potenciometrai-ir-jutikliai\/vieno-posukio-potenciometras\/vielinis-potenciometras\/f25\/","og_locale":"lt_LT","og_type":"article","og_title":"Vielinis potenciometras F25 - My industrial","og_description":"Smulkaus \u0161lifavimo rezistori\u0173 produkt\u0173 linija pasi\u017eymi itin ma\u017eu 0,003 Ncm sukimo momentu, tod\u0117l juos galima reguliuoti labai tiksliai. Kad b\u016bt\u0173 pasiektas \u0161is sukimo momentas, matuoklio kontaktinis sl\u0117gis \u012f apvij\u0105 turi b\u016bti kuo ma\u017eesnis. Sukamuosius rezistorius sudaro suvyniota var\u017eos viela ir valytuvas, kuris per sujungimo sistem\u0105 yra sujungtas su matavimo prietaiso rodykl\u0117s velenu. At\u0161akai ir apvijoms naudojami tik tauri\u0173j\u0173 metal\u0173 lydiniai, pasi\u017eymintys dideliu atsparumu korozijai. F25 serijos prietaisai pasi\u017eymi ilgaam\u017ei\u0161kumu ir ypa\u010d tinka naudoti matavimo prietaisuose su rodykl\u0117s funkcija. F25Z serija gaminama specialiai \u0161iai taikymo sri\u010diai. Kaip priedus prie smulki\u0173j\u0173 \u0161lifavimo rezistori\u0173 galima \u012fsigyti sankabos \u0161akutes ir sankabos svirtis. Taip pat galima integruoti matavimo keitl\u012f su 0\/4...20 mA arba 0...10 V nuolatin\u0117s srov\u0117s i\u0161vesties signalu.","og_url":"https:\/\/myindustrial.eu\/lt\/shop\/potenciometrai-ir-jutikliai\/vieno-posukio-potenciometras\/vielinis-potenciometras\/f25\/","og_site_name":"My industrial","article_modified_time":"2023-12-28T19:29:02+00:00","og_image":[{"width":400,"height":413,"url":"https:\/\/myindustrial.eu\/wp-content\/uploads\/2022\/01\/F25.webp","type":"image\/webp"}],"twitter_card":"summary_large_image","schema":{"@context":"https:\/\/schema.org","@graph":[{"@type":"WebPage","@id":"https:\/\/myindustrial.eu\/lt\/shop\/potenciometrai-ir-jutikliai\/vieno-posukio-potenciometras\/vielinis-potenciometras\/f25\/","url":"https:\/\/myindustrial.eu\/lt\/shop\/potenciometrai-ir-jutikliai\/vieno-posukio-potenciometras\/vielinis-potenciometras\/f25\/","name":"Vielinis potenciometras F25 - My industrial","isPartOf":{"@id":"https:\/\/myindustrial.eu\/lt\/#website"},"primaryImageOfPage":{"@id":"https:\/\/myindustrial.eu\/lt\/shop\/potenciometrai-ir-jutikliai\/vieno-posukio-potenciometras\/vielinis-potenciometras\/f25\/#primaryimage"},"image":{"@id":"https:\/\/myindustrial.eu\/lt\/shop\/potenciometrai-ir-jutikliai\/vieno-posukio-potenciometras\/vielinis-potenciometras\/f25\/#primaryimage"},"thumbnailUrl":"https:\/\/myindustrial.eu\/wp-content\/uploads\/2022\/01\/F25.webp","datePublished":"2022-01-14T02:02:32+00:00","dateModified":"2023-12-28T19:29:02+00:00","breadcrumb":{"@id":"https:\/\/myindustrial.eu\/lt\/shop\/potenciometrai-ir-jutikliai\/vieno-posukio-potenciometras\/vielinis-potenciometras\/f25\/#breadcrumb"},"inLanguage":"lt-LT","potentialAction":[{"@type":"ReadAction","target":["https:\/\/myindustrial.eu\/lt\/shop\/potenciometrai-ir-jutikliai\/vieno-posukio-potenciometras\/vielinis-potenciometras\/f25\/"]}]},{"@type":"ImageObject","inLanguage":"lt-LT","@id":"https:\/\/myindustrial.eu\/lt\/shop\/potenciometrai-ir-jutikliai\/vieno-posukio-potenciometras\/vielinis-potenciometras\/f25\/#primaryimage","url":"https:\/\/myindustrial.eu\/wp-content\/uploads\/2022\/01\/F25.webp","contentUrl":"https:\/\/myindustrial.eu\/wp-content\/uploads\/2022\/01\/F25.webp","width":400,"height":413},{"@type":"BreadcrumbList","@id":"https:\/\/myindustrial.eu\/lt\/shop\/potenciometrai-ir-jutikliai\/vieno-posukio-potenciometras\/vielinis-potenciometras\/f25\/#breadcrumb","itemListElement":[{"@type":"ListItem","position":1,"name":"Home","item":"https:\/\/myindustrial.eu\/lt\/"},{"@type":"ListItem","position":2,"name":"Products","item":"https:\/\/myindustrial.eu\/lt\/products\/"},{"@type":"ListItem","position":3,"name":"Vielinis potenciometras F25"}]},{"@type":"WebSite","@id":"https:\/\/myindustrial.eu\/lt\/#website","url":"https:\/\/myindustrial.eu\/lt\/","name":"My industrial","description":"","potentialAction":[{"@type":"SearchAction","target":{"@type":"EntryPoint","urlTemplate":"https:\/\/myindustrial.eu\/lt\/?s={search_term_string}"},"query-input":{"@type":"PropertyValueSpecification","valueRequired":true,"valueName":"search_term_string"}}],"inLanguage":"lt-LT"}]}},"_links":{"self":[{"href":"https:\/\/myindustrial.eu\/lt\/wp-json\/wp\/v2\/product\/1260059269","targetHints":{"allow":["GET"]}}],"collection":[{"href":"https:\/\/myindustrial.eu\/lt\/wp-json\/wp\/v2\/product"}],"about":[{"href":"https:\/\/myindustrial.eu\/lt\/wp-json\/wp\/v2\/types\/product"}],"version-history":[{"count":0,"href":"https:\/\/myindustrial.eu\/lt\/wp-json\/wp\/v2\/product\/1260059269\/revisions"}],"wp:featuredmedia":[{"embeddable":true,"href":"https:\/\/myindustrial.eu\/lt\/wp-json\/wp\/v2\/media\/1260058385"}],"wp:attachment":[{"href":"https:\/\/myindustrial.eu\/lt\/wp-json\/wp\/v2\/media?parent=1260059269"}],"wp:term":[{"taxonomy":"product_brand","embeddable":true,"href":"https:\/\/myindustrial.eu\/lt\/wp-json\/wp\/v2\/product_brand?post=1260059269"},{"taxonomy":"product_cat","embeddable":true,"href":"https:\/\/myindustrial.eu\/lt\/wp-json\/wp\/v2\/product_cat?post=1260059269"},{"taxonomy":"product_tag","embeddable":true,"href":"https:\/\/myindustrial.eu\/lt\/wp-json\/wp\/v2\/product_tag?post=1260059269"}],"curies":[{"name":"wp","href":"https:\/\/api.w.org\/{rel}","templated":true}]}}