{"id":1260059288,"date":"2022-01-14T01:36:56","date_gmt":"2022-01-14T02:02:41","guid":{"rendered":"https:\/\/myindustrial.eu\/shop-2\/be-kategorijos\/tipas-texu-800-1000\/"},"modified":"2023-10-11T05:16:17","modified_gmt":"2023-10-11T05:16:17","slug":"tipas-texu-800-1000","status":"publish","type":"product","link":"https:\/\/myindustrial.eu\/lt\/shop\/darbiniai-stabdziai\/tipas-texu-800-1000\/","title":{"rendered":"Tipas TEXU 800-1000"},"content":{"rendered":"<p><iframe width=\"560\" height=\"315\" src=\"https:\/\/www.youtube.com\/embed\/sFNXg7fwnrc\" frameborder=\"0\" allow=\"accelerometer; autoplay; clipboard-write; encrypted-media; gyroscope; picture-in-picture; web-share\" allowfullscreen><\/iframe> <iframe width=\"560\" height=\"315\" src=\"https:\/\/www.youtube.com\/embed\/htgJ3j6802M\" frameborder=\"0\" allow=\"accelerometer; autoplay; clipboard-write; encrypted-media; gyroscope; picture-in-picture; web-share\" allowfullscreen><\/iframe><iframe width=\"560\" height=\"315\" src=\"https:\/\/www.youtube.com\/embed\/65yHOAWYjXo\" frameborder=\"0\" allow=\"accelerometer; autoplay; clipboard-write; encrypted-media; gyroscope; picture-in-picture; web-share\" allowfullscreen><\/iframe><\/p>\n","protected":false},"excerpt":{"rendered":"<p>DISKINIAI STABD\u017dIAI- TEXU tipas<br \/>\nTEXU serijos stabd\u017eiai yra dvigubo veikimo diskiniai stabd\u017eiai, kurie veikia pagal \u012fprasto b\u016bgninio stabd\u017eio nurodym\u0105. Stabdymo j\u0117ga bus perduodama \u012f stabd\u017ei\u0173 disk\u0105 dviem simetri\u0161kais ta\u0161kais.<br \/>\nD\u0117l to kompensuojamos veleno tangentin\u0117s j\u0117gos.<br \/>\n\u0160io stabd\u017eio ypatumas yra abiej\u0173 suport\u0173 \u012fjungimas dviem lygiagre\u010diai sumontuotais spyruokliniais vamzd\u017eiais, palyginti su tik vienu koncentri\u0161kai sumontuotu elektrohidrauliniu st\u016bmikliu.<br \/>\nU\u017edarius stabd\u012f, spyruokli\u0173 j\u0117ga bus tolygiai paskirstyta jungtimi abiem stabd\u017ei\u0173 svir\u010di\u0173 poroms.<br \/>\nDabar svirtys identi\u0161kai juda link veleno ir tokiu b\u016bdu atskiros guolio apkabos svirtys bus suformuotos plei\u0161tais ir ritin\u0117liais.<br \/>\nBe to, stabdis turi stabd\u017ei\u0173 svirties sukimo sinchronizatori\u0173, kuris atidarius stabd\u012f garantuoja sinchronizuot\u0105, vienod\u0105 tarp\u0105 tarp stabd\u017ei\u0173 disko ir vis\u0173 4 stabd\u017ei\u0173 trinkeli\u0173. Stabd\u017ei\u0173 trinkeli\u0173 susid\u0117v\u0117jim\u0105 ir did\u0117jant\u012f tarp\u0105 tarp disko ir antd\u0117klo kompensuoja antd\u0117kl\u0173 susid\u0117v\u0117jimo kompensatorius.<\/p>\n","protected":false},"featured_media":1260062039,"template":"","meta":[],"product_brand":[],"product_cat":[1417],"product_tag":[],"class_list":{"0":"post-1260059288","1":"product","2":"type-product","3":"status-publish","4":"has-post-thumbnail","6":"product_cat-darbiniai-stabdziai","8":"first","9":"instock","10":"product-type-simple"},"yoast_head":"<!-- This site is optimized with the Yoast SEO plugin v27.1.1 - https:\/\/yoast.com\/product\/yoast-seo-wordpress\/ -->\n<title>Tipas TEXU 800-1000 - My industrial<\/title>\n<meta name=\"robots\" content=\"index, follow, max-snippet:-1, max-image-preview:large, max-video-preview:-1\" \/>\n<link rel=\"canonical\" href=\"https:\/\/myindustrial.eu\/lt\/shop\/darbiniai-stabdziai\/tipas-texu-800-1000\/\" \/>\n<meta property=\"og:locale\" content=\"lt_LT\" \/>\n<meta property=\"og:type\" content=\"article\" \/>\n<meta property=\"og:title\" content=\"Tipas TEXU 800-1000 - My industrial\" \/>\n<meta property=\"og:description\" content=\"DISKINIAI STABD\u017dIAI- TEXU tipas TEXU serijos stabd\u017eiai yra dvigubo veikimo diskiniai stabd\u017eiai, kurie veikia pagal \u012fprasto b\u016bgninio stabd\u017eio nurodym\u0105. Stabdymo j\u0117ga bus perduodama \u012f stabd\u017ei\u0173 disk\u0105 dviem simetri\u0161kais ta\u0161kais. D\u0117l to kompensuojamos veleno tangentin\u0117s j\u0117gos. \u0160io stabd\u017eio ypatumas yra abiej\u0173 suport\u0173 \u012fjungimas dviem lygiagre\u010diai sumontuotais spyruokliniais vamzd\u017eiais, palyginti su tik vienu koncentri\u0161kai sumontuotu elektrohidrauliniu st\u016bmikliu. U\u017edarius stabd\u012f, spyruokli\u0173 j\u0117ga bus tolygiai paskirstyta jungtimi abiem stabd\u017ei\u0173 svir\u010di\u0173 poroms. Dabar svirtys identi\u0161kai juda link veleno ir tokiu b\u016bdu atskiros guolio apkabos svirtys bus suformuotos plei\u0161tais ir ritin\u0117liais. Be to, stabdis turi stabd\u017ei\u0173 svirties sukimo sinchronizatori\u0173, kuris atidarius stabd\u012f garantuoja sinchronizuot\u0105, vienod\u0105 tarp\u0105 tarp stabd\u017ei\u0173 disko ir vis\u0173 4 stabd\u017ei\u0173 trinkeli\u0173. Stabd\u017ei\u0173 trinkeli\u0173 susid\u0117v\u0117jim\u0105 ir did\u0117jant\u012f tarp\u0105 tarp disko ir antd\u0117klo kompensuoja antd\u0117kl\u0173 susid\u0117v\u0117jimo kompensatorius.\" \/>\n<meta property=\"og:url\" content=\"https:\/\/myindustrial.eu\/lt\/shop\/darbiniai-stabdziai\/tipas-texu-800-1000\/\" \/>\n<meta property=\"og:site_name\" content=\"My industrial\" \/>\n<meta property=\"article:modified_time\" content=\"2023-10-11T05:16:17+00:00\" \/>\n<meta property=\"og:image\" content=\"https:\/\/myindustrial.eu\/wp-content\/uploads\/2022\/01\/sibre-betriebsbremsen-texu_-500x500.jpg\" \/>\n\t<meta property=\"og:image:width\" content=\"500\" \/>\n\t<meta property=\"og:image:height\" content=\"500\" \/>\n\t<meta property=\"og:image:type\" content=\"image\/jpeg\" \/>\n<meta name=\"twitter:card\" content=\"summary_large_image\" \/>\n<script type=\"application\/ld+json\" class=\"yoast-schema-graph\">{\"@context\":\"https:\/\/schema.org\",\"@graph\":[{\"@type\":\"WebPage\",\"@id\":\"https:\/\/myindustrial.eu\/lt\/shop\/darbiniai-stabdziai\/tipas-texu-800-1000\/\",\"url\":\"https:\/\/myindustrial.eu\/lt\/shop\/darbiniai-stabdziai\/tipas-texu-800-1000\/\",\"name\":\"Tipas TEXU 800-1000 - My industrial\",\"isPartOf\":{\"@id\":\"https:\/\/myindustrial.eu\/lt\/#website\"},\"primaryImageOfPage\":{\"@id\":\"https:\/\/myindustrial.eu\/lt\/shop\/darbiniai-stabdziai\/tipas-texu-800-1000\/#primaryimage\"},\"image\":{\"@id\":\"https:\/\/myindustrial.eu\/lt\/shop\/darbiniai-stabdziai\/tipas-texu-800-1000\/#primaryimage\"},\"thumbnailUrl\":\"https:\/\/myindustrial.eu\/wp-content\/uploads\/2022\/01\/sibre-betriebsbremsen-texu_-500x500.jpg\",\"datePublished\":\"2022-01-14T02:02:41+00:00\",\"dateModified\":\"2023-10-11T05:16:17+00:00\",\"breadcrumb\":{\"@id\":\"https:\/\/myindustrial.eu\/lt\/shop\/darbiniai-stabdziai\/tipas-texu-800-1000\/#breadcrumb\"},\"inLanguage\":\"lt-LT\",\"potentialAction\":[{\"@type\":\"ReadAction\",\"target\":[\"https:\/\/myindustrial.eu\/lt\/shop\/darbiniai-stabdziai\/tipas-texu-800-1000\/\"]}]},{\"@type\":\"ImageObject\",\"inLanguage\":\"lt-LT\",\"@id\":\"https:\/\/myindustrial.eu\/lt\/shop\/darbiniai-stabdziai\/tipas-texu-800-1000\/#primaryimage\",\"url\":\"https:\/\/myindustrial.eu\/wp-content\/uploads\/2022\/01\/sibre-betriebsbremsen-texu_-500x500.jpg\",\"contentUrl\":\"https:\/\/myindustrial.eu\/wp-content\/uploads\/2022\/01\/sibre-betriebsbremsen-texu_-500x500.jpg\",\"width\":500,\"height\":500},{\"@type\":\"BreadcrumbList\",\"@id\":\"https:\/\/myindustrial.eu\/lt\/shop\/darbiniai-stabdziai\/tipas-texu-800-1000\/#breadcrumb\",\"itemListElement\":[{\"@type\":\"ListItem\",\"position\":1,\"name\":\"Home\",\"item\":\"https:\/\/myindustrial.eu\/lt\/\"},{\"@type\":\"ListItem\",\"position\":2,\"name\":\"Products\",\"item\":\"https:\/\/myindustrial.eu\/lt\/products\/\"},{\"@type\":\"ListItem\",\"position\":3,\"name\":\"Tipas TEXU 800-1000\"}]},{\"@type\":\"WebSite\",\"@id\":\"https:\/\/myindustrial.eu\/lt\/#website\",\"url\":\"https:\/\/myindustrial.eu\/lt\/\",\"name\":\"My industrial\",\"description\":\"\",\"potentialAction\":[{\"@type\":\"SearchAction\",\"target\":{\"@type\":\"EntryPoint\",\"urlTemplate\":\"https:\/\/myindustrial.eu\/lt\/?s={search_term_string}\"},\"query-input\":{\"@type\":\"PropertyValueSpecification\",\"valueRequired\":true,\"valueName\":\"search_term_string\"}}],\"inLanguage\":\"lt-LT\"}]}<\/script>\n<!-- \/ Yoast SEO plugin. -->","yoast_head_json":{"title":"Tipas TEXU 800-1000 - My industrial","robots":{"index":"index","follow":"follow","max-snippet":"max-snippet:-1","max-image-preview":"max-image-preview:large","max-video-preview":"max-video-preview:-1"},"canonical":"https:\/\/myindustrial.eu\/lt\/shop\/darbiniai-stabdziai\/tipas-texu-800-1000\/","og_locale":"lt_LT","og_type":"article","og_title":"Tipas TEXU 800-1000 - My industrial","og_description":"DISKINIAI STABD\u017dIAI- TEXU tipas TEXU serijos stabd\u017eiai yra dvigubo veikimo diskiniai stabd\u017eiai, kurie veikia pagal \u012fprasto b\u016bgninio stabd\u017eio nurodym\u0105. Stabdymo j\u0117ga bus perduodama \u012f stabd\u017ei\u0173 disk\u0105 dviem simetri\u0161kais ta\u0161kais. D\u0117l to kompensuojamos veleno tangentin\u0117s j\u0117gos. \u0160io stabd\u017eio ypatumas yra abiej\u0173 suport\u0173 \u012fjungimas dviem lygiagre\u010diai sumontuotais spyruokliniais vamzd\u017eiais, palyginti su tik vienu koncentri\u0161kai sumontuotu elektrohidrauliniu st\u016bmikliu. U\u017edarius stabd\u012f, spyruokli\u0173 j\u0117ga bus tolygiai paskirstyta jungtimi abiem stabd\u017ei\u0173 svir\u010di\u0173 poroms. Dabar svirtys identi\u0161kai juda link veleno ir tokiu b\u016bdu atskiros guolio apkabos svirtys bus suformuotos plei\u0161tais ir ritin\u0117liais. Be to, stabdis turi stabd\u017ei\u0173 svirties sukimo sinchronizatori\u0173, kuris atidarius stabd\u012f garantuoja sinchronizuot\u0105, vienod\u0105 tarp\u0105 tarp stabd\u017ei\u0173 disko ir vis\u0173 4 stabd\u017ei\u0173 trinkeli\u0173. Stabd\u017ei\u0173 trinkeli\u0173 susid\u0117v\u0117jim\u0105 ir did\u0117jant\u012f tarp\u0105 tarp disko ir antd\u0117klo kompensuoja antd\u0117kl\u0173 susid\u0117v\u0117jimo kompensatorius.","og_url":"https:\/\/myindustrial.eu\/lt\/shop\/darbiniai-stabdziai\/tipas-texu-800-1000\/","og_site_name":"My industrial","article_modified_time":"2023-10-11T05:16:17+00:00","og_image":[{"width":500,"height":500,"url":"https:\/\/myindustrial.eu\/wp-content\/uploads\/2022\/01\/sibre-betriebsbremsen-texu_-500x500.jpg","type":"image\/jpeg"}],"twitter_card":"summary_large_image","schema":{"@context":"https:\/\/schema.org","@graph":[{"@type":"WebPage","@id":"https:\/\/myindustrial.eu\/lt\/shop\/darbiniai-stabdziai\/tipas-texu-800-1000\/","url":"https:\/\/myindustrial.eu\/lt\/shop\/darbiniai-stabdziai\/tipas-texu-800-1000\/","name":"Tipas TEXU 800-1000 - My industrial","isPartOf":{"@id":"https:\/\/myindustrial.eu\/lt\/#website"},"primaryImageOfPage":{"@id":"https:\/\/myindustrial.eu\/lt\/shop\/darbiniai-stabdziai\/tipas-texu-800-1000\/#primaryimage"},"image":{"@id":"https:\/\/myindustrial.eu\/lt\/shop\/darbiniai-stabdziai\/tipas-texu-800-1000\/#primaryimage"},"thumbnailUrl":"https:\/\/myindustrial.eu\/wp-content\/uploads\/2022\/01\/sibre-betriebsbremsen-texu_-500x500.jpg","datePublished":"2022-01-14T02:02:41+00:00","dateModified":"2023-10-11T05:16:17+00:00","breadcrumb":{"@id":"https:\/\/myindustrial.eu\/lt\/shop\/darbiniai-stabdziai\/tipas-texu-800-1000\/#breadcrumb"},"inLanguage":"lt-LT","potentialAction":[{"@type":"ReadAction","target":["https:\/\/myindustrial.eu\/lt\/shop\/darbiniai-stabdziai\/tipas-texu-800-1000\/"]}]},{"@type":"ImageObject","inLanguage":"lt-LT","@id":"https:\/\/myindustrial.eu\/lt\/shop\/darbiniai-stabdziai\/tipas-texu-800-1000\/#primaryimage","url":"https:\/\/myindustrial.eu\/wp-content\/uploads\/2022\/01\/sibre-betriebsbremsen-texu_-500x500.jpg","contentUrl":"https:\/\/myindustrial.eu\/wp-content\/uploads\/2022\/01\/sibre-betriebsbremsen-texu_-500x500.jpg","width":500,"height":500},{"@type":"BreadcrumbList","@id":"https:\/\/myindustrial.eu\/lt\/shop\/darbiniai-stabdziai\/tipas-texu-800-1000\/#breadcrumb","itemListElement":[{"@type":"ListItem","position":1,"name":"Home","item":"https:\/\/myindustrial.eu\/lt\/"},{"@type":"ListItem","position":2,"name":"Products","item":"https:\/\/myindustrial.eu\/lt\/products\/"},{"@type":"ListItem","position":3,"name":"Tipas TEXU 800-1000"}]},{"@type":"WebSite","@id":"https:\/\/myindustrial.eu\/lt\/#website","url":"https:\/\/myindustrial.eu\/lt\/","name":"My industrial","description":"","potentialAction":[{"@type":"SearchAction","target":{"@type":"EntryPoint","urlTemplate":"https:\/\/myindustrial.eu\/lt\/?s={search_term_string}"},"query-input":{"@type":"PropertyValueSpecification","valueRequired":true,"valueName":"search_term_string"}}],"inLanguage":"lt-LT"}]}},"_links":{"self":[{"href":"https:\/\/myindustrial.eu\/lt\/wp-json\/wp\/v2\/product\/1260059288","targetHints":{"allow":["GET"]}}],"collection":[{"href":"https:\/\/myindustrial.eu\/lt\/wp-json\/wp\/v2\/product"}],"about":[{"href":"https:\/\/myindustrial.eu\/lt\/wp-json\/wp\/v2\/types\/product"}],"version-history":[{"count":1,"href":"https:\/\/myindustrial.eu\/lt\/wp-json\/wp\/v2\/product\/1260059288\/revisions"}],"predecessor-version":[{"id":1260063420,"href":"https:\/\/myindustrial.eu\/lt\/wp-json\/wp\/v2\/product\/1260059288\/revisions\/1260063420"}],"wp:featuredmedia":[{"embeddable":true,"href":"https:\/\/myindustrial.eu\/lt\/wp-json\/wp\/v2\/media\/1260062039"}],"wp:attachment":[{"href":"https:\/\/myindustrial.eu\/lt\/wp-json\/wp\/v2\/media?parent=1260059288"}],"wp:term":[{"taxonomy":"product_brand","embeddable":true,"href":"https:\/\/myindustrial.eu\/lt\/wp-json\/wp\/v2\/product_brand?post=1260059288"},{"taxonomy":"product_cat","embeddable":true,"href":"https:\/\/myindustrial.eu\/lt\/wp-json\/wp\/v2\/product_cat?post=1260059288"},{"taxonomy":"product_tag","embeddable":true,"href":"https:\/\/myindustrial.eu\/lt\/wp-json\/wp\/v2\/product_tag?post=1260059288"}],"curies":[{"name":"wp","href":"https:\/\/api.w.org\/{rel}","templated":true}]}}