{"id":1260059319,"date":"2022-01-14T01:37:16","date_gmt":"2022-01-14T02:02:59","guid":{"rendered":"https:\/\/myindustrial.eu\/shop-2\/be-kategorijos\/privalumai\/"},"modified":"2023-10-18T15:41:20","modified_gmt":"2023-10-18T15:41:20","slug":"privalumai","status":"publish","type":"product","link":"https:\/\/myindustrial.eu\/lt\/shop\/slp-kroviniu-lyginimo-sistema\/privalumai\/","title":{"rendered":"PRIVALUMAI"},"content":{"rendered":"<p><iframe src=\"https:\/\/www.youtube.com\/embed\/65yHOAWYjXo\" width=\"560\" height=\"315\" frameborder=\"0\" allowfullscreen=\"allowfullscreen\"><span data-mce-type=\"bookmark\" style=\"display: inline-block; width: 0px; overflow: hidden; line-height: 0;\" class=\"mce_SELRES_start\">\ufeff<\/span><\/iframe><iframe src=\"https:\/\/www.youtube.com\/embed\/iCRA9SZWtr0\" width=\"560\" height=\"315\" frameborder=\"0\" allowfullscreen=\"allowfullscreen\"><\/iframe><\/p>\n<div><strong>UNIKALUS STABD\u017dIS SU DVIGOMIS APBALTAIS.<\/strong>TEXU darbinis stabdys r\u016bpinasi pavaros sistema, nes velenui n\u0117ra radialin\u0117s apkrovos<\/p>\n<p><img fetchpriority=\"high\" decoding=\"async\" src=\"\/wp-content\/uploads\/2021\/11\/adv-1.webp\" alt=\"\" width=\"470\" height=\"350\" \/><\/p>\n<p>&nbsp;<\/p>\n<p><strong>UNIKALUS STABD\u017dIS BE NUOT\u0116KIO<\/strong><\/p>\n<p>SHI avarinis stabdysN\u0117ra hidraulini\u0173 nuot\u0117ki\u0173<\/p>\n<p><img decoding=\"async\" src=\"\/wp-content\/uploads\/2021\/11\/adv-2.webp\" alt=\"\" width=\"470\" height=\"350\" \/><\/p>\n<p>&nbsp;<\/p>\n<p><strong>3 \u017eingsnis \u2013 UNIKALI \u012eSP\u0116JIMO SISTEMA<\/strong><\/p>\n<p>Saugesnis ir ma\u017eesnis \u012ftempimas pavaros grandin\u0117je, nes aktyviai naudojami jutikliai, esantys \u0161alia art\u0117jan\u010dios kli\u016bties.<\/p>\n<p><img decoding=\"async\" src=\"\/wp-content\/uploads\/2021\/11\/solution-3.webp\" alt=\"\" width=\"470\" height=\"350\" \/><\/p>\n<p>&nbsp;<\/p>\n<p><strong>4 \u017eingsnis \u2013 GREIAUSIAUS REAKCIJOS SISTEMA<\/strong><\/p>\n<p>Greitas aptikimas ir greitas u\u017edarymas.Bendras atsako laikas yra apie 150 ms.<\/p>\n<p><img loading=\"lazy\" decoding=\"async\" src=\"\/wp-content\/uploads\/2021\/11\/solution-4.webp\" alt=\"\" width=\"470\" height=\"350\" \/><\/p>\n<p>&nbsp;<\/p>\n<p><strong>5 \u017eingsnis \u2013 ATSARGIN\u0116 APTIKIMO SISTEMA<\/strong><\/p>\n<p>Papildoma sauga naudojant deformacijos matuoklius papildomam kelio aptikimui.<\/p>\n<p><img loading=\"lazy\" decoding=\"async\" src=\"\/wp-content\/uploads\/2021\/11\/solution-5.webp\" alt=\"\" width=\"470\" height=\"350\" \/><\/p>\n<\/div>\n","protected":false},"excerpt":{"rendered":"<p>\ufeff UNIKALUS STABD\u017dIS SU DVIGOMIS APBALTAIS.TEXU darbinis stabdys r\u016bpinasi pavaros sistema, nes velenui n\u0117ra radialin\u0117s apkrovos &nbsp; UNIKALUS STABD\u017dIS BE<\/p>\n","protected":false},"featured_media":1260058660,"template":"","meta":[],"product_brand":[],"product_cat":[1422],"product_tag":[],"class_list":{"0":"post-1260059319","1":"product","2":"type-product","3":"status-publish","4":"has-post-thumbnail","6":"product_cat-slp-kroviniu-lyginimo-sistema","8":"first","9":"instock","10":"product-type-simple"},"yoast_head":"<!-- This site is optimized with the Yoast SEO plugin v27.1.1 - https:\/\/yoast.com\/product\/yoast-seo-wordpress\/ -->\n<title>PRIVALUMAI - My industrial<\/title>\n<meta name=\"robots\" content=\"index, follow, max-snippet:-1, max-image-preview:large, max-video-preview:-1\" \/>\n<link rel=\"canonical\" href=\"https:\/\/myindustrial.eu\/lt\/shop\/slp-kroviniu-lyginimo-sistema\/privalumai\/\" \/>\n<meta property=\"og:locale\" content=\"lt_LT\" \/>\n<meta property=\"og:type\" content=\"article\" \/>\n<meta property=\"og:title\" content=\"PRIVALUMAI - My industrial\" \/>\n<meta property=\"og:description\" content=\"\ufeff UNIKALUS STABD\u017dIS SU DVIGOMIS APBALTAIS.TEXU darbinis stabdys r\u016bpinasi pavaros sistema, nes velenui n\u0117ra radialin\u0117s apkrovos &nbsp; UNIKALUS STABD\u017dIS BE\" \/>\n<meta property=\"og:url\" content=\"https:\/\/myindustrial.eu\/lt\/shop\/slp-kroviniu-lyginimo-sistema\/privalumai\/\" \/>\n<meta property=\"og:site_name\" content=\"My industrial\" \/>\n<meta property=\"article:modified_time\" content=\"2023-10-18T15:41:20+00:00\" \/>\n<meta property=\"og:image\" content=\"https:\/\/myindustrial.eu\/wp-content\/uploads\/2022\/01\/adv-2.webp\" \/>\n\t<meta property=\"og:image:width\" content=\"470\" \/>\n\t<meta property=\"og:image:height\" content=\"350\" \/>\n\t<meta property=\"og:image:type\" content=\"image\/webp\" \/>\n<meta name=\"twitter:card\" content=\"summary_large_image\" \/>\n<script type=\"application\/ld+json\" class=\"yoast-schema-graph\">{\"@context\":\"https:\/\/schema.org\",\"@graph\":[{\"@type\":\"WebPage\",\"@id\":\"https:\/\/myindustrial.eu\/lt\/shop\/slp-kroviniu-lyginimo-sistema\/privalumai\/\",\"url\":\"https:\/\/myindustrial.eu\/lt\/shop\/slp-kroviniu-lyginimo-sistema\/privalumai\/\",\"name\":\"PRIVALUMAI - My industrial\",\"isPartOf\":{\"@id\":\"https:\/\/myindustrial.eu\/lt\/#website\"},\"primaryImageOfPage\":{\"@id\":\"https:\/\/myindustrial.eu\/lt\/shop\/slp-kroviniu-lyginimo-sistema\/privalumai\/#primaryimage\"},\"image\":{\"@id\":\"https:\/\/myindustrial.eu\/lt\/shop\/slp-kroviniu-lyginimo-sistema\/privalumai\/#primaryimage\"},\"thumbnailUrl\":\"https:\/\/myindustrial.eu\/wp-content\/uploads\/2022\/01\/adv-2.webp\",\"datePublished\":\"2022-01-14T02:02:59+00:00\",\"dateModified\":\"2023-10-18T15:41:20+00:00\",\"breadcrumb\":{\"@id\":\"https:\/\/myindustrial.eu\/lt\/shop\/slp-kroviniu-lyginimo-sistema\/privalumai\/#breadcrumb\"},\"inLanguage\":\"lt-LT\",\"potentialAction\":[{\"@type\":\"ReadAction\",\"target\":[\"https:\/\/myindustrial.eu\/lt\/shop\/slp-kroviniu-lyginimo-sistema\/privalumai\/\"]}]},{\"@type\":\"ImageObject\",\"inLanguage\":\"lt-LT\",\"@id\":\"https:\/\/myindustrial.eu\/lt\/shop\/slp-kroviniu-lyginimo-sistema\/privalumai\/#primaryimage\",\"url\":\"https:\/\/myindustrial.eu\/wp-content\/uploads\/2022\/01\/adv-2.webp\",\"contentUrl\":\"https:\/\/myindustrial.eu\/wp-content\/uploads\/2022\/01\/adv-2.webp\",\"width\":470,\"height\":350},{\"@type\":\"BreadcrumbList\",\"@id\":\"https:\/\/myindustrial.eu\/lt\/shop\/slp-kroviniu-lyginimo-sistema\/privalumai\/#breadcrumb\",\"itemListElement\":[{\"@type\":\"ListItem\",\"position\":1,\"name\":\"Home\",\"item\":\"https:\/\/myindustrial.eu\/lt\/\"},{\"@type\":\"ListItem\",\"position\":2,\"name\":\"Products\",\"item\":\"https:\/\/myindustrial.eu\/lt\/products\/\"},{\"@type\":\"ListItem\",\"position\":3,\"name\":\"PRIVALUMAI\"}]},{\"@type\":\"WebSite\",\"@id\":\"https:\/\/myindustrial.eu\/lt\/#website\",\"url\":\"https:\/\/myindustrial.eu\/lt\/\",\"name\":\"My industrial\",\"description\":\"\",\"potentialAction\":[{\"@type\":\"SearchAction\",\"target\":{\"@type\":\"EntryPoint\",\"urlTemplate\":\"https:\/\/myindustrial.eu\/lt\/?s={search_term_string}\"},\"query-input\":{\"@type\":\"PropertyValueSpecification\",\"valueRequired\":true,\"valueName\":\"search_term_string\"}}],\"inLanguage\":\"lt-LT\"}]}<\/script>\n<!-- \/ Yoast SEO plugin. -->","yoast_head_json":{"title":"PRIVALUMAI - My industrial","robots":{"index":"index","follow":"follow","max-snippet":"max-snippet:-1","max-image-preview":"max-image-preview:large","max-video-preview":"max-video-preview:-1"},"canonical":"https:\/\/myindustrial.eu\/lt\/shop\/slp-kroviniu-lyginimo-sistema\/privalumai\/","og_locale":"lt_LT","og_type":"article","og_title":"PRIVALUMAI - My industrial","og_description":"\ufeff UNIKALUS STABD\u017dIS SU DVIGOMIS APBALTAIS.TEXU darbinis stabdys r\u016bpinasi pavaros sistema, nes velenui n\u0117ra radialin\u0117s apkrovos &nbsp; UNIKALUS STABD\u017dIS BE","og_url":"https:\/\/myindustrial.eu\/lt\/shop\/slp-kroviniu-lyginimo-sistema\/privalumai\/","og_site_name":"My industrial","article_modified_time":"2023-10-18T15:41:20+00:00","og_image":[{"width":470,"height":350,"url":"https:\/\/myindustrial.eu\/wp-content\/uploads\/2022\/01\/adv-2.webp","type":"image\/webp"}],"twitter_card":"summary_large_image","schema":{"@context":"https:\/\/schema.org","@graph":[{"@type":"WebPage","@id":"https:\/\/myindustrial.eu\/lt\/shop\/slp-kroviniu-lyginimo-sistema\/privalumai\/","url":"https:\/\/myindustrial.eu\/lt\/shop\/slp-kroviniu-lyginimo-sistema\/privalumai\/","name":"PRIVALUMAI - My industrial","isPartOf":{"@id":"https:\/\/myindustrial.eu\/lt\/#website"},"primaryImageOfPage":{"@id":"https:\/\/myindustrial.eu\/lt\/shop\/slp-kroviniu-lyginimo-sistema\/privalumai\/#primaryimage"},"image":{"@id":"https:\/\/myindustrial.eu\/lt\/shop\/slp-kroviniu-lyginimo-sistema\/privalumai\/#primaryimage"},"thumbnailUrl":"https:\/\/myindustrial.eu\/wp-content\/uploads\/2022\/01\/adv-2.webp","datePublished":"2022-01-14T02:02:59+00:00","dateModified":"2023-10-18T15:41:20+00:00","breadcrumb":{"@id":"https:\/\/myindustrial.eu\/lt\/shop\/slp-kroviniu-lyginimo-sistema\/privalumai\/#breadcrumb"},"inLanguage":"lt-LT","potentialAction":[{"@type":"ReadAction","target":["https:\/\/myindustrial.eu\/lt\/shop\/slp-kroviniu-lyginimo-sistema\/privalumai\/"]}]},{"@type":"ImageObject","inLanguage":"lt-LT","@id":"https:\/\/myindustrial.eu\/lt\/shop\/slp-kroviniu-lyginimo-sistema\/privalumai\/#primaryimage","url":"https:\/\/myindustrial.eu\/wp-content\/uploads\/2022\/01\/adv-2.webp","contentUrl":"https:\/\/myindustrial.eu\/wp-content\/uploads\/2022\/01\/adv-2.webp","width":470,"height":350},{"@type":"BreadcrumbList","@id":"https:\/\/myindustrial.eu\/lt\/shop\/slp-kroviniu-lyginimo-sistema\/privalumai\/#breadcrumb","itemListElement":[{"@type":"ListItem","position":1,"name":"Home","item":"https:\/\/myindustrial.eu\/lt\/"},{"@type":"ListItem","position":2,"name":"Products","item":"https:\/\/myindustrial.eu\/lt\/products\/"},{"@type":"ListItem","position":3,"name":"PRIVALUMAI"}]},{"@type":"WebSite","@id":"https:\/\/myindustrial.eu\/lt\/#website","url":"https:\/\/myindustrial.eu\/lt\/","name":"My industrial","description":"","potentialAction":[{"@type":"SearchAction","target":{"@type":"EntryPoint","urlTemplate":"https:\/\/myindustrial.eu\/lt\/?s={search_term_string}"},"query-input":{"@type":"PropertyValueSpecification","valueRequired":true,"valueName":"search_term_string"}}],"inLanguage":"lt-LT"}]}},"_links":{"self":[{"href":"https:\/\/myindustrial.eu\/lt\/wp-json\/wp\/v2\/product\/1260059319","targetHints":{"allow":["GET"]}}],"collection":[{"href":"https:\/\/myindustrial.eu\/lt\/wp-json\/wp\/v2\/product"}],"about":[{"href":"https:\/\/myindustrial.eu\/lt\/wp-json\/wp\/v2\/types\/product"}],"version-history":[{"count":1,"href":"https:\/\/myindustrial.eu\/lt\/wp-json\/wp\/v2\/product\/1260059319\/revisions"}],"predecessor-version":[{"id":1260063444,"href":"https:\/\/myindustrial.eu\/lt\/wp-json\/wp\/v2\/product\/1260059319\/revisions\/1260063444"}],"wp:featuredmedia":[{"embeddable":true,"href":"https:\/\/myindustrial.eu\/lt\/wp-json\/wp\/v2\/media\/1260058660"}],"wp:attachment":[{"href":"https:\/\/myindustrial.eu\/lt\/wp-json\/wp\/v2\/media?parent=1260059319"}],"wp:term":[{"taxonomy":"product_brand","embeddable":true,"href":"https:\/\/myindustrial.eu\/lt\/wp-json\/wp\/v2\/product_brand?post=1260059319"},{"taxonomy":"product_cat","embeddable":true,"href":"https:\/\/myindustrial.eu\/lt\/wp-json\/wp\/v2\/product_cat?post=1260059319"},{"taxonomy":"product_tag","embeddable":true,"href":"https:\/\/myindustrial.eu\/lt\/wp-json\/wp\/v2\/product_tag?post=1260059319"}],"curies":[{"name":"wp","href":"https:\/\/api.w.org\/{rel}","templated":true}]}}