{"id":1260060770,"date":"2022-05-11T15:09:01","date_gmt":"2022-05-11T15:09:01","guid":{"rendered":"https:\/\/myindustrial.eu\/shop\/be-kategorijos\/knobs-handles\/"},"modified":"2023-06-16T20:48:21","modified_gmt":"2023-06-16T20:48:21","slug":"knobs-handles","status":"publish","type":"product","link":"https:\/\/myindustrial.eu\/lt\/shop\/potenciometrai-ir-jutikliai\/potenciometro-priedai\/knobs-handles\/","title":{"rendered":"Rankenos"},"content":{"rendered":"<p><iframe width=\"560\" height=\"315\" src=\"https:\/\/youtube.com\/embed\/Ds_GP4s2SIQ\" frameborder=\"0\" allow=\"accelerometer; autoplay; clipboard-write; encrypted-media; gyroscope; picture-in-picture; web-share\" allowfullscreen><\/iframe><\/p>\n","protected":false},"excerpt":{"rendered":"<p>Plastikines ir metalines sukam\u0105sias ranken\u0117les galima naudoti su visais m\u016bs\u0173 pasirinktais sukamaisiais potenciometrais. Be galim\u0173 variant\u0173, pagal pageidavim\u0105 galima \u012fsigyti ir kit\u0173 sukam\u0173j\u0173 ranken\u0117li\u0173. M\u016bs\u0173 profesionalus adapteris su integruota sukam\u0105ja ranken\u0117le ir integruotu svoriu yra pilnas sprendimas. \u0160is komponentas naudojamas keli\u0173 apsisukim\u0173 potenciometre ir yra metrin\u0117s ir colio versijos.<\/p>\n<p><strong>Techniniai duomenys<\/strong><br \/>\n<strong>Apra\u0161ymas<\/strong>: \u00d8 6,0 mm ir 6,35 mm (prof-adapteris)<br \/>\n<strong>Skersmuo<\/strong>: \u00d8 24,5 \/ \u00d8 28,0 \/ \u00d8 31,5 ir \u00d8 42 mm ir 63 mm (profesionalus adapteris)<br \/>\n<strong>Med\u017eiaga<\/strong>: plastikas arba aliuminis<br \/>\n<strong>Versija<\/strong>: anoduota, da\u017eyta, padengta<\/p>\n<p><strong>Ie\u0161kote pritaikyt\u0173 sprendim\u0173?<\/strong><br \/>\nTada susisiekite su mumis.<\/p>\n","protected":false},"featured_media":1260060765,"template":"","meta":[],"product_brand":[],"product_cat":[1285,1453],"product_tag":[],"class_list":{"0":"post-1260060770","1":"product","2":"type-product","3":"status-publish","4":"has-post-thumbnail","6":"product_cat-potenciometrai-ir-jutikliai","7":"product_cat-potenciometro-priedai","9":"first","10":"instock","11":"shipping-taxable","12":"product-type-simple"},"yoast_head":"<!-- This site is optimized with the Yoast SEO plugin v27.1.1 - https:\/\/yoast.com\/product\/yoast-seo-wordpress\/ -->\n<title>Rankenos - My industrial<\/title>\n<meta name=\"robots\" content=\"index, follow, max-snippet:-1, max-image-preview:large, max-video-preview:-1\" \/>\n<link rel=\"canonical\" href=\"https:\/\/myindustrial.eu\/lt\/shop\/potenciometrai-ir-jutikliai\/potenciometro-priedai\/knobs-handles\/\" \/>\n<meta property=\"og:locale\" content=\"lt_LT\" \/>\n<meta property=\"og:type\" content=\"article\" \/>\n<meta property=\"og:title\" content=\"Rankenos - My industrial\" \/>\n<meta property=\"og:description\" content=\"Plastikines ir metalines sukam\u0105sias ranken\u0117les galima naudoti su visais m\u016bs\u0173 pasirinktais sukamaisiais potenciometrais. Be galim\u0173 variant\u0173, pagal pageidavim\u0105 galima \u012fsigyti ir kit\u0173 sukam\u0173j\u0173 ranken\u0117li\u0173. M\u016bs\u0173 profesionalus adapteris su integruota sukam\u0105ja ranken\u0117le ir integruotu svoriu yra pilnas sprendimas. \u0160is komponentas naudojamas keli\u0173 apsisukim\u0173 potenciometre ir yra metrin\u0117s ir colio versijos.  Techniniai duomenys Apra\u0161ymas: \u00d8 6,0 mm ir 6,35 mm (prof-adapteris) Skersmuo: \u00d8 24,5 \/ \u00d8 28,0 \/ \u00d8 31,5 ir \u00d8 42 mm ir 63 mm (profesionalus adapteris) Med\u017eiaga: plastikas arba aliuminis Versija: anoduota, da\u017eyta, padengta  Ie\u0161kote pritaikyt\u0173 sprendim\u0173? Tada susisiekite su mumis.\" \/>\n<meta property=\"og:url\" content=\"https:\/\/myindustrial.eu\/lt\/shop\/potenciometrai-ir-jutikliai\/potenciometro-priedai\/knobs-handles\/\" \/>\n<meta property=\"og:site_name\" content=\"My industrial\" \/>\n<meta property=\"article:modified_time\" content=\"2023-06-16T20:48:21+00:00\" \/>\n<meta property=\"og:image\" content=\"https:\/\/myindustrial.eu\/wp-content\/uploads\/2022\/05\/Handles.webp\" \/>\n\t<meta property=\"og:image:width\" content=\"500\" \/>\n\t<meta property=\"og:image:height\" content=\"500\" \/>\n\t<meta property=\"og:image:type\" content=\"image\/webp\" \/>\n<meta name=\"twitter:card\" content=\"summary_large_image\" \/>\n<script type=\"application\/ld+json\" class=\"yoast-schema-graph\">{\"@context\":\"https:\/\/schema.org\",\"@graph\":[{\"@type\":\"WebPage\",\"@id\":\"https:\/\/myindustrial.eu\/lt\/shop\/potenciometrai-ir-jutikliai\/potenciometro-priedai\/knobs-handles\/\",\"url\":\"https:\/\/myindustrial.eu\/lt\/shop\/potenciometrai-ir-jutikliai\/potenciometro-priedai\/knobs-handles\/\",\"name\":\"Rankenos - My industrial\",\"isPartOf\":{\"@id\":\"https:\/\/myindustrial.eu\/lt\/#website\"},\"primaryImageOfPage\":{\"@id\":\"https:\/\/myindustrial.eu\/lt\/shop\/potenciometrai-ir-jutikliai\/potenciometro-priedai\/knobs-handles\/#primaryimage\"},\"image\":{\"@id\":\"https:\/\/myindustrial.eu\/lt\/shop\/potenciometrai-ir-jutikliai\/potenciometro-priedai\/knobs-handles\/#primaryimage\"},\"thumbnailUrl\":\"https:\/\/myindustrial.eu\/wp-content\/uploads\/2022\/05\/Handles.webp\",\"datePublished\":\"2022-05-11T15:09:01+00:00\",\"dateModified\":\"2023-06-16T20:48:21+00:00\",\"breadcrumb\":{\"@id\":\"https:\/\/myindustrial.eu\/lt\/shop\/potenciometrai-ir-jutikliai\/potenciometro-priedai\/knobs-handles\/#breadcrumb\"},\"inLanguage\":\"lt-LT\",\"potentialAction\":[{\"@type\":\"ReadAction\",\"target\":[\"https:\/\/myindustrial.eu\/lt\/shop\/potenciometrai-ir-jutikliai\/potenciometro-priedai\/knobs-handles\/\"]}]},{\"@type\":\"ImageObject\",\"inLanguage\":\"lt-LT\",\"@id\":\"https:\/\/myindustrial.eu\/lt\/shop\/potenciometrai-ir-jutikliai\/potenciometro-priedai\/knobs-handles\/#primaryimage\",\"url\":\"https:\/\/myindustrial.eu\/wp-content\/uploads\/2022\/05\/Handles.webp\",\"contentUrl\":\"https:\/\/myindustrial.eu\/wp-content\/uploads\/2022\/05\/Handles.webp\",\"width\":500,\"height\":500},{\"@type\":\"BreadcrumbList\",\"@id\":\"https:\/\/myindustrial.eu\/lt\/shop\/potenciometrai-ir-jutikliai\/potenciometro-priedai\/knobs-handles\/#breadcrumb\",\"itemListElement\":[{\"@type\":\"ListItem\",\"position\":1,\"name\":\"Home\",\"item\":\"https:\/\/myindustrial.eu\/lt\/\"},{\"@type\":\"ListItem\",\"position\":2,\"name\":\"Products\",\"item\":\"https:\/\/myindustrial.eu\/lt\/products\/\"},{\"@type\":\"ListItem\",\"position\":3,\"name\":\"Rankenos\"}]},{\"@type\":\"WebSite\",\"@id\":\"https:\/\/myindustrial.eu\/lt\/#website\",\"url\":\"https:\/\/myindustrial.eu\/lt\/\",\"name\":\"My industrial\",\"description\":\"\",\"potentialAction\":[{\"@type\":\"SearchAction\",\"target\":{\"@type\":\"EntryPoint\",\"urlTemplate\":\"https:\/\/myindustrial.eu\/lt\/?s={search_term_string}\"},\"query-input\":{\"@type\":\"PropertyValueSpecification\",\"valueRequired\":true,\"valueName\":\"search_term_string\"}}],\"inLanguage\":\"lt-LT\"}]}<\/script>\n<!-- \/ Yoast SEO plugin. -->","yoast_head_json":{"title":"Rankenos - My industrial","robots":{"index":"index","follow":"follow","max-snippet":"max-snippet:-1","max-image-preview":"max-image-preview:large","max-video-preview":"max-video-preview:-1"},"canonical":"https:\/\/myindustrial.eu\/lt\/shop\/potenciometrai-ir-jutikliai\/potenciometro-priedai\/knobs-handles\/","og_locale":"lt_LT","og_type":"article","og_title":"Rankenos - My industrial","og_description":"Plastikines ir metalines sukam\u0105sias ranken\u0117les galima naudoti su visais m\u016bs\u0173 pasirinktais sukamaisiais potenciometrais. Be galim\u0173 variant\u0173, pagal pageidavim\u0105 galima \u012fsigyti ir kit\u0173 sukam\u0173j\u0173 ranken\u0117li\u0173. M\u016bs\u0173 profesionalus adapteris su integruota sukam\u0105ja ranken\u0117le ir integruotu svoriu yra pilnas sprendimas. \u0160is komponentas naudojamas keli\u0173 apsisukim\u0173 potenciometre ir yra metrin\u0117s ir colio versijos.  Techniniai duomenys Apra\u0161ymas: \u00d8 6,0 mm ir 6,35 mm (prof-adapteris) Skersmuo: \u00d8 24,5 \/ \u00d8 28,0 \/ \u00d8 31,5 ir \u00d8 42 mm ir 63 mm (profesionalus adapteris) Med\u017eiaga: plastikas arba aliuminis Versija: anoduota, da\u017eyta, padengta  Ie\u0161kote pritaikyt\u0173 sprendim\u0173? Tada susisiekite su mumis.","og_url":"https:\/\/myindustrial.eu\/lt\/shop\/potenciometrai-ir-jutikliai\/potenciometro-priedai\/knobs-handles\/","og_site_name":"My industrial","article_modified_time":"2023-06-16T20:48:21+00:00","og_image":[{"width":500,"height":500,"url":"https:\/\/myindustrial.eu\/wp-content\/uploads\/2022\/05\/Handles.webp","type":"image\/webp"}],"twitter_card":"summary_large_image","schema":{"@context":"https:\/\/schema.org","@graph":[{"@type":"WebPage","@id":"https:\/\/myindustrial.eu\/lt\/shop\/potenciometrai-ir-jutikliai\/potenciometro-priedai\/knobs-handles\/","url":"https:\/\/myindustrial.eu\/lt\/shop\/potenciometrai-ir-jutikliai\/potenciometro-priedai\/knobs-handles\/","name":"Rankenos - My industrial","isPartOf":{"@id":"https:\/\/myindustrial.eu\/lt\/#website"},"primaryImageOfPage":{"@id":"https:\/\/myindustrial.eu\/lt\/shop\/potenciometrai-ir-jutikliai\/potenciometro-priedai\/knobs-handles\/#primaryimage"},"image":{"@id":"https:\/\/myindustrial.eu\/lt\/shop\/potenciometrai-ir-jutikliai\/potenciometro-priedai\/knobs-handles\/#primaryimage"},"thumbnailUrl":"https:\/\/myindustrial.eu\/wp-content\/uploads\/2022\/05\/Handles.webp","datePublished":"2022-05-11T15:09:01+00:00","dateModified":"2023-06-16T20:48:21+00:00","breadcrumb":{"@id":"https:\/\/myindustrial.eu\/lt\/shop\/potenciometrai-ir-jutikliai\/potenciometro-priedai\/knobs-handles\/#breadcrumb"},"inLanguage":"lt-LT","potentialAction":[{"@type":"ReadAction","target":["https:\/\/myindustrial.eu\/lt\/shop\/potenciometrai-ir-jutikliai\/potenciometro-priedai\/knobs-handles\/"]}]},{"@type":"ImageObject","inLanguage":"lt-LT","@id":"https:\/\/myindustrial.eu\/lt\/shop\/potenciometrai-ir-jutikliai\/potenciometro-priedai\/knobs-handles\/#primaryimage","url":"https:\/\/myindustrial.eu\/wp-content\/uploads\/2022\/05\/Handles.webp","contentUrl":"https:\/\/myindustrial.eu\/wp-content\/uploads\/2022\/05\/Handles.webp","width":500,"height":500},{"@type":"BreadcrumbList","@id":"https:\/\/myindustrial.eu\/lt\/shop\/potenciometrai-ir-jutikliai\/potenciometro-priedai\/knobs-handles\/#breadcrumb","itemListElement":[{"@type":"ListItem","position":1,"name":"Home","item":"https:\/\/myindustrial.eu\/lt\/"},{"@type":"ListItem","position":2,"name":"Products","item":"https:\/\/myindustrial.eu\/lt\/products\/"},{"@type":"ListItem","position":3,"name":"Rankenos"}]},{"@type":"WebSite","@id":"https:\/\/myindustrial.eu\/lt\/#website","url":"https:\/\/myindustrial.eu\/lt\/","name":"My industrial","description":"","potentialAction":[{"@type":"SearchAction","target":{"@type":"EntryPoint","urlTemplate":"https:\/\/myindustrial.eu\/lt\/?s={search_term_string}"},"query-input":{"@type":"PropertyValueSpecification","valueRequired":true,"valueName":"search_term_string"}}],"inLanguage":"lt-LT"}]}},"_links":{"self":[{"href":"https:\/\/myindustrial.eu\/lt\/wp-json\/wp\/v2\/product\/1260060770","targetHints":{"allow":["GET"]}}],"collection":[{"href":"https:\/\/myindustrial.eu\/lt\/wp-json\/wp\/v2\/product"}],"about":[{"href":"https:\/\/myindustrial.eu\/lt\/wp-json\/wp\/v2\/types\/product"}],"version-history":[{"count":0,"href":"https:\/\/myindustrial.eu\/lt\/wp-json\/wp\/v2\/product\/1260060770\/revisions"}],"wp:featuredmedia":[{"embeddable":true,"href":"https:\/\/myindustrial.eu\/lt\/wp-json\/wp\/v2\/media\/1260060765"}],"wp:attachment":[{"href":"https:\/\/myindustrial.eu\/lt\/wp-json\/wp\/v2\/media?parent=1260060770"}],"wp:term":[{"taxonomy":"product_brand","embeddable":true,"href":"https:\/\/myindustrial.eu\/lt\/wp-json\/wp\/v2\/product_brand?post=1260060770"},{"taxonomy":"product_cat","embeddable":true,"href":"https:\/\/myindustrial.eu\/lt\/wp-json\/wp\/v2\/product_cat?post=1260060770"},{"taxonomy":"product_tag","embeddable":true,"href":"https:\/\/myindustrial.eu\/lt\/wp-json\/wp\/v2\/product_tag?post=1260060770"}],"curies":[{"name":"wp","href":"https:\/\/api.w.org\/{rel}","templated":true}]}}