{"id":1260060839,"date":"2022-05-16T21:39:03","date_gmt":"2022-05-16T21:39:03","guid":{"rendered":"https:\/\/myindustrial.eu\/shop\/be-kategorijos\/controls-for-conveyor-systems\/"},"modified":"2023-06-16T20:48:04","modified_gmt":"2023-06-16T20:48:04","slug":"controls-for-conveyor-systems","status":"publish","type":"product","link":"https:\/\/myindustrial.eu\/lt\/shop\/pramonines-stabdziu-sistemos-ir-pavaru-sustabdymo-komponentai\/controls-for-conveyor-systems\/","title":{"rendered":"Konvejeri\u0173 stabd\u017ei\u0173 valdymo sistema"},"content":{"rendered":"","protected":false},"excerpt":{"rendered":"<p>Elektrohidraulini\u0173 stabd\u017ei\u0173 IBC sistemos yra idealiai pritaikytos saugiai atlikti b\u016btinas saugos funkcijas ir atlikti terminus.<\/p>\n<p>Tinka montuoti atgaline data, idealiai tinka technikos ir \u012frangos rekonstrukcijai ir modernizavimui. Jie yra nebrang\u016bs ir leid\u017eia lanks\u010diai pritaikyti \u012fvairias leistinas maitinimo \u012ftampas.<\/p>\n","protected":false},"featured_media":1260062265,"template":"","meta":[],"product_brand":[],"product_cat":[1386,1492],"product_tag":[],"class_list":{"0":"post-1260060839","1":"product","2":"type-product","3":"status-publish","4":"has-post-thumbnail","6":"product_cat-pramonines-stabdziu-sistemos-ir-pavaru-sustabdymo-komponentai","7":"product_cat-konvejeriu-stabdziu-valdymo-sistema","9":"first","10":"instock","11":"shipping-taxable","12":"product-type-simple"},"yoast_head":"<!-- This site is optimized with the Yoast SEO plugin v27.1.1 - https:\/\/yoast.com\/product\/yoast-seo-wordpress\/ -->\n<title>Konvejeri\u0173 stabd\u017ei\u0173 valdymo sistema - My industrial<\/title>\n<meta name=\"robots\" content=\"index, follow, max-snippet:-1, max-image-preview:large, max-video-preview:-1\" \/>\n<link rel=\"canonical\" href=\"https:\/\/myindustrial.eu\/lt\/shop\/pramonines-stabdziu-sistemos-ir-pavaru-sustabdymo-komponentai\/controls-for-conveyor-systems\/\" \/>\n<meta property=\"og:locale\" content=\"lt_LT\" \/>\n<meta property=\"og:type\" content=\"article\" \/>\n<meta property=\"og:title\" content=\"Konvejeri\u0173 stabd\u017ei\u0173 valdymo sistema - My industrial\" \/>\n<meta property=\"og:description\" content=\"Elektrohidraulini\u0173 stabd\u017ei\u0173 IBC sistemos yra idealiai pritaikytos saugiai atlikti b\u016btinas saugos funkcijas ir atlikti terminus.  Tinka montuoti atgaline data, idealiai tinka technikos ir \u012frangos rekonstrukcijai ir modernizavimui. Jie yra nebrang\u016bs ir leid\u017eia lanks\u010diai pritaikyti \u012fvairias leistinas maitinimo \u012ftampas.\" \/>\n<meta property=\"og:url\" content=\"https:\/\/myindustrial.eu\/lt\/shop\/pramonines-stabdziu-sistemos-ir-pavaru-sustabdymo-komponentai\/controls-for-conveyor-systems\/\" \/>\n<meta property=\"og:site_name\" content=\"My industrial\" \/>\n<meta property=\"article:modified_time\" content=\"2023-06-16T20:48:04+00:00\" \/>\n<meta property=\"og:image\" content=\"https:\/\/myindustrial.eu\/wp-content\/uploads\/2022\/05\/sibre-cat.webp\" \/>\n\t<meta property=\"og:image:width\" content=\"300\" \/>\n\t<meta property=\"og:image:height\" content=\"300\" \/>\n\t<meta property=\"og:image:type\" content=\"image\/webp\" \/>\n<meta name=\"twitter:card\" content=\"summary_large_image\" \/>\n<script type=\"application\/ld+json\" class=\"yoast-schema-graph\">{\"@context\":\"https:\/\/schema.org\",\"@graph\":[{\"@type\":\"WebPage\",\"@id\":\"https:\/\/myindustrial.eu\/lt\/shop\/pramonines-stabdziu-sistemos-ir-pavaru-sustabdymo-komponentai\/controls-for-conveyor-systems\/\",\"url\":\"https:\/\/myindustrial.eu\/lt\/shop\/pramonines-stabdziu-sistemos-ir-pavaru-sustabdymo-komponentai\/controls-for-conveyor-systems\/\",\"name\":\"Konvejeri\u0173 stabd\u017ei\u0173 valdymo sistema - My industrial\",\"isPartOf\":{\"@id\":\"https:\/\/myindustrial.eu\/lt\/#website\"},\"primaryImageOfPage\":{\"@id\":\"https:\/\/myindustrial.eu\/lt\/shop\/pramonines-stabdziu-sistemos-ir-pavaru-sustabdymo-komponentai\/controls-for-conveyor-systems\/#primaryimage\"},\"image\":{\"@id\":\"https:\/\/myindustrial.eu\/lt\/shop\/pramonines-stabdziu-sistemos-ir-pavaru-sustabdymo-komponentai\/controls-for-conveyor-systems\/#primaryimage\"},\"thumbnailUrl\":\"https:\/\/myindustrial.eu\/wp-content\/uploads\/2022\/12\/sibre-logo-big-800x800.jpg\",\"datePublished\":\"2022-05-16T21:39:03+00:00\",\"dateModified\":\"2023-06-16T20:48:04+00:00\",\"breadcrumb\":{\"@id\":\"https:\/\/myindustrial.eu\/lt\/shop\/pramonines-stabdziu-sistemos-ir-pavaru-sustabdymo-komponentai\/controls-for-conveyor-systems\/#breadcrumb\"},\"inLanguage\":\"lt-LT\",\"potentialAction\":[{\"@type\":\"ReadAction\",\"target\":[\"https:\/\/myindustrial.eu\/lt\/shop\/pramonines-stabdziu-sistemos-ir-pavaru-sustabdymo-komponentai\/controls-for-conveyor-systems\/\"]}]},{\"@type\":\"ImageObject\",\"inLanguage\":\"lt-LT\",\"@id\":\"https:\/\/myindustrial.eu\/lt\/shop\/pramonines-stabdziu-sistemos-ir-pavaru-sustabdymo-komponentai\/controls-for-conveyor-systems\/#primaryimage\",\"url\":\"https:\/\/myindustrial.eu\/wp-content\/uploads\/2022\/12\/sibre-logo-big-800x800.jpg\",\"contentUrl\":\"https:\/\/myindustrial.eu\/wp-content\/uploads\/2022\/12\/sibre-logo-big-800x800.jpg\",\"width\":800,\"height\":800},{\"@type\":\"BreadcrumbList\",\"@id\":\"https:\/\/myindustrial.eu\/lt\/shop\/pramonines-stabdziu-sistemos-ir-pavaru-sustabdymo-komponentai\/controls-for-conveyor-systems\/#breadcrumb\",\"itemListElement\":[{\"@type\":\"ListItem\",\"position\":1,\"name\":\"Home\",\"item\":\"https:\/\/myindustrial.eu\/lt\/\"},{\"@type\":\"ListItem\",\"position\":2,\"name\":\"Products\",\"item\":\"https:\/\/myindustrial.eu\/lt\/products\/\"},{\"@type\":\"ListItem\",\"position\":3,\"name\":\"Konvejeri\u0173 stabd\u017ei\u0173 valdymo sistema\"}]},{\"@type\":\"WebSite\",\"@id\":\"https:\/\/myindustrial.eu\/lt\/#website\",\"url\":\"https:\/\/myindustrial.eu\/lt\/\",\"name\":\"My industrial\",\"description\":\"\",\"potentialAction\":[{\"@type\":\"SearchAction\",\"target\":{\"@type\":\"EntryPoint\",\"urlTemplate\":\"https:\/\/myindustrial.eu\/lt\/?s={search_term_string}\"},\"query-input\":{\"@type\":\"PropertyValueSpecification\",\"valueRequired\":true,\"valueName\":\"search_term_string\"}}],\"inLanguage\":\"lt-LT\"}]}<\/script>\n<!-- \/ Yoast SEO plugin. -->","yoast_head_json":{"title":"Konvejeri\u0173 stabd\u017ei\u0173 valdymo sistema - My industrial","robots":{"index":"index","follow":"follow","max-snippet":"max-snippet:-1","max-image-preview":"max-image-preview:large","max-video-preview":"max-video-preview:-1"},"canonical":"https:\/\/myindustrial.eu\/lt\/shop\/pramonines-stabdziu-sistemos-ir-pavaru-sustabdymo-komponentai\/controls-for-conveyor-systems\/","og_locale":"lt_LT","og_type":"article","og_title":"Konvejeri\u0173 stabd\u017ei\u0173 valdymo sistema - My industrial","og_description":"Elektrohidraulini\u0173 stabd\u017ei\u0173 IBC sistemos yra idealiai pritaikytos saugiai atlikti b\u016btinas saugos funkcijas ir atlikti terminus.  Tinka montuoti atgaline data, idealiai tinka technikos ir \u012frangos rekonstrukcijai ir modernizavimui. Jie yra nebrang\u016bs ir leid\u017eia lanks\u010diai pritaikyti \u012fvairias leistinas maitinimo \u012ftampas.","og_url":"https:\/\/myindustrial.eu\/lt\/shop\/pramonines-stabdziu-sistemos-ir-pavaru-sustabdymo-komponentai\/controls-for-conveyor-systems\/","og_site_name":"My industrial","article_modified_time":"2023-06-16T20:48:04+00:00","og_image":[{"width":300,"height":300,"url":"https:\/\/myindustrial.eu\/wp-content\/uploads\/2022\/05\/sibre-cat.webp","type":"image\/webp"}],"twitter_card":"summary_large_image","schema":{"@context":"https:\/\/schema.org","@graph":[{"@type":"WebPage","@id":"https:\/\/myindustrial.eu\/lt\/shop\/pramonines-stabdziu-sistemos-ir-pavaru-sustabdymo-komponentai\/controls-for-conveyor-systems\/","url":"https:\/\/myindustrial.eu\/lt\/shop\/pramonines-stabdziu-sistemos-ir-pavaru-sustabdymo-komponentai\/controls-for-conveyor-systems\/","name":"Konvejeri\u0173 stabd\u017ei\u0173 valdymo sistema - My industrial","isPartOf":{"@id":"https:\/\/myindustrial.eu\/lt\/#website"},"primaryImageOfPage":{"@id":"https:\/\/myindustrial.eu\/lt\/shop\/pramonines-stabdziu-sistemos-ir-pavaru-sustabdymo-komponentai\/controls-for-conveyor-systems\/#primaryimage"},"image":{"@id":"https:\/\/myindustrial.eu\/lt\/shop\/pramonines-stabdziu-sistemos-ir-pavaru-sustabdymo-komponentai\/controls-for-conveyor-systems\/#primaryimage"},"thumbnailUrl":"https:\/\/myindustrial.eu\/wp-content\/uploads\/2022\/12\/sibre-logo-big-800x800.jpg","datePublished":"2022-05-16T21:39:03+00:00","dateModified":"2023-06-16T20:48:04+00:00","breadcrumb":{"@id":"https:\/\/myindustrial.eu\/lt\/shop\/pramonines-stabdziu-sistemos-ir-pavaru-sustabdymo-komponentai\/controls-for-conveyor-systems\/#breadcrumb"},"inLanguage":"lt-LT","potentialAction":[{"@type":"ReadAction","target":["https:\/\/myindustrial.eu\/lt\/shop\/pramonines-stabdziu-sistemos-ir-pavaru-sustabdymo-komponentai\/controls-for-conveyor-systems\/"]}]},{"@type":"ImageObject","inLanguage":"lt-LT","@id":"https:\/\/myindustrial.eu\/lt\/shop\/pramonines-stabdziu-sistemos-ir-pavaru-sustabdymo-komponentai\/controls-for-conveyor-systems\/#primaryimage","url":"https:\/\/myindustrial.eu\/wp-content\/uploads\/2022\/12\/sibre-logo-big-800x800.jpg","contentUrl":"https:\/\/myindustrial.eu\/wp-content\/uploads\/2022\/12\/sibre-logo-big-800x800.jpg","width":800,"height":800},{"@type":"BreadcrumbList","@id":"https:\/\/myindustrial.eu\/lt\/shop\/pramonines-stabdziu-sistemos-ir-pavaru-sustabdymo-komponentai\/controls-for-conveyor-systems\/#breadcrumb","itemListElement":[{"@type":"ListItem","position":1,"name":"Home","item":"https:\/\/myindustrial.eu\/lt\/"},{"@type":"ListItem","position":2,"name":"Products","item":"https:\/\/myindustrial.eu\/lt\/products\/"},{"@type":"ListItem","position":3,"name":"Konvejeri\u0173 stabd\u017ei\u0173 valdymo sistema"}]},{"@type":"WebSite","@id":"https:\/\/myindustrial.eu\/lt\/#website","url":"https:\/\/myindustrial.eu\/lt\/","name":"My industrial","description":"","potentialAction":[{"@type":"SearchAction","target":{"@type":"EntryPoint","urlTemplate":"https:\/\/myindustrial.eu\/lt\/?s={search_term_string}"},"query-input":{"@type":"PropertyValueSpecification","valueRequired":true,"valueName":"search_term_string"}}],"inLanguage":"lt-LT"}]}},"_links":{"self":[{"href":"https:\/\/myindustrial.eu\/lt\/wp-json\/wp\/v2\/product\/1260060839","targetHints":{"allow":["GET"]}}],"collection":[{"href":"https:\/\/myindustrial.eu\/lt\/wp-json\/wp\/v2\/product"}],"about":[{"href":"https:\/\/myindustrial.eu\/lt\/wp-json\/wp\/v2\/types\/product"}],"version-history":[{"count":0,"href":"https:\/\/myindustrial.eu\/lt\/wp-json\/wp\/v2\/product\/1260060839\/revisions"}],"wp:featuredmedia":[{"embeddable":true,"href":"https:\/\/myindustrial.eu\/lt\/wp-json\/wp\/v2\/media\/1260062265"}],"wp:attachment":[{"href":"https:\/\/myindustrial.eu\/lt\/wp-json\/wp\/v2\/media?parent=1260060839"}],"wp:term":[{"taxonomy":"product_brand","embeddable":true,"href":"https:\/\/myindustrial.eu\/lt\/wp-json\/wp\/v2\/product_brand?post=1260060839"},{"taxonomy":"product_cat","embeddable":true,"href":"https:\/\/myindustrial.eu\/lt\/wp-json\/wp\/v2\/product_cat?post=1260060839"},{"taxonomy":"product_tag","embeddable":true,"href":"https:\/\/myindustrial.eu\/lt\/wp-json\/wp\/v2\/product_tag?post=1260060839"}],"curies":[{"name":"wp","href":"https:\/\/api.w.org\/{rel}","templated":true}]}}