{"id":1260061038,"date":"2022-05-25T17:55:20","date_gmt":"2022-05-25T17:55:20","guid":{"rendered":"https:\/\/myindustrial.eu\/shop\/be-kategorijos\/emg-esse\/"},"modified":"2023-06-16T20:47:56","modified_gmt":"2023-06-16T20:47:56","slug":"emg-esse","status":"publish","type":"product","link":"https:\/\/myindustrial.eu\/lt\/shop\/elektrohidrauliniai-pavaru-sprendimai\/emg-esse-lt\/emg-esse\/","title":{"rendered":"EMG ESSE"},"content":{"rendered":"<p><iframe width=\"560\" height=\"315\" src=\"https:\/\/youtube.com\/shorts\/mz4ZFoZ4EBk?feature=share\" frameborder=\"0\" allow=\"accelerometer; autoplay; clipboard-write; encrypted-media; gyroscope; picture-in-picture; web-share\" allowfullscreen><\/iframe><\/p>\n","protected":false},"excerpt":{"rendered":"<p>EMG ESSE \u2013 greito reagavimo pavar\u0173 d\u0117\u017e\u0117<br \/>\nPa\u017eangi automatin\u0117 technologija j\u016bs\u0173 nuotek\u0173 valymo \u012frenginiui<\/p>\n<p>Ie\u0161kote automatinio sprendimo savo drena\u017eo procesams, pvz., pirminiame nusodintuve?<br \/>\nTuomet greito reagavimo pavara EMG ESSE yra tinkamas sprendimas!<br \/>\nESSE pavara atidaro ir u\u017edaro nuos\u0117d\u0173 dumblo ir plaukiojan\u010dio dumblo i\u0161leidimo vo\u017etuvus \u2013 100 % elektra, jokios pneumatikos ar hidraulikos.<br \/>\nSustiprintas ELHY\u00ae k\u0117limo \u012ftaisas su didesne j\u0117ga valdo sklend\u0119 per reguliuojam\u0105 ner\u016bdijan\u010dio plieno stryp\u0105. D\u0117l saugios gr\u012f\u017etamosios spyruokl\u0117s ir jungties svorio u\u017edaroma greitai ir automati\u0161kai.<br \/>\nAtidarytai ir u\u017edarytai pad\u0117\u010diai nustatyti \u012frengtas ribinis jungiklis.<\/p>\n<p><a href=\"\/wp-content\/uploads\/2022\/05\/emg_esse_flyer_en_rev01_10-2022.pdf\" target=\"_blank\" rel=\"noopener\"><img decoding=\"async\" src=\"\/wp-content\/uploads\/2023\/02\/download-button-lt.svg\" \/><\/a><\/p>\n","protected":false},"featured_media":1260061034,"template":"","meta":[],"product_brand":[],"product_cat":[1305,1623],"product_tag":[],"class_list":{"0":"post-1260061038","1":"product","2":"type-product","3":"status-publish","4":"has-post-thumbnail","6":"product_cat-elektrohidrauliniai-pavaru-sprendimai","7":"product_cat-emg-esse-lt","9":"first","10":"instock","11":"shipping-taxable","12":"product-type-simple"},"yoast_head":"<!-- This site is optimized with the Yoast SEO plugin v27.1.1 - https:\/\/yoast.com\/product\/yoast-seo-wordpress\/ -->\n<title>EMG ESSE - My industrial<\/title>\n<meta name=\"robots\" content=\"index, follow, max-snippet:-1, max-image-preview:large, max-video-preview:-1\" \/>\n<link rel=\"canonical\" href=\"https:\/\/myindustrial.eu\/lt\/shop\/elektrohidrauliniai-pavaru-sprendimai\/emg-esse-lt\/emg-esse\/\" \/>\n<meta property=\"og:locale\" content=\"lt_LT\" \/>\n<meta property=\"og:type\" content=\"article\" \/>\n<meta property=\"og:title\" content=\"EMG ESSE - My industrial\" \/>\n<meta property=\"og:description\" content=\"EMG ESSE \u2013 greito reagavimo pavar\u0173 d\u0117\u017e\u0117 Pa\u017eangi automatin\u0117 technologija j\u016bs\u0173 nuotek\u0173 valymo \u012frenginiui  Ie\u0161kote automatinio sprendimo savo drena\u017eo procesams, pvz., pirminiame nusodintuve? Tuomet greito reagavimo pavara EMG ESSE yra tinkamas sprendimas! ESSE pavara atidaro ir u\u017edaro nuos\u0117d\u0173 dumblo ir plaukiojan\u010dio dumblo i\u0161leidimo vo\u017etuvus \u2013 100 % elektra, jokios pneumatikos ar hidraulikos. Sustiprintas ELHY\u00ae k\u0117limo \u012ftaisas su didesne j\u0117ga valdo sklend\u0119 per reguliuojam\u0105 ner\u016bdijan\u010dio plieno stryp\u0105. D\u0117l saugios gr\u012f\u017etamosios spyruokl\u0117s ir jungties svorio u\u017edaroma greitai ir automati\u0161kai. Atidarytai ir u\u017edarytai pad\u0117\u010diai nustatyti \u012frengtas ribinis jungiklis.\" \/>\n<meta property=\"og:url\" content=\"https:\/\/myindustrial.eu\/lt\/shop\/elektrohidrauliniai-pavaru-sprendimai\/emg-esse-lt\/emg-esse\/\" \/>\n<meta property=\"og:site_name\" content=\"My industrial\" \/>\n<meta property=\"article:modified_time\" content=\"2023-06-16T20:47:56+00:00\" \/>\n<meta property=\"og:image\" content=\"https:\/\/myindustrial.eu\/wp-content\/uploads\/2022\/05\/quick-response.webp\" \/>\n\t<meta property=\"og:image:width\" content=\"800\" \/>\n\t<meta property=\"og:image:height\" content=\"800\" \/>\n\t<meta property=\"og:image:type\" content=\"image\/webp\" \/>\n<meta name=\"twitter:card\" content=\"summary_large_image\" \/>\n<script type=\"application\/ld+json\" class=\"yoast-schema-graph\">{\"@context\":\"https:\/\/schema.org\",\"@graph\":[{\"@type\":\"WebPage\",\"@id\":\"https:\/\/myindustrial.eu\/lt\/shop\/elektrohidrauliniai-pavaru-sprendimai\/emg-esse-lt\/emg-esse\/\",\"url\":\"https:\/\/myindustrial.eu\/lt\/shop\/elektrohidrauliniai-pavaru-sprendimai\/emg-esse-lt\/emg-esse\/\",\"name\":\"EMG ESSE - My industrial\",\"isPartOf\":{\"@id\":\"https:\/\/myindustrial.eu\/lt\/#website\"},\"primaryImageOfPage\":{\"@id\":\"https:\/\/myindustrial.eu\/lt\/shop\/elektrohidrauliniai-pavaru-sprendimai\/emg-esse-lt\/emg-esse\/#primaryimage\"},\"image\":{\"@id\":\"https:\/\/myindustrial.eu\/lt\/shop\/elektrohidrauliniai-pavaru-sprendimai\/emg-esse-lt\/emg-esse\/#primaryimage\"},\"thumbnailUrl\":\"https:\/\/myindustrial.eu\/wp-content\/uploads\/2022\/05\/quick-response.webp\",\"datePublished\":\"2022-05-25T17:55:20+00:00\",\"dateModified\":\"2023-06-16T20:47:56+00:00\",\"breadcrumb\":{\"@id\":\"https:\/\/myindustrial.eu\/lt\/shop\/elektrohidrauliniai-pavaru-sprendimai\/emg-esse-lt\/emg-esse\/#breadcrumb\"},\"inLanguage\":\"lt-LT\",\"potentialAction\":[{\"@type\":\"ReadAction\",\"target\":[\"https:\/\/myindustrial.eu\/lt\/shop\/elektrohidrauliniai-pavaru-sprendimai\/emg-esse-lt\/emg-esse\/\"]}]},{\"@type\":\"ImageObject\",\"inLanguage\":\"lt-LT\",\"@id\":\"https:\/\/myindustrial.eu\/lt\/shop\/elektrohidrauliniai-pavaru-sprendimai\/emg-esse-lt\/emg-esse\/#primaryimage\",\"url\":\"https:\/\/myindustrial.eu\/wp-content\/uploads\/2022\/05\/quick-response.webp\",\"contentUrl\":\"https:\/\/myindustrial.eu\/wp-content\/uploads\/2022\/05\/quick-response.webp\",\"width\":800,\"height\":800},{\"@type\":\"BreadcrumbList\",\"@id\":\"https:\/\/myindustrial.eu\/lt\/shop\/elektrohidrauliniai-pavaru-sprendimai\/emg-esse-lt\/emg-esse\/#breadcrumb\",\"itemListElement\":[{\"@type\":\"ListItem\",\"position\":1,\"name\":\"Home\",\"item\":\"https:\/\/myindustrial.eu\/lt\/\"},{\"@type\":\"ListItem\",\"position\":2,\"name\":\"Products\",\"item\":\"https:\/\/myindustrial.eu\/lt\/products\/\"},{\"@type\":\"ListItem\",\"position\":3,\"name\":\"EMG ESSE\"}]},{\"@type\":\"WebSite\",\"@id\":\"https:\/\/myindustrial.eu\/lt\/#website\",\"url\":\"https:\/\/myindustrial.eu\/lt\/\",\"name\":\"My industrial\",\"description\":\"\",\"potentialAction\":[{\"@type\":\"SearchAction\",\"target\":{\"@type\":\"EntryPoint\",\"urlTemplate\":\"https:\/\/myindustrial.eu\/lt\/?s={search_term_string}\"},\"query-input\":{\"@type\":\"PropertyValueSpecification\",\"valueRequired\":true,\"valueName\":\"search_term_string\"}}],\"inLanguage\":\"lt-LT\"}]}<\/script>\n<!-- \/ Yoast SEO plugin. -->","yoast_head_json":{"title":"EMG ESSE - My industrial","robots":{"index":"index","follow":"follow","max-snippet":"max-snippet:-1","max-image-preview":"max-image-preview:large","max-video-preview":"max-video-preview:-1"},"canonical":"https:\/\/myindustrial.eu\/lt\/shop\/elektrohidrauliniai-pavaru-sprendimai\/emg-esse-lt\/emg-esse\/","og_locale":"lt_LT","og_type":"article","og_title":"EMG ESSE - My industrial","og_description":"EMG ESSE \u2013 greito reagavimo pavar\u0173 d\u0117\u017e\u0117 Pa\u017eangi automatin\u0117 technologija j\u016bs\u0173 nuotek\u0173 valymo \u012frenginiui  Ie\u0161kote automatinio sprendimo savo drena\u017eo procesams, pvz., pirminiame nusodintuve? Tuomet greito reagavimo pavara EMG ESSE yra tinkamas sprendimas! ESSE pavara atidaro ir u\u017edaro nuos\u0117d\u0173 dumblo ir plaukiojan\u010dio dumblo i\u0161leidimo vo\u017etuvus \u2013 100 % elektra, jokios pneumatikos ar hidraulikos. Sustiprintas ELHY\u00ae k\u0117limo \u012ftaisas su didesne j\u0117ga valdo sklend\u0119 per reguliuojam\u0105 ner\u016bdijan\u010dio plieno stryp\u0105. D\u0117l saugios gr\u012f\u017etamosios spyruokl\u0117s ir jungties svorio u\u017edaroma greitai ir automati\u0161kai. Atidarytai ir u\u017edarytai pad\u0117\u010diai nustatyti \u012frengtas ribinis jungiklis.","og_url":"https:\/\/myindustrial.eu\/lt\/shop\/elektrohidrauliniai-pavaru-sprendimai\/emg-esse-lt\/emg-esse\/","og_site_name":"My industrial","article_modified_time":"2023-06-16T20:47:56+00:00","og_image":[{"width":800,"height":800,"url":"https:\/\/myindustrial.eu\/wp-content\/uploads\/2022\/05\/quick-response.webp","type":"image\/webp"}],"twitter_card":"summary_large_image","schema":{"@context":"https:\/\/schema.org","@graph":[{"@type":"WebPage","@id":"https:\/\/myindustrial.eu\/lt\/shop\/elektrohidrauliniai-pavaru-sprendimai\/emg-esse-lt\/emg-esse\/","url":"https:\/\/myindustrial.eu\/lt\/shop\/elektrohidrauliniai-pavaru-sprendimai\/emg-esse-lt\/emg-esse\/","name":"EMG ESSE - My industrial","isPartOf":{"@id":"https:\/\/myindustrial.eu\/lt\/#website"},"primaryImageOfPage":{"@id":"https:\/\/myindustrial.eu\/lt\/shop\/elektrohidrauliniai-pavaru-sprendimai\/emg-esse-lt\/emg-esse\/#primaryimage"},"image":{"@id":"https:\/\/myindustrial.eu\/lt\/shop\/elektrohidrauliniai-pavaru-sprendimai\/emg-esse-lt\/emg-esse\/#primaryimage"},"thumbnailUrl":"https:\/\/myindustrial.eu\/wp-content\/uploads\/2022\/05\/quick-response.webp","datePublished":"2022-05-25T17:55:20+00:00","dateModified":"2023-06-16T20:47:56+00:00","breadcrumb":{"@id":"https:\/\/myindustrial.eu\/lt\/shop\/elektrohidrauliniai-pavaru-sprendimai\/emg-esse-lt\/emg-esse\/#breadcrumb"},"inLanguage":"lt-LT","potentialAction":[{"@type":"ReadAction","target":["https:\/\/myindustrial.eu\/lt\/shop\/elektrohidrauliniai-pavaru-sprendimai\/emg-esse-lt\/emg-esse\/"]}]},{"@type":"ImageObject","inLanguage":"lt-LT","@id":"https:\/\/myindustrial.eu\/lt\/shop\/elektrohidrauliniai-pavaru-sprendimai\/emg-esse-lt\/emg-esse\/#primaryimage","url":"https:\/\/myindustrial.eu\/wp-content\/uploads\/2022\/05\/quick-response.webp","contentUrl":"https:\/\/myindustrial.eu\/wp-content\/uploads\/2022\/05\/quick-response.webp","width":800,"height":800},{"@type":"BreadcrumbList","@id":"https:\/\/myindustrial.eu\/lt\/shop\/elektrohidrauliniai-pavaru-sprendimai\/emg-esse-lt\/emg-esse\/#breadcrumb","itemListElement":[{"@type":"ListItem","position":1,"name":"Home","item":"https:\/\/myindustrial.eu\/lt\/"},{"@type":"ListItem","position":2,"name":"Products","item":"https:\/\/myindustrial.eu\/lt\/products\/"},{"@type":"ListItem","position":3,"name":"EMG ESSE"}]},{"@type":"WebSite","@id":"https:\/\/myindustrial.eu\/lt\/#website","url":"https:\/\/myindustrial.eu\/lt\/","name":"My industrial","description":"","potentialAction":[{"@type":"SearchAction","target":{"@type":"EntryPoint","urlTemplate":"https:\/\/myindustrial.eu\/lt\/?s={search_term_string}"},"query-input":{"@type":"PropertyValueSpecification","valueRequired":true,"valueName":"search_term_string"}}],"inLanguage":"lt-LT"}]}},"_links":{"self":[{"href":"https:\/\/myindustrial.eu\/lt\/wp-json\/wp\/v2\/product\/1260061038","targetHints":{"allow":["GET"]}}],"collection":[{"href":"https:\/\/myindustrial.eu\/lt\/wp-json\/wp\/v2\/product"}],"about":[{"href":"https:\/\/myindustrial.eu\/lt\/wp-json\/wp\/v2\/types\/product"}],"version-history":[{"count":0,"href":"https:\/\/myindustrial.eu\/lt\/wp-json\/wp\/v2\/product\/1260061038\/revisions"}],"wp:featuredmedia":[{"embeddable":true,"href":"https:\/\/myindustrial.eu\/lt\/wp-json\/wp\/v2\/media\/1260061034"}],"wp:attachment":[{"href":"https:\/\/myindustrial.eu\/lt\/wp-json\/wp\/v2\/media?parent=1260061038"}],"wp:term":[{"taxonomy":"product_brand","embeddable":true,"href":"https:\/\/myindustrial.eu\/lt\/wp-json\/wp\/v2\/product_brand?post=1260061038"},{"taxonomy":"product_cat","embeddable":true,"href":"https:\/\/myindustrial.eu\/lt\/wp-json\/wp\/v2\/product_cat?post=1260061038"},{"taxonomy":"product_tag","embeddable":true,"href":"https:\/\/myindustrial.eu\/lt\/wp-json\/wp\/v2\/product_tag?post=1260061038"}],"curies":[{"name":"wp","href":"https:\/\/api.w.org\/{rel}","templated":true}]}}