{"id":1260061397,"date":"2022-06-20T19:02:22","date_gmt":"2022-06-20T19:02:22","guid":{"rendered":"https:\/\/myindustrial.eu\/shop\/be-kategorijos\/lvdt-displacement-sensors\/"},"modified":"2023-06-16T20:47:40","modified_gmt":"2023-06-16T20:47:40","slug":"lvdt-displacement-sensors","status":"publish","type":"product","link":"https:\/\/myindustrial.eu\/lt\/shop\/potenciometrai-ir-jutikliai\/lvdt-poslinkio-jutikliai\/lvdt-displacement-sensors\/","title":{"rendered":"LVDT poslinkio jutikliai"},"content":{"rendered":"","protected":false},"excerpt":{"rendered":"<p>\u201eAltmann Electronics GmbH\u201c parduoda LVDT kaip \u201eInelta Sensorsysteme GmbH &#038; Co. KG\u201c partner\u0117.<br \/>\nLinijiniai kintamo diferencialo transformatoriai (LVDT) yra analoginiai bekontak\u010diai jutikliai, turintys pirmin\u0119 rit\u0119 ir dvi antrines rites. Elektros signalas generuojamas d\u0117l enkoderio strypelio linijinio jud\u0117jimo. Prie si\u0173stuvo strypelio yra pritvirtinta feromagnetin\u0117 \u0161erdis. \u0160erdis indukuoja \u012ftamp\u0105 antrin\u0117se rit\u0117se.<\/p>\n","protected":false},"featured_media":1260061393,"template":"","meta":[],"product_brand":[],"product_cat":[1285,1531],"product_tag":[],"class_list":{"0":"post-1260061397","1":"product","2":"type-product","3":"status-publish","4":"has-post-thumbnail","6":"product_cat-potenciometrai-ir-jutikliai","7":"product_cat-lvdt-poslinkio-jutikliai","9":"first","10":"instock","11":"shipping-taxable","12":"product-type-simple"},"yoast_head":"<!-- This site is optimized with the Yoast SEO plugin v27.1.1 - https:\/\/yoast.com\/product\/yoast-seo-wordpress\/ -->\n<title>LVDT poslinkio jutikliai - My industrial<\/title>\n<meta name=\"robots\" content=\"index, follow, max-snippet:-1, max-image-preview:large, max-video-preview:-1\" \/>\n<link rel=\"canonical\" href=\"https:\/\/myindustrial.eu\/lt\/shop\/potenciometrai-ir-jutikliai\/lvdt-poslinkio-jutikliai\/lvdt-displacement-sensors\/\" \/>\n<meta property=\"og:locale\" content=\"lt_LT\" \/>\n<meta property=\"og:type\" content=\"article\" \/>\n<meta property=\"og:title\" content=\"LVDT poslinkio jutikliai - My industrial\" \/>\n<meta property=\"og:description\" content=\"\u201eAltmann Electronics GmbH\u201c parduoda LVDT kaip \u201eInelta Sensorsysteme GmbH &amp; Co. KG\u201c partner\u0117. Linijiniai kintamo diferencialo transformatoriai (LVDT) yra analoginiai bekontak\u010diai jutikliai, turintys pirmin\u0119 rit\u0119 ir dvi antrines rites. Elektros signalas generuojamas d\u0117l enkoderio strypelio linijinio jud\u0117jimo. Prie si\u0173stuvo strypelio yra pritvirtinta feromagnetin\u0117 \u0161erdis. \u0160erdis indukuoja \u012ftamp\u0105 antrin\u0117se rit\u0117se.\" \/>\n<meta property=\"og:url\" content=\"https:\/\/myindustrial.eu\/lt\/shop\/potenciometrai-ir-jutikliai\/lvdt-poslinkio-jutikliai\/lvdt-displacement-sensors\/\" \/>\n<meta property=\"og:site_name\" content=\"My industrial\" \/>\n<meta property=\"article:modified_time\" content=\"2023-06-16T20:47:40+00:00\" \/>\n<meta property=\"og:image\" content=\"https:\/\/myindustrial.eu\/wp-content\/uploads\/2022\/06\/LVDT-Displacement-Sensors.webp\" \/>\n\t<meta property=\"og:image:width\" content=\"500\" \/>\n\t<meta property=\"og:image:height\" content=\"500\" \/>\n\t<meta property=\"og:image:type\" content=\"image\/webp\" \/>\n<meta name=\"twitter:card\" content=\"summary_large_image\" \/>\n<script type=\"application\/ld+json\" class=\"yoast-schema-graph\">{\"@context\":\"https:\/\/schema.org\",\"@graph\":[{\"@type\":\"WebPage\",\"@id\":\"https:\/\/myindustrial.eu\/lt\/shop\/potenciometrai-ir-jutikliai\/lvdt-poslinkio-jutikliai\/lvdt-displacement-sensors\/\",\"url\":\"https:\/\/myindustrial.eu\/lt\/shop\/potenciometrai-ir-jutikliai\/lvdt-poslinkio-jutikliai\/lvdt-displacement-sensors\/\",\"name\":\"LVDT poslinkio jutikliai - My industrial\",\"isPartOf\":{\"@id\":\"https:\/\/myindustrial.eu\/lt\/#website\"},\"primaryImageOfPage\":{\"@id\":\"https:\/\/myindustrial.eu\/lt\/shop\/potenciometrai-ir-jutikliai\/lvdt-poslinkio-jutikliai\/lvdt-displacement-sensors\/#primaryimage\"},\"image\":{\"@id\":\"https:\/\/myindustrial.eu\/lt\/shop\/potenciometrai-ir-jutikliai\/lvdt-poslinkio-jutikliai\/lvdt-displacement-sensors\/#primaryimage\"},\"thumbnailUrl\":\"https:\/\/myindustrial.eu\/wp-content\/uploads\/2022\/06\/LVDT-Displacement-Sensors.webp\",\"datePublished\":\"2022-06-20T19:02:22+00:00\",\"dateModified\":\"2023-06-16T20:47:40+00:00\",\"breadcrumb\":{\"@id\":\"https:\/\/myindustrial.eu\/lt\/shop\/potenciometrai-ir-jutikliai\/lvdt-poslinkio-jutikliai\/lvdt-displacement-sensors\/#breadcrumb\"},\"inLanguage\":\"lt-LT\",\"potentialAction\":[{\"@type\":\"ReadAction\",\"target\":[\"https:\/\/myindustrial.eu\/lt\/shop\/potenciometrai-ir-jutikliai\/lvdt-poslinkio-jutikliai\/lvdt-displacement-sensors\/\"]}]},{\"@type\":\"ImageObject\",\"inLanguage\":\"lt-LT\",\"@id\":\"https:\/\/myindustrial.eu\/lt\/shop\/potenciometrai-ir-jutikliai\/lvdt-poslinkio-jutikliai\/lvdt-displacement-sensors\/#primaryimage\",\"url\":\"https:\/\/myindustrial.eu\/wp-content\/uploads\/2022\/06\/LVDT-Displacement-Sensors.webp\",\"contentUrl\":\"https:\/\/myindustrial.eu\/wp-content\/uploads\/2022\/06\/LVDT-Displacement-Sensors.webp\",\"width\":500,\"height\":500},{\"@type\":\"BreadcrumbList\",\"@id\":\"https:\/\/myindustrial.eu\/lt\/shop\/potenciometrai-ir-jutikliai\/lvdt-poslinkio-jutikliai\/lvdt-displacement-sensors\/#breadcrumb\",\"itemListElement\":[{\"@type\":\"ListItem\",\"position\":1,\"name\":\"Home\",\"item\":\"https:\/\/myindustrial.eu\/lt\/\"},{\"@type\":\"ListItem\",\"position\":2,\"name\":\"Products\",\"item\":\"https:\/\/myindustrial.eu\/lt\/products\/\"},{\"@type\":\"ListItem\",\"position\":3,\"name\":\"LVDT poslinkio jutikliai\"}]},{\"@type\":\"WebSite\",\"@id\":\"https:\/\/myindustrial.eu\/lt\/#website\",\"url\":\"https:\/\/myindustrial.eu\/lt\/\",\"name\":\"My industrial\",\"description\":\"\",\"potentialAction\":[{\"@type\":\"SearchAction\",\"target\":{\"@type\":\"EntryPoint\",\"urlTemplate\":\"https:\/\/myindustrial.eu\/lt\/?s={search_term_string}\"},\"query-input\":{\"@type\":\"PropertyValueSpecification\",\"valueRequired\":true,\"valueName\":\"search_term_string\"}}],\"inLanguage\":\"lt-LT\"}]}<\/script>\n<!-- \/ Yoast SEO plugin. -->","yoast_head_json":{"title":"LVDT poslinkio jutikliai - My industrial","robots":{"index":"index","follow":"follow","max-snippet":"max-snippet:-1","max-image-preview":"max-image-preview:large","max-video-preview":"max-video-preview:-1"},"canonical":"https:\/\/myindustrial.eu\/lt\/shop\/potenciometrai-ir-jutikliai\/lvdt-poslinkio-jutikliai\/lvdt-displacement-sensors\/","og_locale":"lt_LT","og_type":"article","og_title":"LVDT poslinkio jutikliai - My industrial","og_description":"\u201eAltmann Electronics GmbH\u201c parduoda LVDT kaip \u201eInelta Sensorsysteme GmbH & Co. KG\u201c partner\u0117. Linijiniai kintamo diferencialo transformatoriai (LVDT) yra analoginiai bekontak\u010diai jutikliai, turintys pirmin\u0119 rit\u0119 ir dvi antrines rites. Elektros signalas generuojamas d\u0117l enkoderio strypelio linijinio jud\u0117jimo. Prie si\u0173stuvo strypelio yra pritvirtinta feromagnetin\u0117 \u0161erdis. \u0160erdis indukuoja \u012ftamp\u0105 antrin\u0117se rit\u0117se.","og_url":"https:\/\/myindustrial.eu\/lt\/shop\/potenciometrai-ir-jutikliai\/lvdt-poslinkio-jutikliai\/lvdt-displacement-sensors\/","og_site_name":"My industrial","article_modified_time":"2023-06-16T20:47:40+00:00","og_image":[{"width":500,"height":500,"url":"https:\/\/myindustrial.eu\/wp-content\/uploads\/2022\/06\/LVDT-Displacement-Sensors.webp","type":"image\/webp"}],"twitter_card":"summary_large_image","schema":{"@context":"https:\/\/schema.org","@graph":[{"@type":"WebPage","@id":"https:\/\/myindustrial.eu\/lt\/shop\/potenciometrai-ir-jutikliai\/lvdt-poslinkio-jutikliai\/lvdt-displacement-sensors\/","url":"https:\/\/myindustrial.eu\/lt\/shop\/potenciometrai-ir-jutikliai\/lvdt-poslinkio-jutikliai\/lvdt-displacement-sensors\/","name":"LVDT poslinkio jutikliai - My industrial","isPartOf":{"@id":"https:\/\/myindustrial.eu\/lt\/#website"},"primaryImageOfPage":{"@id":"https:\/\/myindustrial.eu\/lt\/shop\/potenciometrai-ir-jutikliai\/lvdt-poslinkio-jutikliai\/lvdt-displacement-sensors\/#primaryimage"},"image":{"@id":"https:\/\/myindustrial.eu\/lt\/shop\/potenciometrai-ir-jutikliai\/lvdt-poslinkio-jutikliai\/lvdt-displacement-sensors\/#primaryimage"},"thumbnailUrl":"https:\/\/myindustrial.eu\/wp-content\/uploads\/2022\/06\/LVDT-Displacement-Sensors.webp","datePublished":"2022-06-20T19:02:22+00:00","dateModified":"2023-06-16T20:47:40+00:00","breadcrumb":{"@id":"https:\/\/myindustrial.eu\/lt\/shop\/potenciometrai-ir-jutikliai\/lvdt-poslinkio-jutikliai\/lvdt-displacement-sensors\/#breadcrumb"},"inLanguage":"lt-LT","potentialAction":[{"@type":"ReadAction","target":["https:\/\/myindustrial.eu\/lt\/shop\/potenciometrai-ir-jutikliai\/lvdt-poslinkio-jutikliai\/lvdt-displacement-sensors\/"]}]},{"@type":"ImageObject","inLanguage":"lt-LT","@id":"https:\/\/myindustrial.eu\/lt\/shop\/potenciometrai-ir-jutikliai\/lvdt-poslinkio-jutikliai\/lvdt-displacement-sensors\/#primaryimage","url":"https:\/\/myindustrial.eu\/wp-content\/uploads\/2022\/06\/LVDT-Displacement-Sensors.webp","contentUrl":"https:\/\/myindustrial.eu\/wp-content\/uploads\/2022\/06\/LVDT-Displacement-Sensors.webp","width":500,"height":500},{"@type":"BreadcrumbList","@id":"https:\/\/myindustrial.eu\/lt\/shop\/potenciometrai-ir-jutikliai\/lvdt-poslinkio-jutikliai\/lvdt-displacement-sensors\/#breadcrumb","itemListElement":[{"@type":"ListItem","position":1,"name":"Home","item":"https:\/\/myindustrial.eu\/lt\/"},{"@type":"ListItem","position":2,"name":"Products","item":"https:\/\/myindustrial.eu\/lt\/products\/"},{"@type":"ListItem","position":3,"name":"LVDT poslinkio jutikliai"}]},{"@type":"WebSite","@id":"https:\/\/myindustrial.eu\/lt\/#website","url":"https:\/\/myindustrial.eu\/lt\/","name":"My industrial","description":"","potentialAction":[{"@type":"SearchAction","target":{"@type":"EntryPoint","urlTemplate":"https:\/\/myindustrial.eu\/lt\/?s={search_term_string}"},"query-input":{"@type":"PropertyValueSpecification","valueRequired":true,"valueName":"search_term_string"}}],"inLanguage":"lt-LT"}]}},"_links":{"self":[{"href":"https:\/\/myindustrial.eu\/lt\/wp-json\/wp\/v2\/product\/1260061397","targetHints":{"allow":["GET"]}}],"collection":[{"href":"https:\/\/myindustrial.eu\/lt\/wp-json\/wp\/v2\/product"}],"about":[{"href":"https:\/\/myindustrial.eu\/lt\/wp-json\/wp\/v2\/types\/product"}],"version-history":[{"count":0,"href":"https:\/\/myindustrial.eu\/lt\/wp-json\/wp\/v2\/product\/1260061397\/revisions"}],"wp:featuredmedia":[{"embeddable":true,"href":"https:\/\/myindustrial.eu\/lt\/wp-json\/wp\/v2\/media\/1260061393"}],"wp:attachment":[{"href":"https:\/\/myindustrial.eu\/lt\/wp-json\/wp\/v2\/media?parent=1260061397"}],"wp:term":[{"taxonomy":"product_brand","embeddable":true,"href":"https:\/\/myindustrial.eu\/lt\/wp-json\/wp\/v2\/product_brand?post=1260061397"},{"taxonomy":"product_cat","embeddable":true,"href":"https:\/\/myindustrial.eu\/lt\/wp-json\/wp\/v2\/product_cat?post=1260061397"},{"taxonomy":"product_tag","embeddable":true,"href":"https:\/\/myindustrial.eu\/lt\/wp-json\/wp\/v2\/product_tag?post=1260061397"}],"curies":[{"name":"wp","href":"https:\/\/api.w.org\/{rel}","templated":true}]}}