{"id":1260062286,"date":"2022-12-20T18:23:07","date_gmt":"2022-12-20T18:23:07","guid":{"rendered":"https:\/\/myindustrial.eu\/?post_type=product&#038;p=1260062286"},"modified":"2023-06-16T20:47:08","modified_gmt":"2023-06-16T20:47:08","slug":"montavimo-ir-naudojimo-instrukcijos","status":"publish","type":"product","link":"https:\/\/myindustrial.eu\/lt\/shop\/elektrohidrauliniai-pavaru-sprendimai\/elektrohidrauliniai-varikliai\/montavimo-ir-naudojimo-instrukcijos\/","title":{"rendered":"Montavimo ir naudojimo instrukcijos"},"content":{"rendered":"","protected":false},"excerpt":{"rendered":"<p><span style=\"font-weight: 400;\">\u010cia rasite visas EMG ELDRO\u00ae ir EMG ELHY\u00ae gamini\u0173 serij\u0173 montavimo ir naudojimo instrukcijas bei j\u0173 vertimus \u012f daugel\u012f kalb\u0173.<\/span><\/p>\n<p><span style=\"font-weight: 400;\">ELDRO\u00ae\/ELHY\u00ae montavimo ir naudojimo instrukcijos<\/span><\/p>\n<p><span style=\"font-weight: 400;\">Atsisiuntimai<\/span><\/p>\n<p><span style=\"font-weight: 400;\">\u010cia rasite m\u016bs\u0173 EMG ELDRO\u00ae ir EMG ELHY\u00ae gamini\u0173 asortimento montavimo ir naudojimo instrukcijas. Papra\u0161ius, mielai pateiksime \u0161i\u0173 paai\u0161kinim\u0173 vertimus \u012f kitas kalbas. Pasikalb\u0117kite su mumis.<\/span><\/p>\n<p>&nbsp;<\/p>\n<p><span style=\"font-weight: 400;\">Vokie\u010di\u0173 \/ angl\u0173 \/ pranc\u016bz\u0173 \/ rus\u0173<\/span><\/p>\n","protected":false},"featured_media":1260062292,"template":"","meta":[],"product_brand":[],"product_cat":[1313],"product_tag":[],"class_list":{"0":"post-1260062286","1":"product","2":"type-product","3":"status-publish","4":"has-post-thumbnail","6":"product_cat-elektrohidrauliniai-varikliai","8":"first","9":"instock","10":"product-type-simple"},"yoast_head":"<!-- This site is optimized with the Yoast SEO plugin v27.1.1 - https:\/\/yoast.com\/product\/yoast-seo-wordpress\/ -->\n<title>Montavimo ir naudojimo instrukcijos - My industrial<\/title>\n<meta name=\"robots\" content=\"index, follow, max-snippet:-1, max-image-preview:large, max-video-preview:-1\" \/>\n<link rel=\"canonical\" href=\"https:\/\/myindustrial.eu\/lt\/shop\/elektrohidrauliniai-pavaru-sprendimai\/elektrohidrauliniai-varikliai\/montavimo-ir-naudojimo-instrukcijos\/\" \/>\n<meta property=\"og:locale\" content=\"lt_LT\" \/>\n<meta property=\"og:type\" content=\"article\" \/>\n<meta property=\"og:title\" content=\"Montavimo ir naudojimo instrukcijos - My industrial\" \/>\n<meta property=\"og:description\" content=\"\u010cia rasite visas EMG ELDRO\u00ae ir EMG ELHY\u00ae gamini\u0173 serij\u0173 montavimo ir naudojimo instrukcijas bei j\u0173 vertimus \u012f daugel\u012f kalb\u0173.  ELDRO\u00ae\/ELHY\u00ae montavimo ir naudojimo instrukcijos  Atsisiuntimai  \u010cia rasite m\u016bs\u0173 EMG ELDRO\u00ae ir EMG ELHY\u00ae gamini\u0173 asortimento montavimo ir naudojimo instrukcijas. Papra\u0161ius, mielai pateiksime \u0161i\u0173 paai\u0161kinim\u0173 vertimus \u012f kitas kalbas. Pasikalb\u0117kite su mumis.  &nbsp;  Vokie\u010di\u0173 \/ angl\u0173 \/ pranc\u016bz\u0173 \/ rus\u0173\" \/>\n<meta property=\"og:url\" content=\"https:\/\/myindustrial.eu\/lt\/shop\/elektrohidrauliniai-pavaru-sprendimai\/elektrohidrauliniai-varikliai\/montavimo-ir-naudojimo-instrukcijos\/\" \/>\n<meta property=\"og:site_name\" content=\"My industrial\" \/>\n<meta property=\"article:modified_time\" content=\"2023-06-16T20:47:08+00:00\" \/>\n<meta property=\"og:image\" content=\"https:\/\/myindustrial.eu\/wp-content\/uploads\/2022\/12\/csm_einbauerklaerungen-0448fc9cf0-280x300.jpg\" \/>\n\t<meta property=\"og:image:width\" content=\"280\" \/>\n\t<meta property=\"og:image:height\" content=\"300\" \/>\n\t<meta property=\"og:image:type\" content=\"image\/jpeg\" \/>\n<meta name=\"twitter:card\" content=\"summary_large_image\" \/>\n<script type=\"application\/ld+json\" class=\"yoast-schema-graph\">{\"@context\":\"https:\/\/schema.org\",\"@graph\":[{\"@type\":\"WebPage\",\"@id\":\"https:\/\/myindustrial.eu\/lt\/shop\/elektrohidrauliniai-pavaru-sprendimai\/elektrohidrauliniai-varikliai\/montavimo-ir-naudojimo-instrukcijos\/\",\"url\":\"https:\/\/myindustrial.eu\/lt\/shop\/elektrohidrauliniai-pavaru-sprendimai\/elektrohidrauliniai-varikliai\/montavimo-ir-naudojimo-instrukcijos\/\",\"name\":\"Montavimo ir naudojimo instrukcijos - My industrial\",\"isPartOf\":{\"@id\":\"https:\/\/myindustrial.eu\/lt\/#website\"},\"primaryImageOfPage\":{\"@id\":\"https:\/\/myindustrial.eu\/lt\/shop\/elektrohidrauliniai-pavaru-sprendimai\/elektrohidrauliniai-varikliai\/montavimo-ir-naudojimo-instrukcijos\/#primaryimage\"},\"image\":{\"@id\":\"https:\/\/myindustrial.eu\/lt\/shop\/elektrohidrauliniai-pavaru-sprendimai\/elektrohidrauliniai-varikliai\/montavimo-ir-naudojimo-instrukcijos\/#primaryimage\"},\"thumbnailUrl\":\"https:\/\/myindustrial.eu\/wp-content\/uploads\/2022\/12\/csm_einbauerklaerungen-0448fc9cf0-280x300.jpg\",\"datePublished\":\"2022-12-20T18:23:07+00:00\",\"dateModified\":\"2023-06-16T20:47:08+00:00\",\"breadcrumb\":{\"@id\":\"https:\/\/myindustrial.eu\/lt\/shop\/elektrohidrauliniai-pavaru-sprendimai\/elektrohidrauliniai-varikliai\/montavimo-ir-naudojimo-instrukcijos\/#breadcrumb\"},\"inLanguage\":\"lt-LT\",\"potentialAction\":[{\"@type\":\"ReadAction\",\"target\":[\"https:\/\/myindustrial.eu\/lt\/shop\/elektrohidrauliniai-pavaru-sprendimai\/elektrohidrauliniai-varikliai\/montavimo-ir-naudojimo-instrukcijos\/\"]}]},{\"@type\":\"ImageObject\",\"inLanguage\":\"lt-LT\",\"@id\":\"https:\/\/myindustrial.eu\/lt\/shop\/elektrohidrauliniai-pavaru-sprendimai\/elektrohidrauliniai-varikliai\/montavimo-ir-naudojimo-instrukcijos\/#primaryimage\",\"url\":\"https:\/\/myindustrial.eu\/wp-content\/uploads\/2022\/12\/csm_einbauerklaerungen-0448fc9cf0-280x300.jpg\",\"contentUrl\":\"https:\/\/myindustrial.eu\/wp-content\/uploads\/2022\/12\/csm_einbauerklaerungen-0448fc9cf0-280x300.jpg\",\"width\":280,\"height\":300},{\"@type\":\"BreadcrumbList\",\"@id\":\"https:\/\/myindustrial.eu\/lt\/shop\/elektrohidrauliniai-pavaru-sprendimai\/elektrohidrauliniai-varikliai\/montavimo-ir-naudojimo-instrukcijos\/#breadcrumb\",\"itemListElement\":[{\"@type\":\"ListItem\",\"position\":1,\"name\":\"Home\",\"item\":\"https:\/\/myindustrial.eu\/lt\/\"},{\"@type\":\"ListItem\",\"position\":2,\"name\":\"Products\",\"item\":\"https:\/\/myindustrial.eu\/lt\/products\/\"},{\"@type\":\"ListItem\",\"position\":3,\"name\":\"Montavimo ir naudojimo instrukcijos\"}]},{\"@type\":\"WebSite\",\"@id\":\"https:\/\/myindustrial.eu\/lt\/#website\",\"url\":\"https:\/\/myindustrial.eu\/lt\/\",\"name\":\"My industrial\",\"description\":\"\",\"potentialAction\":[{\"@type\":\"SearchAction\",\"target\":{\"@type\":\"EntryPoint\",\"urlTemplate\":\"https:\/\/myindustrial.eu\/lt\/?s={search_term_string}\"},\"query-input\":{\"@type\":\"PropertyValueSpecification\",\"valueRequired\":true,\"valueName\":\"search_term_string\"}}],\"inLanguage\":\"lt-LT\"}]}<\/script>\n<!-- \/ Yoast SEO plugin. -->","yoast_head_json":{"title":"Montavimo ir naudojimo instrukcijos - My industrial","robots":{"index":"index","follow":"follow","max-snippet":"max-snippet:-1","max-image-preview":"max-image-preview:large","max-video-preview":"max-video-preview:-1"},"canonical":"https:\/\/myindustrial.eu\/lt\/shop\/elektrohidrauliniai-pavaru-sprendimai\/elektrohidrauliniai-varikliai\/montavimo-ir-naudojimo-instrukcijos\/","og_locale":"lt_LT","og_type":"article","og_title":"Montavimo ir naudojimo instrukcijos - My industrial","og_description":"\u010cia rasite visas EMG ELDRO\u00ae ir EMG ELHY\u00ae gamini\u0173 serij\u0173 montavimo ir naudojimo instrukcijas bei j\u0173 vertimus \u012f daugel\u012f kalb\u0173.  ELDRO\u00ae\/ELHY\u00ae montavimo ir naudojimo instrukcijos  Atsisiuntimai  \u010cia rasite m\u016bs\u0173 EMG ELDRO\u00ae ir EMG ELHY\u00ae gamini\u0173 asortimento montavimo ir naudojimo instrukcijas. Papra\u0161ius, mielai pateiksime \u0161i\u0173 paai\u0161kinim\u0173 vertimus \u012f kitas kalbas. Pasikalb\u0117kite su mumis.  &nbsp;  Vokie\u010di\u0173 \/ angl\u0173 \/ pranc\u016bz\u0173 \/ rus\u0173","og_url":"https:\/\/myindustrial.eu\/lt\/shop\/elektrohidrauliniai-pavaru-sprendimai\/elektrohidrauliniai-varikliai\/montavimo-ir-naudojimo-instrukcijos\/","og_site_name":"My industrial","article_modified_time":"2023-06-16T20:47:08+00:00","og_image":[{"width":280,"height":300,"url":"https:\/\/myindustrial.eu\/wp-content\/uploads\/2022\/12\/csm_einbauerklaerungen-0448fc9cf0-280x300.jpg","type":"image\/jpeg"}],"twitter_card":"summary_large_image","schema":{"@context":"https:\/\/schema.org","@graph":[{"@type":"WebPage","@id":"https:\/\/myindustrial.eu\/lt\/shop\/elektrohidrauliniai-pavaru-sprendimai\/elektrohidrauliniai-varikliai\/montavimo-ir-naudojimo-instrukcijos\/","url":"https:\/\/myindustrial.eu\/lt\/shop\/elektrohidrauliniai-pavaru-sprendimai\/elektrohidrauliniai-varikliai\/montavimo-ir-naudojimo-instrukcijos\/","name":"Montavimo ir naudojimo instrukcijos - My industrial","isPartOf":{"@id":"https:\/\/myindustrial.eu\/lt\/#website"},"primaryImageOfPage":{"@id":"https:\/\/myindustrial.eu\/lt\/shop\/elektrohidrauliniai-pavaru-sprendimai\/elektrohidrauliniai-varikliai\/montavimo-ir-naudojimo-instrukcijos\/#primaryimage"},"image":{"@id":"https:\/\/myindustrial.eu\/lt\/shop\/elektrohidrauliniai-pavaru-sprendimai\/elektrohidrauliniai-varikliai\/montavimo-ir-naudojimo-instrukcijos\/#primaryimage"},"thumbnailUrl":"https:\/\/myindustrial.eu\/wp-content\/uploads\/2022\/12\/csm_einbauerklaerungen-0448fc9cf0-280x300.jpg","datePublished":"2022-12-20T18:23:07+00:00","dateModified":"2023-06-16T20:47:08+00:00","breadcrumb":{"@id":"https:\/\/myindustrial.eu\/lt\/shop\/elektrohidrauliniai-pavaru-sprendimai\/elektrohidrauliniai-varikliai\/montavimo-ir-naudojimo-instrukcijos\/#breadcrumb"},"inLanguage":"lt-LT","potentialAction":[{"@type":"ReadAction","target":["https:\/\/myindustrial.eu\/lt\/shop\/elektrohidrauliniai-pavaru-sprendimai\/elektrohidrauliniai-varikliai\/montavimo-ir-naudojimo-instrukcijos\/"]}]},{"@type":"ImageObject","inLanguage":"lt-LT","@id":"https:\/\/myindustrial.eu\/lt\/shop\/elektrohidrauliniai-pavaru-sprendimai\/elektrohidrauliniai-varikliai\/montavimo-ir-naudojimo-instrukcijos\/#primaryimage","url":"https:\/\/myindustrial.eu\/wp-content\/uploads\/2022\/12\/csm_einbauerklaerungen-0448fc9cf0-280x300.jpg","contentUrl":"https:\/\/myindustrial.eu\/wp-content\/uploads\/2022\/12\/csm_einbauerklaerungen-0448fc9cf0-280x300.jpg","width":280,"height":300},{"@type":"BreadcrumbList","@id":"https:\/\/myindustrial.eu\/lt\/shop\/elektrohidrauliniai-pavaru-sprendimai\/elektrohidrauliniai-varikliai\/montavimo-ir-naudojimo-instrukcijos\/#breadcrumb","itemListElement":[{"@type":"ListItem","position":1,"name":"Home","item":"https:\/\/myindustrial.eu\/lt\/"},{"@type":"ListItem","position":2,"name":"Products","item":"https:\/\/myindustrial.eu\/lt\/products\/"},{"@type":"ListItem","position":3,"name":"Montavimo ir naudojimo instrukcijos"}]},{"@type":"WebSite","@id":"https:\/\/myindustrial.eu\/lt\/#website","url":"https:\/\/myindustrial.eu\/lt\/","name":"My industrial","description":"","potentialAction":[{"@type":"SearchAction","target":{"@type":"EntryPoint","urlTemplate":"https:\/\/myindustrial.eu\/lt\/?s={search_term_string}"},"query-input":{"@type":"PropertyValueSpecification","valueRequired":true,"valueName":"search_term_string"}}],"inLanguage":"lt-LT"}]}},"_links":{"self":[{"href":"https:\/\/myindustrial.eu\/lt\/wp-json\/wp\/v2\/product\/1260062286","targetHints":{"allow":["GET"]}}],"collection":[{"href":"https:\/\/myindustrial.eu\/lt\/wp-json\/wp\/v2\/product"}],"about":[{"href":"https:\/\/myindustrial.eu\/lt\/wp-json\/wp\/v2\/types\/product"}],"version-history":[{"count":0,"href":"https:\/\/myindustrial.eu\/lt\/wp-json\/wp\/v2\/product\/1260062286\/revisions"}],"wp:featuredmedia":[{"embeddable":true,"href":"https:\/\/myindustrial.eu\/lt\/wp-json\/wp\/v2\/media\/1260062292"}],"wp:attachment":[{"href":"https:\/\/myindustrial.eu\/lt\/wp-json\/wp\/v2\/media?parent=1260062286"}],"wp:term":[{"taxonomy":"product_brand","embeddable":true,"href":"https:\/\/myindustrial.eu\/lt\/wp-json\/wp\/v2\/product_brand?post=1260062286"},{"taxonomy":"product_cat","embeddable":true,"href":"https:\/\/myindustrial.eu\/lt\/wp-json\/wp\/v2\/product_cat?post=1260062286"},{"taxonomy":"product_tag","embeddable":true,"href":"https:\/\/myindustrial.eu\/lt\/wp-json\/wp\/v2\/product_tag?post=1260062286"}],"curies":[{"name":"wp","href":"https:\/\/api.w.org\/{rel}","templated":true}]}}