{"id":1260062788,"date":"2022-12-14T14:18:08","date_gmt":"2022-12-14T14:18:08","guid":{"rendered":"https:\/\/myindustrial.eu\/shop\/be-kategorijos\/hkal-emg-hydraulic-cylinder\/"},"modified":"2023-06-16T20:47:16","modified_gmt":"2023-06-16T20:47:16","slug":"hkal-hidraulinis-kompaktishkas-tiesinis-pavaru-mechanizmas","status":"publish","type":"product","link":"https:\/\/myindustrial.eu\/lt\/shop\/elektrohidrauliniai-pavaru-sprendimai\/individualus-sprendimai-emg\/hkal-hidraulinis-kompaktishkas-tiesinis-pavaru-mechanizmas\/","title":{"rendered":"HKAL hidraulinis kompakti\u0161kas tiesinis pavar\u0173 mechanizmas"},"content":{"rendered":"","protected":false},"excerpt":{"rendered":"<p><b>HKAL hidraulinis kompakti\u0161kas tiesinis pavar\u0173 mechanizmas<\/b><\/p>\n<p>&nbsp;<\/p>\n<p><span style=\"font-weight: 400;\">I\u0161leidusi hidraulin\u012f kompakti\u0161k\u0105 tiesin\u012f pavar\u0173 mechanizm\u0105 (sutrumpintai: HKAL), EMG pasi\u016bl\u0117 nauj\u0105 pavaros blok\u0105, kuriame derinamos tradicijos ir naujov\u0117s. D\u0117l didelio pritaikomumo, tvirtos technin\u0117s konstrukcijos ir ekonomi\u0161kumo HKAL gali b\u016bti naudojamas \u012fvairiose pramon\u0117s srityse, \u012fskaitant:<\/span><\/p>\n<p><span style=\"font-weight: 400;\">\u2013 kalnakasybos ir konvejeri\u0173 technologijas;<\/span><\/p>\n<p><span style=\"font-weight: 400;\">\u2013 mechanikos in\u017einerij\u0105 ir \u012frengini\u0173 statyb\u0105;<\/span><\/p>\n<p><span style=\"font-weight: 400;\">\u2013 elektrini\u0173 in\u017einerij\u0105;<\/span><\/p>\n<p><span style=\"font-weight: 400;\">\u2013 vo\u017etuv\u0173 in\u017einerij\u0105;<\/span><\/p>\n<p><span style=\"font-weight: 400;\">\u2013 hidraulines plienines konstrukcijas;<\/span><\/p>\n<p><span style=\"font-weight: 400;\">\u2013 atsinaujinan\u010di\u0105 energij\u0105 (saul\u0117s energij\u0105, vandens energij\u0105 ir kt.).<\/span><\/p>\n<p><img fetchpriority=\"high\" decoding=\"async\" class=\"alignnone size-medium wp-image-1260062608\" src=\"https:\/\/myindustrial.eu\/wp-content\/uploads\/2022\/12\/hkal-p-80-600-antrieb-prallwand-500x375.webp\" alt=\"\" width=\"500\" height=\"375\" srcset=\"https:\/\/myindustrial.eu\/wp-content\/uploads\/2022\/12\/hkal-p-80-600-antrieb-prallwand-500x375.webp 500w, https:\/\/myindustrial.eu\/wp-content\/uploads\/2022\/12\/hkal-p-80-600-antrieb-prallwand-300x225.webp 300w, https:\/\/myindustrial.eu\/wp-content\/uploads\/2022\/12\/hkal-p-80-600-antrieb-prallwand-768x576.webp 768w, https:\/\/myindustrial.eu\/wp-content\/uploads\/2022\/12\/hkal-p-80-600-antrieb-prallwand-150x113.webp 150w, https:\/\/myindustrial.eu\/wp-content\/uploads\/2022\/12\/hkal-p-80-600-antrieb-prallwand.webp 900w\" sizes=\"(max-width: 500px) 100vw, 500px\" \/><\/p>\n","protected":false},"featured_media":1260062616,"template":"","meta":[],"product_brand":[],"product_cat":[1305,1631],"product_tag":[],"class_list":{"0":"post-1260062788","1":"product","2":"type-product","3":"status-publish","4":"has-post-thumbnail","6":"product_cat-elektrohidrauliniai-pavaru-sprendimai","7":"product_cat-individualus-sprendimai-emg","9":"first","10":"instock","11":"shipping-taxable","12":"product-type-simple"},"yoast_head":"<!-- This site is optimized with the Yoast SEO plugin v27.1.1 - https:\/\/yoast.com\/product\/yoast-seo-wordpress\/ -->\n<title>HKAL hidraulinis kompakti\u0161kas tiesinis pavar\u0173 mechanizmas - My industrial<\/title>\n<meta name=\"robots\" content=\"index, follow, max-snippet:-1, max-image-preview:large, max-video-preview:-1\" \/>\n<link rel=\"canonical\" href=\"https:\/\/myindustrial.eu\/lt\/shop\/elektrohidrauliniai-pavaru-sprendimai\/individualus-sprendimai-emg\/hkal-hidraulinis-kompaktishkas-tiesinis-pavaru-mechanizmas\/\" \/>\n<meta property=\"og:locale\" content=\"lt_LT\" \/>\n<meta property=\"og:type\" content=\"article\" \/>\n<meta property=\"og:title\" content=\"HKAL hidraulinis kompakti\u0161kas tiesinis pavar\u0173 mechanizmas - My industrial\" \/>\n<meta property=\"og:description\" content=\"HKAL hidraulinis kompakti\u0161kas tiesinis pavar\u0173 mechanizmas  &nbsp;  I\u0161leidusi hidraulin\u012f kompakti\u0161k\u0105 tiesin\u012f pavar\u0173 mechanizm\u0105 (sutrumpintai: HKAL), EMG pasi\u016bl\u0117 nauj\u0105 pavaros blok\u0105, kuriame derinamos tradicijos ir naujov\u0117s. D\u0117l didelio pritaikomumo, tvirtos technin\u0117s konstrukcijos ir ekonomi\u0161kumo HKAL gali b\u016bti naudojamas \u012fvairiose pramon\u0117s srityse, \u012fskaitant:  \u2013 kalnakasybos ir konvejeri\u0173 technologijas;  \u2013 mechanikos in\u017einerij\u0105 ir \u012frengini\u0173 statyb\u0105;  \u2013 elektrini\u0173 in\u017einerij\u0105;  \u2013 vo\u017etuv\u0173 in\u017einerij\u0105;  \u2013 hidraulines plienines konstrukcijas;  \u2013 atsinaujinan\u010di\u0105 energij\u0105 (saul\u0117s energij\u0105, vandens energij\u0105 ir kt.).\" \/>\n<meta property=\"og:url\" content=\"https:\/\/myindustrial.eu\/lt\/shop\/elektrohidrauliniai-pavaru-sprendimai\/individualus-sprendimai-emg\/hkal-hidraulinis-kompaktishkas-tiesinis-pavaru-mechanizmas\/\" \/>\n<meta property=\"og:site_name\" content=\"My industrial\" \/>\n<meta property=\"article:modified_time\" content=\"2023-06-16T20:47:16+00:00\" \/>\n<meta property=\"og:image\" content=\"https:\/\/myindustrial.eu\/wp-content\/uploads\/2022\/12\/fordergurtlenkrollenstation_colorgrade.webp\" \/>\n\t<meta property=\"og:image:width\" content=\"900\" \/>\n\t<meta property=\"og:image:height\" content=\"675\" \/>\n\t<meta property=\"og:image:type\" content=\"image\/webp\" \/>\n<meta name=\"twitter:card\" content=\"summary_large_image\" \/>\n<script type=\"application\/ld+json\" class=\"yoast-schema-graph\">{\"@context\":\"https:\/\/schema.org\",\"@graph\":[{\"@type\":\"WebPage\",\"@id\":\"https:\/\/myindustrial.eu\/lt\/shop\/elektrohidrauliniai-pavaru-sprendimai\/individualus-sprendimai-emg\/hkal-hidraulinis-kompaktishkas-tiesinis-pavaru-mechanizmas\/\",\"url\":\"https:\/\/myindustrial.eu\/lt\/shop\/elektrohidrauliniai-pavaru-sprendimai\/individualus-sprendimai-emg\/hkal-hidraulinis-kompaktishkas-tiesinis-pavaru-mechanizmas\/\",\"name\":\"HKAL hidraulinis kompakti\u0161kas tiesinis pavar\u0173 mechanizmas - My industrial\",\"isPartOf\":{\"@id\":\"https:\/\/myindustrial.eu\/lt\/#website\"},\"primaryImageOfPage\":{\"@id\":\"https:\/\/myindustrial.eu\/lt\/shop\/elektrohidrauliniai-pavaru-sprendimai\/individualus-sprendimai-emg\/hkal-hidraulinis-kompaktishkas-tiesinis-pavaru-mechanizmas\/#primaryimage\"},\"image\":{\"@id\":\"https:\/\/myindustrial.eu\/lt\/shop\/elektrohidrauliniai-pavaru-sprendimai\/individualus-sprendimai-emg\/hkal-hidraulinis-kompaktishkas-tiesinis-pavaru-mechanizmas\/#primaryimage\"},\"thumbnailUrl\":\"https:\/\/myindustrial.eu\/wp-content\/uploads\/2022\/12\/fordergurtlenkrollenstation_colorgrade.webp\",\"datePublished\":\"2022-12-14T14:18:08+00:00\",\"dateModified\":\"2023-06-16T20:47:16+00:00\",\"breadcrumb\":{\"@id\":\"https:\/\/myindustrial.eu\/lt\/shop\/elektrohidrauliniai-pavaru-sprendimai\/individualus-sprendimai-emg\/hkal-hidraulinis-kompaktishkas-tiesinis-pavaru-mechanizmas\/#breadcrumb\"},\"inLanguage\":\"lt-LT\",\"potentialAction\":[{\"@type\":\"ReadAction\",\"target\":[\"https:\/\/myindustrial.eu\/lt\/shop\/elektrohidrauliniai-pavaru-sprendimai\/individualus-sprendimai-emg\/hkal-hidraulinis-kompaktishkas-tiesinis-pavaru-mechanizmas\/\"]}]},{\"@type\":\"ImageObject\",\"inLanguage\":\"lt-LT\",\"@id\":\"https:\/\/myindustrial.eu\/lt\/shop\/elektrohidrauliniai-pavaru-sprendimai\/individualus-sprendimai-emg\/hkal-hidraulinis-kompaktishkas-tiesinis-pavaru-mechanizmas\/#primaryimage\",\"url\":\"https:\/\/myindustrial.eu\/wp-content\/uploads\/2022\/12\/fordergurtlenkrollenstation_colorgrade.webp\",\"contentUrl\":\"https:\/\/myindustrial.eu\/wp-content\/uploads\/2022\/12\/fordergurtlenkrollenstation_colorgrade.webp\",\"width\":900,\"height\":675},{\"@type\":\"BreadcrumbList\",\"@id\":\"https:\/\/myindustrial.eu\/lt\/shop\/elektrohidrauliniai-pavaru-sprendimai\/individualus-sprendimai-emg\/hkal-hidraulinis-kompaktishkas-tiesinis-pavaru-mechanizmas\/#breadcrumb\",\"itemListElement\":[{\"@type\":\"ListItem\",\"position\":1,\"name\":\"Home\",\"item\":\"https:\/\/myindustrial.eu\/lt\/\"},{\"@type\":\"ListItem\",\"position\":2,\"name\":\"Products\",\"item\":\"https:\/\/myindustrial.eu\/lt\/products\/\"},{\"@type\":\"ListItem\",\"position\":3,\"name\":\"HKAL hidraulinis kompakti\u0161kas tiesinis pavar\u0173 mechanizmas\"}]},{\"@type\":\"WebSite\",\"@id\":\"https:\/\/myindustrial.eu\/lt\/#website\",\"url\":\"https:\/\/myindustrial.eu\/lt\/\",\"name\":\"My industrial\",\"description\":\"\",\"potentialAction\":[{\"@type\":\"SearchAction\",\"target\":{\"@type\":\"EntryPoint\",\"urlTemplate\":\"https:\/\/myindustrial.eu\/lt\/?s={search_term_string}\"},\"query-input\":{\"@type\":\"PropertyValueSpecification\",\"valueRequired\":true,\"valueName\":\"search_term_string\"}}],\"inLanguage\":\"lt-LT\"}]}<\/script>\n<!-- \/ Yoast SEO plugin. -->","yoast_head_json":{"title":"HKAL hidraulinis kompakti\u0161kas tiesinis pavar\u0173 mechanizmas - My industrial","robots":{"index":"index","follow":"follow","max-snippet":"max-snippet:-1","max-image-preview":"max-image-preview:large","max-video-preview":"max-video-preview:-1"},"canonical":"https:\/\/myindustrial.eu\/lt\/shop\/elektrohidrauliniai-pavaru-sprendimai\/individualus-sprendimai-emg\/hkal-hidraulinis-kompaktishkas-tiesinis-pavaru-mechanizmas\/","og_locale":"lt_LT","og_type":"article","og_title":"HKAL hidraulinis kompakti\u0161kas tiesinis pavar\u0173 mechanizmas - My industrial","og_description":"HKAL hidraulinis kompakti\u0161kas tiesinis pavar\u0173 mechanizmas  &nbsp;  I\u0161leidusi hidraulin\u012f kompakti\u0161k\u0105 tiesin\u012f pavar\u0173 mechanizm\u0105 (sutrumpintai: HKAL), EMG pasi\u016bl\u0117 nauj\u0105 pavaros blok\u0105, kuriame derinamos tradicijos ir naujov\u0117s. D\u0117l didelio pritaikomumo, tvirtos technin\u0117s konstrukcijos ir ekonomi\u0161kumo HKAL gali b\u016bti naudojamas \u012fvairiose pramon\u0117s srityse, \u012fskaitant:  \u2013 kalnakasybos ir konvejeri\u0173 technologijas;  \u2013 mechanikos in\u017einerij\u0105 ir \u012frengini\u0173 statyb\u0105;  \u2013 elektrini\u0173 in\u017einerij\u0105;  \u2013 vo\u017etuv\u0173 in\u017einerij\u0105;  \u2013 hidraulines plienines konstrukcijas;  \u2013 atsinaujinan\u010di\u0105 energij\u0105 (saul\u0117s energij\u0105, vandens energij\u0105 ir kt.).","og_url":"https:\/\/myindustrial.eu\/lt\/shop\/elektrohidrauliniai-pavaru-sprendimai\/individualus-sprendimai-emg\/hkal-hidraulinis-kompaktishkas-tiesinis-pavaru-mechanizmas\/","og_site_name":"My industrial","article_modified_time":"2023-06-16T20:47:16+00:00","og_image":[{"width":900,"height":675,"url":"https:\/\/myindustrial.eu\/wp-content\/uploads\/2022\/12\/fordergurtlenkrollenstation_colorgrade.webp","type":"image\/webp"}],"twitter_card":"summary_large_image","schema":{"@context":"https:\/\/schema.org","@graph":[{"@type":"WebPage","@id":"https:\/\/myindustrial.eu\/lt\/shop\/elektrohidrauliniai-pavaru-sprendimai\/individualus-sprendimai-emg\/hkal-hidraulinis-kompaktishkas-tiesinis-pavaru-mechanizmas\/","url":"https:\/\/myindustrial.eu\/lt\/shop\/elektrohidrauliniai-pavaru-sprendimai\/individualus-sprendimai-emg\/hkal-hidraulinis-kompaktishkas-tiesinis-pavaru-mechanizmas\/","name":"HKAL hidraulinis kompakti\u0161kas tiesinis pavar\u0173 mechanizmas - My industrial","isPartOf":{"@id":"https:\/\/myindustrial.eu\/lt\/#website"},"primaryImageOfPage":{"@id":"https:\/\/myindustrial.eu\/lt\/shop\/elektrohidrauliniai-pavaru-sprendimai\/individualus-sprendimai-emg\/hkal-hidraulinis-kompaktishkas-tiesinis-pavaru-mechanizmas\/#primaryimage"},"image":{"@id":"https:\/\/myindustrial.eu\/lt\/shop\/elektrohidrauliniai-pavaru-sprendimai\/individualus-sprendimai-emg\/hkal-hidraulinis-kompaktishkas-tiesinis-pavaru-mechanizmas\/#primaryimage"},"thumbnailUrl":"https:\/\/myindustrial.eu\/wp-content\/uploads\/2022\/12\/fordergurtlenkrollenstation_colorgrade.webp","datePublished":"2022-12-14T14:18:08+00:00","dateModified":"2023-06-16T20:47:16+00:00","breadcrumb":{"@id":"https:\/\/myindustrial.eu\/lt\/shop\/elektrohidrauliniai-pavaru-sprendimai\/individualus-sprendimai-emg\/hkal-hidraulinis-kompaktishkas-tiesinis-pavaru-mechanizmas\/#breadcrumb"},"inLanguage":"lt-LT","potentialAction":[{"@type":"ReadAction","target":["https:\/\/myindustrial.eu\/lt\/shop\/elektrohidrauliniai-pavaru-sprendimai\/individualus-sprendimai-emg\/hkal-hidraulinis-kompaktishkas-tiesinis-pavaru-mechanizmas\/"]}]},{"@type":"ImageObject","inLanguage":"lt-LT","@id":"https:\/\/myindustrial.eu\/lt\/shop\/elektrohidrauliniai-pavaru-sprendimai\/individualus-sprendimai-emg\/hkal-hidraulinis-kompaktishkas-tiesinis-pavaru-mechanizmas\/#primaryimage","url":"https:\/\/myindustrial.eu\/wp-content\/uploads\/2022\/12\/fordergurtlenkrollenstation_colorgrade.webp","contentUrl":"https:\/\/myindustrial.eu\/wp-content\/uploads\/2022\/12\/fordergurtlenkrollenstation_colorgrade.webp","width":900,"height":675},{"@type":"BreadcrumbList","@id":"https:\/\/myindustrial.eu\/lt\/shop\/elektrohidrauliniai-pavaru-sprendimai\/individualus-sprendimai-emg\/hkal-hidraulinis-kompaktishkas-tiesinis-pavaru-mechanizmas\/#breadcrumb","itemListElement":[{"@type":"ListItem","position":1,"name":"Home","item":"https:\/\/myindustrial.eu\/lt\/"},{"@type":"ListItem","position":2,"name":"Products","item":"https:\/\/myindustrial.eu\/lt\/products\/"},{"@type":"ListItem","position":3,"name":"HKAL hidraulinis kompakti\u0161kas tiesinis pavar\u0173 mechanizmas"}]},{"@type":"WebSite","@id":"https:\/\/myindustrial.eu\/lt\/#website","url":"https:\/\/myindustrial.eu\/lt\/","name":"My industrial","description":"","potentialAction":[{"@type":"SearchAction","target":{"@type":"EntryPoint","urlTemplate":"https:\/\/myindustrial.eu\/lt\/?s={search_term_string}"},"query-input":{"@type":"PropertyValueSpecification","valueRequired":true,"valueName":"search_term_string"}}],"inLanguage":"lt-LT"}]}},"_links":{"self":[{"href":"https:\/\/myindustrial.eu\/lt\/wp-json\/wp\/v2\/product\/1260062788","targetHints":{"allow":["GET"]}}],"collection":[{"href":"https:\/\/myindustrial.eu\/lt\/wp-json\/wp\/v2\/product"}],"about":[{"href":"https:\/\/myindustrial.eu\/lt\/wp-json\/wp\/v2\/types\/product"}],"version-history":[{"count":1,"href":"https:\/\/myindustrial.eu\/lt\/wp-json\/wp\/v2\/product\/1260062788\/revisions"}],"predecessor-version":[{"id":1260062966,"href":"https:\/\/myindustrial.eu\/lt\/wp-json\/wp\/v2\/product\/1260062788\/revisions\/1260062966"}],"wp:featuredmedia":[{"embeddable":true,"href":"https:\/\/myindustrial.eu\/lt\/wp-json\/wp\/v2\/media\/1260062616"}],"wp:attachment":[{"href":"https:\/\/myindustrial.eu\/lt\/wp-json\/wp\/v2\/media?parent=1260062788"}],"wp:term":[{"taxonomy":"product_brand","embeddable":true,"href":"https:\/\/myindustrial.eu\/lt\/wp-json\/wp\/v2\/product_brand?post=1260062788"},{"taxonomy":"product_cat","embeddable":true,"href":"https:\/\/myindustrial.eu\/lt\/wp-json\/wp\/v2\/product_cat?post=1260062788"},{"taxonomy":"product_tag","embeddable":true,"href":"https:\/\/myindustrial.eu\/lt\/wp-json\/wp\/v2\/product_tag?post=1260062788"}],"curies":[{"name":"wp","href":"https:\/\/api.w.org\/{rel}","templated":true}]}}