{"id":1260062798,"date":"2022-12-14T14:30:07","date_gmt":"2022-12-14T14:30:07","guid":{"rendered":"https:\/\/myindustrial.eu\/shop\/be-kategorijos\/sibre-individual-based-on-clint-drawings\/"},"modified":"2023-06-16T20:47:16","modified_gmt":"2023-06-16T20:47:16","slug":"sibre-individualus-sprendimai-pagal-kliento-brezinius","status":"publish","type":"product","link":"https:\/\/myindustrial.eu\/lt\/shop\/pramonines-stabdziu-sistemos-ir-pavaru-sustabdymo-komponentai\/sibre-individualus-sprendimai-pagal-kliento-brezinius\/","title":{"rendered":"SIBRE &#8211; individual\u016bs sprendimai pagal kliento br\u0117\u017einius"},"content":{"rendered":"<p><b>Stabd\u017ei\u0173 ir pavaros sistem\u0173 gamini\u0173 koncepcija ir in\u017einerija<\/b><span style=\"font-weight: 400\">Id\u0117j\u0173 ir koncepcij\u0173 \u012fgyvendinimas priklauso dinami\u0161kai in\u017einieri\u0173 komandai. M\u016bs\u0173 gamini\u0173 perprojektavimas yra toks pat svarbus, kaip ir nauj\u0173 koncepcij\u0173 \u012fgyvendinimas. Tur\u0117dama moderniausi\u0105 technin\u0119 ir programin\u0119 \u012frang\u0105, in\u017einieri\u0173 komanda patobulino i\u0161bandyt\u0105 ir patikim\u0105 asortiment\u0105, kad jis b\u016bt\u0173 efektyvesnis ir patogesnis pri\u017ei\u016br\u0117ti. M\u016bs\u0173 in\u017einieri\u0173 grup\u0117 yra svarbi \u012fmon\u0117s, kuri yra pasaulin\u0117 pramonini\u0173 stabd\u017ei\u0173, mov\u0173 ir kran\u0173 rat\u0173 tiek\u0117ja, dalis.<\/span>&nbsp;<span style=\"font-weight: 400\">Gamybos \u012frenginiai buvo gerokai modernizuoti ir i\u0161pl\u0117sti, kad b\u016bt\u0173 patenkinta auk\u0161tos in\u017einerijos integrali\u0173 gamini\u0173 paklausa. Nuo 2018 m. \u012frengtos kelios naujos linijos. Vokietijoje esan\u010dioje centrin\u0117je m\u016bs\u0173 gamykloje yra kelios moderniausios CNC stakl\u0117s. \u0160ie papildymai leid\u017eia grie\u017e\u010diau kontroliuoti gamyb\u0105 ir grei\u010diau reaguoti \u012f klient\u0173 reikalavimus.<\/span><span style=\"font-weight: 400\">Kokybi\u0161koms ir patikimoms stabd\u017ei\u0173 sistemoms ir pavaros komponentams reikia nuoseklaus kokyb\u0117s standarto. M\u016bs\u0173 vidin\u0117je k\u016brimo ir modeliavimo laboratorijoje i\u0161bandomi ir atskiri komponentai, ir visi\u0161kai sukomplektuotos sistemos. Be funkcij\u0173 ir apkrov\u0173 modeliavimo, taip pat daug d\u0117mesio skiriame tikrinimui, reakcijos laikui, med\u017eiag\u0173 savyb\u0117ms ir matmen\u0173 tikslumui<\/span>&nbsp;<a href=\"https:\/\/myindustrial.eu\/wp-content\/uploads\/2022\/12\/image003.png\"><img fetchpriority=\"high\" decoding=\"async\" class=\"alignnone wp-image-1260062260\" src=\"https:\/\/myindustrial.eu\/wp-content\/uploads\/2022\/12\/image003-500x424.png\" alt=\"\" width=\"283\" height=\"240\" \/><\/a><\/p>\n","protected":false},"excerpt":{"rendered":"<p><b>Bandym\u0173 ir matavimo laboratorija<\/b><\/p>\n<p><span style=\"font-weight: 400;\">Inercinis dinamometras naudojamas naujoms pramonini\u0173 stabd\u017ei\u0173 naujov\u0117ms i\u0161bandyti, kokybei u\u017etikrinti, optimaliam ankstesni\u0173 dinamini\u0173 stabd\u017ei\u0173 pateikimui klientams ir dokumentavimui u\u017etikrinti.<\/span><\/p>\n<p><span style=\"font-weight: 400;\">\u0160ioje laboratorijoje galime i\u0161samiai i\u0161bandyti visas naujas koncepcijas ir gaminius pagal klient\u0173 poreikius.<\/span><\/p>\n<p>&nbsp;<\/p>\n<p><span style=\"font-weight: 400;\">S\u0117kmingai atlikti eksperimentai yra naudingi tobulinant gamin\u012f ir \u0161alinant dinamin\u0117s apkrovos tr\u016bkumus, nuodugniai tiriant gaminio taikym\u0105 ekstremaliomis s\u0105lygomis ir taikymo ypatybes.<\/span><\/p>\n","protected":false},"featured_media":1260062265,"template":"","meta":[],"product_brand":[],"product_cat":[1386,1640],"product_tag":[],"class_list":{"0":"post-1260062798","1":"product","2":"type-product","3":"status-publish","4":"has-post-thumbnail","6":"product_cat-pramonines-stabdziu-sistemos-ir-pavaru-sustabdymo-komponentai","7":"product_cat-individualus-sprendimai-sibre","9":"first","10":"instock","11":"shipping-taxable","12":"product-type-simple"},"yoast_head":"<!-- This site is optimized with the Yoast SEO plugin v27.1.1 - https:\/\/yoast.com\/product\/yoast-seo-wordpress\/ -->\n<title>SIBRE - individual\u016bs sprendimai pagal kliento br\u0117\u017einius - My industrial<\/title>\n<meta name=\"robots\" content=\"index, follow, max-snippet:-1, max-image-preview:large, max-video-preview:-1\" \/>\n<link rel=\"canonical\" href=\"https:\/\/myindustrial.eu\/lt\/shop\/pramonines-stabdziu-sistemos-ir-pavaru-sustabdymo-komponentai\/sibre-individualus-sprendimai-pagal-kliento-brezinius\/\" \/>\n<meta property=\"og:locale\" content=\"lt_LT\" \/>\n<meta property=\"og:type\" content=\"article\" \/>\n<meta property=\"og:title\" content=\"SIBRE - individual\u016bs sprendimai pagal kliento br\u0117\u017einius - My industrial\" \/>\n<meta property=\"og:description\" content=\"Bandym\u0173 ir matavimo laboratorija  Inercinis dinamometras naudojamas naujoms pramonini\u0173 stabd\u017ei\u0173 naujov\u0117ms i\u0161bandyti, kokybei u\u017etikrinti, optimaliam ankstesni\u0173 dinamini\u0173 stabd\u017ei\u0173 pateikimui klientams ir dokumentavimui u\u017etikrinti.  \u0160ioje laboratorijoje galime i\u0161samiai i\u0161bandyti visas naujas koncepcijas ir gaminius pagal klient\u0173 poreikius.  &nbsp;  S\u0117kmingai atlikti eksperimentai yra naudingi tobulinant gamin\u012f ir \u0161alinant dinamin\u0117s apkrovos tr\u016bkumus, nuodugniai tiriant gaminio taikym\u0105 ekstremaliomis s\u0105lygomis ir taikymo ypatybes.\" \/>\n<meta property=\"og:url\" content=\"https:\/\/myindustrial.eu\/lt\/shop\/pramonines-stabdziu-sistemos-ir-pavaru-sustabdymo-komponentai\/sibre-individualus-sprendimai-pagal-kliento-brezinius\/\" \/>\n<meta property=\"og:site_name\" content=\"My industrial\" \/>\n<meta property=\"article:modified_time\" content=\"2023-06-16T20:47:16+00:00\" \/>\n<meta property=\"og:image\" content=\"https:\/\/myindustrial.eu\/wp-content\/uploads\/2022\/12\/sibre-logo-big-800x800.jpg\" \/>\n\t<meta property=\"og:image:width\" content=\"800\" \/>\n\t<meta property=\"og:image:height\" content=\"800\" \/>\n\t<meta property=\"og:image:type\" content=\"image\/jpeg\" \/>\n<meta name=\"twitter:card\" content=\"summary_large_image\" \/>\n<script type=\"application\/ld+json\" class=\"yoast-schema-graph\">{\"@context\":\"https:\/\/schema.org\",\"@graph\":[{\"@type\":\"WebPage\",\"@id\":\"https:\/\/myindustrial.eu\/lt\/shop\/pramonines-stabdziu-sistemos-ir-pavaru-sustabdymo-komponentai\/sibre-individualus-sprendimai-pagal-kliento-brezinius\/\",\"url\":\"https:\/\/myindustrial.eu\/lt\/shop\/pramonines-stabdziu-sistemos-ir-pavaru-sustabdymo-komponentai\/sibre-individualus-sprendimai-pagal-kliento-brezinius\/\",\"name\":\"SIBRE - individual\u016bs sprendimai pagal kliento br\u0117\u017einius - My industrial\",\"isPartOf\":{\"@id\":\"https:\/\/myindustrial.eu\/lt\/#website\"},\"primaryImageOfPage\":{\"@id\":\"https:\/\/myindustrial.eu\/lt\/shop\/pramonines-stabdziu-sistemos-ir-pavaru-sustabdymo-komponentai\/sibre-individualus-sprendimai-pagal-kliento-brezinius\/#primaryimage\"},\"image\":{\"@id\":\"https:\/\/myindustrial.eu\/lt\/shop\/pramonines-stabdziu-sistemos-ir-pavaru-sustabdymo-komponentai\/sibre-individualus-sprendimai-pagal-kliento-brezinius\/#primaryimage\"},\"thumbnailUrl\":\"https:\/\/myindustrial.eu\/wp-content\/uploads\/2022\/12\/sibre-logo-big-800x800.jpg\",\"datePublished\":\"2022-12-14T14:30:07+00:00\",\"dateModified\":\"2023-06-16T20:47:16+00:00\",\"breadcrumb\":{\"@id\":\"https:\/\/myindustrial.eu\/lt\/shop\/pramonines-stabdziu-sistemos-ir-pavaru-sustabdymo-komponentai\/sibre-individualus-sprendimai-pagal-kliento-brezinius\/#breadcrumb\"},\"inLanguage\":\"lt-LT\",\"potentialAction\":[{\"@type\":\"ReadAction\",\"target\":[\"https:\/\/myindustrial.eu\/lt\/shop\/pramonines-stabdziu-sistemos-ir-pavaru-sustabdymo-komponentai\/sibre-individualus-sprendimai-pagal-kliento-brezinius\/\"]}]},{\"@type\":\"ImageObject\",\"inLanguage\":\"lt-LT\",\"@id\":\"https:\/\/myindustrial.eu\/lt\/shop\/pramonines-stabdziu-sistemos-ir-pavaru-sustabdymo-komponentai\/sibre-individualus-sprendimai-pagal-kliento-brezinius\/#primaryimage\",\"url\":\"https:\/\/myindustrial.eu\/wp-content\/uploads\/2022\/12\/sibre-logo-big-800x800.jpg\",\"contentUrl\":\"https:\/\/myindustrial.eu\/wp-content\/uploads\/2022\/12\/sibre-logo-big-800x800.jpg\",\"width\":800,\"height\":800},{\"@type\":\"BreadcrumbList\",\"@id\":\"https:\/\/myindustrial.eu\/lt\/shop\/pramonines-stabdziu-sistemos-ir-pavaru-sustabdymo-komponentai\/sibre-individualus-sprendimai-pagal-kliento-brezinius\/#breadcrumb\",\"itemListElement\":[{\"@type\":\"ListItem\",\"position\":1,\"name\":\"Home\",\"item\":\"https:\/\/myindustrial.eu\/lt\/\"},{\"@type\":\"ListItem\",\"position\":2,\"name\":\"Products\",\"item\":\"https:\/\/myindustrial.eu\/lt\/products\/\"},{\"@type\":\"ListItem\",\"position\":3,\"name\":\"SIBRE &#8211; individual\u016bs sprendimai pagal kliento br\u0117\u017einius\"}]},{\"@type\":\"WebSite\",\"@id\":\"https:\/\/myindustrial.eu\/lt\/#website\",\"url\":\"https:\/\/myindustrial.eu\/lt\/\",\"name\":\"My industrial\",\"description\":\"\",\"potentialAction\":[{\"@type\":\"SearchAction\",\"target\":{\"@type\":\"EntryPoint\",\"urlTemplate\":\"https:\/\/myindustrial.eu\/lt\/?s={search_term_string}\"},\"query-input\":{\"@type\":\"PropertyValueSpecification\",\"valueRequired\":true,\"valueName\":\"search_term_string\"}}],\"inLanguage\":\"lt-LT\"}]}<\/script>\n<!-- \/ Yoast SEO plugin. -->","yoast_head_json":{"title":"SIBRE - individual\u016bs sprendimai pagal kliento br\u0117\u017einius - My industrial","robots":{"index":"index","follow":"follow","max-snippet":"max-snippet:-1","max-image-preview":"max-image-preview:large","max-video-preview":"max-video-preview:-1"},"canonical":"https:\/\/myindustrial.eu\/lt\/shop\/pramonines-stabdziu-sistemos-ir-pavaru-sustabdymo-komponentai\/sibre-individualus-sprendimai-pagal-kliento-brezinius\/","og_locale":"lt_LT","og_type":"article","og_title":"SIBRE - individual\u016bs sprendimai pagal kliento br\u0117\u017einius - My industrial","og_description":"Bandym\u0173 ir matavimo laboratorija  Inercinis dinamometras naudojamas naujoms pramonini\u0173 stabd\u017ei\u0173 naujov\u0117ms i\u0161bandyti, kokybei u\u017etikrinti, optimaliam ankstesni\u0173 dinamini\u0173 stabd\u017ei\u0173 pateikimui klientams ir dokumentavimui u\u017etikrinti.  \u0160ioje laboratorijoje galime i\u0161samiai i\u0161bandyti visas naujas koncepcijas ir gaminius pagal klient\u0173 poreikius.  &nbsp;  S\u0117kmingai atlikti eksperimentai yra naudingi tobulinant gamin\u012f ir \u0161alinant dinamin\u0117s apkrovos tr\u016bkumus, nuodugniai tiriant gaminio taikym\u0105 ekstremaliomis s\u0105lygomis ir taikymo ypatybes.","og_url":"https:\/\/myindustrial.eu\/lt\/shop\/pramonines-stabdziu-sistemos-ir-pavaru-sustabdymo-komponentai\/sibre-individualus-sprendimai-pagal-kliento-brezinius\/","og_site_name":"My industrial","article_modified_time":"2023-06-16T20:47:16+00:00","og_image":[{"width":800,"height":800,"url":"https:\/\/myindustrial.eu\/wp-content\/uploads\/2022\/12\/sibre-logo-big-800x800.jpg","type":"image\/jpeg"}],"twitter_card":"summary_large_image","schema":{"@context":"https:\/\/schema.org","@graph":[{"@type":"WebPage","@id":"https:\/\/myindustrial.eu\/lt\/shop\/pramonines-stabdziu-sistemos-ir-pavaru-sustabdymo-komponentai\/sibre-individualus-sprendimai-pagal-kliento-brezinius\/","url":"https:\/\/myindustrial.eu\/lt\/shop\/pramonines-stabdziu-sistemos-ir-pavaru-sustabdymo-komponentai\/sibre-individualus-sprendimai-pagal-kliento-brezinius\/","name":"SIBRE - individual\u016bs sprendimai pagal kliento br\u0117\u017einius - My industrial","isPartOf":{"@id":"https:\/\/myindustrial.eu\/lt\/#website"},"primaryImageOfPage":{"@id":"https:\/\/myindustrial.eu\/lt\/shop\/pramonines-stabdziu-sistemos-ir-pavaru-sustabdymo-komponentai\/sibre-individualus-sprendimai-pagal-kliento-brezinius\/#primaryimage"},"image":{"@id":"https:\/\/myindustrial.eu\/lt\/shop\/pramonines-stabdziu-sistemos-ir-pavaru-sustabdymo-komponentai\/sibre-individualus-sprendimai-pagal-kliento-brezinius\/#primaryimage"},"thumbnailUrl":"https:\/\/myindustrial.eu\/wp-content\/uploads\/2022\/12\/sibre-logo-big-800x800.jpg","datePublished":"2022-12-14T14:30:07+00:00","dateModified":"2023-06-16T20:47:16+00:00","breadcrumb":{"@id":"https:\/\/myindustrial.eu\/lt\/shop\/pramonines-stabdziu-sistemos-ir-pavaru-sustabdymo-komponentai\/sibre-individualus-sprendimai-pagal-kliento-brezinius\/#breadcrumb"},"inLanguage":"lt-LT","potentialAction":[{"@type":"ReadAction","target":["https:\/\/myindustrial.eu\/lt\/shop\/pramonines-stabdziu-sistemos-ir-pavaru-sustabdymo-komponentai\/sibre-individualus-sprendimai-pagal-kliento-brezinius\/"]}]},{"@type":"ImageObject","inLanguage":"lt-LT","@id":"https:\/\/myindustrial.eu\/lt\/shop\/pramonines-stabdziu-sistemos-ir-pavaru-sustabdymo-komponentai\/sibre-individualus-sprendimai-pagal-kliento-brezinius\/#primaryimage","url":"https:\/\/myindustrial.eu\/wp-content\/uploads\/2022\/12\/sibre-logo-big-800x800.jpg","contentUrl":"https:\/\/myindustrial.eu\/wp-content\/uploads\/2022\/12\/sibre-logo-big-800x800.jpg","width":800,"height":800},{"@type":"BreadcrumbList","@id":"https:\/\/myindustrial.eu\/lt\/shop\/pramonines-stabdziu-sistemos-ir-pavaru-sustabdymo-komponentai\/sibre-individualus-sprendimai-pagal-kliento-brezinius\/#breadcrumb","itemListElement":[{"@type":"ListItem","position":1,"name":"Home","item":"https:\/\/myindustrial.eu\/lt\/"},{"@type":"ListItem","position":2,"name":"Products","item":"https:\/\/myindustrial.eu\/lt\/products\/"},{"@type":"ListItem","position":3,"name":"SIBRE &#8211; individual\u016bs sprendimai pagal kliento br\u0117\u017einius"}]},{"@type":"WebSite","@id":"https:\/\/myindustrial.eu\/lt\/#website","url":"https:\/\/myindustrial.eu\/lt\/","name":"My industrial","description":"","potentialAction":[{"@type":"SearchAction","target":{"@type":"EntryPoint","urlTemplate":"https:\/\/myindustrial.eu\/lt\/?s={search_term_string}"},"query-input":{"@type":"PropertyValueSpecification","valueRequired":true,"valueName":"search_term_string"}}],"inLanguage":"lt-LT"}]}},"_links":{"self":[{"href":"https:\/\/myindustrial.eu\/lt\/wp-json\/wp\/v2\/product\/1260062798","targetHints":{"allow":["GET"]}}],"collection":[{"href":"https:\/\/myindustrial.eu\/lt\/wp-json\/wp\/v2\/product"}],"about":[{"href":"https:\/\/myindustrial.eu\/lt\/wp-json\/wp\/v2\/types\/product"}],"version-history":[{"count":0,"href":"https:\/\/myindustrial.eu\/lt\/wp-json\/wp\/v2\/product\/1260062798\/revisions"}],"wp:featuredmedia":[{"embeddable":true,"href":"https:\/\/myindustrial.eu\/lt\/wp-json\/wp\/v2\/media\/1260062265"}],"wp:attachment":[{"href":"https:\/\/myindustrial.eu\/lt\/wp-json\/wp\/v2\/media?parent=1260062798"}],"wp:term":[{"taxonomy":"product_brand","embeddable":true,"href":"https:\/\/myindustrial.eu\/lt\/wp-json\/wp\/v2\/product_brand?post=1260062798"},{"taxonomy":"product_cat","embeddable":true,"href":"https:\/\/myindustrial.eu\/lt\/wp-json\/wp\/v2\/product_cat?post=1260062798"},{"taxonomy":"product_tag","embeddable":true,"href":"https:\/\/myindustrial.eu\/lt\/wp-json\/wp\/v2\/product_tag?post=1260062798"}],"curies":[{"name":"wp","href":"https:\/\/api.w.org\/{rel}","templated":true}]}}