{"id":1260062805,"date":"2022-12-14T14:05:00","date_gmt":"2022-12-14T14:05:00","guid":{"rendered":"https:\/\/myindustrial.eu\/shop\/be-kategorijos\/elektrochidraulines-emg-pavaros\/"},"modified":"2023-12-28T21:07:04","modified_gmt":"2023-12-28T21:07:04","slug":"elektrochidraulines-emg-pavaros","status":"publish","type":"product","link":"https:\/\/myindustrial.eu\/lt\/shop\/elektrohidrauliniai-pavaru-sprendimai\/individualus-sprendimai-emg\/elektrochidraulines-emg-pavaros\/","title":{"rendered":"Elektrochidraulin\u0117s EMG pavaros"},"content":{"rendered":"<p><strong>EMG HKALinear hidraulinis kompakti\u0161kas tiesinis pavar\u0173 mechanizmas<\/strong>EMG hidraulinis kompakti\u0161kas tiesinis pavar\u0173 mechanizmas suk\u016br\u0117 pavar\u0105, kurioje dera tradicijos ir naujov\u0117s. Didel\u0117s galimyb\u0117s j\u012f modifikuoti ir techninis patikimumas kartu su ekonominiuefektyvumu paskatino HKAL sprendimus naudoti \u012fvairiuose pramon\u0117s sektoriuose:\u2013 kalnakasybos ir konvejeri\u0173 technologijas;\u2013 ma\u0161in\u0173 ir \u012frengini\u0173 in\u017einerijos;\u2013 j\u0117gaini\u0173 statybos;\u2013 vo\u017etuv\u0173 konstrukcijos;\u2013 plienini\u0173 konstrukcij\u0173, skirt\u0173 hidrotechnikai;\u2013 naujos energijos (saul\u0117s, vandens ir kt.).<iframe width=\"560\" height=\"315\" src=\"https:\/\/youtube.com\/embed\/WDn4CI0Lf0A\" frameborder=\"0\" allow=\"accelerometer; autoplay; clipboard-write; encrypted-media; gyroscope; picture-in-picture; web-share\" allowfullscreen><\/iframe><\/p>\n","protected":false},"excerpt":{"rendered":"<p><strong>Elektrohidraulin\u0117s EMG pavaros<\/strong><\/p>\n<p>Elektrohidraulin\u0117s EMG pavaros elektros energij\u0105 paver\u010dia mechanine energija ir atlieka mechanin\u012f darb\u0105 tam tikroje takto atkarpoje. \u012erodyta, kad elektrohidrauliniai EMG varomieji \u012frenginiai ELDRO\u00ae ir ELHY\u00ae yra universal\u016bs \u012fvairiose veiklos srityse, tod\u0117l jie pla\u010diai naudojami kalnakasybos, plieno, uost\u0173 ir statybos pramon\u0117je.<br \/>\nElektrohidraulin\u0117s EMG pavaros ELDRO\u00ae ir ELHY\u00ae gali b\u016bti naudojamos kartu su \u012fvairiais valdymo elementais, pvz., \u0161iose srityse:<br \/>\n\u2013 k\u0117limo ir nuleidimo mechanizmai;<br \/>\n\u2013 u\u017erakinimas ir atrakinimas pasislinkus krovinio tvirtinimo plei\u0161tams arba tvirtinimo kabliams;<br \/>\n\u2013 valytuv\u0173 nuleidimas ant konvejeri\u0173 juost\u0173;<br \/>\n\u2013 hidraulini\u0173 pres\u0173 vo\u017etuv\u0173 pavaros.<\/p>\n","protected":false},"featured_media":1260062571,"template":"","meta":[],"product_brand":[],"product_cat":[1305,1631],"product_tag":[],"class_list":{"0":"post-1260062805","1":"product","2":"type-product","3":"status-publish","4":"has-post-thumbnail","6":"product_cat-elektrohidrauliniai-pavaru-sprendimai","7":"product_cat-individualus-sprendimai-emg","9":"first","10":"instock","11":"shipping-taxable","12":"product-type-simple"},"yoast_head":"<!-- This site is optimized with the Yoast SEO plugin v27.1.1 - https:\/\/yoast.com\/product\/yoast-seo-wordpress\/ -->\n<title>Elektrochidraulin\u0117s EMG pavaros - My industrial<\/title>\n<meta name=\"robots\" content=\"index, follow, max-snippet:-1, max-image-preview:large, max-video-preview:-1\" \/>\n<link rel=\"canonical\" href=\"https:\/\/myindustrial.eu\/lt\/shop\/elektrohidrauliniai-pavaru-sprendimai\/individualus-sprendimai-emg\/elektrochidraulines-emg-pavaros\/\" \/>\n<meta property=\"og:locale\" content=\"lt_LT\" \/>\n<meta property=\"og:type\" content=\"article\" \/>\n<meta property=\"og:title\" content=\"Elektrochidraulin\u0117s EMG pavaros - My industrial\" \/>\n<meta property=\"og:description\" content=\"Elektrohidraulin\u0117s EMG pavaros  Elektrohidraulin\u0117s EMG pavaros elektros energij\u0105 paver\u010dia mechanine energija ir atlieka mechanin\u012f darb\u0105 tam tikroje takto atkarpoje. \u012erodyta, kad elektrohidrauliniai EMG varomieji \u012frenginiai ELDRO\u00ae ir ELHY\u00ae yra universal\u016bs \u012fvairiose veiklos srityse, tod\u0117l jie pla\u010diai naudojami kalnakasybos, plieno, uost\u0173 ir statybos pramon\u0117je. Elektrohidraulin\u0117s EMG pavaros ELDRO\u00ae ir ELHY\u00ae gali b\u016bti naudojamos kartu su \u012fvairiais valdymo elementais, pvz., \u0161iose srityse: \u2013 k\u0117limo ir nuleidimo mechanizmai; \u2013 u\u017erakinimas ir atrakinimas pasislinkus krovinio tvirtinimo plei\u0161tams arba tvirtinimo kabliams; \u2013 valytuv\u0173 nuleidimas ant konvejeri\u0173 juost\u0173; \u2013 hidraulini\u0173 pres\u0173 vo\u017etuv\u0173 pavaros.\" \/>\n<meta property=\"og:url\" content=\"https:\/\/myindustrial.eu\/lt\/shop\/elektrohidrauliniai-pavaru-sprendimai\/individualus-sprendimai-emg\/elektrochidraulines-emg-pavaros\/\" \/>\n<meta property=\"og:site_name\" content=\"My industrial\" \/>\n<meta property=\"article:modified_time\" content=\"2023-12-28T21:07:04+00:00\" \/>\n<meta property=\"og:image\" content=\"https:\/\/myindustrial.eu\/wp-content\/uploads\/2022\/12\/bg1_in_scheibenbremse5-2-kopie.webp\" \/>\n\t<meta property=\"og:image:width\" content=\"701\" \/>\n\t<meta property=\"og:image:height\" content=\"900\" \/>\n\t<meta property=\"og:image:type\" content=\"image\/webp\" \/>\n<meta name=\"twitter:card\" content=\"summary_large_image\" \/>\n<script type=\"application\/ld+json\" class=\"yoast-schema-graph\">{\"@context\":\"https:\/\/schema.org\",\"@graph\":[{\"@type\":\"WebPage\",\"@id\":\"https:\/\/myindustrial.eu\/lt\/shop\/elektrohidrauliniai-pavaru-sprendimai\/individualus-sprendimai-emg\/elektrochidraulines-emg-pavaros\/\",\"url\":\"https:\/\/myindustrial.eu\/lt\/shop\/elektrohidrauliniai-pavaru-sprendimai\/individualus-sprendimai-emg\/elektrochidraulines-emg-pavaros\/\",\"name\":\"Elektrochidraulin\u0117s EMG pavaros - My industrial\",\"isPartOf\":{\"@id\":\"https:\/\/myindustrial.eu\/lt\/#website\"},\"primaryImageOfPage\":{\"@id\":\"https:\/\/myindustrial.eu\/lt\/shop\/elektrohidrauliniai-pavaru-sprendimai\/individualus-sprendimai-emg\/elektrochidraulines-emg-pavaros\/#primaryimage\"},\"image\":{\"@id\":\"https:\/\/myindustrial.eu\/lt\/shop\/elektrohidrauliniai-pavaru-sprendimai\/individualus-sprendimai-emg\/elektrochidraulines-emg-pavaros\/#primaryimage\"},\"thumbnailUrl\":\"https:\/\/myindustrial.eu\/wp-content\/uploads\/2022\/12\/bg1_in_scheibenbremse5-2-kopie.webp\",\"datePublished\":\"2022-12-14T14:05:00+00:00\",\"dateModified\":\"2023-12-28T21:07:04+00:00\",\"breadcrumb\":{\"@id\":\"https:\/\/myindustrial.eu\/lt\/shop\/elektrohidrauliniai-pavaru-sprendimai\/individualus-sprendimai-emg\/elektrochidraulines-emg-pavaros\/#breadcrumb\"},\"inLanguage\":\"lt-LT\",\"potentialAction\":[{\"@type\":\"ReadAction\",\"target\":[\"https:\/\/myindustrial.eu\/lt\/shop\/elektrohidrauliniai-pavaru-sprendimai\/individualus-sprendimai-emg\/elektrochidraulines-emg-pavaros\/\"]}]},{\"@type\":\"ImageObject\",\"inLanguage\":\"lt-LT\",\"@id\":\"https:\/\/myindustrial.eu\/lt\/shop\/elektrohidrauliniai-pavaru-sprendimai\/individualus-sprendimai-emg\/elektrochidraulines-emg-pavaros\/#primaryimage\",\"url\":\"https:\/\/myindustrial.eu\/wp-content\/uploads\/2022\/12\/bg1_in_scheibenbremse5-2-kopie.webp\",\"contentUrl\":\"https:\/\/myindustrial.eu\/wp-content\/uploads\/2022\/12\/bg1_in_scheibenbremse5-2-kopie.webp\",\"width\":701,\"height\":900},{\"@type\":\"BreadcrumbList\",\"@id\":\"https:\/\/myindustrial.eu\/lt\/shop\/elektrohidrauliniai-pavaru-sprendimai\/individualus-sprendimai-emg\/elektrochidraulines-emg-pavaros\/#breadcrumb\",\"itemListElement\":[{\"@type\":\"ListItem\",\"position\":1,\"name\":\"Home\",\"item\":\"https:\/\/myindustrial.eu\/lt\/\"},{\"@type\":\"ListItem\",\"position\":2,\"name\":\"Products\",\"item\":\"https:\/\/myindustrial.eu\/lt\/products\/\"},{\"@type\":\"ListItem\",\"position\":3,\"name\":\"Elektrochidraulin\u0117s EMG pavaros\"}]},{\"@type\":\"WebSite\",\"@id\":\"https:\/\/myindustrial.eu\/lt\/#website\",\"url\":\"https:\/\/myindustrial.eu\/lt\/\",\"name\":\"My industrial\",\"description\":\"\",\"potentialAction\":[{\"@type\":\"SearchAction\",\"target\":{\"@type\":\"EntryPoint\",\"urlTemplate\":\"https:\/\/myindustrial.eu\/lt\/?s={search_term_string}\"},\"query-input\":{\"@type\":\"PropertyValueSpecification\",\"valueRequired\":true,\"valueName\":\"search_term_string\"}}],\"inLanguage\":\"lt-LT\"}]}<\/script>\n<!-- \/ Yoast SEO plugin. -->","yoast_head_json":{"title":"Elektrochidraulin\u0117s EMG pavaros - My industrial","robots":{"index":"index","follow":"follow","max-snippet":"max-snippet:-1","max-image-preview":"max-image-preview:large","max-video-preview":"max-video-preview:-1"},"canonical":"https:\/\/myindustrial.eu\/lt\/shop\/elektrohidrauliniai-pavaru-sprendimai\/individualus-sprendimai-emg\/elektrochidraulines-emg-pavaros\/","og_locale":"lt_LT","og_type":"article","og_title":"Elektrochidraulin\u0117s EMG pavaros - My industrial","og_description":"Elektrohidraulin\u0117s EMG pavaros  Elektrohidraulin\u0117s EMG pavaros elektros energij\u0105 paver\u010dia mechanine energija ir atlieka mechanin\u012f darb\u0105 tam tikroje takto atkarpoje. \u012erodyta, kad elektrohidrauliniai EMG varomieji \u012frenginiai ELDRO\u00ae ir ELHY\u00ae yra universal\u016bs \u012fvairiose veiklos srityse, tod\u0117l jie pla\u010diai naudojami kalnakasybos, plieno, uost\u0173 ir statybos pramon\u0117je. Elektrohidraulin\u0117s EMG pavaros ELDRO\u00ae ir ELHY\u00ae gali b\u016bti naudojamos kartu su \u012fvairiais valdymo elementais, pvz., \u0161iose srityse: \u2013 k\u0117limo ir nuleidimo mechanizmai; \u2013 u\u017erakinimas ir atrakinimas pasislinkus krovinio tvirtinimo plei\u0161tams arba tvirtinimo kabliams; \u2013 valytuv\u0173 nuleidimas ant konvejeri\u0173 juost\u0173; \u2013 hidraulini\u0173 pres\u0173 vo\u017etuv\u0173 pavaros.","og_url":"https:\/\/myindustrial.eu\/lt\/shop\/elektrohidrauliniai-pavaru-sprendimai\/individualus-sprendimai-emg\/elektrochidraulines-emg-pavaros\/","og_site_name":"My industrial","article_modified_time":"2023-12-28T21:07:04+00:00","og_image":[{"width":701,"height":900,"url":"https:\/\/myindustrial.eu\/wp-content\/uploads\/2022\/12\/bg1_in_scheibenbremse5-2-kopie.webp","type":"image\/webp"}],"twitter_card":"summary_large_image","schema":{"@context":"https:\/\/schema.org","@graph":[{"@type":"WebPage","@id":"https:\/\/myindustrial.eu\/lt\/shop\/elektrohidrauliniai-pavaru-sprendimai\/individualus-sprendimai-emg\/elektrochidraulines-emg-pavaros\/","url":"https:\/\/myindustrial.eu\/lt\/shop\/elektrohidrauliniai-pavaru-sprendimai\/individualus-sprendimai-emg\/elektrochidraulines-emg-pavaros\/","name":"Elektrochidraulin\u0117s EMG pavaros - My industrial","isPartOf":{"@id":"https:\/\/myindustrial.eu\/lt\/#website"},"primaryImageOfPage":{"@id":"https:\/\/myindustrial.eu\/lt\/shop\/elektrohidrauliniai-pavaru-sprendimai\/individualus-sprendimai-emg\/elektrochidraulines-emg-pavaros\/#primaryimage"},"image":{"@id":"https:\/\/myindustrial.eu\/lt\/shop\/elektrohidrauliniai-pavaru-sprendimai\/individualus-sprendimai-emg\/elektrochidraulines-emg-pavaros\/#primaryimage"},"thumbnailUrl":"https:\/\/myindustrial.eu\/wp-content\/uploads\/2022\/12\/bg1_in_scheibenbremse5-2-kopie.webp","datePublished":"2022-12-14T14:05:00+00:00","dateModified":"2023-12-28T21:07:04+00:00","breadcrumb":{"@id":"https:\/\/myindustrial.eu\/lt\/shop\/elektrohidrauliniai-pavaru-sprendimai\/individualus-sprendimai-emg\/elektrochidraulines-emg-pavaros\/#breadcrumb"},"inLanguage":"lt-LT","potentialAction":[{"@type":"ReadAction","target":["https:\/\/myindustrial.eu\/lt\/shop\/elektrohidrauliniai-pavaru-sprendimai\/individualus-sprendimai-emg\/elektrochidraulines-emg-pavaros\/"]}]},{"@type":"ImageObject","inLanguage":"lt-LT","@id":"https:\/\/myindustrial.eu\/lt\/shop\/elektrohidrauliniai-pavaru-sprendimai\/individualus-sprendimai-emg\/elektrochidraulines-emg-pavaros\/#primaryimage","url":"https:\/\/myindustrial.eu\/wp-content\/uploads\/2022\/12\/bg1_in_scheibenbremse5-2-kopie.webp","contentUrl":"https:\/\/myindustrial.eu\/wp-content\/uploads\/2022\/12\/bg1_in_scheibenbremse5-2-kopie.webp","width":701,"height":900},{"@type":"BreadcrumbList","@id":"https:\/\/myindustrial.eu\/lt\/shop\/elektrohidrauliniai-pavaru-sprendimai\/individualus-sprendimai-emg\/elektrochidraulines-emg-pavaros\/#breadcrumb","itemListElement":[{"@type":"ListItem","position":1,"name":"Home","item":"https:\/\/myindustrial.eu\/lt\/"},{"@type":"ListItem","position":2,"name":"Products","item":"https:\/\/myindustrial.eu\/lt\/products\/"},{"@type":"ListItem","position":3,"name":"Elektrochidraulin\u0117s EMG pavaros"}]},{"@type":"WebSite","@id":"https:\/\/myindustrial.eu\/lt\/#website","url":"https:\/\/myindustrial.eu\/lt\/","name":"My industrial","description":"","potentialAction":[{"@type":"SearchAction","target":{"@type":"EntryPoint","urlTemplate":"https:\/\/myindustrial.eu\/lt\/?s={search_term_string}"},"query-input":{"@type":"PropertyValueSpecification","valueRequired":true,"valueName":"search_term_string"}}],"inLanguage":"lt-LT"}]}},"_links":{"self":[{"href":"https:\/\/myindustrial.eu\/lt\/wp-json\/wp\/v2\/product\/1260062805","targetHints":{"allow":["GET"]}}],"collection":[{"href":"https:\/\/myindustrial.eu\/lt\/wp-json\/wp\/v2\/product"}],"about":[{"href":"https:\/\/myindustrial.eu\/lt\/wp-json\/wp\/v2\/types\/product"}],"version-history":[{"count":0,"href":"https:\/\/myindustrial.eu\/lt\/wp-json\/wp\/v2\/product\/1260062805\/revisions"}],"wp:featuredmedia":[{"embeddable":true,"href":"https:\/\/myindustrial.eu\/lt\/wp-json\/wp\/v2\/media\/1260062571"}],"wp:attachment":[{"href":"https:\/\/myindustrial.eu\/lt\/wp-json\/wp\/v2\/media?parent=1260062805"}],"wp:term":[{"taxonomy":"product_brand","embeddable":true,"href":"https:\/\/myindustrial.eu\/lt\/wp-json\/wp\/v2\/product_brand?post=1260062805"},{"taxonomy":"product_cat","embeddable":true,"href":"https:\/\/myindustrial.eu\/lt\/wp-json\/wp\/v2\/product_cat?post=1260062805"},{"taxonomy":"product_tag","embeddable":true,"href":"https:\/\/myindustrial.eu\/lt\/wp-json\/wp\/v2\/product_tag?post=1260062805"}],"curies":[{"name":"wp","href":"https:\/\/api.w.org\/{rel}","templated":true}]}}