{"id":1260065482,"date":"2024-12-02T09:58:22","date_gmt":"2024-12-02T09:58:22","guid":{"rendered":"https:\/\/myindustrial.eu\/shop\/be-kategorijos\/buffers-for-storage-retrieval-systems-type-herkules-ii\/"},"modified":"2024-12-25T18:09:17","modified_gmt":"2024-12-25T18:09:17","slug":"buffers-for-storage-retrieval-systems-type-herkules-ii","status":"publish","type":"product","link":"https:\/\/myindustrial.eu\/lt\/shop\/pramonines-stabdziu-sistemos-ir-pavaru-sustabdymo-komponentai\/buferis-slopintuvas\/buffers-for-storage-retrieval-systems-type-herkules-ii\/","title":{"rendered":"Buferiai saugojimo ir pa\u0117mimo sistemoms Tipas HERKULES II"},"content":{"rendered":"","protected":false},"excerpt":{"rendered":"<p><b>Sand\u0117li\u0173 sistem\u0173 sklend\u0117s<\/b><\/p>\n<p><span style=\"font-weight: 400;\">Hidraulinis buferis avarinio stabdymo taikymui saugojimo ir pa\u0117mimo sistemose \/ automatizuotose auk\u0161t\u0173 lentyn\u0173 sand\u0117liuose.<\/span><\/p>\n<p><b>PAKEITIMAS ALGI BUFERIUI<\/b><\/p>\n<ul>\n<li style=\"font-weight: 400;\" aria-level=\"1\"><span style=\"font-weight: 400;\">St\u016bmoklio strypo dydis: \u00f8 40 mm iki \u00f8 63 mm<\/span><\/li>\n<li style=\"font-weight: 400;\" aria-level=\"1\"><span style=\"font-weight: 400;\">Eigos ilgis: nuo 100 mm iki 1200 mm<\/span><\/li>\n<li style=\"font-weight: 400;\" aria-level=\"1\"><span style=\"font-weight: 400;\">Energijos sug\u0117rimas: iki 130 kJ\/eiga<\/span><\/li>\n<li style=\"font-weight: 400;\" aria-level=\"1\"><span style=\"font-weight: 400;\">Buferio j\u0117ga: iki 220 kN<\/span><\/li>\n<li style=\"font-weight: 400;\" aria-level=\"1\"><span style=\"font-weight: 400;\">Flan\u0161o tvirtinimo tipas: priekinis flan\u0161as EF, apatinis flan\u0161as FF arba pjedestalo flan\u0161as SF<\/span><\/li>\n<\/ul>\n<p><b>Techniniai privalumai<\/b><\/p>\n<ul>\n<li style=\"font-weight: 400;\" aria-level=\"1\"><span style=\"font-weight: 400;\">Komplekte membrana: membranos apsauginis vamzdis AND (standartas)<\/span><\/li>\n<li style=\"font-weight: 400;\" aria-level=\"1\"><span style=\"font-weight: 400;\">Alyva ir dujos bus atskirtos<\/span><\/li>\n<li style=\"font-weight: 400;\" aria-level=\"1\"><span style=\"font-weight: 400;\">Sm\u016bgio atveju alyva ir dujos nesusimai\u0161o<\/span><\/li>\n<\/ul>\n<p><b>Hidraulin\u0117 alyva:<\/b><\/p>\n<ul>\n<li style=\"font-weight: 400;\" aria-level=\"1\"><span style=\"font-weight: 400;\">Castrol Hyspin HVI46<\/span><\/li>\n<li style=\"font-weight: 400;\" aria-level=\"1\"><span style=\"font-weight: 400;\">Hadol HLP 46<\/span><\/li>\n<li style=\"font-weight: 400;\" aria-level=\"1\"><span style=\"font-weight: 400;\">Brayco HV 15<\/span><\/li>\n<\/ul>\n<p><b>Azotas:<\/b><\/p>\n<ul>\n<li style=\"font-weight: 400;\" aria-level=\"1\"><span style=\"font-weight: 400;\">UN1066\/ Azotas 2.8\/ EG-Nr.: 231-783-9<\/span><\/li>\n<\/ul>\n","protected":false},"featured_media":1260064776,"template":"","meta":[],"product_brand":[],"product_cat":[1684],"product_tag":[],"class_list":{"0":"post-1260065482","1":"product","2":"type-product","3":"status-publish","4":"has-post-thumbnail","6":"product_cat-buferis-slopintuvas","8":"first","9":"instock","10":"shipping-taxable","11":"product-type-simple"},"yoast_head":"<!-- This site is optimized with the Yoast SEO plugin v27.1.1 - https:\/\/yoast.com\/product\/yoast-seo-wordpress\/ -->\n<title>Buferiai saugojimo ir pa\u0117mimo sistemoms Tipas HERKULES II - My industrial<\/title>\n<meta name=\"robots\" content=\"index, follow, max-snippet:-1, max-image-preview:large, max-video-preview:-1\" \/>\n<link rel=\"canonical\" href=\"https:\/\/myindustrial.eu\/lt\/shop\/pramonines-stabdziu-sistemos-ir-pavaru-sustabdymo-komponentai\/buferis-slopintuvas\/buffers-for-storage-retrieval-systems-type-herkules-ii\/\" \/>\n<meta property=\"og:locale\" content=\"lt_LT\" \/>\n<meta property=\"og:type\" content=\"article\" \/>\n<meta property=\"og:title\" content=\"Buferiai saugojimo ir pa\u0117mimo sistemoms Tipas HERKULES II - My industrial\" \/>\n<meta property=\"og:description\" content=\"Sand\u0117li\u0173 sistem\u0173 sklend\u0117s  Hidraulinis buferis avarinio stabdymo taikymui saugojimo ir pa\u0117mimo sistemose \/ automatizuotose auk\u0161t\u0173 lentyn\u0173 sand\u0117liuose.  PAKEITIMAS ALGI BUFERIUI   St\u016bmoklio strypo dydis: \u00f8 40 mm iki \u00f8 63 mm  Eigos ilgis: nuo 100 mm iki 1200 mm  Energijos sug\u0117rimas: iki 130 kJ\/eiga  Buferio j\u0117ga: iki 220 kN  Flan\u0161o tvirtinimo tipas: priekinis flan\u0161as EF, apatinis flan\u0161as FF arba pjedestalo flan\u0161as SF  Techniniai privalumai   Komplekte membrana: membranos apsauginis vamzdis AND (standartas)  Alyva ir dujos bus atskirtos  Sm\u016bgio atveju alyva ir dujos nesusimai\u0161o  Hidraulin\u0117 alyva:   Castrol Hyspin HVI46  Hadol HLP 46  Brayco HV 15  Azotas:   UN1066\/ Azotas 2.8\/ EG-Nr.: 231-783-9\" \/>\n<meta property=\"og:url\" content=\"https:\/\/myindustrial.eu\/lt\/shop\/pramonines-stabdziu-sistemos-ir-pavaru-sustabdymo-komponentai\/buferis-slopintuvas\/buffers-for-storage-retrieval-systems-type-herkules-ii\/\" \/>\n<meta property=\"og:site_name\" content=\"My industrial\" \/>\n<meta property=\"article:modified_time\" content=\"2024-12-25T18:09:17+00:00\" \/>\n<meta property=\"og:image\" content=\"https:\/\/myindustrial.eu\/wp-content\/uploads\/2024\/12\/v-puffer_herkules-ii.webp\" \/>\n\t<meta property=\"og:image:width\" content=\"800\" \/>\n\t<meta property=\"og:image:height\" content=\"800\" \/>\n\t<meta property=\"og:image:type\" content=\"image\/webp\" \/>\n<meta name=\"twitter:card\" content=\"summary_large_image\" \/>\n<script type=\"application\/ld+json\" class=\"yoast-schema-graph\">{\"@context\":\"https:\/\/schema.org\",\"@graph\":[{\"@type\":\"WebPage\",\"@id\":\"https:\/\/myindustrial.eu\/lt\/shop\/pramonines-stabdziu-sistemos-ir-pavaru-sustabdymo-komponentai\/buferis-slopintuvas\/buffers-for-storage-retrieval-systems-type-herkules-ii\/\",\"url\":\"https:\/\/myindustrial.eu\/lt\/shop\/pramonines-stabdziu-sistemos-ir-pavaru-sustabdymo-komponentai\/buferis-slopintuvas\/buffers-for-storage-retrieval-systems-type-herkules-ii\/\",\"name\":\"Buferiai saugojimo ir pa\u0117mimo sistemoms Tipas HERKULES II - My industrial\",\"isPartOf\":{\"@id\":\"https:\/\/myindustrial.eu\/lt\/#website\"},\"primaryImageOfPage\":{\"@id\":\"https:\/\/myindustrial.eu\/lt\/shop\/pramonines-stabdziu-sistemos-ir-pavaru-sustabdymo-komponentai\/buferis-slopintuvas\/buffers-for-storage-retrieval-systems-type-herkules-ii\/#primaryimage\"},\"image\":{\"@id\":\"https:\/\/myindustrial.eu\/lt\/shop\/pramonines-stabdziu-sistemos-ir-pavaru-sustabdymo-komponentai\/buferis-slopintuvas\/buffers-for-storage-retrieval-systems-type-herkules-ii\/#primaryimage\"},\"thumbnailUrl\":\"https:\/\/myindustrial.eu\/wp-content\/uploads\/2024\/12\/v-puffer_herkules-ii.webp\",\"datePublished\":\"2024-12-02T09:58:22+00:00\",\"dateModified\":\"2024-12-25T18:09:17+00:00\",\"breadcrumb\":{\"@id\":\"https:\/\/myindustrial.eu\/lt\/shop\/pramonines-stabdziu-sistemos-ir-pavaru-sustabdymo-komponentai\/buferis-slopintuvas\/buffers-for-storage-retrieval-systems-type-herkules-ii\/#breadcrumb\"},\"inLanguage\":\"lt-LT\",\"potentialAction\":[{\"@type\":\"ReadAction\",\"target\":[\"https:\/\/myindustrial.eu\/lt\/shop\/pramonines-stabdziu-sistemos-ir-pavaru-sustabdymo-komponentai\/buferis-slopintuvas\/buffers-for-storage-retrieval-systems-type-herkules-ii\/\"]}]},{\"@type\":\"ImageObject\",\"inLanguage\":\"lt-LT\",\"@id\":\"https:\/\/myindustrial.eu\/lt\/shop\/pramonines-stabdziu-sistemos-ir-pavaru-sustabdymo-komponentai\/buferis-slopintuvas\/buffers-for-storage-retrieval-systems-type-herkules-ii\/#primaryimage\",\"url\":\"https:\/\/myindustrial.eu\/wp-content\/uploads\/2024\/12\/v-puffer_herkules-ii.webp\",\"contentUrl\":\"https:\/\/myindustrial.eu\/wp-content\/uploads\/2024\/12\/v-puffer_herkules-ii.webp\",\"width\":800,\"height\":800},{\"@type\":\"BreadcrumbList\",\"@id\":\"https:\/\/myindustrial.eu\/lt\/shop\/pramonines-stabdziu-sistemos-ir-pavaru-sustabdymo-komponentai\/buferis-slopintuvas\/buffers-for-storage-retrieval-systems-type-herkules-ii\/#breadcrumb\",\"itemListElement\":[{\"@type\":\"ListItem\",\"position\":1,\"name\":\"Home\",\"item\":\"https:\/\/myindustrial.eu\/lt\/\"},{\"@type\":\"ListItem\",\"position\":2,\"name\":\"Products\",\"item\":\"https:\/\/myindustrial.eu\/lt\/products\/\"},{\"@type\":\"ListItem\",\"position\":3,\"name\":\"Buferiai saugojimo ir pa\u0117mimo sistemoms Tipas HERKULES II\"}]},{\"@type\":\"WebSite\",\"@id\":\"https:\/\/myindustrial.eu\/lt\/#website\",\"url\":\"https:\/\/myindustrial.eu\/lt\/\",\"name\":\"My industrial\",\"description\":\"\",\"potentialAction\":[{\"@type\":\"SearchAction\",\"target\":{\"@type\":\"EntryPoint\",\"urlTemplate\":\"https:\/\/myindustrial.eu\/lt\/?s={search_term_string}\"},\"query-input\":{\"@type\":\"PropertyValueSpecification\",\"valueRequired\":true,\"valueName\":\"search_term_string\"}}],\"inLanguage\":\"lt-LT\"}]}<\/script>\n<!-- \/ Yoast SEO plugin. -->","yoast_head_json":{"title":"Buferiai saugojimo ir pa\u0117mimo sistemoms Tipas HERKULES II - My industrial","robots":{"index":"index","follow":"follow","max-snippet":"max-snippet:-1","max-image-preview":"max-image-preview:large","max-video-preview":"max-video-preview:-1"},"canonical":"https:\/\/myindustrial.eu\/lt\/shop\/pramonines-stabdziu-sistemos-ir-pavaru-sustabdymo-komponentai\/buferis-slopintuvas\/buffers-for-storage-retrieval-systems-type-herkules-ii\/","og_locale":"lt_LT","og_type":"article","og_title":"Buferiai saugojimo ir pa\u0117mimo sistemoms Tipas HERKULES II - My industrial","og_description":"Sand\u0117li\u0173 sistem\u0173 sklend\u0117s  Hidraulinis buferis avarinio stabdymo taikymui saugojimo ir pa\u0117mimo sistemose \/ automatizuotose auk\u0161t\u0173 lentyn\u0173 sand\u0117liuose.  PAKEITIMAS ALGI BUFERIUI   St\u016bmoklio strypo dydis: \u00f8 40 mm iki \u00f8 63 mm  Eigos ilgis: nuo 100 mm iki 1200 mm  Energijos sug\u0117rimas: iki 130 kJ\/eiga  Buferio j\u0117ga: iki 220 kN  Flan\u0161o tvirtinimo tipas: priekinis flan\u0161as EF, apatinis flan\u0161as FF arba pjedestalo flan\u0161as SF  Techniniai privalumai   Komplekte membrana: membranos apsauginis vamzdis AND (standartas)  Alyva ir dujos bus atskirtos  Sm\u016bgio atveju alyva ir dujos nesusimai\u0161o  Hidraulin\u0117 alyva:   Castrol Hyspin HVI46  Hadol HLP 46  Brayco HV 15  Azotas:   UN1066\/ Azotas 2.8\/ EG-Nr.: 231-783-9","og_url":"https:\/\/myindustrial.eu\/lt\/shop\/pramonines-stabdziu-sistemos-ir-pavaru-sustabdymo-komponentai\/buferis-slopintuvas\/buffers-for-storage-retrieval-systems-type-herkules-ii\/","og_site_name":"My industrial","article_modified_time":"2024-12-25T18:09:17+00:00","og_image":[{"width":800,"height":800,"url":"https:\/\/myindustrial.eu\/wp-content\/uploads\/2024\/12\/v-puffer_herkules-ii.webp","type":"image\/webp"}],"twitter_card":"summary_large_image","schema":{"@context":"https:\/\/schema.org","@graph":[{"@type":"WebPage","@id":"https:\/\/myindustrial.eu\/lt\/shop\/pramonines-stabdziu-sistemos-ir-pavaru-sustabdymo-komponentai\/buferis-slopintuvas\/buffers-for-storage-retrieval-systems-type-herkules-ii\/","url":"https:\/\/myindustrial.eu\/lt\/shop\/pramonines-stabdziu-sistemos-ir-pavaru-sustabdymo-komponentai\/buferis-slopintuvas\/buffers-for-storage-retrieval-systems-type-herkules-ii\/","name":"Buferiai saugojimo ir pa\u0117mimo sistemoms Tipas HERKULES II - My industrial","isPartOf":{"@id":"https:\/\/myindustrial.eu\/lt\/#website"},"primaryImageOfPage":{"@id":"https:\/\/myindustrial.eu\/lt\/shop\/pramonines-stabdziu-sistemos-ir-pavaru-sustabdymo-komponentai\/buferis-slopintuvas\/buffers-for-storage-retrieval-systems-type-herkules-ii\/#primaryimage"},"image":{"@id":"https:\/\/myindustrial.eu\/lt\/shop\/pramonines-stabdziu-sistemos-ir-pavaru-sustabdymo-komponentai\/buferis-slopintuvas\/buffers-for-storage-retrieval-systems-type-herkules-ii\/#primaryimage"},"thumbnailUrl":"https:\/\/myindustrial.eu\/wp-content\/uploads\/2024\/12\/v-puffer_herkules-ii.webp","datePublished":"2024-12-02T09:58:22+00:00","dateModified":"2024-12-25T18:09:17+00:00","breadcrumb":{"@id":"https:\/\/myindustrial.eu\/lt\/shop\/pramonines-stabdziu-sistemos-ir-pavaru-sustabdymo-komponentai\/buferis-slopintuvas\/buffers-for-storage-retrieval-systems-type-herkules-ii\/#breadcrumb"},"inLanguage":"lt-LT","potentialAction":[{"@type":"ReadAction","target":["https:\/\/myindustrial.eu\/lt\/shop\/pramonines-stabdziu-sistemos-ir-pavaru-sustabdymo-komponentai\/buferis-slopintuvas\/buffers-for-storage-retrieval-systems-type-herkules-ii\/"]}]},{"@type":"ImageObject","inLanguage":"lt-LT","@id":"https:\/\/myindustrial.eu\/lt\/shop\/pramonines-stabdziu-sistemos-ir-pavaru-sustabdymo-komponentai\/buferis-slopintuvas\/buffers-for-storage-retrieval-systems-type-herkules-ii\/#primaryimage","url":"https:\/\/myindustrial.eu\/wp-content\/uploads\/2024\/12\/v-puffer_herkules-ii.webp","contentUrl":"https:\/\/myindustrial.eu\/wp-content\/uploads\/2024\/12\/v-puffer_herkules-ii.webp","width":800,"height":800},{"@type":"BreadcrumbList","@id":"https:\/\/myindustrial.eu\/lt\/shop\/pramonines-stabdziu-sistemos-ir-pavaru-sustabdymo-komponentai\/buferis-slopintuvas\/buffers-for-storage-retrieval-systems-type-herkules-ii\/#breadcrumb","itemListElement":[{"@type":"ListItem","position":1,"name":"Home","item":"https:\/\/myindustrial.eu\/lt\/"},{"@type":"ListItem","position":2,"name":"Products","item":"https:\/\/myindustrial.eu\/lt\/products\/"},{"@type":"ListItem","position":3,"name":"Buferiai saugojimo ir pa\u0117mimo sistemoms Tipas HERKULES II"}]},{"@type":"WebSite","@id":"https:\/\/myindustrial.eu\/lt\/#website","url":"https:\/\/myindustrial.eu\/lt\/","name":"My industrial","description":"","potentialAction":[{"@type":"SearchAction","target":{"@type":"EntryPoint","urlTemplate":"https:\/\/myindustrial.eu\/lt\/?s={search_term_string}"},"query-input":{"@type":"PropertyValueSpecification","valueRequired":true,"valueName":"search_term_string"}}],"inLanguage":"lt-LT"}]}},"_links":{"self":[{"href":"https:\/\/myindustrial.eu\/lt\/wp-json\/wp\/v2\/product\/1260065482","targetHints":{"allow":["GET"]}}],"collection":[{"href":"https:\/\/myindustrial.eu\/lt\/wp-json\/wp\/v2\/product"}],"about":[{"href":"https:\/\/myindustrial.eu\/lt\/wp-json\/wp\/v2\/types\/product"}],"version-history":[{"count":0,"href":"https:\/\/myindustrial.eu\/lt\/wp-json\/wp\/v2\/product\/1260065482\/revisions"}],"wp:featuredmedia":[{"embeddable":true,"href":"https:\/\/myindustrial.eu\/lt\/wp-json\/wp\/v2\/media\/1260064776"}],"wp:attachment":[{"href":"https:\/\/myindustrial.eu\/lt\/wp-json\/wp\/v2\/media?parent=1260065482"}],"wp:term":[{"taxonomy":"product_brand","embeddable":true,"href":"https:\/\/myindustrial.eu\/lt\/wp-json\/wp\/v2\/product_brand?post=1260065482"},{"taxonomy":"product_cat","embeddable":true,"href":"https:\/\/myindustrial.eu\/lt\/wp-json\/wp\/v2\/product_cat?post=1260065482"},{"taxonomy":"product_tag","embeddable":true,"href":"https:\/\/myindustrial.eu\/lt\/wp-json\/wp\/v2\/product_tag?post=1260065482"}],"curies":[{"name":"wp","href":"https:\/\/api.w.org\/{rel}","templated":true}]}}