{"id":1260065487,"date":"2024-12-02T10:03:02","date_gmt":"2024-12-02T10:03:02","guid":{"rendered":"https:\/\/myindustrial.eu\/shop\/be-kategorijos\/heavy-duty-shock-absorbers-typ-pudz-iii\/"},"modified":"2025-05-09T06:09:36","modified_gmt":"2025-05-09T06:09:36","slug":"heavy-duty-shock-absorbers-typ-pudz-iii","status":"publish","type":"product","link":"https:\/\/myindustrial.eu\/lt\/shop\/pramonines-stabdziu-sistemos-ir-pavaru-sustabdymo-komponentai\/buferis-slopintuvas\/heavy-duty-shock-absorbers-typ-pudz-iii\/","title":{"rendered":"Sunki\u0173j\u0173 apkrov\u0173 amortizatoriai Tipas PUDZ III"},"content":{"rendered":"<ul>\n<li style=\"font-weight: 400;\" aria-level=\"1\"><span style=\"font-weight: 400;\">Gniu\u017edomosios apkrovos, ypa\u010d esant ilgiems eigoms, \u012ftraukiamos \u012f amortizatoriaus skai\u010diavim\u0105 \/ did\u017eiausias saugumas.<\/span><\/li>\n<li style=\"font-weight: 400;\" aria-level=\"1\"><span style=\"font-weight: 400;\">Integruotas st\u016bmoklio akumuliatorius su azoto u\u017epildu.<\/span><\/li>\n<li style=\"font-weight: 400;\" aria-level=\"1\"><span style=\"font-weight: 400;\">Progresyviai did\u0117janti atkuriamoji j\u0117ga (amortizatoriaus j\u0117ga) eigos pabaigoje.<\/span><\/li>\n<li style=\"font-weight: 400;\" aria-level=\"1\"><span style=\"font-weight: 400;\">Tinka naudoti iki -50\u00b0C temperat\u016bros \u2013 su specialiu \u0161ildymo kilim\u0117liu!<\/span><\/li>\n<li style=\"font-weight: 400;\" aria-level=\"1\"><span style=\"font-weight: 400;\">Dvigubai chromuota st\u016bmoklio strypas \u2013 standartin\u0117 apsauga nuo korozijos (taip pat j\u016br\u0173 s\u0105lygoms).<\/span><\/li>\n<li style=\"font-weight: 400;\" aria-level=\"1\"><span style=\"font-weight: 400;\">PUDZ III yra patobulinta \u017einomo PUDZ II versija ir atitinka jo techninius parametrus.<\/span><\/li>\n<\/ul>\n<p><b>Ypatyb\u0117s<\/b><\/p>\n<p><span style=\"font-weight: 400;\">Su sl\u0117ginio u\u017edarymo vo\u017etuvu: leid\u017eia naudoti hidraulin\u012f amortizatori\u0173 l\u0117to jud\u0117jimo re\u017eimu (10% nominalaus grei\u010dio) BE stipraus amortizatoriaus sm\u016bgio eigos pabaigoje!<\/span><\/p>\n<ul>\n<li style=\"font-weight: 400;\" aria-level=\"1\"><span style=\"font-weight: 400;\">St\u016bmoklio dydis: \u00f8 63 mm \u2013 \u00f8 160 mm.<\/span><\/li>\n<li style=\"font-weight: 400;\" aria-level=\"1\"><span style=\"font-weight: 400;\">Eigos ilgis: nuo 50 mm iki 1600 mm.<\/span><\/li>\n<li style=\"font-weight: 400;\" aria-level=\"1\"><span style=\"font-weight: 400;\">Energijos sug\u0117rimas: iki 582 kJ\/eiga.<\/span><\/li>\n<li style=\"font-weight: 400;\" aria-level=\"1\"><span style=\"font-weight: 400;\">Amortizatoriaus j\u0117ga: iki 1000 kN.<\/span><\/li>\n<li style=\"font-weight: 400;\" aria-level=\"1\"><span style=\"font-weight: 400;\">Flan\u0161\u0173 tvirtinimas: priekinis flan\u0161as \u201eEF\u201c, apatinis flan\u0161as \u201eFF\u201c, pagrindo flan\u0161as \u201eSF\u201c.<\/span><\/li>\n<\/ul>\n<p><b>Techniniai privalumai<\/b><\/p>\n<ul>\n<li style=\"font-weight: 400;\" aria-level=\"1\"><span style=\"font-weight: 400;\">U\u017edara sistema, tinkama montuoti bet kurioje pad\u0117tyje.<\/span><\/li>\n<li style=\"font-weight: 400;\" aria-level=\"1\"><span style=\"font-weight: 400;\">Gniu\u017edomosios apkrovos, ypa\u010d esant ilgiems eigoms, \u012ftraukiamos \u012f amortizatoriaus skai\u010diavim\u0105 \/ did\u017eiausias saugumas!<\/span><\/li>\n<li style=\"font-weight: 400;\" aria-level=\"1\"><span style=\"font-weight: 400;\">Integruotas st\u016bmoklio akumuliatorius su azoto u\u017epildu.<\/span><\/li>\n<li style=\"font-weight: 400;\" aria-level=\"1\"><span style=\"font-weight: 400;\">Progresyviai did\u0117janti atkuriamoji j\u0117ga eigos pabaigoje.<\/span><\/li>\n<li style=\"font-weight: 400;\" aria-level=\"1\"><span style=\"font-weight: 400;\">Trumpi pristatymo terminai.<\/span><\/li>\n<\/ul>\n<p><b>Hidraulin\u0117 alyva:<\/b><\/p>\n<ul>\n<li style=\"font-weight: 400;\" aria-level=\"1\"><span style=\"font-weight: 400;\">Castrol Hyspin HVI46.<\/span><\/li>\n<li style=\"font-weight: 400;\" aria-level=\"1\"><span style=\"font-weight: 400;\">Hadol HLP 46.<\/span><\/li>\n<\/ul>\n<p><b>Azotas:<\/b><\/p>\n<ul>\n<li style=\"font-weight: 400;\" aria-level=\"1\"><span style=\"font-weight: 400;\">UN1066 \/ Nitrogen 2.8 \/ EG-Nr.: 231-783-9.<\/span><\/li>\n<\/ul>\n","protected":false},"excerpt":{"rendered":"<p><span style=\"font-weight: 400;\">Ypa\u010d tinkami kran\u0173 sistemoms, sunkiajai technikai ir krovini\u0173 tvarkymo \u012frangai.<\/span><\/p>\n","protected":false},"featured_media":1260064782,"template":"","meta":[],"product_brand":[],"product_cat":[1684],"product_tag":[],"class_list":{"0":"post-1260065487","1":"product","2":"type-product","3":"status-publish","4":"has-post-thumbnail","6":"product_cat-buferis-slopintuvas","8":"first","9":"instock","10":"shipping-taxable","11":"product-type-simple"},"yoast_head":"<!-- This site is optimized with the Yoast SEO plugin v27.1.1 - https:\/\/yoast.com\/product\/yoast-seo-wordpress\/ -->\n<title>Sunki\u0173j\u0173 apkrov\u0173 amortizatoriai Tipas PUDZ III - My industrial<\/title>\n<meta name=\"robots\" content=\"index, follow, max-snippet:-1, max-image-preview:large, max-video-preview:-1\" \/>\n<link rel=\"canonical\" href=\"https:\/\/myindustrial.eu\/lt\/shop\/pramonines-stabdziu-sistemos-ir-pavaru-sustabdymo-komponentai\/buferis-slopintuvas\/heavy-duty-shock-absorbers-typ-pudz-iii\/\" \/>\n<meta property=\"og:locale\" content=\"lt_LT\" \/>\n<meta property=\"og:type\" content=\"article\" \/>\n<meta property=\"og:title\" content=\"Sunki\u0173j\u0173 apkrov\u0173 amortizatoriai Tipas PUDZ III - My industrial\" \/>\n<meta property=\"og:description\" content=\"Ypa\u010d tinkami kran\u0173 sistemoms, sunkiajai technikai ir krovini\u0173 tvarkymo \u012frangai.\" \/>\n<meta property=\"og:url\" content=\"https:\/\/myindustrial.eu\/lt\/shop\/pramonines-stabdziu-sistemos-ir-pavaru-sustabdymo-komponentai\/buferis-slopintuvas\/heavy-duty-shock-absorbers-typ-pudz-iii\/\" \/>\n<meta property=\"og:site_name\" content=\"My industrial\" \/>\n<meta property=\"article:modified_time\" content=\"2025-05-09T06:09:36+00:00\" \/>\n<meta property=\"og:image\" content=\"https:\/\/myindustrial.eu\/wp-content\/uploads\/2024\/12\/teaser_pudziii-enu.webp\" \/>\n\t<meta property=\"og:image:width\" content=\"800\" \/>\n\t<meta property=\"og:image:height\" content=\"800\" \/>\n\t<meta property=\"og:image:type\" content=\"image\/webp\" \/>\n<meta name=\"twitter:card\" content=\"summary_large_image\" \/>\n<script type=\"application\/ld+json\" class=\"yoast-schema-graph\">{\"@context\":\"https:\/\/schema.org\",\"@graph\":[{\"@type\":\"WebPage\",\"@id\":\"https:\/\/myindustrial.eu\/lt\/shop\/pramonines-stabdziu-sistemos-ir-pavaru-sustabdymo-komponentai\/buferis-slopintuvas\/heavy-duty-shock-absorbers-typ-pudz-iii\/\",\"url\":\"https:\/\/myindustrial.eu\/lt\/shop\/pramonines-stabdziu-sistemos-ir-pavaru-sustabdymo-komponentai\/buferis-slopintuvas\/heavy-duty-shock-absorbers-typ-pudz-iii\/\",\"name\":\"Sunki\u0173j\u0173 apkrov\u0173 amortizatoriai Tipas PUDZ III - My industrial\",\"isPartOf\":{\"@id\":\"https:\/\/myindustrial.eu\/lt\/#website\"},\"primaryImageOfPage\":{\"@id\":\"https:\/\/myindustrial.eu\/lt\/shop\/pramonines-stabdziu-sistemos-ir-pavaru-sustabdymo-komponentai\/buferis-slopintuvas\/heavy-duty-shock-absorbers-typ-pudz-iii\/#primaryimage\"},\"image\":{\"@id\":\"https:\/\/myindustrial.eu\/lt\/shop\/pramonines-stabdziu-sistemos-ir-pavaru-sustabdymo-komponentai\/buferis-slopintuvas\/heavy-duty-shock-absorbers-typ-pudz-iii\/#primaryimage\"},\"thumbnailUrl\":\"https:\/\/myindustrial.eu\/wp-content\/uploads\/2024\/12\/teaser_pudziii-enu.webp\",\"datePublished\":\"2024-12-02T10:03:02+00:00\",\"dateModified\":\"2025-05-09T06:09:36+00:00\",\"breadcrumb\":{\"@id\":\"https:\/\/myindustrial.eu\/lt\/shop\/pramonines-stabdziu-sistemos-ir-pavaru-sustabdymo-komponentai\/buferis-slopintuvas\/heavy-duty-shock-absorbers-typ-pudz-iii\/#breadcrumb\"},\"inLanguage\":\"lt-LT\",\"potentialAction\":[{\"@type\":\"ReadAction\",\"target\":[\"https:\/\/myindustrial.eu\/lt\/shop\/pramonines-stabdziu-sistemos-ir-pavaru-sustabdymo-komponentai\/buferis-slopintuvas\/heavy-duty-shock-absorbers-typ-pudz-iii\/\"]}]},{\"@type\":\"ImageObject\",\"inLanguage\":\"lt-LT\",\"@id\":\"https:\/\/myindustrial.eu\/lt\/shop\/pramonines-stabdziu-sistemos-ir-pavaru-sustabdymo-komponentai\/buferis-slopintuvas\/heavy-duty-shock-absorbers-typ-pudz-iii\/#primaryimage\",\"url\":\"https:\/\/myindustrial.eu\/wp-content\/uploads\/2024\/12\/teaser_pudziii-enu.webp\",\"contentUrl\":\"https:\/\/myindustrial.eu\/wp-content\/uploads\/2024\/12\/teaser_pudziii-enu.webp\",\"width\":800,\"height\":800},{\"@type\":\"BreadcrumbList\",\"@id\":\"https:\/\/myindustrial.eu\/lt\/shop\/pramonines-stabdziu-sistemos-ir-pavaru-sustabdymo-komponentai\/buferis-slopintuvas\/heavy-duty-shock-absorbers-typ-pudz-iii\/#breadcrumb\",\"itemListElement\":[{\"@type\":\"ListItem\",\"position\":1,\"name\":\"Home\",\"item\":\"https:\/\/myindustrial.eu\/lt\/\"},{\"@type\":\"ListItem\",\"position\":2,\"name\":\"Products\",\"item\":\"https:\/\/myindustrial.eu\/lt\/products\/\"},{\"@type\":\"ListItem\",\"position\":3,\"name\":\"Sunki\u0173j\u0173 apkrov\u0173 amortizatoriai Tipas PUDZ III\"}]},{\"@type\":\"WebSite\",\"@id\":\"https:\/\/myindustrial.eu\/lt\/#website\",\"url\":\"https:\/\/myindustrial.eu\/lt\/\",\"name\":\"My industrial\",\"description\":\"\",\"potentialAction\":[{\"@type\":\"SearchAction\",\"target\":{\"@type\":\"EntryPoint\",\"urlTemplate\":\"https:\/\/myindustrial.eu\/lt\/?s={search_term_string}\"},\"query-input\":{\"@type\":\"PropertyValueSpecification\",\"valueRequired\":true,\"valueName\":\"search_term_string\"}}],\"inLanguage\":\"lt-LT\"}]}<\/script>\n<!-- \/ Yoast SEO plugin. -->","yoast_head_json":{"title":"Sunki\u0173j\u0173 apkrov\u0173 amortizatoriai Tipas PUDZ III - My industrial","robots":{"index":"index","follow":"follow","max-snippet":"max-snippet:-1","max-image-preview":"max-image-preview:large","max-video-preview":"max-video-preview:-1"},"canonical":"https:\/\/myindustrial.eu\/lt\/shop\/pramonines-stabdziu-sistemos-ir-pavaru-sustabdymo-komponentai\/buferis-slopintuvas\/heavy-duty-shock-absorbers-typ-pudz-iii\/","og_locale":"lt_LT","og_type":"article","og_title":"Sunki\u0173j\u0173 apkrov\u0173 amortizatoriai Tipas PUDZ III - My industrial","og_description":"Ypa\u010d tinkami kran\u0173 sistemoms, sunkiajai technikai ir krovini\u0173 tvarkymo \u012frangai.","og_url":"https:\/\/myindustrial.eu\/lt\/shop\/pramonines-stabdziu-sistemos-ir-pavaru-sustabdymo-komponentai\/buferis-slopintuvas\/heavy-duty-shock-absorbers-typ-pudz-iii\/","og_site_name":"My industrial","article_modified_time":"2025-05-09T06:09:36+00:00","og_image":[{"width":800,"height":800,"url":"https:\/\/myindustrial.eu\/wp-content\/uploads\/2024\/12\/teaser_pudziii-enu.webp","type":"image\/webp"}],"twitter_card":"summary_large_image","schema":{"@context":"https:\/\/schema.org","@graph":[{"@type":"WebPage","@id":"https:\/\/myindustrial.eu\/lt\/shop\/pramonines-stabdziu-sistemos-ir-pavaru-sustabdymo-komponentai\/buferis-slopintuvas\/heavy-duty-shock-absorbers-typ-pudz-iii\/","url":"https:\/\/myindustrial.eu\/lt\/shop\/pramonines-stabdziu-sistemos-ir-pavaru-sustabdymo-komponentai\/buferis-slopintuvas\/heavy-duty-shock-absorbers-typ-pudz-iii\/","name":"Sunki\u0173j\u0173 apkrov\u0173 amortizatoriai Tipas PUDZ III - My industrial","isPartOf":{"@id":"https:\/\/myindustrial.eu\/lt\/#website"},"primaryImageOfPage":{"@id":"https:\/\/myindustrial.eu\/lt\/shop\/pramonines-stabdziu-sistemos-ir-pavaru-sustabdymo-komponentai\/buferis-slopintuvas\/heavy-duty-shock-absorbers-typ-pudz-iii\/#primaryimage"},"image":{"@id":"https:\/\/myindustrial.eu\/lt\/shop\/pramonines-stabdziu-sistemos-ir-pavaru-sustabdymo-komponentai\/buferis-slopintuvas\/heavy-duty-shock-absorbers-typ-pudz-iii\/#primaryimage"},"thumbnailUrl":"https:\/\/myindustrial.eu\/wp-content\/uploads\/2024\/12\/teaser_pudziii-enu.webp","datePublished":"2024-12-02T10:03:02+00:00","dateModified":"2025-05-09T06:09:36+00:00","breadcrumb":{"@id":"https:\/\/myindustrial.eu\/lt\/shop\/pramonines-stabdziu-sistemos-ir-pavaru-sustabdymo-komponentai\/buferis-slopintuvas\/heavy-duty-shock-absorbers-typ-pudz-iii\/#breadcrumb"},"inLanguage":"lt-LT","potentialAction":[{"@type":"ReadAction","target":["https:\/\/myindustrial.eu\/lt\/shop\/pramonines-stabdziu-sistemos-ir-pavaru-sustabdymo-komponentai\/buferis-slopintuvas\/heavy-duty-shock-absorbers-typ-pudz-iii\/"]}]},{"@type":"ImageObject","inLanguage":"lt-LT","@id":"https:\/\/myindustrial.eu\/lt\/shop\/pramonines-stabdziu-sistemos-ir-pavaru-sustabdymo-komponentai\/buferis-slopintuvas\/heavy-duty-shock-absorbers-typ-pudz-iii\/#primaryimage","url":"https:\/\/myindustrial.eu\/wp-content\/uploads\/2024\/12\/teaser_pudziii-enu.webp","contentUrl":"https:\/\/myindustrial.eu\/wp-content\/uploads\/2024\/12\/teaser_pudziii-enu.webp","width":800,"height":800},{"@type":"BreadcrumbList","@id":"https:\/\/myindustrial.eu\/lt\/shop\/pramonines-stabdziu-sistemos-ir-pavaru-sustabdymo-komponentai\/buferis-slopintuvas\/heavy-duty-shock-absorbers-typ-pudz-iii\/#breadcrumb","itemListElement":[{"@type":"ListItem","position":1,"name":"Home","item":"https:\/\/myindustrial.eu\/lt\/"},{"@type":"ListItem","position":2,"name":"Products","item":"https:\/\/myindustrial.eu\/lt\/products\/"},{"@type":"ListItem","position":3,"name":"Sunki\u0173j\u0173 apkrov\u0173 amortizatoriai Tipas PUDZ III"}]},{"@type":"WebSite","@id":"https:\/\/myindustrial.eu\/lt\/#website","url":"https:\/\/myindustrial.eu\/lt\/","name":"My industrial","description":"","potentialAction":[{"@type":"SearchAction","target":{"@type":"EntryPoint","urlTemplate":"https:\/\/myindustrial.eu\/lt\/?s={search_term_string}"},"query-input":{"@type":"PropertyValueSpecification","valueRequired":true,"valueName":"search_term_string"}}],"inLanguage":"lt-LT"}]}},"_links":{"self":[{"href":"https:\/\/myindustrial.eu\/lt\/wp-json\/wp\/v2\/product\/1260065487","targetHints":{"allow":["GET"]}}],"collection":[{"href":"https:\/\/myindustrial.eu\/lt\/wp-json\/wp\/v2\/product"}],"about":[{"href":"https:\/\/myindustrial.eu\/lt\/wp-json\/wp\/v2\/types\/product"}],"version-history":[{"count":1,"href":"https:\/\/myindustrial.eu\/lt\/wp-json\/wp\/v2\/product\/1260065487\/revisions"}],"predecessor-version":[{"id":1260065775,"href":"https:\/\/myindustrial.eu\/lt\/wp-json\/wp\/v2\/product\/1260065487\/revisions\/1260065775"}],"wp:featuredmedia":[{"embeddable":true,"href":"https:\/\/myindustrial.eu\/lt\/wp-json\/wp\/v2\/media\/1260064782"}],"wp:attachment":[{"href":"https:\/\/myindustrial.eu\/lt\/wp-json\/wp\/v2\/media?parent=1260065487"}],"wp:term":[{"taxonomy":"product_brand","embeddable":true,"href":"https:\/\/myindustrial.eu\/lt\/wp-json\/wp\/v2\/product_brand?post=1260065487"},{"taxonomy":"product_cat","embeddable":true,"href":"https:\/\/myindustrial.eu\/lt\/wp-json\/wp\/v2\/product_cat?post=1260065487"},{"taxonomy":"product_tag","embeddable":true,"href":"https:\/\/myindustrial.eu\/lt\/wp-json\/wp\/v2\/product_tag?post=1260065487"}],"curies":[{"name":"wp","href":"https:\/\/api.w.org\/{rel}","templated":true}]}}