{"id":1260065494,"date":"2024-12-02T10:07:03","date_gmt":"2024-12-02T10:07:03","guid":{"rendered":"https:\/\/myindustrial.eu\/shop\/be-kategorijos\/hydraulic-buffer-type-pudz-iii-cartridge\/"},"modified":"2024-12-26T16:29:38","modified_gmt":"2024-12-26T16:29:38","slug":"hydraulic-buffer-type-pudz-iii-cartridge","status":"publish","type":"product","link":"https:\/\/myindustrial.eu\/lt\/shop\/pramonines-stabdziu-sistemos-ir-pavaru-sustabdymo-komponentai\/buferis-slopintuvas\/hydraulic-buffer-type-pudz-iii-cartridge\/","title":{"rendered":"Hidraulinis buferis PUDZ III Cartridge"},"content":{"rendered":"<p><b>Charakteristikos<\/b><\/p>\n<ul>\n<li style=\"font-weight: 400;\" aria-level=\"1\"><span style=\"font-weight: 400;\">Strypo dyd\u017eiai: \u00d8 50 mm ir \u00d8 63 mm<\/span><\/li>\n<li style=\"font-weight: 400;\" aria-level=\"1\"><span style=\"font-weight: 400;\">Eigos ilgis: nuo 50 mm iki 200 mm<\/span><\/li>\n<li style=\"font-weight: 400;\" aria-level=\"1\"><span style=\"font-weight: 400;\">Energijos sug\u0117rimas: iki 11 kJ\/eiga<\/span><\/li>\n<li style=\"font-weight: 400;\" aria-level=\"1\"><span style=\"font-weight: 400;\">Maksimali buferio j\u0117ga: iki 100 kN<\/span><\/li>\n<li style=\"font-weight: 400;\" aria-level=\"1\"><span style=\"font-weight: 400;\">Aplinkos temperat\u016bra: nuo -20\u00b0C iki +60\u00b0C<\/span><\/li>\n<li style=\"font-weight: 400;\" aria-level=\"1\"><span style=\"font-weight: 400;\">Universalus montavimas su sriegiu ant buferio korpuso<\/span><\/li>\n<\/ul>\n<p><b>Techniniai privalumai<\/b><\/p>\n<ul>\n<li style=\"font-weight: 400;\" aria-level=\"1\"><span style=\"font-weight: 400;\">Integruotas st\u016bmoklio akumuliatorius su azoto u\u017epildu<\/span><\/li>\n<li style=\"font-weight: 400;\" aria-level=\"1\"><span style=\"font-weight: 400;\">Progresyviai did\u0117janti atkuriamoji j\u0117ga eigos pabaigoje<\/span><\/li>\n<li style=\"font-weight: 400;\" aria-level=\"1\"><span style=\"font-weight: 400;\">Universalus montavimas su sriegiu ant buferio korpuso<\/span><\/li>\n<\/ul>\n<p><b>Hidraulin\u0117 alyva:<\/b><\/p>\n<ul>\n<li style=\"font-weight: 400;\" aria-level=\"1\"><span style=\"font-weight: 400;\">Castrol Hyspin HVI46<\/span><\/li>\n<li style=\"font-weight: 400;\" aria-level=\"1\"><span style=\"font-weight: 400;\">Hadol HLP 46<\/span><\/li>\n<\/ul>\n<p><b>Azotas:<\/b><\/p>\n<ul>\n<li style=\"font-weight: 400;\" aria-level=\"1\"><span style=\"font-weight: 400;\">UN1066\/ Nitrogen 2.8\/ EG-Nr.: 231-783-9<\/span><\/li>\n<\/ul>\n","protected":false},"excerpt":{"rendered":"<p><span style=\"font-weight: 400;\">Ypa\u010d tinkamas naudoti poli\u0173 kalimo ir gr\u0119\u017eimo \u012frenginiuose, taip pat ma\u0161in\u0173 gamyboje ir pramonini\u0173 objekt\u0173 statyboje.<\/span><\/p>\n","protected":false},"featured_media":1260064798,"template":"","meta":[],"product_brand":[],"product_cat":[1684],"product_tag":[],"class_list":{"0":"post-1260065494","1":"product","2":"type-product","3":"status-publish","4":"has-post-thumbnail","6":"product_cat-buferis-slopintuvas","8":"first","9":"instock","10":"shipping-taxable","11":"product-type-simple"},"yoast_head":"<!-- This site is optimized with the Yoast SEO plugin v27.1.1 - https:\/\/yoast.com\/product\/yoast-seo-wordpress\/ -->\n<title>Hidraulinis buferis PUDZ III Cartridge - My industrial<\/title>\n<meta name=\"robots\" content=\"index, follow, max-snippet:-1, max-image-preview:large, max-video-preview:-1\" \/>\n<link rel=\"canonical\" href=\"https:\/\/myindustrial.eu\/lt\/shop\/pramonines-stabdziu-sistemos-ir-pavaru-sustabdymo-komponentai\/buferis-slopintuvas\/hydraulic-buffer-type-pudz-iii-cartridge\/\" \/>\n<meta property=\"og:locale\" content=\"lt_LT\" \/>\n<meta property=\"og:type\" content=\"article\" \/>\n<meta property=\"og:title\" content=\"Hidraulinis buferis PUDZ III Cartridge - My industrial\" \/>\n<meta property=\"og:description\" content=\"Ypa\u010d tinkamas naudoti poli\u0173 kalimo ir gr\u0119\u017eimo \u012frenginiuose, taip pat ma\u0161in\u0173 gamyboje ir pramonini\u0173 objekt\u0173 statyboje.\" \/>\n<meta property=\"og:url\" content=\"https:\/\/myindustrial.eu\/lt\/shop\/pramonines-stabdziu-sistemos-ir-pavaru-sustabdymo-komponentai\/buferis-slopintuvas\/hydraulic-buffer-type-pudz-iii-cartridge\/\" \/>\n<meta property=\"og:site_name\" content=\"My industrial\" \/>\n<meta property=\"article:modified_time\" content=\"2024-12-26T16:29:38+00:00\" \/>\n<meta property=\"og:image\" content=\"https:\/\/myindustrial.eu\/wp-content\/uploads\/2024\/12\/v_puffer_pudz-iii-patrone.webp\" \/>\n\t<meta property=\"og:image:width\" content=\"800\" \/>\n\t<meta property=\"og:image:height\" content=\"800\" \/>\n\t<meta property=\"og:image:type\" content=\"image\/webp\" \/>\n<meta name=\"twitter:card\" content=\"summary_large_image\" \/>\n<script type=\"application\/ld+json\" class=\"yoast-schema-graph\">{\"@context\":\"https:\/\/schema.org\",\"@graph\":[{\"@type\":\"WebPage\",\"@id\":\"https:\/\/myindustrial.eu\/lt\/shop\/pramonines-stabdziu-sistemos-ir-pavaru-sustabdymo-komponentai\/buferis-slopintuvas\/hydraulic-buffer-type-pudz-iii-cartridge\/\",\"url\":\"https:\/\/myindustrial.eu\/lt\/shop\/pramonines-stabdziu-sistemos-ir-pavaru-sustabdymo-komponentai\/buferis-slopintuvas\/hydraulic-buffer-type-pudz-iii-cartridge\/\",\"name\":\"Hidraulinis buferis PUDZ III Cartridge - My industrial\",\"isPartOf\":{\"@id\":\"https:\/\/myindustrial.eu\/lt\/#website\"},\"primaryImageOfPage\":{\"@id\":\"https:\/\/myindustrial.eu\/lt\/shop\/pramonines-stabdziu-sistemos-ir-pavaru-sustabdymo-komponentai\/buferis-slopintuvas\/hydraulic-buffer-type-pudz-iii-cartridge\/#primaryimage\"},\"image\":{\"@id\":\"https:\/\/myindustrial.eu\/lt\/shop\/pramonines-stabdziu-sistemos-ir-pavaru-sustabdymo-komponentai\/buferis-slopintuvas\/hydraulic-buffer-type-pudz-iii-cartridge\/#primaryimage\"},\"thumbnailUrl\":\"https:\/\/myindustrial.eu\/wp-content\/uploads\/2024\/12\/v_puffer_pudz-iii-patrone.webp\",\"datePublished\":\"2024-12-02T10:07:03+00:00\",\"dateModified\":\"2024-12-26T16:29:38+00:00\",\"breadcrumb\":{\"@id\":\"https:\/\/myindustrial.eu\/lt\/shop\/pramonines-stabdziu-sistemos-ir-pavaru-sustabdymo-komponentai\/buferis-slopintuvas\/hydraulic-buffer-type-pudz-iii-cartridge\/#breadcrumb\"},\"inLanguage\":\"lt-LT\",\"potentialAction\":[{\"@type\":\"ReadAction\",\"target\":[\"https:\/\/myindustrial.eu\/lt\/shop\/pramonines-stabdziu-sistemos-ir-pavaru-sustabdymo-komponentai\/buferis-slopintuvas\/hydraulic-buffer-type-pudz-iii-cartridge\/\"]}]},{\"@type\":\"ImageObject\",\"inLanguage\":\"lt-LT\",\"@id\":\"https:\/\/myindustrial.eu\/lt\/shop\/pramonines-stabdziu-sistemos-ir-pavaru-sustabdymo-komponentai\/buferis-slopintuvas\/hydraulic-buffer-type-pudz-iii-cartridge\/#primaryimage\",\"url\":\"https:\/\/myindustrial.eu\/wp-content\/uploads\/2024\/12\/v_puffer_pudz-iii-patrone.webp\",\"contentUrl\":\"https:\/\/myindustrial.eu\/wp-content\/uploads\/2024\/12\/v_puffer_pudz-iii-patrone.webp\",\"width\":800,\"height\":800},{\"@type\":\"BreadcrumbList\",\"@id\":\"https:\/\/myindustrial.eu\/lt\/shop\/pramonines-stabdziu-sistemos-ir-pavaru-sustabdymo-komponentai\/buferis-slopintuvas\/hydraulic-buffer-type-pudz-iii-cartridge\/#breadcrumb\",\"itemListElement\":[{\"@type\":\"ListItem\",\"position\":1,\"name\":\"Home\",\"item\":\"https:\/\/myindustrial.eu\/lt\/\"},{\"@type\":\"ListItem\",\"position\":2,\"name\":\"Products\",\"item\":\"https:\/\/myindustrial.eu\/lt\/products\/\"},{\"@type\":\"ListItem\",\"position\":3,\"name\":\"Hidraulinis buferis PUDZ III Cartridge\"}]},{\"@type\":\"WebSite\",\"@id\":\"https:\/\/myindustrial.eu\/lt\/#website\",\"url\":\"https:\/\/myindustrial.eu\/lt\/\",\"name\":\"My industrial\",\"description\":\"\",\"potentialAction\":[{\"@type\":\"SearchAction\",\"target\":{\"@type\":\"EntryPoint\",\"urlTemplate\":\"https:\/\/myindustrial.eu\/lt\/?s={search_term_string}\"},\"query-input\":{\"@type\":\"PropertyValueSpecification\",\"valueRequired\":true,\"valueName\":\"search_term_string\"}}],\"inLanguage\":\"lt-LT\"}]}<\/script>\n<!-- \/ Yoast SEO plugin. -->","yoast_head_json":{"title":"Hidraulinis buferis PUDZ III Cartridge - My industrial","robots":{"index":"index","follow":"follow","max-snippet":"max-snippet:-1","max-image-preview":"max-image-preview:large","max-video-preview":"max-video-preview:-1"},"canonical":"https:\/\/myindustrial.eu\/lt\/shop\/pramonines-stabdziu-sistemos-ir-pavaru-sustabdymo-komponentai\/buferis-slopintuvas\/hydraulic-buffer-type-pudz-iii-cartridge\/","og_locale":"lt_LT","og_type":"article","og_title":"Hidraulinis buferis PUDZ III Cartridge - My industrial","og_description":"Ypa\u010d tinkamas naudoti poli\u0173 kalimo ir gr\u0119\u017eimo \u012frenginiuose, taip pat ma\u0161in\u0173 gamyboje ir pramonini\u0173 objekt\u0173 statyboje.","og_url":"https:\/\/myindustrial.eu\/lt\/shop\/pramonines-stabdziu-sistemos-ir-pavaru-sustabdymo-komponentai\/buferis-slopintuvas\/hydraulic-buffer-type-pudz-iii-cartridge\/","og_site_name":"My industrial","article_modified_time":"2024-12-26T16:29:38+00:00","og_image":[{"width":800,"height":800,"url":"https:\/\/myindustrial.eu\/wp-content\/uploads\/2024\/12\/v_puffer_pudz-iii-patrone.webp","type":"image\/webp"}],"twitter_card":"summary_large_image","schema":{"@context":"https:\/\/schema.org","@graph":[{"@type":"WebPage","@id":"https:\/\/myindustrial.eu\/lt\/shop\/pramonines-stabdziu-sistemos-ir-pavaru-sustabdymo-komponentai\/buferis-slopintuvas\/hydraulic-buffer-type-pudz-iii-cartridge\/","url":"https:\/\/myindustrial.eu\/lt\/shop\/pramonines-stabdziu-sistemos-ir-pavaru-sustabdymo-komponentai\/buferis-slopintuvas\/hydraulic-buffer-type-pudz-iii-cartridge\/","name":"Hidraulinis buferis PUDZ III Cartridge - My industrial","isPartOf":{"@id":"https:\/\/myindustrial.eu\/lt\/#website"},"primaryImageOfPage":{"@id":"https:\/\/myindustrial.eu\/lt\/shop\/pramonines-stabdziu-sistemos-ir-pavaru-sustabdymo-komponentai\/buferis-slopintuvas\/hydraulic-buffer-type-pudz-iii-cartridge\/#primaryimage"},"image":{"@id":"https:\/\/myindustrial.eu\/lt\/shop\/pramonines-stabdziu-sistemos-ir-pavaru-sustabdymo-komponentai\/buferis-slopintuvas\/hydraulic-buffer-type-pudz-iii-cartridge\/#primaryimage"},"thumbnailUrl":"https:\/\/myindustrial.eu\/wp-content\/uploads\/2024\/12\/v_puffer_pudz-iii-patrone.webp","datePublished":"2024-12-02T10:07:03+00:00","dateModified":"2024-12-26T16:29:38+00:00","breadcrumb":{"@id":"https:\/\/myindustrial.eu\/lt\/shop\/pramonines-stabdziu-sistemos-ir-pavaru-sustabdymo-komponentai\/buferis-slopintuvas\/hydraulic-buffer-type-pudz-iii-cartridge\/#breadcrumb"},"inLanguage":"lt-LT","potentialAction":[{"@type":"ReadAction","target":["https:\/\/myindustrial.eu\/lt\/shop\/pramonines-stabdziu-sistemos-ir-pavaru-sustabdymo-komponentai\/buferis-slopintuvas\/hydraulic-buffer-type-pudz-iii-cartridge\/"]}]},{"@type":"ImageObject","inLanguage":"lt-LT","@id":"https:\/\/myindustrial.eu\/lt\/shop\/pramonines-stabdziu-sistemos-ir-pavaru-sustabdymo-komponentai\/buferis-slopintuvas\/hydraulic-buffer-type-pudz-iii-cartridge\/#primaryimage","url":"https:\/\/myindustrial.eu\/wp-content\/uploads\/2024\/12\/v_puffer_pudz-iii-patrone.webp","contentUrl":"https:\/\/myindustrial.eu\/wp-content\/uploads\/2024\/12\/v_puffer_pudz-iii-patrone.webp","width":800,"height":800},{"@type":"BreadcrumbList","@id":"https:\/\/myindustrial.eu\/lt\/shop\/pramonines-stabdziu-sistemos-ir-pavaru-sustabdymo-komponentai\/buferis-slopintuvas\/hydraulic-buffer-type-pudz-iii-cartridge\/#breadcrumb","itemListElement":[{"@type":"ListItem","position":1,"name":"Home","item":"https:\/\/myindustrial.eu\/lt\/"},{"@type":"ListItem","position":2,"name":"Products","item":"https:\/\/myindustrial.eu\/lt\/products\/"},{"@type":"ListItem","position":3,"name":"Hidraulinis buferis PUDZ III Cartridge"}]},{"@type":"WebSite","@id":"https:\/\/myindustrial.eu\/lt\/#website","url":"https:\/\/myindustrial.eu\/lt\/","name":"My industrial","description":"","potentialAction":[{"@type":"SearchAction","target":{"@type":"EntryPoint","urlTemplate":"https:\/\/myindustrial.eu\/lt\/?s={search_term_string}"},"query-input":{"@type":"PropertyValueSpecification","valueRequired":true,"valueName":"search_term_string"}}],"inLanguage":"lt-LT"}]}},"_links":{"self":[{"href":"https:\/\/myindustrial.eu\/lt\/wp-json\/wp\/v2\/product\/1260065494","targetHints":{"allow":["GET"]}}],"collection":[{"href":"https:\/\/myindustrial.eu\/lt\/wp-json\/wp\/v2\/product"}],"about":[{"href":"https:\/\/myindustrial.eu\/lt\/wp-json\/wp\/v2\/types\/product"}],"version-history":[{"count":0,"href":"https:\/\/myindustrial.eu\/lt\/wp-json\/wp\/v2\/product\/1260065494\/revisions"}],"wp:featuredmedia":[{"embeddable":true,"href":"https:\/\/myindustrial.eu\/lt\/wp-json\/wp\/v2\/media\/1260064798"}],"wp:attachment":[{"href":"https:\/\/myindustrial.eu\/lt\/wp-json\/wp\/v2\/media?parent=1260065494"}],"wp:term":[{"taxonomy":"product_brand","embeddable":true,"href":"https:\/\/myindustrial.eu\/lt\/wp-json\/wp\/v2\/product_brand?post=1260065494"},{"taxonomy":"product_cat","embeddable":true,"href":"https:\/\/myindustrial.eu\/lt\/wp-json\/wp\/v2\/product_cat?post=1260065494"},{"taxonomy":"product_tag","embeddable":true,"href":"https:\/\/myindustrial.eu\/lt\/wp-json\/wp\/v2\/product_tag?post=1260065494"}],"curies":[{"name":"wp","href":"https:\/\/api.w.org\/{rel}","templated":true}]}}