{"id":1260065534,"date":"2024-12-02T10:38:52","date_gmt":"2024-12-02T10:38:52","guid":{"rendered":"https:\/\/myindustrial.eu\/shop\/be-kategorijos\/industrial-brake-drum-coupling-with-brake-drum-for-drum-brakes\/"},"modified":"2024-12-26T19:54:52","modified_gmt":"2024-12-26T19:54:52","slug":"industrial-brake-drum-coupling-with-brake-drum-for-drum-brakes","status":"publish","type":"product","link":"https:\/\/myindustrial.eu\/lt\/shop\/pramonines-stabdziu-sistemos-ir-pavaru-sustabdymo-komponentai\/movos\/industrial-brake-drum-coupling-with-brake-drum-for-drum-brakes\/","title":{"rendered":"Pramoninis stabd\u017ei\u0173 b\u016bgno movos (sukabinimas) sujungimas su stabd\u017ei\u0173 b\u016bgnu b\u016bgnin\u0117ms stabd\u017eiams"},"content":{"rendered":"<p><span style=\"font-weight: 400;\">Sukimo momentui atsparios pramonin\u0117s elastingos nagin\u0117s movos kompensuoja a\u0161inius, radialinius ir kampinius neatitikimus. Taip jos gali kompensuoti velen\u0173 neatitikimus, kuriuos sukelia netikslus surinkimas, pamat\u0173 nus\u0117dimas arba auk\u0161\u010dio ir ilgio poky\u010diai d\u0117l temperat\u016bros poveikio.<\/span><span style=\"font-weight: 400;\"><br \/>\n<\/span><span style=\"font-weight: 400;\">Nagini\u0173 mov\u0173 darbiniai elementai \u2013 \u012ftempti gumos perdavimo elementai, kurie u\u017etikrina tvirt\u0105 sujungim\u0105 be pradurimo. Elastingi perdavimo elementai da\u017eniausiai gaminami i\u0161 gumos med\u017eiagos (NR-SBR 75 &#8211; 80\u00b0 Shore = SN dizainas), tinkamos temperat\u016broms nuo -40\u00b0C iki +80\u00b0C. Pagal u\u017esakym\u0105 galima naudoti kitokias gumos ar silikono med\u017eiagas su \u012fvairaus kietumo lygiu ir tinkamas auk\u0161tesn\u0117ms temperat\u016broms.<\/span><\/p>\n<p><span style=\"font-weight: 400;\">Mova pasi\u017eymi progresyviomis sukimo charakteristikomis, turin\u010diomis geras vibracijos ir sm\u016bgi\u0173 slopinimo savybes. Vis\u0173 mov\u0173 ypatyb\u0117 \u2013 atskiras var\u017eto tvirtinimo dangtelis, leid\u017eiantis elastinius elementus montuoti ir i\u0161montuoti radialiai, nenuimant movos stebul\u0117s a\u0161ies. Elastiniai elementai visuose dyd\u017eiuose suprojektuoti kaip pusiau tunelis, kur du gumos pagalv\u0117l\u0117s sujungiamos i\u0161oriniu dir\u017eu.<\/span><\/p>\n<p><b>Ypatyb\u0117s<\/b><span style=\"font-weight: 400;\"><br \/>\n<\/span><span style=\"font-weight: 400;\">Pramonin\u0117s RKK movos, jungiamasis elementas su dideliu lankstumu<\/span><\/p>\n<ul>\n<li style=\"font-weight: 400;\" aria-level=\"1\"><span style=\"font-weight: 400;\">Sukimo momentui lankstus<\/span><\/li>\n<li style=\"font-weight: 400;\" aria-level=\"1\"><span style=\"font-weight: 400;\">A\u0161inis kompensavimas<\/span><\/li>\n<li style=\"font-weight: 400;\" aria-level=\"1\"><span style=\"font-weight: 400;\">Radialinis kompensavimas<\/span><\/li>\n<li style=\"font-weight: 400;\" aria-level=\"1\"><span style=\"font-weight: 400;\">Kampinis kompensavimas<\/span><\/li>\n<\/ul>\n<p><b>Greitas ir paprastas susid\u0117v\u0117jusi\u0173 movos element\u0173 keitimas:<\/b><\/p>\n<ol>\n<li style=\"font-weight: 400;\" aria-level=\"1\"><span style=\"font-weight: 400;\">Atlaisvinkite ir atitraukite tvirtinimo dangtel\u012f.<\/span><\/li>\n<li style=\"font-weight: 400;\" aria-level=\"1\"><span style=\"font-weight: 400;\">Nuimkite movos elementus ir \u012fstatykite naujus.<\/span><\/li>\n<li style=\"font-weight: 400;\" aria-level=\"1\"><span style=\"font-weight: 400;\">Pastumkite tvirtinimo dangtel\u012f atgal ir prisukite.<\/span><\/li>\n<\/ol>\n<p><b>Techniniai privalumai<\/b><\/p>\n<ul>\n<li style=\"font-weight: 400;\" aria-level=\"1\"><span style=\"font-weight: 400;\">Stabd\u017ei\u0173 b\u016bgnas yra be disbalanso.<\/span><\/li>\n<li style=\"font-weight: 400;\" aria-level=\"1\"><span style=\"font-weight: 400;\">Susid\u0117v\u0117jusius guminius elementus \/ movos elementus galima lengvai nuimti, nei\u0161ardant movos ar variklio.<\/span><\/li>\n<li style=\"font-weight: 400;\" aria-level=\"1\"><span style=\"font-weight: 400;\">Storesnis stabd\u017ei\u0173 b\u016bgno kra\u0161tas \/ i\u0161orinis pavir\u0161ius (didesn\u0117 energijos absorbcija avariniu atveju).<\/span><\/li>\n<li style=\"font-weight: 400;\" aria-level=\"1\"><span style=\"font-weight: 400;\">Mov\u0173 nagai yra lygiakampiai velenui (n\u0117ra nuolyd\u017eio kamp\u0173, tod\u0117l ma\u017eesn\u0117s a\u0161in\u0117s j\u0117gos).<\/span><\/li>\n<li style=\"font-weight: 400;\" aria-level=\"1\"><span style=\"font-weight: 400;\">Ilgas tarnavimo laikas ir ma\u017eesn\u0117s prie\u017ei\u016bros bei eksploatacijos i\u0161laidos.<\/span><\/li>\n<\/ul>\n","protected":false},"excerpt":{"rendered":"<p><b>Stabd\u017ei\u0173 b\u016bgn\u0173 matmenys pagal DIN 15431<\/b><\/p>\n<p><span style=\"font-weight: 400;\">Lankst\u016bs elementai gali b\u016bti lengvai montuojami ir nuimami radialiai, nereikia a\u0161inio sujungt\u0173 mechanizm\u0173 jud\u0117jimo, kai tik nuimamas ir atitraukiamas fiksuojamasis dangtelis. Alternatyvios stabd\u017ei\u0173 b\u016bgno montavimo galimyb\u0117s suteikia i\u0161orinius matmenis.<\/span><\/p>\n<ul>\n<li style=\"font-weight: 400;\" aria-level=\"1\"><span style=\"font-weight: 400;\">Elastinga veleno mova, nagin\u0117 mova su stabd\u017ei\u0173 b\u016bgnu b\u016bgnin\u0117ms stabd\u017eiams pagal DIN 15435<\/span><\/li>\n<li style=\"font-weight: 400;\" aria-level=\"1\"><span style=\"font-weight: 400;\">Mova yra stand\u017eiai sujungta ir atspari gedimams<\/span><\/li>\n<li style=\"font-weight: 400;\" aria-level=\"1\"><span style=\"font-weight: 400;\">Pagaminta i\u0161 vientisos med\u017eiagos (C45), be liejimo konstrukcijos<\/span><\/li>\n<li style=\"font-weight: 400;\" aria-level=\"1\"><span style=\"font-weight: 400;\">Dviej\u0173 komponent\u0173 da\u017eymas, RAL 7024<\/span><\/li>\n<li style=\"font-weight: 400;\" aria-level=\"1\"><span style=\"font-weight: 400;\">Auk\u0161tas kokyb\u0117s lygis \/ ilgas tarnavimo laikas<\/span><\/li>\n<li style=\"font-weight: 400;\" aria-level=\"1\"><span style=\"font-weight: 400;\">Velenas i\u0161 variklio pus\u0117s: nuo 20 mm iki 170 mm<\/span><\/li>\n<li style=\"font-weight: 400;\" aria-level=\"1\"><span style=\"font-weight: 400;\">Velenas i\u0161 pavar\u0173 pus\u0117s: nuo 20 mm iki 170 mm<\/span><\/li>\n<\/ul>\n","protected":false},"featured_media":1260064865,"template":"","meta":[],"product_brand":[],"product_cat":[1649],"product_tag":[],"class_list":{"0":"post-1260065534","1":"product","2":"type-product","3":"status-publish","4":"has-post-thumbnail","6":"product_cat-movos","8":"first","9":"instock","10":"shipping-taxable","11":"product-type-simple"},"yoast_head":"<!-- This site is optimized with the Yoast SEO plugin v27.1.1 - https:\/\/yoast.com\/product\/yoast-seo-wordpress\/ -->\n<title>Pramoninis stabd\u017ei\u0173 b\u016bgno movos (sukabinimas) sujungimas su stabd\u017ei\u0173 b\u016bgnu b\u016bgnin\u0117ms stabd\u017eiams - My industrial<\/title>\n<meta name=\"robots\" content=\"index, follow, max-snippet:-1, max-image-preview:large, max-video-preview:-1\" \/>\n<link rel=\"canonical\" href=\"https:\/\/myindustrial.eu\/lt\/shop\/pramonines-stabdziu-sistemos-ir-pavaru-sustabdymo-komponentai\/movos\/industrial-brake-drum-coupling-with-brake-drum-for-drum-brakes\/\" \/>\n<meta property=\"og:locale\" content=\"lt_LT\" \/>\n<meta property=\"og:type\" content=\"article\" \/>\n<meta property=\"og:title\" content=\"Pramoninis stabd\u017ei\u0173 b\u016bgno movos (sukabinimas) sujungimas su stabd\u017ei\u0173 b\u016bgnu b\u016bgnin\u0117ms stabd\u017eiams - My industrial\" \/>\n<meta property=\"og:description\" content=\"Stabd\u017ei\u0173 b\u016bgn\u0173 matmenys pagal DIN 15431  Lankst\u016bs elementai gali b\u016bti lengvai montuojami ir nuimami radialiai, nereikia a\u0161inio sujungt\u0173 mechanizm\u0173 jud\u0117jimo, kai tik nuimamas ir atitraukiamas fiksuojamasis dangtelis. Alternatyvios stabd\u017ei\u0173 b\u016bgno montavimo galimyb\u0117s suteikia i\u0161orinius matmenis.   Elastinga veleno mova, nagin\u0117 mova su stabd\u017ei\u0173 b\u016bgnu b\u016bgnin\u0117ms stabd\u017eiams pagal DIN 15435  Mova yra stand\u017eiai sujungta ir atspari gedimams  Pagaminta i\u0161 vientisos med\u017eiagos (C45), be liejimo konstrukcijos  Dviej\u0173 komponent\u0173 da\u017eymas, RAL 7024  Auk\u0161tas kokyb\u0117s lygis \/ ilgas tarnavimo laikas  Velenas i\u0161 variklio pus\u0117s: nuo 20 mm iki 170 mm  Velenas i\u0161 pavar\u0173 pus\u0117s: nuo 20 mm iki 170 mm\" \/>\n<meta property=\"og:url\" content=\"https:\/\/myindustrial.eu\/lt\/shop\/pramonines-stabdziu-sistemos-ir-pavaru-sustabdymo-komponentai\/movos\/industrial-brake-drum-coupling-with-brake-drum-for-drum-brakes\/\" \/>\n<meta property=\"og:site_name\" content=\"My industrial\" \/>\n<meta property=\"article:modified_time\" content=\"2024-12-26T19:54:52+00:00\" \/>\n<meta property=\"og:image\" content=\"https:\/\/myindustrial.eu\/wp-content\/uploads\/2024\/12\/rft_clawcoupling-type_rkk-wbt.webp\" \/>\n\t<meta property=\"og:image:width\" content=\"800\" \/>\n\t<meta property=\"og:image:height\" content=\"800\" \/>\n\t<meta property=\"og:image:type\" content=\"image\/webp\" \/>\n<meta name=\"twitter:card\" content=\"summary_large_image\" \/>\n<script type=\"application\/ld+json\" class=\"yoast-schema-graph\">{\"@context\":\"https:\/\/schema.org\",\"@graph\":[{\"@type\":\"WebPage\",\"@id\":\"https:\/\/myindustrial.eu\/lt\/shop\/pramonines-stabdziu-sistemos-ir-pavaru-sustabdymo-komponentai\/movos\/industrial-brake-drum-coupling-with-brake-drum-for-drum-brakes\/\",\"url\":\"https:\/\/myindustrial.eu\/lt\/shop\/pramonines-stabdziu-sistemos-ir-pavaru-sustabdymo-komponentai\/movos\/industrial-brake-drum-coupling-with-brake-drum-for-drum-brakes\/\",\"name\":\"Pramoninis stabd\u017ei\u0173 b\u016bgno movos (sukabinimas) sujungimas su stabd\u017ei\u0173 b\u016bgnu b\u016bgnin\u0117ms stabd\u017eiams - My industrial\",\"isPartOf\":{\"@id\":\"https:\/\/myindustrial.eu\/lt\/#website\"},\"primaryImageOfPage\":{\"@id\":\"https:\/\/myindustrial.eu\/lt\/shop\/pramonines-stabdziu-sistemos-ir-pavaru-sustabdymo-komponentai\/movos\/industrial-brake-drum-coupling-with-brake-drum-for-drum-brakes\/#primaryimage\"},\"image\":{\"@id\":\"https:\/\/myindustrial.eu\/lt\/shop\/pramonines-stabdziu-sistemos-ir-pavaru-sustabdymo-komponentai\/movos\/industrial-brake-drum-coupling-with-brake-drum-for-drum-brakes\/#primaryimage\"},\"thumbnailUrl\":\"https:\/\/myindustrial.eu\/wp-content\/uploads\/2024\/12\/rft_clawcoupling-type_rkk-wbt.webp\",\"datePublished\":\"2024-12-02T10:38:52+00:00\",\"dateModified\":\"2024-12-26T19:54:52+00:00\",\"breadcrumb\":{\"@id\":\"https:\/\/myindustrial.eu\/lt\/shop\/pramonines-stabdziu-sistemos-ir-pavaru-sustabdymo-komponentai\/movos\/industrial-brake-drum-coupling-with-brake-drum-for-drum-brakes\/#breadcrumb\"},\"inLanguage\":\"lt-LT\",\"potentialAction\":[{\"@type\":\"ReadAction\",\"target\":[\"https:\/\/myindustrial.eu\/lt\/shop\/pramonines-stabdziu-sistemos-ir-pavaru-sustabdymo-komponentai\/movos\/industrial-brake-drum-coupling-with-brake-drum-for-drum-brakes\/\"]}]},{\"@type\":\"ImageObject\",\"inLanguage\":\"lt-LT\",\"@id\":\"https:\/\/myindustrial.eu\/lt\/shop\/pramonines-stabdziu-sistemos-ir-pavaru-sustabdymo-komponentai\/movos\/industrial-brake-drum-coupling-with-brake-drum-for-drum-brakes\/#primaryimage\",\"url\":\"https:\/\/myindustrial.eu\/wp-content\/uploads\/2024\/12\/rft_clawcoupling-type_rkk-wbt.webp\",\"contentUrl\":\"https:\/\/myindustrial.eu\/wp-content\/uploads\/2024\/12\/rft_clawcoupling-type_rkk-wbt.webp\",\"width\":800,\"height\":800},{\"@type\":\"BreadcrumbList\",\"@id\":\"https:\/\/myindustrial.eu\/lt\/shop\/pramonines-stabdziu-sistemos-ir-pavaru-sustabdymo-komponentai\/movos\/industrial-brake-drum-coupling-with-brake-drum-for-drum-brakes\/#breadcrumb\",\"itemListElement\":[{\"@type\":\"ListItem\",\"position\":1,\"name\":\"Home\",\"item\":\"https:\/\/myindustrial.eu\/lt\/\"},{\"@type\":\"ListItem\",\"position\":2,\"name\":\"Products\",\"item\":\"https:\/\/myindustrial.eu\/lt\/products\/\"},{\"@type\":\"ListItem\",\"position\":3,\"name\":\"Pramoninis stabd\u017ei\u0173 b\u016bgno movos (sukabinimas) sujungimas su stabd\u017ei\u0173 b\u016bgnu b\u016bgnin\u0117ms stabd\u017eiams\"}]},{\"@type\":\"WebSite\",\"@id\":\"https:\/\/myindustrial.eu\/lt\/#website\",\"url\":\"https:\/\/myindustrial.eu\/lt\/\",\"name\":\"My industrial\",\"description\":\"\",\"potentialAction\":[{\"@type\":\"SearchAction\",\"target\":{\"@type\":\"EntryPoint\",\"urlTemplate\":\"https:\/\/myindustrial.eu\/lt\/?s={search_term_string}\"},\"query-input\":{\"@type\":\"PropertyValueSpecification\",\"valueRequired\":true,\"valueName\":\"search_term_string\"}}],\"inLanguage\":\"lt-LT\"}]}<\/script>\n<!-- \/ Yoast SEO plugin. -->","yoast_head_json":{"title":"Pramoninis stabd\u017ei\u0173 b\u016bgno movos (sukabinimas) sujungimas su stabd\u017ei\u0173 b\u016bgnu b\u016bgnin\u0117ms stabd\u017eiams - My industrial","robots":{"index":"index","follow":"follow","max-snippet":"max-snippet:-1","max-image-preview":"max-image-preview:large","max-video-preview":"max-video-preview:-1"},"canonical":"https:\/\/myindustrial.eu\/lt\/shop\/pramonines-stabdziu-sistemos-ir-pavaru-sustabdymo-komponentai\/movos\/industrial-brake-drum-coupling-with-brake-drum-for-drum-brakes\/","og_locale":"lt_LT","og_type":"article","og_title":"Pramoninis stabd\u017ei\u0173 b\u016bgno movos (sukabinimas) sujungimas su stabd\u017ei\u0173 b\u016bgnu b\u016bgnin\u0117ms stabd\u017eiams - My industrial","og_description":"Stabd\u017ei\u0173 b\u016bgn\u0173 matmenys pagal DIN 15431  Lankst\u016bs elementai gali b\u016bti lengvai montuojami ir nuimami radialiai, nereikia a\u0161inio sujungt\u0173 mechanizm\u0173 jud\u0117jimo, kai tik nuimamas ir atitraukiamas fiksuojamasis dangtelis. Alternatyvios stabd\u017ei\u0173 b\u016bgno montavimo galimyb\u0117s suteikia i\u0161orinius matmenis.   Elastinga veleno mova, nagin\u0117 mova su stabd\u017ei\u0173 b\u016bgnu b\u016bgnin\u0117ms stabd\u017eiams pagal DIN 15435  Mova yra stand\u017eiai sujungta ir atspari gedimams  Pagaminta i\u0161 vientisos med\u017eiagos (C45), be liejimo konstrukcijos  Dviej\u0173 komponent\u0173 da\u017eymas, RAL 7024  Auk\u0161tas kokyb\u0117s lygis \/ ilgas tarnavimo laikas  Velenas i\u0161 variklio pus\u0117s: nuo 20 mm iki 170 mm  Velenas i\u0161 pavar\u0173 pus\u0117s: nuo 20 mm iki 170 mm","og_url":"https:\/\/myindustrial.eu\/lt\/shop\/pramonines-stabdziu-sistemos-ir-pavaru-sustabdymo-komponentai\/movos\/industrial-brake-drum-coupling-with-brake-drum-for-drum-brakes\/","og_site_name":"My industrial","article_modified_time":"2024-12-26T19:54:52+00:00","og_image":[{"width":800,"height":800,"url":"https:\/\/myindustrial.eu\/wp-content\/uploads\/2024\/12\/rft_clawcoupling-type_rkk-wbt.webp","type":"image\/webp"}],"twitter_card":"summary_large_image","schema":{"@context":"https:\/\/schema.org","@graph":[{"@type":"WebPage","@id":"https:\/\/myindustrial.eu\/lt\/shop\/pramonines-stabdziu-sistemos-ir-pavaru-sustabdymo-komponentai\/movos\/industrial-brake-drum-coupling-with-brake-drum-for-drum-brakes\/","url":"https:\/\/myindustrial.eu\/lt\/shop\/pramonines-stabdziu-sistemos-ir-pavaru-sustabdymo-komponentai\/movos\/industrial-brake-drum-coupling-with-brake-drum-for-drum-brakes\/","name":"Pramoninis stabd\u017ei\u0173 b\u016bgno movos (sukabinimas) sujungimas su stabd\u017ei\u0173 b\u016bgnu b\u016bgnin\u0117ms stabd\u017eiams - My industrial","isPartOf":{"@id":"https:\/\/myindustrial.eu\/lt\/#website"},"primaryImageOfPage":{"@id":"https:\/\/myindustrial.eu\/lt\/shop\/pramonines-stabdziu-sistemos-ir-pavaru-sustabdymo-komponentai\/movos\/industrial-brake-drum-coupling-with-brake-drum-for-drum-brakes\/#primaryimage"},"image":{"@id":"https:\/\/myindustrial.eu\/lt\/shop\/pramonines-stabdziu-sistemos-ir-pavaru-sustabdymo-komponentai\/movos\/industrial-brake-drum-coupling-with-brake-drum-for-drum-brakes\/#primaryimage"},"thumbnailUrl":"https:\/\/myindustrial.eu\/wp-content\/uploads\/2024\/12\/rft_clawcoupling-type_rkk-wbt.webp","datePublished":"2024-12-02T10:38:52+00:00","dateModified":"2024-12-26T19:54:52+00:00","breadcrumb":{"@id":"https:\/\/myindustrial.eu\/lt\/shop\/pramonines-stabdziu-sistemos-ir-pavaru-sustabdymo-komponentai\/movos\/industrial-brake-drum-coupling-with-brake-drum-for-drum-brakes\/#breadcrumb"},"inLanguage":"lt-LT","potentialAction":[{"@type":"ReadAction","target":["https:\/\/myindustrial.eu\/lt\/shop\/pramonines-stabdziu-sistemos-ir-pavaru-sustabdymo-komponentai\/movos\/industrial-brake-drum-coupling-with-brake-drum-for-drum-brakes\/"]}]},{"@type":"ImageObject","inLanguage":"lt-LT","@id":"https:\/\/myindustrial.eu\/lt\/shop\/pramonines-stabdziu-sistemos-ir-pavaru-sustabdymo-komponentai\/movos\/industrial-brake-drum-coupling-with-brake-drum-for-drum-brakes\/#primaryimage","url":"https:\/\/myindustrial.eu\/wp-content\/uploads\/2024\/12\/rft_clawcoupling-type_rkk-wbt.webp","contentUrl":"https:\/\/myindustrial.eu\/wp-content\/uploads\/2024\/12\/rft_clawcoupling-type_rkk-wbt.webp","width":800,"height":800},{"@type":"BreadcrumbList","@id":"https:\/\/myindustrial.eu\/lt\/shop\/pramonines-stabdziu-sistemos-ir-pavaru-sustabdymo-komponentai\/movos\/industrial-brake-drum-coupling-with-brake-drum-for-drum-brakes\/#breadcrumb","itemListElement":[{"@type":"ListItem","position":1,"name":"Home","item":"https:\/\/myindustrial.eu\/lt\/"},{"@type":"ListItem","position":2,"name":"Products","item":"https:\/\/myindustrial.eu\/lt\/products\/"},{"@type":"ListItem","position":3,"name":"Pramoninis stabd\u017ei\u0173 b\u016bgno movos (sukabinimas) sujungimas su stabd\u017ei\u0173 b\u016bgnu b\u016bgnin\u0117ms stabd\u017eiams"}]},{"@type":"WebSite","@id":"https:\/\/myindustrial.eu\/lt\/#website","url":"https:\/\/myindustrial.eu\/lt\/","name":"My industrial","description":"","potentialAction":[{"@type":"SearchAction","target":{"@type":"EntryPoint","urlTemplate":"https:\/\/myindustrial.eu\/lt\/?s={search_term_string}"},"query-input":{"@type":"PropertyValueSpecification","valueRequired":true,"valueName":"search_term_string"}}],"inLanguage":"lt-LT"}]}},"_links":{"self":[{"href":"https:\/\/myindustrial.eu\/lt\/wp-json\/wp\/v2\/product\/1260065534","targetHints":{"allow":["GET"]}}],"collection":[{"href":"https:\/\/myindustrial.eu\/lt\/wp-json\/wp\/v2\/product"}],"about":[{"href":"https:\/\/myindustrial.eu\/lt\/wp-json\/wp\/v2\/types\/product"}],"version-history":[{"count":0,"href":"https:\/\/myindustrial.eu\/lt\/wp-json\/wp\/v2\/product\/1260065534\/revisions"}],"wp:featuredmedia":[{"embeddable":true,"href":"https:\/\/myindustrial.eu\/lt\/wp-json\/wp\/v2\/media\/1260064865"}],"wp:attachment":[{"href":"https:\/\/myindustrial.eu\/lt\/wp-json\/wp\/v2\/media?parent=1260065534"}],"wp:term":[{"taxonomy":"product_brand","embeddable":true,"href":"https:\/\/myindustrial.eu\/lt\/wp-json\/wp\/v2\/product_brand?post=1260065534"},{"taxonomy":"product_cat","embeddable":true,"href":"https:\/\/myindustrial.eu\/lt\/wp-json\/wp\/v2\/product_cat?post=1260065534"},{"taxonomy":"product_tag","embeddable":true,"href":"https:\/\/myindustrial.eu\/lt\/wp-json\/wp\/v2\/product_tag?post=1260065534"}],"curies":[{"name":"wp","href":"https:\/\/api.w.org\/{rel}","templated":true}]}}