{"id":1260065569,"date":"2024-12-02T12:21:08","date_gmt":"2024-12-02T12:21:08","guid":{"rendered":"https:\/\/myindustrial.eu\/shop\/be-kategorijos\/industrial-caliper-safety-disc-brake\/"},"modified":"2024-12-27T20:35:18","modified_gmt":"2024-12-27T20:35:18","slug":"industrial-caliper-safety-disc-brake","status":"publish","type":"product","link":"https:\/\/myindustrial.eu\/lt\/shop\/pramonines-stabdziu-sistemos-ir-pavaru-sustabdymo-komponentai\/pramoniniai-diskiniai-ir-bugniniai-stabdziai\/industrial-caliper-safety-disc-brake\/","title":{"rendered":"Pramoninis diskinis stabdys su suportu"},"content":{"rendered":"<p><b>Ypatyb\u0117s<\/b><\/p>\n<ul>\n<li style=\"font-weight: 400;\" aria-level=\"1\"><span style=\"font-weight: 400;\">Stabdymas naudojant spyruoklin\u0119 j\u0117g\u0105. Spyruoklin\u0117 stabdymo j\u0117ga<\/span><\/li>\n<li style=\"font-weight: 400;\" aria-level=\"1\"><span style=\"font-weight: 400;\">Atleidimas naudojant hidraulin\u012f cilindr\u0105. Hidraulinis atleidimas<\/span><\/li>\n<li style=\"font-weight: 400;\" aria-level=\"1\"><span style=\"font-weight: 400;\">Automatinis veikimas elektros tiekimo nutr\u016bkimo atveju. Saugi avarin\u0117 sistema (nutr\u016bkus elektros tiekimui stabdys pritaiko mechanin\u0119 j\u0117g\u0105)<\/span><\/li>\n<li style=\"font-weight: 400;\" aria-level=\"1\"><span style=\"font-weight: 400;\">Didelis stabdymo momentas, nepriklausantis nuo sukimosi krypties<\/span><\/li>\n<li style=\"font-weight: 400;\" aria-level=\"1\"><span style=\"font-weight: 400;\">Tiekimas i\u0161 anksto surinktas su i\u0161 anksto \u012ftemptomis stabd\u017ei\u0173 spyruokl\u0117mis<\/span><\/li>\n<li style=\"font-weight: 400;\" aria-level=\"1\"><span style=\"font-weight: 400;\">Dvi identi\u0161kos dalys, galima montuoti bet kurioje pad\u0117tyje<\/span><\/li>\n<li style=\"font-weight: 400;\" aria-level=\"1\"><span style=\"font-weight: 400;\">Rankinis nusid\u0117v\u0117jimo kompensavimas. Oro tarpas reguliuojamas 1\u20133 mm ribose<\/span><\/li>\n<li style=\"font-weight: 400;\" aria-level=\"1\"><span style=\"font-weight: 400;\">Standartin\u0117s ma\u017eai d\u0117vin\u010dios stabd\u017ei\u0173 kalad\u0117l\u0117s su \u03bc = 0,4<\/span><\/li>\n<li style=\"font-weight: 400;\" aria-level=\"1\"><span style=\"font-weight: 400;\">U\u017edara hidraulin\u0117 sistema. Hidraulinis st\u016bmoklis \u012frengtas u\u017e spyruoklinio bloko, toliau nuo trinties zonos. D\u0117l to hidrauliniai sandarikliai ir skystis n\u0117ra veikiami stabdymo kar\u0161\u010dio, tod\u0117l nereikia au\u0161inimo patikimam ilgalaikiam sandarinimui ir veikimui u\u017etikrinti.<\/span><\/li>\n<\/ul>\n<p><b>Techniniai privalumai<\/b><\/p>\n<ul>\n<li style=\"font-weight: 400;\" aria-level=\"1\"><span style=\"font-weight: 400;\">Labai auk\u0161tas kokyb\u0117s ir saugumo lygis<\/span><\/li>\n<li style=\"font-weight: 400;\" aria-level=\"1\"><span style=\"font-weight: 400;\">Ilgaam\u017ei\u0161kumas \/ Suma\u017eintos prie\u017ei\u016bros ir tolesn\u0117s i\u0161laidos<\/span><\/li>\n<li style=\"font-weight: 400;\" aria-level=\"1\"><span style=\"font-weight: 400;\">Tiesioginis veikimas be svirties mechanizmo<\/span><\/li>\n<li style=\"font-weight: 400;\" aria-level=\"1\"><span style=\"font-weight: 400;\">Fiksuota, ne plaukiojanti konstrukcija<\/span><\/li>\n<\/ul>\n","protected":false},"excerpt":{"rendered":"<p><b>Avarinis diskinis stabdys<\/b><span style=\"font-weight: 400;\"><br \/>\n<\/span><b>Tipai SCFH-1, SCFH-2, SCFH-3, SCFH-4<\/b><\/p>\n<p><span style=\"font-weight: 400;\">Pramoninis diskinis stabdys su suportu, kuris veikia tiesiogiai ant trosinio b\u016bgno disko. U\u017etikrina apsaug\u0105 nuo krovinio kritimo ir saugum\u0105, taip pat reaguoja \u012f pavaros veleno l\u016b\u017eim\u0105.<\/span><\/p>\n<ul>\n<li style=\"font-weight: 400;\" aria-level=\"1\"><span style=\"font-weight: 400;\">Tiesioginis veikimas \/ Be svirties perdavimo<\/span><\/li>\n<li style=\"font-weight: 400;\" aria-level=\"1\"><span style=\"font-weight: 400;\">Dyd\u017eiai: SCFH 1-20 iki SCFH 4\u2013400<\/span><\/li>\n<li style=\"font-weight: 400;\" aria-level=\"1\"><span style=\"font-weight: 400;\">Stabd\u017ei\u0173 spaudimo j\u0117ga iki 400 kN vienoje spaudimo sistemoje<\/span><\/li>\n<li style=\"font-weight: 400;\" aria-level=\"1\"><span style=\"font-weight: 400;\">Keli\u0173 spaustuv\u0173 deriniai viename stabd\u017ei\u0173 diske (pvz.: 4 x SCFH-4 = 1600 kN spaudimo j\u0117ga)<\/span><\/li>\n<li style=\"font-weight: 400;\" aria-level=\"1\"><span style=\"font-weight: 400;\">Didelis stabdymo momentas, nepriklausomas nuo sukimosi krypties<\/span><\/li>\n<li style=\"font-weight: 400;\" aria-level=\"1\"><span style=\"font-weight: 400;\">Dvi identi\u0161kos spaustuvo dalys<\/span><\/li>\n<li style=\"font-weight: 400;\" aria-level=\"1\"><span style=\"font-weight: 400;\">Rankinis stabd\u017ei\u0173 kalad\u0117li\u0173 nusid\u0117v\u0117jimo reguliavimas<\/span><\/li>\n<li style=\"font-weight: 400;\" aria-level=\"1\"><span style=\"font-weight: 400;\">Reguliuojamas tarpas nuo 1 mm iki 3 mm<\/span><\/li>\n<li style=\"font-weight: 400;\" aria-level=\"1\"><span style=\"font-weight: 400;\">Visi\u0161kai u\u017edara hidraulin\u0117 sistema<\/span><\/li>\n<li style=\"font-weight: 400;\" aria-level=\"1\"><span style=\"font-weight: 400;\">Standartin\u0117s ma\u017eai d\u0117vin\u010dios sintetin\u0117s stabd\u017ei\u0173 kalad\u0117l\u0117s<\/span><\/li>\n<\/ul>\n","protected":false},"featured_media":1260065072,"template":"","meta":[],"product_brand":[],"product_cat":[1712],"product_tag":[],"class_list":{"0":"post-1260065569","1":"product","2":"type-product","3":"status-publish","4":"has-post-thumbnail","6":"product_cat-pramoniniai-diskiniai-ir-bugniniai-stabdziai","8":"first","9":"instock","10":"shipping-taxable","11":"product-type-simple"},"yoast_head":"<!-- This site is optimized with the Yoast SEO plugin v27.1.1 - https:\/\/yoast.com\/product\/yoast-seo-wordpress\/ -->\n<title>Pramoninis diskinis stabdys su suportu - My industrial<\/title>\n<meta name=\"robots\" content=\"index, follow, max-snippet:-1, max-image-preview:large, max-video-preview:-1\" \/>\n<link rel=\"canonical\" href=\"https:\/\/myindustrial.eu\/lt\/shop\/pramonines-stabdziu-sistemos-ir-pavaru-sustabdymo-komponentai\/pramoniniai-diskiniai-ir-bugniniai-stabdziai\/industrial-caliper-safety-disc-brake\/\" \/>\n<meta property=\"og:locale\" content=\"lt_LT\" \/>\n<meta property=\"og:type\" content=\"article\" \/>\n<meta property=\"og:title\" content=\"Pramoninis diskinis stabdys su suportu - My industrial\" \/>\n<meta property=\"og:description\" content=\"Avarinis diskinis stabdys Tipai SCFH-1, SCFH-2, SCFH-3, SCFH-4  Pramoninis diskinis stabdys su suportu, kuris veikia tiesiogiai ant trosinio b\u016bgno disko. U\u017etikrina apsaug\u0105 nuo krovinio kritimo ir saugum\u0105, taip pat reaguoja \u012f pavaros veleno l\u016b\u017eim\u0105.   Tiesioginis veikimas \/ Be svirties perdavimo  Dyd\u017eiai: SCFH 1-20 iki SCFH 4\u2013400  Stabd\u017ei\u0173 spaudimo j\u0117ga iki 400 kN vienoje spaudimo sistemoje  Keli\u0173 spaustuv\u0173 deriniai viename stabd\u017ei\u0173 diske (pvz.: 4 x SCFH-4 = 1600 kN spaudimo j\u0117ga)  Didelis stabdymo momentas, nepriklausomas nuo sukimosi krypties  Dvi identi\u0161kos spaustuvo dalys  Rankinis stabd\u017ei\u0173 kalad\u0117li\u0173 nusid\u0117v\u0117jimo reguliavimas  Reguliuojamas tarpas nuo 1 mm iki 3 mm  Visi\u0161kai u\u017edara hidraulin\u0117 sistema  Standartin\u0117s ma\u017eai d\u0117vin\u010dios sintetin\u0117s stabd\u017ei\u0173 kalad\u0117l\u0117s\" \/>\n<meta property=\"og:url\" content=\"https:\/\/myindustrial.eu\/lt\/shop\/pramonines-stabdziu-sistemos-ir-pavaru-sustabdymo-komponentai\/pramoniniai-diskiniai-ir-bugniniai-stabdziai\/industrial-caliper-safety-disc-brake\/\" \/>\n<meta property=\"og:site_name\" content=\"My industrial\" \/>\n<meta property=\"article:modified_time\" content=\"2024-12-27T20:35:18+00:00\" \/>\n<meta property=\"og:image\" content=\"https:\/\/myindustrial.eu\/wp-content\/uploads\/2024\/12\/rft_calipersafetybrake-type-scfh-1.webp\" \/>\n\t<meta property=\"og:image:width\" content=\"800\" \/>\n\t<meta property=\"og:image:height\" content=\"800\" \/>\n\t<meta property=\"og:image:type\" content=\"image\/webp\" \/>\n<meta name=\"twitter:card\" content=\"summary_large_image\" \/>\n<script type=\"application\/ld+json\" class=\"yoast-schema-graph\">{\"@context\":\"https:\/\/schema.org\",\"@graph\":[{\"@type\":\"WebPage\",\"@id\":\"https:\/\/myindustrial.eu\/lt\/shop\/pramonines-stabdziu-sistemos-ir-pavaru-sustabdymo-komponentai\/pramoniniai-diskiniai-ir-bugniniai-stabdziai\/industrial-caliper-safety-disc-brake\/\",\"url\":\"https:\/\/myindustrial.eu\/lt\/shop\/pramonines-stabdziu-sistemos-ir-pavaru-sustabdymo-komponentai\/pramoniniai-diskiniai-ir-bugniniai-stabdziai\/industrial-caliper-safety-disc-brake\/\",\"name\":\"Pramoninis diskinis stabdys su suportu - My industrial\",\"isPartOf\":{\"@id\":\"https:\/\/myindustrial.eu\/lt\/#website\"},\"primaryImageOfPage\":{\"@id\":\"https:\/\/myindustrial.eu\/lt\/shop\/pramonines-stabdziu-sistemos-ir-pavaru-sustabdymo-komponentai\/pramoniniai-diskiniai-ir-bugniniai-stabdziai\/industrial-caliper-safety-disc-brake\/#primaryimage\"},\"image\":{\"@id\":\"https:\/\/myindustrial.eu\/lt\/shop\/pramonines-stabdziu-sistemos-ir-pavaru-sustabdymo-komponentai\/pramoniniai-diskiniai-ir-bugniniai-stabdziai\/industrial-caliper-safety-disc-brake\/#primaryimage\"},\"thumbnailUrl\":\"https:\/\/myindustrial.eu\/wp-content\/uploads\/2024\/12\/rft_calipersafetybrake-type-scfh-1.webp\",\"datePublished\":\"2024-12-02T12:21:08+00:00\",\"dateModified\":\"2024-12-27T20:35:18+00:00\",\"breadcrumb\":{\"@id\":\"https:\/\/myindustrial.eu\/lt\/shop\/pramonines-stabdziu-sistemos-ir-pavaru-sustabdymo-komponentai\/pramoniniai-diskiniai-ir-bugniniai-stabdziai\/industrial-caliper-safety-disc-brake\/#breadcrumb\"},\"inLanguage\":\"lt-LT\",\"potentialAction\":[{\"@type\":\"ReadAction\",\"target\":[\"https:\/\/myindustrial.eu\/lt\/shop\/pramonines-stabdziu-sistemos-ir-pavaru-sustabdymo-komponentai\/pramoniniai-diskiniai-ir-bugniniai-stabdziai\/industrial-caliper-safety-disc-brake\/\"]}]},{\"@type\":\"ImageObject\",\"inLanguage\":\"lt-LT\",\"@id\":\"https:\/\/myindustrial.eu\/lt\/shop\/pramonines-stabdziu-sistemos-ir-pavaru-sustabdymo-komponentai\/pramoniniai-diskiniai-ir-bugniniai-stabdziai\/industrial-caliper-safety-disc-brake\/#primaryimage\",\"url\":\"https:\/\/myindustrial.eu\/wp-content\/uploads\/2024\/12\/rft_calipersafetybrake-type-scfh-1.webp\",\"contentUrl\":\"https:\/\/myindustrial.eu\/wp-content\/uploads\/2024\/12\/rft_calipersafetybrake-type-scfh-1.webp\",\"width\":800,\"height\":800},{\"@type\":\"BreadcrumbList\",\"@id\":\"https:\/\/myindustrial.eu\/lt\/shop\/pramonines-stabdziu-sistemos-ir-pavaru-sustabdymo-komponentai\/pramoniniai-diskiniai-ir-bugniniai-stabdziai\/industrial-caliper-safety-disc-brake\/#breadcrumb\",\"itemListElement\":[{\"@type\":\"ListItem\",\"position\":1,\"name\":\"Home\",\"item\":\"https:\/\/myindustrial.eu\/lt\/\"},{\"@type\":\"ListItem\",\"position\":2,\"name\":\"Products\",\"item\":\"https:\/\/myindustrial.eu\/lt\/products\/\"},{\"@type\":\"ListItem\",\"position\":3,\"name\":\"Pramoninis diskinis stabdys su suportu\"}]},{\"@type\":\"WebSite\",\"@id\":\"https:\/\/myindustrial.eu\/lt\/#website\",\"url\":\"https:\/\/myindustrial.eu\/lt\/\",\"name\":\"My industrial\",\"description\":\"\",\"potentialAction\":[{\"@type\":\"SearchAction\",\"target\":{\"@type\":\"EntryPoint\",\"urlTemplate\":\"https:\/\/myindustrial.eu\/lt\/?s={search_term_string}\"},\"query-input\":{\"@type\":\"PropertyValueSpecification\",\"valueRequired\":true,\"valueName\":\"search_term_string\"}}],\"inLanguage\":\"lt-LT\"}]}<\/script>\n<!-- \/ Yoast SEO plugin. -->","yoast_head_json":{"title":"Pramoninis diskinis stabdys su suportu - My industrial","robots":{"index":"index","follow":"follow","max-snippet":"max-snippet:-1","max-image-preview":"max-image-preview:large","max-video-preview":"max-video-preview:-1"},"canonical":"https:\/\/myindustrial.eu\/lt\/shop\/pramonines-stabdziu-sistemos-ir-pavaru-sustabdymo-komponentai\/pramoniniai-diskiniai-ir-bugniniai-stabdziai\/industrial-caliper-safety-disc-brake\/","og_locale":"lt_LT","og_type":"article","og_title":"Pramoninis diskinis stabdys su suportu - My industrial","og_description":"Avarinis diskinis stabdys Tipai SCFH-1, SCFH-2, SCFH-3, SCFH-4  Pramoninis diskinis stabdys su suportu, kuris veikia tiesiogiai ant trosinio b\u016bgno disko. U\u017etikrina apsaug\u0105 nuo krovinio kritimo ir saugum\u0105, taip pat reaguoja \u012f pavaros veleno l\u016b\u017eim\u0105.   Tiesioginis veikimas \/ Be svirties perdavimo  Dyd\u017eiai: SCFH 1-20 iki SCFH 4\u2013400  Stabd\u017ei\u0173 spaudimo j\u0117ga iki 400 kN vienoje spaudimo sistemoje  Keli\u0173 spaustuv\u0173 deriniai viename stabd\u017ei\u0173 diske (pvz.: 4 x SCFH-4 = 1600 kN spaudimo j\u0117ga)  Didelis stabdymo momentas, nepriklausomas nuo sukimosi krypties  Dvi identi\u0161kos spaustuvo dalys  Rankinis stabd\u017ei\u0173 kalad\u0117li\u0173 nusid\u0117v\u0117jimo reguliavimas  Reguliuojamas tarpas nuo 1 mm iki 3 mm  Visi\u0161kai u\u017edara hidraulin\u0117 sistema  Standartin\u0117s ma\u017eai d\u0117vin\u010dios sintetin\u0117s stabd\u017ei\u0173 kalad\u0117l\u0117s","og_url":"https:\/\/myindustrial.eu\/lt\/shop\/pramonines-stabdziu-sistemos-ir-pavaru-sustabdymo-komponentai\/pramoniniai-diskiniai-ir-bugniniai-stabdziai\/industrial-caliper-safety-disc-brake\/","og_site_name":"My industrial","article_modified_time":"2024-12-27T20:35:18+00:00","og_image":[{"width":800,"height":800,"url":"https:\/\/myindustrial.eu\/wp-content\/uploads\/2024\/12\/rft_calipersafetybrake-type-scfh-1.webp","type":"image\/webp"}],"twitter_card":"summary_large_image","schema":{"@context":"https:\/\/schema.org","@graph":[{"@type":"WebPage","@id":"https:\/\/myindustrial.eu\/lt\/shop\/pramonines-stabdziu-sistemos-ir-pavaru-sustabdymo-komponentai\/pramoniniai-diskiniai-ir-bugniniai-stabdziai\/industrial-caliper-safety-disc-brake\/","url":"https:\/\/myindustrial.eu\/lt\/shop\/pramonines-stabdziu-sistemos-ir-pavaru-sustabdymo-komponentai\/pramoniniai-diskiniai-ir-bugniniai-stabdziai\/industrial-caliper-safety-disc-brake\/","name":"Pramoninis diskinis stabdys su suportu - My industrial","isPartOf":{"@id":"https:\/\/myindustrial.eu\/lt\/#website"},"primaryImageOfPage":{"@id":"https:\/\/myindustrial.eu\/lt\/shop\/pramonines-stabdziu-sistemos-ir-pavaru-sustabdymo-komponentai\/pramoniniai-diskiniai-ir-bugniniai-stabdziai\/industrial-caliper-safety-disc-brake\/#primaryimage"},"image":{"@id":"https:\/\/myindustrial.eu\/lt\/shop\/pramonines-stabdziu-sistemos-ir-pavaru-sustabdymo-komponentai\/pramoniniai-diskiniai-ir-bugniniai-stabdziai\/industrial-caliper-safety-disc-brake\/#primaryimage"},"thumbnailUrl":"https:\/\/myindustrial.eu\/wp-content\/uploads\/2024\/12\/rft_calipersafetybrake-type-scfh-1.webp","datePublished":"2024-12-02T12:21:08+00:00","dateModified":"2024-12-27T20:35:18+00:00","breadcrumb":{"@id":"https:\/\/myindustrial.eu\/lt\/shop\/pramonines-stabdziu-sistemos-ir-pavaru-sustabdymo-komponentai\/pramoniniai-diskiniai-ir-bugniniai-stabdziai\/industrial-caliper-safety-disc-brake\/#breadcrumb"},"inLanguage":"lt-LT","potentialAction":[{"@type":"ReadAction","target":["https:\/\/myindustrial.eu\/lt\/shop\/pramonines-stabdziu-sistemos-ir-pavaru-sustabdymo-komponentai\/pramoniniai-diskiniai-ir-bugniniai-stabdziai\/industrial-caliper-safety-disc-brake\/"]}]},{"@type":"ImageObject","inLanguage":"lt-LT","@id":"https:\/\/myindustrial.eu\/lt\/shop\/pramonines-stabdziu-sistemos-ir-pavaru-sustabdymo-komponentai\/pramoniniai-diskiniai-ir-bugniniai-stabdziai\/industrial-caliper-safety-disc-brake\/#primaryimage","url":"https:\/\/myindustrial.eu\/wp-content\/uploads\/2024\/12\/rft_calipersafetybrake-type-scfh-1.webp","contentUrl":"https:\/\/myindustrial.eu\/wp-content\/uploads\/2024\/12\/rft_calipersafetybrake-type-scfh-1.webp","width":800,"height":800},{"@type":"BreadcrumbList","@id":"https:\/\/myindustrial.eu\/lt\/shop\/pramonines-stabdziu-sistemos-ir-pavaru-sustabdymo-komponentai\/pramoniniai-diskiniai-ir-bugniniai-stabdziai\/industrial-caliper-safety-disc-brake\/#breadcrumb","itemListElement":[{"@type":"ListItem","position":1,"name":"Home","item":"https:\/\/myindustrial.eu\/lt\/"},{"@type":"ListItem","position":2,"name":"Products","item":"https:\/\/myindustrial.eu\/lt\/products\/"},{"@type":"ListItem","position":3,"name":"Pramoninis diskinis stabdys su suportu"}]},{"@type":"WebSite","@id":"https:\/\/myindustrial.eu\/lt\/#website","url":"https:\/\/myindustrial.eu\/lt\/","name":"My industrial","description":"","potentialAction":[{"@type":"SearchAction","target":{"@type":"EntryPoint","urlTemplate":"https:\/\/myindustrial.eu\/lt\/?s={search_term_string}"},"query-input":{"@type":"PropertyValueSpecification","valueRequired":true,"valueName":"search_term_string"}}],"inLanguage":"lt-LT"}]}},"_links":{"self":[{"href":"https:\/\/myindustrial.eu\/lt\/wp-json\/wp\/v2\/product\/1260065569","targetHints":{"allow":["GET"]}}],"collection":[{"href":"https:\/\/myindustrial.eu\/lt\/wp-json\/wp\/v2\/product"}],"about":[{"href":"https:\/\/myindustrial.eu\/lt\/wp-json\/wp\/v2\/types\/product"}],"version-history":[{"count":1,"href":"https:\/\/myindustrial.eu\/lt\/wp-json\/wp\/v2\/product\/1260065569\/revisions"}],"predecessor-version":[{"id":1260065570,"href":"https:\/\/myindustrial.eu\/lt\/wp-json\/wp\/v2\/product\/1260065569\/revisions\/1260065570"}],"wp:featuredmedia":[{"embeddable":true,"href":"https:\/\/myindustrial.eu\/lt\/wp-json\/wp\/v2\/media\/1260065072"}],"wp:attachment":[{"href":"https:\/\/myindustrial.eu\/lt\/wp-json\/wp\/v2\/media?parent=1260065569"}],"wp:term":[{"taxonomy":"product_brand","embeddable":true,"href":"https:\/\/myindustrial.eu\/lt\/wp-json\/wp\/v2\/product_brand?post=1260065569"},{"taxonomy":"product_cat","embeddable":true,"href":"https:\/\/myindustrial.eu\/lt\/wp-json\/wp\/v2\/product_cat?post=1260065569"},{"taxonomy":"product_tag","embeddable":true,"href":"https:\/\/myindustrial.eu\/lt\/wp-json\/wp\/v2\/product_tag?post=1260065569"}],"curies":[{"name":"wp","href":"https:\/\/api.w.org\/{rel}","templated":true}]}}