{"id":1260065586,"date":"2024-12-02T12:28:07","date_gmt":"2024-12-02T12:28:07","guid":{"rendered":"https:\/\/myindustrial.eu\/shop\/be-kategorijos\/industrial-drum-brakes-for-bridges-sluices\/"},"modified":"2024-12-27T21:12:29","modified_gmt":"2024-12-27T21:12:29","slug":"industrial-drum-brakes-for-bridges-sluices","status":"publish","type":"product","link":"https:\/\/myindustrial.eu\/lt\/shop\/pramonines-stabdziu-sistemos-ir-pavaru-sustabdymo-komponentai\/pramoniniai-diskiniai-ir-bugniniai-stabdziai\/industrial-drum-brakes-for-bridges-sluices\/","title":{"rendered":"Pramoniniai b\u016bgniniai stabd\u017eiai tiltams ir \u0161liuzams"},"content":{"rendered":"<p><b>Ypatyb\u0117s<\/b><\/p>\n<p><span style=\"font-weight: 400;\">Kad b\u016bt\u0173 \u012fgyvendinti specifiniai RWS stabd\u017ei\u0173 saugos kriterijai, pateikiamos \u0161ios papildomos funkcijos:<\/span><\/p>\n<ul>\n<li style=\"font-weight: 400;\" aria-level=\"1\"><span style=\"font-weight: 400;\">2 ribiniai jungikliai: \u201estabdys atidarytas\u201c, \u201estabdys u\u017edarytas\u201c<\/span><\/li>\n<li style=\"font-weight: 400;\" aria-level=\"1\"><span style=\"font-weight: 400;\">Ekscentrinis rankinis k\u0117limo \u012ftaisas<\/span><\/li>\n<li style=\"font-weight: 400;\" aria-level=\"1\"><span style=\"font-weight: 400;\">Galimyb\u0117 \u012frengti \u0161ildymo element\u0105<\/span><\/li>\n<li style=\"font-weight: 400;\" aria-level=\"1\"><span style=\"font-weight: 400;\">Visi kai\u0161\u010diai pagaminti i\u0161 ner\u016bdijan\u010dio plieno, su tepimo \u012fvor\u0117mis svarbiausiems jungimo ta\u0161kams<\/span><\/li>\n<li style=\"font-weight: 400;\" aria-level=\"1\"><span style=\"font-weight: 400;\">Reguliuojamas stabdymo momentas<\/span><\/li>\n<li style=\"font-weight: 400;\" aria-level=\"1\"><span style=\"font-weight: 400;\">Organin\u0117s stabd\u017ei\u0173 kalad\u0117l\u0117s (klijuotos), trinties koeficientas \u03bc = 0,4<\/span><\/li>\n<li style=\"font-weight: 400;\" aria-level=\"1\"><span style=\"font-weight: 400;\">Dvikomponentis padengimas \/ standartinis da\u017eymas RAL 7024<\/span><\/li>\n<\/ul>\n<p><b>Konstrukcijos<\/b><\/p>\n<ul>\n<li style=\"font-weight: 400;\" aria-level=\"1\"><span style=\"font-weight: 400;\">Konstrukcija 1: Tipas RWS-RT<\/span><span style=\"font-weight: 400;\"><br \/>\n<\/span><span style=\"font-weight: 400;\">Vienos spyruokl\u0117s sistema su sinchroniniu k\u0117limo mechanizmu<\/span><\/li>\n<li style=\"font-weight: 400;\" aria-level=\"1\"><span style=\"font-weight: 400;\">Konstrukcija 2: Tipas RWS-RT2F<\/span><span style=\"font-weight: 400;\"><br \/>\n<\/span><span style=\"font-weight: 400;\">Dviej\u0173 spyruokli\u0173 sistema su sinchroniniu k\u0117limo mechanizmu. Pirmoji spyruokl\u0117 naudojama skland\u017eiai sustabdyti judan\u010di\u0105 sistem\u0105. Antroji spyruokl\u0117 v\u0117liau u\u017etikrina sistemos laikym\u0105 didesniu momentu, apsaugodama nuo nepageidaujamo jud\u0117jimo.<\/span><\/li>\n<\/ul>\n<p><b>Techniniai privalumai<\/b><\/p>\n<ul>\n<li style=\"font-weight: 400;\" aria-level=\"1\"><span style=\"font-weight: 400;\">Antroji v\u0117luojanti stabd\u017ei\u0173 spyruokl\u0117 RWS-RT2F tipe padeda i\u0161vengti nepageidaujamo nusileidimo situacij\u0173 tiltams ir \u0161liuzams.<\/span><\/li>\n<\/ul>\n","protected":false},"excerpt":{"rendered":"<p><b>Tipai RWS-RT, RWS-RT2F<\/b><\/p>\n<p><span style=\"font-weight: 400;\">RWS serijos stabd\u017eiai turi papildom\u0173 funkcij\u0173, palyginti su standartiniais b\u016bgniniais stabd\u017eiais pagal DIN 15435, siekiant padidinti saugum\u0105 stabdymo metu. Tinka naudoti tiltams, pakeliamiems tiltams ir \u0161liuz\u0173 vartams.<\/span><\/p>\n<ul>\n<li style=\"font-weight: 400;\" aria-level=\"1\"><span style=\"font-weight: 400;\">Montavimo matmenys pagal DIN 15435<\/span><\/li>\n<li style=\"font-weight: 400;\" aria-level=\"1\"><span style=\"font-weight: 400;\">Standartinis veikimas su st\u016bmikliu<\/span><\/li>\n<li style=\"font-weight: 400;\" aria-level=\"1\"><span style=\"font-weight: 400;\">Vienos arba dviej\u0173 spyruokli\u0173 stabd\u017ei\u0173 sistema. Dviej\u0173 pakop\u0173 stabdymas \/ v\u0117luojantis stabdymas naudojant antr\u0105j\u0105 spyruokl\u0119<\/span><\/li>\n<li style=\"font-weight: 400;\" aria-level=\"1\"><span style=\"font-weight: 400;\">Sinchroninis k\u0117limo mechanizmas (SLM): automati\u0161kai u\u017etikrina vienod\u0105 tarp\u0105 tarp stabd\u017ei\u0173 kalad\u0117l\u0117s ir b\u016bgno<\/span><\/li>\n<li style=\"font-weight: 400;\" aria-level=\"1\"><span style=\"font-weight: 400;\">Reguliuojamas stabdymo momentas<\/span><\/li>\n<li style=\"font-weight: 400;\" aria-level=\"1\"><span style=\"font-weight: 400;\">Automati\u0161kai \u012fsijungia dingus elektros tiekimui<\/span><\/li>\n<li style=\"font-weight: 400;\" aria-level=\"1\"><span style=\"font-weight: 400;\">Stabdymo momentai: iki 5 000 Nm (standartin\u0117 versija)<\/span><\/li>\n<li style=\"font-weight: 400;\" aria-level=\"1\"><span style=\"font-weight: 400;\">DIN standartiniai dyd\u017eiai \u00d8: 200, 250, 315, 400L, 400V, 500<\/span><\/li>\n<\/ul>\n","protected":false},"featured_media":1260065089,"template":"","meta":[],"product_brand":[],"product_cat":[1712],"product_tag":[],"class_list":{"0":"post-1260065586","1":"product","2":"type-product","3":"status-publish","4":"has-post-thumbnail","6":"product_cat-pramoniniai-diskiniai-ir-bugniniai-stabdziai","8":"first","9":"instock","10":"shipping-taxable","11":"product-type-simple"},"yoast_head":"<!-- This site is optimized with the Yoast SEO plugin v27.1.1 - https:\/\/yoast.com\/product\/yoast-seo-wordpress\/ -->\n<title>Pramoniniai b\u016bgniniai stabd\u017eiai tiltams ir \u0161liuzams - My industrial<\/title>\n<meta name=\"robots\" content=\"index, follow, max-snippet:-1, max-image-preview:large, max-video-preview:-1\" \/>\n<link rel=\"canonical\" href=\"https:\/\/myindustrial.eu\/lt\/shop\/pramonines-stabdziu-sistemos-ir-pavaru-sustabdymo-komponentai\/pramoniniai-diskiniai-ir-bugniniai-stabdziai\/industrial-drum-brakes-for-bridges-sluices\/\" \/>\n<meta property=\"og:locale\" content=\"lt_LT\" \/>\n<meta property=\"og:type\" content=\"article\" \/>\n<meta property=\"og:title\" content=\"Pramoniniai b\u016bgniniai stabd\u017eiai tiltams ir \u0161liuzams - My industrial\" \/>\n<meta property=\"og:description\" content=\"Tipai RWS-RT, RWS-RT2F  RWS serijos stabd\u017eiai turi papildom\u0173 funkcij\u0173, palyginti su standartiniais b\u016bgniniais stabd\u017eiais pagal DIN 15435, siekiant padidinti saugum\u0105 stabdymo metu. Tinka naudoti tiltams, pakeliamiems tiltams ir \u0161liuz\u0173 vartams.   Montavimo matmenys pagal DIN 15435  Standartinis veikimas su st\u016bmikliu  Vienos arba dviej\u0173 spyruokli\u0173 stabd\u017ei\u0173 sistema. Dviej\u0173 pakop\u0173 stabdymas \/ v\u0117luojantis stabdymas naudojant antr\u0105j\u0105 spyruokl\u0119  Sinchroninis k\u0117limo mechanizmas (SLM): automati\u0161kai u\u017etikrina vienod\u0105 tarp\u0105 tarp stabd\u017ei\u0173 kalad\u0117l\u0117s ir b\u016bgno  Reguliuojamas stabdymo momentas  Automati\u0161kai \u012fsijungia dingus elektros tiekimui  Stabdymo momentai: iki 5 000 Nm (standartin\u0117 versija)  DIN standartiniai dyd\u017eiai \u00d8: 200, 250, 315, 400L, 400V, 500\" \/>\n<meta property=\"og:url\" content=\"https:\/\/myindustrial.eu\/lt\/shop\/pramonines-stabdziu-sistemos-ir-pavaru-sustabdymo-komponentai\/pramoniniai-diskiniai-ir-bugniniai-stabdziai\/industrial-drum-brakes-for-bridges-sluices\/\" \/>\n<meta property=\"og:site_name\" content=\"My industrial\" \/>\n<meta property=\"article:modified_time\" content=\"2024-12-27T21:12:29+00:00\" \/>\n<meta property=\"og:image\" content=\"https:\/\/myindustrial.eu\/wp-content\/uploads\/2024\/12\/rws-preview.webp\" \/>\n\t<meta property=\"og:image:width\" content=\"800\" \/>\n\t<meta property=\"og:image:height\" content=\"800\" \/>\n\t<meta property=\"og:image:type\" content=\"image\/webp\" \/>\n<meta name=\"twitter:card\" content=\"summary_large_image\" \/>\n<script type=\"application\/ld+json\" class=\"yoast-schema-graph\">{\"@context\":\"https:\/\/schema.org\",\"@graph\":[{\"@type\":\"WebPage\",\"@id\":\"https:\/\/myindustrial.eu\/lt\/shop\/pramonines-stabdziu-sistemos-ir-pavaru-sustabdymo-komponentai\/pramoniniai-diskiniai-ir-bugniniai-stabdziai\/industrial-drum-brakes-for-bridges-sluices\/\",\"url\":\"https:\/\/myindustrial.eu\/lt\/shop\/pramonines-stabdziu-sistemos-ir-pavaru-sustabdymo-komponentai\/pramoniniai-diskiniai-ir-bugniniai-stabdziai\/industrial-drum-brakes-for-bridges-sluices\/\",\"name\":\"Pramoniniai b\u016bgniniai stabd\u017eiai tiltams ir \u0161liuzams - My industrial\",\"isPartOf\":{\"@id\":\"https:\/\/myindustrial.eu\/lt\/#website\"},\"primaryImageOfPage\":{\"@id\":\"https:\/\/myindustrial.eu\/lt\/shop\/pramonines-stabdziu-sistemos-ir-pavaru-sustabdymo-komponentai\/pramoniniai-diskiniai-ir-bugniniai-stabdziai\/industrial-drum-brakes-for-bridges-sluices\/#primaryimage\"},\"image\":{\"@id\":\"https:\/\/myindustrial.eu\/lt\/shop\/pramonines-stabdziu-sistemos-ir-pavaru-sustabdymo-komponentai\/pramoniniai-diskiniai-ir-bugniniai-stabdziai\/industrial-drum-brakes-for-bridges-sluices\/#primaryimage\"},\"thumbnailUrl\":\"https:\/\/myindustrial.eu\/wp-content\/uploads\/2024\/12\/rws-preview.webp\",\"datePublished\":\"2024-12-02T12:28:07+00:00\",\"dateModified\":\"2024-12-27T21:12:29+00:00\",\"breadcrumb\":{\"@id\":\"https:\/\/myindustrial.eu\/lt\/shop\/pramonines-stabdziu-sistemos-ir-pavaru-sustabdymo-komponentai\/pramoniniai-diskiniai-ir-bugniniai-stabdziai\/industrial-drum-brakes-for-bridges-sluices\/#breadcrumb\"},\"inLanguage\":\"lt-LT\",\"potentialAction\":[{\"@type\":\"ReadAction\",\"target\":[\"https:\/\/myindustrial.eu\/lt\/shop\/pramonines-stabdziu-sistemos-ir-pavaru-sustabdymo-komponentai\/pramoniniai-diskiniai-ir-bugniniai-stabdziai\/industrial-drum-brakes-for-bridges-sluices\/\"]}]},{\"@type\":\"ImageObject\",\"inLanguage\":\"lt-LT\",\"@id\":\"https:\/\/myindustrial.eu\/lt\/shop\/pramonines-stabdziu-sistemos-ir-pavaru-sustabdymo-komponentai\/pramoniniai-diskiniai-ir-bugniniai-stabdziai\/industrial-drum-brakes-for-bridges-sluices\/#primaryimage\",\"url\":\"https:\/\/myindustrial.eu\/wp-content\/uploads\/2024\/12\/rws-preview.webp\",\"contentUrl\":\"https:\/\/myindustrial.eu\/wp-content\/uploads\/2024\/12\/rws-preview.webp\",\"width\":800,\"height\":800},{\"@type\":\"BreadcrumbList\",\"@id\":\"https:\/\/myindustrial.eu\/lt\/shop\/pramonines-stabdziu-sistemos-ir-pavaru-sustabdymo-komponentai\/pramoniniai-diskiniai-ir-bugniniai-stabdziai\/industrial-drum-brakes-for-bridges-sluices\/#breadcrumb\",\"itemListElement\":[{\"@type\":\"ListItem\",\"position\":1,\"name\":\"Home\",\"item\":\"https:\/\/myindustrial.eu\/lt\/\"},{\"@type\":\"ListItem\",\"position\":2,\"name\":\"Products\",\"item\":\"https:\/\/myindustrial.eu\/lt\/products\/\"},{\"@type\":\"ListItem\",\"position\":3,\"name\":\"Pramoniniai b\u016bgniniai stabd\u017eiai tiltams ir \u0161liuzams\"}]},{\"@type\":\"WebSite\",\"@id\":\"https:\/\/myindustrial.eu\/lt\/#website\",\"url\":\"https:\/\/myindustrial.eu\/lt\/\",\"name\":\"My industrial\",\"description\":\"\",\"potentialAction\":[{\"@type\":\"SearchAction\",\"target\":{\"@type\":\"EntryPoint\",\"urlTemplate\":\"https:\/\/myindustrial.eu\/lt\/?s={search_term_string}\"},\"query-input\":{\"@type\":\"PropertyValueSpecification\",\"valueRequired\":true,\"valueName\":\"search_term_string\"}}],\"inLanguage\":\"lt-LT\"}]}<\/script>\n<!-- \/ Yoast SEO plugin. -->","yoast_head_json":{"title":"Pramoniniai b\u016bgniniai stabd\u017eiai tiltams ir \u0161liuzams - My industrial","robots":{"index":"index","follow":"follow","max-snippet":"max-snippet:-1","max-image-preview":"max-image-preview:large","max-video-preview":"max-video-preview:-1"},"canonical":"https:\/\/myindustrial.eu\/lt\/shop\/pramonines-stabdziu-sistemos-ir-pavaru-sustabdymo-komponentai\/pramoniniai-diskiniai-ir-bugniniai-stabdziai\/industrial-drum-brakes-for-bridges-sluices\/","og_locale":"lt_LT","og_type":"article","og_title":"Pramoniniai b\u016bgniniai stabd\u017eiai tiltams ir \u0161liuzams - My industrial","og_description":"Tipai RWS-RT, RWS-RT2F  RWS serijos stabd\u017eiai turi papildom\u0173 funkcij\u0173, palyginti su standartiniais b\u016bgniniais stabd\u017eiais pagal DIN 15435, siekiant padidinti saugum\u0105 stabdymo metu. Tinka naudoti tiltams, pakeliamiems tiltams ir \u0161liuz\u0173 vartams.   Montavimo matmenys pagal DIN 15435  Standartinis veikimas su st\u016bmikliu  Vienos arba dviej\u0173 spyruokli\u0173 stabd\u017ei\u0173 sistema. Dviej\u0173 pakop\u0173 stabdymas \/ v\u0117luojantis stabdymas naudojant antr\u0105j\u0105 spyruokl\u0119  Sinchroninis k\u0117limo mechanizmas (SLM): automati\u0161kai u\u017etikrina vienod\u0105 tarp\u0105 tarp stabd\u017ei\u0173 kalad\u0117l\u0117s ir b\u016bgno  Reguliuojamas stabdymo momentas  Automati\u0161kai \u012fsijungia dingus elektros tiekimui  Stabdymo momentai: iki 5 000 Nm (standartin\u0117 versija)  DIN standartiniai dyd\u017eiai \u00d8: 200, 250, 315, 400L, 400V, 500","og_url":"https:\/\/myindustrial.eu\/lt\/shop\/pramonines-stabdziu-sistemos-ir-pavaru-sustabdymo-komponentai\/pramoniniai-diskiniai-ir-bugniniai-stabdziai\/industrial-drum-brakes-for-bridges-sluices\/","og_site_name":"My industrial","article_modified_time":"2024-12-27T21:12:29+00:00","og_image":[{"width":800,"height":800,"url":"https:\/\/myindustrial.eu\/wp-content\/uploads\/2024\/12\/rws-preview.webp","type":"image\/webp"}],"twitter_card":"summary_large_image","schema":{"@context":"https:\/\/schema.org","@graph":[{"@type":"WebPage","@id":"https:\/\/myindustrial.eu\/lt\/shop\/pramonines-stabdziu-sistemos-ir-pavaru-sustabdymo-komponentai\/pramoniniai-diskiniai-ir-bugniniai-stabdziai\/industrial-drum-brakes-for-bridges-sluices\/","url":"https:\/\/myindustrial.eu\/lt\/shop\/pramonines-stabdziu-sistemos-ir-pavaru-sustabdymo-komponentai\/pramoniniai-diskiniai-ir-bugniniai-stabdziai\/industrial-drum-brakes-for-bridges-sluices\/","name":"Pramoniniai b\u016bgniniai stabd\u017eiai tiltams ir \u0161liuzams - My industrial","isPartOf":{"@id":"https:\/\/myindustrial.eu\/lt\/#website"},"primaryImageOfPage":{"@id":"https:\/\/myindustrial.eu\/lt\/shop\/pramonines-stabdziu-sistemos-ir-pavaru-sustabdymo-komponentai\/pramoniniai-diskiniai-ir-bugniniai-stabdziai\/industrial-drum-brakes-for-bridges-sluices\/#primaryimage"},"image":{"@id":"https:\/\/myindustrial.eu\/lt\/shop\/pramonines-stabdziu-sistemos-ir-pavaru-sustabdymo-komponentai\/pramoniniai-diskiniai-ir-bugniniai-stabdziai\/industrial-drum-brakes-for-bridges-sluices\/#primaryimage"},"thumbnailUrl":"https:\/\/myindustrial.eu\/wp-content\/uploads\/2024\/12\/rws-preview.webp","datePublished":"2024-12-02T12:28:07+00:00","dateModified":"2024-12-27T21:12:29+00:00","breadcrumb":{"@id":"https:\/\/myindustrial.eu\/lt\/shop\/pramonines-stabdziu-sistemos-ir-pavaru-sustabdymo-komponentai\/pramoniniai-diskiniai-ir-bugniniai-stabdziai\/industrial-drum-brakes-for-bridges-sluices\/#breadcrumb"},"inLanguage":"lt-LT","potentialAction":[{"@type":"ReadAction","target":["https:\/\/myindustrial.eu\/lt\/shop\/pramonines-stabdziu-sistemos-ir-pavaru-sustabdymo-komponentai\/pramoniniai-diskiniai-ir-bugniniai-stabdziai\/industrial-drum-brakes-for-bridges-sluices\/"]}]},{"@type":"ImageObject","inLanguage":"lt-LT","@id":"https:\/\/myindustrial.eu\/lt\/shop\/pramonines-stabdziu-sistemos-ir-pavaru-sustabdymo-komponentai\/pramoniniai-diskiniai-ir-bugniniai-stabdziai\/industrial-drum-brakes-for-bridges-sluices\/#primaryimage","url":"https:\/\/myindustrial.eu\/wp-content\/uploads\/2024\/12\/rws-preview.webp","contentUrl":"https:\/\/myindustrial.eu\/wp-content\/uploads\/2024\/12\/rws-preview.webp","width":800,"height":800},{"@type":"BreadcrumbList","@id":"https:\/\/myindustrial.eu\/lt\/shop\/pramonines-stabdziu-sistemos-ir-pavaru-sustabdymo-komponentai\/pramoniniai-diskiniai-ir-bugniniai-stabdziai\/industrial-drum-brakes-for-bridges-sluices\/#breadcrumb","itemListElement":[{"@type":"ListItem","position":1,"name":"Home","item":"https:\/\/myindustrial.eu\/lt\/"},{"@type":"ListItem","position":2,"name":"Products","item":"https:\/\/myindustrial.eu\/lt\/products\/"},{"@type":"ListItem","position":3,"name":"Pramoniniai b\u016bgniniai stabd\u017eiai tiltams ir \u0161liuzams"}]},{"@type":"WebSite","@id":"https:\/\/myindustrial.eu\/lt\/#website","url":"https:\/\/myindustrial.eu\/lt\/","name":"My industrial","description":"","potentialAction":[{"@type":"SearchAction","target":{"@type":"EntryPoint","urlTemplate":"https:\/\/myindustrial.eu\/lt\/?s={search_term_string}"},"query-input":{"@type":"PropertyValueSpecification","valueRequired":true,"valueName":"search_term_string"}}],"inLanguage":"lt-LT"}]}},"_links":{"self":[{"href":"https:\/\/myindustrial.eu\/lt\/wp-json\/wp\/v2\/product\/1260065586","targetHints":{"allow":["GET"]}}],"collection":[{"href":"https:\/\/myindustrial.eu\/lt\/wp-json\/wp\/v2\/product"}],"about":[{"href":"https:\/\/myindustrial.eu\/lt\/wp-json\/wp\/v2\/types\/product"}],"version-history":[{"count":0,"href":"https:\/\/myindustrial.eu\/lt\/wp-json\/wp\/v2\/product\/1260065586\/revisions"}],"wp:featuredmedia":[{"embeddable":true,"href":"https:\/\/myindustrial.eu\/lt\/wp-json\/wp\/v2\/media\/1260065089"}],"wp:attachment":[{"href":"https:\/\/myindustrial.eu\/lt\/wp-json\/wp\/v2\/media?parent=1260065586"}],"wp:term":[{"taxonomy":"product_brand","embeddable":true,"href":"https:\/\/myindustrial.eu\/lt\/wp-json\/wp\/v2\/product_brand?post=1260065586"},{"taxonomy":"product_cat","embeddable":true,"href":"https:\/\/myindustrial.eu\/lt\/wp-json\/wp\/v2\/product_cat?post=1260065586"},{"taxonomy":"product_tag","embeddable":true,"href":"https:\/\/myindustrial.eu\/lt\/wp-json\/wp\/v2\/product_tag?post=1260065586"}],"curies":[{"name":"wp","href":"https:\/\/api.w.org\/{rel}","templated":true}]}}