{"id":1260065626,"date":"2024-12-02T12:46:29","date_gmt":"2024-12-02T12:46:29","guid":{"rendered":"https:\/\/myindustrial.eu\/shop\/be-kategorijos\/storm-brake-rail-clamp-with-lifting-and-positioning-fun\/"},"modified":"2024-12-27T22:48:32","modified_gmt":"2024-12-27T22:48:32","slug":"storm-brake-rail-clamp-with-lifting-and-positioning-fun","status":"publish","type":"product","link":"https:\/\/myindustrial.eu\/lt\/shop\/pramonines-stabdziu-sistemos-ir-pavaru-sustabdymo-komponentai\/storiniai-audros-stabdziai\/storm-brake-rail-clamp-with-lifting-and-positioning-fun\/","title":{"rendered":"Audros stabdis \/ b\u0117gi\u0173 spaustukas su k\u0117limo ir pad\u0117ties nustatymo funkcija"},"content":{"rendered":"<p><b>Ypatyb\u0117s<\/b><\/p>\n<ul>\n<li style=\"font-weight: 400;\" aria-level=\"1\"><span style=\"font-weight: 400;\">U\u017edarymas spyruokline j\u0117ga naudojant svirties sistem\u0105 \u2013 reguliuojama droseliu<\/span><\/li>\n<li style=\"font-weight: 400;\" aria-level=\"1\"><span style=\"font-weight: 400;\">Atidarymas hidrauliniu cilindru (integruotas hidraulinis galios blokas)<\/span><\/li>\n<li style=\"font-weight: 400;\" aria-level=\"1\"><span style=\"font-weight: 400;\">Rankin\u0117 pompa avariniam valdymui (standartin\u0117 komplektacija)<\/span><\/li>\n<li style=\"font-weight: 400;\" aria-level=\"1\"><span style=\"font-weight: 400;\">Automatin\u0117 u\u017edarymo funkcija elektros tiekimo sutrikimo atveju<\/span><\/li>\n<li style=\"font-weight: 400;\" aria-level=\"1\"><span style=\"font-weight: 400;\">J\u0117gos netekimo \/ laikymo nebuvimas d\u0117l svirties perdavimo, nepriklausomai nuo, pvz., spaustuvo \u017eandikauli\u0173 d\u0117v\u0117jimosi (leistinas dydis)<\/span><\/li>\n<li style=\"font-weight: 400;\" aria-level=\"1\"><span style=\"font-weight: 400;\">Galin\u0117s jungties pad\u0117ties kontrol\u0117s sistema: \u201eSpaustukas atidarytas\u201c, \u201eSpaustukas u\u017edarytas\u201c ir aliarmo signalas \u201ed\u0117v\u0117ti spaustuvo \u017eandikauliai\u201c<\/span><\/li>\n<li style=\"font-weight: 400;\" aria-level=\"1\"><span style=\"font-weight: 400;\">Pad\u0117ties kontrol\u0117s jungiklis \u201eSpaustukas pak\u0117limo pad\u0117tyje \/ krano jud\u0117jimas galimas\u201c<\/span><\/li>\n<li style=\"font-weight: 400;\" aria-level=\"1\"><span style=\"font-weight: 400;\">Vertikalus jud\u0117jimo kompensavimas nuo +40 mm iki \u201320 mm<\/span><\/li>\n<li style=\"font-weight: 400;\" aria-level=\"1\"><span style=\"font-weight: 400;\">\u0160oninis kompensavimas b\u0117gi\u0173 neatitikimams \u00b1 25 mm su integruota \u0161oninio kreipimo sistema nuleidimo metu<\/span><\/li>\n<li style=\"font-weight: 400;\" aria-level=\"1\"><span style=\"font-weight: 400;\">Krano veikimo metu visos spaustuvo dalys yra vir\u0161 b\u0117gi\u0173 sistemos \/ d\u0117l to jokios sudedamosios dalys nesid\u0117vi krano veikimo metu<\/span><\/li>\n<li style=\"font-weight: 400;\" aria-level=\"1\"><span style=\"font-weight: 400;\">Spaustuko kreipiamieji ritin\u0117liai, kaip naudojama standartiniame modelyje VZFH, n\u0117ra integruojami \u012f VZFH-HVZ tip\u0105 (d\u0117v\u0117jimosi ma\u017einimas, suma\u017eintos prie\u017ei\u016bros ir eksploatavimo i\u0161laidos)<\/span><\/li>\n<\/ul>\n<p><b>Techniniai prana\u0161umai<\/b><\/p>\n<ul>\n<li style=\"font-weight: 400;\" aria-level=\"1\"><span style=\"font-weight: 400;\">Ypa\u010d tinkama greitai judan\u010dioms kran\u0173 sistemoms<\/span><\/li>\n<li style=\"font-weight: 400;\" aria-level=\"1\"><span style=\"font-weight: 400;\">Reik\u0161mingai suma\u017eintos prie\u017ei\u016bros \/ eksploatacin\u0117s i\u0161laidos<\/span><\/li>\n<li style=\"font-weight: 400;\" aria-level=\"1\"><span style=\"font-weight: 400;\">N\u0117ra kontakto su b\u0117giu krano jud\u0117jimo metu<\/span><\/li>\n<li style=\"font-weight: 400;\" aria-level=\"1\"><span style=\"font-weight: 400;\">J\u0117gos netekimo \/ laikymo nebuvimas d\u0117l svirties perdavimo (nepriklausomai nuo, pvz., spaustuvo \u017eandikauli\u0173 d\u0117v\u0117jimosi)<\/span><\/li>\n<\/ul>\n","protected":false},"excerpt":{"rendered":"<p><b>Tipas VZFH-HVZ<\/b><\/p>\n<p><b>Patentuota:<\/b><span style=\"font-weight: 400;\"> Audros stabdis \/ b\u0117gi\u0173 spaustukas su integruota k\u0117limo ir pad\u0117ties nustatymo funkcija.<\/span><\/p>\n<ul>\n<li style=\"font-weight: 400;\" aria-level=\"1\"><span style=\"font-weight: 400;\">N\u0117ra kontakto su b\u0117giu, kai kranas juda<\/span><\/li>\n<li style=\"font-weight: 400;\" aria-level=\"1\"><span style=\"font-weight: 400;\">D\u0117l to n\u0117ra spaustuvo \u017eandikauli\u0173 ir kreipian\u010di\u0173j\u0173 ritin\u0117li\u0173 d\u0117v\u0117jimosi krano jud\u0117jimo metu<\/span><\/li>\n<li style=\"font-weight: 400;\" aria-level=\"1\"><span style=\"font-weight: 400;\">Be kreipiam\u0173j\u0173 ritin\u0117li\u0173 spaustuvo kreipimui ant b\u0117gio krano jud\u0117jimo metu<\/span><\/li>\n<li style=\"font-weight: 400;\" aria-level=\"1\"><span style=\"font-weight: 400;\">Vertikali k\u0117limo funkcija<\/span><\/li>\n<li style=\"font-weight: 400;\" aria-level=\"1\"><span style=\"font-weight: 400;\">\u0160oninis pad\u0117ties nustatymas ma\u017eiausiai \u00b1 25 mm. Spaustuvo sistemos nuleidimo \u0161oninio pad\u0117ties nustatymo funkcija (patentuota)<\/span><\/li>\n<li style=\"font-weight: 400;\" aria-level=\"1\"><span style=\"font-weight: 400;\">Ypa\u010d tinka greitai judantiems kranams<\/span><\/li>\n<li style=\"font-weight: 400;\" aria-level=\"1\"><span style=\"font-weight: 400;\">Ypa\u010d tinkama skersiniam jud\u0117jimui<\/span><\/li>\n<li style=\"font-weight: 400;\" aria-level=\"1\"><span style=\"font-weight: 400;\">Iki 840 kN sulaikymo j\u0117ga vienam spaustukui<\/span><\/li>\n<li style=\"font-weight: 400;\" aria-level=\"1\"><span style=\"font-weight: 400;\">Veikia automati\u0161kai nutr\u016bkus elektros tiekimui<\/span><\/li>\n<\/ul>\n","protected":false},"featured_media":1260065156,"template":"","meta":[],"product_brand":[],"product_cat":[1423],"product_tag":[],"class_list":{"0":"post-1260065626","1":"product","2":"type-product","3":"status-publish","4":"has-post-thumbnail","6":"product_cat-storiniai-audros-stabdziai","8":"first","9":"instock","10":"shipping-taxable","11":"product-type-simple"},"yoast_head":"<!-- This site is optimized with the Yoast SEO plugin v27.1.1 - https:\/\/yoast.com\/product\/yoast-seo-wordpress\/ -->\n<title>Audros stabdis \/ b\u0117gi\u0173 spaustukas su k\u0117limo ir pad\u0117ties nustatymo funkcija - My industrial<\/title>\n<meta name=\"robots\" content=\"index, follow, max-snippet:-1, max-image-preview:large, max-video-preview:-1\" \/>\n<link rel=\"canonical\" href=\"https:\/\/myindustrial.eu\/lt\/shop\/pramonines-stabdziu-sistemos-ir-pavaru-sustabdymo-komponentai\/storiniai-audros-stabdziai\/storm-brake-rail-clamp-with-lifting-and-positioning-fun\/\" \/>\n<meta property=\"og:locale\" content=\"lt_LT\" \/>\n<meta property=\"og:type\" content=\"article\" \/>\n<meta property=\"og:title\" content=\"Audros stabdis \/ b\u0117gi\u0173 spaustukas su k\u0117limo ir pad\u0117ties nustatymo funkcija - My industrial\" \/>\n<meta property=\"og:description\" content=\"Tipas VZFH-HVZ  Patentuota: Audros stabdis \/ b\u0117gi\u0173 spaustukas su integruota k\u0117limo ir pad\u0117ties nustatymo funkcija.   N\u0117ra kontakto su b\u0117giu, kai kranas juda  D\u0117l to n\u0117ra spaustuvo \u017eandikauli\u0173 ir kreipian\u010di\u0173j\u0173 ritin\u0117li\u0173 d\u0117v\u0117jimosi krano jud\u0117jimo metu  Be kreipiam\u0173j\u0173 ritin\u0117li\u0173 spaustuvo kreipimui ant b\u0117gio krano jud\u0117jimo metu  Vertikali k\u0117limo funkcija  \u0160oninis pad\u0117ties nustatymas ma\u017eiausiai \u00b1 25 mm. Spaustuvo sistemos nuleidimo \u0161oninio pad\u0117ties nustatymo funkcija (patentuota)  Ypa\u010d tinka greitai judantiems kranams  Ypa\u010d tinkama skersiniam jud\u0117jimui  Iki 840 kN sulaikymo j\u0117ga vienam spaustukui  Veikia automati\u0161kai nutr\u016bkus elektros tiekimui\" \/>\n<meta property=\"og:url\" content=\"https:\/\/myindustrial.eu\/lt\/shop\/pramonines-stabdziu-sistemos-ir-pavaru-sustabdymo-komponentai\/storiniai-audros-stabdziai\/storm-brake-rail-clamp-with-lifting-and-positioning-fun\/\" \/>\n<meta property=\"og:site_name\" content=\"My industrial\" \/>\n<meta property=\"article:modified_time\" content=\"2024-12-27T22:48:32+00:00\" \/>\n<meta property=\"og:image\" content=\"https:\/\/myindustrial.eu\/wp-content\/uploads\/2024\/12\/rft_stormbrake-type-vzfh_hvz.webp\" \/>\n\t<meta property=\"og:image:width\" content=\"800\" \/>\n\t<meta property=\"og:image:height\" content=\"800\" \/>\n\t<meta property=\"og:image:type\" content=\"image\/webp\" \/>\n<meta name=\"twitter:card\" content=\"summary_large_image\" \/>\n<script type=\"application\/ld+json\" class=\"yoast-schema-graph\">{\"@context\":\"https:\/\/schema.org\",\"@graph\":[{\"@type\":\"WebPage\",\"@id\":\"https:\/\/myindustrial.eu\/lt\/shop\/pramonines-stabdziu-sistemos-ir-pavaru-sustabdymo-komponentai\/storiniai-audros-stabdziai\/storm-brake-rail-clamp-with-lifting-and-positioning-fun\/\",\"url\":\"https:\/\/myindustrial.eu\/lt\/shop\/pramonines-stabdziu-sistemos-ir-pavaru-sustabdymo-komponentai\/storiniai-audros-stabdziai\/storm-brake-rail-clamp-with-lifting-and-positioning-fun\/\",\"name\":\"Audros stabdis \/ b\u0117gi\u0173 spaustukas su k\u0117limo ir pad\u0117ties nustatymo funkcija - My industrial\",\"isPartOf\":{\"@id\":\"https:\/\/myindustrial.eu\/lt\/#website\"},\"primaryImageOfPage\":{\"@id\":\"https:\/\/myindustrial.eu\/lt\/shop\/pramonines-stabdziu-sistemos-ir-pavaru-sustabdymo-komponentai\/storiniai-audros-stabdziai\/storm-brake-rail-clamp-with-lifting-and-positioning-fun\/#primaryimage\"},\"image\":{\"@id\":\"https:\/\/myindustrial.eu\/lt\/shop\/pramonines-stabdziu-sistemos-ir-pavaru-sustabdymo-komponentai\/storiniai-audros-stabdziai\/storm-brake-rail-clamp-with-lifting-and-positioning-fun\/#primaryimage\"},\"thumbnailUrl\":\"https:\/\/myindustrial.eu\/wp-content\/uploads\/2024\/12\/rft_stormbrake-type-vzfh_hvz.webp\",\"datePublished\":\"2024-12-02T12:46:29+00:00\",\"dateModified\":\"2024-12-27T22:48:32+00:00\",\"breadcrumb\":{\"@id\":\"https:\/\/myindustrial.eu\/lt\/shop\/pramonines-stabdziu-sistemos-ir-pavaru-sustabdymo-komponentai\/storiniai-audros-stabdziai\/storm-brake-rail-clamp-with-lifting-and-positioning-fun\/#breadcrumb\"},\"inLanguage\":\"lt-LT\",\"potentialAction\":[{\"@type\":\"ReadAction\",\"target\":[\"https:\/\/myindustrial.eu\/lt\/shop\/pramonines-stabdziu-sistemos-ir-pavaru-sustabdymo-komponentai\/storiniai-audros-stabdziai\/storm-brake-rail-clamp-with-lifting-and-positioning-fun\/\"]}]},{\"@type\":\"ImageObject\",\"inLanguage\":\"lt-LT\",\"@id\":\"https:\/\/myindustrial.eu\/lt\/shop\/pramonines-stabdziu-sistemos-ir-pavaru-sustabdymo-komponentai\/storiniai-audros-stabdziai\/storm-brake-rail-clamp-with-lifting-and-positioning-fun\/#primaryimage\",\"url\":\"https:\/\/myindustrial.eu\/wp-content\/uploads\/2024\/12\/rft_stormbrake-type-vzfh_hvz.webp\",\"contentUrl\":\"https:\/\/myindustrial.eu\/wp-content\/uploads\/2024\/12\/rft_stormbrake-type-vzfh_hvz.webp\",\"width\":800,\"height\":800},{\"@type\":\"BreadcrumbList\",\"@id\":\"https:\/\/myindustrial.eu\/lt\/shop\/pramonines-stabdziu-sistemos-ir-pavaru-sustabdymo-komponentai\/storiniai-audros-stabdziai\/storm-brake-rail-clamp-with-lifting-and-positioning-fun\/#breadcrumb\",\"itemListElement\":[{\"@type\":\"ListItem\",\"position\":1,\"name\":\"Home\",\"item\":\"https:\/\/myindustrial.eu\/lt\/\"},{\"@type\":\"ListItem\",\"position\":2,\"name\":\"Products\",\"item\":\"https:\/\/myindustrial.eu\/lt\/products\/\"},{\"@type\":\"ListItem\",\"position\":3,\"name\":\"Audros stabdis \/ b\u0117gi\u0173 spaustukas su k\u0117limo ir pad\u0117ties nustatymo funkcija\"}]},{\"@type\":\"WebSite\",\"@id\":\"https:\/\/myindustrial.eu\/lt\/#website\",\"url\":\"https:\/\/myindustrial.eu\/lt\/\",\"name\":\"My industrial\",\"description\":\"\",\"potentialAction\":[{\"@type\":\"SearchAction\",\"target\":{\"@type\":\"EntryPoint\",\"urlTemplate\":\"https:\/\/myindustrial.eu\/lt\/?s={search_term_string}\"},\"query-input\":{\"@type\":\"PropertyValueSpecification\",\"valueRequired\":true,\"valueName\":\"search_term_string\"}}],\"inLanguage\":\"lt-LT\"}]}<\/script>\n<!-- \/ Yoast SEO plugin. -->","yoast_head_json":{"title":"Audros stabdis \/ b\u0117gi\u0173 spaustukas su k\u0117limo ir pad\u0117ties nustatymo funkcija - My industrial","robots":{"index":"index","follow":"follow","max-snippet":"max-snippet:-1","max-image-preview":"max-image-preview:large","max-video-preview":"max-video-preview:-1"},"canonical":"https:\/\/myindustrial.eu\/lt\/shop\/pramonines-stabdziu-sistemos-ir-pavaru-sustabdymo-komponentai\/storiniai-audros-stabdziai\/storm-brake-rail-clamp-with-lifting-and-positioning-fun\/","og_locale":"lt_LT","og_type":"article","og_title":"Audros stabdis \/ b\u0117gi\u0173 spaustukas su k\u0117limo ir pad\u0117ties nustatymo funkcija - My industrial","og_description":"Tipas VZFH-HVZ  Patentuota: Audros stabdis \/ b\u0117gi\u0173 spaustukas su integruota k\u0117limo ir pad\u0117ties nustatymo funkcija.   N\u0117ra kontakto su b\u0117giu, kai kranas juda  D\u0117l to n\u0117ra spaustuvo \u017eandikauli\u0173 ir kreipian\u010di\u0173j\u0173 ritin\u0117li\u0173 d\u0117v\u0117jimosi krano jud\u0117jimo metu  Be kreipiam\u0173j\u0173 ritin\u0117li\u0173 spaustuvo kreipimui ant b\u0117gio krano jud\u0117jimo metu  Vertikali k\u0117limo funkcija  \u0160oninis pad\u0117ties nustatymas ma\u017eiausiai \u00b1 25 mm. Spaustuvo sistemos nuleidimo \u0161oninio pad\u0117ties nustatymo funkcija (patentuota)  Ypa\u010d tinka greitai judantiems kranams  Ypa\u010d tinkama skersiniam jud\u0117jimui  Iki 840 kN sulaikymo j\u0117ga vienam spaustukui  Veikia automati\u0161kai nutr\u016bkus elektros tiekimui","og_url":"https:\/\/myindustrial.eu\/lt\/shop\/pramonines-stabdziu-sistemos-ir-pavaru-sustabdymo-komponentai\/storiniai-audros-stabdziai\/storm-brake-rail-clamp-with-lifting-and-positioning-fun\/","og_site_name":"My industrial","article_modified_time":"2024-12-27T22:48:32+00:00","og_image":[{"width":800,"height":800,"url":"https:\/\/myindustrial.eu\/wp-content\/uploads\/2024\/12\/rft_stormbrake-type-vzfh_hvz.webp","type":"image\/webp"}],"twitter_card":"summary_large_image","schema":{"@context":"https:\/\/schema.org","@graph":[{"@type":"WebPage","@id":"https:\/\/myindustrial.eu\/lt\/shop\/pramonines-stabdziu-sistemos-ir-pavaru-sustabdymo-komponentai\/storiniai-audros-stabdziai\/storm-brake-rail-clamp-with-lifting-and-positioning-fun\/","url":"https:\/\/myindustrial.eu\/lt\/shop\/pramonines-stabdziu-sistemos-ir-pavaru-sustabdymo-komponentai\/storiniai-audros-stabdziai\/storm-brake-rail-clamp-with-lifting-and-positioning-fun\/","name":"Audros stabdis \/ b\u0117gi\u0173 spaustukas su k\u0117limo ir pad\u0117ties nustatymo funkcija - My industrial","isPartOf":{"@id":"https:\/\/myindustrial.eu\/lt\/#website"},"primaryImageOfPage":{"@id":"https:\/\/myindustrial.eu\/lt\/shop\/pramonines-stabdziu-sistemos-ir-pavaru-sustabdymo-komponentai\/storiniai-audros-stabdziai\/storm-brake-rail-clamp-with-lifting-and-positioning-fun\/#primaryimage"},"image":{"@id":"https:\/\/myindustrial.eu\/lt\/shop\/pramonines-stabdziu-sistemos-ir-pavaru-sustabdymo-komponentai\/storiniai-audros-stabdziai\/storm-brake-rail-clamp-with-lifting-and-positioning-fun\/#primaryimage"},"thumbnailUrl":"https:\/\/myindustrial.eu\/wp-content\/uploads\/2024\/12\/rft_stormbrake-type-vzfh_hvz.webp","datePublished":"2024-12-02T12:46:29+00:00","dateModified":"2024-12-27T22:48:32+00:00","breadcrumb":{"@id":"https:\/\/myindustrial.eu\/lt\/shop\/pramonines-stabdziu-sistemos-ir-pavaru-sustabdymo-komponentai\/storiniai-audros-stabdziai\/storm-brake-rail-clamp-with-lifting-and-positioning-fun\/#breadcrumb"},"inLanguage":"lt-LT","potentialAction":[{"@type":"ReadAction","target":["https:\/\/myindustrial.eu\/lt\/shop\/pramonines-stabdziu-sistemos-ir-pavaru-sustabdymo-komponentai\/storiniai-audros-stabdziai\/storm-brake-rail-clamp-with-lifting-and-positioning-fun\/"]}]},{"@type":"ImageObject","inLanguage":"lt-LT","@id":"https:\/\/myindustrial.eu\/lt\/shop\/pramonines-stabdziu-sistemos-ir-pavaru-sustabdymo-komponentai\/storiniai-audros-stabdziai\/storm-brake-rail-clamp-with-lifting-and-positioning-fun\/#primaryimage","url":"https:\/\/myindustrial.eu\/wp-content\/uploads\/2024\/12\/rft_stormbrake-type-vzfh_hvz.webp","contentUrl":"https:\/\/myindustrial.eu\/wp-content\/uploads\/2024\/12\/rft_stormbrake-type-vzfh_hvz.webp","width":800,"height":800},{"@type":"BreadcrumbList","@id":"https:\/\/myindustrial.eu\/lt\/shop\/pramonines-stabdziu-sistemos-ir-pavaru-sustabdymo-komponentai\/storiniai-audros-stabdziai\/storm-brake-rail-clamp-with-lifting-and-positioning-fun\/#breadcrumb","itemListElement":[{"@type":"ListItem","position":1,"name":"Home","item":"https:\/\/myindustrial.eu\/lt\/"},{"@type":"ListItem","position":2,"name":"Products","item":"https:\/\/myindustrial.eu\/lt\/products\/"},{"@type":"ListItem","position":3,"name":"Audros stabdis \/ b\u0117gi\u0173 spaustukas su k\u0117limo ir pad\u0117ties nustatymo funkcija"}]},{"@type":"WebSite","@id":"https:\/\/myindustrial.eu\/lt\/#website","url":"https:\/\/myindustrial.eu\/lt\/","name":"My industrial","description":"","potentialAction":[{"@type":"SearchAction","target":{"@type":"EntryPoint","urlTemplate":"https:\/\/myindustrial.eu\/lt\/?s={search_term_string}"},"query-input":{"@type":"PropertyValueSpecification","valueRequired":true,"valueName":"search_term_string"}}],"inLanguage":"lt-LT"}]}},"_links":{"self":[{"href":"https:\/\/myindustrial.eu\/lt\/wp-json\/wp\/v2\/product\/1260065626","targetHints":{"allow":["GET"]}}],"collection":[{"href":"https:\/\/myindustrial.eu\/lt\/wp-json\/wp\/v2\/product"}],"about":[{"href":"https:\/\/myindustrial.eu\/lt\/wp-json\/wp\/v2\/types\/product"}],"version-history":[{"count":0,"href":"https:\/\/myindustrial.eu\/lt\/wp-json\/wp\/v2\/product\/1260065626\/revisions"}],"wp:featuredmedia":[{"embeddable":true,"href":"https:\/\/myindustrial.eu\/lt\/wp-json\/wp\/v2\/media\/1260065156"}],"wp:attachment":[{"href":"https:\/\/myindustrial.eu\/lt\/wp-json\/wp\/v2\/media?parent=1260065626"}],"wp:term":[{"taxonomy":"product_brand","embeddable":true,"href":"https:\/\/myindustrial.eu\/lt\/wp-json\/wp\/v2\/product_brand?post=1260065626"},{"taxonomy":"product_cat","embeddable":true,"href":"https:\/\/myindustrial.eu\/lt\/wp-json\/wp\/v2\/product_cat?post=1260065626"},{"taxonomy":"product_tag","embeddable":true,"href":"https:\/\/myindustrial.eu\/lt\/wp-json\/wp\/v2\/product_tag?post=1260065626"}],"curies":[{"name":"wp","href":"https:\/\/api.w.org\/{rel}","templated":true}]}}