{"id":1260060317,"date":"2022-02-09T14:16:55","date_gmt":"2022-02-09T14:16:55","guid":{"rendered":"https:\/\/myindustrial.eu\/about-us-6\/"},"modified":"2024-12-23T19:02:07","modified_gmt":"2024-12-23T19:02:07","slug":"about-us","status":"publish","type":"page","link":"https:\/\/myindustrial.eu\/lv\/about-us\/","title":{"rendered":"Par mums"},"content":{"rendered":"<p>[vc_row woodmart_bg_position=&#8221;left-top&#8221; css=&#8221;.vc_custom_1734020951699{margin-top: -10px !important;background-image: url(https:\/\/myindustrial.eu\/wp-content\/uploads\/2024\/12\/diagonal-line-1537&#215;1537.jpg?id=1260065275) !important;}&#8221; woodmart_css_id=&#8221;675b0f51775d1&#8243; responsive_spacing=&#8221;eyJwYXJhbV90eXBlIjoid29vZG1hcnRfcmVzcG9uc2l2ZV9zcGFjaW5nIiwic2VsZWN0b3JfaWQiOiI2NzViMGY1MTc3NWQxIiwic2hvcnRjb2RlIjoidmNfcm93IiwiZGF0YSI6eyJ0YWJsZXQiOnt9LCJtb2JpbGUiOnt9fX0=&#8221; mobile_bg_img_hidden=&#8221;no&#8221; tablet_bg_img_hidden=&#8221;no&#8221; woodmart_parallax=&#8221;0&#8243; woodmart_gradient_switch=&#8221;no&#8221; woodmart_box_shadow=&#8221;no&#8221; wd_z_index=&#8221;no&#8221; woodmart_disable_overflow=&#8221;0&#8243; row_reverse_mobile=&#8221;0&#8243; row_reverse_tablet=&#8221;0&#8243;][vc_column]\n\t\t<div id=\"wd-675b0e619a2f5\" class=\"title-wrapper wd-wpb set-mb-s reset-last-child  wd-rs-675b0e619a2f5 wd-title-color-default wd-title-style-default wd-width-100 text-center  wd-underline-colored\">\n\t\t\t\n\t\t\t<div class=\"liner-continer\">\n\t\t\t\t<h4 class=\"woodmart-title-container title  wd-font-weight- wd-fontsize-xxl\" >MAA<br \/>\nIntelligent engineering<\/h4>\n\t\t\t\t\t\t\t<\/div>\n\t\t\t\n\t\t\t\n\t\t\t\n\t\t<\/div>\n\t\t\n\t\t\n\t\t<div id=\"wd-6769b34d57cb4\" class=\"title-wrapper wd-wpb set-mb-s reset-last-child  wd-rs-6769b34d57cb4 wd-title-color-default wd-title-style-default wd-width-100 text-center  wd-underline-colored\">\n\t\t\t\n\t\t\t<div class=\"liner-continer\">\n\t\t\t\t<h4 class=\"woodmart-title-container title  wd-font-weight- wd-fontsize-xl\" >M\u016aSU FILOZOFIJA<\/h4>\n\t\t\t\t\t\t\t<\/div>\n\t\t\t\n\t\t\t\n\t\t\t\n\t\t<\/div>\n\t\t\n\t\t[vc_row_inner woodmart_css_id=&#8221;675b0eb73d738&#8243; responsive_spacing=&#8221;eyJwYXJhbV90eXBlIjoid29vZG1hcnRfcmVzcG9uc2l2ZV9zcGFjaW5nIiwic2VsZWN0b3JfaWQiOiI2NzViMGViNzNkNzM4Iiwic2hvcnRjb2RlIjoidmNfcm93X2lubmVyIiwiZGF0YSI6eyJ0YWJsZXQiOnt9LCJtb2JpbGUiOnt9fX0=&#8221; mobile_bg_img_hidden=&#8221;no&#8221; tablet_bg_img_hidden=&#8221;no&#8221; woodmart_parallax=&#8221;0&#8243; woodmart_gradient_switch=&#8221;no&#8221; woodmart_box_shadow=&#8221;no&#8221; wd_z_index=&#8221;no&#8221; woodmart_disable_overflow=&#8221;0&#8243; row_reverse_mobile=&#8221;0&#8243; row_reverse_tablet=&#8221;0&#8243;][vc_column_inner][vc_column_text woodmart_inline=&#8221;no&#8221; text_larger=&#8221;no&#8221; css=&#8221;.vc_custom_1734980445929{margin-right: 10% !important;margin-left: 10% !important;}&#8221;]<\/p>\n<p style=\"font-size: 18px; text-align: center;\"><span style=\"font-weight: 400;\">M\u016bsu klienti ir vissvar\u012bg\u0101k\u0101 uz\u0146\u0113muma sast\u0101vda\u013ca. T\u0101p\u0113c klienta apmierin\u0101t\u012bba vienm\u0113r ir pirmaj\u0101 viet\u0101 un ir m\u016bsu darb\u012bbas un centienu pamat\u0101. Kvalit\u0101te, elast\u012bba un klienta orient\u0101cija ir m\u016bsu veiksmes pamati n\u0101kotn\u0113.<\/span><\/p>\n<p>[\/vc_column_text][\/vc_column_inner][\/vc_row_inner][\/vc_column][\/vc_row][vc_row woodmart_css_id=&#8221;6756119f3a930&#8243; responsive_spacing=&#8221;eyJwYXJhbV90eXBlIjoid29vZG1hcnRfcmVzcG9uc2l2ZV9zcGFjaW5nIiwic2VsZWN0b3JfaWQiOiI2NzU2MTE5ZjNhOTMwIiwic2hvcnRjb2RlIjoidmNfcm93IiwiZGF0YSI6eyJ0YWJsZXQiOnt9LCJtb2JpbGUiOnt9fX0=&#8221; mobile_bg_img_hidden=&#8221;no&#8221; tablet_bg_img_hidden=&#8221;no&#8221; woodmart_parallax=&#8221;0&#8243; woodmart_gradient_switch=&#8221;no&#8221; woodmart_box_shadow=&#8221;no&#8221; wd_z_index=&#8221;no&#8221; woodmart_disable_overflow=&#8221;0&#8243; row_reverse_mobile=&#8221;0&#8243; row_reverse_tablet=&#8221;0&#8243;][vc_column]\n\t\t<div id=\"wd-6769b36525433\" class=\"title-wrapper wd-wpb set-mb-s reset-last-child  wd-rs-6769b36525433 wd-title-color-default wd-title-style-default wd-width-100 text-center  wd-underline-colored\">\n\t\t\t\n\t\t\t<div class=\"liner-continer\">\n\t\t\t\t<h4 class=\"woodmart-title-container title  wd-font-weight- wd-fontsize-l\" >PAR MUMS<\/h4>\n\t\t\t\t\t\t\t<\/div>\n\t\t\t\n\t\t\t\n\t\t\t\n\t\t<\/div>\n\t\t\n\t\t[vc_row_inner woodmart_css_id=&#8221;6756109479e1c&#8221; responsive_spacing=&#8221;eyJwYXJhbV90eXBlIjoid29vZG1hcnRfcmVzcG9uc2l2ZV9zcGFjaW5nIiwic2VsZWN0b3JfaWQiOiI2NzU2MTA5NDc5ZTFjIiwic2hvcnRjb2RlIjoidmNfcm93X2lubmVyIiwiZGF0YSI6eyJ0YWJsZXQiOnt9LCJtb2JpbGUiOnt9fX0=&#8221; mobile_bg_img_hidden=&#8221;no&#8221; tablet_bg_img_hidden=&#8221;no&#8221; woodmart_parallax=&#8221;0&#8243; woodmart_gradient_switch=&#8221;no&#8221; woodmart_box_shadow=&#8221;no&#8221; wd_z_index=&#8221;no&#8221; woodmart_disable_overflow=&#8221;0&#8243; row_reverse_mobile=&#8221;0&#8243; row_reverse_tablet=&#8221;0&#8243;][vc_column_inner width=&#8221;1\/2&#8243;][vc_column_text woodmart_inline=&#8221;no&#8221; text_larger=&#8221;no&#8221; css=&#8221;.vc_custom_1734980466442{margin-top: 15px !important;}&#8221;]<\/p>\n<p style=\"font-size: 16px;\"><span style=\"font-weight: 400;\">MAA intelengineering \u2014 m\u0113s esam inteli\u0123entas in\u017eenierijas projekt\u0113\u0161anas un izstr\u0101des uz\u0146\u0113mums, kas darbojas smagaj\u0101 r\u016bpniec\u012bbas nozar\u0113, projekt\u0113jot, ra\u017eojot un izplatot industri\u0101l\u0101s vad\u012bbas un piedzi\u0146as komponentus.<\/span><\/p>\n<p style=\"font-size: 16px;\"><span style=\"font-weight: 400;\">Dibin\u0101ts 2014. gad\u0101 R\u012bg\u0101, Latvij\u0101, uz\u0146\u0113mums ir k\u013cuvis par vado\u0161o industri\u0101lo, r\u016bpniecisko komponentu izplat\u012bt\u0101ju Baltijas re\u0123ion\u0101. Esam izveidoju\u0161i stabilu kl\u0101tb\u016btni Latvij\u0101, Igaunij\u0101 un Lietuv\u0101, apkalpojot da\u017e\u0101du nozaru vajadz\u012bbas vis\u0101 re\u0123ion\u0101. Sist\u0113mu risin\u0101jumi un produkti celt\u0146iem, elektrohidraulikai, kravas apstr\u0101des tehnolo\u0123ij\u0101m, r\u016bpniecisk\u0101m iek\u0101rt\u0101m, ku\u0123iem, vilcieniem un b\u016bvniec\u012bbas tehnikai.<\/span><\/p>\n<p>[\/vc_column_text][\/vc_column_inner][vc_column_inner width=&#8221;1\/2&#8243;][vc_single_image image=&#8221;1260065196&#8243; img_size=&#8221;full&#8221; alignment=&#8221;right&#8221; parallax_scroll=&#8221;no&#8221; woodmart_inline=&#8221;no&#8221;][\/vc_column_inner][\/vc_row_inner][\/vc_column][\/vc_row][vc_row woodmart_css_id=&#8221;65849e43600b8&#8243; responsive_spacing=&#8221;eyJwYXJhbV90eXBlIjoid29vZG1hcnRfcmVzcG9uc2l2ZV9zcGFjaW5nIiwic2VsZWN0b3JfaWQiOiI2NTg0OWU0MzYwMGI4Iiwic2hvcnRjb2RlIjoidmNfcm93IiwiZGF0YSI6eyJ0YWJsZXQiOnt9LCJtb2JpbGUiOnt9fX0=&#8221; mobile_bg_img_hidden=&#8221;no&#8221; tablet_bg_img_hidden=&#8221;no&#8221; woodmart_parallax=&#8221;0&#8243; woodmart_gradient_switch=&#8221;no&#8221; woodmart_box_shadow=&#8221;no&#8221; wd_z_index=&#8221;no&#8221; woodmart_disable_overflow=&#8221;0&#8243; row_reverse_mobile=&#8221;0&#8243; row_reverse_tablet=&#8221;0&#8243;][vc_column][vc_empty_space woodmart_hide_large=&#8221;0&#8243; woodmart_hide_medium=&#8221;0&#8243; woodmart_hide_small=&#8221;0&#8243;]\n\t\t<div id=\"wd-6769b379d21f3\" class=\"title-wrapper wd-wpb set-mb-s reset-last-child  wd-rs-6769b379d21f3 wd-title-color-default wd-title-style-default wd-width-100 text-center  wd-underline-colored\">\n\t\t\t\n\t\t\t<div class=\"liner-continer\">\n\t\t\t\t<h4 class=\"woodmart-title-container title  wd-font-weight- wd-fontsize-xl\" >REZERVES DA\u013bU PIEG\u0100DE UN KLIENTU APKALPO\u0160ANA<\/h4>\n\t\t\t\t\t\t\t<\/div>\n\t\t\t\n\t\t\t\n\t\t\t\n\t\t<\/div>\n\t\t\n\t\t[vc_row_inner equal_height=&#8221;yes&#8221; content_placement=&#8221;bottom&#8221; woodmart_css_id=&#8221;675b127bb2567&#8243; responsive_spacing=&#8221;eyJwYXJhbV90eXBlIjoid29vZG1hcnRfcmVzcG9uc2l2ZV9zcGFjaW5nIiwic2VsZWN0b3JfaWQiOiI2NzViMTI3YmIyNTY3Iiwic2hvcnRjb2RlIjoidmNfcm93X2lubmVyIiwiZGF0YSI6eyJ0YWJsZXQiOnt9LCJtb2JpbGUiOnt9fX0=&#8221; mobile_bg_img_hidden=&#8221;no&#8221; tablet_bg_img_hidden=&#8221;no&#8221; woodmart_parallax=&#8221;0&#8243; woodmart_gradient_switch=&#8221;no&#8221; woodmart_box_shadow=&#8221;no&#8221; wd_z_index=&#8221;no&#8221; woodmart_disable_overflow=&#8221;0&#8243; row_reverse_mobile=&#8221;0&#8243; row_reverse_tablet=&#8221;0&#8243;][vc_column_inner width=&#8221;1\/2&#8243;][vc_single_image image=&#8221;1260065212&#8243; img_size=&#8221;full&#8221; parallax_scroll=&#8221;no&#8221; woodmart_inline=&#8221;no&#8221;][\/vc_column_inner][vc_column_inner width=&#8221;1\/2&#8243;][vc_column_text woodmart_inline=&#8221;no&#8221; text_larger=&#8221;no&#8221;]<\/p>\n<h3><b>Politika<\/b><\/h3>\n<p><span style=\"font-weight: 400;\">M\u0113s iev\u0113rojam 3B politiku \u2014 Klientu apmierin\u0101t\u012bba ar lab\u0101ko \u0101trumu, lab\u0101ko kvalit\u0101ti un lab\u0101ko cenu. M\u016bsu m\u0113r\u0137is ir sniegt atbalstu klientiem, lai savlaic\u012bgi un dro\u0161i aizst\u0101tu boj\u0101t\u0101s da\u013cas un veiktu produktu apkopi un remontu. Nodro\u0161in\u0101m tikai ori\u0123in\u0101l\u0101s da\u013cas \u0101tri un prec\u012bzi caur m\u016bsu tirdzniec\u012bbas komandu, a\u0123entu vai izplat\u012bt\u0101ju atbilsto\u0161i klienta piepras\u012bjumam.<\/span><\/p>\n<p><b>Dar\u012bjumu jomas<\/b><\/p>\n<ul>\n<li style=\"font-weight: 400;\" aria-level=\"1\"><span style=\"font-weight: 400;\">Ori\u0123in\u0101lo da\u013cu pieg\u0101de un garant\u0113\u0161ana<\/span><\/li>\n<li style=\"font-weight: 400;\" aria-level=\"1\"><span style=\"font-weight: 400;\">S\u0101kotn\u0113jo rezerves da\u013cu pieg\u0101de<\/span><\/li>\n<li style=\"font-weight: 400;\" aria-level=\"1\"><span style=\"font-weight: 400;\">Ekspluat\u0101cij\u0101 eso\u0161o rezerves da\u013cu pieg\u0101de<\/span><\/li>\n<\/ul>\n<p>[\/vc_column_text][\/vc_column_inner][\/vc_row_inner][\/vc_column][\/vc_row][vc_row equal_height=&#8221;yes&#8221; content_placement=&#8221;bottom&#8221; css=&#8221;.vc_custom_1734021765762{margin-top: 30px !important;}&#8221; woodmart_css_id=&#8221;675b128108ee1&#8243; responsive_spacing=&#8221;eyJwYXJhbV90eXBlIjoid29vZG1hcnRfcmVzcG9uc2l2ZV9zcGFjaW5nIiwic2VsZWN0b3JfaWQiOiI2NzViMTI4MTA4ZWUxIiwic2hvcnRjb2RlIjoidmNfcm93IiwiZGF0YSI6eyJ0YWJsZXQiOnt9LCJtb2JpbGUiOnt9fX0=&#8221; mobile_bg_img_hidden=&#8221;no&#8221; tablet_bg_img_hidden=&#8221;no&#8221; woodmart_parallax=&#8221;0&#8243; woodmart_gradient_switch=&#8221;no&#8221; woodmart_box_shadow=&#8221;no&#8221; wd_z_index=&#8221;no&#8221; woodmart_disable_overflow=&#8221;0&#8243; row_reverse_mobile=&#8221;0&#8243; row_reverse_tablet=&#8221;0&#8243;][vc_column width=&#8221;1\/2&#8243;][vc_column_text woodmart_inline=&#8221;no&#8221; text_larger=&#8221;no&#8221;]<\/p>\n<h3><b>Klientu apkalpo\u0161ana<\/b><\/h3>\n<p><span style=\"font-weight: 400;\">Produktu ekspluat\u0101cijas un apkopes pakalpojumi ir pieejami vienm\u0113r. Kvalific\u0113ti in\u017eenieri ir gatavi nodro\u0161in\u0101t lab\u0101kos risin\u0101jumus negaid\u012bt\u0101m probl\u0113m\u0101m. M\u0113s r\u016bp\u0113jamies par klientu apmierin\u0101t\u012bbu, izmantojot bag\u0101tu pieredzi un modern\u0101k\u0101s prasmes un tehnolo\u0123ijas.<\/span><\/p>\n<p><b>Dar\u012bjumu jomas<\/b><\/p>\n<ul>\n<li style=\"font-weight: 400;\" aria-level=\"1\"><span style=\"font-weight: 400;\">Nodro\u0161in\u0101t ekspluat\u0101cijas un apkopes statusa diagnostiku un anal\u012bzi<\/span><\/li>\n<li style=\"font-weight: 400;\" aria-level=\"1\"><span style=\"font-weight: 400;\">Inform\u0113t par jaun\u0101kaj\u0101m tehnolo\u0123ij\u0101m<\/span><\/li>\n<li style=\"font-weight: 400;\" aria-level=\"1\"><span style=\"font-weight: 400;\">Nodro\u0161in\u0101t glob\u0101lu servisa t\u012bklu klientiem<\/span><\/li>\n<\/ul>\n<p>[\/vc_column_text][\/vc_column][vc_column width=&#8221;1\/2&#8243;][vc_single_image image=&#8221;1260065227&#8243; img_size=&#8221;full&#8221; parallax_scroll=&#8221;no&#8221; woodmart_inline=&#8221;no&#8221;][\/vc_column][\/vc_row]<\/p>\n","protected":false},"excerpt":{"rendered":"<p>[vc_row woodmart_bg_position=&#8221;left-top&#8221; css=&#8221;.vc_custom_1734020951699{margin-top: -10px !important;background-image: url(https:\/\/myindustrial.eu\/wp-content\/uploads\/2024\/12\/diagonal-line-1537&#215;1537.jpg?id=1260065275) !important;}&#8221; woodmart_css_id=&#8221;675b0f51775d1&#8243; responsive_spacing=&#8221;eyJwYXJhbV90eXBlIjoid29vZG1hcnRfcmVzcG9uc2l2ZV9zcGFjaW5nIiwic2VsZWN0b3JfaWQiOiI2NzViMGY1MTc3NWQxIiwic2hvcnRjb2RlIjoidmNfcm93IiwiZGF0YSI6eyJ0YWJsZXQiOnt9LCJtb2JpbGUiOnt9fX0=&#8221; mobile_bg_img_hidden=&#8221;no&#8221; tablet_bg_img_hidden=&#8221;no&#8221; woodmart_parallax=&#8221;0&#8243; woodmart_gradient_switch=&#8221;no&#8221; woodmart_box_shadow=&#8221;no&#8221; wd_z_index=&#8221;no&#8221; woodmart_disable_overflow=&#8221;0&#8243; row_reverse_mobile=&#8221;0&#8243; row_reverse_tablet=&#8221;0&#8243;][vc_column][vc_row_inner woodmart_css_id=&#8221;675b0eb73d738&#8243; responsive_spacing=&#8221;eyJwYXJhbV90eXBlIjoid29vZG1hcnRfcmVzcG9uc2l2ZV9zcGFjaW5nIiwic2VsZWN0b3JfaWQiOiI2NzViMGViNzNkNzM4Iiwic2hvcnRjb2RlIjoidmNfcm93X2lubmVyIiwiZGF0YSI6eyJ0YWJsZXQiOnt9LCJtb2JpbGUiOnt9fX0=&#8221;<\/p>\n","protected":false},"author":1,"featured_media":0,"parent":0,"menu_order":0,"comment_status":"closed","ping_status":"closed","template":"","meta":{"footnotes":""},"class_list":["post-1260060317","page","type-page","status-publish","hentry"],"yoast_head":"<!-- This site is optimized with the Yoast SEO plugin v27.1.1 - https:\/\/yoast.com\/product\/yoast-seo-wordpress\/ -->\n<title>Par mums - My industrial<\/title>\n<meta name=\"robots\" content=\"index, follow, max-snippet:-1, max-image-preview:large, max-video-preview:-1\" \/>\n<link rel=\"canonical\" href=\"https:\/\/myindustrial.eu\/lv\/about-us\/\" \/>\n<meta property=\"og:locale\" content=\"lv_LV\" \/>\n<meta property=\"og:type\" content=\"article\" \/>\n<meta property=\"og:title\" content=\"Par mums - My industrial\" \/>\n<meta property=\"og:description\" content=\"[vc_row woodmart_bg_position=&#8221;left-top&#8221; css=&#8221;.vc_custom_1734020951699{margin-top: -10px !important;background-image: url(https:\/\/myindustrial.eu\/wp-content\/uploads\/2024\/12\/diagonal-line-1537&#215;1537.jpg?id=1260065275) !important;}&#8221; woodmart_css_id=&#8221;675b0f51775d1&#8243; responsive_spacing=&#8221;eyJwYXJhbV90eXBlIjoid29vZG1hcnRfcmVzcG9uc2l2ZV9zcGFjaW5nIiwic2VsZWN0b3JfaWQiOiI2NzViMGY1MTc3NWQxIiwic2hvcnRjb2RlIjoidmNfcm93IiwiZGF0YSI6eyJ0YWJsZXQiOnt9LCJtb2JpbGUiOnt9fX0=&#8221; mobile_bg_img_hidden=&#8221;no&#8221; tablet_bg_img_hidden=&#8221;no&#8221; woodmart_parallax=&#8221;0&#8243; woodmart_gradient_switch=&#8221;no&#8221; woodmart_box_shadow=&#8221;no&#8221; wd_z_index=&#8221;no&#8221; woodmart_disable_overflow=&#8221;0&#8243; row_reverse_mobile=&#8221;0&#8243; row_reverse_tablet=&#8221;0&#8243;][vc_column][vc_row_inner woodmart_css_id=&#8221;675b0eb73d738&#8243; responsive_spacing=&#8221;eyJwYXJhbV90eXBlIjoid29vZG1hcnRfcmVzcG9uc2l2ZV9zcGFjaW5nIiwic2VsZWN0b3JfaWQiOiI2NzViMGViNzNkNzM4Iiwic2hvcnRjb2RlIjoidmNfcm93X2lubmVyIiwiZGF0YSI6eyJ0YWJsZXQiOnt9LCJtb2JpbGUiOnt9fX0=&#8221;\" \/>\n<meta property=\"og:url\" content=\"https:\/\/myindustrial.eu\/lv\/about-us\/\" \/>\n<meta property=\"og:site_name\" content=\"My industrial\" \/>\n<meta property=\"article:modified_time\" content=\"2024-12-23T19:02:07+00:00\" \/>\n<meta name=\"twitter:card\" content=\"summary_large_image\" \/>\n<script type=\"application\/ld+json\" class=\"yoast-schema-graph\">{\"@context\":\"https:\/\/schema.org\",\"@graph\":[{\"@type\":\"WebPage\",\"@id\":\"https:\/\/myindustrial.eu\/lv\/about-us\/\",\"url\":\"https:\/\/myindustrial.eu\/lv\/about-us\/\",\"name\":\"Par mums - My industrial\",\"isPartOf\":{\"@id\":\"https:\/\/myindustrial.eu\/lv\/#website\"},\"datePublished\":\"2022-02-09T14:16:55+00:00\",\"dateModified\":\"2024-12-23T19:02:07+00:00\",\"breadcrumb\":{\"@id\":\"https:\/\/myindustrial.eu\/lv\/about-us\/#breadcrumb\"},\"inLanguage\":\"lv-LV\",\"potentialAction\":[{\"@type\":\"ReadAction\",\"target\":[\"https:\/\/myindustrial.eu\/lv\/about-us\/\"]}]},{\"@type\":\"BreadcrumbList\",\"@id\":\"https:\/\/myindustrial.eu\/lv\/about-us\/#breadcrumb\",\"itemListElement\":[{\"@type\":\"ListItem\",\"position\":1,\"name\":\"Home\",\"item\":\"https:\/\/myindustrial.eu\/lv\/\"},{\"@type\":\"ListItem\",\"position\":2,\"name\":\"Par mums\"}]},{\"@type\":\"WebSite\",\"@id\":\"https:\/\/myindustrial.eu\/lv\/#website\",\"url\":\"https:\/\/myindustrial.eu\/lv\/\",\"name\":\"My industrial\",\"description\":\"\",\"potentialAction\":[{\"@type\":\"SearchAction\",\"target\":{\"@type\":\"EntryPoint\",\"urlTemplate\":\"https:\/\/myindustrial.eu\/lv\/?s={search_term_string}\"},\"query-input\":{\"@type\":\"PropertyValueSpecification\",\"valueRequired\":true,\"valueName\":\"search_term_string\"}}],\"inLanguage\":\"lv-LV\"}]}<\/script>\n<!-- \/ Yoast SEO plugin. -->","yoast_head_json":{"title":"Par mums - My industrial","robots":{"index":"index","follow":"follow","max-snippet":"max-snippet:-1","max-image-preview":"max-image-preview:large","max-video-preview":"max-video-preview:-1"},"canonical":"https:\/\/myindustrial.eu\/lv\/about-us\/","og_locale":"lv_LV","og_type":"article","og_title":"Par mums - My industrial","og_description":"[vc_row woodmart_bg_position=&#8221;left-top&#8221; css=&#8221;.vc_custom_1734020951699{margin-top: -10px !important;background-image: url(https:\/\/myindustrial.eu\/wp-content\/uploads\/2024\/12\/diagonal-line-1537&#215;1537.jpg?id=1260065275) !important;}&#8221; woodmart_css_id=&#8221;675b0f51775d1&#8243; responsive_spacing=&#8221;eyJwYXJhbV90eXBlIjoid29vZG1hcnRfcmVzcG9uc2l2ZV9zcGFjaW5nIiwic2VsZWN0b3JfaWQiOiI2NzViMGY1MTc3NWQxIiwic2hvcnRjb2RlIjoidmNfcm93IiwiZGF0YSI6eyJ0YWJsZXQiOnt9LCJtb2JpbGUiOnt9fX0=&#8221; mobile_bg_img_hidden=&#8221;no&#8221; tablet_bg_img_hidden=&#8221;no&#8221; woodmart_parallax=&#8221;0&#8243; woodmart_gradient_switch=&#8221;no&#8221; woodmart_box_shadow=&#8221;no&#8221; wd_z_index=&#8221;no&#8221; woodmart_disable_overflow=&#8221;0&#8243; row_reverse_mobile=&#8221;0&#8243; row_reverse_tablet=&#8221;0&#8243;][vc_column][vc_row_inner woodmart_css_id=&#8221;675b0eb73d738&#8243; responsive_spacing=&#8221;eyJwYXJhbV90eXBlIjoid29vZG1hcnRfcmVzcG9uc2l2ZV9zcGFjaW5nIiwic2VsZWN0b3JfaWQiOiI2NzViMGViNzNkNzM4Iiwic2hvcnRjb2RlIjoidmNfcm93X2lubmVyIiwiZGF0YSI6eyJ0YWJsZXQiOnt9LCJtb2JpbGUiOnt9fX0=&#8221;","og_url":"https:\/\/myindustrial.eu\/lv\/about-us\/","og_site_name":"My industrial","article_modified_time":"2024-12-23T19:02:07+00:00","twitter_card":"summary_large_image","schema":{"@context":"https:\/\/schema.org","@graph":[{"@type":"WebPage","@id":"https:\/\/myindustrial.eu\/lv\/about-us\/","url":"https:\/\/myindustrial.eu\/lv\/about-us\/","name":"Par mums - My industrial","isPartOf":{"@id":"https:\/\/myindustrial.eu\/lv\/#website"},"datePublished":"2022-02-09T14:16:55+00:00","dateModified":"2024-12-23T19:02:07+00:00","breadcrumb":{"@id":"https:\/\/myindustrial.eu\/lv\/about-us\/#breadcrumb"},"inLanguage":"lv-LV","potentialAction":[{"@type":"ReadAction","target":["https:\/\/myindustrial.eu\/lv\/about-us\/"]}]},{"@type":"BreadcrumbList","@id":"https:\/\/myindustrial.eu\/lv\/about-us\/#breadcrumb","itemListElement":[{"@type":"ListItem","position":1,"name":"Home","item":"https:\/\/myindustrial.eu\/lv\/"},{"@type":"ListItem","position":2,"name":"Par mums"}]},{"@type":"WebSite","@id":"https:\/\/myindustrial.eu\/lv\/#website","url":"https:\/\/myindustrial.eu\/lv\/","name":"My industrial","description":"","potentialAction":[{"@type":"SearchAction","target":{"@type":"EntryPoint","urlTemplate":"https:\/\/myindustrial.eu\/lv\/?s={search_term_string}"},"query-input":{"@type":"PropertyValueSpecification","valueRequired":true,"valueName":"search_term_string"}}],"inLanguage":"lv-LV"}]}},"_links":{"self":[{"href":"https:\/\/myindustrial.eu\/lv\/wp-json\/wp\/v2\/pages\/1260060317","targetHints":{"allow":["GET"]}}],"collection":[{"href":"https:\/\/myindustrial.eu\/lv\/wp-json\/wp\/v2\/pages"}],"about":[{"href":"https:\/\/myindustrial.eu\/lv\/wp-json\/wp\/v2\/types\/page"}],"author":[{"embeddable":true,"href":"https:\/\/myindustrial.eu\/lv\/wp-json\/wp\/v2\/users\/1"}],"replies":[{"embeddable":true,"href":"https:\/\/myindustrial.eu\/lv\/wp-json\/wp\/v2\/comments?post=1260060317"}],"version-history":[{"count":10,"href":"https:\/\/myindustrial.eu\/lv\/wp-json\/wp\/v2\/pages\/1260060317\/revisions"}],"predecessor-version":[{"id":1260065419,"href":"https:\/\/myindustrial.eu\/lv\/wp-json\/wp\/v2\/pages\/1260060317\/revisions\/1260065419"}],"wp:attachment":[{"href":"https:\/\/myindustrial.eu\/lv\/wp-json\/wp\/v2\/media?parent=1260060317"}],"curies":[{"name":"wp","href":"https:\/\/api.w.org\/{rel}","templated":true}]}}