{"id":1260061241,"date":"2022-06-06T09:28:24","date_gmt":"2022-06-06T09:28:24","guid":{"rendered":"https:\/\/myindustrial.eu\/privacy-policy\/"},"modified":"2022-06-06T09:36:50","modified_gmt":"2022-06-06T09:36:50","slug":"privacy-policy","status":"publish","type":"page","link":"https:\/\/myindustrial.eu\/lv\/privacy-policy\/","title":{"rendered":"Priv\u0101tuma politika"},"content":{"rendered":"<h3><b>MAA intelengineering SIA Datu aizsardz\u012bba<\/b><\/h3>\n<h4><b style=\"color: #333333; font-size: 16px;\">1. P\u0101rskats par datu aizsardz\u012bbu<\/b><\/h4>\n<p><b>Galven\u0101 inform\u0101cija<\/b><\/p>\n<p><span style=\"font-weight: 400;\">T\u0101l\u0101k sniegts vienk\u0101r\u0161s p\u0101rskats par to, kas notiek ar j\u016bsu personisko inform\u0101ciju, kad apmekl\u0113jat m\u016bsu vietni. Personisk\u0101 inform\u0101cija ir jebkuri dati, ar kuriem j\u016bs var\u0113tu personiski identific\u0113t. S\u012bk\u0101ku inform\u0101ciju par datu aizsardz\u012bbas t\u0113mu var atrast m\u016bsu priv\u0101tuma politik\u0101, kas atrodama t\u0101l\u0101k.<\/span><\/p>\n<p><b>Datu apkopo\u0161ana m\u016bsu vietn\u0113<\/b><\/p>\n<p><b>Kas ir atbild\u012bgs par datu v\u0101k\u0161anu \u0161aj\u0101 vietn\u0113?<\/b><\/p>\n<p><span style=\"font-weight: 400;\">\u0160aj\u0101 vietn\u0113 apkopotos datus apstr\u0101d\u0101 vietnes operators. Operatora kontaktinform\u0101cija ir atrodama t\u012bmek\u013ca vietnes oblig\u0101taj\u0101 juridiskaj\u0101 pazi\u0146ojum\u0101.<\/span><\/p>\n<p><b>K\u0101 m\u0113s iev\u0101cam j\u016bsu datus?<\/b><\/p>\n<p><span style=\"font-weight: 400;\">Da\u017ei dati tiek apkopoti, kad j\u016bs tos mums sniedzat. Tie var\u0113tu b\u016bt, piem\u0113ram, dati, ko ievad\u0101t sazi\u0146as veidlap\u0101.<\/span><\/p>\n<p><span style=\"font-weight: 400;\">Citus datus m\u016bsu IT sist\u0113mas apkopo autom\u0101tiski, kad apmekl\u0113jat vietni. \u0160ie dati galvenok\u0101rt ir tehniski dati, piem\u0113ram, p\u0101rl\u016bkprogramma un oper\u0113t\u0101jsist\u0113ma, kuru izmantojat vai kad piek\u013cuv\u0101t lapai. \u0160ie dati tiek apkopoti autom\u0101tiski, tikl\u012bdz j\u016bs ieejat m\u016bsu vietn\u0113.<\/span><\/p>\n<p><b>K\u0101dam nol\u016bkam m\u0113s izmantojam j\u016bsu datus?<\/b><\/p>\n<p><span style=\"font-weight: 400;\">Da\u013ca datu tiek sav\u0101kti, lai nodro\u0161in\u0101tu pareizu vietnes darb\u012bbu. Citus datus var izmantot, lai analiz\u0113tu, k\u0101 apmekl\u0113t\u0101ji izmanto vietni.<\/span><\/p>\n<p><b>K\u0101das ties\u012bbas jums ir attiec\u012bb\u0101 uz j\u016bsu datiem?<\/b><\/p>\n<p><span style=\"font-weight: 400;\">Jums vienm\u0113r ir ties\u012bbas bez maksas piepras\u012bt inform\u0101ciju par saviem saglab\u0101tajiem datiem, to izcelsmi, sa\u0146\u0113m\u0113jiem un v\u0101k\u0161anas m\u0113r\u0137i. Jums ir ar\u012b ties\u012bbas piepras\u012bt, lai tas tiktu labots, blo\u0137\u0113ts vai dz\u0113sts. J\u016bs varat sazin\u0101ties ar mums jebkur\u0101 laik\u0101, izmantojot juridiskaj\u0101 pazi\u0146ojum\u0101 nor\u0101d\u012bto adresi, ja jums ir papildu jaut\u0101jumi par priv\u0101tuma un datu aizsardz\u012bbas jaut\u0101jumu. J\u016bs, protams, varat ar\u012b iesniegt s\u016bdz\u012bbu kompetentaj\u0101m regulat\u012bvaj\u0101m iest\u0101d\u0113m.<\/span><\/p>\n<p><b>Analytics un tre\u0161o pu\u0161u r\u012bki<\/b><\/p>\n<p><span style=\"font-weight: 400;\">Apmekl\u0113jot m\u016bsu vietni, j\u016bsu s\u0113rfo\u0161anas uzved\u012bbai var tikt veikta statistisk\u0101 anal\u012bze. Tas galvenok\u0101rt notiek, izmantojot s\u012bkfailus un anal\u012bzi. J\u016bsu s\u0113rfo\u0161anas uzved\u012bbas anal\u012bze parasti ir anon\u012bma, t.i., m\u0113s nevar\u0113sim j\u016bs identific\u0113t p\u0113c \u0161iem datiem. Varat iebilst pret \u0161o anal\u012bzi vai nov\u0113rst to, neizmantojot noteiktus r\u012bkus. S\u012bk\u0101ku inform\u0101ciju var atrast t\u0101l\u0101k sniegtaj\u0101 inform\u0101cij\u0101 par priv\u0101tuma politiku.<\/span><\/p>\n<p><span style=\"font-weight: 400;\">J\u016bs varat iebilst pret \u0161o anal\u012bzi. T\u0101l\u0101k m\u0113s j\u016bs inform\u0113sim par to, k\u0101 izmantot savas iesp\u0113jas \u0161aj\u0101 sakar\u0101.<\/span><\/p>\n<h4><b>2. Visp\u0101r\u012bga inform\u0101cija un oblig\u0101t\u0101 inform\u0101cija<\/b><\/h4>\n<p><b>Datu aizsardz\u012bba<\/b><\/p>\n<p><span style=\"font-weight: 400;\">\u0160\u012bs vietnes operatori \u013coti nopietni uztver j\u016bsu personas datu aizsardz\u012bbu. M\u0113s apstr\u0101d\u0101jam j\u016bsu personas datus k\u0101 konfidenci\u0101lus un saska\u0146\u0101 ar likum\u0101 noteiktajiem datu aizsardz\u012bbas noteikumiem un \u0161o priv\u0101tuma politiku.<\/span><\/p>\n<p><span style=\"font-weight: 400;\">Ja izmantojat \u0161o vietni, l\u016bdzu, \u0146emiet v\u0113r\u0101, ka tiks apkopoti da\u017e\u0101di personas dati. Personisk\u0101 inform\u0101cija ir jebkuri dati, ar kuriem j\u016bs var\u0113tu personiski identific\u0113t. \u0160aj\u0101 priv\u0101tuma politik\u0101 ir paskaidrots, k\u0101du inform\u0101ciju m\u0113s apkopojam un k\u0101dam nol\u016bkam to izmantojam. Taj\u0101 ar\u012b paskaidrots, k\u0101 un k\u0101dam nol\u016bkam tas notiek.<\/span><\/p>\n<p><span style=\"font-weight: 400;\">L\u016bdzu, \u0146emiet v\u0113r\u0101, ka dati, kas tiek p\u0101rs\u016bt\u012bti, izmantojot internetu (piem\u0113ram, izmantojot e-pasta sazi\u0146u), var tikt pak\u013cauti dro\u0161\u012bbas p\u0101rk\u0101pumiem. Piln\u012bga j\u016bsu datu aizsardz\u012bba pret tre\u0161o pu\u0161u piek\u013cuvi nav iesp\u0113jama.<\/span><\/p>\n<p><b>Pazi\u0146ojums par pusi, kas ir atbild\u012bga par \u0161o vietni<\/b><\/p>\n<p><span style=\"font-weight: 400;\">Par datu apstr\u0101di \u0161aj\u0101 vietn\u0113 atbild\u012bg\u0101 puse ir:<\/span><\/p>\n<p><span style=\"font-weight: 400;\">MAA intelengineering SIA<\/span><\/p>\n<p><span style=\"font-weight: 400;\">Juridisk\u0101 adrese: Talsu iela 12, Prei\u013ci, LV-5301, Latvija<\/span><\/p>\n<p><span style=\"font-weight: 400;\">Biroja adrese: Gustava Zemgala gatve 78, R\u012bga, LV-1039, Latvija<\/span><\/p>\n<p><span style=\"font-weight: 400;\">T\u0101lrunis: +371 26390398<\/span><\/p>\n<p><span style=\"font-weight: 400;\">E-pasts: maaie@maaie.net<\/span><\/p>\n<p><span style=\"font-weight: 400;\">Atbild\u012bg\u0101 puse ir fiziska vai juridiska persona, kas viena pati vai kop\u0101 ar citiem lemj par personas datu (v\u0101rdu, e-pasta adres\u0113m utt.) apstr\u0101des m\u0113r\u0137iem un l\u012bdzek\u013ciem.<\/span><\/p>\n<p><b>Piekri\u0161anas atsauk\u0161ana j\u016bsu datu apstr\u0101dei\u00a0<\/b><\/p>\n<p><span style=\"font-weight: 400;\">Daudzas datu apstr\u0101des darb\u012bbas ir iesp\u0113jamas tikai ar j\u016bsu nep\u0101rprotamu piekri\u0161anu. J\u016bs varat atsaukt savu piekri\u0161anu jebkur\u0101 laik\u0101. Pietiek ar neform\u0101lu e-pasta zi\u0146ojumu ar \u0161o piepras\u012bjumu. Dati, kas apstr\u0101d\u0101ti pirms j\u016bsu piepras\u012bjuma sa\u0146em\u0161anas, joproj\u0101m var b\u016bt likum\u012bgi apstr\u0101d\u0101ti.<\/span><\/p>\n<p><b>SSL vai TLS \u0161ifr\u0113\u0161ana<\/b><\/p>\n<p><span style=\"font-weight: 400;\">\u0160\u012b vietne izmanto SSL vai TLS \u0161ifr\u0113\u0161anu dro\u0161\u012bbas apsv\u0113rumu d\u0113\u013c un konfidenci\u0101la satura p\u0101rs\u016bt\u012b\u0161anas aizsardz\u012bbai, piem\u0113ram, vaic\u0101jumiem, ko s\u016bt\u0101t mums k\u0101 vietnes operatoram. \u0160ifr\u0113tu savienojumu varat atpaz\u012bt p\u0101rl\u016bkprogrammas adreses rind\u0101, kad tas main\u0101s no \u201chttp:\/\/\u201d uz \u201chttps:\/\/\u201d un p\u0101rl\u016bkprogrammas adreses josl\u0101 tiek par\u0101d\u012bta blo\u0137\u0113\u0161anas ikona.<\/span><\/p>\n<p><span style=\"font-weight: 400;\">Ja ir aktiviz\u0113ta SSL vai TLS \u0161ifr\u0113\u0161ana, tre\u0161\u0101s puses nevar nolas\u012bt datus, ko mums p\u0101rs\u016bt\u0101t.<\/span><\/p>\n<p><b>Inform\u0101cija, blo\u0137\u0113\u0161ana, dz\u0113\u0161ana<\/b><\/p>\n<p><span style=\"font-weight: 400;\">K\u0101 to at\u013cauj ties\u012bbu akti, jums ir ties\u012bbas jebkur\u0101 laik\u0101 bez maksas sa\u0146emt inform\u0101ciju par jebk\u0101diem j\u016bsu personas datiem, kas tiek glab\u0101ti, k\u0101 ar\u012b par to izcelsmi, sa\u0146\u0113m\u0113ju un apstr\u0101des nol\u016bku. Jums ir ar\u012b ties\u012bbas piepras\u012bt \u0161o datu labo\u0161anu, blo\u0137\u0113\u0161anu vai dz\u0113\u0161anu. J\u016bs varat sazin\u0101ties ar mums jebkur\u0101 laik\u0101, izmantojot m\u016bsu juridiskaj\u0101 pazi\u0146ojum\u0101 nor\u0101d\u012bto adresi, ja jums ir papildu jaut\u0101jumi par personas datu t\u0113mu.<\/span><\/p>\n<p><b>Iebildumi pret rekl\u0101mas e-pastiem<\/b><\/p>\n<p><span style=\"font-weight: 400;\">Ar \u0161o m\u0113s nep\u0101rprotami aizliedzam izmantot kontaktinform\u0101ciju, kas public\u0113ta saist\u012bb\u0101 ar t\u012bmek\u013ca vietnes juridisko pazi\u0146ojumu pras\u012bb\u0101m attiec\u012bb\u0101 uz rekl\u0101mas un informat\u012bvo materi\u0101lu s\u016bt\u012b\u0161anu, kas nav \u012bpa\u0161i piepras\u012bts. Vietnes operators patur ties\u012bbas veikt konkr\u0113tas juridiskas darb\u012bbas, ja tiek sa\u0146emts nev\u0113lams rekl\u0101mas materi\u0101ls, piem\u0113ram, e-pasta surog\u0101tpasts.<\/span><\/p>\n<h4><b>3. Datu v\u0101k\u0161ana m\u016bsu vietn\u0113<\/b><\/h4>\n<p><b>S\u012bkdatnes<\/b><\/p>\n<p><span style=\"font-weight: 400;\">Da\u017eas no m\u016bsu t\u012bmek\u013ca lap\u0101m izmanto s\u012bkdatnes. S\u012bkdatnes nekait\u0113 j\u016bsu datoram un nesatur v\u012brusus. S\u012bkdatnes pal\u012bdz padar\u012bt m\u016bsu vietni lietot\u0101jam draudz\u012bg\u0101ku, efekt\u012bv\u0101ku un dro\u0161\u0101ku. S\u012bkfaili ir nelieli teksta faili, kas tiek saglab\u0101ti j\u016bsu dator\u0101 un saglab\u0101ti j\u016bsu p\u0101rl\u016bkprogramm\u0101.<\/span><\/p>\n<p><span style=\"font-weight: 400;\">Liel\u0101k\u0101 da\u013ca m\u016bsu izmantoto s\u012bkfailu ir t\u0101 sauktie \u201csesijas s\u012bkfaili\u201d. Tie tiek autom\u0101tiski izdz\u0113sti p\u0113c j\u016bsu apmekl\u0113juma. Citi s\u012bkfaili paliek j\u016bsu ier\u012bces atmi\u0146\u0101, l\u012bdz tos izdz\u0113\u0161at. \u0160\u012bs s\u012bkdatnes \u013cauj atpaz\u012bt j\u016bsu p\u0101rl\u016bkprogrammu, kad n\u0101kamreiz apmekl\u0113jat vietni.<\/span><\/p>\n<p><span style=\"font-weight: 400;\">J\u016bs varat konfigur\u0113t savu p\u0101rl\u016bkprogrammu, lai inform\u0113tu j\u016bs par s\u012bkdat\u0146u izmanto\u0161anu, lai katr\u0101 atsevi\u0161\u0137\u0101 gad\u012bjum\u0101 var\u0113tu izlemt, vai pie\u0146emt vai noraid\u012bt s\u012bkfailu. Alternat\u012bvi, j\u016bsu p\u0101rl\u016bkprogrammu var konfigur\u0113t, lai t\u0101 autom\u0101tiski pie\u0146emtu s\u012bkfailus noteiktos apst\u0101k\u013cos vai vienm\u0113r tos noraid\u012btu, vai ar\u012b autom\u0101tiski dz\u0113stu s\u012bkfailus, aizverot p\u0101rl\u016bkprogrammu. S\u012bkdat\u0146u atsp\u0113jo\u0161ana var ierobe\u017eot \u0161\u012bs vietnes funkcionalit\u0101ti.<\/span><\/p>\n<p><span style=\"font-weight: 400;\">S\u012bkdatnes, kas nepiecie\u0161amas, lai nodro\u0161in\u0101tu elektronisko sazi\u0146u vai nodro\u0161in\u0101tu noteiktas funkcijas, kuras v\u0113laties izmantot (piem\u0113ram, iepirkumu grozs), tiek saglab\u0101tas saska\u0146\u0101 ar Art. 6 DSGVO 1. punkta f) apak\u0161punkts. Vietnes operatoram ir likum\u012bgas intereses saglab\u0101t s\u012bkdatnes, lai nodro\u0161in\u0101tu optimiz\u0113tu pakalpojumu bez tehnisk\u0101m k\u013c\u016bd\u0101m. Ja tiek saglab\u0101ti ar\u012b citi s\u012bkfaili (piem\u0113ram, tie, kas tiek izmantoti, lai analiz\u0113tu j\u016bsu s\u0113rfo\u0161anas uzved\u012bbu), tie \u0161aj\u0101 priv\u0101tuma politik\u0101 tiks apl\u016bkoti atsevi\u0161\u0137i.<\/span><\/p>\n<p><b>Servera \u017eurn\u0101lfaili<\/b><\/p>\n<p><span style=\"font-weight: 400;\">Vietnes nodro\u0161in\u0101t\u0101js autom\u0101tiski apkopo un saglab\u0101 inform\u0101ciju, ko j\u016bsu p\u0101rl\u016bkprogramma mums autom\u0101tiski p\u0101rs\u016bta &#8220;servera \u017eurn\u0101lfailos&#8221;. \u0160ie ir:<\/span><\/p>\n<ul>\n<li style=\"font-weight: 400;\" aria-level=\"1\"><span style=\"font-weight: 400;\">P\u0101rl\u016bkprogrammas veids un versija<\/span><\/li>\n<li style=\"font-weight: 400;\" aria-level=\"1\"><span style=\"font-weight: 400;\">Izmantot\u0101 oper\u0113t\u0101jsist\u0113ma<\/span><\/li>\n<li style=\"font-weight: 400;\" aria-level=\"1\"><span style=\"font-weight: 400;\">Novirz\u012bt\u0101ja URL<\/span><\/li>\n<li style=\"font-weight: 400;\" aria-level=\"1\"><span style=\"font-weight: 400;\">Piek\u013cuves datora resursdatora nosaukums<\/span><\/li>\n<li style=\"font-weight: 400;\" aria-level=\"1\"><span style=\"font-weight: 400;\">Servera piepras\u012bjuma laiks<\/span><\/li>\n<li style=\"font-weight: 400;\" aria-level=\"1\"><span style=\"font-weight: 400;\">IP adrese<\/span><\/li>\n<\/ul>\n<p><span style=\"font-weight: 400;\">\u0160ie dati netiks apvienoti ar datiem no citiem avotiem.<\/span><\/p>\n<p><span style=\"font-weight: 400;\">Datu apstr\u0101des pamats ir Art. 6. panta 1. punkta f) apak\u0161punkts DSGVO, kas \u013cauj apstr\u0101d\u0101t datus, lai izpild\u012btu l\u012bgumu vai veiktu l\u012bguma sagatavo\u0161anas pas\u0101kumus.<\/span><\/p>\n<p><b>Sazi\u0146as veidlapa<\/b><\/p>\n<p><span style=\"font-weight: 400;\">Ja nos\u016bt\u0101t mums jaut\u0101jumus, izmantojot sazi\u0146as veidlapu, m\u0113s apkoposim veidlap\u0101 ievad\u012btos datus, tostarp j\u016bsu nor\u0101d\u012bto kontaktinform\u0101ciju, lai atbild\u0113tu uz j\u016bsu jaut\u0101jumu un uz visiem papildu jaut\u0101jumiem. M\u0113s neizpau\u017eam \u0161o inform\u0101ciju bez j\u016bsu at\u013caujas.<\/span><\/p>\n<p><span style=\"font-weight: 400;\">T\u0101p\u0113c m\u0113s apstr\u0101d\u0101sim visus sazi\u0146as veidlap\u0101 ievad\u012btos datus tikai ar j\u016bsu piekri\u0161anu saska\u0146\u0101 ar Art. 6. panta 1. punkta a) apak\u0161punkts DSGVO. J\u016bs varat atsaukt savu piekri\u0161anu jebkur\u0101 laik\u0101. Pietiek ar neform\u0101lu e-pasta zi\u0146ojumu ar \u0161o piepras\u012bjumu. Dati, kas apstr\u0101d\u0101ti pirms j\u016bsu piepras\u012bjuma sa\u0146em\u0161anas, joproj\u0101m var b\u016bt likum\u012bgi apstr\u0101d\u0101ti.<\/span><\/p>\n<p><span style=\"font-weight: 400;\">Sazi\u0146as veidlap\u0101 sniegtos datus m\u0113s saglab\u0101sim l\u012bdz br\u012bdim, kad piepras\u012bsiet to dz\u0113\u0161anu, atsauksiet savu piekri\u0161anu to glab\u0101\u0161anai vai to glab\u0101\u0161anas m\u0113r\u0137is vairs nav sp\u0113k\u0101 (piem\u0113ram, p\u0113c j\u016bsu piepras\u012bjuma izpildes). \u0160is noteikums neietekm\u0113 oblig\u0101tos ties\u012bbu aktu noteikumus, jo \u012bpa\u0161i tos, kas attiecas uz oblig\u0101tajiem datu glab\u0101\u0161anas periodiem.<\/span><\/p>\n<h4><b>4. Anal\u012btika un rekl\u0101ma<\/b><\/h4>\n<p><b>Google Analytics<\/b><\/p>\n<p><span style=\"font-weight: 400;\">\u0160\u012b vietne izmanto Google Analytics, t\u012bmek\u013ca anal\u012bzes pakalpojumu. To p\u0101rvalda Google Inc., 1600 Amphitheatre Parkway, Mountain View, CA 94043, USA.<\/span><\/p>\n<p><span style=\"font-weight: 400;\">Google Analytics izmanto t\u0101 sauktos s\u012bkfailus. Tie ir teksta faili, kas tiek saglab\u0101ti j\u016bsu dator\u0101 un \u013cauj analiz\u0113t, k\u0101 j\u016bs lietojat vietni. S\u012bkdatnes \u0123ener\u0113t\u0101 inform\u0101cija par \u0161\u012bs vietnes lieto\u0161anu parasti tiek p\u0101rs\u016bt\u012bta uz Google serveri ASV un saglab\u0101ta tur.<\/span><\/p>\n<p><span style=\"font-weight: 400;\">Google Analytics s\u012bkfaili tiek saglab\u0101ti, pamatojoties uz Art. 6 (1) (f) DSGVO. Vietnes operatoram ir likum\u012bgas intereses analiz\u0113t lietot\u0101ju uzved\u012bbu, lai optimiz\u0113tu gan savu vietni, gan t\u0101s rekl\u0101mu.<\/span><\/p>\n<p><b>IP anonimiz\u0101cija<\/b><\/p>\n<p><span style=\"font-weight: 400;\">\u0160aj\u0101 vietn\u0113 esam aktiviz\u0113ju\u0161i IP anonimiz\u0101cijas funkciju. Google sa\u012bsin\u0101s j\u016bsu IP adresi Eiropas Savien\u012bb\u0101 vai cit\u0101s Eiropas Ekonomikas zonas l\u012bgumsl\u0113dz\u0113jas puses pirms nos\u016bt\u012b\u0161anas uz Amerikas Savienotaj\u0101m Valst\u012bm. Tikai iz\u0146\u0113muma gad\u012bjumos pilna IP adrese tiek nos\u016bt\u012bta uz Google serveri ASV un tur sa\u012bsin\u0101ta. Google izmantos \u0161o inform\u0101ciju \u0161\u012bs vietnes operatora v\u0101rd\u0101, lai nov\u0113rt\u0113tu, k\u0101 j\u016bs lietojat vietni, apkopotu p\u0101rskatus par vietnes darb\u012bbu un sniegtu citus pakalpojumus saist\u012bb\u0101 ar vietnes darb\u012bbu un interneta lieto\u0161anu vietnes operatoram. IP adrese, ko j\u016bsu p\u0101rl\u016bkprogramma p\u0101rs\u016bt\u012bja Google Analytics ietvaros, netiks apvienota ar citiem Google r\u012bc\u012bb\u0101 eso\u0161ajiem datiem.<\/span><\/p>\n<p><b>Browser-plugin<\/b><\/p>\n<p><span style=\"font-weight: 400;\">J\u016bs varat nov\u0113rst \u0161o s\u012bkdat\u0146u saglab\u0101\u0161anu, izv\u0113loties atbilsto\u0161os iestat\u012bjumus sav\u0101 p\u0101rl\u016bkprogramm\u0101. Tom\u0113r m\u0113s v\u0113lamies nor\u0101d\u012bt, ka tas var noz\u012bm\u0113t, ka j\u016bs nevar\u0113sit izbaud\u012bt visas \u0161\u012bs vietnes funkcionalit\u0101tes. Varat ar\u012b nov\u0113rst s\u012bkdat\u0146u \u0123ener\u0113to datu par vietnes izmanto\u0161anu (tostarp j\u016bsu IP\u00a0adreses) nodo\u0161anu uz\u0146\u0113mumam Google un \u0161o datu apstr\u0101di, ko veic Google, lejupiel\u0101d\u0113jot un instal\u0113jot p\u0101rl\u016bkprogrammas spraudni, kas pieejams no \u0161\u012bs saites: <\/span><a href=\"https:\/\/tools.google.com\/dlpage\/gaoptout?hl=lv\"><span style=\"font-weight: 400;\">https:\/\/tools.google.com\/dlpage\/gaoptout?hl=lv<\/span><\/a><span style=\"font-weight: 400;\">.<\/span><\/p>\n<p><b>Iebilst pret datu v\u0101k\u0161anu<\/b><\/p>\n<p><span style=\"font-weight: 400;\">Varat ne\u013caut Google Analytics apkopot savus datus, noklik\u0161\u0137inot uz \u0161\u012bs saites. Tiks iestat\u012bts atteik\u0161an\u0101s s\u012bkfails, lai nov\u0113rstu j\u016bsu datu apkopo\u0161anu, turpm\u0101k apmekl\u0113jot \u0161o vietni: [borlabs_cookie_opt_out tracking=\u201dgoogle-analytics\u201d]<\/span><\/p>\n<p><span style=\"font-weight: 400;\">Papildinform\u0101ciju par to, k\u0101 Google Analytics apstr\u0101d\u0101 lietot\u0101ju datus, skatiet Google konfidencialit\u0101tes politik\u0101: <\/span><a href=\"https:\/\/support.google.com\/analytics\/answer\/6004245?hl=lv\"><span style=\"font-weight: 400;\">https:\/\/support.google.com\/analytics\/answer\/6004245?hl=lv<\/span><\/a><span style=\"font-weight: 400;\">.<\/span><\/p>\n<h4><b>5. Plugins un tools<\/b><\/h4>\n<p><b>Google t\u012bmek\u013ca fonti<\/b><\/p>\n<p><span style=\"font-weight: 400;\">Vienveid\u012bgam fontu att\u0113lojumam \u0161aj\u0101 lap\u0101 tiek izmantoti Google nodro\u0161in\u0101tie t\u012bmek\u013ca fonti. Atverot lapu, p\u0101rl\u016bkprogramma iel\u0101d\u0113 nepiecie\u0161amos t\u012bmek\u013ca fontus p\u0101rl\u016bkprogrammas ke\u0161atmi\u0146\u0101, lai pareizi par\u0101d\u012btu tekstus un fontus.<\/span><\/p>\n<p><span style=\"font-weight: 400;\">\u0160im nol\u016bkam j\u016bsu p\u0101rl\u016bkprogrammai ir j\u0101izveido tie\u0161s savienojums ar Google serveriem. T\u0101d\u0113j\u0101di Google uzzina, ka m\u016bsu t\u012bmek\u013ca lapai tika piek\u013c\u016bts, izmantojot j\u016bsu IP adresi. Google Web fontu izmanto\u0161ana tiek veikta, lai nodro\u0161in\u0101tu unik\u0101lu un vienotu m\u016bsu vietnes prezent\u0101ciju. T\u0101 ir pamatota interese saska\u0146\u0101 ar Art. 6 (1) (f) DSGVO.<\/span><\/p>\n<p><span style=\"font-weight: 400;\">Ja j\u016bsu p\u0101rl\u016bkprogramma neatbalsta t\u012bmek\u013ca fontus, dator\u0101 tiek izmantots standarta fonts.<\/span><\/p>\n<p><span style=\"font-weight: 400;\">Papildinform\u0101ciju par lietot\u0101ju datu apstr\u0101di var atrast vietn\u0113 https:\/\/developers.google.com\/fonts\/faq un Google konfidencialit\u0101tes politik\u0101 <\/span><a href=\"https:\/\/www.google.com\/policies\/privacy\/\"><span style=\"font-weight: 400;\">https:\/\/www.google.com\/policies\/privacy\/<\/span><\/a><span style=\"font-weight: 400;\">.\u00a0<\/span><\/p>\n<p><b>Google kartes<\/b><\/p>\n<p><span style=\"font-weight: 400;\">\u0160\u012b vietne izmanto Google Maps kar\u0161u pakalpojumu, izmantojot API. To p\u0101rvalda Google Inc., 1600 Amphitheatre Parkway, Mountain View, CA 94043, USA.<\/span><\/p>\n<p><span style=\"font-weight: 400;\">Lai izmantotu Google Maps, ir j\u0101saglab\u0101 sava IP adrese. \u0160\u012b inform\u0101cija parasti tiek p\u0101rs\u016bt\u012bta uz Google serveri ASV un tur glab\u0101ta. \u0160\u012bs vietnes nodro\u0161in\u0101t\u0101js nevar ietekm\u0113t \u0161o datu p\u0101rs\u016bt\u012b\u0161anu.<\/span><\/p>\n<p><span style=\"font-weight: 400;\">Google Maps izmanto\u0161ana ir paredz\u0113ta, lai padar\u012btu m\u016bsu vietni pievilc\u012bgu un atvieglotu m\u016bsu nor\u0101d\u012bto vietu atra\u0161an\u0101s vietu vietn\u0113. T\u0101 ir pamatota interese saska\u0146\u0101 ar Art. 6 (1) (f) DSGVO.<\/span><\/p>\n<p><span style=\"font-weight: 400;\">Papildinform\u0101ciju par lietot\u0101ju datu apstr\u0101di var atrast Google datu aizsardz\u012bbas deklar\u0101cij\u0101 vietn\u0113 https:\/\/policies.google.com\/privacy?hl=lv.<\/span><\/p>\n<p><span style=\"font-weight: 400;\">[borlabs_cookie]<\/span><\/p>\n","protected":false},"excerpt":{"rendered":"<p>MAA intelengineering SIA Datu aizsardz\u012bba 1. P\u0101rskats par datu aizsardz\u012bbu Galven\u0101 inform\u0101cija T\u0101l\u0101k sniegts vienk\u0101r\u0161s p\u0101rskats par to, kas notiek<\/p>\n","protected":false},"author":1,"featured_media":0,"parent":0,"menu_order":0,"comment_status":"closed","ping_status":"closed","template":"","meta":{"footnotes":""},"class_list":["post-1260061241","page","type-page","status-publish","hentry"],"yoast_head":"<!-- This site is optimized with the Yoast SEO plugin v27.1.1 - https:\/\/yoast.com\/product\/yoast-seo-wordpress\/ -->\n<title>Priv\u0101tuma politika - My industrial<\/title>\n<meta name=\"robots\" content=\"index, follow, max-snippet:-1, max-image-preview:large, max-video-preview:-1\" \/>\n<link rel=\"canonical\" href=\"https:\/\/myindustrial.eu\/lv\/privacy-policy\/\" \/>\n<meta property=\"og:locale\" content=\"lv_LV\" \/>\n<meta property=\"og:type\" content=\"article\" \/>\n<meta property=\"og:title\" content=\"Priv\u0101tuma politika - My industrial\" \/>\n<meta property=\"og:description\" content=\"MAA intelengineering SIA Datu aizsardz\u012bba 1. P\u0101rskats par datu aizsardz\u012bbu Galven\u0101 inform\u0101cija T\u0101l\u0101k sniegts vienk\u0101r\u0161s p\u0101rskats par to, kas notiek\" \/>\n<meta property=\"og:url\" content=\"https:\/\/myindustrial.eu\/lv\/privacy-policy\/\" \/>\n<meta property=\"og:site_name\" content=\"My industrial\" \/>\n<meta property=\"article:modified_time\" content=\"2022-06-06T09:36:50+00:00\" \/>\n<meta name=\"twitter:card\" content=\"summary_large_image\" \/>\n<script type=\"application\/ld+json\" class=\"yoast-schema-graph\">{\"@context\":\"https:\/\/schema.org\",\"@graph\":[{\"@type\":\"WebPage\",\"@id\":\"https:\/\/myindustrial.eu\/lv\/privacy-policy\/\",\"url\":\"https:\/\/myindustrial.eu\/lv\/privacy-policy\/\",\"name\":\"Priv\u0101tuma politika - My industrial\",\"isPartOf\":{\"@id\":\"https:\/\/myindustrial.eu\/lv\/#website\"},\"datePublished\":\"2022-06-06T09:28:24+00:00\",\"dateModified\":\"2022-06-06T09:36:50+00:00\",\"breadcrumb\":{\"@id\":\"https:\/\/myindustrial.eu\/lv\/privacy-policy\/#breadcrumb\"},\"inLanguage\":\"lv-LV\",\"potentialAction\":[{\"@type\":\"ReadAction\",\"target\":[\"https:\/\/myindustrial.eu\/lv\/privacy-policy\/\"]}]},{\"@type\":\"BreadcrumbList\",\"@id\":\"https:\/\/myindustrial.eu\/lv\/privacy-policy\/#breadcrumb\",\"itemListElement\":[{\"@type\":\"ListItem\",\"position\":1,\"name\":\"Home\",\"item\":\"https:\/\/myindustrial.eu\/lv\/\"},{\"@type\":\"ListItem\",\"position\":2,\"name\":\"Priv\u0101tuma politika\"}]},{\"@type\":\"WebSite\",\"@id\":\"https:\/\/myindustrial.eu\/lv\/#website\",\"url\":\"https:\/\/myindustrial.eu\/lv\/\",\"name\":\"My industrial\",\"description\":\"\",\"potentialAction\":[{\"@type\":\"SearchAction\",\"target\":{\"@type\":\"EntryPoint\",\"urlTemplate\":\"https:\/\/myindustrial.eu\/lv\/?s={search_term_string}\"},\"query-input\":{\"@type\":\"PropertyValueSpecification\",\"valueRequired\":true,\"valueName\":\"search_term_string\"}}],\"inLanguage\":\"lv-LV\"}]}<\/script>\n<!-- \/ Yoast SEO plugin. -->","yoast_head_json":{"title":"Priv\u0101tuma politika - My industrial","robots":{"index":"index","follow":"follow","max-snippet":"max-snippet:-1","max-image-preview":"max-image-preview:large","max-video-preview":"max-video-preview:-1"},"canonical":"https:\/\/myindustrial.eu\/lv\/privacy-policy\/","og_locale":"lv_LV","og_type":"article","og_title":"Priv\u0101tuma politika - My industrial","og_description":"MAA intelengineering SIA Datu aizsardz\u012bba 1. P\u0101rskats par datu aizsardz\u012bbu Galven\u0101 inform\u0101cija T\u0101l\u0101k sniegts vienk\u0101r\u0161s p\u0101rskats par to, kas notiek","og_url":"https:\/\/myindustrial.eu\/lv\/privacy-policy\/","og_site_name":"My industrial","article_modified_time":"2022-06-06T09:36:50+00:00","twitter_card":"summary_large_image","schema":{"@context":"https:\/\/schema.org","@graph":[{"@type":"WebPage","@id":"https:\/\/myindustrial.eu\/lv\/privacy-policy\/","url":"https:\/\/myindustrial.eu\/lv\/privacy-policy\/","name":"Priv\u0101tuma politika - My industrial","isPartOf":{"@id":"https:\/\/myindustrial.eu\/lv\/#website"},"datePublished":"2022-06-06T09:28:24+00:00","dateModified":"2022-06-06T09:36:50+00:00","breadcrumb":{"@id":"https:\/\/myindustrial.eu\/lv\/privacy-policy\/#breadcrumb"},"inLanguage":"lv-LV","potentialAction":[{"@type":"ReadAction","target":["https:\/\/myindustrial.eu\/lv\/privacy-policy\/"]}]},{"@type":"BreadcrumbList","@id":"https:\/\/myindustrial.eu\/lv\/privacy-policy\/#breadcrumb","itemListElement":[{"@type":"ListItem","position":1,"name":"Home","item":"https:\/\/myindustrial.eu\/lv\/"},{"@type":"ListItem","position":2,"name":"Priv\u0101tuma politika"}]},{"@type":"WebSite","@id":"https:\/\/myindustrial.eu\/lv\/#website","url":"https:\/\/myindustrial.eu\/lv\/","name":"My industrial","description":"","potentialAction":[{"@type":"SearchAction","target":{"@type":"EntryPoint","urlTemplate":"https:\/\/myindustrial.eu\/lv\/?s={search_term_string}"},"query-input":{"@type":"PropertyValueSpecification","valueRequired":true,"valueName":"search_term_string"}}],"inLanguage":"lv-LV"}]}},"_links":{"self":[{"href":"https:\/\/myindustrial.eu\/lv\/wp-json\/wp\/v2\/pages\/1260061241","targetHints":{"allow":["GET"]}}],"collection":[{"href":"https:\/\/myindustrial.eu\/lv\/wp-json\/wp\/v2\/pages"}],"about":[{"href":"https:\/\/myindustrial.eu\/lv\/wp-json\/wp\/v2\/types\/page"}],"author":[{"embeddable":true,"href":"https:\/\/myindustrial.eu\/lv\/wp-json\/wp\/v2\/users\/1"}],"replies":[{"embeddable":true,"href":"https:\/\/myindustrial.eu\/lv\/wp-json\/wp\/v2\/comments?post=1260061241"}],"version-history":[{"count":2,"href":"https:\/\/myindustrial.eu\/lv\/wp-json\/wp\/v2\/pages\/1260061241\/revisions"}],"predecessor-version":[{"id":1260061247,"href":"https:\/\/myindustrial.eu\/lv\/wp-json\/wp\/v2\/pages\/1260061241\/revisions\/1260061247"}],"wp:attachment":[{"href":"https:\/\/myindustrial.eu\/lv\/wp-json\/wp\/v2\/media?parent=1260061241"}],"curies":[{"name":"wp","href":"https:\/\/api.w.org\/{rel}","templated":true}]}}