{"id":1260063184,"date":"2022-12-21T16:27:52","date_gmt":"2022-12-21T16:27:52","guid":{"rendered":"https:\/\/myindustrial.eu\/training-and-internship\/"},"modified":"2025-02-03T16:14:35","modified_gmt":"2025-02-03T16:14:35","slug":"apmacibas-un-prakse","status":"publish","type":"page","link":"https:\/\/myindustrial.eu\/lv\/apmacibas-un-prakse\/","title":{"rendered":"APM\u0100C\u012aBAS UN PRAKSE"},"content":{"rendered":"<p>[vc_row][vc_column][vc_column_text woodmart_inline=&#8221;no&#8221; text_larger=&#8221;no&#8221;]<\/p>\n<h4><b>J\u016bsu profesion\u0101l\u0101 apm\u0101c\u012bba MAA intelenineering!<\/b><\/h4>\n<p><span style=\"font-weight: 400;\">Tehnolo\u0123ijas un inov\u0101cijas ir m\u016bsu pan\u0101kumu m\u0113r\u0137i. Ja jums pat\u012bk str\u0101d\u0101t ar sav\u0101m rok\u0101m un jums pat\u012bk pat vissare\u017e\u0123\u012bt\u0101kie konteksti, j\u016bs esat \u012bstaj\u0101 viet\u0101.<\/span><\/p>\n<p><span style=\"font-weight: 400;\">M\u0101c\u012bbas tiek uzskat\u012btas par \u013coti svar\u012bgu t\u0113mu MAA intelenineering. K\u0101 komandas uz\u0146\u0113mums mums ir soci\u0101la atbild\u012bba pa\u0161iem apm\u0101c\u012bt r\u012btdienas ekspertus.<\/span><\/p>\n<p><span style=\"font-weight: 400;\">Atbilsto\u0161i J\u016bsu talantiem un v\u0113lm\u0113m pied\u0101v\u0101jam Jums pamatotu apm\u0101c\u012bbu tehniskaj\u0101 vai komerci\u0101laj\u0101 jom\u0101 &#8211; uz<\/span><\/p>\n<ul>\n<li><span style=\"font-weight: 400;\">m\u0101cek\u013ca vietas<\/span><\/li>\n<li>un studiju+darba ietvaros.<\/li>\n<li>komerci\u0101l\u0101s\/tehnisk\u0101s, biznesa un IT profesijas.<\/li>\n<\/ul>\n<p><span style=\"font-weight: 400;\">M\u016bsu m\u0113r\u0137is ir optim\u0101li sagatavot praktikantus vi\u0146u darbam, lai vi\u0146i var\u0113tu tikt gal\u0101 ar ikdienas darba pras\u012bb\u0101m.<\/span><\/p>\n<p><span style=\"font-weight: 400;\">Ja neesat \u012bsti p\u0101rliecin\u0101ts par savu l\u0113mumu, vienk\u0101r\u0161i run\u0101jiet ar mums \u2013 m\u0113s, protams, ar prieku jums pal\u012bdz\u0113sim un sniegsim pamatotu padomu.<\/span>[\/vc_column_text][vc_single_image image=&#8221;1260065040&#8243; img_size=&#8221;full&#8221; alignment=&#8221;center&#8221; parallax_scroll=&#8221;no&#8221; woodmart_inline=&#8221;no&#8221;][vc_column_text woodmart_inline=&#8221;no&#8221; text_larger=&#8221;no&#8221;]<\/p>\n<h4><b>Studentu prakses \/ Str\u0101d\u0101jo\u0161ie student<\/b><\/h4>\n<p><span style=\"font-weight: 400;\">Vai jums ir k\u0101da ideja, ko dar\u012bt p\u0113c skolas? Vai dom\u0101jat, k\u0101ds var\u0113tu izskat\u012bties j\u016bsu solis darba dz\u012bv\u0113? MAA intelengineering j\u016bs varat izv\u0113l\u0113ties starp pied\u0101v\u0101taj\u0101m aizraujo\u0161aj\u0101m m\u0101cek\u013cu programm\u0101m &#8211; no komerci\u0101las l\u012bdz r\u016bpnieciskai\/tehniskai.<\/span><\/p>\n<p><span style=\"font-weight: 400;\">Neatkar\u012bgi no t\u0101, vai esat skolas praktikants karjeras virzien\u0101 vai students, kur\u0161 mekl\u0113 pamata un\/vai speci\u0101listu praksi vai ilgtermi\u0146a studenta praktikanta vietu ar iesp\u0113ju rakst\u012bt bakalaura un\/vai ma\u0123istra darbu \u2013 motiv\u0113ti un ap\u0146\u0113m\u012bgi studenti un praktikanti vienm\u0113r ir laipni gaid\u012bti MAA intelenineering.<\/span><\/p>\n<p><span style=\"font-weight: 400;\">M\u0113s esam p\u0101rliecin\u0101ti, ka jums ir piem\u0113rota ideja, un ar nepaciet\u012bbu gaid\u0101m iesp\u0113ju ar jums iepaz\u012bties! Ja j\u016bs interes\u0113 prakse, izmantojiet iesp\u0113ju tagad un nos\u016btiet mums savu \u012bso pieteikumu ar v\u0113lamo jomu un laika periodu uz maaie@maaie.net!<\/span>[\/vc_column_text][vc_row_inner][vc_column_inner width=&#8221;1\/2&#8243;][vc_column_text woodmart_inline=&#8221;no&#8221; text_larger=&#8221;no&#8221;]<\/p>\n<h4><b>Iemesli, k\u0101p\u0113c j\u016bs esat mums vislab\u0101kie<\/b><\/h4>\n<p><span style=\"font-weight: 400;\">Papildus lab\u0101m atz\u012bm\u0113m mums ir svar\u012bgi, lai j\u016bs:<\/span><\/p>\n<ul>\n<li><span style=\"font-weight: 400;\">iniciat\u012bva un v\u0113lme m\u0101c\u012bties;<\/span><\/li>\n<li>Ac\u012bmredzams gribassp\u0113ks c\u012bt\u012bgi un patst\u0101v\u012bgi m\u0101c\u012bties,<\/li>\n<li>Iztur\u012bba un rado\u0161ums,<\/li>\n<li>Esi draudz\u012bgs un p\u0101rliecin\u0101ts, un<\/li>\n<li>Lo\u0123iski izskatiet pat sare\u017e\u0123\u012btus jaut\u0101jumus.<\/li>\n<\/ul>\n<p>[\/vc_column_text][\/vc_column_inner][vc_column_inner width=&#8221;1\/2&#8243;][vc_single_image image=&#8221;1260062388&#8243; img_size=&#8221;full&#8221; parallax_scroll=&#8221;no&#8221; woodmart_inline=&#8221;no&#8221;][\/vc_column_inner][\/vc_row_inner][\/vc_column][\/vc_row][vc_row][vc_column][vc_column_text woodmart_inline=&#8221;no&#8221; text_larger=&#8221;no&#8221;]<\/p>\n<h4><b>Pieteik\u0161an\u0101s padomi darba dz\u012bves s\u0101k\u0161anai<\/b><\/h4>\n<p><span style=\"font-weight: 400;\">Pieteik\u0161an\u0101s darbam iez\u012bm\u0113 jauna posma s\u0101kumu tav\u0101 dz\u012bv\u0113! Tagad j\u016bs konkur\u0113jat ar daudziem citiem pretendentiem, kurus interes\u0113 m\u0101cek\u013ca prakse. T\u0101p\u0113c j\u016bsu pieteikuma forma, saturs un laiks ir \u013coti svar\u012bgi: nav otras iesp\u0113jas g\u016bt pirmo iespaidu!<\/span><\/p>\n<p><span style=\"font-weight: 400;\">Ja v\u0113laties izcelties un p\u0101rliecin\u0101t ar savu pieteikumu, jums vajadz\u0113tu ieguld\u012bt laiku un padom\u0101t par saturu. Ierakst\u012bt\u0101s paraugu veidnes izskat\u0101s bezpersoniskas un paz\u016bd p\u016bl\u012b. T\u0101p\u0113c ir \u013coti svar\u012bgi r\u016bp\u012bgi p\u0101rdom\u0101t, k\u0101p\u0113c esat izv\u0113l\u0113jies k\u0101du konkr\u0113tu apm\u0101c\u012bbu profesiju. Vai j\u016bsu stipr\u0101s puses atbilst amata apraksta pras\u012bb\u0101m? K\u0101di ir j\u016bsu sap\u0146u darba uzdevumi un aktivit\u0101tes? &#8211; un vai tie atbilst j\u016bsu prasm\u0113m un interes\u0113m? Pieteikuma v\u0113stul\u0113 ar\u012b paskaidrojiet, k\u0101p\u0113c v\u0113laties uzs\u0101kt m\u0101c\u012bbas MAA inteleningineering un k\u0101p\u0113c esat \u012bstais kandid\u0101ts \u0161im apm\u0101c\u012bbu amatam.<\/span>[\/vc_column_text][vc_single_image image=&#8221;1260062393&#8243; img_size=&#8221;full&#8221; alignment=&#8221;center&#8221; parallax_scroll=&#8221;no&#8221; woodmart_inline=&#8221;no&#8221;][\/vc_column][\/vc_row][vc_row][vc_column width=&#8221;1\/2&#8243;][vc_column_text woodmart_inline=&#8221;no&#8221; text_larger=&#8221;no&#8221;]<\/p>\n<h4><b>Gaid\u012bsim zi\u0146u! \u0160\u0101di j\u016bs varat sazin\u0101ties ar mums.<\/b><\/h4>\n<p><strong>Kontaktpersona<\/strong><\/p>\n<p><span style=\"font-weight: 400;\">Aleksandrs Mihailovs<\/span><\/p>\n<p><span style=\"font-weight: 400;\">Valdes loceklis<\/span><\/p>\n<p><span style=\"font-weight: 400;\">T\u0101lrunis: + 371 26390398<\/span><\/p>\n<p><span style=\"font-weight: 400;\">maaie@maaie.net<\/span>[\/vc_column_text][\/vc_column][vc_column width=&#8221;1\/2&#8243;][vc_single_image image=&#8221;1260064941&#8243; img_size=&#8221;full&#8221; parallax_scroll=&#8221;no&#8221; woodmart_inline=&#8221;no&#8221;][\/vc_column][\/vc_row]<\/p>\n","protected":false},"excerpt":{"rendered":"<p>[vc_row][vc_column][vc_column_text woodmart_inline=&#8221;no&#8221; text_larger=&#8221;no&#8221;] J\u016bsu profesion\u0101l\u0101 apm\u0101c\u012bba MAA intelenineering! Tehnolo\u0123ijas un inov\u0101cijas ir m\u016bsu pan\u0101kumu m\u0113r\u0137i. Ja jums pat\u012bk str\u0101d\u0101t ar<\/p>\n","protected":false},"author":1,"featured_media":0,"parent":0,"menu_order":0,"comment_status":"closed","ping_status":"closed","template":"","meta":{"footnotes":""},"class_list":["post-1260063184","page","type-page","status-publish","hentry"],"yoast_head":"<!-- This site is optimized with the Yoast SEO plugin v27.1.1 - https:\/\/yoast.com\/product\/yoast-seo-wordpress\/ -->\n<title>APM\u0100C\u012aBAS UN PRAKSE - My industrial<\/title>\n<meta name=\"robots\" content=\"index, follow, max-snippet:-1, max-image-preview:large, max-video-preview:-1\" \/>\n<link rel=\"canonical\" href=\"https:\/\/myindustrial.eu\/lv\/apmacibas-un-prakse\/\" \/>\n<meta property=\"og:locale\" content=\"lv_LV\" \/>\n<meta property=\"og:type\" content=\"article\" \/>\n<meta property=\"og:title\" content=\"APM\u0100C\u012aBAS UN PRAKSE - My industrial\" \/>\n<meta property=\"og:description\" content=\"[vc_row][vc_column][vc_column_text woodmart_inline=&#8221;no&#8221; text_larger=&#8221;no&#8221;] J\u016bsu profesion\u0101l\u0101 apm\u0101c\u012bba MAA intelenineering! Tehnolo\u0123ijas un inov\u0101cijas ir m\u016bsu pan\u0101kumu m\u0113r\u0137i. Ja jums pat\u012bk str\u0101d\u0101t ar\" \/>\n<meta property=\"og:url\" content=\"https:\/\/myindustrial.eu\/lv\/apmacibas-un-prakse\/\" \/>\n<meta property=\"og:site_name\" content=\"My industrial\" \/>\n<meta property=\"article:modified_time\" content=\"2025-02-03T16:14:35+00:00\" \/>\n<meta name=\"twitter:card\" content=\"summary_large_image\" \/>\n<script type=\"application\/ld+json\" class=\"yoast-schema-graph\">{\"@context\":\"https:\/\/schema.org\",\"@graph\":[{\"@type\":\"WebPage\",\"@id\":\"https:\/\/myindustrial.eu\/lv\/apmacibas-un-prakse\/\",\"url\":\"https:\/\/myindustrial.eu\/lv\/apmacibas-un-prakse\/\",\"name\":\"APM\u0100C\u012aBAS UN PRAKSE - My industrial\",\"isPartOf\":{\"@id\":\"https:\/\/myindustrial.eu\/lv\/#website\"},\"datePublished\":\"2022-12-21T16:27:52+00:00\",\"dateModified\":\"2025-02-03T16:14:35+00:00\",\"breadcrumb\":{\"@id\":\"https:\/\/myindustrial.eu\/lv\/apmacibas-un-prakse\/#breadcrumb\"},\"inLanguage\":\"lv-LV\",\"potentialAction\":[{\"@type\":\"ReadAction\",\"target\":[\"https:\/\/myindustrial.eu\/lv\/apmacibas-un-prakse\/\"]}]},{\"@type\":\"BreadcrumbList\",\"@id\":\"https:\/\/myindustrial.eu\/lv\/apmacibas-un-prakse\/#breadcrumb\",\"itemListElement\":[{\"@type\":\"ListItem\",\"position\":1,\"name\":\"Home\",\"item\":\"https:\/\/myindustrial.eu\/lv\/\"},{\"@type\":\"ListItem\",\"position\":2,\"name\":\"APM\u0100C\u012aBAS UN PRAKSE\"}]},{\"@type\":\"WebSite\",\"@id\":\"https:\/\/myindustrial.eu\/lv\/#website\",\"url\":\"https:\/\/myindustrial.eu\/lv\/\",\"name\":\"My industrial\",\"description\":\"\",\"potentialAction\":[{\"@type\":\"SearchAction\",\"target\":{\"@type\":\"EntryPoint\",\"urlTemplate\":\"https:\/\/myindustrial.eu\/lv\/?s={search_term_string}\"},\"query-input\":{\"@type\":\"PropertyValueSpecification\",\"valueRequired\":true,\"valueName\":\"search_term_string\"}}],\"inLanguage\":\"lv-LV\"}]}<\/script>\n<!-- \/ Yoast SEO plugin. -->","yoast_head_json":{"title":"APM\u0100C\u012aBAS UN PRAKSE - My industrial","robots":{"index":"index","follow":"follow","max-snippet":"max-snippet:-1","max-image-preview":"max-image-preview:large","max-video-preview":"max-video-preview:-1"},"canonical":"https:\/\/myindustrial.eu\/lv\/apmacibas-un-prakse\/","og_locale":"lv_LV","og_type":"article","og_title":"APM\u0100C\u012aBAS UN PRAKSE - My industrial","og_description":"[vc_row][vc_column][vc_column_text woodmart_inline=&#8221;no&#8221; text_larger=&#8221;no&#8221;] J\u016bsu profesion\u0101l\u0101 apm\u0101c\u012bba MAA intelenineering! Tehnolo\u0123ijas un inov\u0101cijas ir m\u016bsu pan\u0101kumu m\u0113r\u0137i. Ja jums pat\u012bk str\u0101d\u0101t ar","og_url":"https:\/\/myindustrial.eu\/lv\/apmacibas-un-prakse\/","og_site_name":"My industrial","article_modified_time":"2025-02-03T16:14:35+00:00","twitter_card":"summary_large_image","schema":{"@context":"https:\/\/schema.org","@graph":[{"@type":"WebPage","@id":"https:\/\/myindustrial.eu\/lv\/apmacibas-un-prakse\/","url":"https:\/\/myindustrial.eu\/lv\/apmacibas-un-prakse\/","name":"APM\u0100C\u012aBAS UN PRAKSE - My industrial","isPartOf":{"@id":"https:\/\/myindustrial.eu\/lv\/#website"},"datePublished":"2022-12-21T16:27:52+00:00","dateModified":"2025-02-03T16:14:35+00:00","breadcrumb":{"@id":"https:\/\/myindustrial.eu\/lv\/apmacibas-un-prakse\/#breadcrumb"},"inLanguage":"lv-LV","potentialAction":[{"@type":"ReadAction","target":["https:\/\/myindustrial.eu\/lv\/apmacibas-un-prakse\/"]}]},{"@type":"BreadcrumbList","@id":"https:\/\/myindustrial.eu\/lv\/apmacibas-un-prakse\/#breadcrumb","itemListElement":[{"@type":"ListItem","position":1,"name":"Home","item":"https:\/\/myindustrial.eu\/lv\/"},{"@type":"ListItem","position":2,"name":"APM\u0100C\u012aBAS UN PRAKSE"}]},{"@type":"WebSite","@id":"https:\/\/myindustrial.eu\/lv\/#website","url":"https:\/\/myindustrial.eu\/lv\/","name":"My industrial","description":"","potentialAction":[{"@type":"SearchAction","target":{"@type":"EntryPoint","urlTemplate":"https:\/\/myindustrial.eu\/lv\/?s={search_term_string}"},"query-input":{"@type":"PropertyValueSpecification","valueRequired":true,"valueName":"search_term_string"}}],"inLanguage":"lv-LV"}]}},"_links":{"self":[{"href":"https:\/\/myindustrial.eu\/lv\/wp-json\/wp\/v2\/pages\/1260063184","targetHints":{"allow":["GET"]}}],"collection":[{"href":"https:\/\/myindustrial.eu\/lv\/wp-json\/wp\/v2\/pages"}],"about":[{"href":"https:\/\/myindustrial.eu\/lv\/wp-json\/wp\/v2\/types\/page"}],"author":[{"embeddable":true,"href":"https:\/\/myindustrial.eu\/lv\/wp-json\/wp\/v2\/users\/1"}],"replies":[{"embeddable":true,"href":"https:\/\/myindustrial.eu\/lv\/wp-json\/wp\/v2\/comments?post=1260063184"}],"version-history":[{"count":4,"href":"https:\/\/myindustrial.eu\/lv\/wp-json\/wp\/v2\/pages\/1260063184\/revisions"}],"predecessor-version":[{"id":1260065717,"href":"https:\/\/myindustrial.eu\/lv\/wp-json\/wp\/v2\/pages\/1260063184\/revisions\/1260065717"}],"wp:attachment":[{"href":"https:\/\/myindustrial.eu\/lv\/wp-json\/wp\/v2\/media?parent=1260063184"}],"curies":[{"name":"wp","href":"https:\/\/api.w.org\/{rel}","templated":true}]}}