{"id":1260058973,"date":"2022-01-14T01:56:56","date_gmt":"2022-01-14T01:56:56","guid":{"rendered":"https:\/\/myindustrial.eu\/shop-2\/uncategorized\/celtna-vadibas-bloks-kst10-pagriezams\/"},"modified":"2023-06-16T20:16:42","modified_gmt":"2023-06-16T20:16:42","slug":"celtna-vadibas-bloks-kst10-pagriezams","status":"publish","type":"product","link":"https:\/\/myindustrial.eu\/lv\/shop\/rupnieciskie-kontrolieri-dzoistiki-un-konsoles\/crane-control-units-equipment-lv\/celtna-vadibas-bloki\/celtna-vadibas-bloks-kst10-pagriezams\/","title":{"rendered":"Celt\u0146a vad\u012bbas bloks KST10 pagrie\u017eams"},"content":{"rendered":"<p>KST8, KST6, KST4, KST10 ir ergonomiski veidots groz\u0101ms vad\u012bbas kr\u0113sls, kas nodro\u0161ina augstu komforta pak\u0101pi.Apr\u012bkojuma k\u0101rbas ir regul\u0113jamas vertik\u0101li un horizont\u0101li. Kursorsviru, indikatoru un vad\u012bbas ier\u012b\u010du izvietojums tiek piel\u0101gots atbilsto\u0161i klientu specifik\u0101cij\u0101m. Kabe\u013cu izveide tiek veikta caur \u0161\u0137\u0113rsstieni travers\u0101 (spai\u013cu bloks). P\u0113c piepras\u012bjuma ir pieejamas \u012bpa\u0161as kastes.Standarta KST8, KST6, KST4, KST10 ir apr\u012bkots ar KFS11 s\u0113dekli. Pats s\u0113deklis ir apr\u012bkots ar hidraulisko vibr\u0101ciju absorbcijas sist\u0113mu ar svara regul\u0113\u0161anu, s\u0113deklis ir apr\u012bkots ar roku balstiem un galvas balstu. Ir iesp\u0113ja s\u0113dekli p\u0101rkl\u0101t ar m\u0101ksl\u012bgu gaisu caurlaid\u012bgu \u0101du.T\u0113rauda loksnes \u0161\u0137\u0113rssijas v\u0101ks, ieskaitot vad\u012bt\u0101ja s\u0113dekli, ir salok\u0101ms uz priek\u0161u. T\u0101d\u0113j\u0101di visi vadi, spailes un bukses ir viegli pieejami ekspluat\u0101cijas uzs\u0101k\u0161anas un apkopes laik\u0101. Groz\u0101majai pamatnei ir nulles atstarpes gultnis, un to var nofiks\u0113t vai nu ar fiksatoru (standarta) 3 \u00b0 pak\u0101p\u0113s, vai bezpak\u0101pju ar berzes bremzi.<\/p>\n","protected":false},"excerpt":{"rendered":"<p><a href=\"\/wp-content\/uploads\/gessmann\/KST10.pdf\" target=\"_blank\" rel=\"noopener\"><img decoding=\"async\" src=\"\/wp-content\/uploads\/2023\/02\/download-button-lv.svg\" \/><\/a><\/p>\n","protected":false},"featured_media":1260057764,"template":"","meta":[],"product_brand":[],"product_cat":[1338],"product_tag":[],"class_list":{"0":"post-1260058973","1":"product","2":"type-product","3":"status-publish","4":"has-post-thumbnail","6":"product_cat-celtna-vadibas-bloki","8":"first","9":"instock","10":"product-type-simple"},"yoast_head":"<!-- This site is optimized with the Yoast SEO plugin v27.1.1 - https:\/\/yoast.com\/product\/yoast-seo-wordpress\/ -->\n<title>Celt\u0146a vad\u012bbas bloks KST10 pagrie\u017eams - My industrial<\/title>\n<meta name=\"robots\" content=\"index, follow, max-snippet:-1, max-image-preview:large, max-video-preview:-1\" \/>\n<link rel=\"canonical\" href=\"https:\/\/myindustrial.eu\/lv\/shop\/rupnieciskie-kontrolieri-dzoistiki-un-konsoles\/crane-control-units-equipment-lv\/celtna-vadibas-bloki\/celtna-vadibas-bloks-kst10-pagriezams\/\" \/>\n<meta property=\"og:locale\" content=\"lv_LV\" \/>\n<meta property=\"og:type\" content=\"article\" \/>\n<meta property=\"og:title\" content=\"Celt\u0146a vad\u012bbas bloks KST10 pagrie\u017eams - My industrial\" \/>\n<meta property=\"og:url\" content=\"https:\/\/myindustrial.eu\/lv\/shop\/rupnieciskie-kontrolieri-dzoistiki-un-konsoles\/crane-control-units-equipment-lv\/celtna-vadibas-bloki\/celtna-vadibas-bloks-kst10-pagriezams\/\" \/>\n<meta property=\"og:site_name\" content=\"My industrial\" \/>\n<meta property=\"article:modified_time\" content=\"2023-06-16T20:16:42+00:00\" \/>\n<meta property=\"og:image\" content=\"https:\/\/myindustrial.eu\/wp-content\/uploads\/2022\/01\/KST10-3-3.webp\" \/>\n\t<meta property=\"og:image:width\" content=\"500\" \/>\n\t<meta property=\"og:image:height\" content=\"500\" \/>\n\t<meta property=\"og:image:type\" content=\"image\/webp\" \/>\n<meta name=\"twitter:card\" content=\"summary_large_image\" \/>\n<script type=\"application\/ld+json\" class=\"yoast-schema-graph\">{\"@context\":\"https:\/\/schema.org\",\"@graph\":[{\"@type\":\"WebPage\",\"@id\":\"https:\/\/myindustrial.eu\/lv\/shop\/rupnieciskie-kontrolieri-dzoistiki-un-konsoles\/crane-control-units-equipment-lv\/celtna-vadibas-bloki\/celtna-vadibas-bloks-kst10-pagriezams\/\",\"url\":\"https:\/\/myindustrial.eu\/lv\/shop\/rupnieciskie-kontrolieri-dzoistiki-un-konsoles\/crane-control-units-equipment-lv\/celtna-vadibas-bloki\/celtna-vadibas-bloks-kst10-pagriezams\/\",\"name\":\"Celt\u0146a vad\u012bbas bloks KST10 pagrie\u017eams - My industrial\",\"isPartOf\":{\"@id\":\"https:\/\/myindustrial.eu\/lv\/#website\"},\"primaryImageOfPage\":{\"@id\":\"https:\/\/myindustrial.eu\/lv\/shop\/rupnieciskie-kontrolieri-dzoistiki-un-konsoles\/crane-control-units-equipment-lv\/celtna-vadibas-bloki\/celtna-vadibas-bloks-kst10-pagriezams\/#primaryimage\"},\"image\":{\"@id\":\"https:\/\/myindustrial.eu\/lv\/shop\/rupnieciskie-kontrolieri-dzoistiki-un-konsoles\/crane-control-units-equipment-lv\/celtna-vadibas-bloki\/celtna-vadibas-bloks-kst10-pagriezams\/#primaryimage\"},\"thumbnailUrl\":\"https:\/\/myindustrial.eu\/wp-content\/uploads\/2022\/01\/KST10-3-3.webp\",\"datePublished\":\"2022-01-14T01:56:56+00:00\",\"dateModified\":\"2023-06-16T20:16:42+00:00\",\"breadcrumb\":{\"@id\":\"https:\/\/myindustrial.eu\/lv\/shop\/rupnieciskie-kontrolieri-dzoistiki-un-konsoles\/crane-control-units-equipment-lv\/celtna-vadibas-bloki\/celtna-vadibas-bloks-kst10-pagriezams\/#breadcrumb\"},\"inLanguage\":\"lv-LV\",\"potentialAction\":[{\"@type\":\"ReadAction\",\"target\":[\"https:\/\/myindustrial.eu\/lv\/shop\/rupnieciskie-kontrolieri-dzoistiki-un-konsoles\/crane-control-units-equipment-lv\/celtna-vadibas-bloki\/celtna-vadibas-bloks-kst10-pagriezams\/\"]}]},{\"@type\":\"ImageObject\",\"inLanguage\":\"lv-LV\",\"@id\":\"https:\/\/myindustrial.eu\/lv\/shop\/rupnieciskie-kontrolieri-dzoistiki-un-konsoles\/crane-control-units-equipment-lv\/celtna-vadibas-bloki\/celtna-vadibas-bloks-kst10-pagriezams\/#primaryimage\",\"url\":\"https:\/\/myindustrial.eu\/wp-content\/uploads\/2022\/01\/KST10-3-3.webp\",\"contentUrl\":\"https:\/\/myindustrial.eu\/wp-content\/uploads\/2022\/01\/KST10-3-3.webp\",\"width\":500,\"height\":500},{\"@type\":\"BreadcrumbList\",\"@id\":\"https:\/\/myindustrial.eu\/lv\/shop\/rupnieciskie-kontrolieri-dzoistiki-un-konsoles\/crane-control-units-equipment-lv\/celtna-vadibas-bloki\/celtna-vadibas-bloks-kst10-pagriezams\/#breadcrumb\",\"itemListElement\":[{\"@type\":\"ListItem\",\"position\":1,\"name\":\"Home\",\"item\":\"https:\/\/myindustrial.eu\/lv\/\"},{\"@type\":\"ListItem\",\"position\":2,\"name\":\"Products\",\"item\":\"https:\/\/myindustrial.eu\/lv\/products\/\"},{\"@type\":\"ListItem\",\"position\":3,\"name\":\"Celt\u0146a vad\u012bbas bloks KST10 pagrie\u017eams\"}]},{\"@type\":\"WebSite\",\"@id\":\"https:\/\/myindustrial.eu\/lv\/#website\",\"url\":\"https:\/\/myindustrial.eu\/lv\/\",\"name\":\"My industrial\",\"description\":\"\",\"potentialAction\":[{\"@type\":\"SearchAction\",\"target\":{\"@type\":\"EntryPoint\",\"urlTemplate\":\"https:\/\/myindustrial.eu\/lv\/?s={search_term_string}\"},\"query-input\":{\"@type\":\"PropertyValueSpecification\",\"valueRequired\":true,\"valueName\":\"search_term_string\"}}],\"inLanguage\":\"lv-LV\"}]}<\/script>\n<!-- \/ Yoast SEO plugin. -->","yoast_head_json":{"title":"Celt\u0146a vad\u012bbas bloks KST10 pagrie\u017eams - My industrial","robots":{"index":"index","follow":"follow","max-snippet":"max-snippet:-1","max-image-preview":"max-image-preview:large","max-video-preview":"max-video-preview:-1"},"canonical":"https:\/\/myindustrial.eu\/lv\/shop\/rupnieciskie-kontrolieri-dzoistiki-un-konsoles\/crane-control-units-equipment-lv\/celtna-vadibas-bloki\/celtna-vadibas-bloks-kst10-pagriezams\/","og_locale":"lv_LV","og_type":"article","og_title":"Celt\u0146a vad\u012bbas bloks KST10 pagrie\u017eams - My industrial","og_url":"https:\/\/myindustrial.eu\/lv\/shop\/rupnieciskie-kontrolieri-dzoistiki-un-konsoles\/crane-control-units-equipment-lv\/celtna-vadibas-bloki\/celtna-vadibas-bloks-kst10-pagriezams\/","og_site_name":"My industrial","article_modified_time":"2023-06-16T20:16:42+00:00","og_image":[{"width":500,"height":500,"url":"https:\/\/myindustrial.eu\/wp-content\/uploads\/2022\/01\/KST10-3-3.webp","type":"image\/webp"}],"twitter_card":"summary_large_image","schema":{"@context":"https:\/\/schema.org","@graph":[{"@type":"WebPage","@id":"https:\/\/myindustrial.eu\/lv\/shop\/rupnieciskie-kontrolieri-dzoistiki-un-konsoles\/crane-control-units-equipment-lv\/celtna-vadibas-bloki\/celtna-vadibas-bloks-kst10-pagriezams\/","url":"https:\/\/myindustrial.eu\/lv\/shop\/rupnieciskie-kontrolieri-dzoistiki-un-konsoles\/crane-control-units-equipment-lv\/celtna-vadibas-bloki\/celtna-vadibas-bloks-kst10-pagriezams\/","name":"Celt\u0146a vad\u012bbas bloks KST10 pagrie\u017eams - My industrial","isPartOf":{"@id":"https:\/\/myindustrial.eu\/lv\/#website"},"primaryImageOfPage":{"@id":"https:\/\/myindustrial.eu\/lv\/shop\/rupnieciskie-kontrolieri-dzoistiki-un-konsoles\/crane-control-units-equipment-lv\/celtna-vadibas-bloki\/celtna-vadibas-bloks-kst10-pagriezams\/#primaryimage"},"image":{"@id":"https:\/\/myindustrial.eu\/lv\/shop\/rupnieciskie-kontrolieri-dzoistiki-un-konsoles\/crane-control-units-equipment-lv\/celtna-vadibas-bloki\/celtna-vadibas-bloks-kst10-pagriezams\/#primaryimage"},"thumbnailUrl":"https:\/\/myindustrial.eu\/wp-content\/uploads\/2022\/01\/KST10-3-3.webp","datePublished":"2022-01-14T01:56:56+00:00","dateModified":"2023-06-16T20:16:42+00:00","breadcrumb":{"@id":"https:\/\/myindustrial.eu\/lv\/shop\/rupnieciskie-kontrolieri-dzoistiki-un-konsoles\/crane-control-units-equipment-lv\/celtna-vadibas-bloki\/celtna-vadibas-bloks-kst10-pagriezams\/#breadcrumb"},"inLanguage":"lv-LV","potentialAction":[{"@type":"ReadAction","target":["https:\/\/myindustrial.eu\/lv\/shop\/rupnieciskie-kontrolieri-dzoistiki-un-konsoles\/crane-control-units-equipment-lv\/celtna-vadibas-bloki\/celtna-vadibas-bloks-kst10-pagriezams\/"]}]},{"@type":"ImageObject","inLanguage":"lv-LV","@id":"https:\/\/myindustrial.eu\/lv\/shop\/rupnieciskie-kontrolieri-dzoistiki-un-konsoles\/crane-control-units-equipment-lv\/celtna-vadibas-bloki\/celtna-vadibas-bloks-kst10-pagriezams\/#primaryimage","url":"https:\/\/myindustrial.eu\/wp-content\/uploads\/2022\/01\/KST10-3-3.webp","contentUrl":"https:\/\/myindustrial.eu\/wp-content\/uploads\/2022\/01\/KST10-3-3.webp","width":500,"height":500},{"@type":"BreadcrumbList","@id":"https:\/\/myindustrial.eu\/lv\/shop\/rupnieciskie-kontrolieri-dzoistiki-un-konsoles\/crane-control-units-equipment-lv\/celtna-vadibas-bloki\/celtna-vadibas-bloks-kst10-pagriezams\/#breadcrumb","itemListElement":[{"@type":"ListItem","position":1,"name":"Home","item":"https:\/\/myindustrial.eu\/lv\/"},{"@type":"ListItem","position":2,"name":"Products","item":"https:\/\/myindustrial.eu\/lv\/products\/"},{"@type":"ListItem","position":3,"name":"Celt\u0146a vad\u012bbas bloks KST10 pagrie\u017eams"}]},{"@type":"WebSite","@id":"https:\/\/myindustrial.eu\/lv\/#website","url":"https:\/\/myindustrial.eu\/lv\/","name":"My industrial","description":"","potentialAction":[{"@type":"SearchAction","target":{"@type":"EntryPoint","urlTemplate":"https:\/\/myindustrial.eu\/lv\/?s={search_term_string}"},"query-input":{"@type":"PropertyValueSpecification","valueRequired":true,"valueName":"search_term_string"}}],"inLanguage":"lv-LV"}]}},"_links":{"self":[{"href":"https:\/\/myindustrial.eu\/lv\/wp-json\/wp\/v2\/product\/1260058973","targetHints":{"allow":["GET"]}}],"collection":[{"href":"https:\/\/myindustrial.eu\/lv\/wp-json\/wp\/v2\/product"}],"about":[{"href":"https:\/\/myindustrial.eu\/lv\/wp-json\/wp\/v2\/types\/product"}],"version-history":[{"count":1,"href":"https:\/\/myindustrial.eu\/lv\/wp-json\/wp\/v2\/product\/1260058973\/revisions"}],"predecessor-version":[{"id":1260060122,"href":"https:\/\/myindustrial.eu\/lv\/wp-json\/wp\/v2\/product\/1260058973\/revisions\/1260060122"}],"wp:featuredmedia":[{"embeddable":true,"href":"https:\/\/myindustrial.eu\/lv\/wp-json\/wp\/v2\/media\/1260057764"}],"wp:attachment":[{"href":"https:\/\/myindustrial.eu\/lv\/wp-json\/wp\/v2\/media?parent=1260058973"}],"wp:term":[{"taxonomy":"product_brand","embeddable":true,"href":"https:\/\/myindustrial.eu\/lv\/wp-json\/wp\/v2\/product_brand?post=1260058973"},{"taxonomy":"product_cat","embeddable":true,"href":"https:\/\/myindustrial.eu\/lv\/wp-json\/wp\/v2\/product_cat?post=1260058973"},{"taxonomy":"product_tag","embeddable":true,"href":"https:\/\/myindustrial.eu\/lv\/wp-json\/wp\/v2\/product_tag?post=1260058973"}],"curies":[{"name":"wp","href":"https:\/\/api.w.org\/{rel}","templated":true}]}}