{"id":1260058979,"date":"2022-01-14T01:56:56","date_gmt":"2022-01-14T01:56:56","guid":{"rendered":"https:\/\/myindustrial.eu\/shop-2\/uncategorized\/celtna-vadibas-bloks-kst7\/"},"modified":"2023-06-16T20:16:33","modified_gmt":"2023-06-16T20:16:33","slug":"celtna-vadibas-bloks-kst7","status":"publish","type":"product","link":"https:\/\/myindustrial.eu\/lv\/shop\/rupnieciskie-kontrolieri-dzoistiki-un-konsoles\/crane-control-units-equipment-lv\/celtna-vadibas-bloki\/celtna-vadibas-bloks-kst7\/","title":{"rendered":"Celt\u0146a vad\u012bbas bloks KST7"},"content":{"rendered":"<p>KST7 ir ergonomiski veidots groz\u0101ms vad\u012bbas kr\u0113sls, kas nodro\u0161ina augstu komforta pak\u0101pi.Apr\u012bkojuma k\u0101rbas ir izgatavotas no lok\u0161\u0146u t\u0113rauda, un standarta apr\u012bkojum\u0101 t\u0101m ir atv\u0101\u017eams v\u0101ks ar blo\u0137\u0113\u0161anas funkciju. Tas \u013cauj viegli p\u0101rbaud\u012bt un apkopt.Apr\u012bkojuma kastes s\u0101nos standarta apr\u012bkojum\u0101 ir p\u0101rbaudes pl\u0101ksne, kas atkal ir aizsl\u0113dzama. Kursorsviras, indikatoru un vad\u012bbas ier\u012b\u010du izvietojums tiek piel\u0101gots atbilsto\u0161i klienta specifik\u0101cij\u0101m. KST7 ir pieejamas kombin\u0113tas piel\u0101gota izm\u0113ra un profil\u0113tas apr\u012bkojuma kastes, kas ir \u013coti elast\u012bgs un piel\u0101gojams risin\u0101jums.S\u0113deklis KFS4 ir apr\u012bkots ar hidraulisko vibr\u0101ciju absorbcijas sist\u0113mu, ieskaitot svara regul\u0113\u0161anu. Ar salok\u0101mo atsperu s\u0113dekli j\u016bs varat ien\u0101kt sav\u0101 darba viet\u0101 ar\u012b neliel\u0101s kab\u012bn\u0113s.Celt\u0146a vad\u012bbas bloks ir pieejams ar pamatpl\u0101ksni vai bez t\u0101s.<\/p>\n","protected":false},"excerpt":{"rendered":"<p><a href=\"\/wp-content\/uploads\/gessmann\/KST7-GB.pdf\" target=\"_blank\" rel=\"noopener\"><img decoding=\"async\" src=\"\/wp-content\/uploads\/2023\/02\/download-button-lv.svg\" \/><\/a><\/p>\n","protected":false},"featured_media":1260057800,"template":"","meta":[],"product_brand":[],"product_cat":[1338],"product_tag":[],"class_list":{"0":"post-1260058979","1":"product","2":"type-product","3":"status-publish","4":"has-post-thumbnail","6":"product_cat-celtna-vadibas-bloki","8":"first","9":"instock","10":"product-type-simple"},"yoast_head":"<!-- This site is optimized with the Yoast SEO plugin v27.1.1 - https:\/\/yoast.com\/product\/yoast-seo-wordpress\/ -->\n<title>Celt\u0146a vad\u012bbas bloks KST7 - My industrial<\/title>\n<meta name=\"robots\" content=\"index, follow, max-snippet:-1, max-image-preview:large, max-video-preview:-1\" \/>\n<link rel=\"canonical\" href=\"https:\/\/myindustrial.eu\/lv\/shop\/rupnieciskie-kontrolieri-dzoistiki-un-konsoles\/crane-control-units-equipment-lv\/celtna-vadibas-bloki\/celtna-vadibas-bloks-kst7\/\" \/>\n<meta property=\"og:locale\" content=\"lv_LV\" \/>\n<meta property=\"og:type\" content=\"article\" \/>\n<meta property=\"og:title\" content=\"Celt\u0146a vad\u012bbas bloks KST7 - My industrial\" \/>\n<meta property=\"og:url\" content=\"https:\/\/myindustrial.eu\/lv\/shop\/rupnieciskie-kontrolieri-dzoistiki-un-konsoles\/crane-control-units-equipment-lv\/celtna-vadibas-bloki\/celtna-vadibas-bloks-kst7\/\" \/>\n<meta property=\"og:site_name\" content=\"My industrial\" \/>\n<meta property=\"article:modified_time\" content=\"2023-06-16T20:16:33+00:00\" \/>\n<meta property=\"og:image\" content=\"https:\/\/myindustrial.eu\/wp-content\/uploads\/2022\/01\/KST7.webp\" \/>\n\t<meta property=\"og:image:width\" content=\"500\" \/>\n\t<meta property=\"og:image:height\" content=\"500\" \/>\n\t<meta property=\"og:image:type\" content=\"image\/webp\" \/>\n<meta name=\"twitter:card\" content=\"summary_large_image\" \/>\n<script type=\"application\/ld+json\" class=\"yoast-schema-graph\">{\"@context\":\"https:\/\/schema.org\",\"@graph\":[{\"@type\":\"WebPage\",\"@id\":\"https:\/\/myindustrial.eu\/lv\/shop\/rupnieciskie-kontrolieri-dzoistiki-un-konsoles\/crane-control-units-equipment-lv\/celtna-vadibas-bloki\/celtna-vadibas-bloks-kst7\/\",\"url\":\"https:\/\/myindustrial.eu\/lv\/shop\/rupnieciskie-kontrolieri-dzoistiki-un-konsoles\/crane-control-units-equipment-lv\/celtna-vadibas-bloki\/celtna-vadibas-bloks-kst7\/\",\"name\":\"Celt\u0146a vad\u012bbas bloks KST7 - My industrial\",\"isPartOf\":{\"@id\":\"https:\/\/myindustrial.eu\/lv\/#website\"},\"primaryImageOfPage\":{\"@id\":\"https:\/\/myindustrial.eu\/lv\/shop\/rupnieciskie-kontrolieri-dzoistiki-un-konsoles\/crane-control-units-equipment-lv\/celtna-vadibas-bloki\/celtna-vadibas-bloks-kst7\/#primaryimage\"},\"image\":{\"@id\":\"https:\/\/myindustrial.eu\/lv\/shop\/rupnieciskie-kontrolieri-dzoistiki-un-konsoles\/crane-control-units-equipment-lv\/celtna-vadibas-bloki\/celtna-vadibas-bloks-kst7\/#primaryimage\"},\"thumbnailUrl\":\"https:\/\/myindustrial.eu\/wp-content\/uploads\/2022\/01\/KST7.webp\",\"datePublished\":\"2022-01-14T01:56:56+00:00\",\"dateModified\":\"2023-06-16T20:16:33+00:00\",\"breadcrumb\":{\"@id\":\"https:\/\/myindustrial.eu\/lv\/shop\/rupnieciskie-kontrolieri-dzoistiki-un-konsoles\/crane-control-units-equipment-lv\/celtna-vadibas-bloki\/celtna-vadibas-bloks-kst7\/#breadcrumb\"},\"inLanguage\":\"lv-LV\",\"potentialAction\":[{\"@type\":\"ReadAction\",\"target\":[\"https:\/\/myindustrial.eu\/lv\/shop\/rupnieciskie-kontrolieri-dzoistiki-un-konsoles\/crane-control-units-equipment-lv\/celtna-vadibas-bloki\/celtna-vadibas-bloks-kst7\/\"]}]},{\"@type\":\"ImageObject\",\"inLanguage\":\"lv-LV\",\"@id\":\"https:\/\/myindustrial.eu\/lv\/shop\/rupnieciskie-kontrolieri-dzoistiki-un-konsoles\/crane-control-units-equipment-lv\/celtna-vadibas-bloki\/celtna-vadibas-bloks-kst7\/#primaryimage\",\"url\":\"https:\/\/myindustrial.eu\/wp-content\/uploads\/2022\/01\/KST7.webp\",\"contentUrl\":\"https:\/\/myindustrial.eu\/wp-content\/uploads\/2022\/01\/KST7.webp\",\"width\":500,\"height\":500},{\"@type\":\"BreadcrumbList\",\"@id\":\"https:\/\/myindustrial.eu\/lv\/shop\/rupnieciskie-kontrolieri-dzoistiki-un-konsoles\/crane-control-units-equipment-lv\/celtna-vadibas-bloki\/celtna-vadibas-bloks-kst7\/#breadcrumb\",\"itemListElement\":[{\"@type\":\"ListItem\",\"position\":1,\"name\":\"Home\",\"item\":\"https:\/\/myindustrial.eu\/lv\/\"},{\"@type\":\"ListItem\",\"position\":2,\"name\":\"Products\",\"item\":\"https:\/\/myindustrial.eu\/lv\/products\/\"},{\"@type\":\"ListItem\",\"position\":3,\"name\":\"Celt\u0146a vad\u012bbas bloks KST7\"}]},{\"@type\":\"WebSite\",\"@id\":\"https:\/\/myindustrial.eu\/lv\/#website\",\"url\":\"https:\/\/myindustrial.eu\/lv\/\",\"name\":\"My industrial\",\"description\":\"\",\"potentialAction\":[{\"@type\":\"SearchAction\",\"target\":{\"@type\":\"EntryPoint\",\"urlTemplate\":\"https:\/\/myindustrial.eu\/lv\/?s={search_term_string}\"},\"query-input\":{\"@type\":\"PropertyValueSpecification\",\"valueRequired\":true,\"valueName\":\"search_term_string\"}}],\"inLanguage\":\"lv-LV\"}]}<\/script>\n<!-- \/ Yoast SEO plugin. -->","yoast_head_json":{"title":"Celt\u0146a vad\u012bbas bloks KST7 - My industrial","robots":{"index":"index","follow":"follow","max-snippet":"max-snippet:-1","max-image-preview":"max-image-preview:large","max-video-preview":"max-video-preview:-1"},"canonical":"https:\/\/myindustrial.eu\/lv\/shop\/rupnieciskie-kontrolieri-dzoistiki-un-konsoles\/crane-control-units-equipment-lv\/celtna-vadibas-bloki\/celtna-vadibas-bloks-kst7\/","og_locale":"lv_LV","og_type":"article","og_title":"Celt\u0146a vad\u012bbas bloks KST7 - My industrial","og_url":"https:\/\/myindustrial.eu\/lv\/shop\/rupnieciskie-kontrolieri-dzoistiki-un-konsoles\/crane-control-units-equipment-lv\/celtna-vadibas-bloki\/celtna-vadibas-bloks-kst7\/","og_site_name":"My industrial","article_modified_time":"2023-06-16T20:16:33+00:00","og_image":[{"width":500,"height":500,"url":"https:\/\/myindustrial.eu\/wp-content\/uploads\/2022\/01\/KST7.webp","type":"image\/webp"}],"twitter_card":"summary_large_image","schema":{"@context":"https:\/\/schema.org","@graph":[{"@type":"WebPage","@id":"https:\/\/myindustrial.eu\/lv\/shop\/rupnieciskie-kontrolieri-dzoistiki-un-konsoles\/crane-control-units-equipment-lv\/celtna-vadibas-bloki\/celtna-vadibas-bloks-kst7\/","url":"https:\/\/myindustrial.eu\/lv\/shop\/rupnieciskie-kontrolieri-dzoistiki-un-konsoles\/crane-control-units-equipment-lv\/celtna-vadibas-bloki\/celtna-vadibas-bloks-kst7\/","name":"Celt\u0146a vad\u012bbas bloks KST7 - My industrial","isPartOf":{"@id":"https:\/\/myindustrial.eu\/lv\/#website"},"primaryImageOfPage":{"@id":"https:\/\/myindustrial.eu\/lv\/shop\/rupnieciskie-kontrolieri-dzoistiki-un-konsoles\/crane-control-units-equipment-lv\/celtna-vadibas-bloki\/celtna-vadibas-bloks-kst7\/#primaryimage"},"image":{"@id":"https:\/\/myindustrial.eu\/lv\/shop\/rupnieciskie-kontrolieri-dzoistiki-un-konsoles\/crane-control-units-equipment-lv\/celtna-vadibas-bloki\/celtna-vadibas-bloks-kst7\/#primaryimage"},"thumbnailUrl":"https:\/\/myindustrial.eu\/wp-content\/uploads\/2022\/01\/KST7.webp","datePublished":"2022-01-14T01:56:56+00:00","dateModified":"2023-06-16T20:16:33+00:00","breadcrumb":{"@id":"https:\/\/myindustrial.eu\/lv\/shop\/rupnieciskie-kontrolieri-dzoistiki-un-konsoles\/crane-control-units-equipment-lv\/celtna-vadibas-bloki\/celtna-vadibas-bloks-kst7\/#breadcrumb"},"inLanguage":"lv-LV","potentialAction":[{"@type":"ReadAction","target":["https:\/\/myindustrial.eu\/lv\/shop\/rupnieciskie-kontrolieri-dzoistiki-un-konsoles\/crane-control-units-equipment-lv\/celtna-vadibas-bloki\/celtna-vadibas-bloks-kst7\/"]}]},{"@type":"ImageObject","inLanguage":"lv-LV","@id":"https:\/\/myindustrial.eu\/lv\/shop\/rupnieciskie-kontrolieri-dzoistiki-un-konsoles\/crane-control-units-equipment-lv\/celtna-vadibas-bloki\/celtna-vadibas-bloks-kst7\/#primaryimage","url":"https:\/\/myindustrial.eu\/wp-content\/uploads\/2022\/01\/KST7.webp","contentUrl":"https:\/\/myindustrial.eu\/wp-content\/uploads\/2022\/01\/KST7.webp","width":500,"height":500},{"@type":"BreadcrumbList","@id":"https:\/\/myindustrial.eu\/lv\/shop\/rupnieciskie-kontrolieri-dzoistiki-un-konsoles\/crane-control-units-equipment-lv\/celtna-vadibas-bloki\/celtna-vadibas-bloks-kst7\/#breadcrumb","itemListElement":[{"@type":"ListItem","position":1,"name":"Home","item":"https:\/\/myindustrial.eu\/lv\/"},{"@type":"ListItem","position":2,"name":"Products","item":"https:\/\/myindustrial.eu\/lv\/products\/"},{"@type":"ListItem","position":3,"name":"Celt\u0146a vad\u012bbas bloks KST7"}]},{"@type":"WebSite","@id":"https:\/\/myindustrial.eu\/lv\/#website","url":"https:\/\/myindustrial.eu\/lv\/","name":"My industrial","description":"","potentialAction":[{"@type":"SearchAction","target":{"@type":"EntryPoint","urlTemplate":"https:\/\/myindustrial.eu\/lv\/?s={search_term_string}"},"query-input":{"@type":"PropertyValueSpecification","valueRequired":true,"valueName":"search_term_string"}}],"inLanguage":"lv-LV"}]}},"_links":{"self":[{"href":"https:\/\/myindustrial.eu\/lv\/wp-json\/wp\/v2\/product\/1260058979","targetHints":{"allow":["GET"]}}],"collection":[{"href":"https:\/\/myindustrial.eu\/lv\/wp-json\/wp\/v2\/product"}],"about":[{"href":"https:\/\/myindustrial.eu\/lv\/wp-json\/wp\/v2\/types\/product"}],"version-history":[{"count":1,"href":"https:\/\/myindustrial.eu\/lv\/wp-json\/wp\/v2\/product\/1260058979\/revisions"}],"predecessor-version":[{"id":1260060129,"href":"https:\/\/myindustrial.eu\/lv\/wp-json\/wp\/v2\/product\/1260058979\/revisions\/1260060129"}],"wp:featuredmedia":[{"embeddable":true,"href":"https:\/\/myindustrial.eu\/lv\/wp-json\/wp\/v2\/media\/1260057800"}],"wp:attachment":[{"href":"https:\/\/myindustrial.eu\/lv\/wp-json\/wp\/v2\/media?parent=1260058979"}],"wp:term":[{"taxonomy":"product_brand","embeddable":true,"href":"https:\/\/myindustrial.eu\/lv\/wp-json\/wp\/v2\/product_brand?post=1260058979"},{"taxonomy":"product_cat","embeddable":true,"href":"https:\/\/myindustrial.eu\/lv\/wp-json\/wp\/v2\/product_cat?post=1260058979"},{"taxonomy":"product_tag","embeddable":true,"href":"https:\/\/myindustrial.eu\/lv\/wp-json\/wp\/v2\/product_tag?post=1260058979"}],"curies":[{"name":"wp","href":"https:\/\/api.w.org\/{rel}","templated":true}]}}