{"id":1260058992,"date":"2022-01-14T01:36:05","date_gmt":"2022-01-14T01:57:04","guid":{"rendered":"https:\/\/myindustrial.eu\/shop-2\/uncategorized\/lidzstravas-kontakts-so-ss\/"},"modified":"2024-02-06T16:53:46","modified_gmt":"2024-02-06T16:53:46","slug":"lidzstravas-kontakts-so-ss","status":"publish","type":"product","link":"https:\/\/myindustrial.eu\/lv\/shop\/rupnieciskie-kontrolieri-dzoistiki-un-konsoles\/rupnieciskie-vadibas-sledzi\/lidzstravas-kontakts-so-ss\/","title":{"rendered":"L\u012bdzstr\u0101vas kontakts SO \/ SS"},"content":{"rendered":"<div>\n<p>\n<a href=\"\/wp-content\/uploads\/2022\/01\/so-1.10-ss1.10-gb.pdf\" target=\"_blank\" rel=\"noopener\"><\/p>\n<p><img decoding=\"async\" src=\"\/wp-content\/uploads\/2023\/02\/download-button-lv.svg\" alt=\"\" height=\"51\" \/><\/p>\n<p><\/a>\n<\/p>\n<\/div>\n","protected":false},"excerpt":{"rendered":"<p><span style=\"font-weight: 400;\">SO\u00a01.10 Norm\u0101li atv\u0113rts (NO)<\/span><\/p>\n<p><span style=\"font-weight: 400;\">SS\u00a01.10 Norm\u0101li sl\u0113gts (NC)<\/span><\/p>\n<p>&nbsp;<\/p>\n<p><span style=\"font-weight: 400;\">L\u012bdzstr\u0101vas kontakts tiek izmantots sign\u0101lu darbam un inform\u0101cijas nodo\u0161anas pielietojuma programm\u0101m. \u0100tr\u0101s darb\u012bbas meh\u0101nisms nov\u0113r\u0161 l\u0113nu kontakta atv\u0113r\u0161anos, ja gad\u012bjum\u0101 virzulis darbojas l\u0113ni. Elektrisk\u0101 loka dz\u0113\u0161anu, kas notiek l\u012bdzstr\u0101vas darb\u012bbas laik\u0101, nodro\u0161ina divu jaudu past\u0101v\u012bgie magn\u0113ti.<\/span><\/p>\n<p><span style=\"font-weight: 400;\">Tie ir sak\u0101rtoti t\u0101, lai, pievienojot +\/- kabe\u013cus, var\u0113tu ignor\u0113t polarit\u0101ti. Tom\u0113r, uzst\u0101dot kontaktus, ir j\u0101\u0146em v\u0113r\u0101 magn\u0113tu polarit\u0101te, lai magn\u0113ti negat\u012bvi neietekm\u0113tu viens otru. Ir pieejami \u010detru da\u017e\u0101du kr\u0101su kontakti magn\u0113tu polarit\u0101tes identific\u0113\u0161anai.<\/span><\/p>\n<p><span style=\"font-weight: 400;\">Kontaktu dr\u012bkst uzst\u0101d\u012bt tikai uz nemagnetiz\u0113jamiem materi\u0101liem ar skr\u016bv\u0113m utt., kas izgatavotas no kr\u0101sain\u0101 met\u0101la.<\/span><\/p>\n<p><span style=\"font-weight: 400;\">Pa\u0161att\u012bro\u0161ie sudraba kontakti ir paredz\u0113ti zemai p\u0101rsl\u0113g\u0161anas frekvencei, zemai str\u0101vai un spriegumam. Var tikt pieg\u0101d\u0101ti kontakti ar zeltu p\u0101rkl\u0101ti (apm\u0113ram 0,2\u03bc), nepiecie\u0161ami maz\u0101k nek\u0101 42 volti. Skr\u016bves savienojums M3.5 s\u0101nos ir piem\u0113rots 2 vad\u012bt\u0101jiem max. 2,5 mm\u00b2. Spraudsavienojums aug\u0161pus\u0113 4,8 x 0,8 mm DIN 46247.<\/span><\/p>\n<p><span style=\"font-weight: 400;\">Vair\u0101kus kontaktus var savienot vienu virs otra un darbin\u0101t vienlaic\u012bgi. Spraudkontaktu spailes ir pieejamas tikai aug\u0161\u0113j\u0101 blok\u0101. Kontaktus var apr\u012bkot ar trieciena aizsardz\u012bbu atbilsto\u0161i DIN VDE 0106, 100. da\u013cai.<\/span><\/p>\n","protected":false},"featured_media":1260057878,"template":"","meta":[],"product_brand":[],"product_cat":[1358],"product_tag":[],"class_list":{"0":"post-1260058992","1":"product","2":"type-product","3":"status-publish","4":"has-post-thumbnail","6":"product_cat-rupnieciskie-vadibas-sledzi","8":"first","9":"instock","10":"product-type-simple"},"yoast_head":"<!-- This site is optimized with the Yoast SEO plugin v27.1.1 - https:\/\/yoast.com\/product\/yoast-seo-wordpress\/ -->\n<title>L\u012bdzstr\u0101vas kontakts SO \/ SS - My industrial<\/title>\n<meta name=\"robots\" content=\"index, follow, max-snippet:-1, max-image-preview:large, max-video-preview:-1\" \/>\n<link rel=\"canonical\" href=\"https:\/\/myindustrial.eu\/lv\/shop\/rupnieciskie-kontrolieri-dzoistiki-un-konsoles\/rupnieciskie-vadibas-sledzi\/lidzstravas-kontakts-so-ss\/\" \/>\n<meta property=\"og:locale\" content=\"lv_LV\" \/>\n<meta property=\"og:type\" content=\"article\" \/>\n<meta property=\"og:title\" content=\"L\u012bdzstr\u0101vas kontakts SO \/ SS - My industrial\" \/>\n<meta property=\"og:description\" content=\"SO\u00a01.10 Norm\u0101li atv\u0113rts (NO)  SS\u00a01.10 Norm\u0101li sl\u0113gts (NC)  &nbsp;  L\u012bdzstr\u0101vas kontakts tiek izmantots sign\u0101lu darbam un inform\u0101cijas nodo\u0161anas pielietojuma programm\u0101m. \u0100tr\u0101s darb\u012bbas meh\u0101nisms nov\u0113r\u0161 l\u0113nu kontakta atv\u0113r\u0161anos, ja gad\u012bjum\u0101 virzulis darbojas l\u0113ni. Elektrisk\u0101 loka dz\u0113\u0161anu, kas notiek l\u012bdzstr\u0101vas darb\u012bbas laik\u0101, nodro\u0161ina divu jaudu past\u0101v\u012bgie magn\u0113ti.  Tie ir sak\u0101rtoti t\u0101, lai, pievienojot +\/- kabe\u013cus, var\u0113tu ignor\u0113t polarit\u0101ti. Tom\u0113r, uzst\u0101dot kontaktus, ir j\u0101\u0146em v\u0113r\u0101 magn\u0113tu polarit\u0101te, lai magn\u0113ti negat\u012bvi neietekm\u0113tu viens otru. Ir pieejami \u010detru da\u017e\u0101du kr\u0101su kontakti magn\u0113tu polarit\u0101tes identific\u0113\u0161anai.  Kontaktu dr\u012bkst uzst\u0101d\u012bt tikai uz nemagnetiz\u0113jamiem materi\u0101liem ar skr\u016bv\u0113m utt., kas izgatavotas no kr\u0101sain\u0101 met\u0101la.  Pa\u0161att\u012bro\u0161ie sudraba kontakti ir paredz\u0113ti zemai p\u0101rsl\u0113g\u0161anas frekvencei, zemai str\u0101vai un spriegumam. Var tikt pieg\u0101d\u0101ti kontakti ar zeltu p\u0101rkl\u0101ti (apm\u0113ram 0,2\u03bc), nepiecie\u0161ami maz\u0101k nek\u0101 42 volti. Skr\u016bves savienojums M3.5 s\u0101nos ir piem\u0113rots 2 vad\u012bt\u0101jiem max. 2,5 mm\u00b2. Spraudsavienojums aug\u0161pus\u0113 4,8 x 0,8 mm DIN 46247.  Vair\u0101kus kontaktus var savienot vienu virs otra un darbin\u0101t vienlaic\u012bgi. Spraudkontaktu spailes ir pieejamas tikai aug\u0161\u0113j\u0101 blok\u0101. Kontaktus var apr\u012bkot ar trieciena aizsardz\u012bbu atbilsto\u0161i DIN VDE 0106, 100. da\u013cai.\" \/>\n<meta property=\"og:url\" content=\"https:\/\/myindustrial.eu\/lv\/shop\/rupnieciskie-kontrolieri-dzoistiki-un-konsoles\/rupnieciskie-vadibas-sledzi\/lidzstravas-kontakts-so-ss\/\" \/>\n<meta property=\"og:site_name\" content=\"My industrial\" \/>\n<meta property=\"article:modified_time\" content=\"2024-02-06T16:53:46+00:00\" \/>\n<meta property=\"og:image\" content=\"https:\/\/myindustrial.eu\/wp-content\/uploads\/2022\/01\/so-ss.webp\" \/>\n\t<meta property=\"og:image:width\" content=\"500\" \/>\n\t<meta property=\"og:image:height\" content=\"500\" \/>\n\t<meta property=\"og:image:type\" content=\"image\/webp\" \/>\n<meta name=\"twitter:card\" content=\"summary_large_image\" \/>\n<script type=\"application\/ld+json\" class=\"yoast-schema-graph\">{\"@context\":\"https:\/\/schema.org\",\"@graph\":[{\"@type\":\"WebPage\",\"@id\":\"https:\/\/myindustrial.eu\/lv\/shop\/rupnieciskie-kontrolieri-dzoistiki-un-konsoles\/rupnieciskie-vadibas-sledzi\/lidzstravas-kontakts-so-ss\/\",\"url\":\"https:\/\/myindustrial.eu\/lv\/shop\/rupnieciskie-kontrolieri-dzoistiki-un-konsoles\/rupnieciskie-vadibas-sledzi\/lidzstravas-kontakts-so-ss\/\",\"name\":\"L\u012bdzstr\u0101vas kontakts SO \/ SS - My industrial\",\"isPartOf\":{\"@id\":\"https:\/\/myindustrial.eu\/lv\/#website\"},\"primaryImageOfPage\":{\"@id\":\"https:\/\/myindustrial.eu\/lv\/shop\/rupnieciskie-kontrolieri-dzoistiki-un-konsoles\/rupnieciskie-vadibas-sledzi\/lidzstravas-kontakts-so-ss\/#primaryimage\"},\"image\":{\"@id\":\"https:\/\/myindustrial.eu\/lv\/shop\/rupnieciskie-kontrolieri-dzoistiki-un-konsoles\/rupnieciskie-vadibas-sledzi\/lidzstravas-kontakts-so-ss\/#primaryimage\"},\"thumbnailUrl\":\"https:\/\/myindustrial.eu\/wp-content\/uploads\/2022\/01\/so-ss.webp\",\"datePublished\":\"2022-01-14T01:57:04+00:00\",\"dateModified\":\"2024-02-06T16:53:46+00:00\",\"breadcrumb\":{\"@id\":\"https:\/\/myindustrial.eu\/lv\/shop\/rupnieciskie-kontrolieri-dzoistiki-un-konsoles\/rupnieciskie-vadibas-sledzi\/lidzstravas-kontakts-so-ss\/#breadcrumb\"},\"inLanguage\":\"lv-LV\",\"potentialAction\":[{\"@type\":\"ReadAction\",\"target\":[\"https:\/\/myindustrial.eu\/lv\/shop\/rupnieciskie-kontrolieri-dzoistiki-un-konsoles\/rupnieciskie-vadibas-sledzi\/lidzstravas-kontakts-so-ss\/\"]}]},{\"@type\":\"ImageObject\",\"inLanguage\":\"lv-LV\",\"@id\":\"https:\/\/myindustrial.eu\/lv\/shop\/rupnieciskie-kontrolieri-dzoistiki-un-konsoles\/rupnieciskie-vadibas-sledzi\/lidzstravas-kontakts-so-ss\/#primaryimage\",\"url\":\"https:\/\/myindustrial.eu\/wp-content\/uploads\/2022\/01\/so-ss.webp\",\"contentUrl\":\"https:\/\/myindustrial.eu\/wp-content\/uploads\/2022\/01\/so-ss.webp\",\"width\":500,\"height\":500},{\"@type\":\"BreadcrumbList\",\"@id\":\"https:\/\/myindustrial.eu\/lv\/shop\/rupnieciskie-kontrolieri-dzoistiki-un-konsoles\/rupnieciskie-vadibas-sledzi\/lidzstravas-kontakts-so-ss\/#breadcrumb\",\"itemListElement\":[{\"@type\":\"ListItem\",\"position\":1,\"name\":\"Home\",\"item\":\"https:\/\/myindustrial.eu\/lv\/\"},{\"@type\":\"ListItem\",\"position\":2,\"name\":\"Products\",\"item\":\"https:\/\/myindustrial.eu\/lv\/products\/\"},{\"@type\":\"ListItem\",\"position\":3,\"name\":\"L\u012bdzstr\u0101vas kontakts SO \/ SS\"}]},{\"@type\":\"WebSite\",\"@id\":\"https:\/\/myindustrial.eu\/lv\/#website\",\"url\":\"https:\/\/myindustrial.eu\/lv\/\",\"name\":\"My industrial\",\"description\":\"\",\"potentialAction\":[{\"@type\":\"SearchAction\",\"target\":{\"@type\":\"EntryPoint\",\"urlTemplate\":\"https:\/\/myindustrial.eu\/lv\/?s={search_term_string}\"},\"query-input\":{\"@type\":\"PropertyValueSpecification\",\"valueRequired\":true,\"valueName\":\"search_term_string\"}}],\"inLanguage\":\"lv-LV\"}]}<\/script>\n<!-- \/ Yoast SEO plugin. -->","yoast_head_json":{"title":"L\u012bdzstr\u0101vas kontakts SO \/ SS - My industrial","robots":{"index":"index","follow":"follow","max-snippet":"max-snippet:-1","max-image-preview":"max-image-preview:large","max-video-preview":"max-video-preview:-1"},"canonical":"https:\/\/myindustrial.eu\/lv\/shop\/rupnieciskie-kontrolieri-dzoistiki-un-konsoles\/rupnieciskie-vadibas-sledzi\/lidzstravas-kontakts-so-ss\/","og_locale":"lv_LV","og_type":"article","og_title":"L\u012bdzstr\u0101vas kontakts SO \/ SS - My industrial","og_description":"SO\u00a01.10 Norm\u0101li atv\u0113rts (NO)  SS\u00a01.10 Norm\u0101li sl\u0113gts (NC)  &nbsp;  L\u012bdzstr\u0101vas kontakts tiek izmantots sign\u0101lu darbam un inform\u0101cijas nodo\u0161anas pielietojuma programm\u0101m. \u0100tr\u0101s darb\u012bbas meh\u0101nisms nov\u0113r\u0161 l\u0113nu kontakta atv\u0113r\u0161anos, ja gad\u012bjum\u0101 virzulis darbojas l\u0113ni. Elektrisk\u0101 loka dz\u0113\u0161anu, kas notiek l\u012bdzstr\u0101vas darb\u012bbas laik\u0101, nodro\u0161ina divu jaudu past\u0101v\u012bgie magn\u0113ti.  Tie ir sak\u0101rtoti t\u0101, lai, pievienojot +\/- kabe\u013cus, var\u0113tu ignor\u0113t polarit\u0101ti. Tom\u0113r, uzst\u0101dot kontaktus, ir j\u0101\u0146em v\u0113r\u0101 magn\u0113tu polarit\u0101te, lai magn\u0113ti negat\u012bvi neietekm\u0113tu viens otru. Ir pieejami \u010detru da\u017e\u0101du kr\u0101su kontakti magn\u0113tu polarit\u0101tes identific\u0113\u0161anai.  Kontaktu dr\u012bkst uzst\u0101d\u012bt tikai uz nemagnetiz\u0113jamiem materi\u0101liem ar skr\u016bv\u0113m utt., kas izgatavotas no kr\u0101sain\u0101 met\u0101la.  Pa\u0161att\u012bro\u0161ie sudraba kontakti ir paredz\u0113ti zemai p\u0101rsl\u0113g\u0161anas frekvencei, zemai str\u0101vai un spriegumam. Var tikt pieg\u0101d\u0101ti kontakti ar zeltu p\u0101rkl\u0101ti (apm\u0113ram 0,2\u03bc), nepiecie\u0161ami maz\u0101k nek\u0101 42 volti. Skr\u016bves savienojums M3.5 s\u0101nos ir piem\u0113rots 2 vad\u012bt\u0101jiem max. 2,5 mm\u00b2. Spraudsavienojums aug\u0161pus\u0113 4,8 x 0,8 mm DIN 46247.  Vair\u0101kus kontaktus var savienot vienu virs otra un darbin\u0101t vienlaic\u012bgi. Spraudkontaktu spailes ir pieejamas tikai aug\u0161\u0113j\u0101 blok\u0101. Kontaktus var apr\u012bkot ar trieciena aizsardz\u012bbu atbilsto\u0161i DIN VDE 0106, 100. da\u013cai.","og_url":"https:\/\/myindustrial.eu\/lv\/shop\/rupnieciskie-kontrolieri-dzoistiki-un-konsoles\/rupnieciskie-vadibas-sledzi\/lidzstravas-kontakts-so-ss\/","og_site_name":"My industrial","article_modified_time":"2024-02-06T16:53:46+00:00","og_image":[{"width":500,"height":500,"url":"https:\/\/myindustrial.eu\/wp-content\/uploads\/2022\/01\/so-ss.webp","type":"image\/webp"}],"twitter_card":"summary_large_image","schema":{"@context":"https:\/\/schema.org","@graph":[{"@type":"WebPage","@id":"https:\/\/myindustrial.eu\/lv\/shop\/rupnieciskie-kontrolieri-dzoistiki-un-konsoles\/rupnieciskie-vadibas-sledzi\/lidzstravas-kontakts-so-ss\/","url":"https:\/\/myindustrial.eu\/lv\/shop\/rupnieciskie-kontrolieri-dzoistiki-un-konsoles\/rupnieciskie-vadibas-sledzi\/lidzstravas-kontakts-so-ss\/","name":"L\u012bdzstr\u0101vas kontakts SO \/ SS - My industrial","isPartOf":{"@id":"https:\/\/myindustrial.eu\/lv\/#website"},"primaryImageOfPage":{"@id":"https:\/\/myindustrial.eu\/lv\/shop\/rupnieciskie-kontrolieri-dzoistiki-un-konsoles\/rupnieciskie-vadibas-sledzi\/lidzstravas-kontakts-so-ss\/#primaryimage"},"image":{"@id":"https:\/\/myindustrial.eu\/lv\/shop\/rupnieciskie-kontrolieri-dzoistiki-un-konsoles\/rupnieciskie-vadibas-sledzi\/lidzstravas-kontakts-so-ss\/#primaryimage"},"thumbnailUrl":"https:\/\/myindustrial.eu\/wp-content\/uploads\/2022\/01\/so-ss.webp","datePublished":"2022-01-14T01:57:04+00:00","dateModified":"2024-02-06T16:53:46+00:00","breadcrumb":{"@id":"https:\/\/myindustrial.eu\/lv\/shop\/rupnieciskie-kontrolieri-dzoistiki-un-konsoles\/rupnieciskie-vadibas-sledzi\/lidzstravas-kontakts-so-ss\/#breadcrumb"},"inLanguage":"lv-LV","potentialAction":[{"@type":"ReadAction","target":["https:\/\/myindustrial.eu\/lv\/shop\/rupnieciskie-kontrolieri-dzoistiki-un-konsoles\/rupnieciskie-vadibas-sledzi\/lidzstravas-kontakts-so-ss\/"]}]},{"@type":"ImageObject","inLanguage":"lv-LV","@id":"https:\/\/myindustrial.eu\/lv\/shop\/rupnieciskie-kontrolieri-dzoistiki-un-konsoles\/rupnieciskie-vadibas-sledzi\/lidzstravas-kontakts-so-ss\/#primaryimage","url":"https:\/\/myindustrial.eu\/wp-content\/uploads\/2022\/01\/so-ss.webp","contentUrl":"https:\/\/myindustrial.eu\/wp-content\/uploads\/2022\/01\/so-ss.webp","width":500,"height":500},{"@type":"BreadcrumbList","@id":"https:\/\/myindustrial.eu\/lv\/shop\/rupnieciskie-kontrolieri-dzoistiki-un-konsoles\/rupnieciskie-vadibas-sledzi\/lidzstravas-kontakts-so-ss\/#breadcrumb","itemListElement":[{"@type":"ListItem","position":1,"name":"Home","item":"https:\/\/myindustrial.eu\/lv\/"},{"@type":"ListItem","position":2,"name":"Products","item":"https:\/\/myindustrial.eu\/lv\/products\/"},{"@type":"ListItem","position":3,"name":"L\u012bdzstr\u0101vas kontakts SO \/ SS"}]},{"@type":"WebSite","@id":"https:\/\/myindustrial.eu\/lv\/#website","url":"https:\/\/myindustrial.eu\/lv\/","name":"My industrial","description":"","potentialAction":[{"@type":"SearchAction","target":{"@type":"EntryPoint","urlTemplate":"https:\/\/myindustrial.eu\/lv\/?s={search_term_string}"},"query-input":{"@type":"PropertyValueSpecification","valueRequired":true,"valueName":"search_term_string"}}],"inLanguage":"lv-LV"}]}},"_links":{"self":[{"href":"https:\/\/myindustrial.eu\/lv\/wp-json\/wp\/v2\/product\/1260058992","targetHints":{"allow":["GET"]}}],"collection":[{"href":"https:\/\/myindustrial.eu\/lv\/wp-json\/wp\/v2\/product"}],"about":[{"href":"https:\/\/myindustrial.eu\/lv\/wp-json\/wp\/v2\/types\/product"}],"version-history":[{"count":1,"href":"https:\/\/myindustrial.eu\/lv\/wp-json\/wp\/v2\/product\/1260058992\/revisions"}],"predecessor-version":[{"id":1260060187,"href":"https:\/\/myindustrial.eu\/lv\/wp-json\/wp\/v2\/product\/1260058992\/revisions\/1260060187"}],"wp:featuredmedia":[{"embeddable":true,"href":"https:\/\/myindustrial.eu\/lv\/wp-json\/wp\/v2\/media\/1260057878"}],"wp:attachment":[{"href":"https:\/\/myindustrial.eu\/lv\/wp-json\/wp\/v2\/media?parent=1260058992"}],"wp:term":[{"taxonomy":"product_brand","embeddable":true,"href":"https:\/\/myindustrial.eu\/lv\/wp-json\/wp\/v2\/product_brand?post=1260058992"},{"taxonomy":"product_cat","embeddable":true,"href":"https:\/\/myindustrial.eu\/lv\/wp-json\/wp\/v2\/product_cat?post=1260058992"},{"taxonomy":"product_tag","embeddable":true,"href":"https:\/\/myindustrial.eu\/lv\/wp-json\/wp\/v2\/product_tag?post=1260058992"}],"curies":[{"name":"wp","href":"https:\/\/api.w.org\/{rel}","templated":true}]}}