{"id":1260059002,"date":"2022-01-14T01:57:12","date_gmt":"2022-01-14T01:57:12","guid":{"rendered":"https:\/\/myindustrial.eu\/shop-2\/uncategorized\/bremzu-vilces-kontrolieris-tramvajs\/"},"modified":"2023-06-16T20:15:47","modified_gmt":"2023-06-16T20:15:47","slug":"bremzu-vilces-kontrolieris-tramvajs","status":"publish","type":"product","link":"https:\/\/myindustrial.eu\/lv\/shop\/rupnieciskie-kontrolieri-dzoistiki-un-konsoles\/komandu-kontrolieri-dzelzcela-transportam-en-50155-un-en-45545\/bremzu-vilces-kontrolieris-tramvajs\/","title":{"rendered":"Brem\u017eu vilces kontrolieris \u2013 tramvajs"},"content":{"rendered":"<p>Gessmann galven\u0101 vad\u012bbas sist\u0113ma TBC 01, MC 01 ir \u012bpa\u0161i izstr\u0101d\u0101ta izmanto\u0161anai dzelzce\u013ca iek\u0101rt\u0101s. To iztur\u012bgais dizains, kura pamat\u0101 ir attiec\u012bgie standarti EN-60077, UIC 612 un EN-50155, garant\u0113 zemas dz\u012bves cikla izmaksas un apkopi 35 gadu laik\u0101.Apk\u0101rt\u0113j\u0101 temperat\u016bra \u0101rpus transportl\u012bdzek\u013ca: -40 \u00b0 C l\u012bdz +50 \u00b0 C-&gt; EN 50155. T1, T2, T3, TX klase.Nomin\u0101lais baro\u0161anas spriegums: 24\/72\/ 110VDC ar vari\u0101cij\u0101m saska\u0146\u0101 ar EN 50155.Trieciens un vibr\u0101cija: Saska\u0146\u0101 ar EN 61373.Elektromagn\u0113tisk\u0101 sader\u012bba (EMC): Saska\u0146\u0101 ar EN 50121-3-2Izol\u0101cijas un augstsprieguma p\u0101rbaude: saska\u0146\u0101 ar EN 50155Pies\u0101r\u0146ojuma pak\u0101pe: PD 3 saska\u0146\u0101 ar EN 60077-1 (citi p\u0113c piepras\u012bjuma)Uguns un d\u016bmi: atbilst EN 45545 (HL3) (citi p\u0113c piepras\u012bjuma)Elektrisk\u0101 iztur\u012bba: Minim\u0101l\u0101 darba cikla klase C3\/A3 saska\u0146\u0101 ar EN 60077-2Galvenais kontrolieris tiek izmantots k\u0101 instrukciju elements dzelzce\u013ca transportl\u012bdzek\u013cos. To var iedal\u012bt tr\u012bs galvenaj\u0101s sast\u0101vda\u013c\u0101s.Galvenais \/ brem\u017eu kontrolierisUzdot\u0101s v\u0113rt\u012bbas iestat\u012b\u0161ana brauk\u0161anas jaudas\/brem\u017eu zon\u0101 ar integr\u0113tu d\u012bkst\u0101ves funkciju, nospie\u017eot uz leju satv\u0113r\u0113ja rokturi.Selektora sl\u0113dzis: darb\u012bbas st\u0101vok\u013ca \u201cR\u201d \/ \u201cO\u201d\/ \u201c*\u201d \/ \u201cV\u201d \/ \u201cN\u201d izv\u0113leAtsl\u0113gas sl\u0113dzis: galven\u0101 regulatora apstiprin\u0101jums. Darba st\u0101vok\u013ci: iestat\u012bjumi \u201c0\u201d un \u201c1\u201dGalvenais kontrolieris ir uzst\u0101d\u012bts tramvaja vad\u012bt\u0101ja kab\u012bn\u0113. Tas ir paredz\u0113ts manipul\u0101cij\u0101m ar kreiso roku un nodro\u0161ina cilv\u0113ka un ma\u0161\u012bnas saskarni, lai kontrol\u0113tu transportl\u012bdzek\u013ca vilci, darba bremz\u0113\u0161anu un av\u0101rijas bremz\u0113\u0161anu.Turkl\u0101t galven\u0101 kontrollera roktur\u012b ir spiedpoga, ko izmanto autom\u0101tiskai piesardz\u012bgas vad\u012bbas izsl\u0113g\u0161anas funkcijai.<\/p>\n","protected":false},"excerpt":{"rendered":"<p><a href=\"\/wp-content\/uploads\/gessmann\/TractionBrake_Controller_M4217.pdf\" target=\"_blank\" rel=\"noopener\"><img decoding=\"async\" src=\"\/wp-content\/uploads\/2023\/02\/download-button-lv.svg\" \/><\/a><\/p>\n","protected":false},"featured_media":1260057938,"template":"","meta":[],"product_brand":[],"product_cat":[1375],"product_tag":[],"class_list":{"0":"post-1260059002","1":"product","2":"type-product","3":"status-publish","4":"has-post-thumbnail","6":"product_cat-komandu-kontrolieri-dzelzcela-transportam-en-50155-un-en-45545","8":"first","9":"instock","10":"product-type-simple"},"yoast_head":"<!-- This site is optimized with the Yoast SEO plugin v27.1.1 - https:\/\/yoast.com\/product\/yoast-seo-wordpress\/ -->\n<title>Brem\u017eu vilces kontrolieris \u2013 tramvajs - My industrial<\/title>\n<meta name=\"robots\" content=\"index, follow, max-snippet:-1, max-image-preview:large, max-video-preview:-1\" \/>\n<link rel=\"canonical\" href=\"https:\/\/myindustrial.eu\/lv\/shop\/rupnieciskie-kontrolieri-dzoistiki-un-konsoles\/komandu-kontrolieri-dzelzcela-transportam-en-50155-un-en-45545\/bremzu-vilces-kontrolieris-tramvajs\/\" \/>\n<meta property=\"og:locale\" content=\"lv_LV\" \/>\n<meta property=\"og:type\" content=\"article\" \/>\n<meta property=\"og:title\" content=\"Brem\u017eu vilces kontrolieris \u2013 tramvajs - My industrial\" \/>\n<meta property=\"og:url\" content=\"https:\/\/myindustrial.eu\/lv\/shop\/rupnieciskie-kontrolieri-dzoistiki-un-konsoles\/komandu-kontrolieri-dzelzcela-transportam-en-50155-un-en-45545\/bremzu-vilces-kontrolieris-tramvajs\/\" \/>\n<meta property=\"og:site_name\" content=\"My industrial\" \/>\n<meta property=\"article:modified_time\" content=\"2023-06-16T20:15:47+00:00\" \/>\n<meta property=\"og:image\" content=\"https:\/\/myindustrial.eu\/wp-content\/uploads\/2022\/01\/Power-Brake-Switch-2.webp\" \/>\n\t<meta property=\"og:image:width\" content=\"500\" \/>\n\t<meta property=\"og:image:height\" content=\"500\" \/>\n\t<meta property=\"og:image:type\" content=\"image\/webp\" \/>\n<meta name=\"twitter:card\" content=\"summary_large_image\" \/>\n<script type=\"application\/ld+json\" class=\"yoast-schema-graph\">{\"@context\":\"https:\/\/schema.org\",\"@graph\":[{\"@type\":\"WebPage\",\"@id\":\"https:\/\/myindustrial.eu\/lv\/shop\/rupnieciskie-kontrolieri-dzoistiki-un-konsoles\/komandu-kontrolieri-dzelzcela-transportam-en-50155-un-en-45545\/bremzu-vilces-kontrolieris-tramvajs\/\",\"url\":\"https:\/\/myindustrial.eu\/lv\/shop\/rupnieciskie-kontrolieri-dzoistiki-un-konsoles\/komandu-kontrolieri-dzelzcela-transportam-en-50155-un-en-45545\/bremzu-vilces-kontrolieris-tramvajs\/\",\"name\":\"Brem\u017eu vilces kontrolieris \u2013 tramvajs - My industrial\",\"isPartOf\":{\"@id\":\"https:\/\/myindustrial.eu\/lv\/#website\"},\"primaryImageOfPage\":{\"@id\":\"https:\/\/myindustrial.eu\/lv\/shop\/rupnieciskie-kontrolieri-dzoistiki-un-konsoles\/komandu-kontrolieri-dzelzcela-transportam-en-50155-un-en-45545\/bremzu-vilces-kontrolieris-tramvajs\/#primaryimage\"},\"image\":{\"@id\":\"https:\/\/myindustrial.eu\/lv\/shop\/rupnieciskie-kontrolieri-dzoistiki-un-konsoles\/komandu-kontrolieri-dzelzcela-transportam-en-50155-un-en-45545\/bremzu-vilces-kontrolieris-tramvajs\/#primaryimage\"},\"thumbnailUrl\":\"https:\/\/myindustrial.eu\/wp-content\/uploads\/2022\/01\/Power-Brake-Switch-2.webp\",\"datePublished\":\"2022-01-14T01:57:12+00:00\",\"dateModified\":\"2023-06-16T20:15:47+00:00\",\"breadcrumb\":{\"@id\":\"https:\/\/myindustrial.eu\/lv\/shop\/rupnieciskie-kontrolieri-dzoistiki-un-konsoles\/komandu-kontrolieri-dzelzcela-transportam-en-50155-un-en-45545\/bremzu-vilces-kontrolieris-tramvajs\/#breadcrumb\"},\"inLanguage\":\"lv-LV\",\"potentialAction\":[{\"@type\":\"ReadAction\",\"target\":[\"https:\/\/myindustrial.eu\/lv\/shop\/rupnieciskie-kontrolieri-dzoistiki-un-konsoles\/komandu-kontrolieri-dzelzcela-transportam-en-50155-un-en-45545\/bremzu-vilces-kontrolieris-tramvajs\/\"]}]},{\"@type\":\"ImageObject\",\"inLanguage\":\"lv-LV\",\"@id\":\"https:\/\/myindustrial.eu\/lv\/shop\/rupnieciskie-kontrolieri-dzoistiki-un-konsoles\/komandu-kontrolieri-dzelzcela-transportam-en-50155-un-en-45545\/bremzu-vilces-kontrolieris-tramvajs\/#primaryimage\",\"url\":\"https:\/\/myindustrial.eu\/wp-content\/uploads\/2022\/01\/Power-Brake-Switch-2.webp\",\"contentUrl\":\"https:\/\/myindustrial.eu\/wp-content\/uploads\/2022\/01\/Power-Brake-Switch-2.webp\",\"width\":500,\"height\":500},{\"@type\":\"BreadcrumbList\",\"@id\":\"https:\/\/myindustrial.eu\/lv\/shop\/rupnieciskie-kontrolieri-dzoistiki-un-konsoles\/komandu-kontrolieri-dzelzcela-transportam-en-50155-un-en-45545\/bremzu-vilces-kontrolieris-tramvajs\/#breadcrumb\",\"itemListElement\":[{\"@type\":\"ListItem\",\"position\":1,\"name\":\"Home\",\"item\":\"https:\/\/myindustrial.eu\/lv\/\"},{\"@type\":\"ListItem\",\"position\":2,\"name\":\"Products\",\"item\":\"https:\/\/myindustrial.eu\/lv\/products\/\"},{\"@type\":\"ListItem\",\"position\":3,\"name\":\"Brem\u017eu vilces kontrolieris \u2013 tramvajs\"}]},{\"@type\":\"WebSite\",\"@id\":\"https:\/\/myindustrial.eu\/lv\/#website\",\"url\":\"https:\/\/myindustrial.eu\/lv\/\",\"name\":\"My industrial\",\"description\":\"\",\"potentialAction\":[{\"@type\":\"SearchAction\",\"target\":{\"@type\":\"EntryPoint\",\"urlTemplate\":\"https:\/\/myindustrial.eu\/lv\/?s={search_term_string}\"},\"query-input\":{\"@type\":\"PropertyValueSpecification\",\"valueRequired\":true,\"valueName\":\"search_term_string\"}}],\"inLanguage\":\"lv-LV\"}]}<\/script>\n<!-- \/ Yoast SEO plugin. -->","yoast_head_json":{"title":"Brem\u017eu vilces kontrolieris \u2013 tramvajs - My industrial","robots":{"index":"index","follow":"follow","max-snippet":"max-snippet:-1","max-image-preview":"max-image-preview:large","max-video-preview":"max-video-preview:-1"},"canonical":"https:\/\/myindustrial.eu\/lv\/shop\/rupnieciskie-kontrolieri-dzoistiki-un-konsoles\/komandu-kontrolieri-dzelzcela-transportam-en-50155-un-en-45545\/bremzu-vilces-kontrolieris-tramvajs\/","og_locale":"lv_LV","og_type":"article","og_title":"Brem\u017eu vilces kontrolieris \u2013 tramvajs - My industrial","og_url":"https:\/\/myindustrial.eu\/lv\/shop\/rupnieciskie-kontrolieri-dzoistiki-un-konsoles\/komandu-kontrolieri-dzelzcela-transportam-en-50155-un-en-45545\/bremzu-vilces-kontrolieris-tramvajs\/","og_site_name":"My industrial","article_modified_time":"2023-06-16T20:15:47+00:00","og_image":[{"width":500,"height":500,"url":"https:\/\/myindustrial.eu\/wp-content\/uploads\/2022\/01\/Power-Brake-Switch-2.webp","type":"image\/webp"}],"twitter_card":"summary_large_image","schema":{"@context":"https:\/\/schema.org","@graph":[{"@type":"WebPage","@id":"https:\/\/myindustrial.eu\/lv\/shop\/rupnieciskie-kontrolieri-dzoistiki-un-konsoles\/komandu-kontrolieri-dzelzcela-transportam-en-50155-un-en-45545\/bremzu-vilces-kontrolieris-tramvajs\/","url":"https:\/\/myindustrial.eu\/lv\/shop\/rupnieciskie-kontrolieri-dzoistiki-un-konsoles\/komandu-kontrolieri-dzelzcela-transportam-en-50155-un-en-45545\/bremzu-vilces-kontrolieris-tramvajs\/","name":"Brem\u017eu vilces kontrolieris \u2013 tramvajs - My industrial","isPartOf":{"@id":"https:\/\/myindustrial.eu\/lv\/#website"},"primaryImageOfPage":{"@id":"https:\/\/myindustrial.eu\/lv\/shop\/rupnieciskie-kontrolieri-dzoistiki-un-konsoles\/komandu-kontrolieri-dzelzcela-transportam-en-50155-un-en-45545\/bremzu-vilces-kontrolieris-tramvajs\/#primaryimage"},"image":{"@id":"https:\/\/myindustrial.eu\/lv\/shop\/rupnieciskie-kontrolieri-dzoistiki-un-konsoles\/komandu-kontrolieri-dzelzcela-transportam-en-50155-un-en-45545\/bremzu-vilces-kontrolieris-tramvajs\/#primaryimage"},"thumbnailUrl":"https:\/\/myindustrial.eu\/wp-content\/uploads\/2022\/01\/Power-Brake-Switch-2.webp","datePublished":"2022-01-14T01:57:12+00:00","dateModified":"2023-06-16T20:15:47+00:00","breadcrumb":{"@id":"https:\/\/myindustrial.eu\/lv\/shop\/rupnieciskie-kontrolieri-dzoistiki-un-konsoles\/komandu-kontrolieri-dzelzcela-transportam-en-50155-un-en-45545\/bremzu-vilces-kontrolieris-tramvajs\/#breadcrumb"},"inLanguage":"lv-LV","potentialAction":[{"@type":"ReadAction","target":["https:\/\/myindustrial.eu\/lv\/shop\/rupnieciskie-kontrolieri-dzoistiki-un-konsoles\/komandu-kontrolieri-dzelzcela-transportam-en-50155-un-en-45545\/bremzu-vilces-kontrolieris-tramvajs\/"]}]},{"@type":"ImageObject","inLanguage":"lv-LV","@id":"https:\/\/myindustrial.eu\/lv\/shop\/rupnieciskie-kontrolieri-dzoistiki-un-konsoles\/komandu-kontrolieri-dzelzcela-transportam-en-50155-un-en-45545\/bremzu-vilces-kontrolieris-tramvajs\/#primaryimage","url":"https:\/\/myindustrial.eu\/wp-content\/uploads\/2022\/01\/Power-Brake-Switch-2.webp","contentUrl":"https:\/\/myindustrial.eu\/wp-content\/uploads\/2022\/01\/Power-Brake-Switch-2.webp","width":500,"height":500},{"@type":"BreadcrumbList","@id":"https:\/\/myindustrial.eu\/lv\/shop\/rupnieciskie-kontrolieri-dzoistiki-un-konsoles\/komandu-kontrolieri-dzelzcela-transportam-en-50155-un-en-45545\/bremzu-vilces-kontrolieris-tramvajs\/#breadcrumb","itemListElement":[{"@type":"ListItem","position":1,"name":"Home","item":"https:\/\/myindustrial.eu\/lv\/"},{"@type":"ListItem","position":2,"name":"Products","item":"https:\/\/myindustrial.eu\/lv\/products\/"},{"@type":"ListItem","position":3,"name":"Brem\u017eu vilces kontrolieris \u2013 tramvajs"}]},{"@type":"WebSite","@id":"https:\/\/myindustrial.eu\/lv\/#website","url":"https:\/\/myindustrial.eu\/lv\/","name":"My industrial","description":"","potentialAction":[{"@type":"SearchAction","target":{"@type":"EntryPoint","urlTemplate":"https:\/\/myindustrial.eu\/lv\/?s={search_term_string}"},"query-input":{"@type":"PropertyValueSpecification","valueRequired":true,"valueName":"search_term_string"}}],"inLanguage":"lv-LV"}]}},"_links":{"self":[{"href":"https:\/\/myindustrial.eu\/lv\/wp-json\/wp\/v2\/product\/1260059002","targetHints":{"allow":["GET"]}}],"collection":[{"href":"https:\/\/myindustrial.eu\/lv\/wp-json\/wp\/v2\/product"}],"about":[{"href":"https:\/\/myindustrial.eu\/lv\/wp-json\/wp\/v2\/types\/product"}],"version-history":[{"count":1,"href":"https:\/\/myindustrial.eu\/lv\/wp-json\/wp\/v2\/product\/1260059002\/revisions"}],"predecessor-version":[{"id":1260060118,"href":"https:\/\/myindustrial.eu\/lv\/wp-json\/wp\/v2\/product\/1260059002\/revisions\/1260060118"}],"wp:featuredmedia":[{"embeddable":true,"href":"https:\/\/myindustrial.eu\/lv\/wp-json\/wp\/v2\/media\/1260057938"}],"wp:attachment":[{"href":"https:\/\/myindustrial.eu\/lv\/wp-json\/wp\/v2\/media?parent=1260059002"}],"wp:term":[{"taxonomy":"product_brand","embeddable":true,"href":"https:\/\/myindustrial.eu\/lv\/wp-json\/wp\/v2\/product_brand?post=1260059002"},{"taxonomy":"product_cat","embeddable":true,"href":"https:\/\/myindustrial.eu\/lv\/wp-json\/wp\/v2\/product_cat?post=1260059002"},{"taxonomy":"product_tag","embeddable":true,"href":"https:\/\/myindustrial.eu\/lv\/wp-json\/wp\/v2\/product_tag?post=1260059002"}],"curies":[{"name":"wp","href":"https:\/\/api.w.org\/{rel}","templated":true}]}}